{"id":8399,"date":"2019-01-10T08:49:24","date_gmt":"2019-01-10T07:49:24","guid":{"rendered":"https:\/\/www.valledeegues.com\/?page_id=8399"},"modified":"2019-01-24T11:27:43","modified_gmt":"2019-01-24T10:27:43","slug":"categoria-1-eus","status":"publish","type":"page","link":"https:\/\/www.valledeegues.com\/eu\/convenios-y-normativa-general-eus\/categoria-1-eus\/","title":{"rendered":"categor\u00eda 1 EUS"},"content":{"rendered":"<?xml encoding=\"utf-8\" ?><p>[vc_row][vc_column][vc_column_text css=&rdquo;.vc_custom_1530101504198{margin-bottom: 0px !important;}&rdquo;]<\/p><h3>Bolsa de empleo\/Formaci&oacute;n\/Presupuestos\/Facturas\/Contratos:<\/h3><p>[\/vc_column_text][\/vc_column][\/vc_row][vc_row][vc_column width=&rdquo;1\/4&Prime;][mk_custom_sidebar sidebar=&rdquo;sidebar-18&Prime;][\/vc_column][vc_column width=&rdquo;3\/4&Prime;][vc_tabs style=&rdquo;simple&rdquo; el_class=&rdquo;anos_links&rdquo;][vc_tab icon=&rdquo;mk-icon-calendar&rdquo; title=&rdquo;2017&Prime; tab_id=&rdquo;1529918444-1-3515301102191261530110285022&Prime;][vc_column_text css=&rdquo;.vc_custom_1530109655978{margin-bottom: 0px !important;}&rdquo;]<\/p><h4>Indarrean:<\/h4><p>[\/vc_column_text][mk_custom_list style=&rdquo;mk-li-clip&rdquo;]<\/p><table style=\"height: 138px; width: 100%; border: 1px solid #b09a76; border-style: solid; border-color: #b09a76;\" border=\"1\">\n<tbody>\n<tr style=\"border: 1px solid #b09a76;\">\n<td style=\"width: 1.6863406408094435%; height: 12px;\">15\/06\/2018<\/td>\n<td style=\"width: 98.31365935919055%; height: 12px; text-align: left;\">\n<ul>\n<li><strong><a href=\"#\">Nombre del archivo<\/a><\/strong><\/li>\n<\/ul>\n<\/td>\n<\/tr>\n<tr style=\"border: 1px solid #b09a76;\">\n<td style=\"width: 1.6863406408094435%; height: 12px;\">15\/06\/2018<\/td>\n<td style=\"width: 98.31365935919055%; height: 10px; text-align: left;\">\n<ul>\n<li><strong><a href=\"#\">Nombre del archivo<\/a><\/strong><\/li>\n<\/ul>\n<\/td>\n<\/tr>\n<tr style=\"border: 1px solid #b09a76;\">\n<td style=\"width: 1.6863406408094435%; height: 12px;\">15\/06\/2018<\/td>\n<td style=\"width: 98.31365935919055%; height: 10px; text-align: left;\">\n<ul>\n<li><strong><a href=\"#\">Nombre del archivo<\/a><\/strong><\/li>\n<\/ul>\n<\/td>\n<\/tr>\n<\/tbody>\n<\/table><p>[\/mk_custom_list][vc_column_text css=&rdquo;.vc_custom_1530109711038{margin-bottom: 0px !important;}&rdquo;]<\/p><h4>Finalizados:<\/h4><p>[\/vc_column_text][mk_custom_list style=&rdquo;mk-li-clip&rdquo;]<\/p><table style=\"height: 138px; width: 100%; border: 1px solid #b09a76; border-style: solid; border-color: #b09a76;\" border=\"1\">\n<tbody>\n<tr style=\"border: 1px solid #b09a76;\">\n<td style=\"width: 1.6863406408094435%; height: 12px;\">15\/06\/2018<\/td>\n<td style=\"width: 98.31365935919055%; height: 12px; text-align: left;\">\n<ul>\n<li><strong><a href=\"#\">Nombre del archivo<\/a><\/strong><\/li>\n<\/ul>\n<\/td>\n<\/tr>\n<tr style=\"border: 1px solid #b09a76;\">\n<td style=\"width: 1.6863406408094435%; height: 12px;\">15\/06\/2018<\/td>\n<td style=\"width: 98.31365935919055%; height: 10px; text-align: left;\">\n<ul>\n<li><strong><a href=\"#\">Nombre del archivo<\/a><\/strong><\/li>\n<\/ul>\n<\/td>\n<\/tr>\n<tr style=\"border: 1px solid #b09a76;\">\n<td style=\"width: 1.6863406408094435%; height: 12px;\">15\/06\/2018<\/td>\n<td style=\"width: 98.31365935919055%; height: 10px; text-align: left;\">\n<ul>\n<li><strong><a href=\"#\">Nombre del archivo<\/a><\/strong><\/li>\n<\/ul>\n<\/td>\n<\/tr>\n<\/tbody>\n<\/table><p>[\/mk_custom_list][\/vc_tab][vc_tab icon=&rdquo;mk-icon-calendar&rdquo; title=&rdquo;2016&Prime; tab_id=&rdquo;1529918444-2-9315301102191261530110285022&Prime;][mk_custom_list style=&rdquo;mk-li-clip&rdquo;]<\/p><table style=\"height: 138px; width: 100%; border: 1px solid #b09a76; border-style: solid; border-color: #b09a76;\" border=\"1\">\n<tbody>\n<tr style=\"border: 1px solid #b09a76;\">\n<td style=\"width: 1.6863406408094435%; height: 12px;\">15\/06\/2018<\/td>\n<td style=\"width: 98.31365935919055%; height: 12px; text-align: left;\">\n<ul>\n<li><strong><a href=\"#\">Nombre del archivo<\/a><\/strong><\/li>\n<\/ul>\n<\/td>\n<\/tr>\n<tr style=\"border: 1px solid #b09a76;\">\n<td style=\"width: 1.6863406408094435%; height: 12px;\">15\/06\/2018<\/td>\n<td style=\"width: 98.31365935919055%; height: 10px; text-align: left;\">\n<ul>\n<li><strong><a href=\"#\">Nombre del archivo<\/a><\/strong><\/li>\n<\/ul>\n<\/td>\n<\/tr>\n<tr style=\"border: 1px solid #b09a76;\">\n<td style=\"width: 1.6863406408094435%; height: 12px;\">15\/06\/2018<\/td>\n<td style=\"width: 98.31365935919055%; height: 10px; text-align: left;\">\n<ul>\n<li><strong><a href=\"#\">Nombre del archivo<\/a><\/strong><\/li>\n<\/ul>\n<\/td>\n<\/tr>\n<\/tbody>\n<\/table><p>[\/mk_custom_list][\/vc_tab][\/vc_tabs][\/vc_column][\/vc_row]<\/p>\n","protected":false},"excerpt":{"rendered":"<p>[vc_row][vc_column][vc_column_text css=&rdquo;.vc_custom_1530101504198{margin-bottom: 0px !important;}&rdquo;]Bolsa de empleo\/Formaci&oacute;n\/Presupuestos\/Facturas\/Contratos:[\/vc_column_text][\/vc_column][\/vc_row][vc_row][vc_column width=&rdquo;1\/4&Prime;][mk_custom_sidebar sidebar=&rdquo;sidebar-18&Prime;][\/vc_column][vc_column width=&rdquo;3\/4&Prime;][vc_tabs style=&rdquo;simple&rdquo; el_class=&rdquo;anos_links&rdquo;][vc_tab icon=&rdquo;mk-icon-calendar&rdquo; title=&rdquo;2017&Prime; tab_id=&rdquo;1529918444-1-3515301102191261530110285022&Prime;][vc_column_text css=&rdquo;.vc_custom_1530109655978{margin-bottom: 0px !important;}&rdquo;]Indarrean:[\/vc_column_text][mk_custom_list style=&rdquo;mk-li-clip&rdquo;] 15\/06\/2018 Nombre del archivo 15\/06\/2018 Nombre del archivo 15\/06\/2018 Nombre del archivo [\/mk_custom_list][vc_column_text css=&rdquo;.vc_custom_1530109711038{margin-bottom: 0px !important;}&rdquo;]Finalizados:[\/vc_column_text][mk_custom_list style=&rdquo;mk-li-clip&rdquo;] 15\/06\/2018 Nombre del archivo 15\/06\/2018 Nombre del archivo 15\/06\/2018 Nombre del archivo [\/mk_custom_list][\/vc_tab][vc_tab icon=&rdquo;mk-icon-calendar&rdquo; title=&rdquo;2016&Prime; tab_id=&rdquo;1529918444-2-9315301102191261530110285022&Prime;][mk_custom_list style=&rdquo;mk-li-clip&rdquo;] 15\/06\/2018 Nombre del [&hellip;]<\/p>\n","protected":false},"author":2,"featured_media":0,"parent":8206,"menu_order":0,"comment_status":"closed","ping_status":"closed","template":"","meta":{"footnotes":""},"class_list":["post-8399","page","type-page","status-publish","hentry"],"yoast_head":"<!-- This site is optimized with the Yoast SEO plugin v27.5 - https:\/\/yoast.com\/product\/yoast-seo-wordpress\/ -->\r\n<title>categor\u00eda 1 EUS - Ayuntamiento Valle de Eg\u00fc\u00e9s | Eguesibarko Udala<\/title>\r\n<meta name=\"robots\" content=\"index, follow, max-snippet:-1, max-image-preview:large, max-video-preview:-1\" \/>\r\n<link rel=\"canonical\" href=\"https:\/\/www.valledeegues.com\/eu\/convenios-y-normativa-general-eus\/categoria-1-eus\/\" \/>\r\n<meta property=\"og:locale\" content=\"eu_ES\" \/>\r\n<meta property=\"og:type\" content=\"article\" \/>\r\n<meta property=\"og:title\" content=\"categor\u00eda 1 EUS - Ayuntamiento Valle de Eg\u00fc\u00e9s | Eguesibarko Udala\" \/>\r\n<meta property=\"og:description\" content=\"[vc_row][vc_column][vc_column_text css=&rdquo;.vc_custom_1530101504198{margin-bottom: 0px !important;}&rdquo;]Bolsa de empleo\/Formaci&oacute;n\/Presupuestos\/Facturas\/Contratos:[\/vc_column_text][\/vc_column][\/vc_row][vc_row][vc_column width=&rdquo;1\/4&Prime;][mk_custom_sidebar sidebar=&rdquo;sidebar-18&Prime;][\/vc_column][vc_column width=&rdquo;3\/4&Prime;][vc_tabs style=&rdquo;simple&rdquo; el_class=&rdquo;anos_links&rdquo;][vc_tab icon=&rdquo;mk-icon-calendar&rdquo; title=&rdquo;2017&Prime; tab_id=&rdquo;1529918444-1-3515301102191261530110285022&Prime;][vc_column_text css=&rdquo;.vc_custom_1530109655978{margin-bottom: 0px !important;}&rdquo;]Indarrean:[\/vc_column_text][mk_custom_list style=&rdquo;mk-li-clip&rdquo;] 15\/06\/2018 Nombre del archivo 15\/06\/2018 Nombre del archivo 15\/06\/2018 Nombre del archivo [\/mk_custom_list][vc_column_text css=&rdquo;.vc_custom_1530109711038{margin-bottom: 0px !important;}&rdquo;]Finalizados:[\/vc_column_text][mk_custom_list style=&rdquo;mk-li-clip&rdquo;] 15\/06\/2018 Nombre del archivo 15\/06\/2018 Nombre del archivo 15\/06\/2018 Nombre del archivo [\/mk_custom_list][\/vc_tab][vc_tab icon=&rdquo;mk-icon-calendar&rdquo; title=&rdquo;2016&Prime; tab_id=&rdquo;1529918444-2-9315301102191261530110285022&Prime;][mk_custom_list style=&rdquo;mk-li-clip&rdquo;] 15\/06\/2018 Nombre del [&hellip;]\" \/>\r\n<meta property=\"og:url\" content=\"https:\/\/www.valledeegues.com\/eu\/convenios-y-normativa-general-eus\/categoria-1-eus\/\" \/>\r\n<meta property=\"og:site_name\" content=\"Ayuntamiento Valle de Eg\u00fc\u00e9s | Eguesibarko Udala\" \/>\r\n<meta property=\"article:publisher\" content=\"https:\/\/www.facebook.com\/EguesEguesibar\" \/>\r\n<meta property=\"article:modified_time\" content=\"2019-01-24T10:27:43+00:00\" \/>\r\n<meta name=\"twitter:card\" content=\"summary_large_image\" \/>\r\n<meta name=\"twitter:site\" content=\"@AValledeEgues\" \/>\r\n<meta name=\"twitter:label1\" content=\"Est. reading time\" \/>\n\t<meta name=\"twitter:data1\" content=\"1 minute\" \/>\r\n<script type=\"application\/ld+json\" class=\"yoast-schema-graph\">{\"@context\":\"https:\\\/\\\/schema.org\",\"@graph\":[{\"@type\":\"WebPage\",\"@id\":\"https:\\\/\\\/www.valledeegues.com\\\/eu\\\/convenios-y-normativa-general-eus\\\/categoria-1-eus\\\/\",\"url\":\"https:\\\/\\\/www.valledeegues.com\\\/eu\\\/convenios-y-normativa-general-eus\\\/categoria-1-eus\\\/\",\"name\":\"categor\u00eda 1 EUS - Ayuntamiento Valle de Eg\u00fc\u00e9s | Eguesibarko Udala\",\"isPartOf\":{\"@id\":\"https:\\\/\\\/www.valledeegues.com\\\/eu\\\/#website\"},\"datePublished\":\"2019-01-10T07:49:24+00:00\",\"dateModified\":\"2019-01-24T10:27:43+00:00\",\"breadcrumb\":{\"@id\":\"https:\\\/\\\/www.valledeegues.com\\\/eu\\\/convenios-y-normativa-general-eus\\\/categoria-1-eus\\\/#breadcrumb\"},\"inLanguage\":\"eu-ES\",\"potentialAction\":[{\"@type\":\"ReadAction\",\"target\":[\"https:\\\/\\\/www.valledeegues.com\\\/eu\\\/convenios-y-normativa-general-eus\\\/categoria-1-eus\\\/\"]}]},{\"@type\":\"BreadcrumbList\",\"@id\":\"https:\\\/\\\/www.valledeegues.com\\\/eu\\\/convenios-y-normativa-general-eus\\\/categoria-1-eus\\\/#breadcrumb\",\"itemListElement\":[{\"@type\":\"ListItem\",\"position\":1,\"name\":\"Azala\",\"item\":\"https:\\\/\\\/www.valledeegues.com\\\/eu\\\/\"},{\"@type\":\"ListItem\",\"position\":2,\"name\":\"Convenios y normativa general EUS\",\"item\":\"https:\\\/\\\/www.valledeegues.com\\\/eu\\\/convenios-y-normativa-general-eus\\\/\"},{\"@type\":\"ListItem\",\"position\":3,\"name\":\"categor\u00eda 1 EUS\"}]},{\"@type\":\"WebSite\",\"@id\":\"https:\\\/\\\/www.valledeegues.com\\\/eu\\\/#website\",\"url\":\"https:\\\/\\\/www.valledeegues.com\\\/eu\\\/\",\"name\":\"Ayuntamiento Valle de Eg\u00fc\u00e9s | Eguesibarko Udala\",\"description\":\"Ayuntamiento Valle de Eg\u00fc\u00e9s | Eguesibarko Udala\",\"publisher\":{\"@id\":\"https:\\\/\\\/www.valledeegues.com\\\/eu\\\/#organization\"},\"potentialAction\":[{\"@type\":\"SearchAction\",\"target\":{\"@type\":\"EntryPoint\",\"urlTemplate\":\"https:\\\/\\\/www.valledeegues.com\\\/eu\\\/?s={search_term_string}\"},\"query-input\":{\"@type\":\"PropertyValueSpecification\",\"valueRequired\":true,\"valueName\":\"search_term_string\"}}],\"inLanguage\":\"eu-ES\"},{\"@type\":\"Organization\",\"@id\":\"https:\\\/\\\/www.valledeegues.com\\\/eu\\\/#organization\",\"name\":\"Ayuntamiento Valle de Egues\",\"url\":\"https:\\\/\\\/www.valledeegues.com\\\/eu\\\/\",\"logo\":{\"@type\":\"ImageObject\",\"inLanguage\":\"eu-ES\",\"@id\":\"https:\\\/\\\/www.valledeegues.com\\\/eu\\\/#\\\/schema\\\/logo\\\/image\\\/\",\"url\":\"https:\\\/\\\/www.valledeegues.com\\\/wp-content\\\/uploads\\\/2019\\\/06\\\/logo-egues-escudo.svg\",\"contentUrl\":\"https:\\\/\\\/www.valledeegues.com\\\/wp-content\\\/uploads\\\/2019\\\/06\\\/logo-egues-escudo.svg\",\"width\":529,\"height\":125,\"caption\":\"Ayuntamiento Valle de Egues\"},\"image\":{\"@id\":\"https:\\\/\\\/www.valledeegues.com\\\/eu\\\/#\\\/schema\\\/logo\\\/image\\\/\"},\"sameAs\":[\"https:\\\/\\\/www.facebook.com\\\/EguesEguesibar\",\"https:\\\/\\\/x.com\\\/AValledeEgues\",\"https:\\\/\\\/www.youtube.com\\\/channel\\\/UCUPvmkTy56ZAhGTVrzg4uDQ\"]}]}<\/script>\r\n<!-- \/ Yoast SEO plugin. -->","yoast_head_json":{"title":"categor\u00eda 1 EUS - Ayuntamiento Valle de Eg\u00fc\u00e9s | Eguesibarko Udala","robots":{"index":"index","follow":"follow","max-snippet":"max-snippet:-1","max-image-preview":"max-image-preview:large","max-video-preview":"max-video-preview:-1"},"canonical":"https:\/\/www.valledeegues.com\/eu\/convenios-y-normativa-general-eus\/categoria-1-eus\/","og_locale":"eu_ES","og_type":"article","og_title":"categor\u00eda 1 EUS - Ayuntamiento Valle de Eg\u00fc\u00e9s | Eguesibarko Udala","og_description":"[vc_row][vc_column][vc_column_text css=&rdquo;.vc_custom_1530101504198{margin-bottom: 0px !important;}&rdquo;]Bolsa de empleo\/Formaci&oacute;n\/Presupuestos\/Facturas\/Contratos:[\/vc_column_text][\/vc_column][\/vc_row][vc_row][vc_column width=&rdquo;1\/4&Prime;][mk_custom_sidebar sidebar=&rdquo;sidebar-18&Prime;][\/vc_column][vc_column width=&rdquo;3\/4&Prime;][vc_tabs style=&rdquo;simple&rdquo; el_class=&rdquo;anos_links&rdquo;][vc_tab icon=&rdquo;mk-icon-calendar&rdquo; title=&rdquo;2017&Prime; tab_id=&rdquo;1529918444-1-3515301102191261530110285022&Prime;][vc_column_text css=&rdquo;.vc_custom_1530109655978{margin-bottom: 0px !important;}&rdquo;]Indarrean:[\/vc_column_text][mk_custom_list style=&rdquo;mk-li-clip&rdquo;] 15\/06\/2018 Nombre del archivo 15\/06\/2018 Nombre del archivo 15\/06\/2018 Nombre del archivo [\/mk_custom_list][vc_column_text css=&rdquo;.vc_custom_1530109711038{margin-bottom: 0px !important;}&rdquo;]Finalizados:[\/vc_column_text][mk_custom_list style=&rdquo;mk-li-clip&rdquo;] 15\/06\/2018 Nombre del archivo 15\/06\/2018 Nombre del archivo 15\/06\/2018 Nombre del archivo [\/mk_custom_list][\/vc_tab][vc_tab icon=&rdquo;mk-icon-calendar&rdquo; title=&rdquo;2016&Prime; tab_id=&rdquo;1529918444-2-9315301102191261530110285022&Prime;][mk_custom_list style=&rdquo;mk-li-clip&rdquo;] 15\/06\/2018 Nombre del [&hellip;]","og_url":"https:\/\/www.valledeegues.com\/eu\/convenios-y-normativa-general-eus\/categoria-1-eus\/","og_site_name":"Ayuntamiento Valle de Eg\u00fc\u00e9s | Eguesibarko Udala","article_publisher":"https:\/\/www.facebook.com\/EguesEguesibar","article_modified_time":"2019-01-24T10:27:43+00:00","twitter_card":"summary_large_image","twitter_site":"@AValledeEgues","twitter_misc":{"Est. reading time":"1 minute"},"schema":{"@context":"https:\/\/schema.org","@graph":[{"@type":"WebPage","@id":"https:\/\/www.valledeegues.com\/eu\/convenios-y-normativa-general-eus\/categoria-1-eus\/","url":"https:\/\/www.valledeegues.com\/eu\/convenios-y-normativa-general-eus\/categoria-1-eus\/","name":"categor\u00eda 1 EUS - Ayuntamiento Valle de Eg\u00fc\u00e9s | Eguesibarko Udala","isPartOf":{"@id":"https:\/\/www.valledeegues.com\/eu\/#website"},"datePublished":"2019-01-10T07:49:24+00:00","dateModified":"2019-01-24T10:27:43+00:00","breadcrumb":{"@id":"https:\/\/www.valledeegues.com\/eu\/convenios-y-normativa-general-eus\/categoria-1-eus\/#breadcrumb"},"inLanguage":"eu-ES","potentialAction":[{"@type":"ReadAction","target":["https:\/\/www.valledeegues.com\/eu\/convenios-y-normativa-general-eus\/categoria-1-eus\/"]}]},{"@type":"BreadcrumbList","@id":"https:\/\/www.valledeegues.com\/eu\/convenios-y-normativa-general-eus\/categoria-1-eus\/#breadcrumb","itemListElement":[{"@type":"ListItem","position":1,"name":"Azala","item":"https:\/\/www.valledeegues.com\/eu\/"},{"@type":"ListItem","position":2,"name":"Convenios y normativa general EUS","item":"https:\/\/www.valledeegues.com\/eu\/convenios-y-normativa-general-eus\/"},{"@type":"ListItem","position":3,"name":"categor\u00eda 1 EUS"}]},{"@type":"WebSite","@id":"https:\/\/www.valledeegues.com\/eu\/#website","url":"https:\/\/www.valledeegues.com\/eu\/","name":"Ayuntamiento Valle de Eg\u00fc\u00e9s | Eguesibarko Udala","description":"Ayuntamiento Valle de Eg\u00fc\u00e9s | Eguesibarko Udala","publisher":{"@id":"https:\/\/www.valledeegues.com\/eu\/#organization"},"potentialAction":[{"@type":"SearchAction","target":{"@type":"EntryPoint","urlTemplate":"https:\/\/www.valledeegues.com\/eu\/?s={search_term_string}"},"query-input":{"@type":"PropertyValueSpecification","valueRequired":true,"valueName":"search_term_string"}}],"inLanguage":"eu-ES"},{"@type":"Organization","@id":"https:\/\/www.valledeegues.com\/eu\/#organization","name":"Ayuntamiento Valle de Egues","url":"https:\/\/www.valledeegues.com\/eu\/","logo":{"@type":"ImageObject","inLanguage":"eu-ES","@id":"https:\/\/www.valledeegues.com\/eu\/#\/schema\/logo\/image\/","url":"https:\/\/www.valledeegues.com\/wp-content\/uploads\/2019\/06\/logo-egues-escudo.svg","contentUrl":"https:\/\/www.valledeegues.com\/wp-content\/uploads\/2019\/06\/logo-egues-escudo.svg","width":529,"height":125,"caption":"Ayuntamiento Valle de Egues"},"image":{"@id":"https:\/\/www.valledeegues.com\/eu\/#\/schema\/logo\/image\/"},"sameAs":["https:\/\/www.facebook.com\/EguesEguesibar","https:\/\/x.com\/AValledeEgues","https:\/\/www.youtube.com\/channel\/UCUPvmkTy56ZAhGTVrzg4uDQ"]}]}},"_links":{"self":[{"href":"https:\/\/www.valledeegues.com\/eu\/wp-json\/wp\/v2\/pages\/8399","targetHints":{"allow":["GET"]}}],"collection":[{"href":"https:\/\/www.valledeegues.com\/eu\/wp-json\/wp\/v2\/pages"}],"about":[{"href":"https:\/\/www.valledeegues.com\/eu\/wp-json\/wp\/v2\/types\/page"}],"author":[{"embeddable":true,"href":"https:\/\/www.valledeegues.com\/eu\/wp-json\/wp\/v2\/users\/2"}],"replies":[{"embeddable":true,"href":"https:\/\/www.valledeegues.com\/eu\/wp-json\/wp\/v2\/comments?post=8399"}],"version-history":[{"count":3,"href":"https:\/\/www.valledeegues.com\/eu\/wp-json\/wp\/v2\/pages\/8399\/revisions"}],"predecessor-version":[{"id":8766,"href":"https:\/\/www.valledeegues.com\/eu\/wp-json\/wp\/v2\/pages\/8399\/revisions\/8766"}],"up":[{"embeddable":true,"href":"https:\/\/www.valledeegues.com\/eu\/wp-json\/wp\/v2\/pages\/8206"}],"wp:attachment":[{"href":"https:\/\/www.valledeegues.com\/eu\/wp-json\/wp\/v2\/media?parent=8399"}],"curies":[{"name":"wp","href":"https:\/\/api.w.org\/{rel}","templated":true}]}}