{"id":8360,"date":"2018-07-02T14:04:11","date_gmt":"2018-07-02T12:04:11","guid":{"rendered":"https:\/\/www.valledeegues.com\/?page_id=8360"},"modified":"2019-07-10T11:27:25","modified_gmt":"2019-07-10T09:27:25","slug":"normativa-por-areas","status":"publish","type":"page","link":"https:\/\/www.valledeegues.com\/eu\/normativa-por-areas\/","title":{"rendered":"NORMATIVA POR \u00c1REAS"},"content":{"rendered":"<p>[vc_row][vc_column][mk_fancy_title font_family=&#8221;none&#8221;]<\/p>\n<h2>FISKALAK<\/h2>\n<p>[\/mk_fancy_title][vc_tabs heading_title=&#8221;TASAK&#8221; orientation=&#8221;vertical&#8221;][vc_tab icon=&#8221;mk-li-file&#8221; title=&#8221;Esku-hartze jardueren arabera&#8221; tab_id=&#8221;1562669567605-2-3&#8243;][vc_column_text css=&#8221;.vc_custom_1562750508204{margin-bottom: 0px !important;}&#8221;][normativa_egues categorias=&#8221;esku-hartze-jardueren-arabera&#8221;][\/vc_column_text][\/vc_tab][vc_tab icon=&#8221;mk-li-file&#8221; title=&#8221;Udal ondarearen erabileraren arabera&#8221; tab_id=&#8221;1562669549195-0-9&#8243;][vc_column_text css=&#8221;.vc_custom_1562750531840{margin-bottom: 0px !important;}&#8221;][normativa_egues categorias=&#8221;udal-ondarearen-erabileraren-arabera2&#8243;][\/vc_column_text][\/vc_tab][vc_tab icon=&#8221;mk-li-file&#8221; title=&#8221;Zerbitzu-emankizunen arabera&#8221; tab_id=&#8221;1562669549174-0-7&#8243;][vc_column_text css=&#8221;.vc_custom_1562750571170{margin-bottom: 0px !important;}&#8221;][normativa_egues categorias=&#8221;zerbitzu-emankizunen-arabera2&#8243;][\/vc_column_text][\/vc_tab][\/vc_tabs][vc_tabs heading_title=&#8221;PREZIO PUBLIKOAK&#8221; orientation=&#8221;vertical&#8221;][vc_tab icon=&#8221;mk-li-file&#8221; title=&#8221;Udal ondarearen erabileraren arabera&#8221; tab_id=&#8221;1562663099-2-18&#8243;][vc_column_text css=&#8221;.vc_custom_1562750605102{margin-bottom: 0px !important;}&#8221;]<span style=\"caret-color: #000000; color: #000000; font-family: -webkit-standard; font-size: medium;\">[normativa_egues categorias=&#8221;udal-ondarearen-erabileraren-arabera&#8221;]<\/span>[\/vc_column_text][\/vc_tab][vc_tab icon=&#8221;mk-li-file&#8221; title=&#8221;Zerbitzu-emankizunen arabera&#8221; tab_id=&#8221;1562663099-1-56&#8243;][vc_column_text css=&#8221;.vc_custom_1562750634802{margin-bottom: 0px !important;}&#8221;][normativa_egues categorias=&#8221;zerbitzu-emankizunen-arabera&#8221;][\/vc_column_text][\/vc_tab][\/vc_tabs][mk_fancy_title font_family=&#8221;none&#8221;]<\/p>\n<h2>EZ FISKALAK<\/h2>\n<p>[\/mk_fancy_title][vc_tabs orientation=&#8221;vertical&#8221;][vc_tab icon=&#8221;mk-li-file&#8221; title=&#8221;Barne-Antolamendua&#8221; tab_id=&#8221;1562670454176-0-10&#8243;][vc_column_text css=&#8221;.vc_custom_1562750670689{margin-bottom: 0px !important;}&#8221;][normativa_egues categorias=&#8221;barne-antolamendua&#8221;][\/vc_column_text][\/vc_tab][vc_tab icon=&#8221;mk-li-file&#8221; title=&#8221;Herritarren Parte-hartzea&#8221; tab_id=&#8221;1562670454189-0-5&#8243;][vc_column_text css=&#8221;.vc_custom_1562750690005{margin-bottom: 0px !important;}&#8221;]<span style=\"caret-color: #000000; color: #000000; font-family: -webkit-standard; font-size: medium;\">[normativa_egues categorias=&#8221;herritarren-parte-hartzea&#8221;]<\/span>[\/vc_column_text][\/vc_tab][vc_tab icon=&#8221;mk-li-file&#8221; title=&#8221;Herritarren jardueran esku-hartzea&#8221; tab_id=&#8221;1562670454212-0-3&#8243;][vc_column_text css=&#8221;.vc_custom_1562750715296{margin-bottom: 0px !important;}&#8221;]<span style=\"font-family: -webkit-standard; caret-color: #000000; color: #000000; font-size: medium;\">[normativa_egues categorias=&#8221;herritarren-jardueran-esku-hartzea&#8221;]<\/span>[\/vc_column_text][\/vc_tab][vc_tab icon=&#8221;mk-li-file&#8221; title=&#8221;Osasuna, segurtasuna, ibilgailuen eta jendearen trafikoa&#8221; tab_id=&#8221;1562670542389-3-10&#8243;][vc_column_text css=&#8221;.vc_custom_1562750739809{margin-bottom: 0px !important;}&#8221;][normativa_egues categorias=&#8221;osasuna-segurtasuna-ibilgailuen-eta-jendearen-trafikoa&#8221;][\/vc_column_text][\/vc_tab][vc_tab icon=&#8221;mk-li-file&#8221; title=&#8221;Udal-ondarearen erabilera&#8221; tab_id=&#8221;1562670557026-4-1&#8243;][vc_column_text css=&#8221;.vc_custom_1562750765977{margin-bottom: 0px !important;}&#8221;][normativa_egues categorias=&#8221;udal-ondarearen-erabilera&#8221;][\/vc_column_text][\/vc_tab][vc_tab icon=&#8221;mk-li-file&#8221; title=&#8221;Zerbitzu-emankizuna&#8221; tab_id=&#8221;1562670573192-5-10&#8243;][vc_column_text css=&#8221;.vc_custom_1562750786969{margin-bottom: 0px !important;}&#8221;][normativa_egues categorias=&#8221;zerbitzu-emankizuna&#8221;][\/vc_column_text][\/vc_tab][vc_tab icon=&#8221;mk-li-file&#8221; title=&#8221;Euskara&#8221; tab_id=&#8221;1562670585747-6-6&#8243;][vc_column_text css=&#8221;.vc_custom_1562750799785{margin-bottom: 0px !important;}&#8221;]<span style=\"font-family: -webkit-standard; caret-color: #000000; color: #000000; font-size: medium;\">[normativa_egues categorias=&#8221;euskara&#8221;]<\/span>[\/vc_column_text][\/vc_tab][vc_tab icon=&#8221;mk-li-file&#8221; title=&#8221;Administrazio Elektronikoa&#8221; tab_id=&#8221;1562670599045-7-7&#8243;][vc_column_text css=&#8221;.vc_custom_1562750818594{margin-bottom: 0px !important;}&#8221;][normativa_egues categorias=&#8221;administrazio-elektronikoa&#8221;][\/vc_column_text][\/vc_tab][vc_tab icon=&#8221;mk-li-file&#8221; title=&#8221;Berdintasuna&#8221; tab_id=&#8221;1562670611993-8-8&#8243;][vc_column_text css=&#8221;.vc_custom_1562750837911{margin-bottom: 0px !important;}&#8221;][normativa_egues categorias=&#8221;berdintasuna&#8221;][\/vc_column_text][\/vc_tab][\/vc_tabs][\/vc_column][\/vc_row]<\/p>\n","protected":false},"excerpt":{"rendered":"<p>[vc_row][vc_column][mk_fancy_title font_family=&#8221;none&#8221;] FISKALAK [\/mk_fancy_title][vc_tabs heading_title=&#8221;TASAK&#8221; orientation=&#8221;vertical&#8221;][vc_tab icon=&#8221;mk-li-file&#8221; title=&#8221;Esku-hartze jardueren arabera&#8221; tab_id=&#8221;1562669567605-2-3&#8243;][vc_column_text css=&#8221;.vc_custom_1562750508204{margin-bottom: 0px !important;}&#8221;][normativa_egues categorias=&#8221;esku-hartze-jardueren-arabera&#8221;][\/vc_column_text][\/vc_tab][vc_tab icon=&#8221;mk-li-file&#8221; title=&#8221;Udal ondarearen erabileraren arabera&#8221; tab_id=&#8221;1562669549195-0-9&#8243;][vc_column_text css=&#8221;.vc_custom_1562750531840{margin-bottom: 0px !important;}&#8221;][normativa_egues categorias=&#8221;udal-ondarearen-erabileraren-arabera2&#8243;][\/vc_column_text][\/vc_tab][vc_tab icon=&#8221;mk-li-file&#8221; title=&#8221;Zerbitzu-emankizunen arabera&#8221; tab_id=&#8221;1562669549174-0-7&#8243;][vc_column_text css=&#8221;.vc_custom_1562750571170{margin-bottom: 0px !important;}&#8221;][normativa_egues categorias=&#8221;zerbitzu-emankizunen-arabera2&#8243;][\/vc_column_text][\/vc_tab][\/vc_tabs][vc_tabs heading_title=&#8221;PREZIO PUBLIKOAK&#8221; orientation=&#8221;vertical&#8221;][vc_tab icon=&#8221;mk-li-file&#8221; title=&#8221;Udal ondarearen erabileraren arabera&#8221; tab_id=&#8221;1562663099-2-18&#8243;][vc_column_text css=&#8221;.vc_custom_1562750605102{margin-bottom: 0px !important;}&#8221;][normativa_egues categorias=&#8221;udal-ondarearen-erabileraren-arabera&#8221;][\/vc_column_text][\/vc_tab][vc_tab icon=&#8221;mk-li-file&#8221; title=&#8221;Zerbitzu-emankizunen arabera&#8221; tab_id=&#8221;1562663099-1-56&#8243;][vc_column_text css=&#8221;.vc_custom_1562750634802{margin-bottom: 0px !important;}&#8221;][normativa_egues categorias=&#8221;zerbitzu-emankizunen-arabera&#8221;][\/vc_column_text][\/vc_tab][\/vc_tabs][mk_fancy_title font_family=&#8221;none&#8221;] [&hellip;]<\/p>\n","protected":false},"author":2,"featured_media":0,"parent":0,"menu_order":0,"comment_status":"closed","ping_status":"closed","template":"","meta":{"footnotes":""},"class_list":["post-8360","page","type-page","status-publish","hentry"],"yoast_head":"<!-- This site is optimized with the Yoast SEO plugin v27.5 - https:\/\/yoast.com\/product\/yoast-seo-wordpress\/ -->\r\n<title>NORMATIVA POR \u00c1REAS - Ayuntamiento Valle de Eg\u00fc\u00e9s | Eguesibarko Udala<\/title>\r\n<meta name=\"robots\" content=\"index, follow, max-snippet:-1, max-image-preview:large, max-video-preview:-1\" \/>\r\n<link rel=\"canonical\" href=\"https:\/\/www.valledeegues.com\/eu\/normativa-por-areas\/\" \/>\r\n<meta property=\"og:locale\" content=\"eu_ES\" \/>\r\n<meta property=\"og:type\" content=\"article\" \/>\r\n<meta property=\"og:title\" content=\"NORMATIVA POR \u00c1REAS - Ayuntamiento Valle de Eg\u00fc\u00e9s | Eguesibarko Udala\" \/>\r\n<meta property=\"og:description\" content=\"[vc_row][vc_column][mk_fancy_title font_family=&#8221;none&#8221;] FISKALAK [\/mk_fancy_title][vc_tabs heading_title=&#8221;TASAK&#8221; orientation=&#8221;vertical&#8221;][vc_tab icon=&#8221;mk-li-file&#8221; title=&#8221;Esku-hartze jardueren arabera&#8221; tab_id=&#8221;1562669567605-2-3&#8243;][vc_column_text css=&#8221;.vc_custom_1562750508204{margin-bottom: 0px !important;}&#8221;][normativa_egues categorias=&#8221;esku-hartze-jardueren-arabera&#8221;][\/vc_column_text][\/vc_tab][vc_tab icon=&#8221;mk-li-file&#8221; title=&#8221;Udal ondarearen erabileraren arabera&#8221; tab_id=&#8221;1562669549195-0-9&#8243;][vc_column_text css=&#8221;.vc_custom_1562750531840{margin-bottom: 0px !important;}&#8221;][normativa_egues categorias=&#8221;udal-ondarearen-erabileraren-arabera2&#8243;][\/vc_column_text][\/vc_tab][vc_tab icon=&#8221;mk-li-file&#8221; title=&#8221;Zerbitzu-emankizunen arabera&#8221; tab_id=&#8221;1562669549174-0-7&#8243;][vc_column_text css=&#8221;.vc_custom_1562750571170{margin-bottom: 0px !important;}&#8221;][normativa_egues categorias=&#8221;zerbitzu-emankizunen-arabera2&#8243;][\/vc_column_text][\/vc_tab][\/vc_tabs][vc_tabs heading_title=&#8221;PREZIO PUBLIKOAK&#8221; orientation=&#8221;vertical&#8221;][vc_tab icon=&#8221;mk-li-file&#8221; title=&#8221;Udal ondarearen erabileraren arabera&#8221; tab_id=&#8221;1562663099-2-18&#8243;][vc_column_text css=&#8221;.vc_custom_1562750605102{margin-bottom: 0px !important;}&#8221;][normativa_egues categorias=&#8221;udal-ondarearen-erabileraren-arabera&#8221;][\/vc_column_text][\/vc_tab][vc_tab icon=&#8221;mk-li-file&#8221; title=&#8221;Zerbitzu-emankizunen arabera&#8221; tab_id=&#8221;1562663099-1-56&#8243;][vc_column_text css=&#8221;.vc_custom_1562750634802{margin-bottom: 0px !important;}&#8221;][normativa_egues categorias=&#8221;zerbitzu-emankizunen-arabera&#8221;][\/vc_column_text][\/vc_tab][\/vc_tabs][mk_fancy_title font_family=&#8221;none&#8221;] [&hellip;]\" \/>\r\n<meta property=\"og:url\" content=\"https:\/\/www.valledeegues.com\/eu\/normativa-por-areas\/\" \/>\r\n<meta property=\"og:site_name\" content=\"Ayuntamiento Valle de Eg\u00fc\u00e9s | Eguesibarko Udala\" \/>\r\n<meta property=\"article:publisher\" content=\"https:\/\/www.facebook.com\/EguesEguesibar\" \/>\r\n<meta property=\"article:modified_time\" content=\"2019-07-10T09:27:25+00:00\" \/>\r\n<meta name=\"twitter:card\" content=\"summary_large_image\" \/>\r\n<meta name=\"twitter:site\" content=\"@AValledeEgues\" \/>\r\n<meta name=\"twitter:label1\" content=\"Est. reading time\" \/>\n\t<meta name=\"twitter:data1\" content=\"2 minutes\" \/>\r\n<script type=\"application\/ld+json\" class=\"yoast-schema-graph\">{\"@context\":\"https:\\\/\\\/schema.org\",\"@graph\":[{\"@type\":\"WebPage\",\"@id\":\"https:\\\/\\\/www.valledeegues.com\\\/eu\\\/normativa-por-areas\\\/\",\"url\":\"https:\\\/\\\/www.valledeegues.com\\\/eu\\\/normativa-por-areas\\\/\",\"name\":\"NORMATIVA POR \u00c1REAS - Ayuntamiento Valle de Eg\u00fc\u00e9s | Eguesibarko Udala\",\"isPartOf\":{\"@id\":\"https:\\\/\\\/www.valledeegues.com\\\/eu\\\/#website\"},\"datePublished\":\"2018-07-02T12:04:11+00:00\",\"dateModified\":\"2019-07-10T09:27:25+00:00\",\"breadcrumb\":{\"@id\":\"https:\\\/\\\/www.valledeegues.com\\\/eu\\\/normativa-por-areas\\\/#breadcrumb\"},\"inLanguage\":\"eu-ES\",\"potentialAction\":[{\"@type\":\"ReadAction\",\"target\":[\"https:\\\/\\\/www.valledeegues.com\\\/eu\\\/normativa-por-areas\\\/\"]}]},{\"@type\":\"BreadcrumbList\",\"@id\":\"https:\\\/\\\/www.valledeegues.com\\\/eu\\\/normativa-por-areas\\\/#breadcrumb\",\"itemListElement\":[{\"@type\":\"ListItem\",\"position\":1,\"name\":\"Azala\",\"item\":\"https:\\\/\\\/www.valledeegues.com\\\/eu\\\/\"},{\"@type\":\"ListItem\",\"position\":2,\"name\":\"NORMATIVA POR \u00c1REAS\"}]},{\"@type\":\"WebSite\",\"@id\":\"https:\\\/\\\/www.valledeegues.com\\\/eu\\\/#website\",\"url\":\"https:\\\/\\\/www.valledeegues.com\\\/eu\\\/\",\"name\":\"Ayuntamiento Valle de Eg\u00fc\u00e9s | Eguesibarko Udala\",\"description\":\"Ayuntamiento Valle de Eg\u00fc\u00e9s | Eguesibarko Udala\",\"publisher\":{\"@id\":\"https:\\\/\\\/www.valledeegues.com\\\/eu\\\/#organization\"},\"potentialAction\":[{\"@type\":\"SearchAction\",\"target\":{\"@type\":\"EntryPoint\",\"urlTemplate\":\"https:\\\/\\\/www.valledeegues.com\\\/eu\\\/?s={search_term_string}\"},\"query-input\":{\"@type\":\"PropertyValueSpecification\",\"valueRequired\":true,\"valueName\":\"search_term_string\"}}],\"inLanguage\":\"eu-ES\"},{\"@type\":\"Organization\",\"@id\":\"https:\\\/\\\/www.valledeegues.com\\\/eu\\\/#organization\",\"name\":\"Ayuntamiento Valle de Egues\",\"url\":\"https:\\\/\\\/www.valledeegues.com\\\/eu\\\/\",\"logo\":{\"@type\":\"ImageObject\",\"inLanguage\":\"eu-ES\",\"@id\":\"https:\\\/\\\/www.valledeegues.com\\\/eu\\\/#\\\/schema\\\/logo\\\/image\\\/\",\"url\":\"https:\\\/\\\/www.valledeegues.com\\\/wp-content\\\/uploads\\\/2019\\\/06\\\/logo-egues-escudo.svg\",\"contentUrl\":\"https:\\\/\\\/www.valledeegues.com\\\/wp-content\\\/uploads\\\/2019\\\/06\\\/logo-egues-escudo.svg\",\"width\":529,\"height\":125,\"caption\":\"Ayuntamiento Valle de Egues\"},\"image\":{\"@id\":\"https:\\\/\\\/www.valledeegues.com\\\/eu\\\/#\\\/schema\\\/logo\\\/image\\\/\"},\"sameAs\":[\"https:\\\/\\\/www.facebook.com\\\/EguesEguesibar\",\"https:\\\/\\\/x.com\\\/AValledeEgues\",\"https:\\\/\\\/www.youtube.com\\\/channel\\\/UCUPvmkTy56ZAhGTVrzg4uDQ\"]}]}<\/script>\r\n<!-- \/ Yoast SEO plugin. -->","yoast_head_json":{"title":"NORMATIVA POR \u00c1REAS - Ayuntamiento Valle de Eg\u00fc\u00e9s | Eguesibarko Udala","robots":{"index":"index","follow":"follow","max-snippet":"max-snippet:-1","max-image-preview":"max-image-preview:large","max-video-preview":"max-video-preview:-1"},"canonical":"https:\/\/www.valledeegues.com\/eu\/normativa-por-areas\/","og_locale":"eu_ES","og_type":"article","og_title":"NORMATIVA POR \u00c1REAS - Ayuntamiento Valle de Eg\u00fc\u00e9s | Eguesibarko Udala","og_description":"[vc_row][vc_column][mk_fancy_title font_family=&#8221;none&#8221;] FISKALAK [\/mk_fancy_title][vc_tabs heading_title=&#8221;TASAK&#8221; orientation=&#8221;vertical&#8221;][vc_tab icon=&#8221;mk-li-file&#8221; title=&#8221;Esku-hartze jardueren arabera&#8221; tab_id=&#8221;1562669567605-2-3&#8243;][vc_column_text css=&#8221;.vc_custom_1562750508204{margin-bottom: 0px !important;}&#8221;][normativa_egues categorias=&#8221;esku-hartze-jardueren-arabera&#8221;][\/vc_column_text][\/vc_tab][vc_tab icon=&#8221;mk-li-file&#8221; title=&#8221;Udal ondarearen erabileraren arabera&#8221; tab_id=&#8221;1562669549195-0-9&#8243;][vc_column_text css=&#8221;.vc_custom_1562750531840{margin-bottom: 0px !important;}&#8221;][normativa_egues categorias=&#8221;udal-ondarearen-erabileraren-arabera2&#8243;][\/vc_column_text][\/vc_tab][vc_tab icon=&#8221;mk-li-file&#8221; title=&#8221;Zerbitzu-emankizunen arabera&#8221; tab_id=&#8221;1562669549174-0-7&#8243;][vc_column_text css=&#8221;.vc_custom_1562750571170{margin-bottom: 0px !important;}&#8221;][normativa_egues categorias=&#8221;zerbitzu-emankizunen-arabera2&#8243;][\/vc_column_text][\/vc_tab][\/vc_tabs][vc_tabs heading_title=&#8221;PREZIO PUBLIKOAK&#8221; orientation=&#8221;vertical&#8221;][vc_tab icon=&#8221;mk-li-file&#8221; title=&#8221;Udal ondarearen erabileraren arabera&#8221; tab_id=&#8221;1562663099-2-18&#8243;][vc_column_text css=&#8221;.vc_custom_1562750605102{margin-bottom: 0px !important;}&#8221;][normativa_egues categorias=&#8221;udal-ondarearen-erabileraren-arabera&#8221;][\/vc_column_text][\/vc_tab][vc_tab icon=&#8221;mk-li-file&#8221; title=&#8221;Zerbitzu-emankizunen arabera&#8221; tab_id=&#8221;1562663099-1-56&#8243;][vc_column_text css=&#8221;.vc_custom_1562750634802{margin-bottom: 0px !important;}&#8221;][normativa_egues categorias=&#8221;zerbitzu-emankizunen-arabera&#8221;][\/vc_column_text][\/vc_tab][\/vc_tabs][mk_fancy_title font_family=&#8221;none&#8221;] [&hellip;]","og_url":"https:\/\/www.valledeegues.com\/eu\/normativa-por-areas\/","og_site_name":"Ayuntamiento Valle de Eg\u00fc\u00e9s | Eguesibarko Udala","article_publisher":"https:\/\/www.facebook.com\/EguesEguesibar","article_modified_time":"2019-07-10T09:27:25+00:00","twitter_card":"summary_large_image","twitter_site":"@AValledeEgues","twitter_misc":{"Est. reading time":"2 minutes"},"schema":{"@context":"https:\/\/schema.org","@graph":[{"@type":"WebPage","@id":"https:\/\/www.valledeegues.com\/eu\/normativa-por-areas\/","url":"https:\/\/www.valledeegues.com\/eu\/normativa-por-areas\/","name":"NORMATIVA POR \u00c1REAS - Ayuntamiento Valle de Eg\u00fc\u00e9s | Eguesibarko Udala","isPartOf":{"@id":"https:\/\/www.valledeegues.com\/eu\/#website"},"datePublished":"2018-07-02T12:04:11+00:00","dateModified":"2019-07-10T09:27:25+00:00","breadcrumb":{"@id":"https:\/\/www.valledeegues.com\/eu\/normativa-por-areas\/#breadcrumb"},"inLanguage":"eu-ES","potentialAction":[{"@type":"ReadAction","target":["https:\/\/www.valledeegues.com\/eu\/normativa-por-areas\/"]}]},{"@type":"BreadcrumbList","@id":"https:\/\/www.valledeegues.com\/eu\/normativa-por-areas\/#breadcrumb","itemListElement":[{"@type":"ListItem","position":1,"name":"Azala","item":"https:\/\/www.valledeegues.com\/eu\/"},{"@type":"ListItem","position":2,"name":"NORMATIVA POR \u00c1REAS"}]},{"@type":"WebSite","@id":"https:\/\/www.valledeegues.com\/eu\/#website","url":"https:\/\/www.valledeegues.com\/eu\/","name":"Ayuntamiento Valle de Eg\u00fc\u00e9s | Eguesibarko Udala","description":"Ayuntamiento Valle de Eg\u00fc\u00e9s | Eguesibarko Udala","publisher":{"@id":"https:\/\/www.valledeegues.com\/eu\/#organization"},"potentialAction":[{"@type":"SearchAction","target":{"@type":"EntryPoint","urlTemplate":"https:\/\/www.valledeegues.com\/eu\/?s={search_term_string}"},"query-input":{"@type":"PropertyValueSpecification","valueRequired":true,"valueName":"search_term_string"}}],"inLanguage":"eu-ES"},{"@type":"Organization","@id":"https:\/\/www.valledeegues.com\/eu\/#organization","name":"Ayuntamiento Valle de Egues","url":"https:\/\/www.valledeegues.com\/eu\/","logo":{"@type":"ImageObject","inLanguage":"eu-ES","@id":"https:\/\/www.valledeegues.com\/eu\/#\/schema\/logo\/image\/","url":"https:\/\/www.valledeegues.com\/wp-content\/uploads\/2019\/06\/logo-egues-escudo.svg","contentUrl":"https:\/\/www.valledeegues.com\/wp-content\/uploads\/2019\/06\/logo-egues-escudo.svg","width":529,"height":125,"caption":"Ayuntamiento Valle de Egues"},"image":{"@id":"https:\/\/www.valledeegues.com\/eu\/#\/schema\/logo\/image\/"},"sameAs":["https:\/\/www.facebook.com\/EguesEguesibar","https:\/\/x.com\/AValledeEgues","https:\/\/www.youtube.com\/channel\/UCUPvmkTy56ZAhGTVrzg4uDQ"]}]}},"_links":{"self":[{"href":"https:\/\/www.valledeegues.com\/eu\/wp-json\/wp\/v2\/pages\/8360","targetHints":{"allow":["GET"]}}],"collection":[{"href":"https:\/\/www.valledeegues.com\/eu\/wp-json\/wp\/v2\/pages"}],"about":[{"href":"https:\/\/www.valledeegues.com\/eu\/wp-json\/wp\/v2\/types\/page"}],"author":[{"embeddable":true,"href":"https:\/\/www.valledeegues.com\/eu\/wp-json\/wp\/v2\/users\/2"}],"replies":[{"embeddable":true,"href":"https:\/\/www.valledeegues.com\/eu\/wp-json\/wp\/v2\/comments?post=8360"}],"version-history":[{"count":9,"href":"https:\/\/www.valledeegues.com\/eu\/wp-json\/wp\/v2\/pages\/8360\/revisions"}],"predecessor-version":[{"id":14597,"href":"https:\/\/www.valledeegues.com\/eu\/wp-json\/wp\/v2\/pages\/8360\/revisions\/14597"}],"wp:attachment":[{"href":"https:\/\/www.valledeegues.com\/eu\/wp-json\/wp\/v2\/media?parent=8360"}],"curies":[{"name":"wp","href":"https:\/\/api.w.org\/{rel}","templated":true}]}}