{"id":8354,"date":"2019-01-10T07:33:49","date_gmt":"2019-01-10T06:33:49","guid":{"rendered":"https:\/\/www.valledeegues.com\/?page_id=8354"},"modified":"2019-01-23T15:16:05","modified_gmt":"2019-01-23T14:16:05","slug":"instalaciones-eus","status":"publish","type":"page","link":"https:\/\/www.valledeegues.com\/eu\/instalaciones-eus\/","title":{"rendered":"INSTALACIONES EUS"},"content":{"rendered":"<?xml encoding=\"utf-8\" ?><p>[vc_row][vc_column width=&rdquo;2\/3&Prime;][vc_single_image image=&rdquo;17&Prime; img_size=&rdquo;full&rdquo;][vc_images_carousel images=&rdquo;621,611,325,312,299,283,280,277,273,269&Prime; img_size=&rdquo;&rdquo; slides_per_view=&rdquo;4&Prime; autoplay=&rdquo;yes&rdquo; hide_pagination_control=&rdquo;yes&rdquo; partial_view=&rdquo;yes&rdquo; wrap=&rdquo;yes&rdquo;][\/vc_column][vc_column width=&rdquo;1\/3&Prime; el_class=&rdquo;direcciones&rdquo;][mk_advanced_gmaps latitude=&rdquo;42.812928&Prime; longitude=&rdquo;-1.598085&Prime; height=&rdquo;200&Prime;][vc_empty_space height=&rdquo;22px&rdquo;][mk_font_icons icon=&rdquo;mk-moon-office&rdquo; color_style=&rdquo;gradient_color&rdquo; grandient_color_from=&rdquo;#ea4b50&Prime; grandient_color_to=&rdquo;#ea6f73&Prime; margin_horizental=&rdquo;8&Prime; margin_vertical=&rdquo;0&Prime; align=&rdquo;left&rdquo;][vc_column_text css=&rdquo;.vc_custom_1530780090922{margin-bottom: 0px !important;}&rdquo;]<span style=\"font-size: 10pt; color: #ea4b50;\">C\/ Garajonay 1,&nbsp;31621 Sarriguren<\/span>[\/vc_column_text][vc_separator css=&rdquo;.vc_custom_1530782766633{margin-top: 0px !important;margin-bottom: 10px !important;}&rdquo;][mk_font_icons icon=&rdquo;mk-moon-phone&rdquo; color_style=&rdquo;gradient_color&rdquo; grandient_color_from=&rdquo;#ea4b50&Prime; grandient_color_to=&rdquo;#ea6f73&Prime; margin_horizental=&rdquo;8&Prime; margin_vertical=&rdquo;0&Prime; align=&rdquo;left&rdquo;][vc_column_text css=&rdquo;.vc_custom_1530780358694{margin-bottom: 0px !important;}&rdquo;]<span style=\"font-size: 10pt; color: #ea4b50;\">948 33 16 11<\/span>[\/vc_column_text][vc_separator css=&rdquo;.vc_custom_1530782766633{margin-top: 0px !important;margin-bottom: 10px !important;}&rdquo;][mk_font_icons icon=&rdquo;mk-icon-envelope&rdquo; color_style=&rdquo;gradient_color&rdquo; grandient_color_from=&rdquo;#ea4b50&Prime; grandient_color_to=&rdquo;#ea6f73&Prime; margin_horizental=&rdquo;8&Prime; align=&rdquo;left&rdquo;][vc_column_text css=&rdquo;.vc_custom_1530780424925{margin-bottom: 0px !important;}&rdquo;]<a href=\"mailto:ayuntamiento@egues.es\"><span style=\"font-size: 10pt; color: #ea4b50;\">ayuntamiento@egues.es<\/span><\/a>[\/vc_column_text][vc_separator css=&rdquo;.vc_custom_1530782766633{margin-top: 0px !important;margin-bottom: 10px !important;}&rdquo;][mk_font_icons icon=&rdquo;mk-moon-link&rdquo; color_style=&rdquo;gradient_color&rdquo; grandient_color_from=&rdquo;#ea4b50&Prime; grandient_color_to=&rdquo;#ea6f73&Prime; margin_horizental=&rdquo;8&Prime; align=&rdquo;left&rdquo;][vc_column_text css=&rdquo;.vc_custom_1530780532565{margin-bottom: 0px !important;}&rdquo;]<a href=\"https:\/\/www.valledeegues.com\"><span style=\"font-size: 10pt; color: #ea4b50;\">www.valledeegues.es<\/span><\/a>[\/vc_column_text][vc_separator css=&rdquo;.vc_custom_1530782766633{margin-top: 0px !important;margin-bottom: 10px !important;}&rdquo;][mk_social_networks size=&rdquo;medium&rdquo; style=&rdquo;circle&rdquo; icon_color=&rdquo;#ea4b50&Prime; icon_hover_color=&rdquo;#6b6b6b&rdquo; facebook=&rdquo;https:\/\/www.facebook.com\/Ayuntamiento-Valle-de-Eg%C3%BC%C3%A9s-203399186371598\/&rdquo; twitter=&rdquo;https:\/\/twitter.com\/AValledeEgues&rdquo;][\/vc_column][\/vc_row][vc_row][vc_column][vc_column_text css=&rdquo;.vc_custom_1530625488564{margin-bottom: 0px !important;}&rdquo;]<strong>Texto descriptivo:<\/strong> I am text block. Click edit button to change this text. Lorem ipsum dolor sit amet, consectetur adipiscing elit. Ut elit tellus, luctus nec ullamcorper mattis, pulvinar dapibus leo.&nbsp;I am text block. Click edit button to change this text. Lorem ipsum dolor sit amet, consectetur adipiscing elit. Ut elit tellus, luctus nec ullamcorper mattis, pulvinar dapibus leo.<\/p><p>I am text block. Click edit button to change this text. Lorem ipsum dolor sit amet, consectetur adipiscing elit. Ut elit tellus, luctus nec ullamcorper mattis, pulvinar dapibus leo.&nbsp;I am text block. Click edit button to change this text. Lorem ipsum dolor sit amet, consectetur adipiscing elit. Ut elit tellus, luctus nec ullamcorper mattis, pulvinar dapibus leo.<\/p><p>I am text block. Click edit button to change this text. Lorem ipsum dolor sit amet, consectetur adipiscing elit. Ut elit tellus, luctus nec ullamcorper mattis, pulvinar dapibus leo.&nbsp;I am text block. Click edit button to change this text. Lorem ipsum dolor sit amet, consectetur adipiscing elit. Ut elit tellus, luctus nec ullamcorper mattis, pulvinar dapibus leo.[\/vc_column_text][vc_empty_space height=&rdquo;42px&rdquo;][\/vc_column][\/vc_row][vc_row][vc_column][vc_tabs][vc_tab title=&rdquo;HONEKIN LOTUTAKO AGIRIAK&rdquo; tab_id=&rdquo;1530697464-1-861530782892090&Prime;][vc_column_text css=&rdquo;.vc_custom_1530701052842{margin-bottom: 0px !important;}&rdquo;]Insertar SHORTCODE de post type LISTADOS DE ENLACES[\/vc_column_text][mk_custom_list style=&rdquo;mk-li-clip&rdquo;]<\/p><ul>\n<li><a href=\"#\">Enlaces relacionados<\/a><\/li>\n<li><a href=\"#\">Enlaces relacionados<\/a><\/li>\n<li><a href=\"#\">Enlaces relacionados<\/a><\/li>\n<li><a href=\"#\">Enlaces relacionados<\/a><\/li>\n<li><a href=\"#\">Enlaces relacionados<\/a><\/li>\n<\/ul><p>[\/mk_custom_list][\/vc_tab][vc_tab title=&rdquo;HARREMANDUTAKO LOTURAK&rdquo; tab_id=&rdquo;1530697464-2-341530782892090&Prime;][vc_column_text css=&rdquo;.vc_custom_1530701052842{margin-bottom: 0px !important;}&rdquo;]Insertar SHORTCODE de post type LISTADOS DE ENLACES[\/vc_column_text][mk_custom_list style=&rdquo;mk-moon-link&rdquo;]<\/p><ul>\n<li><a href=\"#\">Enlaces relacionados<\/a><\/li>\n<li><a href=\"#\">Enlaces relacionados<\/a><\/li>\n<li><a href=\"#\">Enlaces relacionados<\/a><\/li>\n<li><a href=\"#\">Enlaces relacionados<\/a><\/li>\n<li><a href=\"#\">Enlaces relacionados<\/a><\/li>\n<\/ul><p>[\/mk_custom_list][\/vc_tab][vc_tab title=&rdquo;OTRA LISTA DE ENLACES&rdquo; tab_id=&rdquo;1530700274118-2-61530782892090&Prime;][vc_column_text css=&rdquo;.vc_custom_1530701052842{margin-bottom: 0px !important;}&rdquo;]Insertar SHORTCODE de post type LISTADOS DE ENLACES[\/vc_column_text][mk_custom_list style=&rdquo;mk-moon-link&rdquo;]<\/p><ul>\n<li><a href=\"#\">Enlaces relacionados<\/a><\/li>\n<li><a href=\"#\">Enlaces relacionados<\/a><\/li>\n<li><a href=\"#\">Enlaces relacionados<\/a><\/li>\n<li><a href=\"#\">Enlaces relacionados<\/a><\/li>\n<li><a href=\"#\">Enlaces relacionados<\/a><\/li>\n<\/ul><p>[\/mk_custom_list][\/vc_tab][\/vc_tabs][\/vc_column][\/vc_row]<\/p>\n","protected":false},"excerpt":{"rendered":"<p>[vc_row][vc_column width=&rdquo;2\/3&Prime;][vc_single_image image=&rdquo;17&Prime; img_size=&rdquo;full&rdquo;][vc_images_carousel images=&rdquo;621,611,325,312,299,283,280,277,273,269&Prime; img_size=&rdquo;&rdquo; slides_per_view=&rdquo;4&Prime; autoplay=&rdquo;yes&rdquo; hide_pagination_control=&rdquo;yes&rdquo; partial_view=&rdquo;yes&rdquo; wrap=&rdquo;yes&rdquo;][\/vc_column][vc_column width=&rdquo;1\/3&Prime; el_class=&rdquo;direcciones&rdquo;][mk_advanced_gmaps latitude=&rdquo;42.812928&Prime; longitude=&rdquo;-1.598085&Prime; height=&rdquo;200&Prime;][vc_empty_space height=&rdquo;22px&rdquo;][mk_font_icons icon=&rdquo;mk-moon-office&rdquo; color_style=&rdquo;gradient_color&rdquo; grandient_color_from=&rdquo;#ea4b50&Prime; grandient_color_to=&rdquo;#ea6f73&Prime; margin_horizental=&rdquo;8&Prime; margin_vertical=&rdquo;0&Prime; align=&rdquo;left&rdquo;][vc_column_text css=&rdquo;.vc_custom_1530780090922{margin-bottom: 0px !important;}&rdquo;]C\/ Garajonay 1,&nbsp;31621 Sarriguren[\/vc_column_text][vc_separator css=&rdquo;.vc_custom_1530782766633{margin-top: 0px !important;margin-bottom: 10px !important;}&rdquo;][mk_font_icons icon=&rdquo;mk-moon-phone&rdquo; color_style=&rdquo;gradient_color&rdquo; grandient_color_from=&rdquo;#ea4b50&Prime; grandient_color_to=&rdquo;#ea6f73&Prime; margin_horizental=&rdquo;8&Prime; margin_vertical=&rdquo;0&Prime; align=&rdquo;left&rdquo;][vc_column_text css=&rdquo;.vc_custom_1530780358694{margin-bottom: 0px !important;}&rdquo;]948 33 16 11[\/vc_column_text][vc_separator css=&rdquo;.vc_custom_1530782766633{margin-top: 0px !important;margin-bottom: 10px !important;}&rdquo;][mk_font_icons icon=&rdquo;mk-icon-envelope&rdquo; color_style=&rdquo;gradient_color&rdquo; [&hellip;]<\/p>\n","protected":false},"author":2,"featured_media":0,"parent":0,"menu_order":0,"comment_status":"closed","ping_status":"closed","template":"","meta":{"footnotes":""},"class_list":["post-8354","page","type-page","status-publish","hentry"],"yoast_head":"<!-- This site is optimized with the Yoast SEO plugin v27.5 - https:\/\/yoast.com\/product\/yoast-seo-wordpress\/ -->\r\n<title>INSTALACIONES EUS - Ayuntamiento Valle de Eg\u00fc\u00e9s | Eguesibarko Udala<\/title>\r\n<meta name=\"robots\" content=\"index, follow, max-snippet:-1, max-image-preview:large, max-video-preview:-1\" \/>\r\n<link rel=\"canonical\" href=\"https:\/\/www.valledeegues.com\/eu\/instalaciones-eus\/\" \/>\r\n<meta property=\"og:locale\" content=\"eu_ES\" \/>\r\n<meta property=\"og:type\" content=\"article\" \/>\r\n<meta property=\"og:title\" content=\"INSTALACIONES EUS - Ayuntamiento Valle de Eg\u00fc\u00e9s | Eguesibarko Udala\" \/>\r\n<meta property=\"og:description\" content=\"[vc_row][vc_column width=&rdquo;2\/3&Prime;][vc_single_image image=&rdquo;17&Prime; img_size=&rdquo;full&rdquo;][vc_images_carousel images=&rdquo;621,611,325,312,299,283,280,277,273,269&Prime; img_size=&rdquo;&rdquo; slides_per_view=&rdquo;4&Prime; autoplay=&rdquo;yes&rdquo; hide_pagination_control=&rdquo;yes&rdquo; partial_view=&rdquo;yes&rdquo; wrap=&rdquo;yes&rdquo;][\/vc_column][vc_column width=&rdquo;1\/3&Prime; el_class=&rdquo;direcciones&rdquo;][mk_advanced_gmaps latitude=&rdquo;42.812928&Prime; longitude=&rdquo;-1.598085&Prime; height=&rdquo;200&Prime;][vc_empty_space height=&rdquo;22px&rdquo;][mk_font_icons icon=&rdquo;mk-moon-office&rdquo; color_style=&rdquo;gradient_color&rdquo; grandient_color_from=&rdquo;#ea4b50&Prime; grandient_color_to=&rdquo;#ea6f73&Prime; margin_horizental=&rdquo;8&Prime; margin_vertical=&rdquo;0&Prime; align=&rdquo;left&rdquo;][vc_column_text css=&rdquo;.vc_custom_1530780090922{margin-bottom: 0px !important;}&rdquo;]C\/ Garajonay 1,&nbsp;31621 Sarriguren[\/vc_column_text][vc_separator css=&rdquo;.vc_custom_1530782766633{margin-top: 0px !important;margin-bottom: 10px !important;}&rdquo;][mk_font_icons icon=&rdquo;mk-moon-phone&rdquo; color_style=&rdquo;gradient_color&rdquo; grandient_color_from=&rdquo;#ea4b50&Prime; grandient_color_to=&rdquo;#ea6f73&Prime; margin_horizental=&rdquo;8&Prime; margin_vertical=&rdquo;0&Prime; align=&rdquo;left&rdquo;][vc_column_text css=&rdquo;.vc_custom_1530780358694{margin-bottom: 0px !important;}&rdquo;]948 33 16 11[\/vc_column_text][vc_separator css=&rdquo;.vc_custom_1530782766633{margin-top: 0px !important;margin-bottom: 10px !important;}&rdquo;][mk_font_icons icon=&rdquo;mk-icon-envelope&rdquo; color_style=&rdquo;gradient_color&rdquo; [&hellip;]\" \/>\r\n<meta property=\"og:url\" content=\"https:\/\/www.valledeegues.com\/eu\/instalaciones-eus\/\" \/>\r\n<meta property=\"og:site_name\" content=\"Ayuntamiento Valle de Eg\u00fc\u00e9s | Eguesibarko Udala\" \/>\r\n<meta property=\"article:publisher\" content=\"https:\/\/www.facebook.com\/EguesEguesibar\" \/>\r\n<meta property=\"article:modified_time\" content=\"2019-01-23T14:16:05+00:00\" \/>\r\n<meta name=\"twitter:card\" content=\"summary_large_image\" \/>\r\n<meta name=\"twitter:site\" content=\"@AValledeEgues\" \/>\r\n<meta name=\"twitter:label1\" content=\"Est. reading time\" \/>\n\t<meta name=\"twitter:data1\" content=\"3 minutes\" \/>\r\n<script type=\"application\/ld+json\" class=\"yoast-schema-graph\">{\"@context\":\"https:\\\/\\\/schema.org\",\"@graph\":[{\"@type\":\"WebPage\",\"@id\":\"https:\\\/\\\/www.valledeegues.com\\\/eu\\\/instalaciones-eus\\\/\",\"url\":\"https:\\\/\\\/www.valledeegues.com\\\/eu\\\/instalaciones-eus\\\/\",\"name\":\"INSTALACIONES EUS - Ayuntamiento Valle de Eg\u00fc\u00e9s | Eguesibarko Udala\",\"isPartOf\":{\"@id\":\"https:\\\/\\\/www.valledeegues.com\\\/eu\\\/#website\"},\"datePublished\":\"2019-01-10T06:33:49+00:00\",\"dateModified\":\"2019-01-23T14:16:05+00:00\",\"breadcrumb\":{\"@id\":\"https:\\\/\\\/www.valledeegues.com\\\/eu\\\/instalaciones-eus\\\/#breadcrumb\"},\"inLanguage\":\"eu-ES\",\"potentialAction\":[{\"@type\":\"ReadAction\",\"target\":[\"https:\\\/\\\/www.valledeegues.com\\\/eu\\\/instalaciones-eus\\\/\"]}]},{\"@type\":\"BreadcrumbList\",\"@id\":\"https:\\\/\\\/www.valledeegues.com\\\/eu\\\/instalaciones-eus\\\/#breadcrumb\",\"itemListElement\":[{\"@type\":\"ListItem\",\"position\":1,\"name\":\"Azala\",\"item\":\"https:\\\/\\\/www.valledeegues.com\\\/eu\\\/\"},{\"@type\":\"ListItem\",\"position\":2,\"name\":\"INSTALACIONES EUS\"}]},{\"@type\":\"WebSite\",\"@id\":\"https:\\\/\\\/www.valledeegues.com\\\/eu\\\/#website\",\"url\":\"https:\\\/\\\/www.valledeegues.com\\\/eu\\\/\",\"name\":\"Ayuntamiento Valle de Eg\u00fc\u00e9s | Eguesibarko Udala\",\"description\":\"Ayuntamiento Valle de Eg\u00fc\u00e9s | Eguesibarko Udala\",\"publisher\":{\"@id\":\"https:\\\/\\\/www.valledeegues.com\\\/eu\\\/#organization\"},\"potentialAction\":[{\"@type\":\"SearchAction\",\"target\":{\"@type\":\"EntryPoint\",\"urlTemplate\":\"https:\\\/\\\/www.valledeegues.com\\\/eu\\\/?s={search_term_string}\"},\"query-input\":{\"@type\":\"PropertyValueSpecification\",\"valueRequired\":true,\"valueName\":\"search_term_string\"}}],\"inLanguage\":\"eu-ES\"},{\"@type\":\"Organization\",\"@id\":\"https:\\\/\\\/www.valledeegues.com\\\/eu\\\/#organization\",\"name\":\"Ayuntamiento Valle de Egues\",\"url\":\"https:\\\/\\\/www.valledeegues.com\\\/eu\\\/\",\"logo\":{\"@type\":\"ImageObject\",\"inLanguage\":\"eu-ES\",\"@id\":\"https:\\\/\\\/www.valledeegues.com\\\/eu\\\/#\\\/schema\\\/logo\\\/image\\\/\",\"url\":\"https:\\\/\\\/www.valledeegues.com\\\/wp-content\\\/uploads\\\/2019\\\/06\\\/logo-egues-escudo.svg\",\"contentUrl\":\"https:\\\/\\\/www.valledeegues.com\\\/wp-content\\\/uploads\\\/2019\\\/06\\\/logo-egues-escudo.svg\",\"width\":529,\"height\":125,\"caption\":\"Ayuntamiento Valle de Egues\"},\"image\":{\"@id\":\"https:\\\/\\\/www.valledeegues.com\\\/eu\\\/#\\\/schema\\\/logo\\\/image\\\/\"},\"sameAs\":[\"https:\\\/\\\/www.facebook.com\\\/EguesEguesibar\",\"https:\\\/\\\/x.com\\\/AValledeEgues\",\"https:\\\/\\\/www.youtube.com\\\/channel\\\/UCUPvmkTy56ZAhGTVrzg4uDQ\"]}]}<\/script>\r\n<!-- \/ Yoast SEO plugin. -->","yoast_head_json":{"title":"INSTALACIONES EUS - Ayuntamiento Valle de Eg\u00fc\u00e9s | Eguesibarko Udala","robots":{"index":"index","follow":"follow","max-snippet":"max-snippet:-1","max-image-preview":"max-image-preview:large","max-video-preview":"max-video-preview:-1"},"canonical":"https:\/\/www.valledeegues.com\/eu\/instalaciones-eus\/","og_locale":"eu_ES","og_type":"article","og_title":"INSTALACIONES EUS - Ayuntamiento Valle de Eg\u00fc\u00e9s | Eguesibarko Udala","og_description":"[vc_row][vc_column width=&rdquo;2\/3&Prime;][vc_single_image image=&rdquo;17&Prime; img_size=&rdquo;full&rdquo;][vc_images_carousel images=&rdquo;621,611,325,312,299,283,280,277,273,269&Prime; img_size=&rdquo;&rdquo; slides_per_view=&rdquo;4&Prime; autoplay=&rdquo;yes&rdquo; hide_pagination_control=&rdquo;yes&rdquo; partial_view=&rdquo;yes&rdquo; wrap=&rdquo;yes&rdquo;][\/vc_column][vc_column width=&rdquo;1\/3&Prime; el_class=&rdquo;direcciones&rdquo;][mk_advanced_gmaps latitude=&rdquo;42.812928&Prime; longitude=&rdquo;-1.598085&Prime; height=&rdquo;200&Prime;][vc_empty_space height=&rdquo;22px&rdquo;][mk_font_icons icon=&rdquo;mk-moon-office&rdquo; color_style=&rdquo;gradient_color&rdquo; grandient_color_from=&rdquo;#ea4b50&Prime; grandient_color_to=&rdquo;#ea6f73&Prime; margin_horizental=&rdquo;8&Prime; margin_vertical=&rdquo;0&Prime; align=&rdquo;left&rdquo;][vc_column_text css=&rdquo;.vc_custom_1530780090922{margin-bottom: 0px !important;}&rdquo;]C\/ Garajonay 1,&nbsp;31621 Sarriguren[\/vc_column_text][vc_separator css=&rdquo;.vc_custom_1530782766633{margin-top: 0px !important;margin-bottom: 10px !important;}&rdquo;][mk_font_icons icon=&rdquo;mk-moon-phone&rdquo; color_style=&rdquo;gradient_color&rdquo; grandient_color_from=&rdquo;#ea4b50&Prime; grandient_color_to=&rdquo;#ea6f73&Prime; margin_horizental=&rdquo;8&Prime; margin_vertical=&rdquo;0&Prime; align=&rdquo;left&rdquo;][vc_column_text css=&rdquo;.vc_custom_1530780358694{margin-bottom: 0px !important;}&rdquo;]948 33 16 11[\/vc_column_text][vc_separator css=&rdquo;.vc_custom_1530782766633{margin-top: 0px !important;margin-bottom: 10px !important;}&rdquo;][mk_font_icons icon=&rdquo;mk-icon-envelope&rdquo; color_style=&rdquo;gradient_color&rdquo; [&hellip;]","og_url":"https:\/\/www.valledeegues.com\/eu\/instalaciones-eus\/","og_site_name":"Ayuntamiento Valle de Eg\u00fc\u00e9s | Eguesibarko Udala","article_publisher":"https:\/\/www.facebook.com\/EguesEguesibar","article_modified_time":"2019-01-23T14:16:05+00:00","twitter_card":"summary_large_image","twitter_site":"@AValledeEgues","twitter_misc":{"Est. reading time":"3 minutes"},"schema":{"@context":"https:\/\/schema.org","@graph":[{"@type":"WebPage","@id":"https:\/\/www.valledeegues.com\/eu\/instalaciones-eus\/","url":"https:\/\/www.valledeegues.com\/eu\/instalaciones-eus\/","name":"INSTALACIONES EUS - Ayuntamiento Valle de Eg\u00fc\u00e9s | Eguesibarko Udala","isPartOf":{"@id":"https:\/\/www.valledeegues.com\/eu\/#website"},"datePublished":"2019-01-10T06:33:49+00:00","dateModified":"2019-01-23T14:16:05+00:00","breadcrumb":{"@id":"https:\/\/www.valledeegues.com\/eu\/instalaciones-eus\/#breadcrumb"},"inLanguage":"eu-ES","potentialAction":[{"@type":"ReadAction","target":["https:\/\/www.valledeegues.com\/eu\/instalaciones-eus\/"]}]},{"@type":"BreadcrumbList","@id":"https:\/\/www.valledeegues.com\/eu\/instalaciones-eus\/#breadcrumb","itemListElement":[{"@type":"ListItem","position":1,"name":"Azala","item":"https:\/\/www.valledeegues.com\/eu\/"},{"@type":"ListItem","position":2,"name":"INSTALACIONES EUS"}]},{"@type":"WebSite","@id":"https:\/\/www.valledeegues.com\/eu\/#website","url":"https:\/\/www.valledeegues.com\/eu\/","name":"Ayuntamiento Valle de Eg\u00fc\u00e9s | Eguesibarko Udala","description":"Ayuntamiento Valle de Eg\u00fc\u00e9s | Eguesibarko Udala","publisher":{"@id":"https:\/\/www.valledeegues.com\/eu\/#organization"},"potentialAction":[{"@type":"SearchAction","target":{"@type":"EntryPoint","urlTemplate":"https:\/\/www.valledeegues.com\/eu\/?s={search_term_string}"},"query-input":{"@type":"PropertyValueSpecification","valueRequired":true,"valueName":"search_term_string"}}],"inLanguage":"eu-ES"},{"@type":"Organization","@id":"https:\/\/www.valledeegues.com\/eu\/#organization","name":"Ayuntamiento Valle de Egues","url":"https:\/\/www.valledeegues.com\/eu\/","logo":{"@type":"ImageObject","inLanguage":"eu-ES","@id":"https:\/\/www.valledeegues.com\/eu\/#\/schema\/logo\/image\/","url":"https:\/\/www.valledeegues.com\/wp-content\/uploads\/2019\/06\/logo-egues-escudo.svg","contentUrl":"https:\/\/www.valledeegues.com\/wp-content\/uploads\/2019\/06\/logo-egues-escudo.svg","width":529,"height":125,"caption":"Ayuntamiento Valle de Egues"},"image":{"@id":"https:\/\/www.valledeegues.com\/eu\/#\/schema\/logo\/image\/"},"sameAs":["https:\/\/www.facebook.com\/EguesEguesibar","https:\/\/x.com\/AValledeEgues","https:\/\/www.youtube.com\/channel\/UCUPvmkTy56ZAhGTVrzg4uDQ"]}]}},"_links":{"self":[{"href":"https:\/\/www.valledeegues.com\/eu\/wp-json\/wp\/v2\/pages\/8354","targetHints":{"allow":["GET"]}}],"collection":[{"href":"https:\/\/www.valledeegues.com\/eu\/wp-json\/wp\/v2\/pages"}],"about":[{"href":"https:\/\/www.valledeegues.com\/eu\/wp-json\/wp\/v2\/types\/page"}],"author":[{"embeddable":true,"href":"https:\/\/www.valledeegues.com\/eu\/wp-json\/wp\/v2\/users\/2"}],"replies":[{"embeddable":true,"href":"https:\/\/www.valledeegues.com\/eu\/wp-json\/wp\/v2\/comments?post=8354"}],"version-history":[{"count":4,"href":"https:\/\/www.valledeegues.com\/eu\/wp-json\/wp\/v2\/pages\/8354\/revisions"}],"predecessor-version":[{"id":8665,"href":"https:\/\/www.valledeegues.com\/eu\/wp-json\/wp\/v2\/pages\/8354\/revisions\/8665"}],"wp:attachment":[{"href":"https:\/\/www.valledeegues.com\/eu\/wp-json\/wp\/v2\/media?parent=8354"}],"curies":[{"name":"wp","href":"https:\/\/api.w.org\/{rel}","templated":true}]}}