{"id":8333,"date":"2019-01-10T07:31:35","date_gmt":"2019-01-10T06:31:35","guid":{"rendered":"https:\/\/www.valledeegues.com\/?page_id=8333"},"modified":"2019-01-10T07:31:35","modified_gmt":"2019-01-10T06:31:35","slug":"listado-de-enlaces-eus","status":"publish","type":"page","link":"https:\/\/www.valledeegues.com\/eu\/listado-de-enlaces-eus\/","title":{"rendered":"LISTADO DE ENLACES EUS"},"content":{"rendered":"<?xml encoding=\"utf-8\" ?><p>[vc_row][vc_column][vc_column_text css=&rdquo;.vc_custom_1530525631558{margin-bottom: 0px !important;}&rdquo;]<\/p><h2>Se aplica en listados de enlaces &nbsp;(sin definir)<\/h2><p>[\/vc_column_text][vc_row_inner][vc_column_inner width=&rdquo;1\/2&Prime;][vc_column_text css=&rdquo;.vc_custom_1530525262128{margin-bottom: 0px !important;}&rdquo;]<\/p><h4>T&Iacute;TULO LISTADO DESCARGABLES<\/h4><p>[\/vc_column_text][mk_custom_list style=&rdquo;mk-li-clip&rdquo;]<\/p><ul>\n<li><a href=\"#\">Enlace a descargable<\/a><\/li>\n<li><a href=\"#\">Enlace a descargable<\/a><\/li>\n<li><a href=\"#\">Enlace a descargable<\/a><\/li>\n<li><a href=\"#\">Enlace a descargable<\/a><\/li>\n<li><a href=\"#\">Enlace a descargable<\/a><\/li>\n<\/ul><p>[\/mk_custom_list][\/vc_column_inner][vc_column_inner width=&rdquo;1\/2&Prime;][vc_column_text css=&rdquo;.vc_custom_1530525290364{margin-bottom: 0px !important;}&rdquo;]<\/p><h4>T&Iacute;TULO LISTADO ENLACES<\/h4><p>[\/vc_column_text][mk_custom_list style=&rdquo;mk-moon-link&rdquo;]<\/p><ul>\n<li><a href=\"#\">Enlace a link<\/a><\/li>\n<li><a href=\"#\">Enlace a link<\/a><\/li>\n<li><a href=\"#\">Enlace a link<\/a><\/li>\n<li><a href=\"#\">Enlace a link<\/a><\/li>\n<li><a href=\"#\">Enlace a link<\/a><\/li>\n<\/ul><p>[\/mk_custom_list][\/vc_column_inner][\/vc_row_inner][vc_column_text css=&rdquo;.vc_custom_1530525668189{margin-bottom: 0px !important;}&rdquo;]<strong>Listados de enlaces:<\/strong> para todos los listados con enlaces, bien sean con adjuntos o enlaces a otras p&aacute;ginas (links). Llevar&aacute;n categor&iacute;as y un shortcode para insertarlos en otras p&aacute;ginas. La categor&iacute;a puede ser el nombre del propio post type, por ej. DOCUMENTACI&Oacute;N, y dentro subcategor&iacute;as SI NECESITA.<\/p><p><strong>Funcionamiento:<\/strong> Insertamos categor&iacute;a de listado, ponemos un t&iacute;tulo al listado e insertamos el enlace (adjunto o link) y seleccionamos el tipo de icono correspondiente: clip o cadena. Se genera un<strong> shortcode<\/strong> que copiamos y pegamos en la p&aacute;gina correspondiente (no se si crear&aacute;s algo para meter los shortcodes en las p&aacute;ginas).<\/p><p>Cada tipo de enlace lleva un icono distinto:[\/vc_column_text][\/vc_column][\/vc_row]<\/p>\n","protected":false},"excerpt":{"rendered":"<p>[vc_row][vc_column][vc_column_text css=&rdquo;.vc_custom_1530525631558{margin-bottom: 0px !important;}&rdquo;]Se aplica en listados de enlaces &nbsp;(sin definir)[\/vc_column_text][vc_row_inner][vc_column_inner width=&rdquo;1\/2&Prime;][vc_column_text css=&rdquo;.vc_custom_1530525262128{margin-bottom: 0px !important;}&rdquo;]T&Iacute;TULO LISTADO DESCARGABLES[\/vc_column_text][mk_custom_list style=&rdquo;mk-li-clip&rdquo;] Enlace a descargable Enlace a descargable Enlace a descargable Enlace a descargable Enlace a descargable [\/mk_custom_list][\/vc_column_inner][vc_column_inner width=&rdquo;1\/2&Prime;][vc_column_text css=&rdquo;.vc_custom_1530525290364{margin-bottom: 0px !important;}&rdquo;]T&Iacute;TULO LISTADO ENLACES[\/vc_column_text][mk_custom_list style=&rdquo;mk-moon-link&rdquo;] Enlace a link Enlace a link Enlace a link Enlace a link Enlace a [&hellip;]<\/p>\n","protected":false},"author":2,"featured_media":0,"parent":0,"menu_order":0,"comment_status":"closed","ping_status":"closed","template":"","meta":{"footnotes":""},"class_list":["post-8333","page","type-page","status-publish","hentry"],"yoast_head":"<!-- This site is optimized with the Yoast SEO plugin v27.5 - https:\/\/yoast.com\/product\/yoast-seo-wordpress\/ -->\r\n<title>LISTADO DE ENLACES EUS - Ayuntamiento Valle de Eg\u00fc\u00e9s | Eguesibarko Udala<\/title>\r\n<meta name=\"robots\" content=\"index, follow, max-snippet:-1, max-image-preview:large, max-video-preview:-1\" \/>\r\n<link rel=\"canonical\" href=\"https:\/\/www.valledeegues.com\/eu\/listado-de-enlaces-eus\/\" \/>\r\n<meta property=\"og:locale\" content=\"eu_ES\" \/>\r\n<meta property=\"og:type\" content=\"article\" \/>\r\n<meta property=\"og:title\" content=\"LISTADO DE ENLACES EUS - Ayuntamiento Valle de Eg\u00fc\u00e9s | Eguesibarko Udala\" \/>\r\n<meta property=\"og:description\" content=\"[vc_row][vc_column][vc_column_text css=&rdquo;.vc_custom_1530525631558{margin-bottom: 0px !important;}&rdquo;]Se aplica en listados de enlaces &nbsp;(sin definir)[\/vc_column_text][vc_row_inner][vc_column_inner width=&rdquo;1\/2&Prime;][vc_column_text css=&rdquo;.vc_custom_1530525262128{margin-bottom: 0px !important;}&rdquo;]T&Iacute;TULO LISTADO DESCARGABLES[\/vc_column_text][mk_custom_list style=&rdquo;mk-li-clip&rdquo;] Enlace a descargable Enlace a descargable Enlace a descargable Enlace a descargable Enlace a descargable [\/mk_custom_list][\/vc_column_inner][vc_column_inner width=&rdquo;1\/2&Prime;][vc_column_text css=&rdquo;.vc_custom_1530525290364{margin-bottom: 0px !important;}&rdquo;]T&Iacute;TULO LISTADO ENLACES[\/vc_column_text][mk_custom_list style=&rdquo;mk-moon-link&rdquo;] Enlace a link Enlace a link Enlace a link Enlace a link Enlace a [&hellip;]\" \/>\r\n<meta property=\"og:url\" content=\"https:\/\/www.valledeegues.com\/eu\/listado-de-enlaces-eus\/\" \/>\r\n<meta property=\"og:site_name\" content=\"Ayuntamiento Valle de Eg\u00fc\u00e9s | Eguesibarko Udala\" \/>\r\n<meta property=\"article:publisher\" content=\"https:\/\/www.facebook.com\/EguesEguesibar\" \/>\r\n<meta name=\"twitter:card\" content=\"summary_large_image\" \/>\r\n<meta name=\"twitter:site\" content=\"@AValledeEgues\" \/>\r\n<meta name=\"twitter:label1\" content=\"Est. reading time\" \/>\n\t<meta name=\"twitter:data1\" content=\"1 minute\" \/>\r\n<script type=\"application\/ld+json\" class=\"yoast-schema-graph\">{\"@context\":\"https:\\\/\\\/schema.org\",\"@graph\":[{\"@type\":\"WebPage\",\"@id\":\"https:\\\/\\\/www.valledeegues.com\\\/eu\\\/listado-de-enlaces-eus\\\/\",\"url\":\"https:\\\/\\\/www.valledeegues.com\\\/eu\\\/listado-de-enlaces-eus\\\/\",\"name\":\"LISTADO DE ENLACES EUS - Ayuntamiento Valle de Eg\u00fc\u00e9s | Eguesibarko Udala\",\"isPartOf\":{\"@id\":\"https:\\\/\\\/www.valledeegues.com\\\/eu\\\/#website\"},\"datePublished\":\"2019-01-10T06:31:35+00:00\",\"breadcrumb\":{\"@id\":\"https:\\\/\\\/www.valledeegues.com\\\/eu\\\/listado-de-enlaces-eus\\\/#breadcrumb\"},\"inLanguage\":\"eu-ES\",\"potentialAction\":[{\"@type\":\"ReadAction\",\"target\":[\"https:\\\/\\\/www.valledeegues.com\\\/eu\\\/listado-de-enlaces-eus\\\/\"]}]},{\"@type\":\"BreadcrumbList\",\"@id\":\"https:\\\/\\\/www.valledeegues.com\\\/eu\\\/listado-de-enlaces-eus\\\/#breadcrumb\",\"itemListElement\":[{\"@type\":\"ListItem\",\"position\":1,\"name\":\"Azala\",\"item\":\"https:\\\/\\\/www.valledeegues.com\\\/eu\\\/\"},{\"@type\":\"ListItem\",\"position\":2,\"name\":\"LISTADO DE ENLACES EUS\"}]},{\"@type\":\"WebSite\",\"@id\":\"https:\\\/\\\/www.valledeegues.com\\\/eu\\\/#website\",\"url\":\"https:\\\/\\\/www.valledeegues.com\\\/eu\\\/\",\"name\":\"Ayuntamiento Valle de Eg\u00fc\u00e9s | Eguesibarko Udala\",\"description\":\"Ayuntamiento Valle de Eg\u00fc\u00e9s | Eguesibarko Udala\",\"publisher\":{\"@id\":\"https:\\\/\\\/www.valledeegues.com\\\/eu\\\/#organization\"},\"potentialAction\":[{\"@type\":\"SearchAction\",\"target\":{\"@type\":\"EntryPoint\",\"urlTemplate\":\"https:\\\/\\\/www.valledeegues.com\\\/eu\\\/?s={search_term_string}\"},\"query-input\":{\"@type\":\"PropertyValueSpecification\",\"valueRequired\":true,\"valueName\":\"search_term_string\"}}],\"inLanguage\":\"eu-ES\"},{\"@type\":\"Organization\",\"@id\":\"https:\\\/\\\/www.valledeegues.com\\\/eu\\\/#organization\",\"name\":\"Ayuntamiento Valle de Egues\",\"url\":\"https:\\\/\\\/www.valledeegues.com\\\/eu\\\/\",\"logo\":{\"@type\":\"ImageObject\",\"inLanguage\":\"eu-ES\",\"@id\":\"https:\\\/\\\/www.valledeegues.com\\\/eu\\\/#\\\/schema\\\/logo\\\/image\\\/\",\"url\":\"https:\\\/\\\/www.valledeegues.com\\\/wp-content\\\/uploads\\\/2019\\\/06\\\/logo-egues-escudo.svg\",\"contentUrl\":\"https:\\\/\\\/www.valledeegues.com\\\/wp-content\\\/uploads\\\/2019\\\/06\\\/logo-egues-escudo.svg\",\"width\":529,\"height\":125,\"caption\":\"Ayuntamiento Valle de Egues\"},\"image\":{\"@id\":\"https:\\\/\\\/www.valledeegues.com\\\/eu\\\/#\\\/schema\\\/logo\\\/image\\\/\"},\"sameAs\":[\"https:\\\/\\\/www.facebook.com\\\/EguesEguesibar\",\"https:\\\/\\\/x.com\\\/AValledeEgues\",\"https:\\\/\\\/www.youtube.com\\\/channel\\\/UCUPvmkTy56ZAhGTVrzg4uDQ\"]}]}<\/script>\r\n<!-- \/ Yoast SEO plugin. -->","yoast_head_json":{"title":"LISTADO DE ENLACES EUS - Ayuntamiento Valle de Eg\u00fc\u00e9s | Eguesibarko Udala","robots":{"index":"index","follow":"follow","max-snippet":"max-snippet:-1","max-image-preview":"max-image-preview:large","max-video-preview":"max-video-preview:-1"},"canonical":"https:\/\/www.valledeegues.com\/eu\/listado-de-enlaces-eus\/","og_locale":"eu_ES","og_type":"article","og_title":"LISTADO DE ENLACES EUS - Ayuntamiento Valle de Eg\u00fc\u00e9s | Eguesibarko Udala","og_description":"[vc_row][vc_column][vc_column_text css=&rdquo;.vc_custom_1530525631558{margin-bottom: 0px !important;}&rdquo;]Se aplica en listados de enlaces &nbsp;(sin definir)[\/vc_column_text][vc_row_inner][vc_column_inner width=&rdquo;1\/2&Prime;][vc_column_text css=&rdquo;.vc_custom_1530525262128{margin-bottom: 0px !important;}&rdquo;]T&Iacute;TULO LISTADO DESCARGABLES[\/vc_column_text][mk_custom_list style=&rdquo;mk-li-clip&rdquo;] Enlace a descargable Enlace a descargable Enlace a descargable Enlace a descargable Enlace a descargable [\/mk_custom_list][\/vc_column_inner][vc_column_inner width=&rdquo;1\/2&Prime;][vc_column_text css=&rdquo;.vc_custom_1530525290364{margin-bottom: 0px !important;}&rdquo;]T&Iacute;TULO LISTADO ENLACES[\/vc_column_text][mk_custom_list style=&rdquo;mk-moon-link&rdquo;] Enlace a link Enlace a link Enlace a link Enlace a link Enlace a [&hellip;]","og_url":"https:\/\/www.valledeegues.com\/eu\/listado-de-enlaces-eus\/","og_site_name":"Ayuntamiento Valle de Eg\u00fc\u00e9s | Eguesibarko Udala","article_publisher":"https:\/\/www.facebook.com\/EguesEguesibar","twitter_card":"summary_large_image","twitter_site":"@AValledeEgues","twitter_misc":{"Est. reading time":"1 minute"},"schema":{"@context":"https:\/\/schema.org","@graph":[{"@type":"WebPage","@id":"https:\/\/www.valledeegues.com\/eu\/listado-de-enlaces-eus\/","url":"https:\/\/www.valledeegues.com\/eu\/listado-de-enlaces-eus\/","name":"LISTADO DE ENLACES EUS - Ayuntamiento Valle de Eg\u00fc\u00e9s | Eguesibarko Udala","isPartOf":{"@id":"https:\/\/www.valledeegues.com\/eu\/#website"},"datePublished":"2019-01-10T06:31:35+00:00","breadcrumb":{"@id":"https:\/\/www.valledeegues.com\/eu\/listado-de-enlaces-eus\/#breadcrumb"},"inLanguage":"eu-ES","potentialAction":[{"@type":"ReadAction","target":["https:\/\/www.valledeegues.com\/eu\/listado-de-enlaces-eus\/"]}]},{"@type":"BreadcrumbList","@id":"https:\/\/www.valledeegues.com\/eu\/listado-de-enlaces-eus\/#breadcrumb","itemListElement":[{"@type":"ListItem","position":1,"name":"Azala","item":"https:\/\/www.valledeegues.com\/eu\/"},{"@type":"ListItem","position":2,"name":"LISTADO DE ENLACES EUS"}]},{"@type":"WebSite","@id":"https:\/\/www.valledeegues.com\/eu\/#website","url":"https:\/\/www.valledeegues.com\/eu\/","name":"Ayuntamiento Valle de Eg\u00fc\u00e9s | Eguesibarko Udala","description":"Ayuntamiento Valle de Eg\u00fc\u00e9s | Eguesibarko Udala","publisher":{"@id":"https:\/\/www.valledeegues.com\/eu\/#organization"},"potentialAction":[{"@type":"SearchAction","target":{"@type":"EntryPoint","urlTemplate":"https:\/\/www.valledeegues.com\/eu\/?s={search_term_string}"},"query-input":{"@type":"PropertyValueSpecification","valueRequired":true,"valueName":"search_term_string"}}],"inLanguage":"eu-ES"},{"@type":"Organization","@id":"https:\/\/www.valledeegues.com\/eu\/#organization","name":"Ayuntamiento Valle de Egues","url":"https:\/\/www.valledeegues.com\/eu\/","logo":{"@type":"ImageObject","inLanguage":"eu-ES","@id":"https:\/\/www.valledeegues.com\/eu\/#\/schema\/logo\/image\/","url":"https:\/\/www.valledeegues.com\/wp-content\/uploads\/2019\/06\/logo-egues-escudo.svg","contentUrl":"https:\/\/www.valledeegues.com\/wp-content\/uploads\/2019\/06\/logo-egues-escudo.svg","width":529,"height":125,"caption":"Ayuntamiento Valle de Egues"},"image":{"@id":"https:\/\/www.valledeegues.com\/eu\/#\/schema\/logo\/image\/"},"sameAs":["https:\/\/www.facebook.com\/EguesEguesibar","https:\/\/x.com\/AValledeEgues","https:\/\/www.youtube.com\/channel\/UCUPvmkTy56ZAhGTVrzg4uDQ"]}]}},"_links":{"self":[{"href":"https:\/\/www.valledeegues.com\/eu\/wp-json\/wp\/v2\/pages\/8333","targetHints":{"allow":["GET"]}}],"collection":[{"href":"https:\/\/www.valledeegues.com\/eu\/wp-json\/wp\/v2\/pages"}],"about":[{"href":"https:\/\/www.valledeegues.com\/eu\/wp-json\/wp\/v2\/types\/page"}],"author":[{"embeddable":true,"href":"https:\/\/www.valledeegues.com\/eu\/wp-json\/wp\/v2\/users\/2"}],"replies":[{"embeddable":true,"href":"https:\/\/www.valledeegues.com\/eu\/wp-json\/wp\/v2\/comments?post=8333"}],"version-history":[{"count":2,"href":"https:\/\/www.valledeegues.com\/eu\/wp-json\/wp\/v2\/pages\/8333\/revisions"}],"predecessor-version":[{"id":8351,"href":"https:\/\/www.valledeegues.com\/eu\/wp-json\/wp\/v2\/pages\/8333\/revisions\/8351"}],"wp:attachment":[{"href":"https:\/\/www.valledeegues.com\/eu\/wp-json\/wp\/v2\/media?parent=8333"}],"curies":[{"name":"wp","href":"https:\/\/api.w.org\/{rel}","templated":true}]}}