{"id":8290,"date":"2019-01-09T13:55:27","date_gmt":"2019-01-09T12:55:27","guid":{"rendered":"https:\/\/www.valledeegues.com\/?page_id=8290"},"modified":"2019-02-22T17:02:42","modified_gmt":"2019-02-22T16:02:42","slug":"partaidetzarako-plan-estrategikoa","status":"publish","type":"page","link":"https:\/\/www.valledeegues.com\/eu\/gardentasuna-eta-herritarren-parte-hartzea\/herritarren-parte-hartzea\/partaidetzarako-plan-estrategikoa\/","title":{"rendered":"Partaidetzarako Plan Estrategikoa"},"content":{"rendered":"<p>[mk_page_section vertical_align=&#8221;top&#8221; bg_image=&#8221;https:\/\/www.valledeegues.com\/wp-content\/uploads\/2018\/11\/transparencia-participacion-egues.jpg&#8221; bg_position=&#8221;center top&#8221; enable_3d=&#8221;true&#8221; min_height=&#8221;150&#8243; full_width=&#8221;true&#8221; padding_top=&#8221;0&#8243; margin_bottom=&#8221;30&#8243; sidebar=&#8221;sidebar-1&#8243;][vc_column][\/vc_column][\/mk_page_section][mk_page_section section_layout=&#8221;right&#8221; padding_top=&#8221;0&#8243; sidebar=&#8221;sidebar-40&#8243;][vc_column css=&#8221;.vc_custom_1542881807652{padding-left: 30px !important;}&#8221;][vc_column_text css=&#8221;.vc_custom_1550851150743{margin-bottom: 0px !important;}&#8221;]<span lang=\"EU\">Partaidetzarako Plan Estrategikoa 2017ko irailean jarri zen abian eta haren diseinua 2018ko maiatzean bukatu zen. <\/span><\/p>\n<p><span lang=\"EU\">Hainbat gairi lotutako elkarte, herritar eta teknikariek parte hartu zuten. Honatx gaiak: identitatea eta kontzejuak, euskara, berdintasuna, bizikidetza, bizi-kalitatea, ingurumena, toki-garapena eta gazteria.<\/span><\/p>\n<p><span lang=\"EU\">Guztira, 253 partaidetza izan dira: 147, diagnosi-fasean, eta 106, Ekintza Plana prestatzeko fasean. <\/span>[\/vc_column_text][mk_custom_list]Prozesuan, herritarrendako funtsezko 6 gai atzeman dira:<\/p>\n<ul>\n<li>Identitatea.<\/li>\n<li>Komunikazioa.<\/li>\n<li>Kultura parte-hartzailea.<\/li>\n<li>Gazteria.<\/li>\n<li>Gizarte-dibertsitatea.<\/li>\n<li>Topalekuak.<\/li>\n<\/ul>\n<p>[\/mk_custom_list][mk_image src=&#8221;https:\/\/www.valledeegues.com\/wp-content\/uploads\/2018\/12\/participacion-egues.jpg&#8221; image_size=&#8221;full&#8221;][vc_empty_space height=&#8221;20px&#8221;][vc_column_text css=&#8221;.vc_custom_1550851233061{margin-bottom: 0px !important;}&#8221;]<span lang=\"EU\">Ekintza Planean, gainera, 44 jarduketa lehenetsi dira, partaidetza-guneetan proposaturiko 109en artean. Hona hemen partaidetza-guneak: laborategiak, elkarrizketak, lan taldeak, etab.\u00a0<\/span><\/p>\n<p><span lang=\"EU\">Jarduketak <\/span><strong><span lang=\"EU\">lau gai arlotan\u00a0<\/span><\/strong><span lang=\"EU\">bildu dira:<\/span>[\/vc_column_text][vc_row_inner attached=&#8221;true&#8221; column_padding=&#8221;1&#8243;][vc_column_inner width=&#8221;1\/4&#8243;][mk_custom_box bg_color=&#8221;#ea4b50&#8243;][vc_column_text css=&#8221;.vc_custom_1550851251112{margin-bottom: -12px !important;}&#8221;]<\/p>\n<h4 style=\"text-align: center;\"><span lang=\"ES\" style=\"color: #ffffff;\">norabide anitzeko komunikazio eraginkorra<br \/>\n<\/span><\/h4>\n<p>[\/vc_column_text][\/mk_custom_box][\/vc_column_inner][vc_column_inner width=&#8221;1\/4&#8243;][mk_custom_box bg_color=&#8221;#ea4b50&#8243;][vc_column_text css=&#8221;.vc_custom_1550851265631{margin-bottom: -12px !important;}&#8221;]<\/p>\n<h4 style=\"text-align: center;\"><span lang=\"ES\" style=\"color: #ffffff;\">udala herritarrei zabalik<\/span><\/h4>\n<p>[\/vc_column_text][\/mk_custom_box][\/vc_column_inner][vc_column_inner width=&#8221;1\/4&#8243;][mk_custom_box bg_color=&#8221;#ea4b50&#8243;][vc_column_text css=&#8221;.vc_custom_1550851281988{margin-top: 10px !important;margin-bottom: -3px !important;}&#8221;]<\/p>\n<h4 style=\"text-align: center;\"><span lang=\"ES\" style=\"color: #ffffff;\">eraikuntza kolektiboa<\/span><\/h4>\n<p>[\/vc_column_text][\/mk_custom_box][\/vc_column_inner][vc_column_inner width=&#8221;1\/4&#8243;][mk_custom_box bg_color=&#8221;#ea4b50&#8243;][vc_column_text css=&#8221;.vc_custom_1550851296780{margin-top: 10px !important;margin-bottom: -3px !important;}&#8221;]<\/p>\n<h4 style=\"text-align: center;\"><span lang=\"ES\" style=\"color: #ffffff;\">kultura parte-hartzailea<\/span><\/h4>\n<p>[\/vc_column_text][\/mk_custom_box][\/vc_column_inner][\/vc_row_inner][vc_empty_space height=&#8221;20px&#8221;][vc_row_inner][vc_column_inner width=&#8221;1\/2&#8243;][mk_custom_list]Partaidetzarako Plan Estrategikoaren ondorioz, ekimen hauek egin dira edo egiten ari dira:<\/p>\n<ul>\n<li>The walking D\u2019Egues.<\/li>\n<li>Ibilbideak Ibarrean barna.<\/li>\n<li>Haur organoa.<\/li>\n<li>Lorea.<\/li>\n<li>Komunikazio Plana.<\/li>\n<li>Webgunea.<\/li>\n<\/ul>\n<p>[\/mk_custom_list][\/vc_column_inner][vc_column_inner width=&#8221;1\/2&#8243;][mk_button dimension=&#8221;flat&#8221; corner_style=&#8221;rounded&#8221; size=&#8221;x-large&#8221; icon=&#8221;mk-icon-file-pdf-o&#8221; url=&#8221;https:\/\/www.valledeegues.com\/wp-content\/uploads\/2019\/01\/pep-diagnostico.pdf&#8221; target=&#8221;_blank&#8221; align=&#8221;right&#8221; button_custom_width=&#8221;300&#8243; margin_right=&#8221;0&#8243; bg_color=&#8221;#af9a74&#8243; btn_hover_bg=&#8221;#af8300&#8243;]DIAGNOSIA[\/mk_button][mk_button dimension=&#8221;flat&#8221; corner_style=&#8221;rounded&#8221; size=&#8221;x-large&#8221; icon=&#8221;mk-icon-file-pdf-o&#8221; url=&#8221;https:\/\/www.valledeegues.com\/wp-content\/uploads\/2019\/01\/plan-de-accion.pdf&#8221; target=&#8221;_blank&#8221; align=&#8221;right&#8221; button_custom_width=&#8221;300&#8243; margin_right=&#8221;0&#8243; bg_color=&#8221;#af9a74&#8243; btn_hover_bg=&#8221;#af8300&#8243;]EKINTZA-PLANA[\/mk_button][\/vc_column_inner][\/vc_row_inner][\/vc_column][\/mk_page_section][vc_row fullwidth=&#8221;true&#8221; fullwidth_content=&#8221;false&#8221; css=&#8221;.vc_custom_1536324679350{margin-top: 0px !important;margin-right: 40px !important;margin-left: 40px !important;padding-top: 20px !important;padding-right: 40px !important;padding-left: 40px !important;background-color: #f0f0f0 !important;}&#8221;][vc_column][mk_blog_carousel title=&#8221;HONEKIN LOTUTAKO BERRIAK&#8221; count=&#8221;-1&#8243; cat=&#8221;205&#8243;][\/vc_column][\/vc_row]<\/p>\n","protected":false},"excerpt":{"rendered":"<p>[mk_page_section vertical_align=&#8221;top&#8221; bg_image=&#8221;https:\/\/www.valledeegues.com\/wp-content\/uploads\/2018\/11\/transparencia-participacion-egues.jpg&#8221; bg_position=&#8221;center top&#8221; enable_3d=&#8221;true&#8221; min_height=&#8221;150&#8243; full_width=&#8221;true&#8221; padding_top=&#8221;0&#8243; margin_bottom=&#8221;30&#8243; sidebar=&#8221;sidebar-1&#8243;][vc_column][\/vc_column][\/mk_page_section][mk_page_section section_layout=&#8221;right&#8221; padding_top=&#8221;0&#8243; sidebar=&#8221;sidebar-40&#8243;][vc_column css=&#8221;.vc_custom_1542881807652{padding-left: 30px !important;}&#8221;][vc_column_text css=&#8221;.vc_custom_1550851150743{margin-bottom: 0px !important;}&#8221;]Partaidetzarako Plan Estrategikoa 2017ko irailean jarri zen abian eta haren diseinua 2018ko maiatzean bukatu zen. Hainbat gairi lotutako elkarte, herritar eta teknikariek parte hartu zuten. Honatx gaiak: identitatea eta kontzejuak, euskara, berdintasuna, bizikidetza, bizi-kalitatea, ingurumena, toki-garapena [&hellip;]<\/p>\n","protected":false},"author":2,"featured_media":0,"parent":8292,"menu_order":0,"comment_status":"closed","ping_status":"closed","template":"","meta":{"footnotes":""},"class_list":["post-8290","page","type-page","status-publish","hentry"],"yoast_head":"<!-- This site is optimized with the Yoast SEO plugin v27.5 - https:\/\/yoast.com\/product\/yoast-seo-wordpress\/ -->\r\n<title>Partaidetzarako Plan Estrategikoa - Ayuntamiento Valle de Eg\u00fc\u00e9s | Eguesibarko Udala<\/title>\r\n<meta name=\"robots\" content=\"index, follow, max-snippet:-1, max-image-preview:large, max-video-preview:-1\" \/>\r\n<link rel=\"canonical\" href=\"https:\/\/www.valledeegues.com\/eu\/gardentasuna-eta-herritarren-parte-hartzea\/herritarren-parte-hartzea\/partaidetzarako-plan-estrategikoa\/\" \/>\r\n<meta property=\"og:locale\" content=\"eu_ES\" \/>\r\n<meta property=\"og:type\" content=\"article\" \/>\r\n<meta property=\"og:title\" content=\"Partaidetzarako Plan Estrategikoa - Ayuntamiento Valle de Eg\u00fc\u00e9s | Eguesibarko Udala\" \/>\r\n<meta property=\"og:description\" content=\"[mk_page_section vertical_align=&#8221;top&#8221; bg_image=&#8221;https:\/\/www.valledeegues.com\/wp-content\/uploads\/2018\/11\/transparencia-participacion-egues.jpg&#8221; bg_position=&#8221;center top&#8221; enable_3d=&#8221;true&#8221; min_height=&#8221;150&#8243; full_width=&#8221;true&#8221; padding_top=&#8221;0&#8243; margin_bottom=&#8221;30&#8243; sidebar=&#8221;sidebar-1&#8243;][vc_column][\/vc_column][\/mk_page_section][mk_page_section section_layout=&#8221;right&#8221; padding_top=&#8221;0&#8243; sidebar=&#8221;sidebar-40&#8243;][vc_column css=&#8221;.vc_custom_1542881807652{padding-left: 30px !important;}&#8221;][vc_column_text css=&#8221;.vc_custom_1550851150743{margin-bottom: 0px !important;}&#8221;]Partaidetzarako Plan Estrategikoa 2017ko irailean jarri zen abian eta haren diseinua 2018ko maiatzean bukatu zen. Hainbat gairi lotutako elkarte, herritar eta teknikariek parte hartu zuten. Honatx gaiak: identitatea eta kontzejuak, euskara, berdintasuna, bizikidetza, bizi-kalitatea, ingurumena, toki-garapena [&hellip;]\" \/>\r\n<meta property=\"og:url\" content=\"https:\/\/www.valledeegues.com\/eu\/gardentasuna-eta-herritarren-parte-hartzea\/herritarren-parte-hartzea\/partaidetzarako-plan-estrategikoa\/\" \/>\r\n<meta property=\"og:site_name\" content=\"Ayuntamiento Valle de Eg\u00fc\u00e9s | Eguesibarko Udala\" \/>\r\n<meta property=\"article:publisher\" content=\"https:\/\/www.facebook.com\/EguesEguesibar\" \/>\r\n<meta property=\"article:modified_time\" content=\"2019-02-22T16:02:42+00:00\" \/>\r\n<meta name=\"twitter:card\" content=\"summary_large_image\" \/>\r\n<meta name=\"twitter:site\" content=\"@AValledeEgues\" \/>\r\n<meta name=\"twitter:label1\" content=\"Est. reading time\" \/>\n\t<meta name=\"twitter:data1\" content=\"3 minutes\" \/>\r\n<script type=\"application\/ld+json\" class=\"yoast-schema-graph\">{\"@context\":\"https:\\\/\\\/schema.org\",\"@graph\":[{\"@type\":\"WebPage\",\"@id\":\"https:\\\/\\\/www.valledeegues.com\\\/eu\\\/gardentasuna-eta-herritarren-parte-hartzea\\\/herritarren-parte-hartzea\\\/partaidetzarako-plan-estrategikoa\\\/\",\"url\":\"https:\\\/\\\/www.valledeegues.com\\\/eu\\\/gardentasuna-eta-herritarren-parte-hartzea\\\/herritarren-parte-hartzea\\\/partaidetzarako-plan-estrategikoa\\\/\",\"name\":\"Partaidetzarako Plan Estrategikoa - Ayuntamiento Valle de Eg\u00fc\u00e9s | Eguesibarko Udala\",\"isPartOf\":{\"@id\":\"https:\\\/\\\/www.valledeegues.com\\\/eu\\\/#website\"},\"datePublished\":\"2019-01-09T12:55:27+00:00\",\"dateModified\":\"2019-02-22T16:02:42+00:00\",\"breadcrumb\":{\"@id\":\"https:\\\/\\\/www.valledeegues.com\\\/eu\\\/gardentasuna-eta-herritarren-parte-hartzea\\\/herritarren-parte-hartzea\\\/partaidetzarako-plan-estrategikoa\\\/#breadcrumb\"},\"inLanguage\":\"eu-ES\",\"potentialAction\":[{\"@type\":\"ReadAction\",\"target\":[\"https:\\\/\\\/www.valledeegues.com\\\/eu\\\/gardentasuna-eta-herritarren-parte-hartzea\\\/herritarren-parte-hartzea\\\/partaidetzarako-plan-estrategikoa\\\/\"]}]},{\"@type\":\"BreadcrumbList\",\"@id\":\"https:\\\/\\\/www.valledeegues.com\\\/eu\\\/gardentasuna-eta-herritarren-parte-hartzea\\\/herritarren-parte-hartzea\\\/partaidetzarako-plan-estrategikoa\\\/#breadcrumb\",\"itemListElement\":[{\"@type\":\"ListItem\",\"position\":1,\"name\":\"Azala\",\"item\":\"https:\\\/\\\/www.valledeegues.com\\\/eu\\\/\"},{\"@type\":\"ListItem\",\"position\":2,\"name\":\"Gardentasuna eta herritarren parte-hartzea\",\"item\":\"https:\\\/\\\/www.valledeegues.com\\\/eu\\\/gardentasuna-eta-herritarren-parte-hartzea\\\/\"},{\"@type\":\"ListItem\",\"position\":3,\"name\":\"HERRITARREN PARTE-HARTZEA\",\"item\":\"https:\\\/\\\/www.valledeegues.com\\\/eu\\\/gardentasuna-eta-herritarren-parte-hartzea\\\/herritarren-parte-hartzea\\\/\"},{\"@type\":\"ListItem\",\"position\":4,\"name\":\"Partaidetzarako Plan Estrategikoa\"}]},{\"@type\":\"WebSite\",\"@id\":\"https:\\\/\\\/www.valledeegues.com\\\/eu\\\/#website\",\"url\":\"https:\\\/\\\/www.valledeegues.com\\\/eu\\\/\",\"name\":\"Ayuntamiento Valle de Eg\u00fc\u00e9s | Eguesibarko Udala\",\"description\":\"Ayuntamiento Valle de Eg\u00fc\u00e9s | Eguesibarko Udala\",\"publisher\":{\"@id\":\"https:\\\/\\\/www.valledeegues.com\\\/eu\\\/#organization\"},\"potentialAction\":[{\"@type\":\"SearchAction\",\"target\":{\"@type\":\"EntryPoint\",\"urlTemplate\":\"https:\\\/\\\/www.valledeegues.com\\\/eu\\\/?s={search_term_string}\"},\"query-input\":{\"@type\":\"PropertyValueSpecification\",\"valueRequired\":true,\"valueName\":\"search_term_string\"}}],\"inLanguage\":\"eu-ES\"},{\"@type\":\"Organization\",\"@id\":\"https:\\\/\\\/www.valledeegues.com\\\/eu\\\/#organization\",\"name\":\"Ayuntamiento Valle de Egues\",\"url\":\"https:\\\/\\\/www.valledeegues.com\\\/eu\\\/\",\"logo\":{\"@type\":\"ImageObject\",\"inLanguage\":\"eu-ES\",\"@id\":\"https:\\\/\\\/www.valledeegues.com\\\/eu\\\/#\\\/schema\\\/logo\\\/image\\\/\",\"url\":\"https:\\\/\\\/www.valledeegues.com\\\/wp-content\\\/uploads\\\/2019\\\/06\\\/logo-egues-escudo.svg\",\"contentUrl\":\"https:\\\/\\\/www.valledeegues.com\\\/wp-content\\\/uploads\\\/2019\\\/06\\\/logo-egues-escudo.svg\",\"width\":529,\"height\":125,\"caption\":\"Ayuntamiento Valle de Egues\"},\"image\":{\"@id\":\"https:\\\/\\\/www.valledeegues.com\\\/eu\\\/#\\\/schema\\\/logo\\\/image\\\/\"},\"sameAs\":[\"https:\\\/\\\/www.facebook.com\\\/EguesEguesibar\",\"https:\\\/\\\/x.com\\\/AValledeEgues\",\"https:\\\/\\\/www.youtube.com\\\/channel\\\/UCUPvmkTy56ZAhGTVrzg4uDQ\"]}]}<\/script>\r\n<!-- \/ Yoast SEO plugin. -->","yoast_head_json":{"title":"Partaidetzarako Plan Estrategikoa - Ayuntamiento Valle de Eg\u00fc\u00e9s | Eguesibarko Udala","robots":{"index":"index","follow":"follow","max-snippet":"max-snippet:-1","max-image-preview":"max-image-preview:large","max-video-preview":"max-video-preview:-1"},"canonical":"https:\/\/www.valledeegues.com\/eu\/gardentasuna-eta-herritarren-parte-hartzea\/herritarren-parte-hartzea\/partaidetzarako-plan-estrategikoa\/","og_locale":"eu_ES","og_type":"article","og_title":"Partaidetzarako Plan Estrategikoa - Ayuntamiento Valle de Eg\u00fc\u00e9s | Eguesibarko Udala","og_description":"[mk_page_section vertical_align=&#8221;top&#8221; bg_image=&#8221;https:\/\/www.valledeegues.com\/wp-content\/uploads\/2018\/11\/transparencia-participacion-egues.jpg&#8221; bg_position=&#8221;center top&#8221; enable_3d=&#8221;true&#8221; min_height=&#8221;150&#8243; full_width=&#8221;true&#8221; padding_top=&#8221;0&#8243; margin_bottom=&#8221;30&#8243; sidebar=&#8221;sidebar-1&#8243;][vc_column][\/vc_column][\/mk_page_section][mk_page_section section_layout=&#8221;right&#8221; padding_top=&#8221;0&#8243; sidebar=&#8221;sidebar-40&#8243;][vc_column css=&#8221;.vc_custom_1542881807652{padding-left: 30px !important;}&#8221;][vc_column_text css=&#8221;.vc_custom_1550851150743{margin-bottom: 0px !important;}&#8221;]Partaidetzarako Plan Estrategikoa 2017ko irailean jarri zen abian eta haren diseinua 2018ko maiatzean bukatu zen. Hainbat gairi lotutako elkarte, herritar eta teknikariek parte hartu zuten. Honatx gaiak: identitatea eta kontzejuak, euskara, berdintasuna, bizikidetza, bizi-kalitatea, ingurumena, toki-garapena [&hellip;]","og_url":"https:\/\/www.valledeegues.com\/eu\/gardentasuna-eta-herritarren-parte-hartzea\/herritarren-parte-hartzea\/partaidetzarako-plan-estrategikoa\/","og_site_name":"Ayuntamiento Valle de Eg\u00fc\u00e9s | Eguesibarko Udala","article_publisher":"https:\/\/www.facebook.com\/EguesEguesibar","article_modified_time":"2019-02-22T16:02:42+00:00","twitter_card":"summary_large_image","twitter_site":"@AValledeEgues","twitter_misc":{"Est. reading time":"3 minutes"},"schema":{"@context":"https:\/\/schema.org","@graph":[{"@type":"WebPage","@id":"https:\/\/www.valledeegues.com\/eu\/gardentasuna-eta-herritarren-parte-hartzea\/herritarren-parte-hartzea\/partaidetzarako-plan-estrategikoa\/","url":"https:\/\/www.valledeegues.com\/eu\/gardentasuna-eta-herritarren-parte-hartzea\/herritarren-parte-hartzea\/partaidetzarako-plan-estrategikoa\/","name":"Partaidetzarako Plan Estrategikoa - Ayuntamiento Valle de Eg\u00fc\u00e9s | Eguesibarko Udala","isPartOf":{"@id":"https:\/\/www.valledeegues.com\/eu\/#website"},"datePublished":"2019-01-09T12:55:27+00:00","dateModified":"2019-02-22T16:02:42+00:00","breadcrumb":{"@id":"https:\/\/www.valledeegues.com\/eu\/gardentasuna-eta-herritarren-parte-hartzea\/herritarren-parte-hartzea\/partaidetzarako-plan-estrategikoa\/#breadcrumb"},"inLanguage":"eu-ES","potentialAction":[{"@type":"ReadAction","target":["https:\/\/www.valledeegues.com\/eu\/gardentasuna-eta-herritarren-parte-hartzea\/herritarren-parte-hartzea\/partaidetzarako-plan-estrategikoa\/"]}]},{"@type":"BreadcrumbList","@id":"https:\/\/www.valledeegues.com\/eu\/gardentasuna-eta-herritarren-parte-hartzea\/herritarren-parte-hartzea\/partaidetzarako-plan-estrategikoa\/#breadcrumb","itemListElement":[{"@type":"ListItem","position":1,"name":"Azala","item":"https:\/\/www.valledeegues.com\/eu\/"},{"@type":"ListItem","position":2,"name":"Gardentasuna eta herritarren parte-hartzea","item":"https:\/\/www.valledeegues.com\/eu\/gardentasuna-eta-herritarren-parte-hartzea\/"},{"@type":"ListItem","position":3,"name":"HERRITARREN PARTE-HARTZEA","item":"https:\/\/www.valledeegues.com\/eu\/gardentasuna-eta-herritarren-parte-hartzea\/herritarren-parte-hartzea\/"},{"@type":"ListItem","position":4,"name":"Partaidetzarako Plan Estrategikoa"}]},{"@type":"WebSite","@id":"https:\/\/www.valledeegues.com\/eu\/#website","url":"https:\/\/www.valledeegues.com\/eu\/","name":"Ayuntamiento Valle de Eg\u00fc\u00e9s | Eguesibarko Udala","description":"Ayuntamiento Valle de Eg\u00fc\u00e9s | Eguesibarko Udala","publisher":{"@id":"https:\/\/www.valledeegues.com\/eu\/#organization"},"potentialAction":[{"@type":"SearchAction","target":{"@type":"EntryPoint","urlTemplate":"https:\/\/www.valledeegues.com\/eu\/?s={search_term_string}"},"query-input":{"@type":"PropertyValueSpecification","valueRequired":true,"valueName":"search_term_string"}}],"inLanguage":"eu-ES"},{"@type":"Organization","@id":"https:\/\/www.valledeegues.com\/eu\/#organization","name":"Ayuntamiento Valle de Egues","url":"https:\/\/www.valledeegues.com\/eu\/","logo":{"@type":"ImageObject","inLanguage":"eu-ES","@id":"https:\/\/www.valledeegues.com\/eu\/#\/schema\/logo\/image\/","url":"https:\/\/www.valledeegues.com\/wp-content\/uploads\/2019\/06\/logo-egues-escudo.svg","contentUrl":"https:\/\/www.valledeegues.com\/wp-content\/uploads\/2019\/06\/logo-egues-escudo.svg","width":529,"height":125,"caption":"Ayuntamiento Valle de Egues"},"image":{"@id":"https:\/\/www.valledeegues.com\/eu\/#\/schema\/logo\/image\/"},"sameAs":["https:\/\/www.facebook.com\/EguesEguesibar","https:\/\/x.com\/AValledeEgues","https:\/\/www.youtube.com\/channel\/UCUPvmkTy56ZAhGTVrzg4uDQ"]}]}},"_links":{"self":[{"href":"https:\/\/www.valledeegues.com\/eu\/wp-json\/wp\/v2\/pages\/8290","targetHints":{"allow":["GET"]}}],"collection":[{"href":"https:\/\/www.valledeegues.com\/eu\/wp-json\/wp\/v2\/pages"}],"about":[{"href":"https:\/\/www.valledeegues.com\/eu\/wp-json\/wp\/v2\/types\/page"}],"author":[{"embeddable":true,"href":"https:\/\/www.valledeegues.com\/eu\/wp-json\/wp\/v2\/users\/2"}],"replies":[{"embeddable":true,"href":"https:\/\/www.valledeegues.com\/eu\/wp-json\/wp\/v2\/comments?post=8290"}],"version-history":[{"count":12,"href":"https:\/\/www.valledeegues.com\/eu\/wp-json\/wp\/v2\/pages\/8290\/revisions"}],"predecessor-version":[{"id":9716,"href":"https:\/\/www.valledeegues.com\/eu\/wp-json\/wp\/v2\/pages\/8290\/revisions\/9716"}],"up":[{"embeddable":true,"href":"https:\/\/www.valledeegues.com\/eu\/wp-json\/wp\/v2\/pages\/8292"}],"wp:attachment":[{"href":"https:\/\/www.valledeegues.com\/eu\/wp-json\/wp\/v2\/media?parent=8290"}],"curies":[{"name":"wp","href":"https:\/\/api.w.org\/{rel}","templated":true}]}}