{"id":8281,"date":"2019-01-09T13:50:03","date_gmt":"2019-01-09T12:50:03","guid":{"rendered":"https:\/\/www.valledeegues.com\/?page_id=8281"},"modified":"2019-02-27T12:29:37","modified_gmt":"2019-02-27T11:29:37","slug":"saltokien-eta-jarduera-ekonomikoaren-gida","status":"publish","type":"page","link":"https:\/\/www.valledeegues.com\/eu\/udal-zerbitzuak\/toki-garapena-eta-enplegua\/merkataritza\/saltokien-eta-jarduera-ekonomikoaren-gida\/","title":{"rendered":"Saltokien eta jarduera ekonomikoaren gida"},"content":{"rendered":"<p>[mk_page_section vertical_align=&#8221;top&#8221; bg_image=&#8221;https:\/\/www.valledeegues.com\/wp-content\/uploads\/2018\/11\/desarrrollo-local-egues.jpg&#8221; bg_position=&#8221;center top&#8221; enable_3d=&#8221;true&#8221; min_height=&#8221;150&#8243; full_width=&#8221;true&#8221; padding_top=&#8221;0&#8243; margin_bottom=&#8221;30&#8243; sidebar=&#8221;sidebar-1&#8243;][vc_column][\/vc_column][\/mk_page_section][mk_page_section section_layout=&#8221;right&#8221; padding_top=&#8221;0&#8243; sidebar=&#8221;sidebar-35&#8243;][vc_column css=&#8221;.vc_custom_1540379758092{margin-bottom: 0px !important;padding-left: 30px !important;}&#8221;][vc_column_text css=&#8221;.vc_custom_1551266924659{margin-bottom: 0px !important;}&#8221;]<\/p>\n<h3>Saltokien eta jarduera ekonomikoaren gida<\/h3>\n<p>[\/vc_column_text][mk_custom_list]Eguesibarko Udaleko Enplegu eta Toki Garapeneko alorrak Ibarreko <strong>Saltokien eta Jarduera Ekonomikoaren Gida <\/strong>egin du. Honatx helburuak:<\/p>\n<ul>\n<li>Gure eskualdeko merkataritza- eta enpresa-sarea herritarren artean <strong>ezagutzera <\/strong>ematea.<\/li>\n<li>Tokiko kontsumoa <strong>sustatzea<\/strong>, ona baita Ibarreko ekonomia eta gizartea garatzeko.<\/li>\n<\/ul>\n<p><strong>Direktorio\u00a0<\/strong>honetan, Ibarreko establezimendu guztiak aurkituko dituzu, jarduera motaren arabera sailkatuta, non dauden, zer zerbitzu ematen dituzten eta beste zehaztuta.[\/mk_custom_list][\/vc_column][\/mk_page_section][vc_row][vc_column][vc_column_text css=&#8221;.vc_custom_1540826595367{margin-bottom: 0px !important;}&#8221;][campanas_list categorias=\u201dcomercio\u201d][\/vc_column_text][\/vc_column][\/vc_row][vc_row fullwidth=&#8221;true&#8221; fullwidth_content=&#8221;false&#8221; css=&#8221;.vc_custom_1536324679350{margin-top: 0px !important;margin-right: 40px !important;margin-left: 40px !important;padding-top: 20px !important;padding-right: 40px !important;padding-left: 40px !important;background-color: #f0f0f0 !important;}&#8221;][vc_column][mk_blog_carousel title=&#8221;HONEKIN LOTUTAKO BERRIAK&#8221; count=&#8221;-1&#8243; cat=&#8221;188&#8243;][\/vc_column][\/vc_row]<\/p>\n","protected":false},"excerpt":{"rendered":"<p>[mk_page_section vertical_align=&#8221;top&#8221; bg_image=&#8221;https:\/\/www.valledeegues.com\/wp-content\/uploads\/2018\/11\/desarrrollo-local-egues.jpg&#8221; bg_position=&#8221;center top&#8221; enable_3d=&#8221;true&#8221; min_height=&#8221;150&#8243; full_width=&#8221;true&#8221; padding_top=&#8221;0&#8243; margin_bottom=&#8221;30&#8243; sidebar=&#8221;sidebar-1&#8243;][vc_column][\/vc_column][\/mk_page_section][mk_page_section section_layout=&#8221;right&#8221; padding_top=&#8221;0&#8243; sidebar=&#8221;sidebar-35&#8243;][vc_column css=&#8221;.vc_custom_1540379758092{margin-bottom: 0px !important;padding-left: 30px !important;}&#8221;][vc_column_text css=&#8221;.vc_custom_1551266924659{margin-bottom: 0px !important;}&#8221;] Saltokien eta jarduera ekonomikoaren gida [\/vc_column_text][mk_custom_list]Eguesibarko Udaleko Enplegu eta Toki Garapeneko alorrak Ibarreko Saltokien eta Jarduera Ekonomikoaren Gida egin du. Honatx helburuak: Gure eskualdeko merkataritza- eta enpresa-sarea herritarren artean ezagutzera ematea. Tokiko kontsumoa [&hellip;]<\/p>\n","protected":false},"author":2,"featured_media":0,"parent":8007,"menu_order":0,"comment_status":"closed","ping_status":"closed","template":"","meta":{"footnotes":""},"class_list":["post-8281","page","type-page","status-publish","hentry"],"yoast_head":"<!-- This site is optimized with the Yoast SEO plugin v27.5 - https:\/\/yoast.com\/product\/yoast-seo-wordpress\/ -->\r\n<title>Saltokien eta jarduera ekonomikoaren gida - Ayuntamiento Valle de Eg\u00fc\u00e9s | Eguesibarko Udala<\/title>\r\n<meta name=\"robots\" content=\"index, follow, max-snippet:-1, max-image-preview:large, max-video-preview:-1\" \/>\r\n<link rel=\"canonical\" href=\"https:\/\/www.valledeegues.com\/eu\/udal-zerbitzuak\/toki-garapena-eta-enplegua\/merkataritza\/saltokien-eta-jarduera-ekonomikoaren-gida\/\" \/>\r\n<meta property=\"og:locale\" content=\"eu_ES\" \/>\r\n<meta property=\"og:type\" content=\"article\" \/>\r\n<meta property=\"og:title\" content=\"Saltokien eta jarduera ekonomikoaren gida - Ayuntamiento Valle de Eg\u00fc\u00e9s | Eguesibarko Udala\" \/>\r\n<meta property=\"og:description\" content=\"[mk_page_section vertical_align=&#8221;top&#8221; bg_image=&#8221;https:\/\/www.valledeegues.com\/wp-content\/uploads\/2018\/11\/desarrrollo-local-egues.jpg&#8221; bg_position=&#8221;center top&#8221; enable_3d=&#8221;true&#8221; min_height=&#8221;150&#8243; full_width=&#8221;true&#8221; padding_top=&#8221;0&#8243; margin_bottom=&#8221;30&#8243; sidebar=&#8221;sidebar-1&#8243;][vc_column][\/vc_column][\/mk_page_section][mk_page_section section_layout=&#8221;right&#8221; padding_top=&#8221;0&#8243; sidebar=&#8221;sidebar-35&#8243;][vc_column css=&#8221;.vc_custom_1540379758092{margin-bottom: 0px !important;padding-left: 30px !important;}&#8221;][vc_column_text css=&#8221;.vc_custom_1551266924659{margin-bottom: 0px !important;}&#8221;] Saltokien eta jarduera ekonomikoaren gida [\/vc_column_text][mk_custom_list]Eguesibarko Udaleko Enplegu eta Toki Garapeneko alorrak Ibarreko Saltokien eta Jarduera Ekonomikoaren Gida egin du. Honatx helburuak: Gure eskualdeko merkataritza- eta enpresa-sarea herritarren artean ezagutzera ematea. Tokiko kontsumoa [&hellip;]\" \/>\r\n<meta property=\"og:url\" content=\"https:\/\/www.valledeegues.com\/eu\/udal-zerbitzuak\/toki-garapena-eta-enplegua\/merkataritza\/saltokien-eta-jarduera-ekonomikoaren-gida\/\" \/>\r\n<meta property=\"og:site_name\" content=\"Ayuntamiento Valle de Eg\u00fc\u00e9s | Eguesibarko Udala\" \/>\r\n<meta property=\"article:publisher\" content=\"https:\/\/www.facebook.com\/EguesEguesibar\" \/>\r\n<meta property=\"article:modified_time\" content=\"2019-02-27T11:29:37+00:00\" \/>\r\n<meta name=\"twitter:card\" content=\"summary_large_image\" \/>\r\n<meta name=\"twitter:site\" content=\"@AValledeEgues\" \/>\r\n<meta name=\"twitter:label1\" content=\"Est. reading time\" \/>\n\t<meta name=\"twitter:data1\" content=\"1 minute\" \/>\r\n<script type=\"application\/ld+json\" class=\"yoast-schema-graph\">{\"@context\":\"https:\\\/\\\/schema.org\",\"@graph\":[{\"@type\":\"WebPage\",\"@id\":\"https:\\\/\\\/www.valledeegues.com\\\/eu\\\/udal-zerbitzuak\\\/toki-garapena-eta-enplegua\\\/merkataritza\\\/saltokien-eta-jarduera-ekonomikoaren-gida\\\/\",\"url\":\"https:\\\/\\\/www.valledeegues.com\\\/eu\\\/udal-zerbitzuak\\\/toki-garapena-eta-enplegua\\\/merkataritza\\\/saltokien-eta-jarduera-ekonomikoaren-gida\\\/\",\"name\":\"Saltokien eta jarduera ekonomikoaren gida - Ayuntamiento Valle de Eg\u00fc\u00e9s | Eguesibarko Udala\",\"isPartOf\":{\"@id\":\"https:\\\/\\\/www.valledeegues.com\\\/eu\\\/#website\"},\"datePublished\":\"2019-01-09T12:50:03+00:00\",\"dateModified\":\"2019-02-27T11:29:37+00:00\",\"breadcrumb\":{\"@id\":\"https:\\\/\\\/www.valledeegues.com\\\/eu\\\/udal-zerbitzuak\\\/toki-garapena-eta-enplegua\\\/merkataritza\\\/saltokien-eta-jarduera-ekonomikoaren-gida\\\/#breadcrumb\"},\"inLanguage\":\"eu-ES\",\"potentialAction\":[{\"@type\":\"ReadAction\",\"target\":[\"https:\\\/\\\/www.valledeegues.com\\\/eu\\\/udal-zerbitzuak\\\/toki-garapena-eta-enplegua\\\/merkataritza\\\/saltokien-eta-jarduera-ekonomikoaren-gida\\\/\"]}]},{\"@type\":\"BreadcrumbList\",\"@id\":\"https:\\\/\\\/www.valledeegues.com\\\/eu\\\/udal-zerbitzuak\\\/toki-garapena-eta-enplegua\\\/merkataritza\\\/saltokien-eta-jarduera-ekonomikoaren-gida\\\/#breadcrumb\",\"itemListElement\":[{\"@type\":\"ListItem\",\"position\":1,\"name\":\"Azala\",\"item\":\"https:\\\/\\\/www.valledeegues.com\\\/eu\\\/\"},{\"@type\":\"ListItem\",\"position\":2,\"name\":\"Toki Garapena eta Enplegua\",\"item\":\"https:\\\/\\\/www.valledeegues.com\\\/eu\\\/toki-garapena-eta-enplegua\\\/\"},{\"@type\":\"ListItem\",\"position\":3,\"name\":\"Merkataritza\",\"item\":\"https:\\\/\\\/www.valledeegues.com\\\/eu\\\/toki-garapena-eta-enplegua\\\/merkataritza\\\/\"},{\"@type\":\"ListItem\",\"position\":4,\"name\":\"Saltokien eta jarduera ekonomikoaren gida\"}]},{\"@type\":\"WebSite\",\"@id\":\"https:\\\/\\\/www.valledeegues.com\\\/eu\\\/#website\",\"url\":\"https:\\\/\\\/www.valledeegues.com\\\/eu\\\/\",\"name\":\"Ayuntamiento Valle de Eg\u00fc\u00e9s | Eguesibarko Udala\",\"description\":\"Ayuntamiento Valle de Eg\u00fc\u00e9s | Eguesibarko Udala\",\"publisher\":{\"@id\":\"https:\\\/\\\/www.valledeegues.com\\\/eu\\\/#organization\"},\"potentialAction\":[{\"@type\":\"SearchAction\",\"target\":{\"@type\":\"EntryPoint\",\"urlTemplate\":\"https:\\\/\\\/www.valledeegues.com\\\/eu\\\/?s={search_term_string}\"},\"query-input\":{\"@type\":\"PropertyValueSpecification\",\"valueRequired\":true,\"valueName\":\"search_term_string\"}}],\"inLanguage\":\"eu-ES\"},{\"@type\":\"Organization\",\"@id\":\"https:\\\/\\\/www.valledeegues.com\\\/eu\\\/#organization\",\"name\":\"Ayuntamiento Valle de Egues\",\"url\":\"https:\\\/\\\/www.valledeegues.com\\\/eu\\\/\",\"logo\":{\"@type\":\"ImageObject\",\"inLanguage\":\"eu-ES\",\"@id\":\"https:\\\/\\\/www.valledeegues.com\\\/eu\\\/#\\\/schema\\\/logo\\\/image\\\/\",\"url\":\"https:\\\/\\\/www.valledeegues.com\\\/wp-content\\\/uploads\\\/2019\\\/06\\\/logo-egues-escudo.svg\",\"contentUrl\":\"https:\\\/\\\/www.valledeegues.com\\\/wp-content\\\/uploads\\\/2019\\\/06\\\/logo-egues-escudo.svg\",\"width\":529,\"height\":125,\"caption\":\"Ayuntamiento Valle de Egues\"},\"image\":{\"@id\":\"https:\\\/\\\/www.valledeegues.com\\\/eu\\\/#\\\/schema\\\/logo\\\/image\\\/\"},\"sameAs\":[\"https:\\\/\\\/www.facebook.com\\\/EguesEguesibar\",\"https:\\\/\\\/x.com\\\/AValledeEgues\",\"https:\\\/\\\/www.youtube.com\\\/channel\\\/UCUPvmkTy56ZAhGTVrzg4uDQ\"]}]}<\/script>\r\n<!-- \/ Yoast SEO plugin. -->","yoast_head_json":{"title":"Saltokien eta jarduera ekonomikoaren gida - Ayuntamiento Valle de Eg\u00fc\u00e9s | Eguesibarko Udala","robots":{"index":"index","follow":"follow","max-snippet":"max-snippet:-1","max-image-preview":"max-image-preview:large","max-video-preview":"max-video-preview:-1"},"canonical":"https:\/\/www.valledeegues.com\/eu\/udal-zerbitzuak\/toki-garapena-eta-enplegua\/merkataritza\/saltokien-eta-jarduera-ekonomikoaren-gida\/","og_locale":"eu_ES","og_type":"article","og_title":"Saltokien eta jarduera ekonomikoaren gida - Ayuntamiento Valle de Eg\u00fc\u00e9s | Eguesibarko Udala","og_description":"[mk_page_section vertical_align=&#8221;top&#8221; bg_image=&#8221;https:\/\/www.valledeegues.com\/wp-content\/uploads\/2018\/11\/desarrrollo-local-egues.jpg&#8221; bg_position=&#8221;center top&#8221; enable_3d=&#8221;true&#8221; min_height=&#8221;150&#8243; full_width=&#8221;true&#8221; padding_top=&#8221;0&#8243; margin_bottom=&#8221;30&#8243; sidebar=&#8221;sidebar-1&#8243;][vc_column][\/vc_column][\/mk_page_section][mk_page_section section_layout=&#8221;right&#8221; padding_top=&#8221;0&#8243; sidebar=&#8221;sidebar-35&#8243;][vc_column css=&#8221;.vc_custom_1540379758092{margin-bottom: 0px !important;padding-left: 30px !important;}&#8221;][vc_column_text css=&#8221;.vc_custom_1551266924659{margin-bottom: 0px !important;}&#8221;] Saltokien eta jarduera ekonomikoaren gida [\/vc_column_text][mk_custom_list]Eguesibarko Udaleko Enplegu eta Toki Garapeneko alorrak Ibarreko Saltokien eta Jarduera Ekonomikoaren Gida egin du. Honatx helburuak: Gure eskualdeko merkataritza- eta enpresa-sarea herritarren artean ezagutzera ematea. Tokiko kontsumoa [&hellip;]","og_url":"https:\/\/www.valledeegues.com\/eu\/udal-zerbitzuak\/toki-garapena-eta-enplegua\/merkataritza\/saltokien-eta-jarduera-ekonomikoaren-gida\/","og_site_name":"Ayuntamiento Valle de Eg\u00fc\u00e9s | Eguesibarko Udala","article_publisher":"https:\/\/www.facebook.com\/EguesEguesibar","article_modified_time":"2019-02-27T11:29:37+00:00","twitter_card":"summary_large_image","twitter_site":"@AValledeEgues","twitter_misc":{"Est. reading time":"1 minute"},"schema":{"@context":"https:\/\/schema.org","@graph":[{"@type":"WebPage","@id":"https:\/\/www.valledeegues.com\/eu\/udal-zerbitzuak\/toki-garapena-eta-enplegua\/merkataritza\/saltokien-eta-jarduera-ekonomikoaren-gida\/","url":"https:\/\/www.valledeegues.com\/eu\/udal-zerbitzuak\/toki-garapena-eta-enplegua\/merkataritza\/saltokien-eta-jarduera-ekonomikoaren-gida\/","name":"Saltokien eta jarduera ekonomikoaren gida - Ayuntamiento Valle de Eg\u00fc\u00e9s | Eguesibarko Udala","isPartOf":{"@id":"https:\/\/www.valledeegues.com\/eu\/#website"},"datePublished":"2019-01-09T12:50:03+00:00","dateModified":"2019-02-27T11:29:37+00:00","breadcrumb":{"@id":"https:\/\/www.valledeegues.com\/eu\/udal-zerbitzuak\/toki-garapena-eta-enplegua\/merkataritza\/saltokien-eta-jarduera-ekonomikoaren-gida\/#breadcrumb"},"inLanguage":"eu-ES","potentialAction":[{"@type":"ReadAction","target":["https:\/\/www.valledeegues.com\/eu\/udal-zerbitzuak\/toki-garapena-eta-enplegua\/merkataritza\/saltokien-eta-jarduera-ekonomikoaren-gida\/"]}]},{"@type":"BreadcrumbList","@id":"https:\/\/www.valledeegues.com\/eu\/udal-zerbitzuak\/toki-garapena-eta-enplegua\/merkataritza\/saltokien-eta-jarduera-ekonomikoaren-gida\/#breadcrumb","itemListElement":[{"@type":"ListItem","position":1,"name":"Azala","item":"https:\/\/www.valledeegues.com\/eu\/"},{"@type":"ListItem","position":2,"name":"Toki Garapena eta Enplegua","item":"https:\/\/www.valledeegues.com\/eu\/toki-garapena-eta-enplegua\/"},{"@type":"ListItem","position":3,"name":"Merkataritza","item":"https:\/\/www.valledeegues.com\/eu\/toki-garapena-eta-enplegua\/merkataritza\/"},{"@type":"ListItem","position":4,"name":"Saltokien eta jarduera ekonomikoaren gida"}]},{"@type":"WebSite","@id":"https:\/\/www.valledeegues.com\/eu\/#website","url":"https:\/\/www.valledeegues.com\/eu\/","name":"Ayuntamiento Valle de Eg\u00fc\u00e9s | Eguesibarko Udala","description":"Ayuntamiento Valle de Eg\u00fc\u00e9s | Eguesibarko Udala","publisher":{"@id":"https:\/\/www.valledeegues.com\/eu\/#organization"},"potentialAction":[{"@type":"SearchAction","target":{"@type":"EntryPoint","urlTemplate":"https:\/\/www.valledeegues.com\/eu\/?s={search_term_string}"},"query-input":{"@type":"PropertyValueSpecification","valueRequired":true,"valueName":"search_term_string"}}],"inLanguage":"eu-ES"},{"@type":"Organization","@id":"https:\/\/www.valledeegues.com\/eu\/#organization","name":"Ayuntamiento Valle de Egues","url":"https:\/\/www.valledeegues.com\/eu\/","logo":{"@type":"ImageObject","inLanguage":"eu-ES","@id":"https:\/\/www.valledeegues.com\/eu\/#\/schema\/logo\/image\/","url":"https:\/\/www.valledeegues.com\/wp-content\/uploads\/2019\/06\/logo-egues-escudo.svg","contentUrl":"https:\/\/www.valledeegues.com\/wp-content\/uploads\/2019\/06\/logo-egues-escudo.svg","width":529,"height":125,"caption":"Ayuntamiento Valle de Egues"},"image":{"@id":"https:\/\/www.valledeegues.com\/eu\/#\/schema\/logo\/image\/"},"sameAs":["https:\/\/www.facebook.com\/EguesEguesibar","https:\/\/x.com\/AValledeEgues","https:\/\/www.youtube.com\/channel\/UCUPvmkTy56ZAhGTVrzg4uDQ"]}]}},"_links":{"self":[{"href":"https:\/\/www.valledeegues.com\/eu\/wp-json\/wp\/v2\/pages\/8281","targetHints":{"allow":["GET"]}}],"collection":[{"href":"https:\/\/www.valledeegues.com\/eu\/wp-json\/wp\/v2\/pages"}],"about":[{"href":"https:\/\/www.valledeegues.com\/eu\/wp-json\/wp\/v2\/types\/page"}],"author":[{"embeddable":true,"href":"https:\/\/www.valledeegues.com\/eu\/wp-json\/wp\/v2\/users\/2"}],"replies":[{"embeddable":true,"href":"https:\/\/www.valledeegues.com\/eu\/wp-json\/wp\/v2\/comments?post=8281"}],"version-history":[{"count":6,"href":"https:\/\/www.valledeegues.com\/eu\/wp-json\/wp\/v2\/pages\/8281\/revisions"}],"predecessor-version":[{"id":9917,"href":"https:\/\/www.valledeegues.com\/eu\/wp-json\/wp\/v2\/pages\/8281\/revisions\/9917"}],"up":[{"embeddable":true,"href":"https:\/\/www.valledeegues.com\/eu\/wp-json\/wp\/v2\/pages\/8007"}],"wp:attachment":[{"href":"https:\/\/www.valledeegues.com\/eu\/wp-json\/wp\/v2\/media?parent=8281"}],"curies":[{"name":"wp","href":"https:\/\/api.w.org\/{rel}","templated":true}]}}