{"id":8255,"date":"2018-09-10T16:59:45","date_gmt":"2018-09-10T14:59:45","guid":{"rendered":"https:\/\/www.valledeegues.com\/?page_id=8255"},"modified":"2026-03-20T11:36:15","modified_gmt":"2026-03-20T10:36:15","slug":"behatokia","status":"publish","type":"page","link":"https:\/\/www.valledeegues.com\/eu\/udala\/gobernu-irekia\/behatokia\/","title":{"rendered":"Hiri-Behatokia"},"content":{"rendered":"<?xml encoding=\"utf-8\" ?><p><a href=\"wp-content\/uploads\/2018\/09\/observatorio-egues.jpg\" class=\"doc-link doc-jpg doc-group-image\"><img loading=\"lazy\" decoding=\"async\" class=\"alignnone size-full wp-image-3133\" src=\"wp-content\/uploads\/2018\/09\/observatorio-egues.jpg\" alt=\"observatorio-egues\" width=\"900\" height=\"600\" srcset=\"https:\/\/www.valledeegues.com\/wp-content\/uploads\/2018\/09\/observatorio-egues.jpg 900w, https:\/\/www.valledeegues.com\/wp-content\/uploads\/2018\/09\/observatorio-egues-300x200.jpg 300w, https:\/\/www.valledeegues.com\/wp-content\/uploads\/2018\/09\/observatorio-egues-768x512.jpg 768w\" sizes=\"auto, (max-width: 900px) 100vw, 900px\"><\/a><\/p><p>Behatokia sortuz, Eguesibarko Udalak behar den informazioa eskuratu nahi du Ibarraren gizarteak eta jendeak zer-nolako egoera duten jakiteko, bai eta egoera hori zerk eragin duen eta zer ondorio dituen ikertzeko ere. Helburua da politika publiko egokiak diseinatzea udalerriaren egoera hobetzeko.<\/p><p>Hori dela eta, Eguesibarko Hiri Behatokia hiru helbururekin sortu da. Hona hemen:<\/p><ul>\n<li>Eguesibarko gizartearen, ekonomiaren eta ingurumenaren egoera etengabe aztertzea.<\/li>\n<li>Udalerrian eginen diren plangintzak bultzatzea eta udalaren politika publikoen diseinua sustatzea.<\/li>\n<li>Herritarrei erraztasunak ematea Udalak udalerriaz sortzen duen informazioa eskuratzeko eta plangintzetan parte hartzeko.<\/li>\n<\/ul>\n","protected":false},"excerpt":{"rendered":"<p>Behatokia sortuz, Eguesibarko Udalak behar den informazioa eskuratu nahi du Ibarraren gizarteak eta jendeak zer-nolako egoera duten jakiteko, bai eta egoera hori zerk eragin duen eta zer ondorio dituen ikertzeko ere. Helburua da politika publiko egokiak diseinatzea udalerriaren egoera hobetzeko.Hori dela eta, Eguesibarko Hiri Behatokia hiru helbururekin sortu da. Hona hemen: Eguesibarko gizartearen, ekonomiaren eta [&hellip;]<\/p>\n","protected":false},"author":2,"featured_media":0,"parent":45315,"menu_order":0,"comment_status":"closed","ping_status":"closed","template":"","meta":{"footnotes":""},"class_list":["post-8255","page","type-page","status-publish","hentry"],"yoast_head":"<!-- This site is optimized with the Yoast SEO plugin v27.5 - https:\/\/yoast.com\/product\/yoast-seo-wordpress\/ -->\r\n<title>Hiri-Behatokia - Ayuntamiento Valle de Eg\u00fc\u00e9s | Eguesibarko Udala<\/title>\r\n<meta name=\"robots\" content=\"index, follow, max-snippet:-1, max-image-preview:large, max-video-preview:-1\" \/>\r\n<link rel=\"canonical\" href=\"https:\/\/www.valledeegues.com\/eu\/udala\/gobernu-irekia\/behatokia\/\" \/>\r\n<meta property=\"og:locale\" content=\"eu_ES\" \/>\r\n<meta property=\"og:type\" content=\"article\" \/>\r\n<meta property=\"og:title\" content=\"Hiri-Behatokia - Ayuntamiento Valle de Eg\u00fc\u00e9s | Eguesibarko Udala\" \/>\r\n<meta property=\"og:description\" content=\"Behatokia sortuz, Eguesibarko Udalak behar den informazioa eskuratu nahi du Ibarraren gizarteak eta jendeak zer-nolako egoera duten jakiteko, bai eta egoera hori zerk eragin duen eta zer ondorio dituen ikertzeko ere. Helburua da politika publiko egokiak diseinatzea udalerriaren egoera hobetzeko.Hori dela eta, Eguesibarko Hiri Behatokia hiru helbururekin sortu da. Hona hemen: Eguesibarko gizartearen, ekonomiaren eta [&hellip;]\" \/>\r\n<meta property=\"og:url\" content=\"https:\/\/www.valledeegues.com\/eu\/udala\/gobernu-irekia\/behatokia\/\" \/>\r\n<meta property=\"og:site_name\" content=\"Ayuntamiento Valle de Eg\u00fc\u00e9s | Eguesibarko Udala\" \/>\r\n<meta property=\"article:publisher\" content=\"https:\/\/www.facebook.com\/EguesEguesibar\" \/>\r\n<meta property=\"article:modified_time\" content=\"2026-03-20T10:36:15+00:00\" \/>\r\n<meta name=\"twitter:card\" content=\"summary_large_image\" \/>\r\n<meta name=\"twitter:site\" content=\"@AValledeEgues\" \/>\r\n<script type=\"application\/ld+json\" class=\"yoast-schema-graph\">{\"@context\":\"https:\\\/\\\/schema.org\",\"@graph\":[{\"@type\":\"WebPage\",\"@id\":\"https:\\\/\\\/www.valledeegues.com\\\/eu\\\/udala\\\/gobernu-irekia\\\/behatokia\\\/\",\"url\":\"https:\\\/\\\/www.valledeegues.com\\\/eu\\\/udala\\\/gobernu-irekia\\\/behatokia\\\/\",\"name\":\"Hiri-Behatokia - Ayuntamiento Valle de Eg\u00fc\u00e9s | Eguesibarko Udala\",\"isPartOf\":{\"@id\":\"https:\\\/\\\/www.valledeegues.com\\\/eu\\\/#website\"},\"datePublished\":\"2018-09-10T14:59:45+00:00\",\"dateModified\":\"2026-03-20T10:36:15+00:00\",\"breadcrumb\":{\"@id\":\"https:\\\/\\\/www.valledeegues.com\\\/eu\\\/udala\\\/gobernu-irekia\\\/behatokia\\\/#breadcrumb\"},\"inLanguage\":\"eu-ES\",\"potentialAction\":[{\"@type\":\"ReadAction\",\"target\":[\"https:\\\/\\\/www.valledeegues.com\\\/eu\\\/udala\\\/gobernu-irekia\\\/behatokia\\\/\"]}]},{\"@type\":\"BreadcrumbList\",\"@id\":\"https:\\\/\\\/www.valledeegues.com\\\/eu\\\/udala\\\/gobernu-irekia\\\/behatokia\\\/#breadcrumb\",\"itemListElement\":[{\"@type\":\"ListItem\",\"position\":1,\"name\":\"Azala\",\"item\":\"https:\\\/\\\/www.valledeegues.com\\\/eu\\\/\"},{\"@type\":\"ListItem\",\"position\":2,\"name\":\"Hiri-Behatokia\"}]},{\"@type\":\"WebSite\",\"@id\":\"https:\\\/\\\/www.valledeegues.com\\\/eu\\\/#website\",\"url\":\"https:\\\/\\\/www.valledeegues.com\\\/eu\\\/\",\"name\":\"Ayuntamiento Valle de Eg\u00fc\u00e9s | Eguesibarko Udala\",\"description\":\"Ayuntamiento Valle de Eg\u00fc\u00e9s | Eguesibarko Udala\",\"publisher\":{\"@id\":\"https:\\\/\\\/www.valledeegues.com\\\/eu\\\/#organization\"},\"potentialAction\":[{\"@type\":\"SearchAction\",\"target\":{\"@type\":\"EntryPoint\",\"urlTemplate\":\"https:\\\/\\\/www.valledeegues.com\\\/eu\\\/?s={search_term_string}\"},\"query-input\":{\"@type\":\"PropertyValueSpecification\",\"valueRequired\":true,\"valueName\":\"search_term_string\"}}],\"inLanguage\":\"eu-ES\"},{\"@type\":\"Organization\",\"@id\":\"https:\\\/\\\/www.valledeegues.com\\\/eu\\\/#organization\",\"name\":\"Ayuntamiento Valle de Egues\",\"url\":\"https:\\\/\\\/www.valledeegues.com\\\/eu\\\/\",\"logo\":{\"@type\":\"ImageObject\",\"inLanguage\":\"eu-ES\",\"@id\":\"https:\\\/\\\/www.valledeegues.com\\\/eu\\\/#\\\/schema\\\/logo\\\/image\\\/\",\"url\":\"https:\\\/\\\/www.valledeegues.com\\\/wp-content\\\/uploads\\\/2019\\\/06\\\/logo-egues-escudo.svg\",\"contentUrl\":\"https:\\\/\\\/www.valledeegues.com\\\/wp-content\\\/uploads\\\/2019\\\/06\\\/logo-egues-escudo.svg\",\"width\":529,\"height\":125,\"caption\":\"Ayuntamiento Valle de Egues\"},\"image\":{\"@id\":\"https:\\\/\\\/www.valledeegues.com\\\/eu\\\/#\\\/schema\\\/logo\\\/image\\\/\"},\"sameAs\":[\"https:\\\/\\\/www.facebook.com\\\/EguesEguesibar\",\"https:\\\/\\\/x.com\\\/AValledeEgues\",\"https:\\\/\\\/www.youtube.com\\\/channel\\\/UCUPvmkTy56ZAhGTVrzg4uDQ\"]}]}<\/script>\r\n<!-- \/ Yoast SEO plugin. -->","yoast_head_json":{"title":"Hiri-Behatokia - Ayuntamiento Valle de Eg\u00fc\u00e9s | Eguesibarko Udala","robots":{"index":"index","follow":"follow","max-snippet":"max-snippet:-1","max-image-preview":"max-image-preview:large","max-video-preview":"max-video-preview:-1"},"canonical":"https:\/\/www.valledeegues.com\/eu\/udala\/gobernu-irekia\/behatokia\/","og_locale":"eu_ES","og_type":"article","og_title":"Hiri-Behatokia - Ayuntamiento Valle de Eg\u00fc\u00e9s | Eguesibarko Udala","og_description":"Behatokia sortuz, Eguesibarko Udalak behar den informazioa eskuratu nahi du Ibarraren gizarteak eta jendeak zer-nolako egoera duten jakiteko, bai eta egoera hori zerk eragin duen eta zer ondorio dituen ikertzeko ere. Helburua da politika publiko egokiak diseinatzea udalerriaren egoera hobetzeko.Hori dela eta, Eguesibarko Hiri Behatokia hiru helbururekin sortu da. Hona hemen: Eguesibarko gizartearen, ekonomiaren eta [&hellip;]","og_url":"https:\/\/www.valledeegues.com\/eu\/udala\/gobernu-irekia\/behatokia\/","og_site_name":"Ayuntamiento Valle de Eg\u00fc\u00e9s | Eguesibarko Udala","article_publisher":"https:\/\/www.facebook.com\/EguesEguesibar","article_modified_time":"2026-03-20T10:36:15+00:00","twitter_card":"summary_large_image","twitter_site":"@AValledeEgues","schema":{"@context":"https:\/\/schema.org","@graph":[{"@type":"WebPage","@id":"https:\/\/www.valledeegues.com\/eu\/udala\/gobernu-irekia\/behatokia\/","url":"https:\/\/www.valledeegues.com\/eu\/udala\/gobernu-irekia\/behatokia\/","name":"Hiri-Behatokia - Ayuntamiento Valle de Eg\u00fc\u00e9s | Eguesibarko Udala","isPartOf":{"@id":"https:\/\/www.valledeegues.com\/eu\/#website"},"datePublished":"2018-09-10T14:59:45+00:00","dateModified":"2026-03-20T10:36:15+00:00","breadcrumb":{"@id":"https:\/\/www.valledeegues.com\/eu\/udala\/gobernu-irekia\/behatokia\/#breadcrumb"},"inLanguage":"eu-ES","potentialAction":[{"@type":"ReadAction","target":["https:\/\/www.valledeegues.com\/eu\/udala\/gobernu-irekia\/behatokia\/"]}]},{"@type":"BreadcrumbList","@id":"https:\/\/www.valledeegues.com\/eu\/udala\/gobernu-irekia\/behatokia\/#breadcrumb","itemListElement":[{"@type":"ListItem","position":1,"name":"Azala","item":"https:\/\/www.valledeegues.com\/eu\/"},{"@type":"ListItem","position":2,"name":"Hiri-Behatokia"}]},{"@type":"WebSite","@id":"https:\/\/www.valledeegues.com\/eu\/#website","url":"https:\/\/www.valledeegues.com\/eu\/","name":"Ayuntamiento Valle de Eg\u00fc\u00e9s | Eguesibarko Udala","description":"Ayuntamiento Valle de Eg\u00fc\u00e9s | Eguesibarko Udala","publisher":{"@id":"https:\/\/www.valledeegues.com\/eu\/#organization"},"potentialAction":[{"@type":"SearchAction","target":{"@type":"EntryPoint","urlTemplate":"https:\/\/www.valledeegues.com\/eu\/?s={search_term_string}"},"query-input":{"@type":"PropertyValueSpecification","valueRequired":true,"valueName":"search_term_string"}}],"inLanguage":"eu-ES"},{"@type":"Organization","@id":"https:\/\/www.valledeegues.com\/eu\/#organization","name":"Ayuntamiento Valle de Egues","url":"https:\/\/www.valledeegues.com\/eu\/","logo":{"@type":"ImageObject","inLanguage":"eu-ES","@id":"https:\/\/www.valledeegues.com\/eu\/#\/schema\/logo\/image\/","url":"https:\/\/www.valledeegues.com\/wp-content\/uploads\/2019\/06\/logo-egues-escudo.svg","contentUrl":"https:\/\/www.valledeegues.com\/wp-content\/uploads\/2019\/06\/logo-egues-escudo.svg","width":529,"height":125,"caption":"Ayuntamiento Valle de Egues"},"image":{"@id":"https:\/\/www.valledeegues.com\/eu\/#\/schema\/logo\/image\/"},"sameAs":["https:\/\/www.facebook.com\/EguesEguesibar","https:\/\/x.com\/AValledeEgues","https:\/\/www.youtube.com\/channel\/UCUPvmkTy56ZAhGTVrzg4uDQ"]}]}},"_links":{"self":[{"href":"https:\/\/www.valledeegues.com\/eu\/wp-json\/wp\/v2\/pages\/8255","targetHints":{"allow":["GET"]}}],"collection":[{"href":"https:\/\/www.valledeegues.com\/eu\/wp-json\/wp\/v2\/pages"}],"about":[{"href":"https:\/\/www.valledeegues.com\/eu\/wp-json\/wp\/v2\/types\/page"}],"author":[{"embeddable":true,"href":"https:\/\/www.valledeegues.com\/eu\/wp-json\/wp\/v2\/users\/2"}],"replies":[{"embeddable":true,"href":"https:\/\/www.valledeegues.com\/eu\/wp-json\/wp\/v2\/comments?post=8255"}],"version-history":[{"count":5,"href":"https:\/\/www.valledeegues.com\/eu\/wp-json\/wp\/v2\/pages\/8255\/revisions"}],"predecessor-version":[{"id":45360,"href":"https:\/\/www.valledeegues.com\/eu\/wp-json\/wp\/v2\/pages\/8255\/revisions\/45360"}],"up":[{"embeddable":true,"href":"https:\/\/www.valledeegues.com\/eu\/wp-json\/wp\/v2\/pages\/45315"}],"wp:attachment":[{"href":"https:\/\/www.valledeegues.com\/eu\/wp-json\/wp\/v2\/media?parent=8255"}],"curies":[{"name":"wp","href":"https:\/\/api.w.org\/{rel}","templated":true}]}}