{"id":8242,"date":"2018-12-19T11:37:05","date_gmt":"2018-12-19T10:37:05","guid":{"rendered":"https:\/\/www.valledeegues.com\/?page_id=8242"},"modified":"2024-03-07T15:15:59","modified_gmt":"2024-03-07T14:15:59","slug":"zinegotzi-delegatuek-erantzuten-dute","status":"publish","type":"page","link":"https:\/\/www.valledeegues.com\/eu\/udal-leihatila\/zinegotzi-delegatuek-erantzuten-dute\/","title":{"rendered":"Zinegotzi delegatuek erantzuten dute"},"content":{"rendered":"<p>[mk_page_section section_layout=&#8221;right&#8221; sidebar=&#8221;sidebar-44&#8243;][vc_column][mk_custom_list]<\/p>\n<h3>ZINEGOTZI ORDEZKARIAK:<\/h3>\n<ul>\n<li>Sabi Atipov Keskinev \u2013 Udal-arloko gizarte-ongizatea, herritarren gaiak, immigrazioa, osasuna, familia, tokiko garapena, industria, merkataritza, enplegua, turismoa, obrak, ingurumena eta garapen iraunkorra.<\/li>\n<li>Javier Villanueva Aldave \u2013 Herritarren babeserako udal sailak, berdintasuna, gazteria, kultura, hezkuntza eta kirolak.<\/li>\n<\/ul>\n<p>Zinegotzi ordezkariei galdera zehatzik egin nahi badiezu, bete galdetegi hau. Zure galdera eta horri emandako erantzuna orrialde honetan argitaratuko dira.<\/p>\n<p>Zinegotzi ordezkariek eskertu nahi dituzte herritarrek atal honetan egindako ekarpen guztiak.[\/mk_custom_list][mk_custom_list]Udalak eskubidea izanen du jasotako mezuak argitaratzeko eta laburtzeko, baldin eta:<\/p>\n<ul>\n<li>Norbait fede gaiztoan, funtsik gabe edo zehaztapenik gabe ari dela antzematen bada, edo beste inoren legezko eskubideari kalte egiten badio.<\/li>\n<li>Beren edukiak udal eskumena gainditzen badu.<\/li>\n<li>Eduki ekonomikoagatik, irekita dagoen prozedura judizial bati buruzkoak badira edo, bestela, beren xedea udal egintza bat berrikustea bada.<\/li>\n<li>Ebazpen judiziala eman gabe badaude edo izapidetze administratiboan badaude, ebazpena izan arte.<\/li>\n<\/ul>\n<p>[\/mk_custom_list][vc_empty_space][vc_column_text css=&#8221;.vc_custom_1545218175593{margin-bottom: 0px !important;}&#8221;]<span lang=\"ES\">[ayuntamiento_responde_post tipo=&#8221;concejales&#8221;]<\/span>[\/vc_column_text][\/vc_column][\/mk_page_section]<\/p>\n","protected":false},"excerpt":{"rendered":"<p>[mk_page_section section_layout=&#8221;right&#8221; sidebar=&#8221;sidebar-44&#8243;][vc_column][mk_custom_list] ZINEGOTZI ORDEZKARIAK: Sabi Atipov Keskinev \u2013 Udal-arloko gizarte-ongizatea, herritarren gaiak, immigrazioa, osasuna, familia, tokiko garapena, industria, merkataritza, enplegua, turismoa, obrak, ingurumena eta garapen iraunkorra. Javier Villanueva Aldave \u2013 Herritarren babeserako udal sailak, berdintasuna, gazteria, kultura, hezkuntza eta kirolak. Zinegotzi ordezkariei galdera zehatzik egin nahi badiezu, bete galdetegi hau. Zure galdera eta horri [&hellip;]<\/p>\n","protected":false},"author":2,"featured_media":0,"parent":8374,"menu_order":0,"comment_status":"closed","ping_status":"closed","template":"participacion-ciudadana\/formulario-alcalde.php","meta":{"footnotes":""},"class_list":["post-8242","page","type-page","status-publish","hentry"],"yoast_head":"<!-- This site is optimized with the Yoast SEO plugin v27.5 - https:\/\/yoast.com\/product\/yoast-seo-wordpress\/ -->\r\n<title>Zinegotzi delegatuek erantzuten dute - Ayuntamiento Valle de Eg\u00fc\u00e9s | Eguesibarko Udala<\/title>\r\n<meta name=\"robots\" content=\"index, follow, max-snippet:-1, max-image-preview:large, max-video-preview:-1\" \/>\r\n<link rel=\"canonical\" href=\"https:\/\/www.valledeegues.com\/eu\/udal-leihatila\/zinegotzi-delegatuek-erantzuten-dute\/\" \/>\r\n<meta property=\"og:locale\" content=\"eu_ES\" \/>\r\n<meta property=\"og:type\" content=\"article\" \/>\r\n<meta property=\"og:title\" content=\"Zinegotzi delegatuek erantzuten dute - Ayuntamiento Valle de Eg\u00fc\u00e9s | Eguesibarko Udala\" \/>\r\n<meta property=\"og:description\" content=\"[mk_page_section section_layout=&#8221;right&#8221; sidebar=&#8221;sidebar-44&#8243;][vc_column][mk_custom_list] ZINEGOTZI ORDEZKARIAK: Sabi Atipov Keskinev \u2013 Udal-arloko gizarte-ongizatea, herritarren gaiak, immigrazioa, osasuna, familia, tokiko garapena, industria, merkataritza, enplegua, turismoa, obrak, ingurumena eta garapen iraunkorra. Javier Villanueva Aldave \u2013 Herritarren babeserako udal sailak, berdintasuna, gazteria, kultura, hezkuntza eta kirolak. Zinegotzi ordezkariei galdera zehatzik egin nahi badiezu, bete galdetegi hau. Zure galdera eta horri [&hellip;]\" \/>\r\n<meta property=\"og:url\" content=\"https:\/\/www.valledeegues.com\/eu\/udal-leihatila\/zinegotzi-delegatuek-erantzuten-dute\/\" \/>\r\n<meta property=\"og:site_name\" content=\"Ayuntamiento Valle de Eg\u00fc\u00e9s | Eguesibarko Udala\" \/>\r\n<meta property=\"article:publisher\" content=\"https:\/\/www.facebook.com\/EguesEguesibar\" \/>\r\n<meta property=\"article:modified_time\" content=\"2024-03-07T14:15:59+00:00\" \/>\r\n<meta name=\"twitter:card\" content=\"summary_large_image\" \/>\r\n<meta name=\"twitter:site\" content=\"@AValledeEgues\" \/>\r\n<meta name=\"twitter:label1\" content=\"Est. reading time\" \/>\n\t<meta name=\"twitter:data1\" content=\"1 minute\" \/>\r\n<script type=\"application\/ld+json\" class=\"yoast-schema-graph\">{\"@context\":\"https:\\\/\\\/schema.org\",\"@graph\":[{\"@type\":\"WebPage\",\"@id\":\"https:\\\/\\\/www.valledeegues.com\\\/eu\\\/udal-leihatila\\\/zinegotzi-delegatuek-erantzuten-dute\\\/\",\"url\":\"https:\\\/\\\/www.valledeegues.com\\\/eu\\\/udal-leihatila\\\/zinegotzi-delegatuek-erantzuten-dute\\\/\",\"name\":\"Zinegotzi delegatuek erantzuten dute - Ayuntamiento Valle de Eg\u00fc\u00e9s | Eguesibarko Udala\",\"isPartOf\":{\"@id\":\"https:\\\/\\\/www.valledeegues.com\\\/eu\\\/#website\"},\"datePublished\":\"2018-12-19T10:37:05+00:00\",\"dateModified\":\"2024-03-07T14:15:59+00:00\",\"breadcrumb\":{\"@id\":\"https:\\\/\\\/www.valledeegues.com\\\/eu\\\/udal-leihatila\\\/zinegotzi-delegatuek-erantzuten-dute\\\/#breadcrumb\"},\"inLanguage\":\"eu-ES\",\"potentialAction\":[{\"@type\":\"ReadAction\",\"target\":[\"https:\\\/\\\/www.valledeegues.com\\\/eu\\\/udal-leihatila\\\/zinegotzi-delegatuek-erantzuten-dute\\\/\"]}]},{\"@type\":\"BreadcrumbList\",\"@id\":\"https:\\\/\\\/www.valledeegues.com\\\/eu\\\/udal-leihatila\\\/zinegotzi-delegatuek-erantzuten-dute\\\/#breadcrumb\",\"itemListElement\":[{\"@type\":\"ListItem\",\"position\":1,\"name\":\"Azala\",\"item\":\"https:\\\/\\\/www.valledeegues.com\\\/eu\\\/\"},{\"@type\":\"ListItem\",\"position\":2,\"name\":\"Udal leihatila\",\"item\":\"https:\\\/\\\/www.valledeegues.com\\\/eu\\\/udal-leihatila\\\/\"},{\"@type\":\"ListItem\",\"position\":3,\"name\":\"Zinegotzi delegatuek erantzuten dute\"}]},{\"@type\":\"WebSite\",\"@id\":\"https:\\\/\\\/www.valledeegues.com\\\/eu\\\/#website\",\"url\":\"https:\\\/\\\/www.valledeegues.com\\\/eu\\\/\",\"name\":\"Ayuntamiento Valle de Eg\u00fc\u00e9s | Eguesibarko Udala\",\"description\":\"Ayuntamiento Valle de Eg\u00fc\u00e9s | Eguesibarko Udala\",\"publisher\":{\"@id\":\"https:\\\/\\\/www.valledeegues.com\\\/eu\\\/#organization\"},\"potentialAction\":[{\"@type\":\"SearchAction\",\"target\":{\"@type\":\"EntryPoint\",\"urlTemplate\":\"https:\\\/\\\/www.valledeegues.com\\\/eu\\\/?s={search_term_string}\"},\"query-input\":{\"@type\":\"PropertyValueSpecification\",\"valueRequired\":true,\"valueName\":\"search_term_string\"}}],\"inLanguage\":\"eu-ES\"},{\"@type\":\"Organization\",\"@id\":\"https:\\\/\\\/www.valledeegues.com\\\/eu\\\/#organization\",\"name\":\"Ayuntamiento Valle de Egues\",\"url\":\"https:\\\/\\\/www.valledeegues.com\\\/eu\\\/\",\"logo\":{\"@type\":\"ImageObject\",\"inLanguage\":\"eu-ES\",\"@id\":\"https:\\\/\\\/www.valledeegues.com\\\/eu\\\/#\\\/schema\\\/logo\\\/image\\\/\",\"url\":\"https:\\\/\\\/www.valledeegues.com\\\/wp-content\\\/uploads\\\/2019\\\/06\\\/logo-egues-escudo.svg\",\"contentUrl\":\"https:\\\/\\\/www.valledeegues.com\\\/wp-content\\\/uploads\\\/2019\\\/06\\\/logo-egues-escudo.svg\",\"width\":529,\"height\":125,\"caption\":\"Ayuntamiento Valle de Egues\"},\"image\":{\"@id\":\"https:\\\/\\\/www.valledeegues.com\\\/eu\\\/#\\\/schema\\\/logo\\\/image\\\/\"},\"sameAs\":[\"https:\\\/\\\/www.facebook.com\\\/EguesEguesibar\",\"https:\\\/\\\/x.com\\\/AValledeEgues\",\"https:\\\/\\\/www.youtube.com\\\/channel\\\/UCUPvmkTy56ZAhGTVrzg4uDQ\"]}]}<\/script>\r\n<!-- \/ Yoast SEO plugin. -->","yoast_head_json":{"title":"Zinegotzi delegatuek erantzuten dute - Ayuntamiento Valle de Eg\u00fc\u00e9s | Eguesibarko Udala","robots":{"index":"index","follow":"follow","max-snippet":"max-snippet:-1","max-image-preview":"max-image-preview:large","max-video-preview":"max-video-preview:-1"},"canonical":"https:\/\/www.valledeegues.com\/eu\/udal-leihatila\/zinegotzi-delegatuek-erantzuten-dute\/","og_locale":"eu_ES","og_type":"article","og_title":"Zinegotzi delegatuek erantzuten dute - Ayuntamiento Valle de Eg\u00fc\u00e9s | Eguesibarko Udala","og_description":"[mk_page_section section_layout=&#8221;right&#8221; sidebar=&#8221;sidebar-44&#8243;][vc_column][mk_custom_list] ZINEGOTZI ORDEZKARIAK: Sabi Atipov Keskinev \u2013 Udal-arloko gizarte-ongizatea, herritarren gaiak, immigrazioa, osasuna, familia, tokiko garapena, industria, merkataritza, enplegua, turismoa, obrak, ingurumena eta garapen iraunkorra. Javier Villanueva Aldave \u2013 Herritarren babeserako udal sailak, berdintasuna, gazteria, kultura, hezkuntza eta kirolak. Zinegotzi ordezkariei galdera zehatzik egin nahi badiezu, bete galdetegi hau. Zure galdera eta horri [&hellip;]","og_url":"https:\/\/www.valledeegues.com\/eu\/udal-leihatila\/zinegotzi-delegatuek-erantzuten-dute\/","og_site_name":"Ayuntamiento Valle de Eg\u00fc\u00e9s | Eguesibarko Udala","article_publisher":"https:\/\/www.facebook.com\/EguesEguesibar","article_modified_time":"2024-03-07T14:15:59+00:00","twitter_card":"summary_large_image","twitter_site":"@AValledeEgues","twitter_misc":{"Est. reading time":"1 minute"},"schema":{"@context":"https:\/\/schema.org","@graph":[{"@type":"WebPage","@id":"https:\/\/www.valledeegues.com\/eu\/udal-leihatila\/zinegotzi-delegatuek-erantzuten-dute\/","url":"https:\/\/www.valledeegues.com\/eu\/udal-leihatila\/zinegotzi-delegatuek-erantzuten-dute\/","name":"Zinegotzi delegatuek erantzuten dute - Ayuntamiento Valle de Eg\u00fc\u00e9s | Eguesibarko Udala","isPartOf":{"@id":"https:\/\/www.valledeegues.com\/eu\/#website"},"datePublished":"2018-12-19T10:37:05+00:00","dateModified":"2024-03-07T14:15:59+00:00","breadcrumb":{"@id":"https:\/\/www.valledeegues.com\/eu\/udal-leihatila\/zinegotzi-delegatuek-erantzuten-dute\/#breadcrumb"},"inLanguage":"eu-ES","potentialAction":[{"@type":"ReadAction","target":["https:\/\/www.valledeegues.com\/eu\/udal-leihatila\/zinegotzi-delegatuek-erantzuten-dute\/"]}]},{"@type":"BreadcrumbList","@id":"https:\/\/www.valledeegues.com\/eu\/udal-leihatila\/zinegotzi-delegatuek-erantzuten-dute\/#breadcrumb","itemListElement":[{"@type":"ListItem","position":1,"name":"Azala","item":"https:\/\/www.valledeegues.com\/eu\/"},{"@type":"ListItem","position":2,"name":"Udal leihatila","item":"https:\/\/www.valledeegues.com\/eu\/udal-leihatila\/"},{"@type":"ListItem","position":3,"name":"Zinegotzi delegatuek erantzuten dute"}]},{"@type":"WebSite","@id":"https:\/\/www.valledeegues.com\/eu\/#website","url":"https:\/\/www.valledeegues.com\/eu\/","name":"Ayuntamiento Valle de Eg\u00fc\u00e9s | Eguesibarko Udala","description":"Ayuntamiento Valle de Eg\u00fc\u00e9s | Eguesibarko Udala","publisher":{"@id":"https:\/\/www.valledeegues.com\/eu\/#organization"},"potentialAction":[{"@type":"SearchAction","target":{"@type":"EntryPoint","urlTemplate":"https:\/\/www.valledeegues.com\/eu\/?s={search_term_string}"},"query-input":{"@type":"PropertyValueSpecification","valueRequired":true,"valueName":"search_term_string"}}],"inLanguage":"eu-ES"},{"@type":"Organization","@id":"https:\/\/www.valledeegues.com\/eu\/#organization","name":"Ayuntamiento Valle de Egues","url":"https:\/\/www.valledeegues.com\/eu\/","logo":{"@type":"ImageObject","inLanguage":"eu-ES","@id":"https:\/\/www.valledeegues.com\/eu\/#\/schema\/logo\/image\/","url":"https:\/\/www.valledeegues.com\/wp-content\/uploads\/2019\/06\/logo-egues-escudo.svg","contentUrl":"https:\/\/www.valledeegues.com\/wp-content\/uploads\/2019\/06\/logo-egues-escudo.svg","width":529,"height":125,"caption":"Ayuntamiento Valle de Egues"},"image":{"@id":"https:\/\/www.valledeegues.com\/eu\/#\/schema\/logo\/image\/"},"sameAs":["https:\/\/www.facebook.com\/EguesEguesibar","https:\/\/x.com\/AValledeEgues","https:\/\/www.youtube.com\/channel\/UCUPvmkTy56ZAhGTVrzg4uDQ"]}]}},"_links":{"self":[{"href":"https:\/\/www.valledeegues.com\/eu\/wp-json\/wp\/v2\/pages\/8242","targetHints":{"allow":["GET"]}}],"collection":[{"href":"https:\/\/www.valledeegues.com\/eu\/wp-json\/wp\/v2\/pages"}],"about":[{"href":"https:\/\/www.valledeegues.com\/eu\/wp-json\/wp\/v2\/types\/page"}],"author":[{"embeddable":true,"href":"https:\/\/www.valledeegues.com\/eu\/wp-json\/wp\/v2\/users\/2"}],"replies":[{"embeddable":true,"href":"https:\/\/www.valledeegues.com\/eu\/wp-json\/wp\/v2\/comments?post=8242"}],"version-history":[{"count":14,"href":"https:\/\/www.valledeegues.com\/eu\/wp-json\/wp\/v2\/pages\/8242\/revisions"}],"predecessor-version":[{"id":34660,"href":"https:\/\/www.valledeegues.com\/eu\/wp-json\/wp\/v2\/pages\/8242\/revisions\/34660"}],"up":[{"embeddable":true,"href":"https:\/\/www.valledeegues.com\/eu\/wp-json\/wp\/v2\/pages\/8374"}],"wp:attachment":[{"href":"https:\/\/www.valledeegues.com\/eu\/wp-json\/wp\/v2\/media?parent=8242"}],"curies":[{"name":"wp","href":"https:\/\/api.w.org\/{rel}","templated":true}]}}