{"id":8236,"date":"2019-01-10T07:14:03","date_gmt":"2019-01-10T06:14:03","guid":{"rendered":"https:\/\/www.valledeegues.com\/?page_id=8236"},"modified":"2019-02-22T16:56:27","modified_gmt":"2019-02-22T15:56:27","slug":"informazioa-eta-komunikazioa","status":"publish","type":"page","link":"https:\/\/www.valledeegues.com\/eu\/gardentasuna-eta-herritarren-parte-hartzea\/herritarren-parte-hartzea\/informazioa-eta-komunikazioa\/","title":{"rendered":"Informazioa eta komunikazioa"},"content":{"rendered":"<?xml encoding=\"utf-8\" ?><p>[mk_page_section vertical_align=&rdquo;top&rdquo; bg_image=&rdquo;https:\/\/www.valledeegues.com\/wp-content\/uploads\/2018\/11\/transparencia-participacion-egues.jpg&rdquo; bg_position=&rdquo;center top&rdquo; enable_3d=&rdquo;true&rdquo; min_height=&rdquo;150&Prime; full_width=&rdquo;true&rdquo; padding_top=&rdquo;0&Prime; margin_bottom=&rdquo;30&Prime; sidebar=&rdquo;sidebar-1&Prime;][vc_column][\/vc_column][\/mk_page_section][mk_page_section section_layout=&rdquo;right&rdquo; padding_top=&rdquo;0&Prime; sidebar=&rdquo;sidebar-40&Prime;][vc_column css=&rdquo;.vc_custom_1542881807652{padding-left: 30px !important;}&rdquo;][vc_column_text css=&rdquo;.vc_custom_1550850622808{margin-bottom: 0px !important;}&rdquo;]<span lang=\"EU\">Informazioak eta gardentasunak Eguesibarko Udalaren eta herritarren arteko harremanaren giltzarri izan behar dute.&nbsp; <\/span><\/p><p><span lang=\"EU\">Horretarako, komunikazio bitartekoak antolatu eta ezarri behar dira herritarren, taldeen, ekonomia-sektoreen, Kontzejuen eta Udalaren artean, komunikazioa eraginkorra izateko, partaidetza errazteko eta Udala auzokideengana hurbiltzeko. <\/span>[\/vc_column_text][mk_image src=&rdquo;https:\/\/www.valledeegues.com\/wp-content\/uploads\/2018\/11\/ayuntamiento-sarriguren-8-egues.jpg&rdquo; image_size=&rdquo;full&rdquo;][vc_empty_space height=&rdquo;20px&rdquo;][vc_column_text css=&rdquo;.vc_custom_1550850661577{margin-bottom: 0px !important;}&rdquo;]<\/p><h3>BALIABIDEAK<\/h3><p>Herritarren Parte-hartze Alorraren bidez, informazioa eskuratuko duzu elkarte eta taldeendako eskura dauden&nbsp; <strong>baliabideez&nbsp;<\/strong>eta lekuez, bai eta alorrak abiarazitako jarduketez ere.[\/vc_column_text][vc_empty_space height=&rdquo;20px&rdquo;][vc_row_inner][vc_column_inner width=&rdquo;1\/2&Prime;][mk_icon_box2 icon_size=&rdquo;48&Prime; icon=&rdquo;mk-li-users&rdquo; icon_color=&rdquo;#ffffff&rdquo; icon_background_color=&rdquo;#ea4b50&Prime; title=&rdquo;ELKARTEENDAKO BALIABIDEAK&rdquo; title_weight=&rdquo;bold&rdquo; title_color=&rdquo;#ea4b50&Prime;][\/mk_icon_box2][mk_custom_list]<\/p><ul>\n<li><a href=\"https:\/\/www.valledeegues.com\/wp-content\/uploads\/2018\/12\/1_1.1-pasos-a-dar..pdf\" class=\"doc-link doc-pdf doc-group-pdf\">Nola eratu elkarte bat?<\/a><\/li>\n<li><a href=\"https:\/\/www.valledeegues.com\/wp-content\/uploads\/2018\/12\/2_1.1-ficha-inscripcin-asociaciones.docx\" class=\"doc-link doc-docx doc-group-word\">Izen-ematea Udalaren Elkarte Erregistroan<\/a><\/li>\n<li>Proiektuen hobekuntza.<\/li>\n<li>Kudeaketari buruzko zalantzak.<\/li>\n<li>Elkarteendako prestakuntza.<\/li>\n<\/ul><p>[\/mk_custom_list][\/vc_column_inner][vc_column_inner width=&rdquo;1\/2&Prime;][mk_icon_box2 icon_size=&rdquo;48&Prime; icon=&rdquo;mk-icon-cube&rdquo; icon_color=&rdquo;#ffffff&rdquo; icon_background_color=&rdquo;#ea4b50&Prime; title=&rdquo;LEKUAK LAGATZEA, ETA LOKALAK&rdquo; title_weight=&rdquo;bold&rdquo; title_color=&rdquo;#ea4b50&Prime;][\/mk_icon_box2][mk_custom_list]<\/p><ul>\n<li>Udalaren gelak erreserbatzea.<\/li>\n<li><a href=\"https:\/\/www.valledeegues.com\/wp-content\/uploads\/2018\/12\/3_1.1_-cesiones_-plantilla-espacios.xlsx\" class=\"doc-link doc-xlsx doc-group-excel\">Eskura dauden lekuak.<\/a><\/li>\n<li><a href=\"https:\/\/www.valledeegues.com\/wp-content\/uploads\/2018\/12\/4_1.1-convocatoria-anual.docx\" class=\"doc-link doc-docx doc-group-word\">Zer egin behar dut?<\/a><\/li>\n<\/ul><p>[\/mk_custom_list][\/vc_column_inner][\/vc_row_inner][\/vc_column][\/mk_page_section][vc_row fullwidth=&rdquo;true&rdquo; fullwidth_content=&rdquo;false&rdquo; css=&rdquo;.vc_custom_1534946706831{padding-bottom: 30px !important;background-color: #efefef !important;}&rdquo;][vc_column width=&rdquo;1\/3&Prime;][vc_empty_space height=&rdquo;40px&rdquo;][mk_circle_image src=&rdquo;https:\/\/www.valledeegues.com\/wp-content\/uploads\/2018\/11\/ayuntamiento-sarriguren-19-egues.jpg&rdquo; image_diameter=&rdquo;300&Prime;][\/vc_column][vc_column width=&rdquo;2\/3&Prime;][vc_empty_space height=&rdquo;40px&rdquo;][vc_column_text css=&rdquo;.vc_custom_1550850750430{margin-bottom: 0px !important;}&rdquo;]<\/p><h3><span lang=\"EU\">ZER EGIN UDALAREKIN KOMUNIKATZEKO?<\/span><\/h3><p><span lang=\"EU\">Udalak tresna ugari ditu eskura herritarrek udal informazioa eskuratzeko eta nahi adina kontsulta egiteko:<\/span>[\/vc_column_text][vc_row_inner][vc_column_inner width=&rdquo;1\/2&Prime;][mk_custom_list]<\/p><h4><strong>UDALAK HERRITARREN ARTEAN DARABILEN ZABALKUNDEA<\/strong><\/h4><ul>\n<li>Udalaren webgunea.<\/li>\n<li>Udal Buletina.<\/li>\n<li>Bandoak.<\/li>\n<li>Klik Eguesibar.<\/li>\n<li>Etxez etxekoko banaketak.<\/li>\n<li>Albiste interesgarriak.<\/li>\n<li>Mupiak.<\/li>\n<li>Kartelak.<\/li>\n<li><a href=\"\/?page_id=7350\">Herritarrei Arreta egiteko Bulegoa<\/a><\/li>\n<li>012<\/li>\n<\/ul><p>[\/mk_custom_list][\/vc_column_inner][vc_column_inner width=&rdquo;1\/2&Prime;][mk_custom_list]<\/p><h4><strong>UDALAK ALDE INTERESDUNEKIN DARABILEN KOMUNIKAZIOA <\/strong><\/h4><ul>\n<li>Mailing.<\/li>\n<li>WhatsAppez.<\/li>\n<li>Telefonoz.<\/li>\n<li>Bilerak.<\/li>\n<\/ul><p>[\/mk_custom_list][mk_custom_list]<\/p><h4><strong>SEKTOREEN ARTEKO KOMUNIKAZIOA<\/strong><\/h4><ul>\n<li>Taldeen, Udalaren eta ekonomia-sektoreen artean.<\/li>\n<\/ul><p>[\/mk_custom_list][\/vc_column_inner][\/vc_row_inner][\/vc_column][\/vc_row]<\/p>\n","protected":false},"excerpt":{"rendered":"<p>[mk_page_section vertical_align=&rdquo;top&rdquo; bg_image=&rdquo;https:\/\/www.valledeegues.com\/wp-content\/uploads\/2018\/11\/transparencia-participacion-egues.jpg&rdquo; bg_position=&rdquo;center top&rdquo; enable_3d=&rdquo;true&rdquo; min_height=&rdquo;150&Prime; full_width=&rdquo;true&rdquo; padding_top=&rdquo;0&Prime; margin_bottom=&rdquo;30&Prime; sidebar=&rdquo;sidebar-1&Prime;][vc_column][\/vc_column][\/mk_page_section][mk_page_section section_layout=&rdquo;right&rdquo; padding_top=&rdquo;0&Prime; sidebar=&rdquo;sidebar-40&Prime;][vc_column css=&rdquo;.vc_custom_1542881807652{padding-left: 30px !important;}&rdquo;][vc_column_text css=&rdquo;.vc_custom_1550850622808{margin-bottom: 0px !important;}&rdquo;]Informazioak eta gardentasunak Eguesibarko Udalaren eta herritarren arteko harremanaren giltzarri izan behar dute.&nbsp; Horretarako, komunikazio bitartekoak antolatu eta ezarri behar dira herritarren, taldeen, ekonomia-sektoreen, Kontzejuen eta Udalaren artean, komunikazioa eraginkorra izateko, partaidetza errazteko eta Udala auzokideengana [&hellip;]<\/p>\n","protected":false},"author":2,"featured_media":0,"parent":8292,"menu_order":0,"comment_status":"closed","ping_status":"closed","template":"","meta":{"footnotes":""},"class_list":["post-8236","page","type-page","status-publish","hentry"],"yoast_head":"<!-- This site is optimized with the Yoast SEO plugin v27.5 - https:\/\/yoast.com\/product\/yoast-seo-wordpress\/ -->\r\n<title>Informazioa eta komunikazioa - Ayuntamiento Valle de Eg\u00fc\u00e9s | Eguesibarko Udala<\/title>\r\n<meta name=\"robots\" content=\"index, follow, max-snippet:-1, max-image-preview:large, max-video-preview:-1\" \/>\r\n<link rel=\"canonical\" href=\"https:\/\/www.valledeegues.com\/eu\/gardentasuna-eta-herritarren-parte-hartzea\/herritarren-parte-hartzea\/informazioa-eta-komunikazioa\/\" \/>\r\n<meta property=\"og:locale\" content=\"eu_ES\" \/>\r\n<meta property=\"og:type\" content=\"article\" \/>\r\n<meta property=\"og:title\" content=\"Informazioa eta komunikazioa - Ayuntamiento Valle de Eg\u00fc\u00e9s | Eguesibarko Udala\" \/>\r\n<meta property=\"og:description\" content=\"[mk_page_section vertical_align=&rdquo;top&rdquo; bg_image=&rdquo;https:\/\/www.valledeegues.com\/wp-content\/uploads\/2018\/11\/transparencia-participacion-egues.jpg&rdquo; bg_position=&rdquo;center top&rdquo; enable_3d=&rdquo;true&rdquo; min_height=&rdquo;150&Prime; full_width=&rdquo;true&rdquo; padding_top=&rdquo;0&Prime; margin_bottom=&rdquo;30&Prime; sidebar=&rdquo;sidebar-1&Prime;][vc_column][\/vc_column][\/mk_page_section][mk_page_section section_layout=&rdquo;right&rdquo; padding_top=&rdquo;0&Prime; sidebar=&rdquo;sidebar-40&Prime;][vc_column css=&rdquo;.vc_custom_1542881807652{padding-left: 30px !important;}&rdquo;][vc_column_text css=&rdquo;.vc_custom_1550850622808{margin-bottom: 0px !important;}&rdquo;]Informazioak eta gardentasunak Eguesibarko Udalaren eta herritarren arteko harremanaren giltzarri izan behar dute.&nbsp; Horretarako, komunikazio bitartekoak antolatu eta ezarri behar dira herritarren, taldeen, ekonomia-sektoreen, Kontzejuen eta Udalaren artean, komunikazioa eraginkorra izateko, partaidetza errazteko eta Udala auzokideengana [&hellip;]\" \/>\r\n<meta property=\"og:url\" content=\"https:\/\/www.valledeegues.com\/eu\/gardentasuna-eta-herritarren-parte-hartzea\/herritarren-parte-hartzea\/informazioa-eta-komunikazioa\/\" \/>\r\n<meta property=\"og:site_name\" content=\"Ayuntamiento Valle de Eg\u00fc\u00e9s | Eguesibarko Udala\" \/>\r\n<meta property=\"article:publisher\" content=\"https:\/\/www.facebook.com\/EguesEguesibar\" \/>\r\n<meta property=\"article:modified_time\" content=\"2019-02-22T15:56:27+00:00\" \/>\r\n<meta name=\"twitter:card\" content=\"summary_large_image\" \/>\r\n<meta name=\"twitter:site\" content=\"@AValledeEgues\" \/>\r\n<meta name=\"twitter:label1\" content=\"Est. reading time\" \/>\n\t<meta name=\"twitter:data1\" content=\"2 minutes\" \/>\r\n<script type=\"application\/ld+json\" class=\"yoast-schema-graph\">{\"@context\":\"https:\\\/\\\/schema.org\",\"@graph\":[{\"@type\":\"WebPage\",\"@id\":\"https:\\\/\\\/www.valledeegues.com\\\/eu\\\/gardentasuna-eta-herritarren-parte-hartzea\\\/herritarren-parte-hartzea\\\/informazioa-eta-komunikazioa\\\/\",\"url\":\"https:\\\/\\\/www.valledeegues.com\\\/eu\\\/gardentasuna-eta-herritarren-parte-hartzea\\\/herritarren-parte-hartzea\\\/informazioa-eta-komunikazioa\\\/\",\"name\":\"Informazioa eta komunikazioa - Ayuntamiento Valle de Eg\u00fc\u00e9s | Eguesibarko Udala\",\"isPartOf\":{\"@id\":\"https:\\\/\\\/www.valledeegues.com\\\/eu\\\/#website\"},\"datePublished\":\"2019-01-10T06:14:03+00:00\",\"dateModified\":\"2019-02-22T15:56:27+00:00\",\"breadcrumb\":{\"@id\":\"https:\\\/\\\/www.valledeegues.com\\\/eu\\\/gardentasuna-eta-herritarren-parte-hartzea\\\/herritarren-parte-hartzea\\\/informazioa-eta-komunikazioa\\\/#breadcrumb\"},\"inLanguage\":\"eu-ES\",\"potentialAction\":[{\"@type\":\"ReadAction\",\"target\":[\"https:\\\/\\\/www.valledeegues.com\\\/eu\\\/gardentasuna-eta-herritarren-parte-hartzea\\\/herritarren-parte-hartzea\\\/informazioa-eta-komunikazioa\\\/\"]}]},{\"@type\":\"BreadcrumbList\",\"@id\":\"https:\\\/\\\/www.valledeegues.com\\\/eu\\\/gardentasuna-eta-herritarren-parte-hartzea\\\/herritarren-parte-hartzea\\\/informazioa-eta-komunikazioa\\\/#breadcrumb\",\"itemListElement\":[{\"@type\":\"ListItem\",\"position\":1,\"name\":\"Azala\",\"item\":\"https:\\\/\\\/www.valledeegues.com\\\/eu\\\/\"},{\"@type\":\"ListItem\",\"position\":2,\"name\":\"Gardentasuna eta herritarren parte-hartzea\",\"item\":\"https:\\\/\\\/www.valledeegues.com\\\/eu\\\/gardentasuna-eta-herritarren-parte-hartzea\\\/\"},{\"@type\":\"ListItem\",\"position\":3,\"name\":\"HERRITARREN PARTE-HARTZEA\",\"item\":\"https:\\\/\\\/www.valledeegues.com\\\/eu\\\/gardentasuna-eta-herritarren-parte-hartzea\\\/herritarren-parte-hartzea\\\/\"},{\"@type\":\"ListItem\",\"position\":4,\"name\":\"Informazioa eta komunikazioa\"}]},{\"@type\":\"WebSite\",\"@id\":\"https:\\\/\\\/www.valledeegues.com\\\/eu\\\/#website\",\"url\":\"https:\\\/\\\/www.valledeegues.com\\\/eu\\\/\",\"name\":\"Ayuntamiento Valle de Eg\u00fc\u00e9s | Eguesibarko Udala\",\"description\":\"Ayuntamiento Valle de Eg\u00fc\u00e9s | Eguesibarko Udala\",\"publisher\":{\"@id\":\"https:\\\/\\\/www.valledeegues.com\\\/eu\\\/#organization\"},\"potentialAction\":[{\"@type\":\"SearchAction\",\"target\":{\"@type\":\"EntryPoint\",\"urlTemplate\":\"https:\\\/\\\/www.valledeegues.com\\\/eu\\\/?s={search_term_string}\"},\"query-input\":{\"@type\":\"PropertyValueSpecification\",\"valueRequired\":true,\"valueName\":\"search_term_string\"}}],\"inLanguage\":\"eu-ES\"},{\"@type\":\"Organization\",\"@id\":\"https:\\\/\\\/www.valledeegues.com\\\/eu\\\/#organization\",\"name\":\"Ayuntamiento Valle de Egues\",\"url\":\"https:\\\/\\\/www.valledeegues.com\\\/eu\\\/\",\"logo\":{\"@type\":\"ImageObject\",\"inLanguage\":\"eu-ES\",\"@id\":\"https:\\\/\\\/www.valledeegues.com\\\/eu\\\/#\\\/schema\\\/logo\\\/image\\\/\",\"url\":\"https:\\\/\\\/www.valledeegues.com\\\/wp-content\\\/uploads\\\/2019\\\/06\\\/logo-egues-escudo.svg\",\"contentUrl\":\"https:\\\/\\\/www.valledeegues.com\\\/wp-content\\\/uploads\\\/2019\\\/06\\\/logo-egues-escudo.svg\",\"width\":529,\"height\":125,\"caption\":\"Ayuntamiento Valle de Egues\"},\"image\":{\"@id\":\"https:\\\/\\\/www.valledeegues.com\\\/eu\\\/#\\\/schema\\\/logo\\\/image\\\/\"},\"sameAs\":[\"https:\\\/\\\/www.facebook.com\\\/EguesEguesibar\",\"https:\\\/\\\/x.com\\\/AValledeEgues\",\"https:\\\/\\\/www.youtube.com\\\/channel\\\/UCUPvmkTy56ZAhGTVrzg4uDQ\"]}]}<\/script>\r\n<!-- \/ Yoast SEO plugin. -->","yoast_head_json":{"title":"Informazioa eta komunikazioa - Ayuntamiento Valle de Eg\u00fc\u00e9s | Eguesibarko Udala","robots":{"index":"index","follow":"follow","max-snippet":"max-snippet:-1","max-image-preview":"max-image-preview:large","max-video-preview":"max-video-preview:-1"},"canonical":"https:\/\/www.valledeegues.com\/eu\/gardentasuna-eta-herritarren-parte-hartzea\/herritarren-parte-hartzea\/informazioa-eta-komunikazioa\/","og_locale":"eu_ES","og_type":"article","og_title":"Informazioa eta komunikazioa - Ayuntamiento Valle de Eg\u00fc\u00e9s | Eguesibarko Udala","og_description":"[mk_page_section vertical_align=&rdquo;top&rdquo; bg_image=&rdquo;https:\/\/www.valledeegues.com\/wp-content\/uploads\/2018\/11\/transparencia-participacion-egues.jpg&rdquo; bg_position=&rdquo;center top&rdquo; enable_3d=&rdquo;true&rdquo; min_height=&rdquo;150&Prime; full_width=&rdquo;true&rdquo; padding_top=&rdquo;0&Prime; margin_bottom=&rdquo;30&Prime; sidebar=&rdquo;sidebar-1&Prime;][vc_column][\/vc_column][\/mk_page_section][mk_page_section section_layout=&rdquo;right&rdquo; padding_top=&rdquo;0&Prime; sidebar=&rdquo;sidebar-40&Prime;][vc_column css=&rdquo;.vc_custom_1542881807652{padding-left: 30px !important;}&rdquo;][vc_column_text css=&rdquo;.vc_custom_1550850622808{margin-bottom: 0px !important;}&rdquo;]Informazioak eta gardentasunak Eguesibarko Udalaren eta herritarren arteko harremanaren giltzarri izan behar dute.&nbsp; Horretarako, komunikazio bitartekoak antolatu eta ezarri behar dira herritarren, taldeen, ekonomia-sektoreen, Kontzejuen eta Udalaren artean, komunikazioa eraginkorra izateko, partaidetza errazteko eta Udala auzokideengana [&hellip;]","og_url":"https:\/\/www.valledeegues.com\/eu\/gardentasuna-eta-herritarren-parte-hartzea\/herritarren-parte-hartzea\/informazioa-eta-komunikazioa\/","og_site_name":"Ayuntamiento Valle de Eg\u00fc\u00e9s | Eguesibarko Udala","article_publisher":"https:\/\/www.facebook.com\/EguesEguesibar","article_modified_time":"2019-02-22T15:56:27+00:00","twitter_card":"summary_large_image","twitter_site":"@AValledeEgues","twitter_misc":{"Est. reading time":"2 minutes"},"schema":{"@context":"https:\/\/schema.org","@graph":[{"@type":"WebPage","@id":"https:\/\/www.valledeegues.com\/eu\/gardentasuna-eta-herritarren-parte-hartzea\/herritarren-parte-hartzea\/informazioa-eta-komunikazioa\/","url":"https:\/\/www.valledeegues.com\/eu\/gardentasuna-eta-herritarren-parte-hartzea\/herritarren-parte-hartzea\/informazioa-eta-komunikazioa\/","name":"Informazioa eta komunikazioa - Ayuntamiento Valle de Eg\u00fc\u00e9s | Eguesibarko Udala","isPartOf":{"@id":"https:\/\/www.valledeegues.com\/eu\/#website"},"datePublished":"2019-01-10T06:14:03+00:00","dateModified":"2019-02-22T15:56:27+00:00","breadcrumb":{"@id":"https:\/\/www.valledeegues.com\/eu\/gardentasuna-eta-herritarren-parte-hartzea\/herritarren-parte-hartzea\/informazioa-eta-komunikazioa\/#breadcrumb"},"inLanguage":"eu-ES","potentialAction":[{"@type":"ReadAction","target":["https:\/\/www.valledeegues.com\/eu\/gardentasuna-eta-herritarren-parte-hartzea\/herritarren-parte-hartzea\/informazioa-eta-komunikazioa\/"]}]},{"@type":"BreadcrumbList","@id":"https:\/\/www.valledeegues.com\/eu\/gardentasuna-eta-herritarren-parte-hartzea\/herritarren-parte-hartzea\/informazioa-eta-komunikazioa\/#breadcrumb","itemListElement":[{"@type":"ListItem","position":1,"name":"Azala","item":"https:\/\/www.valledeegues.com\/eu\/"},{"@type":"ListItem","position":2,"name":"Gardentasuna eta herritarren parte-hartzea","item":"https:\/\/www.valledeegues.com\/eu\/gardentasuna-eta-herritarren-parte-hartzea\/"},{"@type":"ListItem","position":3,"name":"HERRITARREN PARTE-HARTZEA","item":"https:\/\/www.valledeegues.com\/eu\/gardentasuna-eta-herritarren-parte-hartzea\/herritarren-parte-hartzea\/"},{"@type":"ListItem","position":4,"name":"Informazioa eta komunikazioa"}]},{"@type":"WebSite","@id":"https:\/\/www.valledeegues.com\/eu\/#website","url":"https:\/\/www.valledeegues.com\/eu\/","name":"Ayuntamiento Valle de Eg\u00fc\u00e9s | Eguesibarko Udala","description":"Ayuntamiento Valle de Eg\u00fc\u00e9s | Eguesibarko Udala","publisher":{"@id":"https:\/\/www.valledeegues.com\/eu\/#organization"},"potentialAction":[{"@type":"SearchAction","target":{"@type":"EntryPoint","urlTemplate":"https:\/\/www.valledeegues.com\/eu\/?s={search_term_string}"},"query-input":{"@type":"PropertyValueSpecification","valueRequired":true,"valueName":"search_term_string"}}],"inLanguage":"eu-ES"},{"@type":"Organization","@id":"https:\/\/www.valledeegues.com\/eu\/#organization","name":"Ayuntamiento Valle de Egues","url":"https:\/\/www.valledeegues.com\/eu\/","logo":{"@type":"ImageObject","inLanguage":"eu-ES","@id":"https:\/\/www.valledeegues.com\/eu\/#\/schema\/logo\/image\/","url":"https:\/\/www.valledeegues.com\/wp-content\/uploads\/2019\/06\/logo-egues-escudo.svg","contentUrl":"https:\/\/www.valledeegues.com\/wp-content\/uploads\/2019\/06\/logo-egues-escudo.svg","width":529,"height":125,"caption":"Ayuntamiento Valle de Egues"},"image":{"@id":"https:\/\/www.valledeegues.com\/eu\/#\/schema\/logo\/image\/"},"sameAs":["https:\/\/www.facebook.com\/EguesEguesibar","https:\/\/x.com\/AValledeEgues","https:\/\/www.youtube.com\/channel\/UCUPvmkTy56ZAhGTVrzg4uDQ"]}]}},"_links":{"self":[{"href":"https:\/\/www.valledeegues.com\/eu\/wp-json\/wp\/v2\/pages\/8236","targetHints":{"allow":["GET"]}}],"collection":[{"href":"https:\/\/www.valledeegues.com\/eu\/wp-json\/wp\/v2\/pages"}],"about":[{"href":"https:\/\/www.valledeegues.com\/eu\/wp-json\/wp\/v2\/types\/page"}],"author":[{"embeddable":true,"href":"https:\/\/www.valledeegues.com\/eu\/wp-json\/wp\/v2\/users\/2"}],"replies":[{"embeddable":true,"href":"https:\/\/www.valledeegues.com\/eu\/wp-json\/wp\/v2\/comments?post=8236"}],"version-history":[{"count":5,"href":"https:\/\/www.valledeegues.com\/eu\/wp-json\/wp\/v2\/pages\/8236\/revisions"}],"predecessor-version":[{"id":9714,"href":"https:\/\/www.valledeegues.com\/eu\/wp-json\/wp\/v2\/pages\/8236\/revisions\/9714"}],"up":[{"embeddable":true,"href":"https:\/\/www.valledeegues.com\/eu\/wp-json\/wp\/v2\/pages\/8292"}],"wp:attachment":[{"href":"https:\/\/www.valledeegues.com\/eu\/wp-json\/wp\/v2\/media?parent=8236"}],"curies":[{"name":"wp","href":"https:\/\/api.w.org\/{rel}","templated":true}]}}