{"id":8232,"date":"2019-01-09T12:54:07","date_gmt":"2019-01-09T11:54:07","guid":{"rendered":"https:\/\/www.valledeegues.com\/?page_id=8232"},"modified":"2019-01-23T15:15:59","modified_gmt":"2019-01-23T14:15:59","slug":"procesos-participativos-eus","status":"publish","type":"page","link":"https:\/\/www.valledeegues.com\/eu\/procesos-participativos-eus\/","title":{"rendered":"Procesos Participativos EUS"},"content":{"rendered":"<?xml encoding=\"utf-8\" ?><p>[vc_row][vc_column][vc_single_image image=&rdquo;19&Prime; img_size=&rdquo;full&rdquo;][vc_empty_space][\/vc_column][\/vc_row][vc_row][vc_column][vc_column_text css=&rdquo;.vc_custom_1530625488564{margin-bottom: 0px !important;}&rdquo;]<strong>Texto descriptivo:<\/strong> I am text block. Click edit button to change this text. Lorem ipsum dolor sit amet, consectetur adipiscing elit. Ut elit tellus, luctus nec ullamcorper mattis, pulvinar dapibus leo.&nbsp;I am text block. Click edit button to change this text. Lorem ipsum dolor sit amet, consectetur adipiscing elit. Ut elit tellus, luctus nec ullamcorper mattis, pulvinar dapibus leo.<\/p><p>I am text block. Click edit button to change this text. Lorem ipsum dolor sit amet, consectetur adipiscing elit. Ut elit tellus, luctus nec ullamcorper mattis, pulvinar dapibus leo.&nbsp;I am text block. Click edit button to change this text. Lorem ipsum dolor sit amet, consectetur adipiscing elit. Ut elit tellus, luctus nec ullamcorper mattis, pulvinar dapibus leo.<\/p><p>I am text block. Click edit button to change this text. Lorem ipsum dolor sit amet, consectetur adipiscing elit. Ut elit tellus, luctus nec ullamcorper mattis, pulvinar dapibus leo.&nbsp;I am text block. Click edit button to change this text. Lorem ipsum dolor sit amet, consectetur adipiscing elit. Ut elit tellus, luctus nec ullamcorper mattis, pulvinar dapibus leo.[\/vc_column_text][vc_empty_space][vc_images_carousel images=&rdquo;621,611,325,312,299,283,280,277,273,269&Prime; img_size=&rdquo;&rdquo; slides_per_view=&rdquo;4&Prime; autoplay=&rdquo;yes&rdquo; hide_pagination_control=&rdquo;yes&rdquo; partial_view=&rdquo;yes&rdquo; wrap=&rdquo;yes&rdquo;][vc_empty_space][vc_row_inner][vc_column_inner width=&rdquo;1\/2&Prime;][mk_button size=&rdquo;large&rdquo; icon=&rdquo;mk-icon-user&rdquo; url=&rdquo;#&rdquo; target=&rdquo;_blank&rdquo; bg_color=&rdquo;#ea4b50&Prime;]IR A ENCUESTA[\/mk_button][\/vc_column_inner][vc_column_inner width=&rdquo;1\/2&Prime;][mk_button size=&rdquo;large&rdquo; icon=&rdquo;mk-icon-bar-chart&rdquo; url=&rdquo;#&rdquo; target=&rdquo;_blank&rdquo; bg_color=&rdquo;#ea4b50&Prime;]RESULTADOS ENCUESTA[\/mk_button][\/vc_column_inner][\/vc_row_inner][vc_empty_space][\/vc_column][\/vc_row][vc_row][vc_column][vc_tabs][vc_tab title=&rdquo;HONEKIN LOTUTAKO AGIRIAK&rdquo; tab_id=&rdquo;1530697464-1-86&Prime;][vc_column_text css=&rdquo;.vc_custom_1530701052842{margin-bottom: 0px !important;}&rdquo;]Insertar SHORTCODE de post type LISTADOS DE ENLACES[\/vc_column_text][mk_custom_list style=&rdquo;mk-li-clip&rdquo;]<\/p><ul>\n<li><a href=\"#\">Enlaces relacionados<\/a><\/li>\n<li><a href=\"#\">Enlaces relacionados<\/a><\/li>\n<li><a href=\"#\">Enlaces relacionados<\/a><\/li>\n<li><a href=\"#\">Enlaces relacionados<\/a><\/li>\n<li><a href=\"#\">Enlaces relacionados<\/a><\/li>\n<\/ul><p>[\/mk_custom_list][\/vc_tab][vc_tab title=&rdquo;HARREMANDUTAKO LOTURAK&rdquo; tab_id=&rdquo;1530697464-2-34&Prime;][vc_column_text css=&rdquo;.vc_custom_1530701052842{margin-bottom: 0px !important;}&rdquo;]Insertar SHORTCODE de post type LISTADOS DE ENLACES[\/vc_column_text][mk_custom_list style=&rdquo;mk-moon-link&rdquo;]<\/p><ul>\n<li><a href=\"#\">Enlaces relacionados<\/a><\/li>\n<li><a href=\"#\">Enlaces relacionados<\/a><\/li>\n<li><a href=\"#\">Enlaces relacionados<\/a><\/li>\n<li><a href=\"#\">Enlaces relacionados<\/a><\/li>\n<li><a href=\"#\">Enlaces relacionados<\/a><\/li>\n<\/ul><p>[\/mk_custom_list][\/vc_tab][vc_tab title=&rdquo;OTRA LISTA DE ENLACES&rdquo; tab_id=&rdquo;1530700274118-2-6&Prime;][vc_column_text css=&rdquo;.vc_custom_1530701052842{margin-bottom: 0px !important;}&rdquo;]Insertar SHORTCODE de post type LISTADOS DE ENLACES[\/vc_column_text][mk_custom_list style=&rdquo;mk-moon-link&rdquo;]<\/p><ul>\n<li><a href=\"#\">Enlaces relacionados<\/a><\/li>\n<li><a href=\"#\">Enlaces relacionados<\/a><\/li>\n<li><a href=\"#\">Enlaces relacionados<\/a><\/li>\n<li><a href=\"#\">Enlaces relacionados<\/a><\/li>\n<li><a href=\"#\">Enlaces relacionados<\/a><\/li>\n<\/ul><p>[\/mk_custom_list][\/vc_tab][\/vc_tabs][\/vc_column][\/vc_row][vc_row][vc_column][vc_empty_space][mk_blog_carousel title=&rdquo;HONEKIN LOTUTAKO BERRIAK&rdquo; enable_excerpt=&rdquo;true&rdquo;][\/vc_column][\/vc_row][vc_row disable_element=&rdquo;yes&rdquo;][vc_column][vc_empty_space][mk_portfolio_carousel title=&rdquo;PROYECTOS RELACIONADOS&rdquo; view_all_text=&rdquo;Ver todas&rdquo;][\/vc_column][\/vc_row][vc_row disable_element=&rdquo;yes&rdquo;][vc_column][mk_custom_box bg_color=&rdquo;#efefef&rdquo; drop_shadow=&rdquo;true&rdquo; drop_shadow_angle=&rdquo;37&Prime; drop_shadow_distance=&rdquo;5&Prime; drop_shadow_blur=&rdquo;8&Prime; drop_shadow_color=&rdquo;rgba(0,0,0,0.29)&rdquo;][vc_column_text css=&rdquo;.vc_custom_1530625649475{margin-bottom: 0px !important;}&rdquo;]<strong>ENLACES RELACIONADOS<\/strong>[\/vc_column_text][mk_custom_list style=&rdquo;mk-moon-link&rdquo;]<\/p><ul>\n<li><a href=\"#\">Enlaces relacionados<\/a><\/li>\n<li><a href=\"#\">Enlaces relacionados<\/a><\/li>\n<li><a href=\"#\">Enlaces relacionados<\/a><\/li>\n<li><a href=\"#\">Enlaces relacionados<\/a><\/li>\n<li><a href=\"#\">Enlaces relacionados<\/a><\/li>\n<\/ul><p>[\/mk_custom_list][\/mk_custom_box][mk_custom_box bg_color=&rdquo;#efefef&rdquo; drop_shadow=&rdquo;true&rdquo; drop_shadow_angle=&rdquo;37&Prime; drop_shadow_distance=&rdquo;5&Prime; drop_shadow_blur=&rdquo;8&Prime; drop_shadow_color=&rdquo;rgba(0,0,0,0.29)&rdquo;][vc_column_text css=&rdquo;.vc_custom_1530625657305{margin-bottom: 0px !important;}&rdquo;]<strong>HONEKIN LOTUTAKO AGIRIAK<\/strong>[\/vc_column_text][mk_custom_list style=&rdquo;mk-li-clip&rdquo;]<\/p><ul>\n<li><a href=\"#\">Enlaces relacionados<\/a><\/li>\n<li><a href=\"#\">Enlaces relacionados<\/a><\/li>\n<li><a href=\"#\">Enlaces relacionados<\/a><\/li>\n<li><a href=\"#\">Enlaces relacionados<\/a><\/li>\n<li><a href=\"#\">Enlaces relacionados<\/a><\/li>\n<\/ul><p>[\/mk_custom_list][\/mk_custom_box][\/vc_column][\/vc_row]<\/p>\n","protected":false},"excerpt":{"rendered":"<p>[vc_row][vc_column][vc_single_image image=&rdquo;19&Prime; img_size=&rdquo;full&rdquo;][vc_empty_space][\/vc_column][\/vc_row][vc_row][vc_column][vc_column_text css=&rdquo;.vc_custom_1530625488564{margin-bottom: 0px !important;}&rdquo;]Texto descriptivo: I am text block. Click edit button to change this text. Lorem ipsum dolor sit amet, consectetur adipiscing elit. Ut elit tellus, luctus nec ullamcorper mattis, pulvinar dapibus leo.&nbsp;I am text block. Click edit button to change this text. Lorem ipsum dolor sit amet, consectetur adipiscing elit. Ut [&hellip;]<\/p>\n","protected":false},"author":2,"featured_media":448,"parent":0,"menu_order":0,"comment_status":"closed","ping_status":"closed","template":"","meta":{"footnotes":""},"class_list":["post-8232","page","type-page","status-publish","has-post-thumbnail","hentry"],"yoast_head":"<!-- This site is optimized with the Yoast SEO plugin v27.5 - https:\/\/yoast.com\/product\/yoast-seo-wordpress\/ -->\r\n<title>Procesos Participativos EUS - Ayuntamiento Valle de Eg\u00fc\u00e9s | Eguesibarko Udala<\/title>\r\n<meta name=\"robots\" content=\"index, follow, max-snippet:-1, max-image-preview:large, max-video-preview:-1\" \/>\r\n<link rel=\"canonical\" href=\"https:\/\/www.valledeegues.com\/eu\/procesos-participativos-eus\/\" \/>\r\n<meta property=\"og:locale\" content=\"eu_ES\" \/>\r\n<meta property=\"og:type\" content=\"article\" \/>\r\n<meta property=\"og:title\" content=\"Procesos Participativos EUS - Ayuntamiento Valle de Eg\u00fc\u00e9s | Eguesibarko Udala\" \/>\r\n<meta property=\"og:description\" content=\"[vc_row][vc_column][vc_single_image image=&rdquo;19&Prime; img_size=&rdquo;full&rdquo;][vc_empty_space][\/vc_column][\/vc_row][vc_row][vc_column][vc_column_text css=&rdquo;.vc_custom_1530625488564{margin-bottom: 0px !important;}&rdquo;]Texto descriptivo: I am text block. Click edit button to change this text. Lorem ipsum dolor sit amet, consectetur adipiscing elit. Ut elit tellus, luctus nec ullamcorper mattis, pulvinar dapibus leo.&nbsp;I am text block. Click edit button to change this text. Lorem ipsum dolor sit amet, consectetur adipiscing elit. Ut [&hellip;]\" \/>\r\n<meta property=\"og:url\" content=\"https:\/\/www.valledeegues.com\/eu\/procesos-participativos-eus\/\" \/>\r\n<meta property=\"og:site_name\" content=\"Ayuntamiento Valle de Eg\u00fc\u00e9s | Eguesibarko Udala\" \/>\r\n<meta property=\"article:publisher\" content=\"https:\/\/www.facebook.com\/EguesEguesibar\" \/>\r\n<meta property=\"article:modified_time\" content=\"2019-01-23T14:15:59+00:00\" \/>\r\n<meta property=\"og:image\" content=\"https:\/\/www.valledeegues.com\/wp-content\/uploads\/2018\/03\/egues_07a5e2b4.jpg\" \/>\r\n\t<meta property=\"og:image:width\" content=\"990\" \/>\r\n\t<meta property=\"og:image:height\" content=\"646\" \/>\r\n\t<meta property=\"og:image:type\" content=\"image\/jpeg\" \/>\r\n<meta name=\"twitter:card\" content=\"summary_large_image\" \/>\r\n<meta name=\"twitter:site\" content=\"@AValledeEgues\" \/>\r\n<meta name=\"twitter:label1\" content=\"Est. reading time\" \/>\n\t<meta name=\"twitter:data1\" content=\"3 minutes\" \/>\r\n<script type=\"application\/ld+json\" class=\"yoast-schema-graph\">{\"@context\":\"https:\\\/\\\/schema.org\",\"@graph\":[{\"@type\":\"WebPage\",\"@id\":\"https:\\\/\\\/www.valledeegues.com\\\/eu\\\/procesos-participativos-eus\\\/\",\"url\":\"https:\\\/\\\/www.valledeegues.com\\\/eu\\\/procesos-participativos-eus\\\/\",\"name\":\"Procesos Participativos EUS - Ayuntamiento Valle de Eg\u00fc\u00e9s | Eguesibarko Udala\",\"isPartOf\":{\"@id\":\"https:\\\/\\\/www.valledeegues.com\\\/eu\\\/#website\"},\"primaryImageOfPage\":{\"@id\":\"https:\\\/\\\/www.valledeegues.com\\\/eu\\\/procesos-participativos-eus\\\/#primaryimage\"},\"image\":{\"@id\":\"https:\\\/\\\/www.valledeegues.com\\\/eu\\\/procesos-participativos-eus\\\/#primaryimage\"},\"thumbnailUrl\":\"https:\\\/\\\/www.valledeegues.com\\\/wp-content\\\/uploads\\\/2018\\\/03\\\/egues_07a5e2b4.jpg\",\"datePublished\":\"2019-01-09T11:54:07+00:00\",\"dateModified\":\"2019-01-23T14:15:59+00:00\",\"breadcrumb\":{\"@id\":\"https:\\\/\\\/www.valledeegues.com\\\/eu\\\/procesos-participativos-eus\\\/#breadcrumb\"},\"inLanguage\":\"eu-ES\",\"potentialAction\":[{\"@type\":\"ReadAction\",\"target\":[\"https:\\\/\\\/www.valledeegues.com\\\/eu\\\/procesos-participativos-eus\\\/\"]}]},{\"@type\":\"ImageObject\",\"inLanguage\":\"eu-ES\",\"@id\":\"https:\\\/\\\/www.valledeegues.com\\\/eu\\\/procesos-participativos-eus\\\/#primaryimage\",\"url\":\"https:\\\/\\\/www.valledeegues.com\\\/wp-content\\\/uploads\\\/2018\\\/03\\\/egues_07a5e2b4.jpg\",\"contentUrl\":\"https:\\\/\\\/www.valledeegues.com\\\/wp-content\\\/uploads\\\/2018\\\/03\\\/egues_07a5e2b4.jpg\",\"width\":990,\"height\":646,\"caption\":\"egues_07a5e2b4\"},{\"@type\":\"BreadcrumbList\",\"@id\":\"https:\\\/\\\/www.valledeegues.com\\\/eu\\\/procesos-participativos-eus\\\/#breadcrumb\",\"itemListElement\":[{\"@type\":\"ListItem\",\"position\":1,\"name\":\"Azala\",\"item\":\"https:\\\/\\\/www.valledeegues.com\\\/eu\\\/\"},{\"@type\":\"ListItem\",\"position\":2,\"name\":\"Procesos Participativos EUS\"}]},{\"@type\":\"WebSite\",\"@id\":\"https:\\\/\\\/www.valledeegues.com\\\/eu\\\/#website\",\"url\":\"https:\\\/\\\/www.valledeegues.com\\\/eu\\\/\",\"name\":\"Ayuntamiento Valle de Eg\u00fc\u00e9s | Eguesibarko Udala\",\"description\":\"Ayuntamiento Valle de Eg\u00fc\u00e9s | Eguesibarko Udala\",\"publisher\":{\"@id\":\"https:\\\/\\\/www.valledeegues.com\\\/eu\\\/#organization\"},\"potentialAction\":[{\"@type\":\"SearchAction\",\"target\":{\"@type\":\"EntryPoint\",\"urlTemplate\":\"https:\\\/\\\/www.valledeegues.com\\\/eu\\\/?s={search_term_string}\"},\"query-input\":{\"@type\":\"PropertyValueSpecification\",\"valueRequired\":true,\"valueName\":\"search_term_string\"}}],\"inLanguage\":\"eu-ES\"},{\"@type\":\"Organization\",\"@id\":\"https:\\\/\\\/www.valledeegues.com\\\/eu\\\/#organization\",\"name\":\"Ayuntamiento Valle de Egues\",\"url\":\"https:\\\/\\\/www.valledeegues.com\\\/eu\\\/\",\"logo\":{\"@type\":\"ImageObject\",\"inLanguage\":\"eu-ES\",\"@id\":\"https:\\\/\\\/www.valledeegues.com\\\/eu\\\/#\\\/schema\\\/logo\\\/image\\\/\",\"url\":\"https:\\\/\\\/www.valledeegues.com\\\/wp-content\\\/uploads\\\/2019\\\/06\\\/logo-egues-escudo.svg\",\"contentUrl\":\"https:\\\/\\\/www.valledeegues.com\\\/wp-content\\\/uploads\\\/2019\\\/06\\\/logo-egues-escudo.svg\",\"width\":529,\"height\":125,\"caption\":\"Ayuntamiento Valle de Egues\"},\"image\":{\"@id\":\"https:\\\/\\\/www.valledeegues.com\\\/eu\\\/#\\\/schema\\\/logo\\\/image\\\/\"},\"sameAs\":[\"https:\\\/\\\/www.facebook.com\\\/EguesEguesibar\",\"https:\\\/\\\/x.com\\\/AValledeEgues\",\"https:\\\/\\\/www.youtube.com\\\/channel\\\/UCUPvmkTy56ZAhGTVrzg4uDQ\"]}]}<\/script>\r\n<!-- \/ Yoast SEO plugin. -->","yoast_head_json":{"title":"Procesos Participativos EUS - Ayuntamiento Valle de Eg\u00fc\u00e9s | Eguesibarko Udala","robots":{"index":"index","follow":"follow","max-snippet":"max-snippet:-1","max-image-preview":"max-image-preview:large","max-video-preview":"max-video-preview:-1"},"canonical":"https:\/\/www.valledeegues.com\/eu\/procesos-participativos-eus\/","og_locale":"eu_ES","og_type":"article","og_title":"Procesos Participativos EUS - Ayuntamiento Valle de Eg\u00fc\u00e9s | Eguesibarko Udala","og_description":"[vc_row][vc_column][vc_single_image image=&rdquo;19&Prime; img_size=&rdquo;full&rdquo;][vc_empty_space][\/vc_column][\/vc_row][vc_row][vc_column][vc_column_text css=&rdquo;.vc_custom_1530625488564{margin-bottom: 0px !important;}&rdquo;]Texto descriptivo: I am text block. Click edit button to change this text. Lorem ipsum dolor sit amet, consectetur adipiscing elit. Ut elit tellus, luctus nec ullamcorper mattis, pulvinar dapibus leo.&nbsp;I am text block. Click edit button to change this text. Lorem ipsum dolor sit amet, consectetur adipiscing elit. Ut [&hellip;]","og_url":"https:\/\/www.valledeegues.com\/eu\/procesos-participativos-eus\/","og_site_name":"Ayuntamiento Valle de Eg\u00fc\u00e9s | Eguesibarko Udala","article_publisher":"https:\/\/www.facebook.com\/EguesEguesibar","article_modified_time":"2019-01-23T14:15:59+00:00","og_image":[{"width":990,"height":646,"url":"https:\/\/www.valledeegues.com\/wp-content\/uploads\/2018\/03\/egues_07a5e2b4.jpg","type":"image\/jpeg"}],"twitter_card":"summary_large_image","twitter_site":"@AValledeEgues","twitter_misc":{"Est. reading time":"3 minutes"},"schema":{"@context":"https:\/\/schema.org","@graph":[{"@type":"WebPage","@id":"https:\/\/www.valledeegues.com\/eu\/procesos-participativos-eus\/","url":"https:\/\/www.valledeegues.com\/eu\/procesos-participativos-eus\/","name":"Procesos Participativos EUS - Ayuntamiento Valle de Eg\u00fc\u00e9s | Eguesibarko Udala","isPartOf":{"@id":"https:\/\/www.valledeegues.com\/eu\/#website"},"primaryImageOfPage":{"@id":"https:\/\/www.valledeegues.com\/eu\/procesos-participativos-eus\/#primaryimage"},"image":{"@id":"https:\/\/www.valledeegues.com\/eu\/procesos-participativos-eus\/#primaryimage"},"thumbnailUrl":"https:\/\/www.valledeegues.com\/wp-content\/uploads\/2018\/03\/egues_07a5e2b4.jpg","datePublished":"2019-01-09T11:54:07+00:00","dateModified":"2019-01-23T14:15:59+00:00","breadcrumb":{"@id":"https:\/\/www.valledeegues.com\/eu\/procesos-participativos-eus\/#breadcrumb"},"inLanguage":"eu-ES","potentialAction":[{"@type":"ReadAction","target":["https:\/\/www.valledeegues.com\/eu\/procesos-participativos-eus\/"]}]},{"@type":"ImageObject","inLanguage":"eu-ES","@id":"https:\/\/www.valledeegues.com\/eu\/procesos-participativos-eus\/#primaryimage","url":"https:\/\/www.valledeegues.com\/wp-content\/uploads\/2018\/03\/egues_07a5e2b4.jpg","contentUrl":"https:\/\/www.valledeegues.com\/wp-content\/uploads\/2018\/03\/egues_07a5e2b4.jpg","width":990,"height":646,"caption":"egues_07a5e2b4"},{"@type":"BreadcrumbList","@id":"https:\/\/www.valledeegues.com\/eu\/procesos-participativos-eus\/#breadcrumb","itemListElement":[{"@type":"ListItem","position":1,"name":"Azala","item":"https:\/\/www.valledeegues.com\/eu\/"},{"@type":"ListItem","position":2,"name":"Procesos Participativos EUS"}]},{"@type":"WebSite","@id":"https:\/\/www.valledeegues.com\/eu\/#website","url":"https:\/\/www.valledeegues.com\/eu\/","name":"Ayuntamiento Valle de Eg\u00fc\u00e9s | Eguesibarko Udala","description":"Ayuntamiento Valle de Eg\u00fc\u00e9s | Eguesibarko Udala","publisher":{"@id":"https:\/\/www.valledeegues.com\/eu\/#organization"},"potentialAction":[{"@type":"SearchAction","target":{"@type":"EntryPoint","urlTemplate":"https:\/\/www.valledeegues.com\/eu\/?s={search_term_string}"},"query-input":{"@type":"PropertyValueSpecification","valueRequired":true,"valueName":"search_term_string"}}],"inLanguage":"eu-ES"},{"@type":"Organization","@id":"https:\/\/www.valledeegues.com\/eu\/#organization","name":"Ayuntamiento Valle de Egues","url":"https:\/\/www.valledeegues.com\/eu\/","logo":{"@type":"ImageObject","inLanguage":"eu-ES","@id":"https:\/\/www.valledeegues.com\/eu\/#\/schema\/logo\/image\/","url":"https:\/\/www.valledeegues.com\/wp-content\/uploads\/2019\/06\/logo-egues-escudo.svg","contentUrl":"https:\/\/www.valledeegues.com\/wp-content\/uploads\/2019\/06\/logo-egues-escudo.svg","width":529,"height":125,"caption":"Ayuntamiento Valle de Egues"},"image":{"@id":"https:\/\/www.valledeegues.com\/eu\/#\/schema\/logo\/image\/"},"sameAs":["https:\/\/www.facebook.com\/EguesEguesibar","https:\/\/x.com\/AValledeEgues","https:\/\/www.youtube.com\/channel\/UCUPvmkTy56ZAhGTVrzg4uDQ"]}]}},"_links":{"self":[{"href":"https:\/\/www.valledeegues.com\/eu\/wp-json\/wp\/v2\/pages\/8232","targetHints":{"allow":["GET"]}}],"collection":[{"href":"https:\/\/www.valledeegues.com\/eu\/wp-json\/wp\/v2\/pages"}],"about":[{"href":"https:\/\/www.valledeegues.com\/eu\/wp-json\/wp\/v2\/types\/page"}],"author":[{"embeddable":true,"href":"https:\/\/www.valledeegues.com\/eu\/wp-json\/wp\/v2\/users\/2"}],"replies":[{"embeddable":true,"href":"https:\/\/www.valledeegues.com\/eu\/wp-json\/wp\/v2\/comments?post=8232"}],"version-history":[{"count":6,"href":"https:\/\/www.valledeegues.com\/eu\/wp-json\/wp\/v2\/pages\/8232\/revisions"}],"predecessor-version":[{"id":8664,"href":"https:\/\/www.valledeegues.com\/eu\/wp-json\/wp\/v2\/pages\/8232\/revisions\/8664"}],"wp:featuredmedia":[{"embeddable":true,"href":"https:\/\/www.valledeegues.com\/eu\/wp-json\/wp\/v2\/media\/448"}],"wp:attachment":[{"href":"https:\/\/www.valledeegues.com\/eu\/wp-json\/wp\/v2\/media?parent=8232"}],"curies":[{"name":"wp","href":"https:\/\/api.w.org\/{rel}","templated":true}]}}