{"id":8206,"date":"2019-01-09T12:40:31","date_gmt":"2019-01-09T11:40:31","guid":{"rendered":"https:\/\/www.valledeegues.com\/?page_id=8206"},"modified":"2019-01-09T12:40:31","modified_gmt":"2019-01-09T11:40:31","slug":"convenios-y-normativa-general-eus","status":"publish","type":"page","link":"https:\/\/www.valledeegues.com\/eu\/convenios-y-normativa-general-eus\/","title":{"rendered":"Convenios y normativa general EUS"},"content":{"rendered":"<?xml encoding=\"utf-8\" ?><p>[vc_row][vc_column][vc_column_text css=&rdquo;.vc_custom_1530273642871{margin-bottom: 0px !important;}&rdquo;]<\/p><h3>Convenios y normativa general<\/h3><p>[\/vc_column_text][\/vc_column][\/vc_row][vc_row][vc_column width=&rdquo;1\/4&Prime;][mk_custom_sidebar sidebar=&rdquo;sidebar-18&Prime;][\/vc_column][vc_column width=&rdquo;3\/4&Prime;][vc_tabs style=&rdquo;simple&rdquo; el_class=&rdquo;anos_links&rdquo;][vc_tab icon=&rdquo;mk-icon-calendar&rdquo; title=&rdquo;2018&Prime; tab_id=&rdquo;1529918444-2-9315301102191261530110285022&Prime;][mk_custom_list style=&rdquo;mk-li-clip&rdquo;]<\/p><table style=\"border-collapse: collapse; width: 100%;\" border=\"1\">\n<tbody>\n<tr>\n<td style=\"width: 4.054054054054056%;\">15\/06\/2018<\/td>\n<td style=\"width: 95.94594594594595%; text-align: left;\">\n<ul>\n<li><strong><a href=\"#\">Nombre del archivo<\/a><\/strong><\/li>\n<\/ul>\n<\/td>\n<\/tr>\n<tr>\n<td style=\"width: 4.054054054054056%;\">15\/06\/2018<\/td>\n<td style=\"width: 95.94594594594595%; text-align: left;\">\n<ul>\n<li><strong><a href=\"#\">Nombre del archivo<\/a><\/strong><\/li>\n<\/ul>\n<\/td>\n<\/tr>\n<tr>\n<td style=\"width: 4.054054054054056%;\">15\/06\/2018<\/td>\n<td style=\"width: 95.94594594594595%; text-align: left;\">\n<ul>\n<li><strong><a href=\"#\">Nombre del archivo<\/a><\/strong><\/li>\n<\/ul>\n<\/td>\n<\/tr>\n<\/tbody>\n<\/table><p>[\/mk_custom_list][\/vc_tab][vc_tab icon=&rdquo;mk-icon-calendar&rdquo; title=&rdquo;2017&Prime; tab_id=&rdquo;1530174139832-1-10&Prime;][mk_custom_list style=&rdquo;mk-li-clip&rdquo;]<\/p><table style=\"border-collapse: collapse; width: 100%;\" border=\"1\">\n<tbody>\n<tr>\n<td style=\"width: 4.054054054054056%;\">15\/06\/2018<\/td>\n<td style=\"width: 95.94594594594595%; text-align: left;\">\n<ul>\n<li><strong><a href=\"#\">Nombre del archivo<\/a><\/strong><\/li>\n<\/ul>\n<\/td>\n<\/tr>\n<tr>\n<td style=\"width: 4.054054054054056%;\">15\/06\/2018<\/td>\n<td style=\"width: 95.94594594594595%; text-align: left;\">\n<ul>\n<li><strong><a href=\"#\">Nombre del archivo<\/a><\/strong><\/li>\n<\/ul>\n<\/td>\n<\/tr>\n<tr>\n<td style=\"width: 4.054054054054056%;\">15\/06\/2018<\/td>\n<td style=\"width: 95.94594594594595%; text-align: left;\">\n<ul>\n<li><strong><a href=\"#\">Nombre del archivo<\/a><\/strong><\/li>\n<\/ul>\n<\/td>\n<\/tr>\n<\/tbody>\n<\/table><p>[\/mk_custom_list][\/vc_tab][vc_tab icon=&rdquo;mk-icon-calendar&rdquo; title=&rdquo;2016&Prime; tab_id=&rdquo;1530174147088-2-4&Prime;][mk_custom_list style=&rdquo;mk-li-clip&rdquo;]<\/p><table style=\"border-collapse: collapse; width: 100%;\" border=\"1\">\n<tbody>\n<tr>\n<td style=\"width: 4.054054054054056%;\">15\/06\/2018<\/td>\n<td style=\"width: 95.94594594594595%; text-align: left;\">\n<ul>\n<li><strong><a href=\"#\">Nombre del archivo<\/a><\/strong><\/li>\n<\/ul>\n<\/td>\n<\/tr>\n<tr>\n<td style=\"width: 4.054054054054056%;\">15\/06\/2018<\/td>\n<td style=\"width: 95.94594594594595%; text-align: left;\">\n<ul>\n<li><strong><a href=\"#\">Nombre del archivo<\/a><\/strong><\/li>\n<\/ul>\n<\/td>\n<\/tr>\n<tr>\n<td style=\"width: 4.054054054054056%;\">15\/06\/2018<\/td>\n<td style=\"width: 95.94594594594595%; text-align: left;\">\n<ul>\n<li><strong><a href=\"#\">Nombre del archivo<\/a><\/strong><\/li>\n<\/ul>\n<\/td>\n<\/tr>\n<\/tbody>\n<\/table><p>[\/mk_custom_list][\/vc_tab][\/vc_tabs][\/vc_column][\/vc_row][vc_row][vc_column][vc_column_text css=&rdquo;.vc_custom_1530273739769{margin-bottom: 0px !important;}&rdquo;]<\/p><h4>Al insertar contenido tenemos que poner:<\/h4><p>Nombre del archivo, Subir archivo adjunto (pdf, word, excel, etc&hellip;), Fecha (puede coger la de subida por defecto o dejarnos poner otra fecha).<strong> Categor&iacute;as y subcategor&iacute;as (en normativa general).<\/strong><\/p><p>Hay que darle forma al men&uacute; lateral de categor&iacute;as y subcategor&iacute;as, ya veremos si le ponemos una flechita o algo que resalte la categor&iacute;a o subcategor&iacute;a donde estamos)<\/p><h4>Funcionamiento:<\/h4><p>Cuando entramos se muestra siempre la pesta&ntilde;a del <strong>a&ntilde;o en curso<\/strong>.<\/p><p>En el<strong> a&ntilde;o en curso<\/strong> se mostrar&aacute;n 1 listados con los archivos de ese a&ntilde;o:<\/p><p>a la izquierda un men&uacute; con las categor&iacute;as (ir&aacute; cada una en una p&aacute;gina distinta), al hacer click nos muestra la p&aacute;gina de cada una de ellas, y se abre siempre la pesta&ntilde;a del a&ntilde;o correspondiente, mostrando el listado.[\/vc_column_text][\/vc_column][\/vc_row]<\/p>\n","protected":false},"excerpt":{"rendered":"<p>[vc_row][vc_column][vc_column_text css=&rdquo;.vc_custom_1530273642871{margin-bottom: 0px !important;}&rdquo;]Convenios y normativa general[\/vc_column_text][\/vc_column][\/vc_row][vc_row][vc_column width=&rdquo;1\/4&Prime;][mk_custom_sidebar sidebar=&rdquo;sidebar-18&Prime;][\/vc_column][vc_column width=&rdquo;3\/4&Prime;][vc_tabs style=&rdquo;simple&rdquo; el_class=&rdquo;anos_links&rdquo;][vc_tab icon=&rdquo;mk-icon-calendar&rdquo; title=&rdquo;2018&Prime; tab_id=&rdquo;1529918444-2-9315301102191261530110285022&Prime;][mk_custom_list style=&rdquo;mk-li-clip&rdquo;] 15\/06\/2018 Nombre del archivo 15\/06\/2018 Nombre del archivo 15\/06\/2018 Nombre del archivo [\/mk_custom_list][\/vc_tab][vc_tab icon=&rdquo;mk-icon-calendar&rdquo; title=&rdquo;2017&Prime; tab_id=&rdquo;1530174139832-1-10&Prime;][mk_custom_list style=&rdquo;mk-li-clip&rdquo;] 15\/06\/2018 Nombre del archivo 15\/06\/2018 Nombre del archivo 15\/06\/2018 Nombre del archivo [\/mk_custom_list][\/vc_tab][vc_tab icon=&rdquo;mk-icon-calendar&rdquo; title=&rdquo;2016&Prime; tab_id=&rdquo;1530174147088-2-4&Prime;][mk_custom_list style=&rdquo;mk-li-clip&rdquo;] 15\/06\/2018 Nombre del archivo 15\/06\/2018 [&hellip;]<\/p>\n","protected":false},"author":2,"featured_media":0,"parent":0,"menu_order":0,"comment_status":"closed","ping_status":"closed","template":"","meta":{"footnotes":""},"class_list":["post-8206","page","type-page","status-publish","hentry"],"yoast_head":"<!-- This site is optimized with the Yoast SEO plugin v27.5 - https:\/\/yoast.com\/product\/yoast-seo-wordpress\/ -->\r\n<title>Convenios y normativa general EUS - Ayuntamiento Valle de Eg\u00fc\u00e9s | Eguesibarko Udala<\/title>\r\n<meta name=\"robots\" content=\"index, follow, max-snippet:-1, max-image-preview:large, max-video-preview:-1\" \/>\r\n<link rel=\"canonical\" href=\"https:\/\/www.valledeegues.com\/eu\/convenios-y-normativa-general-eus\/\" \/>\r\n<meta property=\"og:locale\" content=\"eu_ES\" \/>\r\n<meta property=\"og:type\" content=\"article\" \/>\r\n<meta property=\"og:title\" content=\"Convenios y normativa general EUS - Ayuntamiento Valle de Eg\u00fc\u00e9s | Eguesibarko Udala\" \/>\r\n<meta property=\"og:description\" content=\"[vc_row][vc_column][vc_column_text css=&rdquo;.vc_custom_1530273642871{margin-bottom: 0px !important;}&rdquo;]Convenios y normativa general[\/vc_column_text][\/vc_column][\/vc_row][vc_row][vc_column width=&rdquo;1\/4&Prime;][mk_custom_sidebar sidebar=&rdquo;sidebar-18&Prime;][\/vc_column][vc_column width=&rdquo;3\/4&Prime;][vc_tabs style=&rdquo;simple&rdquo; el_class=&rdquo;anos_links&rdquo;][vc_tab icon=&rdquo;mk-icon-calendar&rdquo; title=&rdquo;2018&Prime; tab_id=&rdquo;1529918444-2-9315301102191261530110285022&Prime;][mk_custom_list style=&rdquo;mk-li-clip&rdquo;] 15\/06\/2018 Nombre del archivo 15\/06\/2018 Nombre del archivo 15\/06\/2018 Nombre del archivo [\/mk_custom_list][\/vc_tab][vc_tab icon=&rdquo;mk-icon-calendar&rdquo; title=&rdquo;2017&Prime; tab_id=&rdquo;1530174139832-1-10&Prime;][mk_custom_list style=&rdquo;mk-li-clip&rdquo;] 15\/06\/2018 Nombre del archivo 15\/06\/2018 Nombre del archivo 15\/06\/2018 Nombre del archivo [\/mk_custom_list][\/vc_tab][vc_tab icon=&rdquo;mk-icon-calendar&rdquo; title=&rdquo;2016&Prime; tab_id=&rdquo;1530174147088-2-4&Prime;][mk_custom_list style=&rdquo;mk-li-clip&rdquo;] 15\/06\/2018 Nombre del archivo 15\/06\/2018 [&hellip;]\" \/>\r\n<meta property=\"og:url\" content=\"https:\/\/www.valledeegues.com\/eu\/convenios-y-normativa-general-eus\/\" \/>\r\n<meta property=\"og:site_name\" content=\"Ayuntamiento Valle de Eg\u00fc\u00e9s | Eguesibarko Udala\" \/>\r\n<meta property=\"article:publisher\" content=\"https:\/\/www.facebook.com\/EguesEguesibar\" \/>\r\n<meta name=\"twitter:card\" content=\"summary_large_image\" \/>\r\n<meta name=\"twitter:site\" content=\"@AValledeEgues\" \/>\r\n<meta name=\"twitter:label1\" content=\"Est. reading time\" \/>\n\t<meta name=\"twitter:data1\" content=\"2 minutes\" \/>\r\n<script type=\"application\/ld+json\" class=\"yoast-schema-graph\">{\"@context\":\"https:\\\/\\\/schema.org\",\"@graph\":[{\"@type\":\"WebPage\",\"@id\":\"https:\\\/\\\/www.valledeegues.com\\\/eu\\\/convenios-y-normativa-general-eus\\\/\",\"url\":\"https:\\\/\\\/www.valledeegues.com\\\/eu\\\/convenios-y-normativa-general-eus\\\/\",\"name\":\"Convenios y normativa general EUS - Ayuntamiento Valle de Eg\u00fc\u00e9s | Eguesibarko Udala\",\"isPartOf\":{\"@id\":\"https:\\\/\\\/www.valledeegues.com\\\/eu\\\/#website\"},\"datePublished\":\"2019-01-09T11:40:31+00:00\",\"breadcrumb\":{\"@id\":\"https:\\\/\\\/www.valledeegues.com\\\/eu\\\/convenios-y-normativa-general-eus\\\/#breadcrumb\"},\"inLanguage\":\"eu-ES\",\"potentialAction\":[{\"@type\":\"ReadAction\",\"target\":[\"https:\\\/\\\/www.valledeegues.com\\\/eu\\\/convenios-y-normativa-general-eus\\\/\"]}]},{\"@type\":\"BreadcrumbList\",\"@id\":\"https:\\\/\\\/www.valledeegues.com\\\/eu\\\/convenios-y-normativa-general-eus\\\/#breadcrumb\",\"itemListElement\":[{\"@type\":\"ListItem\",\"position\":1,\"name\":\"Azala\",\"item\":\"https:\\\/\\\/www.valledeegues.com\\\/eu\\\/\"},{\"@type\":\"ListItem\",\"position\":2,\"name\":\"Convenios y normativa general EUS\"}]},{\"@type\":\"WebSite\",\"@id\":\"https:\\\/\\\/www.valledeegues.com\\\/eu\\\/#website\",\"url\":\"https:\\\/\\\/www.valledeegues.com\\\/eu\\\/\",\"name\":\"Ayuntamiento Valle de Eg\u00fc\u00e9s | Eguesibarko Udala\",\"description\":\"Ayuntamiento Valle de Eg\u00fc\u00e9s | Eguesibarko Udala\",\"publisher\":{\"@id\":\"https:\\\/\\\/www.valledeegues.com\\\/eu\\\/#organization\"},\"potentialAction\":[{\"@type\":\"SearchAction\",\"target\":{\"@type\":\"EntryPoint\",\"urlTemplate\":\"https:\\\/\\\/www.valledeegues.com\\\/eu\\\/?s={search_term_string}\"},\"query-input\":{\"@type\":\"PropertyValueSpecification\",\"valueRequired\":true,\"valueName\":\"search_term_string\"}}],\"inLanguage\":\"eu-ES\"},{\"@type\":\"Organization\",\"@id\":\"https:\\\/\\\/www.valledeegues.com\\\/eu\\\/#organization\",\"name\":\"Ayuntamiento Valle de Egues\",\"url\":\"https:\\\/\\\/www.valledeegues.com\\\/eu\\\/\",\"logo\":{\"@type\":\"ImageObject\",\"inLanguage\":\"eu-ES\",\"@id\":\"https:\\\/\\\/www.valledeegues.com\\\/eu\\\/#\\\/schema\\\/logo\\\/image\\\/\",\"url\":\"https:\\\/\\\/www.valledeegues.com\\\/wp-content\\\/uploads\\\/2019\\\/06\\\/logo-egues-escudo.svg\",\"contentUrl\":\"https:\\\/\\\/www.valledeegues.com\\\/wp-content\\\/uploads\\\/2019\\\/06\\\/logo-egues-escudo.svg\",\"width\":529,\"height\":125,\"caption\":\"Ayuntamiento Valle de Egues\"},\"image\":{\"@id\":\"https:\\\/\\\/www.valledeegues.com\\\/eu\\\/#\\\/schema\\\/logo\\\/image\\\/\"},\"sameAs\":[\"https:\\\/\\\/www.facebook.com\\\/EguesEguesibar\",\"https:\\\/\\\/x.com\\\/AValledeEgues\",\"https:\\\/\\\/www.youtube.com\\\/channel\\\/UCUPvmkTy56ZAhGTVrzg4uDQ\"]}]}<\/script>\r\n<!-- \/ Yoast SEO plugin. -->","yoast_head_json":{"title":"Convenios y normativa general EUS - Ayuntamiento Valle de Eg\u00fc\u00e9s | Eguesibarko Udala","robots":{"index":"index","follow":"follow","max-snippet":"max-snippet:-1","max-image-preview":"max-image-preview:large","max-video-preview":"max-video-preview:-1"},"canonical":"https:\/\/www.valledeegues.com\/eu\/convenios-y-normativa-general-eus\/","og_locale":"eu_ES","og_type":"article","og_title":"Convenios y normativa general EUS - Ayuntamiento Valle de Eg\u00fc\u00e9s | Eguesibarko Udala","og_description":"[vc_row][vc_column][vc_column_text css=&rdquo;.vc_custom_1530273642871{margin-bottom: 0px !important;}&rdquo;]Convenios y normativa general[\/vc_column_text][\/vc_column][\/vc_row][vc_row][vc_column width=&rdquo;1\/4&Prime;][mk_custom_sidebar sidebar=&rdquo;sidebar-18&Prime;][\/vc_column][vc_column width=&rdquo;3\/4&Prime;][vc_tabs style=&rdquo;simple&rdquo; el_class=&rdquo;anos_links&rdquo;][vc_tab icon=&rdquo;mk-icon-calendar&rdquo; title=&rdquo;2018&Prime; tab_id=&rdquo;1529918444-2-9315301102191261530110285022&Prime;][mk_custom_list style=&rdquo;mk-li-clip&rdquo;] 15\/06\/2018 Nombre del archivo 15\/06\/2018 Nombre del archivo 15\/06\/2018 Nombre del archivo [\/mk_custom_list][\/vc_tab][vc_tab icon=&rdquo;mk-icon-calendar&rdquo; title=&rdquo;2017&Prime; tab_id=&rdquo;1530174139832-1-10&Prime;][mk_custom_list style=&rdquo;mk-li-clip&rdquo;] 15\/06\/2018 Nombre del archivo 15\/06\/2018 Nombre del archivo 15\/06\/2018 Nombre del archivo [\/mk_custom_list][\/vc_tab][vc_tab icon=&rdquo;mk-icon-calendar&rdquo; title=&rdquo;2016&Prime; tab_id=&rdquo;1530174147088-2-4&Prime;][mk_custom_list style=&rdquo;mk-li-clip&rdquo;] 15\/06\/2018 Nombre del archivo 15\/06\/2018 [&hellip;]","og_url":"https:\/\/www.valledeegues.com\/eu\/convenios-y-normativa-general-eus\/","og_site_name":"Ayuntamiento Valle de Eg\u00fc\u00e9s | Eguesibarko Udala","article_publisher":"https:\/\/www.facebook.com\/EguesEguesibar","twitter_card":"summary_large_image","twitter_site":"@AValledeEgues","twitter_misc":{"Est. reading time":"2 minutes"},"schema":{"@context":"https:\/\/schema.org","@graph":[{"@type":"WebPage","@id":"https:\/\/www.valledeegues.com\/eu\/convenios-y-normativa-general-eus\/","url":"https:\/\/www.valledeegues.com\/eu\/convenios-y-normativa-general-eus\/","name":"Convenios y normativa general EUS - Ayuntamiento Valle de Eg\u00fc\u00e9s | Eguesibarko Udala","isPartOf":{"@id":"https:\/\/www.valledeegues.com\/eu\/#website"},"datePublished":"2019-01-09T11:40:31+00:00","breadcrumb":{"@id":"https:\/\/www.valledeegues.com\/eu\/convenios-y-normativa-general-eus\/#breadcrumb"},"inLanguage":"eu-ES","potentialAction":[{"@type":"ReadAction","target":["https:\/\/www.valledeegues.com\/eu\/convenios-y-normativa-general-eus\/"]}]},{"@type":"BreadcrumbList","@id":"https:\/\/www.valledeegues.com\/eu\/convenios-y-normativa-general-eus\/#breadcrumb","itemListElement":[{"@type":"ListItem","position":1,"name":"Azala","item":"https:\/\/www.valledeegues.com\/eu\/"},{"@type":"ListItem","position":2,"name":"Convenios y normativa general EUS"}]},{"@type":"WebSite","@id":"https:\/\/www.valledeegues.com\/eu\/#website","url":"https:\/\/www.valledeegues.com\/eu\/","name":"Ayuntamiento Valle de Eg\u00fc\u00e9s | Eguesibarko Udala","description":"Ayuntamiento Valle de Eg\u00fc\u00e9s | Eguesibarko Udala","publisher":{"@id":"https:\/\/www.valledeegues.com\/eu\/#organization"},"potentialAction":[{"@type":"SearchAction","target":{"@type":"EntryPoint","urlTemplate":"https:\/\/www.valledeegues.com\/eu\/?s={search_term_string}"},"query-input":{"@type":"PropertyValueSpecification","valueRequired":true,"valueName":"search_term_string"}}],"inLanguage":"eu-ES"},{"@type":"Organization","@id":"https:\/\/www.valledeegues.com\/eu\/#organization","name":"Ayuntamiento Valle de Egues","url":"https:\/\/www.valledeegues.com\/eu\/","logo":{"@type":"ImageObject","inLanguage":"eu-ES","@id":"https:\/\/www.valledeegues.com\/eu\/#\/schema\/logo\/image\/","url":"https:\/\/www.valledeegues.com\/wp-content\/uploads\/2019\/06\/logo-egues-escudo.svg","contentUrl":"https:\/\/www.valledeegues.com\/wp-content\/uploads\/2019\/06\/logo-egues-escudo.svg","width":529,"height":125,"caption":"Ayuntamiento Valle de Egues"},"image":{"@id":"https:\/\/www.valledeegues.com\/eu\/#\/schema\/logo\/image\/"},"sameAs":["https:\/\/www.facebook.com\/EguesEguesibar","https:\/\/x.com\/AValledeEgues","https:\/\/www.youtube.com\/channel\/UCUPvmkTy56ZAhGTVrzg4uDQ"]}]}},"_links":{"self":[{"href":"https:\/\/www.valledeegues.com\/eu\/wp-json\/wp\/v2\/pages\/8206","targetHints":{"allow":["GET"]}}],"collection":[{"href":"https:\/\/www.valledeegues.com\/eu\/wp-json\/wp\/v2\/pages"}],"about":[{"href":"https:\/\/www.valledeegues.com\/eu\/wp-json\/wp\/v2\/types\/page"}],"author":[{"embeddable":true,"href":"https:\/\/www.valledeegues.com\/eu\/wp-json\/wp\/v2\/users\/2"}],"replies":[{"embeddable":true,"href":"https:\/\/www.valledeegues.com\/eu\/wp-json\/wp\/v2\/comments?post=8206"}],"version-history":[{"count":2,"href":"https:\/\/www.valledeegues.com\/eu\/wp-json\/wp\/v2\/pages\/8206\/revisions"}],"predecessor-version":[{"id":8211,"href":"https:\/\/www.valledeegues.com\/eu\/wp-json\/wp\/v2\/pages\/8206\/revisions\/8211"}],"wp:attachment":[{"href":"https:\/\/www.valledeegues.com\/eu\/wp-json\/wp\/v2\/media?parent=8206"}],"curies":[{"name":"wp","href":"https:\/\/api.w.org\/{rel}","templated":true}]}}