{"id":8172,"date":"2019-01-09T12:06:29","date_gmt":"2019-01-09T11:06:29","guid":{"rendered":"https:\/\/www.valledeegues.com\/?page_id=8172"},"modified":"2019-01-28T15:09:18","modified_gmt":"2019-01-28T14:09:18","slug":"kanpainak","status":"publish","type":"page","link":"https:\/\/www.valledeegues.com\/eu\/kanpainak\/","title":{"rendered":"Kanpainak"},"content":{"rendered":"<p>[vc_row][vc_column][vc_column_text css=&#8221;.vc_custom_1530691457088{margin-bottom: 0px !important;}&#8221;]<\/p>\n<h3>Lotutako kanpainak<\/h3>\n<p>[\/vc_column_text][vc_empty_space][mk_portfolio excerpt_length=&#8221;0&#8243; meta_type=&#8221;none&#8221; permalink_icon_name=&#8221;mk-li-clip&#8221; zoom_icon_name=&#8221;mk-icon-eye&#8221; sortable=&#8221;false&#8221; sortable_all_text=&#8221;Todas&#8221;][vc_empty_space][vc_column_text css=&#8221;.vc_custom_1530703163654{margin-bottom: 0px !important;}&#8221;]<strong>Funcionamiento campa\u00f1as:<br \/>\n<\/strong>Hay que insertar los siguientes elementos: Nombre o t\u00edtulo de campa\u00f1a, Foto destacada, Categor\u00eda, Enlace a web, jpg o pdf de la campa\u00f1a.<\/p>\n<p><strong>Qu\u00e9 se muestra:<\/strong> Foto destacada y t\u00edtulo. Al pasar por encima icono de clip: para ir al enlace o al adjunto y icono de ojo para ver la imagen destacada en grande.<\/p>\n<p><strong>Debe ir en un carrusel autodeslizante con flechitas para desplazar las campa\u00f1as<\/strong> (ahora no se ve as\u00ed porque no me deja ponerlo, pero se deben ver s\u00f3lo 3 campa\u00f1as a la vez en la p\u00e1gina que se carguen)<\/p>\n<p><strong>SHORTCODE<\/strong> para poder insertar las campa\u00f1as por categor\u00edas o campa\u00f1as concretas en las p\u00e1ginas que se requieran.[\/vc_column_text][\/vc_column][\/vc_row]<\/p>\n","protected":false},"excerpt":{"rendered":"<p>[vc_row][vc_column][vc_column_text css=&#8221;.vc_custom_1530691457088{margin-bottom: 0px !important;}&#8221;] Lotutako kanpainak [\/vc_column_text][vc_empty_space][mk_portfolio excerpt_length=&#8221;0&#8243; meta_type=&#8221;none&#8221; permalink_icon_name=&#8221;mk-li-clip&#8221; zoom_icon_name=&#8221;mk-icon-eye&#8221; sortable=&#8221;false&#8221; sortable_all_text=&#8221;Todas&#8221;][vc_empty_space][vc_column_text css=&#8221;.vc_custom_1530703163654{margin-bottom: 0px !important;}&#8221;]Funcionamiento campa\u00f1as: Hay que insertar los siguientes elementos: Nombre o t\u00edtulo de campa\u00f1a, Foto destacada, Categor\u00eda, Enlace a web, jpg o pdf de la campa\u00f1a. Qu\u00e9 se muestra: Foto destacada y t\u00edtulo. Al pasar por encima icono de clip: para [&hellip;]<\/p>\n","protected":false},"author":2,"featured_media":0,"parent":0,"menu_order":0,"comment_status":"closed","ping_status":"closed","template":"","meta":{"footnotes":""},"class_list":["post-8172","page","type-page","status-publish","hentry"],"yoast_head":"<!-- This site is optimized with the Yoast SEO plugin v27.5 - https:\/\/yoast.com\/product\/yoast-seo-wordpress\/ -->\r\n<title>Kanpainak - Ayuntamiento Valle de Eg\u00fc\u00e9s | Eguesibarko Udala<\/title>\r\n<meta name=\"robots\" content=\"index, follow, max-snippet:-1, max-image-preview:large, max-video-preview:-1\" \/>\r\n<link rel=\"canonical\" href=\"https:\/\/www.valledeegues.com\/eu\/kanpainak\/\" \/>\r\n<meta property=\"og:locale\" content=\"eu_ES\" \/>\r\n<meta property=\"og:type\" content=\"article\" \/>\r\n<meta property=\"og:title\" content=\"Kanpainak - Ayuntamiento Valle de Eg\u00fc\u00e9s | Eguesibarko Udala\" \/>\r\n<meta property=\"og:description\" content=\"[vc_row][vc_column][vc_column_text css=&#8221;.vc_custom_1530691457088{margin-bottom: 0px !important;}&#8221;] Lotutako kanpainak [\/vc_column_text][vc_empty_space][mk_portfolio excerpt_length=&#8221;0&#8243; meta_type=&#8221;none&#8221; permalink_icon_name=&#8221;mk-li-clip&#8221; zoom_icon_name=&#8221;mk-icon-eye&#8221; sortable=&#8221;false&#8221; sortable_all_text=&#8221;Todas&#8221;][vc_empty_space][vc_column_text css=&#8221;.vc_custom_1530703163654{margin-bottom: 0px !important;}&#8221;]Funcionamiento campa\u00f1as: Hay que insertar los siguientes elementos: Nombre o t\u00edtulo de campa\u00f1a, Foto destacada, Categor\u00eda, Enlace a web, jpg o pdf de la campa\u00f1a. Qu\u00e9 se muestra: Foto destacada y t\u00edtulo. Al pasar por encima icono de clip: para [&hellip;]\" \/>\r\n<meta property=\"og:url\" content=\"https:\/\/www.valledeegues.com\/eu\/kanpainak\/\" \/>\r\n<meta property=\"og:site_name\" content=\"Ayuntamiento Valle de Eg\u00fc\u00e9s | Eguesibarko Udala\" \/>\r\n<meta property=\"article:publisher\" content=\"https:\/\/www.facebook.com\/EguesEguesibar\" \/>\r\n<meta property=\"article:modified_time\" content=\"2019-01-28T14:09:18+00:00\" \/>\r\n<meta name=\"twitter:card\" content=\"summary_large_image\" \/>\r\n<meta name=\"twitter:site\" content=\"@AValledeEgues\" \/>\r\n<meta name=\"twitter:label1\" content=\"Est. reading time\" \/>\n\t<meta name=\"twitter:data1\" content=\"1 minute\" \/>\r\n<script type=\"application\/ld+json\" class=\"yoast-schema-graph\">{\"@context\":\"https:\\\/\\\/schema.org\",\"@graph\":[{\"@type\":\"WebPage\",\"@id\":\"https:\\\/\\\/www.valledeegues.com\\\/eu\\\/kanpainak\\\/\",\"url\":\"https:\\\/\\\/www.valledeegues.com\\\/eu\\\/kanpainak\\\/\",\"name\":\"Kanpainak - Ayuntamiento Valle de Eg\u00fc\u00e9s | Eguesibarko Udala\",\"isPartOf\":{\"@id\":\"https:\\\/\\\/www.valledeegues.com\\\/eu\\\/#website\"},\"datePublished\":\"2019-01-09T11:06:29+00:00\",\"dateModified\":\"2019-01-28T14:09:18+00:00\",\"breadcrumb\":{\"@id\":\"https:\\\/\\\/www.valledeegues.com\\\/eu\\\/kanpainak\\\/#breadcrumb\"},\"inLanguage\":\"eu-ES\",\"potentialAction\":[{\"@type\":\"ReadAction\",\"target\":[\"https:\\\/\\\/www.valledeegues.com\\\/eu\\\/kanpainak\\\/\"]}]},{\"@type\":\"BreadcrumbList\",\"@id\":\"https:\\\/\\\/www.valledeegues.com\\\/eu\\\/kanpainak\\\/#breadcrumb\",\"itemListElement\":[{\"@type\":\"ListItem\",\"position\":1,\"name\":\"Azala\",\"item\":\"https:\\\/\\\/www.valledeegues.com\\\/eu\\\/\"},{\"@type\":\"ListItem\",\"position\":2,\"name\":\"Kanpainak\"}]},{\"@type\":\"WebSite\",\"@id\":\"https:\\\/\\\/www.valledeegues.com\\\/eu\\\/#website\",\"url\":\"https:\\\/\\\/www.valledeegues.com\\\/eu\\\/\",\"name\":\"Ayuntamiento Valle de Eg\u00fc\u00e9s | Eguesibarko Udala\",\"description\":\"Ayuntamiento Valle de Eg\u00fc\u00e9s | Eguesibarko Udala\",\"publisher\":{\"@id\":\"https:\\\/\\\/www.valledeegues.com\\\/eu\\\/#organization\"},\"potentialAction\":[{\"@type\":\"SearchAction\",\"target\":{\"@type\":\"EntryPoint\",\"urlTemplate\":\"https:\\\/\\\/www.valledeegues.com\\\/eu\\\/?s={search_term_string}\"},\"query-input\":{\"@type\":\"PropertyValueSpecification\",\"valueRequired\":true,\"valueName\":\"search_term_string\"}}],\"inLanguage\":\"eu-ES\"},{\"@type\":\"Organization\",\"@id\":\"https:\\\/\\\/www.valledeegues.com\\\/eu\\\/#organization\",\"name\":\"Ayuntamiento Valle de Egues\",\"url\":\"https:\\\/\\\/www.valledeegues.com\\\/eu\\\/\",\"logo\":{\"@type\":\"ImageObject\",\"inLanguage\":\"eu-ES\",\"@id\":\"https:\\\/\\\/www.valledeegues.com\\\/eu\\\/#\\\/schema\\\/logo\\\/image\\\/\",\"url\":\"https:\\\/\\\/www.valledeegues.com\\\/wp-content\\\/uploads\\\/2019\\\/06\\\/logo-egues-escudo.svg\",\"contentUrl\":\"https:\\\/\\\/www.valledeegues.com\\\/wp-content\\\/uploads\\\/2019\\\/06\\\/logo-egues-escudo.svg\",\"width\":529,\"height\":125,\"caption\":\"Ayuntamiento Valle de Egues\"},\"image\":{\"@id\":\"https:\\\/\\\/www.valledeegues.com\\\/eu\\\/#\\\/schema\\\/logo\\\/image\\\/\"},\"sameAs\":[\"https:\\\/\\\/www.facebook.com\\\/EguesEguesibar\",\"https:\\\/\\\/x.com\\\/AValledeEgues\",\"https:\\\/\\\/www.youtube.com\\\/channel\\\/UCUPvmkTy56ZAhGTVrzg4uDQ\"]}]}<\/script>\r\n<!-- \/ Yoast SEO plugin. -->","yoast_head_json":{"title":"Kanpainak - Ayuntamiento Valle de Eg\u00fc\u00e9s | Eguesibarko Udala","robots":{"index":"index","follow":"follow","max-snippet":"max-snippet:-1","max-image-preview":"max-image-preview:large","max-video-preview":"max-video-preview:-1"},"canonical":"https:\/\/www.valledeegues.com\/eu\/kanpainak\/","og_locale":"eu_ES","og_type":"article","og_title":"Kanpainak - Ayuntamiento Valle de Eg\u00fc\u00e9s | Eguesibarko Udala","og_description":"[vc_row][vc_column][vc_column_text css=&#8221;.vc_custom_1530691457088{margin-bottom: 0px !important;}&#8221;] Lotutako kanpainak [\/vc_column_text][vc_empty_space][mk_portfolio excerpt_length=&#8221;0&#8243; meta_type=&#8221;none&#8221; permalink_icon_name=&#8221;mk-li-clip&#8221; zoom_icon_name=&#8221;mk-icon-eye&#8221; sortable=&#8221;false&#8221; sortable_all_text=&#8221;Todas&#8221;][vc_empty_space][vc_column_text css=&#8221;.vc_custom_1530703163654{margin-bottom: 0px !important;}&#8221;]Funcionamiento campa\u00f1as: Hay que insertar los siguientes elementos: Nombre o t\u00edtulo de campa\u00f1a, Foto destacada, Categor\u00eda, Enlace a web, jpg o pdf de la campa\u00f1a. Qu\u00e9 se muestra: Foto destacada y t\u00edtulo. Al pasar por encima icono de clip: para [&hellip;]","og_url":"https:\/\/www.valledeegues.com\/eu\/kanpainak\/","og_site_name":"Ayuntamiento Valle de Eg\u00fc\u00e9s | Eguesibarko Udala","article_publisher":"https:\/\/www.facebook.com\/EguesEguesibar","article_modified_time":"2019-01-28T14:09:18+00:00","twitter_card":"summary_large_image","twitter_site":"@AValledeEgues","twitter_misc":{"Est. reading time":"1 minute"},"schema":{"@context":"https:\/\/schema.org","@graph":[{"@type":"WebPage","@id":"https:\/\/www.valledeegues.com\/eu\/kanpainak\/","url":"https:\/\/www.valledeegues.com\/eu\/kanpainak\/","name":"Kanpainak - Ayuntamiento Valle de Eg\u00fc\u00e9s | Eguesibarko Udala","isPartOf":{"@id":"https:\/\/www.valledeegues.com\/eu\/#website"},"datePublished":"2019-01-09T11:06:29+00:00","dateModified":"2019-01-28T14:09:18+00:00","breadcrumb":{"@id":"https:\/\/www.valledeegues.com\/eu\/kanpainak\/#breadcrumb"},"inLanguage":"eu-ES","potentialAction":[{"@type":"ReadAction","target":["https:\/\/www.valledeegues.com\/eu\/kanpainak\/"]}]},{"@type":"BreadcrumbList","@id":"https:\/\/www.valledeegues.com\/eu\/kanpainak\/#breadcrumb","itemListElement":[{"@type":"ListItem","position":1,"name":"Azala","item":"https:\/\/www.valledeegues.com\/eu\/"},{"@type":"ListItem","position":2,"name":"Kanpainak"}]},{"@type":"WebSite","@id":"https:\/\/www.valledeegues.com\/eu\/#website","url":"https:\/\/www.valledeegues.com\/eu\/","name":"Ayuntamiento Valle de Eg\u00fc\u00e9s | Eguesibarko Udala","description":"Ayuntamiento Valle de Eg\u00fc\u00e9s | Eguesibarko Udala","publisher":{"@id":"https:\/\/www.valledeegues.com\/eu\/#organization"},"potentialAction":[{"@type":"SearchAction","target":{"@type":"EntryPoint","urlTemplate":"https:\/\/www.valledeegues.com\/eu\/?s={search_term_string}"},"query-input":{"@type":"PropertyValueSpecification","valueRequired":true,"valueName":"search_term_string"}}],"inLanguage":"eu-ES"},{"@type":"Organization","@id":"https:\/\/www.valledeegues.com\/eu\/#organization","name":"Ayuntamiento Valle de Egues","url":"https:\/\/www.valledeegues.com\/eu\/","logo":{"@type":"ImageObject","inLanguage":"eu-ES","@id":"https:\/\/www.valledeegues.com\/eu\/#\/schema\/logo\/image\/","url":"https:\/\/www.valledeegues.com\/wp-content\/uploads\/2019\/06\/logo-egues-escudo.svg","contentUrl":"https:\/\/www.valledeegues.com\/wp-content\/uploads\/2019\/06\/logo-egues-escudo.svg","width":529,"height":125,"caption":"Ayuntamiento Valle de Egues"},"image":{"@id":"https:\/\/www.valledeegues.com\/eu\/#\/schema\/logo\/image\/"},"sameAs":["https:\/\/www.facebook.com\/EguesEguesibar","https:\/\/x.com\/AValledeEgues","https:\/\/www.youtube.com\/channel\/UCUPvmkTy56ZAhGTVrzg4uDQ"]}]}},"_links":{"self":[{"href":"https:\/\/www.valledeegues.com\/eu\/wp-json\/wp\/v2\/pages\/8172","targetHints":{"allow":["GET"]}}],"collection":[{"href":"https:\/\/www.valledeegues.com\/eu\/wp-json\/wp\/v2\/pages"}],"about":[{"href":"https:\/\/www.valledeegues.com\/eu\/wp-json\/wp\/v2\/types\/page"}],"author":[{"embeddable":true,"href":"https:\/\/www.valledeegues.com\/eu\/wp-json\/wp\/v2\/users\/2"}],"replies":[{"embeddable":true,"href":"https:\/\/www.valledeegues.com\/eu\/wp-json\/wp\/v2\/comments?post=8172"}],"version-history":[{"count":4,"href":"https:\/\/www.valledeegues.com\/eu\/wp-json\/wp\/v2\/pages\/8172\/revisions"}],"predecessor-version":[{"id":8967,"href":"https:\/\/www.valledeegues.com\/eu\/wp-json\/wp\/v2\/pages\/8172\/revisions\/8967"}],"wp:attachment":[{"href":"https:\/\/www.valledeegues.com\/eu\/wp-json\/wp\/v2\/media?parent=8172"}],"curies":[{"name":"wp","href":"https:\/\/api.w.org\/{rel}","templated":true}]}}