{"id":8171,"date":"2018-09-21T13:23:16","date_gmt":"2018-09-21T11:23:16","guid":{"rendered":"https:\/\/www.valledeegues.com\/?page_id=8171"},"modified":"2026-03-23T10:35:42","modified_gmt":"2026-03-23T09:35:42","slug":"programa-joven-eus","status":"publish","type":"page","link":"https:\/\/www.valledeegues.com\/eu\/faz-familien-arretarako-zentroa\/programa-joven-eus\/","title":{"rendered":"Programa Joven EUS"},"content":{"rendered":"<?xml encoding=\"utf-8\" ?><p>[mk_page_section vertical_align=&rdquo;top&rdquo; bg_image=&rdquo;https:\/\/www.valledeegues.com\/wp-content\/uploads\/2018\/09\/caf2-egues.jpg&rdquo; bg_position=&rdquo;center bottom&rdquo; bg_stretch=&rdquo;true&rdquo; enable_3d=&rdquo;true&rdquo; min_height=&rdquo;150&Prime; full_width=&rdquo;true&rdquo; padding_top=&rdquo;0&Prime; margin_bottom=&rdquo;30&Prime; sidebar=&rdquo;sidebar-1&Prime;][vc_column][\/vc_column][\/mk_page_section][mk_page_section section_layout=&rdquo;right&rdquo; padding_top=&rdquo;0&Prime; padding_bottom=&rdquo;0&Prime; sidebar=&rdquo;sidebar-34&Prime;][vc_column css=&rdquo;.vc_custom_1534935713904{padding-left: 30px !important;}&rdquo;][vc_column_text css=&rdquo;.vc_custom_1537528799825{margin-bottom: 0px !important;}&rdquo;]Programa dirigido a j&oacute;venes del Valle de Eg&uuml;&eacute;s entre 13 y 30 a&ntilde;os quienes podr&aacute;n participar de un amplio abanico de servicios, as&iacute; como a una variada programaci&oacute;n de actividades.<\/p><p>El Programa Joven tiene su sede en el Centro de Atenci&oacute;n a las Familias (CAF). (C\/ Urbasa 129. Sarriguren).[\/vc_column_text][mk_message_box type=&rdquo;comment-message&rdquo;]<strong>Horario:<\/strong><\/p><ul>\n<li>Lunes y jueves de 16:00 a 18:00 horas.<\/li>\n<li>Mi&eacute;rcoles de 12:00 a 14:00 horas. Martes, mi&eacute;rcoles y viernes de 16:00 a 20:00 horas.<\/li>\n<li>S&aacute;bados de 17:00 a 21:00 horas.<\/li>\n<\/ul><p>[\/mk_message_box][mk_image src=&rdquo;https:\/\/www.valledeegues.com\/wp-content\/uploads\/2018\/09\/caf12-egues.jpg&rdquo; image_size=&rdquo;full&rdquo;][vc_empty_space height=&rdquo;20px&rdquo;][vc_column_text css=&rdquo;.vc_custom_1537528851599{margin-bottom: 0px !important;}&rdquo;]<\/p><h3>&iquest;En qu&eacute; consiste?<\/h3><p>[\/vc_column_text][mk_custom_list]<\/p><ul>\n<li>Apoyo al estudio: espacio de refuerzo escolar dirigido a j&oacute;venes de entre 13 a 17 a&ntilde;os.<\/li>\n<li>Grupo de ocio y tiempo libre: esta iniciativa fomenta la participaci&oacute;n y el sentimiento de pertenencia de la juventud en la comunidad a trav&eacute;s de diversas e interesantes actividades de car&aacute;cter l&uacute;dico.<\/li>\n<li>Punto de Informaci&oacute;n Juvenil: espacio en el que pueden plantear consultas y recibir informaci&oacute;n sobre temas relacionados con ocio, empleo, formaci&oacute;n, voluntariado, becas&hellip;<\/li>\n<li>Local abierto: espacio de encuentro donde los y las j&oacute;venes pueden acudir solos o con sus cuadrillas. Cuenta con juegos de mesa, ping-pong, futbol&iacute;n&hellip;<\/li>\n<li>Ciber: cesi&oacute;n de ordenadores para la realizaci&oacute;n de consultas y elaboraci&oacute;n de trabajos, etc.<\/li>\n<li>Concursos, actividades, salidas, talleres, d&iacute;a de la juventud, etc.<\/li>\n<\/ul><p>[\/mk_custom_list][mk_custom_box padding_vertical=&rdquo;25&Prime; margin_bottom=&rdquo;0&Prime; bg_color=&rdquo;rgba(234,75,80,0.3)&rdquo;][vc_column_text css=&rdquo;.vc_custom_1537528915500{margin-bottom: 0px !important;}&rdquo;]<\/p><h4>Nola jaso dezaket argibide gehiago?<\/h4><p>[\/vc_column_text][vc_column_text css=&rdquo;.vc_custom_1537528936560{margin-bottom: 0px !important;}&rdquo;]Acude al CAF o llama al Programa Joven:&nbsp;Tlf. 638 810 073<\/p><p data-pm-slice=\"1 1 []\"><a class=\"ProsemirrorEditor-link\" href=\"mailto:programajoven-gazteprograma@egues.es\">programajoven-gazteprograma@egues.es <\/a>[\/vc_column_text][\/mk_custom_box][vc_empty_space height=&rdquo;20px&rdquo;][vc_tabs][vc_tab title=&rdquo;AGIRIAK&rdquo; tab_id=&rdquo;1537865388980-2-415378658243021537865976405&Prime;][vc_column_text css=&rdquo;.vc_custom_1537866044898{margin-bottom: 0px !important;}&rdquo;]<\/p><ul class=\"doc-list\">\n<li><a href=\"https:\/\/www.valledeegues.com\/wp-content\/uploads\/2018\/09\/programa-joven.pdf\" class=\"doc-link doc-pdf doc-group-pdf\">programa-joven<\/a><\/li>\n<li><a href=\"https:\/\/www.valledeegues.com\/wp-content\/uploads\/2018\/09\/diagnstico-de-juventud.pdf\" class=\"doc-link doc-pdf doc-group-pdf\">Diagn&oacute;stico de Juventud<\/a><\/li>\n<li><a href=\"https:\/\/www.valledeegues.com\/wp-content\/uploads\/2020\/01\/plan-estratgico-de-la-juventud-del-valle-de-egs_es.pdf\" class=\"doc-link doc-pdf doc-group-pdf\">Plan Estratgico De La Juventud Del Valle De Egs Es<\/a><\/li>\n<\/ul><p>[\/vc_column_text][\/vc_tab][\/vc_tabs][\/vc_column][\/mk_page_section]<\/p>\n","protected":false},"excerpt":{"rendered":"<p>[mk_page_section vertical_align=&rdquo;top&rdquo; bg_image=&rdquo;https:\/\/www.valledeegues.com\/wp-content\/uploads\/2018\/09\/caf2-egues.jpg&rdquo; bg_position=&rdquo;center bottom&rdquo; bg_stretch=&rdquo;true&rdquo; enable_3d=&rdquo;true&rdquo; min_height=&rdquo;150&Prime; full_width=&rdquo;true&rdquo; padding_top=&rdquo;0&Prime; margin_bottom=&rdquo;30&Prime; sidebar=&rdquo;sidebar-1&Prime;][vc_column][\/vc_column][\/mk_page_section][mk_page_section section_layout=&rdquo;right&rdquo; padding_top=&rdquo;0&Prime; padding_bottom=&rdquo;0&Prime; sidebar=&rdquo;sidebar-34&Prime;][vc_column css=&rdquo;.vc_custom_1534935713904{padding-left: 30px !important;}&rdquo;][vc_column_text css=&rdquo;.vc_custom_1537528799825{margin-bottom: 0px !important;}&rdquo;]Programa dirigido a j&oacute;venes del Valle de Eg&uuml;&eacute;s entre 13 y 30 a&ntilde;os quienes podr&aacute;n participar de un amplio abanico de servicios, as&iacute; como a una variada programaci&oacute;n de actividades.El Programa Joven tiene su [&hellip;]<\/p>\n","protected":false},"author":2,"featured_media":0,"parent":7212,"menu_order":0,"comment_status":"closed","ping_status":"closed","template":"","meta":{"footnotes":""},"class_list":["post-8171","page","type-page","status-publish","hentry"],"yoast_head":"<!-- This site is optimized with the Yoast SEO plugin v27.5 - https:\/\/yoast.com\/product\/yoast-seo-wordpress\/ -->\r\n<title>Programa Joven EUS - Ayuntamiento Valle de Eg\u00fc\u00e9s | Eguesibarko Udala<\/title>\r\n<meta name=\"robots\" content=\"index, follow, max-snippet:-1, max-image-preview:large, max-video-preview:-1\" \/>\r\n<link rel=\"canonical\" href=\"https:\/\/www.valledeegues.com\/eu\/faz-familien-arretarako-zentroa\/programa-joven-eus\/\" \/>\r\n<meta property=\"og:locale\" content=\"eu_ES\" \/>\r\n<meta property=\"og:type\" content=\"article\" \/>\r\n<meta property=\"og:title\" content=\"Programa Joven EUS - Ayuntamiento Valle de Eg\u00fc\u00e9s | Eguesibarko Udala\" \/>\r\n<meta property=\"og:description\" content=\"[mk_page_section vertical_align=&rdquo;top&rdquo; bg_image=&rdquo;https:\/\/www.valledeegues.com\/wp-content\/uploads\/2018\/09\/caf2-egues.jpg&rdquo; bg_position=&rdquo;center bottom&rdquo; bg_stretch=&rdquo;true&rdquo; enable_3d=&rdquo;true&rdquo; min_height=&rdquo;150&Prime; full_width=&rdquo;true&rdquo; padding_top=&rdquo;0&Prime; margin_bottom=&rdquo;30&Prime; sidebar=&rdquo;sidebar-1&Prime;][vc_column][\/vc_column][\/mk_page_section][mk_page_section section_layout=&rdquo;right&rdquo; padding_top=&rdquo;0&Prime; padding_bottom=&rdquo;0&Prime; sidebar=&rdquo;sidebar-34&Prime;][vc_column css=&rdquo;.vc_custom_1534935713904{padding-left: 30px !important;}&rdquo;][vc_column_text css=&rdquo;.vc_custom_1537528799825{margin-bottom: 0px !important;}&rdquo;]Programa dirigido a j&oacute;venes del Valle de Eg&uuml;&eacute;s entre 13 y 30 a&ntilde;os quienes podr&aacute;n participar de un amplio abanico de servicios, as&iacute; como a una variada programaci&oacute;n de actividades.El Programa Joven tiene su [&hellip;]\" \/>\r\n<meta property=\"og:url\" content=\"https:\/\/www.valledeegues.com\/eu\/faz-familien-arretarako-zentroa\/programa-joven-eus\/\" \/>\r\n<meta property=\"og:site_name\" content=\"Ayuntamiento Valle de Eg\u00fc\u00e9s | Eguesibarko Udala\" \/>\r\n<meta property=\"article:publisher\" content=\"https:\/\/www.facebook.com\/EguesEguesibar\" \/>\r\n<meta property=\"article:modified_time\" content=\"2026-03-23T09:35:42+00:00\" \/>\r\n<meta name=\"twitter:card\" content=\"summary_large_image\" \/>\r\n<meta name=\"twitter:site\" content=\"@AValledeEgues\" \/>\r\n<meta name=\"twitter:label1\" content=\"Est. reading time\" \/>\n\t<meta name=\"twitter:data1\" content=\"2 minutes\" \/>\r\n<script type=\"application\/ld+json\" class=\"yoast-schema-graph\">{\"@context\":\"https:\\\/\\\/schema.org\",\"@graph\":[{\"@type\":\"WebPage\",\"@id\":\"https:\\\/\\\/www.valledeegues.com\\\/eu\\\/faz-familien-arretarako-zentroa\\\/programa-joven-eus\\\/\",\"url\":\"https:\\\/\\\/www.valledeegues.com\\\/eu\\\/faz-familien-arretarako-zentroa\\\/programa-joven-eus\\\/\",\"name\":\"Programa Joven EUS - Ayuntamiento Valle de Eg\u00fc\u00e9s | Eguesibarko Udala\",\"isPartOf\":{\"@id\":\"https:\\\/\\\/www.valledeegues.com\\\/eu\\\/#website\"},\"datePublished\":\"2018-09-21T11:23:16+00:00\",\"dateModified\":\"2026-03-23T09:35:42+00:00\",\"breadcrumb\":{\"@id\":\"https:\\\/\\\/www.valledeegues.com\\\/eu\\\/faz-familien-arretarako-zentroa\\\/programa-joven-eus\\\/#breadcrumb\"},\"inLanguage\":\"eu-ES\",\"potentialAction\":[{\"@type\":\"ReadAction\",\"target\":[\"https:\\\/\\\/www.valledeegues.com\\\/eu\\\/faz-familien-arretarako-zentroa\\\/programa-joven-eus\\\/\"]}]},{\"@type\":\"BreadcrumbList\",\"@id\":\"https:\\\/\\\/www.valledeegues.com\\\/eu\\\/faz-familien-arretarako-zentroa\\\/programa-joven-eus\\\/#breadcrumb\",\"itemListElement\":[{\"@type\":\"ListItem\",\"position\":1,\"name\":\"Azala\",\"item\":\"https:\\\/\\\/www.valledeegues.com\\\/eu\\\/\"},{\"@type\":\"ListItem\",\"position\":2,\"name\":\"FAZ: Familien Arretarako Zentroa\",\"item\":\"https:\\\/\\\/www.valledeegues.com\\\/eu\\\/faz-familien-arretarako-zentroa\\\/\"},{\"@type\":\"ListItem\",\"position\":3,\"name\":\"Programa Joven EUS\"}]},{\"@type\":\"WebSite\",\"@id\":\"https:\\\/\\\/www.valledeegues.com\\\/eu\\\/#website\",\"url\":\"https:\\\/\\\/www.valledeegues.com\\\/eu\\\/\",\"name\":\"Ayuntamiento Valle de Eg\u00fc\u00e9s | Eguesibarko Udala\",\"description\":\"Ayuntamiento Valle de Eg\u00fc\u00e9s | Eguesibarko Udala\",\"publisher\":{\"@id\":\"https:\\\/\\\/www.valledeegues.com\\\/eu\\\/#organization\"},\"potentialAction\":[{\"@type\":\"SearchAction\",\"target\":{\"@type\":\"EntryPoint\",\"urlTemplate\":\"https:\\\/\\\/www.valledeegues.com\\\/eu\\\/?s={search_term_string}\"},\"query-input\":{\"@type\":\"PropertyValueSpecification\",\"valueRequired\":true,\"valueName\":\"search_term_string\"}}],\"inLanguage\":\"eu-ES\"},{\"@type\":\"Organization\",\"@id\":\"https:\\\/\\\/www.valledeegues.com\\\/eu\\\/#organization\",\"name\":\"Ayuntamiento Valle de Egues\",\"url\":\"https:\\\/\\\/www.valledeegues.com\\\/eu\\\/\",\"logo\":{\"@type\":\"ImageObject\",\"inLanguage\":\"eu-ES\",\"@id\":\"https:\\\/\\\/www.valledeegues.com\\\/eu\\\/#\\\/schema\\\/logo\\\/image\\\/\",\"url\":\"https:\\\/\\\/www.valledeegues.com\\\/wp-content\\\/uploads\\\/2019\\\/06\\\/logo-egues-escudo.svg\",\"contentUrl\":\"https:\\\/\\\/www.valledeegues.com\\\/wp-content\\\/uploads\\\/2019\\\/06\\\/logo-egues-escudo.svg\",\"width\":529,\"height\":125,\"caption\":\"Ayuntamiento Valle de Egues\"},\"image\":{\"@id\":\"https:\\\/\\\/www.valledeegues.com\\\/eu\\\/#\\\/schema\\\/logo\\\/image\\\/\"},\"sameAs\":[\"https:\\\/\\\/www.facebook.com\\\/EguesEguesibar\",\"https:\\\/\\\/x.com\\\/AValledeEgues\",\"https:\\\/\\\/www.youtube.com\\\/channel\\\/UCUPvmkTy56ZAhGTVrzg4uDQ\"]}]}<\/script>\r\n<!-- \/ Yoast SEO plugin. -->","yoast_head_json":{"title":"Programa Joven EUS - Ayuntamiento Valle de Eg\u00fc\u00e9s | Eguesibarko Udala","robots":{"index":"index","follow":"follow","max-snippet":"max-snippet:-1","max-image-preview":"max-image-preview:large","max-video-preview":"max-video-preview:-1"},"canonical":"https:\/\/www.valledeegues.com\/eu\/faz-familien-arretarako-zentroa\/programa-joven-eus\/","og_locale":"eu_ES","og_type":"article","og_title":"Programa Joven EUS - Ayuntamiento Valle de Eg\u00fc\u00e9s | Eguesibarko Udala","og_description":"[mk_page_section vertical_align=&rdquo;top&rdquo; bg_image=&rdquo;https:\/\/www.valledeegues.com\/wp-content\/uploads\/2018\/09\/caf2-egues.jpg&rdquo; bg_position=&rdquo;center bottom&rdquo; bg_stretch=&rdquo;true&rdquo; enable_3d=&rdquo;true&rdquo; min_height=&rdquo;150&Prime; full_width=&rdquo;true&rdquo; padding_top=&rdquo;0&Prime; margin_bottom=&rdquo;30&Prime; sidebar=&rdquo;sidebar-1&Prime;][vc_column][\/vc_column][\/mk_page_section][mk_page_section section_layout=&rdquo;right&rdquo; padding_top=&rdquo;0&Prime; padding_bottom=&rdquo;0&Prime; sidebar=&rdquo;sidebar-34&Prime;][vc_column css=&rdquo;.vc_custom_1534935713904{padding-left: 30px !important;}&rdquo;][vc_column_text css=&rdquo;.vc_custom_1537528799825{margin-bottom: 0px !important;}&rdquo;]Programa dirigido a j&oacute;venes del Valle de Eg&uuml;&eacute;s entre 13 y 30 a&ntilde;os quienes podr&aacute;n participar de un amplio abanico de servicios, as&iacute; como a una variada programaci&oacute;n de actividades.El Programa Joven tiene su [&hellip;]","og_url":"https:\/\/www.valledeegues.com\/eu\/faz-familien-arretarako-zentroa\/programa-joven-eus\/","og_site_name":"Ayuntamiento Valle de Eg\u00fc\u00e9s | Eguesibarko Udala","article_publisher":"https:\/\/www.facebook.com\/EguesEguesibar","article_modified_time":"2026-03-23T09:35:42+00:00","twitter_card":"summary_large_image","twitter_site":"@AValledeEgues","twitter_misc":{"Est. reading time":"2 minutes"},"schema":{"@context":"https:\/\/schema.org","@graph":[{"@type":"WebPage","@id":"https:\/\/www.valledeegues.com\/eu\/faz-familien-arretarako-zentroa\/programa-joven-eus\/","url":"https:\/\/www.valledeegues.com\/eu\/faz-familien-arretarako-zentroa\/programa-joven-eus\/","name":"Programa Joven EUS - Ayuntamiento Valle de Eg\u00fc\u00e9s | Eguesibarko Udala","isPartOf":{"@id":"https:\/\/www.valledeegues.com\/eu\/#website"},"datePublished":"2018-09-21T11:23:16+00:00","dateModified":"2026-03-23T09:35:42+00:00","breadcrumb":{"@id":"https:\/\/www.valledeegues.com\/eu\/faz-familien-arretarako-zentroa\/programa-joven-eus\/#breadcrumb"},"inLanguage":"eu-ES","potentialAction":[{"@type":"ReadAction","target":["https:\/\/www.valledeegues.com\/eu\/faz-familien-arretarako-zentroa\/programa-joven-eus\/"]}]},{"@type":"BreadcrumbList","@id":"https:\/\/www.valledeegues.com\/eu\/faz-familien-arretarako-zentroa\/programa-joven-eus\/#breadcrumb","itemListElement":[{"@type":"ListItem","position":1,"name":"Azala","item":"https:\/\/www.valledeegues.com\/eu\/"},{"@type":"ListItem","position":2,"name":"FAZ: Familien Arretarako Zentroa","item":"https:\/\/www.valledeegues.com\/eu\/faz-familien-arretarako-zentroa\/"},{"@type":"ListItem","position":3,"name":"Programa Joven EUS"}]},{"@type":"WebSite","@id":"https:\/\/www.valledeegues.com\/eu\/#website","url":"https:\/\/www.valledeegues.com\/eu\/","name":"Ayuntamiento Valle de Eg\u00fc\u00e9s | Eguesibarko Udala","description":"Ayuntamiento Valle de Eg\u00fc\u00e9s | Eguesibarko Udala","publisher":{"@id":"https:\/\/www.valledeegues.com\/eu\/#organization"},"potentialAction":[{"@type":"SearchAction","target":{"@type":"EntryPoint","urlTemplate":"https:\/\/www.valledeegues.com\/eu\/?s={search_term_string}"},"query-input":{"@type":"PropertyValueSpecification","valueRequired":true,"valueName":"search_term_string"}}],"inLanguage":"eu-ES"},{"@type":"Organization","@id":"https:\/\/www.valledeegues.com\/eu\/#organization","name":"Ayuntamiento Valle de Egues","url":"https:\/\/www.valledeegues.com\/eu\/","logo":{"@type":"ImageObject","inLanguage":"eu-ES","@id":"https:\/\/www.valledeegues.com\/eu\/#\/schema\/logo\/image\/","url":"https:\/\/www.valledeegues.com\/wp-content\/uploads\/2019\/06\/logo-egues-escudo.svg","contentUrl":"https:\/\/www.valledeegues.com\/wp-content\/uploads\/2019\/06\/logo-egues-escudo.svg","width":529,"height":125,"caption":"Ayuntamiento Valle de Egues"},"image":{"@id":"https:\/\/www.valledeegues.com\/eu\/#\/schema\/logo\/image\/"},"sameAs":["https:\/\/www.facebook.com\/EguesEguesibar","https:\/\/x.com\/AValledeEgues","https:\/\/www.youtube.com\/channel\/UCUPvmkTy56ZAhGTVrzg4uDQ"]}]}},"_links":{"self":[{"href":"https:\/\/www.valledeegues.com\/eu\/wp-json\/wp\/v2\/pages\/8171","targetHints":{"allow":["GET"]}}],"collection":[{"href":"https:\/\/www.valledeegues.com\/eu\/wp-json\/wp\/v2\/pages"}],"about":[{"href":"https:\/\/www.valledeegues.com\/eu\/wp-json\/wp\/v2\/types\/page"}],"author":[{"embeddable":true,"href":"https:\/\/www.valledeegues.com\/eu\/wp-json\/wp\/v2\/users\/2"}],"replies":[{"embeddable":true,"href":"https:\/\/www.valledeegues.com\/eu\/wp-json\/wp\/v2\/comments?post=8171"}],"version-history":[{"count":6,"href":"https:\/\/www.valledeegues.com\/eu\/wp-json\/wp\/v2\/pages\/8171\/revisions"}],"predecessor-version":[{"id":45452,"href":"https:\/\/www.valledeegues.com\/eu\/wp-json\/wp\/v2\/pages\/8171\/revisions\/45452"}],"up":[{"embeddable":true,"href":"https:\/\/www.valledeegues.com\/eu\/wp-json\/wp\/v2\/pages\/7212"}],"wp:attachment":[{"href":"https:\/\/www.valledeegues.com\/eu\/wp-json\/wp\/v2\/media?parent=8171"}],"curies":[{"name":"wp","href":"https:\/\/api.w.org\/{rel}","templated":true}]}}