{"id":8158,"date":"2018-07-26T10:17:38","date_gmt":"2018-07-26T08:17:38","guid":{"rendered":"https:\/\/www.valledeegues.com\/?page_id=8158"},"modified":"2026-04-23T11:59:31","modified_gmt":"2026-04-23T09:59:31","slug":"folklorea-eta-jaiak","status":"publish","type":"page","link":"https:\/\/www.valledeegues.com\/eu\/ibarra\/eguesibarko-historia\/folklorea-eta-jaiak\/","title":{"rendered":"Folklorea eta Jaiak"},"content":{"rendered":"<h3><strong>GOZATU GURE JAIAK!<\/strong><\/h3>\n<p>Gure ibarreko herrietako festak aukera ezin hobea dira inguru honetako folklorea, gastronomia, ondarea eta kultura ezagutzeko. Hori guztia, gainera, festa giro ederrean eta auzokideen abegi onari esker.<\/p>\n<h3><strong>HERRIKO JAIEN EGUTEGIA<\/strong><\/h3>\n<table class=\"table\">\n<thead>\n<tr class=\"row-1\">\n<th class=\"column-1\">CONCEJO<\/th>\n<th class=\"column-2\">FECHAS<\/th>\n<\/tr>\n<\/thead>\n<tbody class=\"row-striping\">\n<tr class=\"row-2\">\n<td class=\"column-1\">Sarriguren<\/td>\n<td class=\"column-2\">9-11 junio<\/td>\n<\/tr>\n<tr class=\"row-3\">\n<td class=\"column-1\">Gorraiz<\/td>\n<td class=\"column-2\">8-10 de septiembre<\/td>\n<\/tr>\n<tr class=\"row-4\">\n<td class=\"column-1\">Eg\u00fc\u00e9s<\/td>\n<td class=\"column-2\">16-18 de junio<\/td>\n<\/tr>\n<tr class=\"row-5\">\n<td class=\"column-1\">Olaz<\/td>\n<td class=\"column-2\">23-25 de junio<\/td>\n<\/tr>\n<tr class=\"row-6\">\n<td class=\"column-1\">Azpa<\/td>\n<td class=\"column-2\">27-28 de mayo<\/td>\n<\/tr>\n<tr class=\"row-7\">\n<td class=\"column-1\">Sagaseta<\/td>\n<td class=\"column-2\">5-6 de agosto<\/td>\n<\/tr>\n<tr class=\"row-8\">\n<td class=\"column-1\">Elcano<\/td>\n<td class=\"column-2\">19-20 de agosto<\/td>\n<\/tr>\n<tr class=\"row-9\">\n<td class=\"column-1\">Ust\u00e1rroz<\/td>\n<td class=\"column-2\"><\/td>\n<\/tr>\n<tr class=\"row-10\">\n<td class=\"column-1\">Badostain<\/td>\n<td class=\"column-2\">24-27 de agosto<\/td>\n<\/tr>\n<tr class=\"row-11\">\n<td class=\"column-1\">Ibiricu<\/td>\n<td class=\"column-2\">24-27 de agosto<\/td>\n<\/tr>\n<tr class=\"row-12\">\n<td class=\"column-1\">Ardanaz<\/td>\n<td class=\"column-2\">8-10 de septiembre<\/td>\n<\/tr>\n<tr class=\"row-13\">\n<td class=\"column-1\">El\u00eda<\/td>\n<td class=\"column-2\">8-10 de septiembre<\/td>\n<\/tr>\n<tr class=\"row-14\">\n<td class=\"column-1\">Alzuza<\/td>\n<td class=\"column-2\">23-24 de junio<\/td>\n<\/tr>\n<\/tbody>\n<\/table>\n","protected":false},"excerpt":{"rendered":"<p>GOZATU GURE JAIAK! Gure ibarreko herrietako festak aukera ezin hobea dira inguru honetako folklorea, gastronomia, ondarea eta kultura ezagutzeko. Hori guztia, gainera, festa giro ederrean eta auzokideen abegi onari esker. HERRIKO JAIEN EGUTEGIA CONCEJO FECHAS Sarriguren 9-11 junio Gorraiz 8-10 de septiembre Eg\u00fc\u00e9s 16-18 de junio Olaz 23-25 de junio Azpa 27-28 de mayo Sagaseta [&hellip;]<\/p>\n","protected":false},"author":2,"featured_media":0,"parent":6272,"menu_order":0,"comment_status":"closed","ping_status":"closed","template":"","meta":{"footnotes":""},"class_list":["post-8158","page","type-page","status-publish","hentry"],"yoast_head":"<!-- This site is optimized with the Yoast SEO plugin v27.5 - https:\/\/yoast.com\/product\/yoast-seo-wordpress\/ -->\r\n<title>Folklorea eta Jaiak - Ayuntamiento Valle de Eg\u00fc\u00e9s | Eguesibarko Udala<\/title>\r\n<meta name=\"robots\" content=\"index, follow, max-snippet:-1, max-image-preview:large, max-video-preview:-1\" \/>\r\n<link rel=\"canonical\" href=\"https:\/\/www.valledeegues.com\/eu\/ibarra\/eguesibarko-historia\/folklorea-eta-jaiak\/\" \/>\r\n<meta property=\"og:locale\" content=\"eu_ES\" \/>\r\n<meta property=\"og:type\" content=\"article\" \/>\r\n<meta property=\"og:title\" content=\"Folklorea eta Jaiak - Ayuntamiento Valle de Eg\u00fc\u00e9s | Eguesibarko Udala\" \/>\r\n<meta property=\"og:description\" content=\"GOZATU GURE JAIAK! Gure ibarreko herrietako festak aukera ezin hobea dira inguru honetako folklorea, gastronomia, ondarea eta kultura ezagutzeko. Hori guztia, gainera, festa giro ederrean eta auzokideen abegi onari esker. HERRIKO JAIEN EGUTEGIA CONCEJO FECHAS Sarriguren 9-11 junio Gorraiz 8-10 de septiembre Eg\u00fc\u00e9s 16-18 de junio Olaz 23-25 de junio Azpa 27-28 de mayo Sagaseta [&hellip;]\" \/>\r\n<meta property=\"og:url\" content=\"https:\/\/www.valledeegues.com\/eu\/ibarra\/eguesibarko-historia\/folklorea-eta-jaiak\/\" \/>\r\n<meta property=\"og:site_name\" content=\"Ayuntamiento Valle de Eg\u00fc\u00e9s | Eguesibarko Udala\" \/>\r\n<meta property=\"article:publisher\" content=\"https:\/\/www.facebook.com\/EguesEguesibar\" \/>\r\n<meta property=\"article:modified_time\" content=\"2026-04-23T09:59:31+00:00\" \/>\r\n<meta name=\"twitter:card\" content=\"summary_large_image\" \/>\r\n<meta name=\"twitter:site\" content=\"@AValledeEgues\" \/>\r\n<script type=\"application\/ld+json\" class=\"yoast-schema-graph\">{\"@context\":\"https:\\\/\\\/schema.org\",\"@graph\":[{\"@type\":\"WebPage\",\"@id\":\"https:\\\/\\\/www.valledeegues.com\\\/eu\\\/ibarra\\\/eguesibarko-historia\\\/folklorea-eta-jaiak\\\/\",\"url\":\"https:\\\/\\\/www.valledeegues.com\\\/eu\\\/ibarra\\\/eguesibarko-historia\\\/folklorea-eta-jaiak\\\/\",\"name\":\"Folklorea eta Jaiak - Ayuntamiento Valle de Eg\u00fc\u00e9s | Eguesibarko Udala\",\"isPartOf\":{\"@id\":\"https:\\\/\\\/www.valledeegues.com\\\/eu\\\/#website\"},\"datePublished\":\"2018-07-26T08:17:38+00:00\",\"dateModified\":\"2026-04-23T09:59:31+00:00\",\"breadcrumb\":{\"@id\":\"https:\\\/\\\/www.valledeegues.com\\\/eu\\\/ibarra\\\/eguesibarko-historia\\\/folklorea-eta-jaiak\\\/#breadcrumb\"},\"inLanguage\":\"eu-ES\",\"potentialAction\":[{\"@type\":\"ReadAction\",\"target\":[\"https:\\\/\\\/www.valledeegues.com\\\/eu\\\/ibarra\\\/eguesibarko-historia\\\/folklorea-eta-jaiak\\\/\"]}]},{\"@type\":\"BreadcrumbList\",\"@id\":\"https:\\\/\\\/www.valledeegues.com\\\/eu\\\/ibarra\\\/eguesibarko-historia\\\/folklorea-eta-jaiak\\\/#breadcrumb\",\"itemListElement\":[{\"@type\":\"ListItem\",\"position\":1,\"name\":\"Azala\",\"item\":\"https:\\\/\\\/www.valledeegues.com\\\/eu\\\/\"},{\"@type\":\"ListItem\",\"position\":2,\"name\":\"Ibarra\",\"item\":\"https:\\\/\\\/www.valledeegues.com\\\/eu\\\/ibarra\\\/\"},{\"@type\":\"ListItem\",\"position\":3,\"name\":\"Eguesibarko historia\",\"item\":\"https:\\\/\\\/www.valledeegues.com\\\/eu\\\/ibarra\\\/eguesibarko-historia\\\/\"},{\"@type\":\"ListItem\",\"position\":4,\"name\":\"Folklorea eta Jaiak\"}]},{\"@type\":\"WebSite\",\"@id\":\"https:\\\/\\\/www.valledeegues.com\\\/eu\\\/#website\",\"url\":\"https:\\\/\\\/www.valledeegues.com\\\/eu\\\/\",\"name\":\"Ayuntamiento Valle de Eg\u00fc\u00e9s | Eguesibarko Udala\",\"description\":\"Ayuntamiento Valle de Eg\u00fc\u00e9s | Eguesibarko Udala\",\"publisher\":{\"@id\":\"https:\\\/\\\/www.valledeegues.com\\\/eu\\\/#organization\"},\"potentialAction\":[{\"@type\":\"SearchAction\",\"target\":{\"@type\":\"EntryPoint\",\"urlTemplate\":\"https:\\\/\\\/www.valledeegues.com\\\/eu\\\/?s={search_term_string}\"},\"query-input\":{\"@type\":\"PropertyValueSpecification\",\"valueRequired\":true,\"valueName\":\"search_term_string\"}}],\"inLanguage\":\"eu-ES\"},{\"@type\":\"Organization\",\"@id\":\"https:\\\/\\\/www.valledeegues.com\\\/eu\\\/#organization\",\"name\":\"Ayuntamiento Valle de Egues\",\"url\":\"https:\\\/\\\/www.valledeegues.com\\\/eu\\\/\",\"logo\":{\"@type\":\"ImageObject\",\"inLanguage\":\"eu-ES\",\"@id\":\"https:\\\/\\\/www.valledeegues.com\\\/eu\\\/#\\\/schema\\\/logo\\\/image\\\/\",\"url\":\"https:\\\/\\\/www.valledeegues.com\\\/wp-content\\\/uploads\\\/2019\\\/06\\\/logo-egues-escudo.svg\",\"contentUrl\":\"https:\\\/\\\/www.valledeegues.com\\\/wp-content\\\/uploads\\\/2019\\\/06\\\/logo-egues-escudo.svg\",\"width\":529,\"height\":125,\"caption\":\"Ayuntamiento Valle de Egues\"},\"image\":{\"@id\":\"https:\\\/\\\/www.valledeegues.com\\\/eu\\\/#\\\/schema\\\/logo\\\/image\\\/\"},\"sameAs\":[\"https:\\\/\\\/www.facebook.com\\\/EguesEguesibar\",\"https:\\\/\\\/x.com\\\/AValledeEgues\",\"https:\\\/\\\/www.youtube.com\\\/channel\\\/UCUPvmkTy56ZAhGTVrzg4uDQ\"]}]}<\/script>\r\n<!-- \/ Yoast SEO plugin. -->","yoast_head_json":{"title":"Folklorea eta Jaiak - Ayuntamiento Valle de Eg\u00fc\u00e9s | Eguesibarko Udala","robots":{"index":"index","follow":"follow","max-snippet":"max-snippet:-1","max-image-preview":"max-image-preview:large","max-video-preview":"max-video-preview:-1"},"canonical":"https:\/\/www.valledeegues.com\/eu\/ibarra\/eguesibarko-historia\/folklorea-eta-jaiak\/","og_locale":"eu_ES","og_type":"article","og_title":"Folklorea eta Jaiak - Ayuntamiento Valle de Eg\u00fc\u00e9s | Eguesibarko Udala","og_description":"GOZATU GURE JAIAK! Gure ibarreko herrietako festak aukera ezin hobea dira inguru honetako folklorea, gastronomia, ondarea eta kultura ezagutzeko. Hori guztia, gainera, festa giro ederrean eta auzokideen abegi onari esker. HERRIKO JAIEN EGUTEGIA CONCEJO FECHAS Sarriguren 9-11 junio Gorraiz 8-10 de septiembre Eg\u00fc\u00e9s 16-18 de junio Olaz 23-25 de junio Azpa 27-28 de mayo Sagaseta [&hellip;]","og_url":"https:\/\/www.valledeegues.com\/eu\/ibarra\/eguesibarko-historia\/folklorea-eta-jaiak\/","og_site_name":"Ayuntamiento Valle de Eg\u00fc\u00e9s | Eguesibarko Udala","article_publisher":"https:\/\/www.facebook.com\/EguesEguesibar","article_modified_time":"2026-04-23T09:59:31+00:00","twitter_card":"summary_large_image","twitter_site":"@AValledeEgues","schema":{"@context":"https:\/\/schema.org","@graph":[{"@type":"WebPage","@id":"https:\/\/www.valledeegues.com\/eu\/ibarra\/eguesibarko-historia\/folklorea-eta-jaiak\/","url":"https:\/\/www.valledeegues.com\/eu\/ibarra\/eguesibarko-historia\/folklorea-eta-jaiak\/","name":"Folklorea eta Jaiak - Ayuntamiento Valle de Eg\u00fc\u00e9s | Eguesibarko Udala","isPartOf":{"@id":"https:\/\/www.valledeegues.com\/eu\/#website"},"datePublished":"2018-07-26T08:17:38+00:00","dateModified":"2026-04-23T09:59:31+00:00","breadcrumb":{"@id":"https:\/\/www.valledeegues.com\/eu\/ibarra\/eguesibarko-historia\/folklorea-eta-jaiak\/#breadcrumb"},"inLanguage":"eu-ES","potentialAction":[{"@type":"ReadAction","target":["https:\/\/www.valledeegues.com\/eu\/ibarra\/eguesibarko-historia\/folklorea-eta-jaiak\/"]}]},{"@type":"BreadcrumbList","@id":"https:\/\/www.valledeegues.com\/eu\/ibarra\/eguesibarko-historia\/folklorea-eta-jaiak\/#breadcrumb","itemListElement":[{"@type":"ListItem","position":1,"name":"Azala","item":"https:\/\/www.valledeegues.com\/eu\/"},{"@type":"ListItem","position":2,"name":"Ibarra","item":"https:\/\/www.valledeegues.com\/eu\/ibarra\/"},{"@type":"ListItem","position":3,"name":"Eguesibarko historia","item":"https:\/\/www.valledeegues.com\/eu\/ibarra\/eguesibarko-historia\/"},{"@type":"ListItem","position":4,"name":"Folklorea eta Jaiak"}]},{"@type":"WebSite","@id":"https:\/\/www.valledeegues.com\/eu\/#website","url":"https:\/\/www.valledeegues.com\/eu\/","name":"Ayuntamiento Valle de Eg\u00fc\u00e9s | Eguesibarko Udala","description":"Ayuntamiento Valle de Eg\u00fc\u00e9s | Eguesibarko Udala","publisher":{"@id":"https:\/\/www.valledeegues.com\/eu\/#organization"},"potentialAction":[{"@type":"SearchAction","target":{"@type":"EntryPoint","urlTemplate":"https:\/\/www.valledeegues.com\/eu\/?s={search_term_string}"},"query-input":{"@type":"PropertyValueSpecification","valueRequired":true,"valueName":"search_term_string"}}],"inLanguage":"eu-ES"},{"@type":"Organization","@id":"https:\/\/www.valledeegues.com\/eu\/#organization","name":"Ayuntamiento Valle de Egues","url":"https:\/\/www.valledeegues.com\/eu\/","logo":{"@type":"ImageObject","inLanguage":"eu-ES","@id":"https:\/\/www.valledeegues.com\/eu\/#\/schema\/logo\/image\/","url":"https:\/\/www.valledeegues.com\/wp-content\/uploads\/2019\/06\/logo-egues-escudo.svg","contentUrl":"https:\/\/www.valledeegues.com\/wp-content\/uploads\/2019\/06\/logo-egues-escudo.svg","width":529,"height":125,"caption":"Ayuntamiento Valle de Egues"},"image":{"@id":"https:\/\/www.valledeegues.com\/eu\/#\/schema\/logo\/image\/"},"sameAs":["https:\/\/www.facebook.com\/EguesEguesibar","https:\/\/x.com\/AValledeEgues","https:\/\/www.youtube.com\/channel\/UCUPvmkTy56ZAhGTVrzg4uDQ"]}]}},"_links":{"self":[{"href":"https:\/\/www.valledeegues.com\/eu\/wp-json\/wp\/v2\/pages\/8158","targetHints":{"allow":["GET"]}}],"collection":[{"href":"https:\/\/www.valledeegues.com\/eu\/wp-json\/wp\/v2\/pages"}],"about":[{"href":"https:\/\/www.valledeegues.com\/eu\/wp-json\/wp\/v2\/types\/page"}],"author":[{"embeddable":true,"href":"https:\/\/www.valledeegues.com\/eu\/wp-json\/wp\/v2\/users\/2"}],"replies":[{"embeddable":true,"href":"https:\/\/www.valledeegues.com\/eu\/wp-json\/wp\/v2\/comments?post=8158"}],"version-history":[{"count":5,"href":"https:\/\/www.valledeegues.com\/eu\/wp-json\/wp\/v2\/pages\/8158\/revisions"}],"predecessor-version":[{"id":46224,"href":"https:\/\/www.valledeegues.com\/eu\/wp-json\/wp\/v2\/pages\/8158\/revisions\/46224"}],"up":[{"embeddable":true,"href":"https:\/\/www.valledeegues.com\/eu\/wp-json\/wp\/v2\/pages\/6272"}],"wp:attachment":[{"href":"https:\/\/www.valledeegues.com\/eu\/wp-json\/wp\/v2\/media?parent=8158"}],"curies":[{"name":"wp","href":"https:\/\/api.w.org\/{rel}","templated":true}]}}