{"id":8051,"date":"2018-07-30T14:15:00","date_gmt":"2018-07-30T12:15:00","guid":{"rendered":"https:\/\/www.valledeegues.com\/?page_id=8051"},"modified":"2026-04-23T13:43:39","modified_gmt":"2026-04-23T11:43:39","slug":"nola-iritsi","status":"publish","type":"page","link":"https:\/\/www.valledeegues.com\/eu\/ibarra\/nola-iritsi\/","title":{"rendered":"Nola iritsi?"},"content":{"rendered":"<?xml encoding=\"utf-8\" ?><div class=\"transportes-wrapper\">\n<div class=\"transportes-grid\">\n<div class=\"transportes-col\">\n<div class=\"bloque imagen-bloque\"><img decoding=\"async\" src=\"https:\/\/www.valledeegues.com\/wp-content\/uploads\/2018\/08\/villavesa-egues.jpg\" alt=\"Autobusa Sarrigurenen\"><\/div>\n<div class=\"bloque info-bloque\">\n<div class=\"icono\"><\/div>\n<div class=\"contenido\">\n<h3>EGUESTIK HAINBAT HIRITARA DAGOEN DISTANTZIA<\/h3>\n<ul>\n<li>Bilbo: 173 Km.<\/li>\n<li>Donostia: 100 Km.<\/li>\n<li>Gasteiz: 119 Km.<\/li>\n<li>Iru&ntilde;a: 10 Km.<\/li>\n<li>Logro&ntilde;o: 96,7 Km.<\/li>\n<li>Zaragoza: 187 Km.<\/li>\n<\/ul>\n<\/div>\n<\/div>\n<div class=\"bloque info-bloque\">\n<div class=\"icono\"><\/div>\n<div class=\"contenido\">\n<h3>IRU&Ntilde;EKO RENFE GELTOKIA<\/h3>\n<ul>\n<li>RENFEko informazio-telefonoa: 902 24 02 02.<\/li>\n<li>Webgunea: <a href=\"https:\/\/www.renfe.com\/es\/es\" target=\"_blank\" rel=\"noopener\">www.renfe.es<\/a><\/li>\n<\/ul>\n<\/div>\n<\/div>\n<div class=\"bloque info-bloque\">\n<div class=\"icono\"><\/div>\n<div class=\"contenido\">\n<h3>TAXIAK<\/h3>\n<ul>\n<li>Telefonoa: 948 23 23 00.<\/li>\n<li>Webgunea: <a href=\"http:\/\/www.movilidadpamplona.es\/muevete-en\/transporte-publico\/servicio-taxi\/\" target=\"_blank\" rel=\"noopener\">Taxi geltokiak<\/a><\/li>\n<\/ul>\n<\/div>\n<\/div>\n<div class=\"bloque info-bloque\">\n<div class=\"icono\"><\/div>\n<div class=\"contenido\">\n<h3>NOAINGO AIREPORTUA<\/h3>\n<ul>\n<li>Informazio-telefonoa: 948 16 87 00.<\/li>\n<li>Fax: 948 16 87 07.<\/li>\n<li>Webgunea: <a href=\"https:\/\/www.aena.es\/es\/pamplona.html\" target=\"_blank\" rel=\"noopener\">www.aena.es<\/a><\/li>\n<\/ul>\n<\/div>\n<\/div>\n<\/div>\n<div class=\"transportes-col\">\n<div class=\"bloque info-bloque\">\n<div class=\"icono\"><\/div>\n<div class=\"contenido\">\n<h3>HIRI-AUTOBUSA<\/h3>\n<ul class=\"ruta-lista\">\n<li><strong>IRU&Ntilde;A &ndash; GORRAITZ:<\/strong>\n<ul>\n<li>Egunekoa: 20. linea.<\/li>\n<li>Gauekoa: N5.<\/li>\n<\/ul>\n<\/li>\n<li><strong>IRU&Ntilde;A &ndash; SARRIGUREN:<\/strong>\n<ul>\n<li>Egunekoa: 18. linea.<\/li>\n<li>Gauekoa: N10.<\/li>\n<\/ul>\n<\/li>\n<\/ul>\n<p>Argibideak:<br>\n<a href=\"https:\/\/www.mcp.es\/\" target=\"_blank\" rel=\"noopener\">www.mcp.es<\/a><br>\nBezeroari arreta egiteko telefonoa: 901 50 25 03.<\/p>\n<\/div>\n<\/div>\n<div class=\"bloque info-bloque\">\n<div class=\"icono\"><\/div>\n<div class=\"contenido\">\n<h3>ESKUALDE-GARRAIOA<\/h3>\n<ul class=\"ruta-lista\">\n<li><strong>IRU&Ntilde;A &ndash; EGUESIBAR:<\/strong>Irteerak Iru&ntilde;etik: CONDA, autobus-geltokia:\n<ul>\n<li>Astelehenetik larunbatera: 8:45* &ndash; 13:30 &ndash; 16:00 &ndash; 19:30*<\/li>\n<li>Igande eta jaiegunetan: 16:00 &ndash; 19:30<\/li>\n<\/ul>\n<p>Irteerak Eguesibartik:<\/p>\n<ul>\n<li>Astelehenetik larunbatera: 9:30* &ndash; 14:15 &ndash; 16:40 &ndash; 20:15<\/li>\n<li>Igande eta jaiegunetan: 16:40 &ndash; 20:15<\/li>\n<\/ul>\n<p>Iru&ntilde;etik ateratzen diren * ikurdun autobus-zerbitzuak Sagaseta herriraino helduko dira.<br>\nEguesibartik ateratzen diren * ikurdun autobus-zerbitzuak Sagaseta herritik abiatuko dira.<\/p>\n<p><a href=\"https:\/\/www.valledeegues.com\/wp-content\/uploads\/2018\/07\/horarios-conda.pdf\" target=\"_blank\" rel=\"noopener\" class=\"doc-link doc-pdf doc-group-pdf\">Jaitsi ordutegiak hemen<\/a><\/p><\/li>\n<li><strong>IRU&Ntilde;A &ndash; UBARMIN KLINIKA<\/strong>La Burundesa\n<p>Ibilbidea: Iru&ntilde;a, Burlata, Atarrabia, Uharte, Altzutzako errepideko bidegurutzea,<br>\nElkanoko errepideko bidegurutzea, Lekueder urbanizazioa eta Ubarmin Klinika.<\/p>\n<p><a href=\"https:\/\/www.valledeegues.com\/wp-content\/uploads\/2018\/07\/autobuses-la-burundesa.pdf\" target=\"_blank\" rel=\"noopener\" class=\"doc-link doc-pdf doc-group-pdf\">Jaitsi ordutegiak hemen<\/a><\/p><\/li>\n<\/ul>\n<\/div>\n<\/div>\n<\/div>\n<\/div>\n<\/div>\n","protected":false},"excerpt":{"rendered":"<p>EGUESTIK HAINBAT HIRITARA DAGOEN DISTANTZIA Bilbo: 173 Km. Donostia: 100 Km. Gasteiz: 119 Km. Iru&ntilde;a: 10 Km. Logro&ntilde;o: 96,7 Km. Zaragoza: 187 Km. IRU&Ntilde;EKO RENFE GELTOKIA RENFEko informazio-telefonoa: 902 24 02 02. Webgunea: www.renfe.es TAXIAK Telefonoa: 948 23 23 00. Webgunea: Taxi geltokiak NOAINGO AIREPORTUA Informazio-telefonoa: 948 16 87 00. Fax: 948 16 87 07. [&hellip;]<\/p>\n","protected":false},"author":2,"featured_media":0,"parent":6235,"menu_order":0,"comment_status":"closed","ping_status":"closed","template":"templates\/como-llegar.php","meta":{"footnotes":""},"class_list":["post-8051","page","type-page","status-publish","hentry"],"yoast_head":"<!-- This site is optimized with the Yoast SEO plugin v27.5 - https:\/\/yoast.com\/product\/yoast-seo-wordpress\/ -->\r\n<title>Nola iritsi? - Ayuntamiento Valle de Eg\u00fc\u00e9s | Eguesibarko Udala<\/title>\r\n<meta name=\"robots\" content=\"index, follow, max-snippet:-1, max-image-preview:large, max-video-preview:-1\" \/>\r\n<link rel=\"canonical\" href=\"https:\/\/www.valledeegues.com\/eu\/ibarra\/nola-iritsi\/\" \/>\r\n<meta property=\"og:locale\" content=\"eu_ES\" \/>\r\n<meta property=\"og:type\" content=\"article\" \/>\r\n<meta property=\"og:title\" content=\"Nola iritsi? - Ayuntamiento Valle de Eg\u00fc\u00e9s | Eguesibarko Udala\" \/>\r\n<meta property=\"og:description\" content=\"EGUESTIK HAINBAT HIRITARA DAGOEN DISTANTZIA Bilbo: 173 Km. Donostia: 100 Km. Gasteiz: 119 Km. Iru&ntilde;a: 10 Km. Logro&ntilde;o: 96,7 Km. Zaragoza: 187 Km. IRU&Ntilde;EKO RENFE GELTOKIA RENFEko informazio-telefonoa: 902 24 02 02. Webgunea: www.renfe.es TAXIAK Telefonoa: 948 23 23 00. Webgunea: Taxi geltokiak NOAINGO AIREPORTUA Informazio-telefonoa: 948 16 87 00. Fax: 948 16 87 07. [&hellip;]\" \/>\r\n<meta property=\"og:url\" content=\"https:\/\/www.valledeegues.com\/eu\/ibarra\/nola-iritsi\/\" \/>\r\n<meta property=\"og:site_name\" content=\"Ayuntamiento Valle de Eg\u00fc\u00e9s | Eguesibarko Udala\" \/>\r\n<meta property=\"article:publisher\" content=\"https:\/\/www.facebook.com\/EguesEguesibar\" \/>\r\n<meta property=\"article:modified_time\" content=\"2026-04-23T11:43:39+00:00\" \/>\r\n<meta name=\"twitter:card\" content=\"summary_large_image\" \/>\r\n<meta name=\"twitter:site\" content=\"@AValledeEgues\" \/>\r\n<meta name=\"twitter:label1\" content=\"Est. reading time\" \/>\n\t<meta name=\"twitter:data1\" content=\"1 minute\" \/>\r\n<script type=\"application\/ld+json\" class=\"yoast-schema-graph\">{\"@context\":\"https:\\\/\\\/schema.org\",\"@graph\":[{\"@type\":\"WebPage\",\"@id\":\"https:\\\/\\\/www.valledeegues.com\\\/eu\\\/ibarra\\\/nola-iritsi\\\/\",\"url\":\"https:\\\/\\\/www.valledeegues.com\\\/eu\\\/ibarra\\\/nola-iritsi\\\/\",\"name\":\"Nola iritsi? - Ayuntamiento Valle de Eg\u00fc\u00e9s | Eguesibarko Udala\",\"isPartOf\":{\"@id\":\"https:\\\/\\\/www.valledeegues.com\\\/eu\\\/#website\"},\"primaryImageOfPage\":{\"@id\":\"https:\\\/\\\/www.valledeegues.com\\\/eu\\\/ibarra\\\/nola-iritsi\\\/#primaryimage\"},\"image\":{\"@id\":\"https:\\\/\\\/www.valledeegues.com\\\/eu\\\/ibarra\\\/nola-iritsi\\\/#primaryimage\"},\"thumbnailUrl\":\"https:\\\/\\\/www.valledeegues.com\\\/wp-content\\\/uploads\\\/2018\\\/08\\\/villavesa-egues.jpg\",\"datePublished\":\"2018-07-30T12:15:00+00:00\",\"dateModified\":\"2026-04-23T11:43:39+00:00\",\"breadcrumb\":{\"@id\":\"https:\\\/\\\/www.valledeegues.com\\\/eu\\\/ibarra\\\/nola-iritsi\\\/#breadcrumb\"},\"inLanguage\":\"eu-ES\",\"potentialAction\":[{\"@type\":\"ReadAction\",\"target\":[\"https:\\\/\\\/www.valledeegues.com\\\/eu\\\/ibarra\\\/nola-iritsi\\\/\"]}]},{\"@type\":\"ImageObject\",\"inLanguage\":\"eu-ES\",\"@id\":\"https:\\\/\\\/www.valledeegues.com\\\/eu\\\/ibarra\\\/nola-iritsi\\\/#primaryimage\",\"url\":\"https:\\\/\\\/www.valledeegues.com\\\/wp-content\\\/uploads\\\/2018\\\/08\\\/villavesa-egues.jpg\",\"contentUrl\":\"https:\\\/\\\/www.valledeegues.com\\\/wp-content\\\/uploads\\\/2018\\\/08\\\/villavesa-egues.jpg\"},{\"@type\":\"BreadcrumbList\",\"@id\":\"https:\\\/\\\/www.valledeegues.com\\\/eu\\\/ibarra\\\/nola-iritsi\\\/#breadcrumb\",\"itemListElement\":[{\"@type\":\"ListItem\",\"position\":1,\"name\":\"Azala\",\"item\":\"https:\\\/\\\/www.valledeegues.com\\\/eu\\\/\"},{\"@type\":\"ListItem\",\"position\":2,\"name\":\"Ibarra\",\"item\":\"https:\\\/\\\/www.valledeegues.com\\\/eu\\\/ibarra\\\/\"},{\"@type\":\"ListItem\",\"position\":3,\"name\":\"Nola iritsi?\"}]},{\"@type\":\"WebSite\",\"@id\":\"https:\\\/\\\/www.valledeegues.com\\\/eu\\\/#website\",\"url\":\"https:\\\/\\\/www.valledeegues.com\\\/eu\\\/\",\"name\":\"Ayuntamiento Valle de Eg\u00fc\u00e9s | Eguesibarko Udala\",\"description\":\"Ayuntamiento Valle de Eg\u00fc\u00e9s | Eguesibarko Udala\",\"publisher\":{\"@id\":\"https:\\\/\\\/www.valledeegues.com\\\/eu\\\/#organization\"},\"potentialAction\":[{\"@type\":\"SearchAction\",\"target\":{\"@type\":\"EntryPoint\",\"urlTemplate\":\"https:\\\/\\\/www.valledeegues.com\\\/eu\\\/?s={search_term_string}\"},\"query-input\":{\"@type\":\"PropertyValueSpecification\",\"valueRequired\":true,\"valueName\":\"search_term_string\"}}],\"inLanguage\":\"eu-ES\"},{\"@type\":\"Organization\",\"@id\":\"https:\\\/\\\/www.valledeegues.com\\\/eu\\\/#organization\",\"name\":\"Ayuntamiento Valle de Egues\",\"url\":\"https:\\\/\\\/www.valledeegues.com\\\/eu\\\/\",\"logo\":{\"@type\":\"ImageObject\",\"inLanguage\":\"eu-ES\",\"@id\":\"https:\\\/\\\/www.valledeegues.com\\\/eu\\\/#\\\/schema\\\/logo\\\/image\\\/\",\"url\":\"https:\\\/\\\/www.valledeegues.com\\\/wp-content\\\/uploads\\\/2019\\\/06\\\/logo-egues-escudo.svg\",\"contentUrl\":\"https:\\\/\\\/www.valledeegues.com\\\/wp-content\\\/uploads\\\/2019\\\/06\\\/logo-egues-escudo.svg\",\"width\":529,\"height\":125,\"caption\":\"Ayuntamiento Valle de Egues\"},\"image\":{\"@id\":\"https:\\\/\\\/www.valledeegues.com\\\/eu\\\/#\\\/schema\\\/logo\\\/image\\\/\"},\"sameAs\":[\"https:\\\/\\\/www.facebook.com\\\/EguesEguesibar\",\"https:\\\/\\\/x.com\\\/AValledeEgues\",\"https:\\\/\\\/www.youtube.com\\\/channel\\\/UCUPvmkTy56ZAhGTVrzg4uDQ\"]}]}<\/script>\r\n<!-- \/ Yoast SEO plugin. -->","yoast_head_json":{"title":"Nola iritsi? - Ayuntamiento Valle de Eg\u00fc\u00e9s | Eguesibarko Udala","robots":{"index":"index","follow":"follow","max-snippet":"max-snippet:-1","max-image-preview":"max-image-preview:large","max-video-preview":"max-video-preview:-1"},"canonical":"https:\/\/www.valledeegues.com\/eu\/ibarra\/nola-iritsi\/","og_locale":"eu_ES","og_type":"article","og_title":"Nola iritsi? - Ayuntamiento Valle de Eg\u00fc\u00e9s | Eguesibarko Udala","og_description":"EGUESTIK HAINBAT HIRITARA DAGOEN DISTANTZIA Bilbo: 173 Km. Donostia: 100 Km. Gasteiz: 119 Km. Iru&ntilde;a: 10 Km. Logro&ntilde;o: 96,7 Km. Zaragoza: 187 Km. IRU&Ntilde;EKO RENFE GELTOKIA RENFEko informazio-telefonoa: 902 24 02 02. Webgunea: www.renfe.es TAXIAK Telefonoa: 948 23 23 00. Webgunea: Taxi geltokiak NOAINGO AIREPORTUA Informazio-telefonoa: 948 16 87 00. Fax: 948 16 87 07. [&hellip;]","og_url":"https:\/\/www.valledeegues.com\/eu\/ibarra\/nola-iritsi\/","og_site_name":"Ayuntamiento Valle de Eg\u00fc\u00e9s | Eguesibarko Udala","article_publisher":"https:\/\/www.facebook.com\/EguesEguesibar","article_modified_time":"2026-04-23T11:43:39+00:00","twitter_card":"summary_large_image","twitter_site":"@AValledeEgues","twitter_misc":{"Est. reading time":"1 minute"},"schema":{"@context":"https:\/\/schema.org","@graph":[{"@type":"WebPage","@id":"https:\/\/www.valledeegues.com\/eu\/ibarra\/nola-iritsi\/","url":"https:\/\/www.valledeegues.com\/eu\/ibarra\/nola-iritsi\/","name":"Nola iritsi? - Ayuntamiento Valle de Eg\u00fc\u00e9s | Eguesibarko Udala","isPartOf":{"@id":"https:\/\/www.valledeegues.com\/eu\/#website"},"primaryImageOfPage":{"@id":"https:\/\/www.valledeegues.com\/eu\/ibarra\/nola-iritsi\/#primaryimage"},"image":{"@id":"https:\/\/www.valledeegues.com\/eu\/ibarra\/nola-iritsi\/#primaryimage"},"thumbnailUrl":"https:\/\/www.valledeegues.com\/wp-content\/uploads\/2018\/08\/villavesa-egues.jpg","datePublished":"2018-07-30T12:15:00+00:00","dateModified":"2026-04-23T11:43:39+00:00","breadcrumb":{"@id":"https:\/\/www.valledeegues.com\/eu\/ibarra\/nola-iritsi\/#breadcrumb"},"inLanguage":"eu-ES","potentialAction":[{"@type":"ReadAction","target":["https:\/\/www.valledeegues.com\/eu\/ibarra\/nola-iritsi\/"]}]},{"@type":"ImageObject","inLanguage":"eu-ES","@id":"https:\/\/www.valledeegues.com\/eu\/ibarra\/nola-iritsi\/#primaryimage","url":"https:\/\/www.valledeegues.com\/wp-content\/uploads\/2018\/08\/villavesa-egues.jpg","contentUrl":"https:\/\/www.valledeegues.com\/wp-content\/uploads\/2018\/08\/villavesa-egues.jpg"},{"@type":"BreadcrumbList","@id":"https:\/\/www.valledeegues.com\/eu\/ibarra\/nola-iritsi\/#breadcrumb","itemListElement":[{"@type":"ListItem","position":1,"name":"Azala","item":"https:\/\/www.valledeegues.com\/eu\/"},{"@type":"ListItem","position":2,"name":"Ibarra","item":"https:\/\/www.valledeegues.com\/eu\/ibarra\/"},{"@type":"ListItem","position":3,"name":"Nola iritsi?"}]},{"@type":"WebSite","@id":"https:\/\/www.valledeegues.com\/eu\/#website","url":"https:\/\/www.valledeegues.com\/eu\/","name":"Ayuntamiento Valle de Eg\u00fc\u00e9s | Eguesibarko Udala","description":"Ayuntamiento Valle de Eg\u00fc\u00e9s | Eguesibarko Udala","publisher":{"@id":"https:\/\/www.valledeegues.com\/eu\/#organization"},"potentialAction":[{"@type":"SearchAction","target":{"@type":"EntryPoint","urlTemplate":"https:\/\/www.valledeegues.com\/eu\/?s={search_term_string}"},"query-input":{"@type":"PropertyValueSpecification","valueRequired":true,"valueName":"search_term_string"}}],"inLanguage":"eu-ES"},{"@type":"Organization","@id":"https:\/\/www.valledeegues.com\/eu\/#organization","name":"Ayuntamiento Valle de Egues","url":"https:\/\/www.valledeegues.com\/eu\/","logo":{"@type":"ImageObject","inLanguage":"eu-ES","@id":"https:\/\/www.valledeegues.com\/eu\/#\/schema\/logo\/image\/","url":"https:\/\/www.valledeegues.com\/wp-content\/uploads\/2019\/06\/logo-egues-escudo.svg","contentUrl":"https:\/\/www.valledeegues.com\/wp-content\/uploads\/2019\/06\/logo-egues-escudo.svg","width":529,"height":125,"caption":"Ayuntamiento Valle de Egues"},"image":{"@id":"https:\/\/www.valledeegues.com\/eu\/#\/schema\/logo\/image\/"},"sameAs":["https:\/\/www.facebook.com\/EguesEguesibar","https:\/\/x.com\/AValledeEgues","https:\/\/www.youtube.com\/channel\/UCUPvmkTy56ZAhGTVrzg4uDQ"]}]}},"_links":{"self":[{"href":"https:\/\/www.valledeegues.com\/eu\/wp-json\/wp\/v2\/pages\/8051","targetHints":{"allow":["GET"]}}],"collection":[{"href":"https:\/\/www.valledeegues.com\/eu\/wp-json\/wp\/v2\/pages"}],"about":[{"href":"https:\/\/www.valledeegues.com\/eu\/wp-json\/wp\/v2\/types\/page"}],"author":[{"embeddable":true,"href":"https:\/\/www.valledeegues.com\/eu\/wp-json\/wp\/v2\/users\/2"}],"replies":[{"embeddable":true,"href":"https:\/\/www.valledeegues.com\/eu\/wp-json\/wp\/v2\/comments?post=8051"}],"version-history":[{"count":13,"href":"https:\/\/www.valledeegues.com\/eu\/wp-json\/wp\/v2\/pages\/8051\/revisions"}],"predecessor-version":[{"id":46254,"href":"https:\/\/www.valledeegues.com\/eu\/wp-json\/wp\/v2\/pages\/8051\/revisions\/46254"}],"up":[{"embeddable":true,"href":"https:\/\/www.valledeegues.com\/eu\/wp-json\/wp\/v2\/pages\/6235"}],"wp:attachment":[{"href":"https:\/\/www.valledeegues.com\/eu\/wp-json\/wp\/v2\/media?parent=8051"}],"curies":[{"name":"wp","href":"https:\/\/api.w.org\/{rel}","templated":true}]}}