{"id":8037,"date":"2018-10-25T16:51:55","date_gmt":"2018-10-25T14:51:55","guid":{"rendered":"https:\/\/www.valledeegues.com\/?page_id=8037"},"modified":"2026-03-23T10:35:41","modified_gmt":"2026-03-23T09:35:41","slug":"enpresa-mintegia","status":"publish","type":"page","link":"https:\/\/www.valledeegues.com\/eu\/udal-zerbitzuak\/toki-garapena-eta-enplegua\/enplegua\/enpresa-mintegia\/","title":{"rendered":"Enpresa-Mintegia"},"content":{"rendered":"<?xml encoding=\"utf-8\" ?><p>[mk_page_section vertical_align=&rdquo;top&rdquo; bg_image=&rdquo;https:\/\/www.valledeegues.com\/wp-content\/uploads\/2018\/11\/desarrrollo-local-egues.jpg&rdquo; bg_position=&rdquo;center top&rdquo; enable_3d=&rdquo;true&rdquo; min_height=&rdquo;150&Prime; full_width=&rdquo;true&rdquo; padding_top=&rdquo;0&Prime; margin_bottom=&rdquo;30&Prime; sidebar=&rdquo;sidebar-1&Prime;][vc_column][\/vc_column][\/mk_page_section][mk_page_section section_layout=&rdquo;right&rdquo; padding_top=&rdquo;0&Prime; sidebar=&rdquo;sidebar-35&Prime;][vc_column css=&rdquo;.vc_custom_1540379758092{margin-bottom: 0px !important;padding-left: 30px !important;}&rdquo;][vc_row_inner][vc_column_inner][mk_image src=&rdquo;https:\/\/www.valledeegues.com\/wp-content\/uploads\/2018\/12\/vivero-empresas-egues.jpg&rdquo; image_size=&rdquo;full&rdquo;][vc_column_text css=&rdquo;.vc_custom_1550848662648{margin-bottom: 0px !important;padding-top: 30px !important;}&rdquo;]<\/p><h3>ENPRESA-MINTEGIA<\/h3><p>Eguesibarko Enpresa Mintegia Eguesibarko Udalaren Industria Batzordeak sustatu du enpresen sorrera bultzatu eta sustatzeko.<\/p><p>Hainbat bulego ditu ekintzaileentzat eta enpresa berrientzat, jarduera horretan abiatzeko leku bat izan dezaten.[\/vc_column_text][\/vc_column_inner][\/vc_row_inner][vc_empty_space][vc_tabs][vc_tab title=&rdquo;ARAUDIA&rdquo; tab_id=&rdquo;1535974105317-1-115989611630831598962003036&Prime;][vc_column_text css=&rdquo;.vc_custom_1598961445649{margin-bottom: 0px !important;}&rdquo;]<\/p><ul class=\"doc-list\">\n<li><a href=\"https:\/\/www.valledeegues.com\/wp-content\/uploads\/2020\/09\/reglamento-de-uso-del-espacio-vivero-2020.pdf\" class=\"doc-link doc-pdf doc-group-pdf\">Reglamento De Uso Del Espacio Vivero 2020<\/a><\/li>\n<li><a href=\"https:\/\/www.valledeegues.com\/wp-content\/uploads\/2020\/09\/anexo-ii.-criterios-de-valoracin-de-los-proyectos-1.pdf\" class=\"doc-link doc-pdf doc-group-pdf\">Criterios De Valoraci&oacute;n De Los Proyectos<\/a><\/li>\n<\/ul><p>[\/vc_column_text][\/vc_tab][vc_tab title=&rdquo;AGIRI INTERESGARRIAK&rdquo; tab_id=&rdquo;1535974118502-2-715989611630831598962003036&Prime;][vc_column_text css=&rdquo;.vc_custom_1598961535886{margin-bottom: 0px !important;}&rdquo;]<\/p><ul class=\"doc-list\">\n<li><a href=\"https:\/\/www.valledeegues.com\/wp-content\/uploads\/2020\/09\/anexo-i-impreso-solicitud-vivero.docx\" class=\"doc-link doc-docx doc-group-word\">Anexo I Impreso Solicitud Vivero<\/a><\/li>\n<\/ul><p>[\/vc_column_text][\/vc_tab][\/vc_tabs][vc_column_text css=&rdquo;.vc_custom_1550848956275{margin-bottom: 0px !important;padding-top: 30px !important;}&rdquo;][table id=30 \/][\/vc_column_text][\/vc_column][\/mk_page_section][vc_row fullwidth=&rdquo;true&rdquo; fullwidth_content=&rdquo;false&rdquo; css=&rdquo;.vc_custom_1536324679350{margin-top: 0px !important;margin-right: 40px !important;margin-left: 40px !important;padding-top: 20px !important;padding-right: 40px !important;padding-left: 40px !important;background-color: #f0f0f0 !important;}&rdquo;][vc_column][mk_blog_carousel title=&rdquo;HONEKIN LOTUTAKO BERRIAK&rdquo; count=&rdquo;-1&Prime; cat=&rdquo;188&Prime;][\/vc_column][\/vc_row]<\/p>\n","protected":false},"excerpt":{"rendered":"<p>[mk_page_section vertical_align=&rdquo;top&rdquo; bg_image=&rdquo;https:\/\/www.valledeegues.com\/wp-content\/uploads\/2018\/11\/desarrrollo-local-egues.jpg&rdquo; bg_position=&rdquo;center top&rdquo; enable_3d=&rdquo;true&rdquo; min_height=&rdquo;150&Prime; full_width=&rdquo;true&rdquo; padding_top=&rdquo;0&Prime; margin_bottom=&rdquo;30&Prime; sidebar=&rdquo;sidebar-1&Prime;][vc_column][\/vc_column][\/mk_page_section][mk_page_section section_layout=&rdquo;right&rdquo; padding_top=&rdquo;0&Prime; sidebar=&rdquo;sidebar-35&Prime;][vc_column css=&rdquo;.vc_custom_1540379758092{margin-bottom: 0px !important;padding-left: 30px !important;}&rdquo;][vc_row_inner][vc_column_inner][mk_image src=&rdquo;https:\/\/www.valledeegues.com\/wp-content\/uploads\/2018\/12\/vivero-empresas-egues.jpg&rdquo; image_size=&rdquo;full&rdquo;][vc_column_text css=&rdquo;.vc_custom_1550848662648{margin-bottom: 0px !important;padding-top: 30px !important;}&rdquo;]ENPRESA-MINTEGIAEguesibarko Enpresa Mintegia Eguesibarko Udalaren Industria Batzordeak sustatu du enpresen sorrera bultzatu eta sustatzeko.Hainbat bulego ditu ekintzaileentzat eta enpresa berrientzat, jarduera horretan abiatzeko leku bat izan dezaten.[\/vc_column_text][\/vc_column_inner][\/vc_row_inner][vc_empty_space][vc_tabs][vc_tab title=&rdquo;ARAUDIA&rdquo; tab_id=&rdquo;1535974105317-1-115989611630831598962003036&Prime;][vc_column_text css=&rdquo;.vc_custom_1598961445649{margin-bottom: [&hellip;]<\/p>\n","protected":false},"author":2,"featured_media":0,"parent":8098,"menu_order":0,"comment_status":"closed","ping_status":"closed","template":"","meta":{"footnotes":""},"class_list":["post-8037","page","type-page","status-publish","hentry"],"yoast_head":"<!-- This site is optimized with the Yoast SEO plugin v27.5 - https:\/\/yoast.com\/product\/yoast-seo-wordpress\/ -->\r\n<title>Enpresa-Mintegia - Ayuntamiento Valle de Eg\u00fc\u00e9s | Eguesibarko Udala<\/title>\r\n<meta name=\"robots\" content=\"index, follow, max-snippet:-1, max-image-preview:large, max-video-preview:-1\" \/>\r\n<link rel=\"canonical\" href=\"https:\/\/www.valledeegues.com\/eu\/udal-zerbitzuak\/toki-garapena-eta-enplegua\/enplegua\/enpresa-mintegia\/\" \/>\r\n<meta property=\"og:locale\" content=\"eu_ES\" \/>\r\n<meta property=\"og:type\" content=\"article\" \/>\r\n<meta property=\"og:title\" content=\"Enpresa-Mintegia - Ayuntamiento Valle de Eg\u00fc\u00e9s | Eguesibarko Udala\" \/>\r\n<meta property=\"og:description\" content=\"[mk_page_section vertical_align=&rdquo;top&rdquo; bg_image=&rdquo;https:\/\/www.valledeegues.com\/wp-content\/uploads\/2018\/11\/desarrrollo-local-egues.jpg&rdquo; bg_position=&rdquo;center top&rdquo; enable_3d=&rdquo;true&rdquo; min_height=&rdquo;150&Prime; full_width=&rdquo;true&rdquo; padding_top=&rdquo;0&Prime; margin_bottom=&rdquo;30&Prime; sidebar=&rdquo;sidebar-1&Prime;][vc_column][\/vc_column][\/mk_page_section][mk_page_section section_layout=&rdquo;right&rdquo; padding_top=&rdquo;0&Prime; sidebar=&rdquo;sidebar-35&Prime;][vc_column css=&rdquo;.vc_custom_1540379758092{margin-bottom: 0px !important;padding-left: 30px !important;}&rdquo;][vc_row_inner][vc_column_inner][mk_image src=&rdquo;https:\/\/www.valledeegues.com\/wp-content\/uploads\/2018\/12\/vivero-empresas-egues.jpg&rdquo; image_size=&rdquo;full&rdquo;][vc_column_text css=&rdquo;.vc_custom_1550848662648{margin-bottom: 0px !important;padding-top: 30px !important;}&rdquo;]ENPRESA-MINTEGIAEguesibarko Enpresa Mintegia Eguesibarko Udalaren Industria Batzordeak sustatu du enpresen sorrera bultzatu eta sustatzeko.Hainbat bulego ditu ekintzaileentzat eta enpresa berrientzat, jarduera horretan abiatzeko leku bat izan dezaten.[\/vc_column_text][\/vc_column_inner][\/vc_row_inner][vc_empty_space][vc_tabs][vc_tab title=&rdquo;ARAUDIA&rdquo; tab_id=&rdquo;1535974105317-1-115989611630831598962003036&Prime;][vc_column_text css=&rdquo;.vc_custom_1598961445649{margin-bottom: [&hellip;]\" \/>\r\n<meta property=\"og:url\" content=\"https:\/\/www.valledeegues.com\/eu\/udal-zerbitzuak\/toki-garapena-eta-enplegua\/enplegua\/enpresa-mintegia\/\" \/>\r\n<meta property=\"og:site_name\" content=\"Ayuntamiento Valle de Eg\u00fc\u00e9s | Eguesibarko Udala\" \/>\r\n<meta property=\"article:publisher\" content=\"https:\/\/www.facebook.com\/EguesEguesibar\" \/>\r\n<meta property=\"article:modified_time\" content=\"2026-03-23T09:35:41+00:00\" \/>\r\n<meta name=\"twitter:card\" content=\"summary_large_image\" \/>\r\n<meta name=\"twitter:site\" content=\"@AValledeEgues\" \/>\r\n<meta name=\"twitter:label1\" content=\"Est. reading time\" \/>\n\t<meta name=\"twitter:data1\" content=\"1 minute\" \/>\r\n<script type=\"application\/ld+json\" class=\"yoast-schema-graph\">{\"@context\":\"https:\\\/\\\/schema.org\",\"@graph\":[{\"@type\":\"WebPage\",\"@id\":\"https:\\\/\\\/www.valledeegues.com\\\/eu\\\/udal-zerbitzuak\\\/toki-garapena-eta-enplegua\\\/enplegua\\\/enpresa-mintegia\\\/\",\"url\":\"https:\\\/\\\/www.valledeegues.com\\\/eu\\\/udal-zerbitzuak\\\/toki-garapena-eta-enplegua\\\/enplegua\\\/enpresa-mintegia\\\/\",\"name\":\"Enpresa-Mintegia - Ayuntamiento Valle de Eg\u00fc\u00e9s | Eguesibarko Udala\",\"isPartOf\":{\"@id\":\"https:\\\/\\\/www.valledeegues.com\\\/eu\\\/#website\"},\"datePublished\":\"2018-10-25T14:51:55+00:00\",\"dateModified\":\"2026-03-23T09:35:41+00:00\",\"breadcrumb\":{\"@id\":\"https:\\\/\\\/www.valledeegues.com\\\/eu\\\/udal-zerbitzuak\\\/toki-garapena-eta-enplegua\\\/enplegua\\\/enpresa-mintegia\\\/#breadcrumb\"},\"inLanguage\":\"eu-ES\",\"potentialAction\":[{\"@type\":\"ReadAction\",\"target\":[\"https:\\\/\\\/www.valledeegues.com\\\/eu\\\/udal-zerbitzuak\\\/toki-garapena-eta-enplegua\\\/enplegua\\\/enpresa-mintegia\\\/\"]}]},{\"@type\":\"BreadcrumbList\",\"@id\":\"https:\\\/\\\/www.valledeegues.com\\\/eu\\\/udal-zerbitzuak\\\/toki-garapena-eta-enplegua\\\/enplegua\\\/enpresa-mintegia\\\/#breadcrumb\",\"itemListElement\":[{\"@type\":\"ListItem\",\"position\":1,\"name\":\"Azala\",\"item\":\"https:\\\/\\\/www.valledeegues.com\\\/eu\\\/\"},{\"@type\":\"ListItem\",\"position\":2,\"name\":\"Toki Garapena eta Enplegua\",\"item\":\"https:\\\/\\\/www.valledeegues.com\\\/eu\\\/toki-garapena-eta-enplegua\\\/\"},{\"@type\":\"ListItem\",\"position\":3,\"name\":\"Enplegua\",\"item\":\"https:\\\/\\\/www.valledeegues.com\\\/eu\\\/toki-garapena-eta-enplegua\\\/enplegua\\\/\"},{\"@type\":\"ListItem\",\"position\":4,\"name\":\"Enpresa-Mintegia\"}]},{\"@type\":\"WebSite\",\"@id\":\"https:\\\/\\\/www.valledeegues.com\\\/eu\\\/#website\",\"url\":\"https:\\\/\\\/www.valledeegues.com\\\/eu\\\/\",\"name\":\"Ayuntamiento Valle de Eg\u00fc\u00e9s | Eguesibarko Udala\",\"description\":\"Ayuntamiento Valle de Eg\u00fc\u00e9s | Eguesibarko Udala\",\"publisher\":{\"@id\":\"https:\\\/\\\/www.valledeegues.com\\\/eu\\\/#organization\"},\"potentialAction\":[{\"@type\":\"SearchAction\",\"target\":{\"@type\":\"EntryPoint\",\"urlTemplate\":\"https:\\\/\\\/www.valledeegues.com\\\/eu\\\/?s={search_term_string}\"},\"query-input\":{\"@type\":\"PropertyValueSpecification\",\"valueRequired\":true,\"valueName\":\"search_term_string\"}}],\"inLanguage\":\"eu-ES\"},{\"@type\":\"Organization\",\"@id\":\"https:\\\/\\\/www.valledeegues.com\\\/eu\\\/#organization\",\"name\":\"Ayuntamiento Valle de Egues\",\"url\":\"https:\\\/\\\/www.valledeegues.com\\\/eu\\\/\",\"logo\":{\"@type\":\"ImageObject\",\"inLanguage\":\"eu-ES\",\"@id\":\"https:\\\/\\\/www.valledeegues.com\\\/eu\\\/#\\\/schema\\\/logo\\\/image\\\/\",\"url\":\"https:\\\/\\\/www.valledeegues.com\\\/wp-content\\\/uploads\\\/2019\\\/06\\\/logo-egues-escudo.svg\",\"contentUrl\":\"https:\\\/\\\/www.valledeegues.com\\\/wp-content\\\/uploads\\\/2019\\\/06\\\/logo-egues-escudo.svg\",\"width\":529,\"height\":125,\"caption\":\"Ayuntamiento Valle de Egues\"},\"image\":{\"@id\":\"https:\\\/\\\/www.valledeegues.com\\\/eu\\\/#\\\/schema\\\/logo\\\/image\\\/\"},\"sameAs\":[\"https:\\\/\\\/www.facebook.com\\\/EguesEguesibar\",\"https:\\\/\\\/x.com\\\/AValledeEgues\",\"https:\\\/\\\/www.youtube.com\\\/channel\\\/UCUPvmkTy56ZAhGTVrzg4uDQ\"]}]}<\/script>\r\n<!-- \/ Yoast SEO plugin. -->","yoast_head_json":{"title":"Enpresa-Mintegia - Ayuntamiento Valle de Eg\u00fc\u00e9s | Eguesibarko Udala","robots":{"index":"index","follow":"follow","max-snippet":"max-snippet:-1","max-image-preview":"max-image-preview:large","max-video-preview":"max-video-preview:-1"},"canonical":"https:\/\/www.valledeegues.com\/eu\/udal-zerbitzuak\/toki-garapena-eta-enplegua\/enplegua\/enpresa-mintegia\/","og_locale":"eu_ES","og_type":"article","og_title":"Enpresa-Mintegia - Ayuntamiento Valle de Eg\u00fc\u00e9s | Eguesibarko Udala","og_description":"[mk_page_section vertical_align=&rdquo;top&rdquo; bg_image=&rdquo;https:\/\/www.valledeegues.com\/wp-content\/uploads\/2018\/11\/desarrrollo-local-egues.jpg&rdquo; bg_position=&rdquo;center top&rdquo; enable_3d=&rdquo;true&rdquo; min_height=&rdquo;150&Prime; full_width=&rdquo;true&rdquo; padding_top=&rdquo;0&Prime; margin_bottom=&rdquo;30&Prime; sidebar=&rdquo;sidebar-1&Prime;][vc_column][\/vc_column][\/mk_page_section][mk_page_section section_layout=&rdquo;right&rdquo; padding_top=&rdquo;0&Prime; sidebar=&rdquo;sidebar-35&Prime;][vc_column css=&rdquo;.vc_custom_1540379758092{margin-bottom: 0px !important;padding-left: 30px !important;}&rdquo;][vc_row_inner][vc_column_inner][mk_image src=&rdquo;https:\/\/www.valledeegues.com\/wp-content\/uploads\/2018\/12\/vivero-empresas-egues.jpg&rdquo; image_size=&rdquo;full&rdquo;][vc_column_text css=&rdquo;.vc_custom_1550848662648{margin-bottom: 0px !important;padding-top: 30px !important;}&rdquo;]ENPRESA-MINTEGIAEguesibarko Enpresa Mintegia Eguesibarko Udalaren Industria Batzordeak sustatu du enpresen sorrera bultzatu eta sustatzeko.Hainbat bulego ditu ekintzaileentzat eta enpresa berrientzat, jarduera horretan abiatzeko leku bat izan dezaten.[\/vc_column_text][\/vc_column_inner][\/vc_row_inner][vc_empty_space][vc_tabs][vc_tab title=&rdquo;ARAUDIA&rdquo; tab_id=&rdquo;1535974105317-1-115989611630831598962003036&Prime;][vc_column_text css=&rdquo;.vc_custom_1598961445649{margin-bottom: [&hellip;]","og_url":"https:\/\/www.valledeegues.com\/eu\/udal-zerbitzuak\/toki-garapena-eta-enplegua\/enplegua\/enpresa-mintegia\/","og_site_name":"Ayuntamiento Valle de Eg\u00fc\u00e9s | Eguesibarko Udala","article_publisher":"https:\/\/www.facebook.com\/EguesEguesibar","article_modified_time":"2026-03-23T09:35:41+00:00","twitter_card":"summary_large_image","twitter_site":"@AValledeEgues","twitter_misc":{"Est. reading time":"1 minute"},"schema":{"@context":"https:\/\/schema.org","@graph":[{"@type":"WebPage","@id":"https:\/\/www.valledeegues.com\/eu\/udal-zerbitzuak\/toki-garapena-eta-enplegua\/enplegua\/enpresa-mintegia\/","url":"https:\/\/www.valledeegues.com\/eu\/udal-zerbitzuak\/toki-garapena-eta-enplegua\/enplegua\/enpresa-mintegia\/","name":"Enpresa-Mintegia - Ayuntamiento Valle de Eg\u00fc\u00e9s | Eguesibarko Udala","isPartOf":{"@id":"https:\/\/www.valledeegues.com\/eu\/#website"},"datePublished":"2018-10-25T14:51:55+00:00","dateModified":"2026-03-23T09:35:41+00:00","breadcrumb":{"@id":"https:\/\/www.valledeegues.com\/eu\/udal-zerbitzuak\/toki-garapena-eta-enplegua\/enplegua\/enpresa-mintegia\/#breadcrumb"},"inLanguage":"eu-ES","potentialAction":[{"@type":"ReadAction","target":["https:\/\/www.valledeegues.com\/eu\/udal-zerbitzuak\/toki-garapena-eta-enplegua\/enplegua\/enpresa-mintegia\/"]}]},{"@type":"BreadcrumbList","@id":"https:\/\/www.valledeegues.com\/eu\/udal-zerbitzuak\/toki-garapena-eta-enplegua\/enplegua\/enpresa-mintegia\/#breadcrumb","itemListElement":[{"@type":"ListItem","position":1,"name":"Azala","item":"https:\/\/www.valledeegues.com\/eu\/"},{"@type":"ListItem","position":2,"name":"Toki Garapena eta Enplegua","item":"https:\/\/www.valledeegues.com\/eu\/toki-garapena-eta-enplegua\/"},{"@type":"ListItem","position":3,"name":"Enplegua","item":"https:\/\/www.valledeegues.com\/eu\/toki-garapena-eta-enplegua\/enplegua\/"},{"@type":"ListItem","position":4,"name":"Enpresa-Mintegia"}]},{"@type":"WebSite","@id":"https:\/\/www.valledeegues.com\/eu\/#website","url":"https:\/\/www.valledeegues.com\/eu\/","name":"Ayuntamiento Valle de Eg\u00fc\u00e9s | Eguesibarko Udala","description":"Ayuntamiento Valle de Eg\u00fc\u00e9s | Eguesibarko Udala","publisher":{"@id":"https:\/\/www.valledeegues.com\/eu\/#organization"},"potentialAction":[{"@type":"SearchAction","target":{"@type":"EntryPoint","urlTemplate":"https:\/\/www.valledeegues.com\/eu\/?s={search_term_string}"},"query-input":{"@type":"PropertyValueSpecification","valueRequired":true,"valueName":"search_term_string"}}],"inLanguage":"eu-ES"},{"@type":"Organization","@id":"https:\/\/www.valledeegues.com\/eu\/#organization","name":"Ayuntamiento Valle de Egues","url":"https:\/\/www.valledeegues.com\/eu\/","logo":{"@type":"ImageObject","inLanguage":"eu-ES","@id":"https:\/\/www.valledeegues.com\/eu\/#\/schema\/logo\/image\/","url":"https:\/\/www.valledeegues.com\/wp-content\/uploads\/2019\/06\/logo-egues-escudo.svg","contentUrl":"https:\/\/www.valledeegues.com\/wp-content\/uploads\/2019\/06\/logo-egues-escudo.svg","width":529,"height":125,"caption":"Ayuntamiento Valle de Egues"},"image":{"@id":"https:\/\/www.valledeegues.com\/eu\/#\/schema\/logo\/image\/"},"sameAs":["https:\/\/www.facebook.com\/EguesEguesibar","https:\/\/x.com\/AValledeEgues","https:\/\/www.youtube.com\/channel\/UCUPvmkTy56ZAhGTVrzg4uDQ"]}]}},"_links":{"self":[{"href":"https:\/\/www.valledeegues.com\/eu\/wp-json\/wp\/v2\/pages\/8037","targetHints":{"allow":["GET"]}}],"collection":[{"href":"https:\/\/www.valledeegues.com\/eu\/wp-json\/wp\/v2\/pages"}],"about":[{"href":"https:\/\/www.valledeegues.com\/eu\/wp-json\/wp\/v2\/types\/page"}],"author":[{"embeddable":true,"href":"https:\/\/www.valledeegues.com\/eu\/wp-json\/wp\/v2\/users\/2"}],"replies":[{"embeddable":true,"href":"https:\/\/www.valledeegues.com\/eu\/wp-json\/wp\/v2\/comments?post=8037"}],"version-history":[{"count":11,"href":"https:\/\/www.valledeegues.com\/eu\/wp-json\/wp\/v2\/pages\/8037\/revisions"}],"predecessor-version":[{"id":45450,"href":"https:\/\/www.valledeegues.com\/eu\/wp-json\/wp\/v2\/pages\/8037\/revisions\/45450"}],"up":[{"embeddable":true,"href":"https:\/\/www.valledeegues.com\/eu\/wp-json\/wp\/v2\/pages\/8098"}],"wp:attachment":[{"href":"https:\/\/www.valledeegues.com\/eu\/wp-json\/wp\/v2\/media?parent=8037"}],"curies":[{"name":"wp","href":"https:\/\/api.w.org\/{rel}","templated":true}]}}