{"id":8007,"date":"2019-01-08T14:49:41","date_gmt":"2019-01-08T13:49:41","guid":{"rendered":"https:\/\/www.valledeegues.com\/?page_id=8007"},"modified":"2020-09-01T11:48:36","modified_gmt":"2020-09-01T09:48:36","slug":"merkataritza","status":"publish","type":"page","link":"https:\/\/www.valledeegues.com\/eu\/udal-zerbitzuak\/toki-garapena-eta-enplegua\/merkataritza\/","title":{"rendered":"Merkataritza"},"content":{"rendered":"<p>[mk_page_section vertical_align=&#8221;top&#8221; bg_image=&#8221;https:\/\/www.valledeegues.com\/wp-content\/uploads\/2018\/11\/desarrrollo-local-egues.jpg&#8221; bg_position=&#8221;center top&#8221; enable_3d=&#8221;true&#8221; min_height=&#8221;150&#8243; full_width=&#8221;true&#8221; padding_top=&#8221;0&#8243; margin_bottom=&#8221;30&#8243; sidebar=&#8221;sidebar-1&#8243;][vc_column][\/vc_column][\/mk_page_section][mk_page_section section_layout=&#8221;right&#8221; padding_top=&#8221;0&#8243; sidebar=&#8221;sidebar-35&#8243;][vc_column css=&#8221;.vc_custom_1540379758092{margin-bottom: 0px !important;padding-left: 30px !important;}&#8221;][mk_image src=&#8221;https:\/\/www.valledeegues.com\/wp-content\/uploads\/2018\/10\/desarrrollo-local4-egues.jpg&#8221; image_size=&#8221;full&#8221;][vc_column_text css=&#8221;.vc_custom_1550849174592{margin-bottom: 0px !important;padding-top: 30px !important;}&#8221;]<\/p>\n<h3>MERKATARITZA<\/h3>\n<p>[\/vc_column_text][mk_padding_divider size=&#8221;15&#8243;][mk_custom_list]<span lang=\"EU\">Eguesibarko azken <i>Diagnosi Sozioekonomikoaren<\/i>arabera, <strong>ibarreko sektore nagusia <\/strong><strong>zerbitzuak <\/strong><strong>dira, hala enpresa nola langile kopuruan. Hirugarren sektorearen barneko adar nagusiak merkataritza, enpresendako zerbitzuak eta hezkuntza dira<\/strong>.<\/span><\/p>\n<p><span lang=\"EU\">Eguesibarko Enplegu eta Garapen alorra elkarlan estuan ari da <\/span><b><span lang=\"EU\">Eguesibarko Merkataritza, Ostalaritza eta Zerbitzuen Elkartearekin<\/span><\/b><span lang=\"EU\">, aipatu jarduerak indartze aldera, funtsezkoak baitira ibarraren ekonomia eta gizartea garatzeko, bai eta ibarraren etorkizunerako ere.<\/span><\/p>\n<p><span lang=\"EU\">Kanpainak eta jarduerak egiten ditugu elkarrekin merkataritza sustatzeko, eta jendeak\u00a0 hemengo establezimendu eta enpresetan gehiago kontsumitzeko.<\/span>[\/mk_custom_list][vc_row_inner attached=&#8221;true&#8221;][vc_column_inner width=&#8221;1\/2&#8243;][mk_icon_box2 icon_size=&#8221;48&#8243; icon=&#8221;mk-icon-area-chart&#8221; icon_color=&#8221;#ffffff&#8221; icon_background_color=&#8221;#ea4b50&#8243; title=&#8221;JARDUERA EKONOMIKOARI BURUZKO GIDA&#8221; title_weight=&#8221;bold&#8221; title_color=&#8221;#ea4b50&#8243; read_more_url=&#8221;http:\/\/guiacomercial.valledeegues.com\/eu\/&#8221; link_target=&#8221;_blank&#8221;][\/mk_icon_box2][\/vc_column_inner][vc_column_inner width=&#8221;1\/2&#8243;][mk_icon_box2 icon_size=&#8221;48&#8243; icon=&#8221;mk-icon-bullseye&#8221; icon_color=&#8221;#ffffff&#8221; icon_background_color=&#8221;#ea4b50&#8243; title=&#8221;Merkatarien Elkartea&#8221; title_weight=&#8221;bold&#8221; title_color=&#8221;#ea4b50&#8243; read_more_url=&#8221;https:\/\/www.valledeegues.com\/desarrollo-local-y-empleo\/comercio\/asociacion-comerciantes\/&#8221;][\/mk_icon_box2][\/vc_column_inner][\/vc_row_inner][\/vc_column][\/mk_page_section][vc_row][vc_column][vc_column_text css=&#8221;.vc_custom_1540826595367{margin-bottom: 0px !important;}&#8221;][campanas_list categorias=\u201dcomercio\u201d][\/vc_column_text][\/vc_column][\/vc_row][vc_row fullwidth=&#8221;true&#8221; fullwidth_content=&#8221;false&#8221; css=&#8221;.vc_custom_1536324679350{margin-top: 0px !important;margin-right: 40px !important;margin-left: 40px !important;padding-top: 20px !important;padding-right: 40px !important;padding-left: 40px !important;background-color: #f0f0f0 !important;}&#8221;][vc_column][mk_blog_carousel title=&#8221;HONEKIN LOTUTAKO BERRIAK&#8221; count=&#8221;-1&#8243; cat=&#8221;188&#8243;][\/vc_column][\/vc_row]<\/p>\n","protected":false},"excerpt":{"rendered":"<p>[mk_page_section vertical_align=&#8221;top&#8221; bg_image=&#8221;https:\/\/www.valledeegues.com\/wp-content\/uploads\/2018\/11\/desarrrollo-local-egues.jpg&#8221; bg_position=&#8221;center top&#8221; enable_3d=&#8221;true&#8221; min_height=&#8221;150&#8243; full_width=&#8221;true&#8221; padding_top=&#8221;0&#8243; margin_bottom=&#8221;30&#8243; sidebar=&#8221;sidebar-1&#8243;][vc_column][\/vc_column][\/mk_page_section][mk_page_section section_layout=&#8221;right&#8221; padding_top=&#8221;0&#8243; sidebar=&#8221;sidebar-35&#8243;][vc_column css=&#8221;.vc_custom_1540379758092{margin-bottom: 0px !important;padding-left: 30px !important;}&#8221;][mk_image src=&#8221;https:\/\/www.valledeegues.com\/wp-content\/uploads\/2018\/10\/desarrrollo-local4-egues.jpg&#8221; image_size=&#8221;full&#8221;][vc_column_text css=&#8221;.vc_custom_1550849174592{margin-bottom: 0px !important;padding-top: 30px !important;}&#8221;] MERKATARITZA [\/vc_column_text][mk_padding_divider size=&#8221;15&#8243;][mk_custom_list]Eguesibarko azken Diagnosi Sozioekonomikoarenarabera, ibarreko sektore nagusia zerbitzuak dira, hala enpresa nola langile kopuruan. Hirugarren sektorearen barneko adar nagusiak merkataritza, enpresendako zerbitzuak eta hezkuntza dira. Eguesibarko Enplegu [&hellip;]<\/p>\n","protected":false},"author":2,"featured_media":0,"parent":8068,"menu_order":0,"comment_status":"closed","ping_status":"closed","template":"","meta":{"footnotes":""},"class_list":["post-8007","page","type-page","status-publish","hentry"],"yoast_head":"<!-- This site is optimized with the Yoast SEO plugin v27.5 - https:\/\/yoast.com\/product\/yoast-seo-wordpress\/ -->\r\n<title>Merkataritza - Ayuntamiento Valle de Eg\u00fc\u00e9s | Eguesibarko Udala<\/title>\r\n<meta name=\"robots\" content=\"index, follow, max-snippet:-1, max-image-preview:large, max-video-preview:-1\" \/>\r\n<link rel=\"canonical\" href=\"https:\/\/www.valledeegues.com\/eu\/udal-zerbitzuak\/toki-garapena-eta-enplegua\/merkataritza\/\" \/>\r\n<meta property=\"og:locale\" content=\"eu_ES\" \/>\r\n<meta property=\"og:type\" content=\"article\" \/>\r\n<meta property=\"og:title\" content=\"Merkataritza - Ayuntamiento Valle de Eg\u00fc\u00e9s | Eguesibarko Udala\" \/>\r\n<meta property=\"og:description\" content=\"[mk_page_section vertical_align=&#8221;top&#8221; bg_image=&#8221;https:\/\/www.valledeegues.com\/wp-content\/uploads\/2018\/11\/desarrrollo-local-egues.jpg&#8221; bg_position=&#8221;center top&#8221; enable_3d=&#8221;true&#8221; min_height=&#8221;150&#8243; full_width=&#8221;true&#8221; padding_top=&#8221;0&#8243; margin_bottom=&#8221;30&#8243; sidebar=&#8221;sidebar-1&#8243;][vc_column][\/vc_column][\/mk_page_section][mk_page_section section_layout=&#8221;right&#8221; padding_top=&#8221;0&#8243; sidebar=&#8221;sidebar-35&#8243;][vc_column css=&#8221;.vc_custom_1540379758092{margin-bottom: 0px !important;padding-left: 30px !important;}&#8221;][mk_image src=&#8221;https:\/\/www.valledeegues.com\/wp-content\/uploads\/2018\/10\/desarrrollo-local4-egues.jpg&#8221; image_size=&#8221;full&#8221;][vc_column_text css=&#8221;.vc_custom_1550849174592{margin-bottom: 0px !important;padding-top: 30px !important;}&#8221;] MERKATARITZA [\/vc_column_text][mk_padding_divider size=&#8221;15&#8243;][mk_custom_list]Eguesibarko azken Diagnosi Sozioekonomikoarenarabera, ibarreko sektore nagusia zerbitzuak dira, hala enpresa nola langile kopuruan. Hirugarren sektorearen barneko adar nagusiak merkataritza, enpresendako zerbitzuak eta hezkuntza dira. Eguesibarko Enplegu [&hellip;]\" \/>\r\n<meta property=\"og:url\" content=\"https:\/\/www.valledeegues.com\/eu\/udal-zerbitzuak\/toki-garapena-eta-enplegua\/merkataritza\/\" \/>\r\n<meta property=\"og:site_name\" content=\"Ayuntamiento Valle de Eg\u00fc\u00e9s | Eguesibarko Udala\" \/>\r\n<meta property=\"article:publisher\" content=\"https:\/\/www.facebook.com\/EguesEguesibar\" \/>\r\n<meta property=\"article:modified_time\" content=\"2020-09-01T09:48:36+00:00\" \/>\r\n<meta name=\"twitter:card\" content=\"summary_large_image\" \/>\r\n<meta name=\"twitter:site\" content=\"@AValledeEgues\" \/>\r\n<meta name=\"twitter:label1\" content=\"Est. reading time\" \/>\n\t<meta name=\"twitter:data1\" content=\"2 minutes\" \/>\r\n<script type=\"application\/ld+json\" class=\"yoast-schema-graph\">{\"@context\":\"https:\\\/\\\/schema.org\",\"@graph\":[{\"@type\":\"WebPage\",\"@id\":\"https:\\\/\\\/www.valledeegues.com\\\/eu\\\/udal-zerbitzuak\\\/toki-garapena-eta-enplegua\\\/merkataritza\\\/\",\"url\":\"https:\\\/\\\/www.valledeegues.com\\\/eu\\\/udal-zerbitzuak\\\/toki-garapena-eta-enplegua\\\/merkataritza\\\/\",\"name\":\"Merkataritza - Ayuntamiento Valle de Eg\u00fc\u00e9s | Eguesibarko Udala\",\"isPartOf\":{\"@id\":\"https:\\\/\\\/www.valledeegues.com\\\/eu\\\/#website\"},\"datePublished\":\"2019-01-08T13:49:41+00:00\",\"dateModified\":\"2020-09-01T09:48:36+00:00\",\"breadcrumb\":{\"@id\":\"https:\\\/\\\/www.valledeegues.com\\\/eu\\\/udal-zerbitzuak\\\/toki-garapena-eta-enplegua\\\/merkataritza\\\/#breadcrumb\"},\"inLanguage\":\"eu-ES\",\"potentialAction\":[{\"@type\":\"ReadAction\",\"target\":[\"https:\\\/\\\/www.valledeegues.com\\\/eu\\\/udal-zerbitzuak\\\/toki-garapena-eta-enplegua\\\/merkataritza\\\/\"]}]},{\"@type\":\"BreadcrumbList\",\"@id\":\"https:\\\/\\\/www.valledeegues.com\\\/eu\\\/udal-zerbitzuak\\\/toki-garapena-eta-enplegua\\\/merkataritza\\\/#breadcrumb\",\"itemListElement\":[{\"@type\":\"ListItem\",\"position\":1,\"name\":\"Azala\",\"item\":\"https:\\\/\\\/www.valledeegues.com\\\/eu\\\/\"},{\"@type\":\"ListItem\",\"position\":2,\"name\":\"Toki Garapena eta Enplegua\",\"item\":\"https:\\\/\\\/www.valledeegues.com\\\/eu\\\/toki-garapena-eta-enplegua\\\/\"},{\"@type\":\"ListItem\",\"position\":3,\"name\":\"Merkataritza\"}]},{\"@type\":\"WebSite\",\"@id\":\"https:\\\/\\\/www.valledeegues.com\\\/eu\\\/#website\",\"url\":\"https:\\\/\\\/www.valledeegues.com\\\/eu\\\/\",\"name\":\"Ayuntamiento Valle de Eg\u00fc\u00e9s | Eguesibarko Udala\",\"description\":\"Ayuntamiento Valle de Eg\u00fc\u00e9s | Eguesibarko Udala\",\"publisher\":{\"@id\":\"https:\\\/\\\/www.valledeegues.com\\\/eu\\\/#organization\"},\"potentialAction\":[{\"@type\":\"SearchAction\",\"target\":{\"@type\":\"EntryPoint\",\"urlTemplate\":\"https:\\\/\\\/www.valledeegues.com\\\/eu\\\/?s={search_term_string}\"},\"query-input\":{\"@type\":\"PropertyValueSpecification\",\"valueRequired\":true,\"valueName\":\"search_term_string\"}}],\"inLanguage\":\"eu-ES\"},{\"@type\":\"Organization\",\"@id\":\"https:\\\/\\\/www.valledeegues.com\\\/eu\\\/#organization\",\"name\":\"Ayuntamiento Valle de Egues\",\"url\":\"https:\\\/\\\/www.valledeegues.com\\\/eu\\\/\",\"logo\":{\"@type\":\"ImageObject\",\"inLanguage\":\"eu-ES\",\"@id\":\"https:\\\/\\\/www.valledeegues.com\\\/eu\\\/#\\\/schema\\\/logo\\\/image\\\/\",\"url\":\"https:\\\/\\\/www.valledeegues.com\\\/wp-content\\\/uploads\\\/2019\\\/06\\\/logo-egues-escudo.svg\",\"contentUrl\":\"https:\\\/\\\/www.valledeegues.com\\\/wp-content\\\/uploads\\\/2019\\\/06\\\/logo-egues-escudo.svg\",\"width\":529,\"height\":125,\"caption\":\"Ayuntamiento Valle de Egues\"},\"image\":{\"@id\":\"https:\\\/\\\/www.valledeegues.com\\\/eu\\\/#\\\/schema\\\/logo\\\/image\\\/\"},\"sameAs\":[\"https:\\\/\\\/www.facebook.com\\\/EguesEguesibar\",\"https:\\\/\\\/x.com\\\/AValledeEgues\",\"https:\\\/\\\/www.youtube.com\\\/channel\\\/UCUPvmkTy56ZAhGTVrzg4uDQ\"]}]}<\/script>\r\n<!-- \/ Yoast SEO plugin. -->","yoast_head_json":{"title":"Merkataritza - Ayuntamiento Valle de Eg\u00fc\u00e9s | Eguesibarko Udala","robots":{"index":"index","follow":"follow","max-snippet":"max-snippet:-1","max-image-preview":"max-image-preview:large","max-video-preview":"max-video-preview:-1"},"canonical":"https:\/\/www.valledeegues.com\/eu\/udal-zerbitzuak\/toki-garapena-eta-enplegua\/merkataritza\/","og_locale":"eu_ES","og_type":"article","og_title":"Merkataritza - Ayuntamiento Valle de Eg\u00fc\u00e9s | Eguesibarko Udala","og_description":"[mk_page_section vertical_align=&#8221;top&#8221; bg_image=&#8221;https:\/\/www.valledeegues.com\/wp-content\/uploads\/2018\/11\/desarrrollo-local-egues.jpg&#8221; bg_position=&#8221;center top&#8221; enable_3d=&#8221;true&#8221; min_height=&#8221;150&#8243; full_width=&#8221;true&#8221; padding_top=&#8221;0&#8243; margin_bottom=&#8221;30&#8243; sidebar=&#8221;sidebar-1&#8243;][vc_column][\/vc_column][\/mk_page_section][mk_page_section section_layout=&#8221;right&#8221; padding_top=&#8221;0&#8243; sidebar=&#8221;sidebar-35&#8243;][vc_column css=&#8221;.vc_custom_1540379758092{margin-bottom: 0px !important;padding-left: 30px !important;}&#8221;][mk_image src=&#8221;https:\/\/www.valledeegues.com\/wp-content\/uploads\/2018\/10\/desarrrollo-local4-egues.jpg&#8221; image_size=&#8221;full&#8221;][vc_column_text css=&#8221;.vc_custom_1550849174592{margin-bottom: 0px !important;padding-top: 30px !important;}&#8221;] MERKATARITZA [\/vc_column_text][mk_padding_divider size=&#8221;15&#8243;][mk_custom_list]Eguesibarko azken Diagnosi Sozioekonomikoarenarabera, ibarreko sektore nagusia zerbitzuak dira, hala enpresa nola langile kopuruan. Hirugarren sektorearen barneko adar nagusiak merkataritza, enpresendako zerbitzuak eta hezkuntza dira. Eguesibarko Enplegu [&hellip;]","og_url":"https:\/\/www.valledeegues.com\/eu\/udal-zerbitzuak\/toki-garapena-eta-enplegua\/merkataritza\/","og_site_name":"Ayuntamiento Valle de Eg\u00fc\u00e9s | Eguesibarko Udala","article_publisher":"https:\/\/www.facebook.com\/EguesEguesibar","article_modified_time":"2020-09-01T09:48:36+00:00","twitter_card":"summary_large_image","twitter_site":"@AValledeEgues","twitter_misc":{"Est. reading time":"2 minutes"},"schema":{"@context":"https:\/\/schema.org","@graph":[{"@type":"WebPage","@id":"https:\/\/www.valledeegues.com\/eu\/udal-zerbitzuak\/toki-garapena-eta-enplegua\/merkataritza\/","url":"https:\/\/www.valledeegues.com\/eu\/udal-zerbitzuak\/toki-garapena-eta-enplegua\/merkataritza\/","name":"Merkataritza - Ayuntamiento Valle de Eg\u00fc\u00e9s | Eguesibarko Udala","isPartOf":{"@id":"https:\/\/www.valledeegues.com\/eu\/#website"},"datePublished":"2019-01-08T13:49:41+00:00","dateModified":"2020-09-01T09:48:36+00:00","breadcrumb":{"@id":"https:\/\/www.valledeegues.com\/eu\/udal-zerbitzuak\/toki-garapena-eta-enplegua\/merkataritza\/#breadcrumb"},"inLanguage":"eu-ES","potentialAction":[{"@type":"ReadAction","target":["https:\/\/www.valledeegues.com\/eu\/udal-zerbitzuak\/toki-garapena-eta-enplegua\/merkataritza\/"]}]},{"@type":"BreadcrumbList","@id":"https:\/\/www.valledeegues.com\/eu\/udal-zerbitzuak\/toki-garapena-eta-enplegua\/merkataritza\/#breadcrumb","itemListElement":[{"@type":"ListItem","position":1,"name":"Azala","item":"https:\/\/www.valledeegues.com\/eu\/"},{"@type":"ListItem","position":2,"name":"Toki Garapena eta Enplegua","item":"https:\/\/www.valledeegues.com\/eu\/toki-garapena-eta-enplegua\/"},{"@type":"ListItem","position":3,"name":"Merkataritza"}]},{"@type":"WebSite","@id":"https:\/\/www.valledeegues.com\/eu\/#website","url":"https:\/\/www.valledeegues.com\/eu\/","name":"Ayuntamiento Valle de Eg\u00fc\u00e9s | Eguesibarko Udala","description":"Ayuntamiento Valle de Eg\u00fc\u00e9s | Eguesibarko Udala","publisher":{"@id":"https:\/\/www.valledeegues.com\/eu\/#organization"},"potentialAction":[{"@type":"SearchAction","target":{"@type":"EntryPoint","urlTemplate":"https:\/\/www.valledeegues.com\/eu\/?s={search_term_string}"},"query-input":{"@type":"PropertyValueSpecification","valueRequired":true,"valueName":"search_term_string"}}],"inLanguage":"eu-ES"},{"@type":"Organization","@id":"https:\/\/www.valledeegues.com\/eu\/#organization","name":"Ayuntamiento Valle de Egues","url":"https:\/\/www.valledeegues.com\/eu\/","logo":{"@type":"ImageObject","inLanguage":"eu-ES","@id":"https:\/\/www.valledeegues.com\/eu\/#\/schema\/logo\/image\/","url":"https:\/\/www.valledeegues.com\/wp-content\/uploads\/2019\/06\/logo-egues-escudo.svg","contentUrl":"https:\/\/www.valledeegues.com\/wp-content\/uploads\/2019\/06\/logo-egues-escudo.svg","width":529,"height":125,"caption":"Ayuntamiento Valle de Egues"},"image":{"@id":"https:\/\/www.valledeegues.com\/eu\/#\/schema\/logo\/image\/"},"sameAs":["https:\/\/www.facebook.com\/EguesEguesibar","https:\/\/x.com\/AValledeEgues","https:\/\/www.youtube.com\/channel\/UCUPvmkTy56ZAhGTVrzg4uDQ"]}]}},"_links":{"self":[{"href":"https:\/\/www.valledeegues.com\/eu\/wp-json\/wp\/v2\/pages\/8007","targetHints":{"allow":["GET"]}}],"collection":[{"href":"https:\/\/www.valledeegues.com\/eu\/wp-json\/wp\/v2\/pages"}],"about":[{"href":"https:\/\/www.valledeegues.com\/eu\/wp-json\/wp\/v2\/types\/page"}],"author":[{"embeddable":true,"href":"https:\/\/www.valledeegues.com\/eu\/wp-json\/wp\/v2\/users\/2"}],"replies":[{"embeddable":true,"href":"https:\/\/www.valledeegues.com\/eu\/wp-json\/wp\/v2\/comments?post=8007"}],"version-history":[{"count":10,"href":"https:\/\/www.valledeegues.com\/eu\/wp-json\/wp\/v2\/pages\/8007\/revisions"}],"predecessor-version":[{"id":19334,"href":"https:\/\/www.valledeegues.com\/eu\/wp-json\/wp\/v2\/pages\/8007\/revisions\/19334"}],"up":[{"embeddable":true,"href":"https:\/\/www.valledeegues.com\/eu\/wp-json\/wp\/v2\/pages\/8068"}],"wp:attachment":[{"href":"https:\/\/www.valledeegues.com\/eu\/wp-json\/wp\/v2\/media?parent=8007"}],"curies":[{"name":"wp","href":"https:\/\/api.w.org\/{rel}","templated":true}]}}