{"id":7338,"date":"2018-09-20T14:32:21","date_gmt":"2018-09-20T12:32:21","guid":{"rendered":"https:\/\/www.valledeegues.com\/?page_id=7338"},"modified":"2019-02-25T14:38:23","modified_gmt":"2019-02-25T13:38:23","slug":"familia-harremanak-berdintasuna-erantzunkidetasuna-eta-indarkeriaren-prebentzioa-txertatzea","status":"publish","type":"page","link":"https:\/\/www.valledeegues.com\/eu\/berdintasuna\/familia-harremanak-berdintasuna-erantzunkidetasuna-eta-indarkeriaren-prebentzioa-txertatzea\/","title":{"rendered":"Familia Harremanak: Berdintasuna, Erantzunkidetasuna eta Indarkeriaren Prebentzioa Txertatzea"},"content":{"rendered":"<p>[mk_page_section vertical_align=&#8221;top&#8221; bg_image=&#8221;https:\/\/www.valledeegues.com\/wp-content\/uploads\/2018\/09\/igualdad-egues.jpg&#8221; bg_position=&#8221;center bottom&#8221; bg_stretch=&#8221;true&#8221; enable_3d=&#8221;true&#8221; min_height=&#8221;150&#8243; full_width=&#8221;true&#8221; padding_top=&#8221;0&#8243; margin_bottom=&#8221;30&#8243; sidebar=&#8221;sidebar-1&#8243;][vc_column][\/vc_column][\/mk_page_section][mk_page_section section_layout=&#8221;right&#8221; padding_top=&#8221;0&#8243; sidebar=&#8221;sidebar-33&#8243;][vc_column css=&#8221;.vc_custom_1534935713904{padding-left: 30px !important;}&#8221;][vc_column_text css=&#8221;.vc_custom_1546603326686{margin-bottom: 0px !important;}&#8221;]Familien Arretarako Zentroa zentroko jardueretan parte hartzen duten familiendako da.\u00a0 Zehazki, gai zehatzak lantzen dira berdintasunaren, erantzunkidetasunaren eta indarkeriaren prebentzioaren inguruan.<\/p>\n<p>Programa hau Zentroarekin elkarlanean garatzen da. 2016an jarri zen abian eta indarrean dirau.[\/vc_column_text][vc_column_text css=&#8221;.vc_custom_1546603335157{margin-bottom: 0px !important;}&#8221;]<\/p>\n<h3>HELBURUAK<\/h3>\n<p>[\/vc_column_text][vc_column_text css=&#8221;.vc_custom_1546603345585{margin-bottom: 0px !important;}&#8221;]Programa honek familiak sentsibilizatu nahi ditu hainbat balioren inguruan: genero-berdintasuna; zainketaren etika, gizarte balio gisa; kontziliazio erantzunkidea eta indarkeriaren prebentzioa.[\/vc_column_text][mk_image src=&#8221;https:\/\/www.valledeegues.com\/wp-content\/uploads\/2019\/01\/igualdad-egues.jpg&#8221; image_size=&#8221;full&#8221;][vc_empty_space height=&#8221;20px&#8221;][vc_row_inner css=&#8221;.vc_custom_1537442849317{padding-top: 30px !important;padding-right: 40px !important;padding-bottom: 10px !important;padding-left: 40px !important;background-color: #f0f0f0 !important;}&#8221;][vc_column_inner][vc_column_text css=&#8221;.vc_custom_1546603358142{margin-bottom: 0px !important;}&#8221;]<\/p>\n<h3>METODOLOGIA<\/h3>\n<p>[\/vc_column_text][vc_column_text css=&#8221;.vc_custom_1546603369358{margin-bottom: 0px !important;}&#8221;]<strong>Metodologia \u00a0<\/strong>partaidetzan datza, eta saioa txertatzen den jarduerak ere partaidetza du oinarri. Azken buruan, gune bat sortu nahi da elkarrekin aztertu, hausnartu eta eztabaidatzeko.[\/vc_column_text][vc_column_text css=&#8221;.vc_custom_1546603380856{margin-bottom: 0px !important;}&#8221;]<\/p>\n<h3>EDUKIAK<\/h3>\n<p>[\/vc_column_text][mk_custom_list style=&#8221;mk-icon-hand-o-right&#8221; margin_bottom=&#8221;20&#8243;]Saioetako<strong>edukiak <\/strong>askotarikoak dira, saioa txertatzen den jardueraren edukiaren arabera.<\/p>\n<p>Orain arte, saioak honako tailerretan txertatu dira:<\/p>\n<ul>\n<li>0-1 urte, 1-2 urte eta 2-3 urteko haurrak dituzten familiendako gunea.<\/li>\n<li>Familiendako eskola (3-7 urte, 4-12 urte eta 12 urtetik gorakoendako tarteak)<\/li>\n<li>Haurraren hazkuntzan bikote-harremana zaintzea, etab.<\/li>\n<\/ul>\n<p>Honatx zer eduki izan diren aztergai:<\/p>\n<ul>\n<li>Nola eraikitzen dugun geure burua emakume eta gizon gisa: genero-sozializazio ezberdindua. Haurrak berdintasunean hezteko jarraibideak.<\/li>\n<li>Harreman afektibo-sexualak nerabeen artean, genero-ikuspegitik.<\/li>\n<li>Berdintasuna jokoan dago: ikasi bidenabar ongi pasatu.<\/li>\n<li>Bikote-gunea: harreman osasungarri eta aberasgarrirantz, harreman aske eta berdinzaleen ezaugarriak berrikusiz eta, molde horrekin bat, harremanak egitearen onurak berraztertuz.<\/li>\n<\/ul>\n<p>[\/mk_custom_list][\/vc_column_inner][\/vc_row_inner][vc_empty_space height=&#8221;20px&#8221;][vc_column_text css=&#8221;.vc_custom_1551101807096{margin-bottom: 0px !important;}&#8221;]<\/p>\n<h3>JARDUERAK<\/h3>\n<p>[\/vc_column_text][mk_custom_list style=&#8221;mk-icon-hand-o-right&#8221;]<\/p>\n<ul>\n<li><strong>TALLER DE CUENTOS IGUALITARIOS -IPUIN PAREKIDEEN TAILERRA<br \/>\n<\/strong>Tailer egokia da ipuin parekideen garrantziaz kontzientziatzeko, eta ipuin sexista eta ez-sexista bereizteko bitartekoak ikusteko. Hizkuntzaren, marrazkien eta abarren erabilera garrantzi handikoak dira balioak transmititzeko.<\/li>\n<li><strong>Urteroko BERARIAZKO PROGRAMAZIOA<br \/>\n<\/strong>Martxoaren 8aren karira (Emakumeen Nazioarteko Eguna) eta Azaroaren 25a dela eta Emakumeen kontrako Indarkeriari aurre egiteko Nazioarteko Eguna).<\/li>\n<\/ul>\n<p>[\/mk_custom_list][\/vc_column][\/mk_page_section]<\/p>\n","protected":false},"excerpt":{"rendered":"<p>[mk_page_section vertical_align=&#8221;top&#8221; bg_image=&#8221;https:\/\/www.valledeegues.com\/wp-content\/uploads\/2018\/09\/igualdad-egues.jpg&#8221; bg_position=&#8221;center bottom&#8221; bg_stretch=&#8221;true&#8221; enable_3d=&#8221;true&#8221; min_height=&#8221;150&#8243; full_width=&#8221;true&#8221; padding_top=&#8221;0&#8243; margin_bottom=&#8221;30&#8243; sidebar=&#8221;sidebar-1&#8243;][vc_column][\/vc_column][\/mk_page_section][mk_page_section section_layout=&#8221;right&#8221; padding_top=&#8221;0&#8243; sidebar=&#8221;sidebar-33&#8243;][vc_column css=&#8221;.vc_custom_1534935713904{padding-left: 30px !important;}&#8221;][vc_column_text css=&#8221;.vc_custom_1546603326686{margin-bottom: 0px !important;}&#8221;]Familien Arretarako Zentroa zentroko jardueretan parte hartzen duten familiendako da.\u00a0 Zehazki, gai zehatzak lantzen dira berdintasunaren, erantzunkidetasunaren eta indarkeriaren prebentzioaren inguruan. Programa hau Zentroarekin elkarlanean garatzen da. 2016an jarri zen abian eta indarrean dirau.[\/vc_column_text][vc_column_text css=&#8221;.vc_custom_1546603335157{margin-bottom: [&hellip;]<\/p>\n","protected":false},"author":2,"featured_media":0,"parent":7323,"menu_order":0,"comment_status":"closed","ping_status":"closed","template":"","meta":{"footnotes":""},"class_list":["post-7338","page","type-page","status-publish","hentry"],"yoast_head":"<!-- This site is optimized with the Yoast SEO plugin v27.5 - https:\/\/yoast.com\/product\/yoast-seo-wordpress\/ -->\r\n<title>Familia Harremanak: Berdintasuna, Erantzunkidetasuna eta Indarkeriaren Prebentzioa Txertatzea - Ayuntamiento Valle de Eg\u00fc\u00e9s | Eguesibarko Udala<\/title>\r\n<meta name=\"robots\" content=\"index, follow, max-snippet:-1, max-image-preview:large, max-video-preview:-1\" \/>\r\n<link rel=\"canonical\" href=\"https:\/\/www.valledeegues.com\/eu\/berdintasuna\/familia-harremanak-berdintasuna-erantzunkidetasuna-eta-indarkeriaren-prebentzioa-txertatzea\/\" \/>\r\n<meta property=\"og:locale\" content=\"eu_ES\" \/>\r\n<meta property=\"og:type\" content=\"article\" \/>\r\n<meta property=\"og:title\" content=\"Familia Harremanak: Berdintasuna, Erantzunkidetasuna eta Indarkeriaren Prebentzioa Txertatzea - Ayuntamiento Valle de Eg\u00fc\u00e9s | Eguesibarko Udala\" \/>\r\n<meta property=\"og:description\" content=\"[mk_page_section vertical_align=&#8221;top&#8221; bg_image=&#8221;https:\/\/www.valledeegues.com\/wp-content\/uploads\/2018\/09\/igualdad-egues.jpg&#8221; bg_position=&#8221;center bottom&#8221; bg_stretch=&#8221;true&#8221; enable_3d=&#8221;true&#8221; min_height=&#8221;150&#8243; full_width=&#8221;true&#8221; padding_top=&#8221;0&#8243; margin_bottom=&#8221;30&#8243; sidebar=&#8221;sidebar-1&#8243;][vc_column][\/vc_column][\/mk_page_section][mk_page_section section_layout=&#8221;right&#8221; padding_top=&#8221;0&#8243; sidebar=&#8221;sidebar-33&#8243;][vc_column css=&#8221;.vc_custom_1534935713904{padding-left: 30px !important;}&#8221;][vc_column_text css=&#8221;.vc_custom_1546603326686{margin-bottom: 0px !important;}&#8221;]Familien Arretarako Zentroa zentroko jardueretan parte hartzen duten familiendako da.\u00a0 Zehazki, gai zehatzak lantzen dira berdintasunaren, erantzunkidetasunaren eta indarkeriaren prebentzioaren inguruan. Programa hau Zentroarekin elkarlanean garatzen da. 2016an jarri zen abian eta indarrean dirau.[\/vc_column_text][vc_column_text css=&#8221;.vc_custom_1546603335157{margin-bottom: [&hellip;]\" \/>\r\n<meta property=\"og:url\" content=\"https:\/\/www.valledeegues.com\/eu\/berdintasuna\/familia-harremanak-berdintasuna-erantzunkidetasuna-eta-indarkeriaren-prebentzioa-txertatzea\/\" \/>\r\n<meta property=\"og:site_name\" content=\"Ayuntamiento Valle de Eg\u00fc\u00e9s | Eguesibarko Udala\" \/>\r\n<meta property=\"article:publisher\" content=\"https:\/\/www.facebook.com\/EguesEguesibar\" \/>\r\n<meta property=\"article:modified_time\" content=\"2019-02-25T13:38:23+00:00\" \/>\r\n<meta name=\"twitter:card\" content=\"summary_large_image\" \/>\r\n<meta name=\"twitter:site\" content=\"@AValledeEgues\" \/>\r\n<meta name=\"twitter:label1\" content=\"Est. reading time\" \/>\n\t<meta name=\"twitter:data1\" content=\"2 minutes\" \/>\r\n<script type=\"application\/ld+json\" class=\"yoast-schema-graph\">{\"@context\":\"https:\\\/\\\/schema.org\",\"@graph\":[{\"@type\":\"WebPage\",\"@id\":\"https:\\\/\\\/www.valledeegues.com\\\/eu\\\/berdintasuna\\\/familia-harremanak-berdintasuna-erantzunkidetasuna-eta-indarkeriaren-prebentzioa-txertatzea\\\/\",\"url\":\"https:\\\/\\\/www.valledeegues.com\\\/eu\\\/berdintasuna\\\/familia-harremanak-berdintasuna-erantzunkidetasuna-eta-indarkeriaren-prebentzioa-txertatzea\\\/\",\"name\":\"Familia Harremanak: Berdintasuna, Erantzunkidetasuna eta Indarkeriaren Prebentzioa Txertatzea - Ayuntamiento Valle de Eg\u00fc\u00e9s | Eguesibarko Udala\",\"isPartOf\":{\"@id\":\"https:\\\/\\\/www.valledeegues.com\\\/eu\\\/#website\"},\"datePublished\":\"2018-09-20T12:32:21+00:00\",\"dateModified\":\"2019-02-25T13:38:23+00:00\",\"breadcrumb\":{\"@id\":\"https:\\\/\\\/www.valledeegues.com\\\/eu\\\/berdintasuna\\\/familia-harremanak-berdintasuna-erantzunkidetasuna-eta-indarkeriaren-prebentzioa-txertatzea\\\/#breadcrumb\"},\"inLanguage\":\"eu-ES\",\"potentialAction\":[{\"@type\":\"ReadAction\",\"target\":[\"https:\\\/\\\/www.valledeegues.com\\\/eu\\\/berdintasuna\\\/familia-harremanak-berdintasuna-erantzunkidetasuna-eta-indarkeriaren-prebentzioa-txertatzea\\\/\"]}]},{\"@type\":\"BreadcrumbList\",\"@id\":\"https:\\\/\\\/www.valledeegues.com\\\/eu\\\/berdintasuna\\\/familia-harremanak-berdintasuna-erantzunkidetasuna-eta-indarkeriaren-prebentzioa-txertatzea\\\/#breadcrumb\",\"itemListElement\":[{\"@type\":\"ListItem\",\"position\":1,\"name\":\"Azala\",\"item\":\"https:\\\/\\\/www.valledeegues.com\\\/eu\\\/\"},{\"@type\":\"ListItem\",\"position\":2,\"name\":\"Berdintasuna\",\"item\":\"https:\\\/\\\/www.valledeegues.com\\\/eu\\\/berdintasuna\\\/\"},{\"@type\":\"ListItem\",\"position\":3,\"name\":\"Familia Harremanak: Berdintasuna, Erantzunkidetasuna eta Indarkeriaren Prebentzioa Txertatzea\"}]},{\"@type\":\"WebSite\",\"@id\":\"https:\\\/\\\/www.valledeegues.com\\\/eu\\\/#website\",\"url\":\"https:\\\/\\\/www.valledeegues.com\\\/eu\\\/\",\"name\":\"Ayuntamiento Valle de Eg\u00fc\u00e9s | Eguesibarko Udala\",\"description\":\"Ayuntamiento Valle de Eg\u00fc\u00e9s | Eguesibarko Udala\",\"publisher\":{\"@id\":\"https:\\\/\\\/www.valledeegues.com\\\/eu\\\/#organization\"},\"potentialAction\":[{\"@type\":\"SearchAction\",\"target\":{\"@type\":\"EntryPoint\",\"urlTemplate\":\"https:\\\/\\\/www.valledeegues.com\\\/eu\\\/?s={search_term_string}\"},\"query-input\":{\"@type\":\"PropertyValueSpecification\",\"valueRequired\":true,\"valueName\":\"search_term_string\"}}],\"inLanguage\":\"eu-ES\"},{\"@type\":\"Organization\",\"@id\":\"https:\\\/\\\/www.valledeegues.com\\\/eu\\\/#organization\",\"name\":\"Ayuntamiento Valle de Egues\",\"url\":\"https:\\\/\\\/www.valledeegues.com\\\/eu\\\/\",\"logo\":{\"@type\":\"ImageObject\",\"inLanguage\":\"eu-ES\",\"@id\":\"https:\\\/\\\/www.valledeegues.com\\\/eu\\\/#\\\/schema\\\/logo\\\/image\\\/\",\"url\":\"https:\\\/\\\/www.valledeegues.com\\\/wp-content\\\/uploads\\\/2019\\\/06\\\/logo-egues-escudo.svg\",\"contentUrl\":\"https:\\\/\\\/www.valledeegues.com\\\/wp-content\\\/uploads\\\/2019\\\/06\\\/logo-egues-escudo.svg\",\"width\":529,\"height\":125,\"caption\":\"Ayuntamiento Valle de Egues\"},\"image\":{\"@id\":\"https:\\\/\\\/www.valledeegues.com\\\/eu\\\/#\\\/schema\\\/logo\\\/image\\\/\"},\"sameAs\":[\"https:\\\/\\\/www.facebook.com\\\/EguesEguesibar\",\"https:\\\/\\\/x.com\\\/AValledeEgues\",\"https:\\\/\\\/www.youtube.com\\\/channel\\\/UCUPvmkTy56ZAhGTVrzg4uDQ\"]}]}<\/script>\r\n<!-- \/ Yoast SEO plugin. -->","yoast_head_json":{"title":"Familia Harremanak: Berdintasuna, Erantzunkidetasuna eta Indarkeriaren Prebentzioa Txertatzea - Ayuntamiento Valle de Eg\u00fc\u00e9s | Eguesibarko Udala","robots":{"index":"index","follow":"follow","max-snippet":"max-snippet:-1","max-image-preview":"max-image-preview:large","max-video-preview":"max-video-preview:-1"},"canonical":"https:\/\/www.valledeegues.com\/eu\/berdintasuna\/familia-harremanak-berdintasuna-erantzunkidetasuna-eta-indarkeriaren-prebentzioa-txertatzea\/","og_locale":"eu_ES","og_type":"article","og_title":"Familia Harremanak: Berdintasuna, Erantzunkidetasuna eta Indarkeriaren Prebentzioa Txertatzea - Ayuntamiento Valle de Eg\u00fc\u00e9s | Eguesibarko Udala","og_description":"[mk_page_section vertical_align=&#8221;top&#8221; bg_image=&#8221;https:\/\/www.valledeegues.com\/wp-content\/uploads\/2018\/09\/igualdad-egues.jpg&#8221; bg_position=&#8221;center bottom&#8221; bg_stretch=&#8221;true&#8221; enable_3d=&#8221;true&#8221; min_height=&#8221;150&#8243; full_width=&#8221;true&#8221; padding_top=&#8221;0&#8243; margin_bottom=&#8221;30&#8243; sidebar=&#8221;sidebar-1&#8243;][vc_column][\/vc_column][\/mk_page_section][mk_page_section section_layout=&#8221;right&#8221; padding_top=&#8221;0&#8243; sidebar=&#8221;sidebar-33&#8243;][vc_column css=&#8221;.vc_custom_1534935713904{padding-left: 30px !important;}&#8221;][vc_column_text css=&#8221;.vc_custom_1546603326686{margin-bottom: 0px !important;}&#8221;]Familien Arretarako Zentroa zentroko jardueretan parte hartzen duten familiendako da.\u00a0 Zehazki, gai zehatzak lantzen dira berdintasunaren, erantzunkidetasunaren eta indarkeriaren prebentzioaren inguruan. Programa hau Zentroarekin elkarlanean garatzen da. 2016an jarri zen abian eta indarrean dirau.[\/vc_column_text][vc_column_text css=&#8221;.vc_custom_1546603335157{margin-bottom: [&hellip;]","og_url":"https:\/\/www.valledeegues.com\/eu\/berdintasuna\/familia-harremanak-berdintasuna-erantzunkidetasuna-eta-indarkeriaren-prebentzioa-txertatzea\/","og_site_name":"Ayuntamiento Valle de Eg\u00fc\u00e9s | Eguesibarko Udala","article_publisher":"https:\/\/www.facebook.com\/EguesEguesibar","article_modified_time":"2019-02-25T13:38:23+00:00","twitter_card":"summary_large_image","twitter_site":"@AValledeEgues","twitter_misc":{"Est. reading time":"2 minutes"},"schema":{"@context":"https:\/\/schema.org","@graph":[{"@type":"WebPage","@id":"https:\/\/www.valledeegues.com\/eu\/berdintasuna\/familia-harremanak-berdintasuna-erantzunkidetasuna-eta-indarkeriaren-prebentzioa-txertatzea\/","url":"https:\/\/www.valledeegues.com\/eu\/berdintasuna\/familia-harremanak-berdintasuna-erantzunkidetasuna-eta-indarkeriaren-prebentzioa-txertatzea\/","name":"Familia Harremanak: Berdintasuna, Erantzunkidetasuna eta Indarkeriaren Prebentzioa Txertatzea - Ayuntamiento Valle de Eg\u00fc\u00e9s | Eguesibarko Udala","isPartOf":{"@id":"https:\/\/www.valledeegues.com\/eu\/#website"},"datePublished":"2018-09-20T12:32:21+00:00","dateModified":"2019-02-25T13:38:23+00:00","breadcrumb":{"@id":"https:\/\/www.valledeegues.com\/eu\/berdintasuna\/familia-harremanak-berdintasuna-erantzunkidetasuna-eta-indarkeriaren-prebentzioa-txertatzea\/#breadcrumb"},"inLanguage":"eu-ES","potentialAction":[{"@type":"ReadAction","target":["https:\/\/www.valledeegues.com\/eu\/berdintasuna\/familia-harremanak-berdintasuna-erantzunkidetasuna-eta-indarkeriaren-prebentzioa-txertatzea\/"]}]},{"@type":"BreadcrumbList","@id":"https:\/\/www.valledeegues.com\/eu\/berdintasuna\/familia-harremanak-berdintasuna-erantzunkidetasuna-eta-indarkeriaren-prebentzioa-txertatzea\/#breadcrumb","itemListElement":[{"@type":"ListItem","position":1,"name":"Azala","item":"https:\/\/www.valledeegues.com\/eu\/"},{"@type":"ListItem","position":2,"name":"Berdintasuna","item":"https:\/\/www.valledeegues.com\/eu\/berdintasuna\/"},{"@type":"ListItem","position":3,"name":"Familia Harremanak: Berdintasuna, Erantzunkidetasuna eta Indarkeriaren Prebentzioa Txertatzea"}]},{"@type":"WebSite","@id":"https:\/\/www.valledeegues.com\/eu\/#website","url":"https:\/\/www.valledeegues.com\/eu\/","name":"Ayuntamiento Valle de Eg\u00fc\u00e9s | Eguesibarko Udala","description":"Ayuntamiento Valle de Eg\u00fc\u00e9s | Eguesibarko Udala","publisher":{"@id":"https:\/\/www.valledeegues.com\/eu\/#organization"},"potentialAction":[{"@type":"SearchAction","target":{"@type":"EntryPoint","urlTemplate":"https:\/\/www.valledeegues.com\/eu\/?s={search_term_string}"},"query-input":{"@type":"PropertyValueSpecification","valueRequired":true,"valueName":"search_term_string"}}],"inLanguage":"eu-ES"},{"@type":"Organization","@id":"https:\/\/www.valledeegues.com\/eu\/#organization","name":"Ayuntamiento Valle de Egues","url":"https:\/\/www.valledeegues.com\/eu\/","logo":{"@type":"ImageObject","inLanguage":"eu-ES","@id":"https:\/\/www.valledeegues.com\/eu\/#\/schema\/logo\/image\/","url":"https:\/\/www.valledeegues.com\/wp-content\/uploads\/2019\/06\/logo-egues-escudo.svg","contentUrl":"https:\/\/www.valledeegues.com\/wp-content\/uploads\/2019\/06\/logo-egues-escudo.svg","width":529,"height":125,"caption":"Ayuntamiento Valle de Egues"},"image":{"@id":"https:\/\/www.valledeegues.com\/eu\/#\/schema\/logo\/image\/"},"sameAs":["https:\/\/www.facebook.com\/EguesEguesibar","https:\/\/x.com\/AValledeEgues","https:\/\/www.youtube.com\/channel\/UCUPvmkTy56ZAhGTVrzg4uDQ"]}]}},"_links":{"self":[{"href":"https:\/\/www.valledeegues.com\/eu\/wp-json\/wp\/v2\/pages\/7338","targetHints":{"allow":["GET"]}}],"collection":[{"href":"https:\/\/www.valledeegues.com\/eu\/wp-json\/wp\/v2\/pages"}],"about":[{"href":"https:\/\/www.valledeegues.com\/eu\/wp-json\/wp\/v2\/types\/page"}],"author":[{"embeddable":true,"href":"https:\/\/www.valledeegues.com\/eu\/wp-json\/wp\/v2\/users\/2"}],"replies":[{"embeddable":true,"href":"https:\/\/www.valledeegues.com\/eu\/wp-json\/wp\/v2\/comments?post=7338"}],"version-history":[{"count":12,"href":"https:\/\/www.valledeegues.com\/eu\/wp-json\/wp\/v2\/pages\/7338\/revisions"}],"predecessor-version":[{"id":45810,"href":"https:\/\/www.valledeegues.com\/eu\/wp-json\/wp\/v2\/pages\/7338\/revisions\/45810"}],"up":[{"embeddable":true,"href":"https:\/\/www.valledeegues.com\/eu\/wp-json\/wp\/v2\/pages\/7323"}],"wp:attachment":[{"href":"https:\/\/www.valledeegues.com\/eu\/wp-json\/wp\/v2\/media?parent=7338"}],"curies":[{"name":"wp","href":"https:\/\/api.w.org\/{rel}","templated":true}]}}