{"id":7274,"date":"2018-11-13T14:56:43","date_gmt":"2018-11-13T13:56:43","guid":{"rendered":"https:\/\/www.valledeegues.com\/?page_id=7274"},"modified":"2026-04-23T08:24:41","modified_gmt":"2026-04-23T06:24:41","slug":"kirol-instalazioak","status":"publish","type":"page","link":"https:\/\/www.valledeegues.com\/eu\/kirola\/kirol-instalazioak\/","title":{"rendered":"Kirol Instalazioak"},"content":{"rendered":"<?xml encoding=\"utf-8\" ?><section class=\"instalaciones-deportivas\">\n<p class=\"intro\">Eguesibarren gaur egun badira kirol instalazio moderno bi, ederki hornituak, hainbat kiroletan aritzeko.<\/p>\n<div class=\"instalacion-card\">\n<div class=\"instalacion-media\">\n<p><img decoding=\"async\" src=\"https:\/\/www.valledeegues.com\/wp-content\/uploads\/2018\/11\/deportes-ciudad-deportiva-sarriguren-egues.jpg\" alt=\"Ciudad Deportiva Sarriguren Kirol Hiria\"><\/p>\n<div class=\"instalacion-ficha\">\n<h3>CIUDAD DEPORTIVA SARRIGUREN KIROL HIRIA<\/h3>\n<p>Jorge Oteiza etorb., 2. 31621. Sarrigurren<\/p>\n<p>948 16 54 84<\/p>\n<p><a href=\"mailto:ciudaddeportivasarriguren@egues.es\">ciudaddeportivasarriguren@egues.es<\/a><\/p>\n<p class=\"btn-wrap\"><a class=\"instalacion-btn\" href=\"http:\/\/www.ciudaddeportivasarriguren.es\" target=\"_blank\" rel=\"noopener\">WEB<\/a><\/p>\n<\/div>\n<\/div>\n<div class=\"instalacion-content\">\n<p>Gune honetan behar duzun guztia aurkituko duzu zure ongizaterako, instalazio berritzaileak, denetariko jarduerak eta profesionalik onenak.<\/p>\n<p><strong>Gaur egun, hau guztia dauka:<\/strong><\/p>\n<ul>\n<li>Igeriketa-igerileku estalia (25 x 12,5 m.).<\/li>\n<li>Ikasketa-igerileku estalia (12,5 x 7 m.).<\/li>\n<li>Hiri-bainuetxea (sauna, jacuzzia, bainu turkiarra, tratamenduak egiteko igerilekua, ur hotzeko ontzia, pediluvioa&hellip;).<\/li>\n<li>Muskulazio gela, 1.000 m2-koa.<\/li>\n<li>3 jarduera gela.<\/li>\n<li>Terraza &ndash; solariuma.<\/li>\n<li>Kanpoaldeko kirol-pista.<\/li>\n<li>Haur parkea.<\/li>\n<li>Kanpoaldeko igerilekuak.<\/li>\n<li>Igerileku jostagarriak, txirristadunak, elementu jostagarriz osatuak.<\/li>\n<li>Udako aldagelak.<\/li>\n<li>6 padel-pista estali.<\/li>\n<li>Neguko jantokiaren eraikina.<\/li>\n<li>Erretegiak.<\/li>\n<li>Askaldegia.<\/li>\n<li>Kafetegia &ndash; Jatetxea.<\/li>\n<li>Belar artifizialezko futbol-zelaia.<\/li>\n<li>Gorputza tratatzeko 5 kabina.<\/li>\n<li>Berdegune zabala.<\/li>\n<li>Beauty &amp; Spa.<\/li>\n<\/ul>\n<\/div>\n<\/div>\n<div class=\"instalacion-card\">\n<div class=\"instalacion-media\">\n<p><img decoding=\"async\" src=\"https:\/\/www.valledeegues.com\/wp-content\/uploads\/2018\/11\/deportes-polideportivo-municipal2-egues.jpg\" alt=\"Polideportivo Valle de Egues Eguesibar Kiroldegia\"><\/p>\n<div class=\"instalacion-ficha\">\n<h3>POLIDEPORTIVO VALLE DE EGUES EGUESIBAR KIROLDEGIA<\/h3>\n<p>Iru&ntilde;ea-Uharte errepidea, 5 km. 31620 Olatz<\/p>\n<p>948 33 71 55<\/p>\n<p><a href=\"mailto:polideportivoolaz@egues.es\">polideportivoolaz@egues.es<\/a><\/p>\n<p class=\"btn-wrap\"><a class=\"instalacion-btn\" href=\"http:\/\/www.polideportivomunicipalolaz.es\" target=\"_blank\" rel=\"noopener\">WEB<\/a><\/p>\n<\/div>\n<\/div>\n<div class=\"instalacion-content\">\n<p><strong>Gaur egun, hauxe dauka:<\/strong><\/p>\n<ul>\n<li>Igeriketa-igerileku estalia (25 x 12,5 m.).<\/li>\n<li>Ikasketa-igerileku estalia (12,5 x 5 m.).<\/li>\n<li>Plista-plastako igerilekua.<\/li>\n<li>Kirol-pista estalia.<\/li>\n<li>Bi padel-pista estali.<\/li>\n<li>Frontoia.<\/li>\n<li>Muskulazio gela.<\/li>\n<li>Jarduera gela.<\/li>\n<li>Berdegune zabala.<\/li>\n<li>Kafetegia.<\/li>\n<\/ul>\n<\/div>\n<\/div>\n<div class=\"instalacion-card\">\n<div class=\"instalacion-media\">\n<p><img decoding=\"async\" src=\"https:\/\/www.valledeegues.com\/wp-content\/uploads\/2025\/10\/polideportivo-sarriguren-kiroldegia.jpg\" alt=\"Polideportivo Sarriguren Kiroldegia\"><\/p>\n<div class=\"instalacion-ficha\">\n<h3>POLIDEPORTIVO SARRIGUREN KIROLDEGIA<\/h3>\n<p>Olatz etorbidea, 2. 31621. Sarriguren<\/p>\n<p><a href=\"mailto:polideportivosarrigurenkiroldegia@egues.es\">polideportivosarrigurenkiroldegia@egues.es<\/a><\/p>\n<\/div>\n<\/div>\n<div class=\"instalacion-content\">\n<p>Kirol gune berri bat goi-mailako entrenamendu eta lehiaketetarako.<\/p>\n<p><strong>Gaur egun, hauxe dauka:<\/strong><\/p>\n<ul>\n<li>Kirol-pista estalia.<\/li>\n<li>Borroka-arteetarako 2 areto.<\/li>\n<li>9 areto balioaniztasun.<\/li>\n<\/ul>\n<\/div>\n<\/div>\n<h2>Agiriak<\/h2>\n<ul class=\"doc-list\">\n<li><a href=\"https:\/\/www.valledeegues.com\/wp-content\/uploads\/2018\/11\/instalaciones-deportivas-1.pdf\" class=\"doc-link doc-pdf doc-group-pdf\">Instalaciones deportivas<\/a><\/li>\n<\/ul>\n<h2>Araudia<\/h2>\n<ul class=\"doc-list\">\n<li><a href=\"https:\/\/www.valledeegues.com\/wp-content\/uploads\/2025\/10\/anuncio-aprobacion-definitiva-boletin-oficial-de-navarra.pdf\" class=\"doc-link doc-pdf doc-group-pdf\">2024ko Kirol Instalazioak eta Ikastaroak eta Kirol Eskoleko prezioak<\/a><\/li>\n<li><a href=\"https:\/\/www.valledeegues.com\/wp-content\/uploads\/2022\/05\/reglamento-de-regimen-interno.pdf\" class=\"doc-link doc-pdf doc-group-pdf\">reglamento-de-r&eacute;gimen-interno<\/a><br>\nTama&ntilde;o: 501.8 kB | Formato: PDF<\/li>\n<\/ul>\n<\/section>\n","protected":false},"excerpt":{"rendered":"<p>Eguesibarren gaur egun badira kirol instalazio moderno bi, ederki hornituak, hainbat kiroletan aritzeko. CIUDAD DEPORTIVA SARRIGUREN KIROL HIRIA Jorge Oteiza etorb., 2. 31621. Sarrigurren 948 16 54 84 ciudaddeportivasarriguren@egues.es WEB Gune honetan behar duzun guztia aurkituko duzu zure ongizaterako, instalazio berritzaileak, denetariko jarduerak eta profesionalik onenak. Gaur egun, hau guztia dauka: Igeriketa-igerileku estalia (25 x [&hellip;]<\/p>\n","protected":false},"author":2,"featured_media":0,"parent":7267,"menu_order":0,"comment_status":"closed","ping_status":"closed","template":"templates\/PLANTILLA ANCHO COMPLETO.php","meta":{"footnotes":""},"class_list":["post-7274","page","type-page","status-publish","hentry"],"yoast_head":"<!-- This site is optimized with the Yoast SEO plugin v27.5 - https:\/\/yoast.com\/product\/yoast-seo-wordpress\/ -->\r\n<title>Kirol Instalazioak - Ayuntamiento Valle de Eg\u00fc\u00e9s | Eguesibarko Udala<\/title>\r\n<meta name=\"robots\" content=\"index, follow, max-snippet:-1, max-image-preview:large, max-video-preview:-1\" \/>\r\n<link rel=\"canonical\" href=\"https:\/\/www.valledeegues.com\/eu\/kirola\/kirol-instalazioak\/\" \/>\r\n<meta property=\"og:locale\" content=\"eu_ES\" \/>\r\n<meta property=\"og:type\" content=\"article\" \/>\r\n<meta property=\"og:title\" content=\"Kirol Instalazioak - Ayuntamiento Valle de Eg\u00fc\u00e9s | Eguesibarko Udala\" \/>\r\n<meta property=\"og:description\" content=\"Eguesibarren gaur egun badira kirol instalazio moderno bi, ederki hornituak, hainbat kiroletan aritzeko. CIUDAD DEPORTIVA SARRIGUREN KIROL HIRIA Jorge Oteiza etorb., 2. 31621. Sarrigurren 948 16 54 84 ciudaddeportivasarriguren@egues.es WEB Gune honetan behar duzun guztia aurkituko duzu zure ongizaterako, instalazio berritzaileak, denetariko jarduerak eta profesionalik onenak. Gaur egun, hau guztia dauka: Igeriketa-igerileku estalia (25 x [&hellip;]\" \/>\r\n<meta property=\"og:url\" content=\"https:\/\/www.valledeegues.com\/eu\/kirola\/kirol-instalazioak\/\" \/>\r\n<meta property=\"og:site_name\" content=\"Ayuntamiento Valle de Eg\u00fc\u00e9s | Eguesibarko Udala\" \/>\r\n<meta property=\"article:publisher\" content=\"https:\/\/www.facebook.com\/EguesEguesibar\" \/>\r\n<meta property=\"article:modified_time\" content=\"2026-04-23T06:24:41+00:00\" \/>\r\n<meta name=\"twitter:card\" content=\"summary_large_image\" \/>\r\n<meta name=\"twitter:site\" content=\"@AValledeEgues\" \/>\r\n<meta name=\"twitter:label1\" content=\"Est. reading time\" \/>\n\t<meta name=\"twitter:data1\" content=\"4 minutes\" \/>\r\n<script type=\"application\/ld+json\" class=\"yoast-schema-graph\">{\"@context\":\"https:\\\/\\\/schema.org\",\"@graph\":[{\"@type\":\"WebPage\",\"@id\":\"https:\\\/\\\/www.valledeegues.com\\\/eu\\\/kirola\\\/kirol-instalazioak\\\/\",\"url\":\"https:\\\/\\\/www.valledeegues.com\\\/eu\\\/kirola\\\/kirol-instalazioak\\\/\",\"name\":\"Kirol Instalazioak - Ayuntamiento Valle de Eg\u00fc\u00e9s | Eguesibarko Udala\",\"isPartOf\":{\"@id\":\"https:\\\/\\\/www.valledeegues.com\\\/eu\\\/#website\"},\"primaryImageOfPage\":{\"@id\":\"https:\\\/\\\/www.valledeegues.com\\\/eu\\\/kirola\\\/kirol-instalazioak\\\/#primaryimage\"},\"image\":{\"@id\":\"https:\\\/\\\/www.valledeegues.com\\\/eu\\\/kirola\\\/kirol-instalazioak\\\/#primaryimage\"},\"thumbnailUrl\":\"https:\\\/\\\/www.valledeegues.com\\\/wp-content\\\/uploads\\\/2018\\\/11\\\/deportes-ciudad-deportiva-sarriguren-egues.jpg\",\"datePublished\":\"2018-11-13T13:56:43+00:00\",\"dateModified\":\"2026-04-23T06:24:41+00:00\",\"breadcrumb\":{\"@id\":\"https:\\\/\\\/www.valledeegues.com\\\/eu\\\/kirola\\\/kirol-instalazioak\\\/#breadcrumb\"},\"inLanguage\":\"eu-ES\",\"potentialAction\":[{\"@type\":\"ReadAction\",\"target\":[\"https:\\\/\\\/www.valledeegues.com\\\/eu\\\/kirola\\\/kirol-instalazioak\\\/\"]}]},{\"@type\":\"ImageObject\",\"inLanguage\":\"eu-ES\",\"@id\":\"https:\\\/\\\/www.valledeegues.com\\\/eu\\\/kirola\\\/kirol-instalazioak\\\/#primaryimage\",\"url\":\"https:\\\/\\\/www.valledeegues.com\\\/wp-content\\\/uploads\\\/2018\\\/11\\\/deportes-ciudad-deportiva-sarriguren-egues.jpg\",\"contentUrl\":\"https:\\\/\\\/www.valledeegues.com\\\/wp-content\\\/uploads\\\/2018\\\/11\\\/deportes-ciudad-deportiva-sarriguren-egues.jpg\"},{\"@type\":\"BreadcrumbList\",\"@id\":\"https:\\\/\\\/www.valledeegues.com\\\/eu\\\/kirola\\\/kirol-instalazioak\\\/#breadcrumb\",\"itemListElement\":[{\"@type\":\"ListItem\",\"position\":1,\"name\":\"Azala\",\"item\":\"https:\\\/\\\/www.valledeegues.com\\\/eu\\\/\"},{\"@type\":\"ListItem\",\"position\":2,\"name\":\"Kirola\",\"item\":\"https:\\\/\\\/www.valledeegues.com\\\/eu\\\/kirola\\\/\"},{\"@type\":\"ListItem\",\"position\":3,\"name\":\"Kirol Instalazioak\"}]},{\"@type\":\"WebSite\",\"@id\":\"https:\\\/\\\/www.valledeegues.com\\\/eu\\\/#website\",\"url\":\"https:\\\/\\\/www.valledeegues.com\\\/eu\\\/\",\"name\":\"Ayuntamiento Valle de Eg\u00fc\u00e9s | Eguesibarko Udala\",\"description\":\"Ayuntamiento Valle de Eg\u00fc\u00e9s | Eguesibarko Udala\",\"publisher\":{\"@id\":\"https:\\\/\\\/www.valledeegues.com\\\/eu\\\/#organization\"},\"potentialAction\":[{\"@type\":\"SearchAction\",\"target\":{\"@type\":\"EntryPoint\",\"urlTemplate\":\"https:\\\/\\\/www.valledeegues.com\\\/eu\\\/?s={search_term_string}\"},\"query-input\":{\"@type\":\"PropertyValueSpecification\",\"valueRequired\":true,\"valueName\":\"search_term_string\"}}],\"inLanguage\":\"eu-ES\"},{\"@type\":\"Organization\",\"@id\":\"https:\\\/\\\/www.valledeegues.com\\\/eu\\\/#organization\",\"name\":\"Ayuntamiento Valle de Egues\",\"url\":\"https:\\\/\\\/www.valledeegues.com\\\/eu\\\/\",\"logo\":{\"@type\":\"ImageObject\",\"inLanguage\":\"eu-ES\",\"@id\":\"https:\\\/\\\/www.valledeegues.com\\\/eu\\\/#\\\/schema\\\/logo\\\/image\\\/\",\"url\":\"https:\\\/\\\/www.valledeegues.com\\\/wp-content\\\/uploads\\\/2019\\\/06\\\/logo-egues-escudo.svg\",\"contentUrl\":\"https:\\\/\\\/www.valledeegues.com\\\/wp-content\\\/uploads\\\/2019\\\/06\\\/logo-egues-escudo.svg\",\"width\":529,\"height\":125,\"caption\":\"Ayuntamiento Valle de Egues\"},\"image\":{\"@id\":\"https:\\\/\\\/www.valledeegues.com\\\/eu\\\/#\\\/schema\\\/logo\\\/image\\\/\"},\"sameAs\":[\"https:\\\/\\\/www.facebook.com\\\/EguesEguesibar\",\"https:\\\/\\\/x.com\\\/AValledeEgues\",\"https:\\\/\\\/www.youtube.com\\\/channel\\\/UCUPvmkTy56ZAhGTVrzg4uDQ\"]}]}<\/script>\r\n<!-- \/ Yoast SEO plugin. -->","yoast_head_json":{"title":"Kirol Instalazioak - Ayuntamiento Valle de Eg\u00fc\u00e9s | Eguesibarko Udala","robots":{"index":"index","follow":"follow","max-snippet":"max-snippet:-1","max-image-preview":"max-image-preview:large","max-video-preview":"max-video-preview:-1"},"canonical":"https:\/\/www.valledeegues.com\/eu\/kirola\/kirol-instalazioak\/","og_locale":"eu_ES","og_type":"article","og_title":"Kirol Instalazioak - Ayuntamiento Valle de Eg\u00fc\u00e9s | Eguesibarko Udala","og_description":"Eguesibarren gaur egun badira kirol instalazio moderno bi, ederki hornituak, hainbat kiroletan aritzeko. CIUDAD DEPORTIVA SARRIGUREN KIROL HIRIA Jorge Oteiza etorb., 2. 31621. Sarrigurren 948 16 54 84 ciudaddeportivasarriguren@egues.es WEB Gune honetan behar duzun guztia aurkituko duzu zure ongizaterako, instalazio berritzaileak, denetariko jarduerak eta profesionalik onenak. Gaur egun, hau guztia dauka: Igeriketa-igerileku estalia (25 x [&hellip;]","og_url":"https:\/\/www.valledeegues.com\/eu\/kirola\/kirol-instalazioak\/","og_site_name":"Ayuntamiento Valle de Eg\u00fc\u00e9s | Eguesibarko Udala","article_publisher":"https:\/\/www.facebook.com\/EguesEguesibar","article_modified_time":"2026-04-23T06:24:41+00:00","twitter_card":"summary_large_image","twitter_site":"@AValledeEgues","twitter_misc":{"Est. reading time":"4 minutes"},"schema":{"@context":"https:\/\/schema.org","@graph":[{"@type":"WebPage","@id":"https:\/\/www.valledeegues.com\/eu\/kirola\/kirol-instalazioak\/","url":"https:\/\/www.valledeegues.com\/eu\/kirola\/kirol-instalazioak\/","name":"Kirol Instalazioak - Ayuntamiento Valle de Eg\u00fc\u00e9s | Eguesibarko Udala","isPartOf":{"@id":"https:\/\/www.valledeegues.com\/eu\/#website"},"primaryImageOfPage":{"@id":"https:\/\/www.valledeegues.com\/eu\/kirola\/kirol-instalazioak\/#primaryimage"},"image":{"@id":"https:\/\/www.valledeegues.com\/eu\/kirola\/kirol-instalazioak\/#primaryimage"},"thumbnailUrl":"https:\/\/www.valledeegues.com\/wp-content\/uploads\/2018\/11\/deportes-ciudad-deportiva-sarriguren-egues.jpg","datePublished":"2018-11-13T13:56:43+00:00","dateModified":"2026-04-23T06:24:41+00:00","breadcrumb":{"@id":"https:\/\/www.valledeegues.com\/eu\/kirola\/kirol-instalazioak\/#breadcrumb"},"inLanguage":"eu-ES","potentialAction":[{"@type":"ReadAction","target":["https:\/\/www.valledeegues.com\/eu\/kirola\/kirol-instalazioak\/"]}]},{"@type":"ImageObject","inLanguage":"eu-ES","@id":"https:\/\/www.valledeegues.com\/eu\/kirola\/kirol-instalazioak\/#primaryimage","url":"https:\/\/www.valledeegues.com\/wp-content\/uploads\/2018\/11\/deportes-ciudad-deportiva-sarriguren-egues.jpg","contentUrl":"https:\/\/www.valledeegues.com\/wp-content\/uploads\/2018\/11\/deportes-ciudad-deportiva-sarriguren-egues.jpg"},{"@type":"BreadcrumbList","@id":"https:\/\/www.valledeegues.com\/eu\/kirola\/kirol-instalazioak\/#breadcrumb","itemListElement":[{"@type":"ListItem","position":1,"name":"Azala","item":"https:\/\/www.valledeegues.com\/eu\/"},{"@type":"ListItem","position":2,"name":"Kirola","item":"https:\/\/www.valledeegues.com\/eu\/kirola\/"},{"@type":"ListItem","position":3,"name":"Kirol Instalazioak"}]},{"@type":"WebSite","@id":"https:\/\/www.valledeegues.com\/eu\/#website","url":"https:\/\/www.valledeegues.com\/eu\/","name":"Ayuntamiento Valle de Eg\u00fc\u00e9s | Eguesibarko Udala","description":"Ayuntamiento Valle de Eg\u00fc\u00e9s | Eguesibarko Udala","publisher":{"@id":"https:\/\/www.valledeegues.com\/eu\/#organization"},"potentialAction":[{"@type":"SearchAction","target":{"@type":"EntryPoint","urlTemplate":"https:\/\/www.valledeegues.com\/eu\/?s={search_term_string}"},"query-input":{"@type":"PropertyValueSpecification","valueRequired":true,"valueName":"search_term_string"}}],"inLanguage":"eu-ES"},{"@type":"Organization","@id":"https:\/\/www.valledeegues.com\/eu\/#organization","name":"Ayuntamiento Valle de Egues","url":"https:\/\/www.valledeegues.com\/eu\/","logo":{"@type":"ImageObject","inLanguage":"eu-ES","@id":"https:\/\/www.valledeegues.com\/eu\/#\/schema\/logo\/image\/","url":"https:\/\/www.valledeegues.com\/wp-content\/uploads\/2019\/06\/logo-egues-escudo.svg","contentUrl":"https:\/\/www.valledeegues.com\/wp-content\/uploads\/2019\/06\/logo-egues-escudo.svg","width":529,"height":125,"caption":"Ayuntamiento Valle de Egues"},"image":{"@id":"https:\/\/www.valledeegues.com\/eu\/#\/schema\/logo\/image\/"},"sameAs":["https:\/\/www.facebook.com\/EguesEguesibar","https:\/\/x.com\/AValledeEgues","https:\/\/www.youtube.com\/channel\/UCUPvmkTy56ZAhGTVrzg4uDQ"]}]}},"_links":{"self":[{"href":"https:\/\/www.valledeegues.com\/eu\/wp-json\/wp\/v2\/pages\/7274","targetHints":{"allow":["GET"]}}],"collection":[{"href":"https:\/\/www.valledeegues.com\/eu\/wp-json\/wp\/v2\/pages"}],"about":[{"href":"https:\/\/www.valledeegues.com\/eu\/wp-json\/wp\/v2\/types\/page"}],"author":[{"embeddable":true,"href":"https:\/\/www.valledeegues.com\/eu\/wp-json\/wp\/v2\/users\/2"}],"replies":[{"embeddable":true,"href":"https:\/\/www.valledeegues.com\/eu\/wp-json\/wp\/v2\/comments?post=7274"}],"version-history":[{"count":19,"href":"https:\/\/www.valledeegues.com\/eu\/wp-json\/wp\/v2\/pages\/7274\/revisions"}],"predecessor-version":[{"id":46170,"href":"https:\/\/www.valledeegues.com\/eu\/wp-json\/wp\/v2\/pages\/7274\/revisions\/46170"}],"up":[{"embeddable":true,"href":"https:\/\/www.valledeegues.com\/eu\/wp-json\/wp\/v2\/pages\/7267"}],"wp:attachment":[{"href":"https:\/\/www.valledeegues.com\/eu\/wp-json\/wp\/v2\/media?parent=7274"}],"curies":[{"name":"wp","href":"https:\/\/api.w.org\/{rel}","templated":true}]}}