{"id":7160,"date":"2018-07-16T14:06:38","date_gmt":"2018-07-16T12:06:38","guid":{"rendered":"https:\/\/www.valledeegues.com\/?page_id=7160"},"modified":"2026-03-16T12:40:19","modified_gmt":"2026-03-16T11:40:19","slug":"antolakuntza-politikoazzzz","status":"publish","type":"page","link":"https:\/\/www.valledeegues.com\/eu\/udala\/antolakuntza-politikoazzzz\/","title":{"rendered":"Antolakuntza Politikoa"},"content":{"rendered":"<p>[vc_row][vc_column][vc_column_text css=&#8221;.vc_custom_1531742908198{margin-bottom: 0px !important;}&#8221;]Las concejalas y concejales electos del valle de Eg\u00fc\u00e9s forman la Corporaci\u00f3n municipal. Para desarrollar sus tareas cotidianas de gesti\u00f3n, ordenaci\u00f3n, programaci\u00f3n y control se organizan a trav\u00e9s de distintos equipos y \u00f3rganos de gobierno.[\/vc_column_text][vc_empty_space][\/vc_column][\/vc_row][vc_row fullwidth=&#8221;true&#8221; fullwidth_content=&#8221;false&#8221;][vc_column width=&#8221;1\/2&#8243;][vc_icon type=&#8221;material&#8221; icon_material=&#8221;vc-material vc-material-beenhere&#8221; color=&#8221;white&#8221; background_style=&#8221;rounded&#8221; background_color=&#8221;custom&#8221; size=&#8221;lg&#8221; align=&#8221;center&#8221; custom_background_color=&#8221;#ea4b50&#8243;][mk_ornamental_title tag_name=&#8221;h3&#8243; text_color=&#8221;#ea4b50&#8243; font_family=&#8221;none&#8221; font_size=&#8221;24&#8243; font_weight=&#8221;bold&#8221; ornament_style=&#8221;norman-short-single&#8221; nss_align=&#8221;center&#8221; ornament_color=&#8221;#ea4b50&#8243; margin_top=&#8221;-20&#8243;]<\/p>\n<h3><span style=\"font-size: 24pt;\">ALKATETZA<\/span><\/h3>\n<p>[\/mk_ornamental_title][vc_column_text css=&#8221;.vc_custom_1561631661661{margin-bottom: 0px !important;}&#8221;]<\/p>\n<p style=\"text-align: center;\">Alkatesa Udalburua eta Udalbatzaren ordezkaria da. Herriko gobernuburua da, gainera.<\/p>\n<p style=\"text-align: center;\">Hainbat eginkizun ditu; besteak beste, alkateordeak eta zinegotzi ordezkariak izendatzea, administrazioa antolatzea, eta udal aurrekontua kudeatzea eta bete dadila begiratzea.<\/p>\n<p>[\/vc_column_text][mk_button dimension=&#8221;flat&#8221; icon=&#8221;mk-icon-eye&#8221; url=&#8221;https:\/\/www.valledeegues.com\/eu\/antolakuntza-politikoa\/alkatetza\/&#8221; align=&#8221;center&#8221; bg_color=&#8221;#ea4b50&#8243;]IKUSI GEHIAGO[\/mk_button][\/vc_column][vc_column width=&#8221;1\/2&#8243;][vc_icon type=&#8221;material&#8221; icon_material=&#8221;vc-material vc-material-mic&#8221; color=&#8221;white&#8221; background_style=&#8221;rounded&#8221; background_color=&#8221;custom&#8221; size=&#8221;lg&#8221; align=&#8221;center&#8221; custom_background_color=&#8221;#ea4b50&#8243;][mk_ornamental_title tag_name=&#8221;h3&#8243; text_color=&#8221;#ea4b50&#8243; font_family=&#8221;none&#8221; font_size=&#8221;24&#8243; font_weight=&#8221;bold&#8221; ornament_style=&#8221;norman-short-single&#8221; nss_align=&#8221;center&#8221; ornament_color=&#8221;#ea4b50&#8243; margin_top=&#8221;-20&#8243;]<\/p>\n<h3><span style=\"font-size: 24pt;\">OSOKO BILKURA<\/span><\/h3>\n<p>[\/mk_ornamental_title][vc_column_text css=&#8221;.vc_custom_1561631634260{margin-bottom: 0px !important;}&#8221;]<\/p>\n<p style=\"text-align: center;\">Hainbat eginkizun nagusi ditu, hala nola gainerako gobernu-organoak kontrolatzea, herritarren eskariak kudeatzea, aurrekontuak onestea, udal zerbitzuen kudeaketa moldea finkatzea, etab.<\/p>\n<p>[\/vc_column_text][mk_button dimension=&#8221;flat&#8221; icon=&#8221;mk-icon-eye&#8221; url=&#8221;https:\/\/www.valledeegues.com\/eu\/antolakuntza-politikoa\/udalaren-osoko-bilkura\/&#8221; align=&#8221;center&#8221; bg_color=&#8221;#ea4b50&#8243;]IKUSI GEHIAGO[\/mk_button][\/vc_column][\/vc_row][vc_row disable_element=&#8221;yes&#8221;][vc_column][\/vc_column][\/vc_row][vc_row][vc_column][vc_text_separator title=&#8221;&#8221; i_icon_fontawesome=&#8221;fa fa-caret-down&#8221; i_color=&#8221;white&#8221; i_background_style=&#8221;rounded&#8221; i_background_color=&#8221;juicy_pink&#8221; i_size=&#8221;xs&#8221; add_icon=&#8221;true&#8221; css=&#8221;.vc_custom_1531745309526{margin-top: 30px !important;margin-bottom: 50px !important;}&#8221;][vc_empty_space][\/vc_column][\/vc_row][vc_row][vc_column width=&#8221;1\/3&#8243;][vc_column_text css=&#8221;.vc_custom_1546520880236{margin-bottom: 0px !important;}&#8221;]<\/p>\n<h3><strong>GOBERNU BATZARRA <\/strong><strong>\u00a0<\/strong><\/h3>\n<p>Derrigorrezko organoa da 5.000tik gora biztanleko udalerri guztietan. Alkatetzak zuzenean aukeratzen ditu batzarreko kideak. Eginkizun betearazlea eta administratiboa dauka.[\/vc_column_text][mk_button dimension=&#8221;flat&#8221; icon=&#8221;mk-icon-eye&#8221; url=&#8221;https:\/\/www.valledeegues.com\/eu\/antolakuntza-politikoa\/tokiko-gobernu-batzarra\/&#8221; bg_color=&#8221;#ea4b50&#8243;]IKUSI GEHIAGO[\/mk_button][vc_empty_space][\/vc_column][vc_column width=&#8221;1\/3&#8243;][vc_column_text css=&#8221;.vc_custom_1546520927721{margin-bottom: 0px !important;}&#8221;]<\/p>\n<h3><strong>BOZERAMAILEEN BATZARRA<\/strong><\/h3>\n<p>Osoko bilkurako udal talde bakoitzeko bozeramaileek osatzen dute, eta alkatea da batzarburua. Osoko bilkura arruntetako gai-zerrenda zehazteaz gain, osoko bilkurarekin zerikusia duen guztia arautzen du. [\/vc_column_text][mk_button dimension=&#8221;flat&#8221; icon=&#8221;mk-icon-eye&#8221; url=&#8221;https:\/\/www.valledeegues.com\/eu\/antolakuntza-politikoa\/bozeramaileen-batzarra\/&#8221; bg_color=&#8221;#ea4b50&#8243;]IKUSI GEHIAGO[\/mk_button][vc_empty_space][\/vc_column][vc_column width=&#8221;1\/3&#8243;][vc_column_text css=&#8221;.vc_custom_1546520942773{margin-bottom: 0px !important;}&#8221;]<\/p>\n<h3><strong>BATZORDEAK++<\/strong><\/h3>\n<p>Eguesibarko Udalak zortzi batzorde ditu. Hilean behin biltzen dira berezko gaiak aztertzeko. Udal talde bakoitzak bere ordezkaria du batzorde bakoitzean. [\/vc_column_text][mk_button dimension=&#8221;flat&#8221; icon=&#8221;mk-icon-eye&#8221; url=&#8221;https:\/\/www.valledeegues.com\/eu\/antolakuntza-politikoa\/batzordeak\/&#8221; bg_color=&#8221;#ea4b50&#8243;]IKUSI GEHIAGO[\/mk_button][vc_empty_space][\/vc_column][\/vc_row][vc_row disable_element=&#8221;yes&#8221;][vc_column][vc_single_image image=&#8221;1606&#8243; img_size=&#8221;full&#8221; alignment=&#8221;center&#8221; style=&#8221;vc_box_rounded&#8221;][vc_single_image image=&#8221;1640&#8243; img_size=&#8221;full&#8221; alignment=&#8221;center&#8221; style=&#8221;vc_box_rounded&#8221;][\/vc_column][\/vc_row]<\/p>\n","protected":false},"excerpt":{"rendered":"<p>[vc_row][vc_column][vc_column_text css=&#8221;.vc_custom_1531742908198{margin-bottom: 0px !important;}&#8221;]Las concejalas y concejales electos del valle de Eg\u00fc\u00e9s forman la Corporaci\u00f3n municipal. Para desarrollar sus tareas cotidianas de gesti\u00f3n, ordenaci\u00f3n, programaci\u00f3n y control se organizan a trav\u00e9s de distintos equipos y \u00f3rganos de gobierno.[\/vc_column_text][vc_empty_space][\/vc_column][\/vc_row][vc_row fullwidth=&#8221;true&#8221; fullwidth_content=&#8221;false&#8221;][vc_column width=&#8221;1\/2&#8243;][vc_icon type=&#8221;material&#8221; icon_material=&#8221;vc-material vc-material-beenhere&#8221; color=&#8221;white&#8221; background_style=&#8221;rounded&#8221; background_color=&#8221;custom&#8221; size=&#8221;lg&#8221; align=&#8221;center&#8221; custom_background_color=&#8221;#ea4b50&#8243;][mk_ornamental_title tag_name=&#8221;h3&#8243; text_color=&#8221;#ea4b50&#8243; font_family=&#8221;none&#8221; font_size=&#8221;24&#8243; font_weight=&#8221;bold&#8221; [&hellip;]<\/p>\n","protected":false},"author":2,"featured_media":0,"parent":45114,"menu_order":0,"comment_status":"closed","ping_status":"closed","template":"","meta":{"footnotes":""},"class_list":["post-7160","page","type-page","status-publish","hentry"],"yoast_head":"<!-- This site is optimized with the Yoast SEO plugin v27.5 - https:\/\/yoast.com\/product\/yoast-seo-wordpress\/ -->\r\n<title>Antolakuntza Politikoa - Ayuntamiento Valle de Eg\u00fc\u00e9s | Eguesibarko Udala<\/title>\r\n<meta name=\"robots\" content=\"index, follow, max-snippet:-1, max-image-preview:large, max-video-preview:-1\" \/>\r\n<link rel=\"canonical\" href=\"https:\/\/www.valledeegues.com\/eu\/udala\/antolakuntza-politikoazzzz\/\" \/>\r\n<meta property=\"og:locale\" content=\"eu_ES\" \/>\r\n<meta property=\"og:type\" content=\"article\" \/>\r\n<meta property=\"og:title\" content=\"Antolakuntza Politikoa - Ayuntamiento Valle de Eg\u00fc\u00e9s | Eguesibarko Udala\" \/>\r\n<meta property=\"og:description\" content=\"[vc_row][vc_column][vc_column_text css=&#8221;.vc_custom_1531742908198{margin-bottom: 0px !important;}&#8221;]Las concejalas y concejales electos del valle de Eg\u00fc\u00e9s forman la Corporaci\u00f3n municipal. Para desarrollar sus tareas cotidianas de gesti\u00f3n, ordenaci\u00f3n, programaci\u00f3n y control se organizan a trav\u00e9s de distintos equipos y \u00f3rganos de gobierno.[\/vc_column_text][vc_empty_space][\/vc_column][\/vc_row][vc_row fullwidth=&#8221;true&#8221; fullwidth_content=&#8221;false&#8221;][vc_column width=&#8221;1\/2&#8243;][vc_icon type=&#8221;material&#8221; icon_material=&#8221;vc-material vc-material-beenhere&#8221; color=&#8221;white&#8221; background_style=&#8221;rounded&#8221; background_color=&#8221;custom&#8221; size=&#8221;lg&#8221; align=&#8221;center&#8221; custom_background_color=&#8221;#ea4b50&#8243;][mk_ornamental_title tag_name=&#8221;h3&#8243; text_color=&#8221;#ea4b50&#8243; font_family=&#8221;none&#8221; font_size=&#8221;24&#8243; font_weight=&#8221;bold&#8221; [&hellip;]\" \/>\r\n<meta property=\"og:url\" content=\"https:\/\/www.valledeegues.com\/eu\/udala\/antolakuntza-politikoazzzz\/\" \/>\r\n<meta property=\"og:site_name\" content=\"Ayuntamiento Valle de Eg\u00fc\u00e9s | Eguesibarko Udala\" \/>\r\n<meta property=\"article:publisher\" content=\"https:\/\/www.facebook.com\/EguesEguesibar\" \/>\r\n<meta property=\"article:modified_time\" content=\"2026-03-16T11:40:19+00:00\" \/>\r\n<meta name=\"twitter:card\" content=\"summary_large_image\" \/>\r\n<meta name=\"twitter:site\" content=\"@AValledeEgues\" \/>\r\n<meta name=\"twitter:label1\" content=\"Est. reading time\" \/>\n\t<meta name=\"twitter:data1\" content=\"3 minutes\" \/>\r\n<script type=\"application\/ld+json\" class=\"yoast-schema-graph\">{\"@context\":\"https:\\\/\\\/schema.org\",\"@graph\":[{\"@type\":\"WebPage\",\"@id\":\"https:\\\/\\\/www.valledeegues.com\\\/eu\\\/udala\\\/antolakuntza-politikoazzzz\\\/\",\"url\":\"https:\\\/\\\/www.valledeegues.com\\\/eu\\\/udala\\\/antolakuntza-politikoazzzz\\\/\",\"name\":\"Antolakuntza Politikoa - Ayuntamiento Valle de Eg\u00fc\u00e9s | Eguesibarko Udala\",\"isPartOf\":{\"@id\":\"https:\\\/\\\/www.valledeegues.com\\\/eu\\\/#website\"},\"datePublished\":\"2018-07-16T12:06:38+00:00\",\"dateModified\":\"2026-03-16T11:40:19+00:00\",\"breadcrumb\":{\"@id\":\"https:\\\/\\\/www.valledeegues.com\\\/eu\\\/udala\\\/antolakuntza-politikoazzzz\\\/#breadcrumb\"},\"inLanguage\":\"eu-ES\",\"potentialAction\":[{\"@type\":\"ReadAction\",\"target\":[\"https:\\\/\\\/www.valledeegues.com\\\/eu\\\/udala\\\/antolakuntza-politikoazzzz\\\/\"]}]},{\"@type\":\"BreadcrumbList\",\"@id\":\"https:\\\/\\\/www.valledeegues.com\\\/eu\\\/udala\\\/antolakuntza-politikoazzzz\\\/#breadcrumb\",\"itemListElement\":[{\"@type\":\"ListItem\",\"position\":1,\"name\":\"Azala\",\"item\":\"https:\\\/\\\/www.valledeegues.com\\\/eu\\\/\"},{\"@type\":\"ListItem\",\"position\":2,\"name\":\"Antolakuntza Politikoa\"}]},{\"@type\":\"WebSite\",\"@id\":\"https:\\\/\\\/www.valledeegues.com\\\/eu\\\/#website\",\"url\":\"https:\\\/\\\/www.valledeegues.com\\\/eu\\\/\",\"name\":\"Ayuntamiento Valle de Eg\u00fc\u00e9s | Eguesibarko Udala\",\"description\":\"Ayuntamiento Valle de Eg\u00fc\u00e9s | Eguesibarko Udala\",\"publisher\":{\"@id\":\"https:\\\/\\\/www.valledeegues.com\\\/eu\\\/#organization\"},\"potentialAction\":[{\"@type\":\"SearchAction\",\"target\":{\"@type\":\"EntryPoint\",\"urlTemplate\":\"https:\\\/\\\/www.valledeegues.com\\\/eu\\\/?s={search_term_string}\"},\"query-input\":{\"@type\":\"PropertyValueSpecification\",\"valueRequired\":true,\"valueName\":\"search_term_string\"}}],\"inLanguage\":\"eu-ES\"},{\"@type\":\"Organization\",\"@id\":\"https:\\\/\\\/www.valledeegues.com\\\/eu\\\/#organization\",\"name\":\"Ayuntamiento Valle de Egues\",\"url\":\"https:\\\/\\\/www.valledeegues.com\\\/eu\\\/\",\"logo\":{\"@type\":\"ImageObject\",\"inLanguage\":\"eu-ES\",\"@id\":\"https:\\\/\\\/www.valledeegues.com\\\/eu\\\/#\\\/schema\\\/logo\\\/image\\\/\",\"url\":\"https:\\\/\\\/www.valledeegues.com\\\/wp-content\\\/uploads\\\/2019\\\/06\\\/logo-egues-escudo.svg\",\"contentUrl\":\"https:\\\/\\\/www.valledeegues.com\\\/wp-content\\\/uploads\\\/2019\\\/06\\\/logo-egues-escudo.svg\",\"width\":529,\"height\":125,\"caption\":\"Ayuntamiento Valle de Egues\"},\"image\":{\"@id\":\"https:\\\/\\\/www.valledeegues.com\\\/eu\\\/#\\\/schema\\\/logo\\\/image\\\/\"},\"sameAs\":[\"https:\\\/\\\/www.facebook.com\\\/EguesEguesibar\",\"https:\\\/\\\/x.com\\\/AValledeEgues\",\"https:\\\/\\\/www.youtube.com\\\/channel\\\/UCUPvmkTy56ZAhGTVrzg4uDQ\"]}]}<\/script>\r\n<!-- \/ Yoast SEO plugin. -->","yoast_head_json":{"title":"Antolakuntza Politikoa - Ayuntamiento Valle de Eg\u00fc\u00e9s | Eguesibarko Udala","robots":{"index":"index","follow":"follow","max-snippet":"max-snippet:-1","max-image-preview":"max-image-preview:large","max-video-preview":"max-video-preview:-1"},"canonical":"https:\/\/www.valledeegues.com\/eu\/udala\/antolakuntza-politikoazzzz\/","og_locale":"eu_ES","og_type":"article","og_title":"Antolakuntza Politikoa - Ayuntamiento Valle de Eg\u00fc\u00e9s | Eguesibarko Udala","og_description":"[vc_row][vc_column][vc_column_text css=&#8221;.vc_custom_1531742908198{margin-bottom: 0px !important;}&#8221;]Las concejalas y concejales electos del valle de Eg\u00fc\u00e9s forman la Corporaci\u00f3n municipal. Para desarrollar sus tareas cotidianas de gesti\u00f3n, ordenaci\u00f3n, programaci\u00f3n y control se organizan a trav\u00e9s de distintos equipos y \u00f3rganos de gobierno.[\/vc_column_text][vc_empty_space][\/vc_column][\/vc_row][vc_row fullwidth=&#8221;true&#8221; fullwidth_content=&#8221;false&#8221;][vc_column width=&#8221;1\/2&#8243;][vc_icon type=&#8221;material&#8221; icon_material=&#8221;vc-material vc-material-beenhere&#8221; color=&#8221;white&#8221; background_style=&#8221;rounded&#8221; background_color=&#8221;custom&#8221; size=&#8221;lg&#8221; align=&#8221;center&#8221; custom_background_color=&#8221;#ea4b50&#8243;][mk_ornamental_title tag_name=&#8221;h3&#8243; text_color=&#8221;#ea4b50&#8243; font_family=&#8221;none&#8221; font_size=&#8221;24&#8243; font_weight=&#8221;bold&#8221; [&hellip;]","og_url":"https:\/\/www.valledeegues.com\/eu\/udala\/antolakuntza-politikoazzzz\/","og_site_name":"Ayuntamiento Valle de Eg\u00fc\u00e9s | Eguesibarko Udala","article_publisher":"https:\/\/www.facebook.com\/EguesEguesibar","article_modified_time":"2026-03-16T11:40:19+00:00","twitter_card":"summary_large_image","twitter_site":"@AValledeEgues","twitter_misc":{"Est. reading time":"3 minutes"},"schema":{"@context":"https:\/\/schema.org","@graph":[{"@type":"WebPage","@id":"https:\/\/www.valledeegues.com\/eu\/udala\/antolakuntza-politikoazzzz\/","url":"https:\/\/www.valledeegues.com\/eu\/udala\/antolakuntza-politikoazzzz\/","name":"Antolakuntza Politikoa - Ayuntamiento Valle de Eg\u00fc\u00e9s | Eguesibarko Udala","isPartOf":{"@id":"https:\/\/www.valledeegues.com\/eu\/#website"},"datePublished":"2018-07-16T12:06:38+00:00","dateModified":"2026-03-16T11:40:19+00:00","breadcrumb":{"@id":"https:\/\/www.valledeegues.com\/eu\/udala\/antolakuntza-politikoazzzz\/#breadcrumb"},"inLanguage":"eu-ES","potentialAction":[{"@type":"ReadAction","target":["https:\/\/www.valledeegues.com\/eu\/udala\/antolakuntza-politikoazzzz\/"]}]},{"@type":"BreadcrumbList","@id":"https:\/\/www.valledeegues.com\/eu\/udala\/antolakuntza-politikoazzzz\/#breadcrumb","itemListElement":[{"@type":"ListItem","position":1,"name":"Azala","item":"https:\/\/www.valledeegues.com\/eu\/"},{"@type":"ListItem","position":2,"name":"Antolakuntza Politikoa"}]},{"@type":"WebSite","@id":"https:\/\/www.valledeegues.com\/eu\/#website","url":"https:\/\/www.valledeegues.com\/eu\/","name":"Ayuntamiento Valle de Eg\u00fc\u00e9s | Eguesibarko Udala","description":"Ayuntamiento Valle de Eg\u00fc\u00e9s | Eguesibarko Udala","publisher":{"@id":"https:\/\/www.valledeegues.com\/eu\/#organization"},"potentialAction":[{"@type":"SearchAction","target":{"@type":"EntryPoint","urlTemplate":"https:\/\/www.valledeegues.com\/eu\/?s={search_term_string}"},"query-input":{"@type":"PropertyValueSpecification","valueRequired":true,"valueName":"search_term_string"}}],"inLanguage":"eu-ES"},{"@type":"Organization","@id":"https:\/\/www.valledeegues.com\/eu\/#organization","name":"Ayuntamiento Valle de Egues","url":"https:\/\/www.valledeegues.com\/eu\/","logo":{"@type":"ImageObject","inLanguage":"eu-ES","@id":"https:\/\/www.valledeegues.com\/eu\/#\/schema\/logo\/image\/","url":"https:\/\/www.valledeegues.com\/wp-content\/uploads\/2019\/06\/logo-egues-escudo.svg","contentUrl":"https:\/\/www.valledeegues.com\/wp-content\/uploads\/2019\/06\/logo-egues-escudo.svg","width":529,"height":125,"caption":"Ayuntamiento Valle de Egues"},"image":{"@id":"https:\/\/www.valledeegues.com\/eu\/#\/schema\/logo\/image\/"},"sameAs":["https:\/\/www.facebook.com\/EguesEguesibar","https:\/\/x.com\/AValledeEgues","https:\/\/www.youtube.com\/channel\/UCUPvmkTy56ZAhGTVrzg4uDQ"]}]}},"_links":{"self":[{"href":"https:\/\/www.valledeegues.com\/eu\/wp-json\/wp\/v2\/pages\/7160","targetHints":{"allow":["GET"]}}],"collection":[{"href":"https:\/\/www.valledeegues.com\/eu\/wp-json\/wp\/v2\/pages"}],"about":[{"href":"https:\/\/www.valledeegues.com\/eu\/wp-json\/wp\/v2\/types\/page"}],"author":[{"embeddable":true,"href":"https:\/\/www.valledeegues.com\/eu\/wp-json\/wp\/v2\/users\/2"}],"replies":[{"embeddable":true,"href":"https:\/\/www.valledeegues.com\/eu\/wp-json\/wp\/v2\/comments?post=7160"}],"version-history":[{"count":12,"href":"https:\/\/www.valledeegues.com\/eu\/wp-json\/wp\/v2\/pages\/7160\/revisions"}],"predecessor-version":[{"id":14487,"href":"https:\/\/www.valledeegues.com\/eu\/wp-json\/wp\/v2\/pages\/7160\/revisions\/14487"}],"up":[{"embeddable":true,"href":"https:\/\/www.valledeegues.com\/eu\/wp-json\/wp\/v2\/pages\/45114"}],"wp:attachment":[{"href":"https:\/\/www.valledeegues.com\/eu\/wp-json\/wp\/v2\/media?parent=7160"}],"curies":[{"name":"wp","href":"https:\/\/api.w.org\/{rel}","templated":true}]}}