{"id":7152,"date":"2018-07-24T12:51:24","date_gmt":"2018-07-24T10:51:24","guid":{"rendered":"https:\/\/www.valledeegues.com\/?page_id=7152"},"modified":"2026-05-12T15:18:33","modified_gmt":"2026-05-12T13:18:33","slug":"partaidetza-kanpo-organoetan","status":"publish","type":"page","link":"https:\/\/www.valledeegues.com\/eu\/udala\/antolakuntza-politikoa\/partaidetza-kanpo-organoetan\/","title":{"rendered":"Partaidetza Kanpo Organoetan"},"content":{"rendered":"<p>Eguesibarko Udalak bere ordezkariak ditu udalaren menpean ez dauden hainbat organotan.<\/p>\n<p>Alkatea eta beste zinegotzi batzuk dira udalaren ordezkariak organo horietan.<\/p>\n<h3><strong>KANPO ORGANOAK<\/strong><\/h3>\n<p>&#8211; <strong>Iru\u00f1erriko Mankomunitateko Batzar Orokorrean ordezkaritza<\/strong>: Mikel Bezunartea Lacasta jauna.<\/p>\n<p>&#8211; <strong>Animsako Batzar Nagusian ordezkaritza<\/strong>: Luisa Mateo Zozaya.<\/p>\n<p>&#8211; <strong>Nafarroako Udal eta Kontzejuen Federazioko ordezkaritza<\/strong>: Javier Marqu\u00ednez Echegoyen jauna.<\/p>\n<p>&#8211; <strong>Eguesibarko A eta B Industrialdeko Kontserbazio Erakundeko ordezkaritza<\/strong>: Javier Marqu\u00ednez Echegoyen jauna<\/p>\n<p>&#8211; <strong>Eguesibarko Industrialdea Zaintzeko Entitateko, enpresa parkean ordezkaritza<\/strong>: Javier Marqu\u00ednez Echegoyen jauna<\/p>\n<p>&#8211; <strong>Berrikuntzaren Hiria Zaintzeko Erakundeko ordezkaritza<\/strong>: Sabi Atipov Keskinev jauna.<\/p>\n<p>&#8211; <strong>Salestarren UPSaren eremuko Konpentsazio Batzordeko ordezkaritza<\/strong>: Juan Jes\u00fas San Juli\u00e1n Aranguren jauna.<\/p>\n<p>&#8211; <strong>Iratiko Bide Berdeari buruzko Hitzarmenaren Jarraipen Batzordean ordezkaritza<\/strong> Javier Villanueva Aldave jauna.<\/p>\n<p>&#8211; <strong>Sarrigurengo Hermanas \u00dariz-Pi ikastetxe publikoaren Eskola Kontseiluko ordezkaritza<\/strong>: Joseba Ordu\u00f1a Navarro jauna.<\/p>\n<p>&#8211; <strong>Sarrigurengo Joakin Lizarraga Ikastetxe Publikoaren Eskola Kontseiluko ordezkaritza<\/strong>: Ainara Gonzalez Hervas.<\/p>\n<p>&#8211;<strong>Sarrigurengo Institutuko Eskola Kontseiluko ordezkaritza<\/strong>: Noelia Echarri Arana.<\/p>\n<p>&nbsp;<\/p>\n","protected":false},"excerpt":{"rendered":"<p>Eguesibarko Udalak bere ordezkariak ditu udalaren menpean ez dauden hainbat organotan. Alkatea eta beste zinegotzi batzuk dira udalaren ordezkariak organo horietan. KANPO ORGANOAK &#8211; Iru\u00f1erriko Mankomunitateko Batzar Orokorrean ordezkaritza: Mikel Bezunartea Lacasta jauna. &#8211; Animsako Batzar Nagusian ordezkaritza: Luisa Mateo Zozaya. &#8211; Nafarroako Udal eta Kontzejuen Federazioko ordezkaritza: Javier Marqu\u00ednez Echegoyen jauna. &#8211; Eguesibarko A [&hellip;]<\/p>\n","protected":false},"author":2,"featured_media":0,"parent":45118,"menu_order":0,"comment_status":"closed","ping_status":"closed","template":"","meta":{"footnotes":""},"class_list":["post-7152","page","type-page","status-publish","hentry"],"yoast_head":"<!-- This site is optimized with the Yoast SEO plugin v27.5 - https:\/\/yoast.com\/product\/yoast-seo-wordpress\/ -->\r\n<title>Partaidetza Kanpo Organoetan - Ayuntamiento Valle de Eg\u00fc\u00e9s | Eguesibarko Udala<\/title>\r\n<meta name=\"robots\" content=\"index, follow, max-snippet:-1, max-image-preview:large, max-video-preview:-1\" \/>\r\n<link rel=\"canonical\" href=\"https:\/\/www.valledeegues.com\/eu\/udala\/antolakuntza-politikoa\/partaidetza-kanpo-organoetan\/\" \/>\r\n<meta property=\"og:locale\" content=\"eu_ES\" \/>\r\n<meta property=\"og:type\" content=\"article\" \/>\r\n<meta property=\"og:title\" content=\"Partaidetza Kanpo Organoetan - Ayuntamiento Valle de Eg\u00fc\u00e9s | Eguesibarko Udala\" \/>\r\n<meta property=\"og:description\" content=\"Eguesibarko Udalak bere ordezkariak ditu udalaren menpean ez dauden hainbat organotan. Alkatea eta beste zinegotzi batzuk dira udalaren ordezkariak organo horietan. KANPO ORGANOAK &#8211; Iru\u00f1erriko Mankomunitateko Batzar Orokorrean ordezkaritza: Mikel Bezunartea Lacasta jauna. &#8211; Animsako Batzar Nagusian ordezkaritza: Luisa Mateo Zozaya. &#8211; Nafarroako Udal eta Kontzejuen Federazioko ordezkaritza: Javier Marqu\u00ednez Echegoyen jauna. &#8211; Eguesibarko A [&hellip;]\" \/>\r\n<meta property=\"og:url\" content=\"https:\/\/www.valledeegues.com\/eu\/udala\/antolakuntza-politikoa\/partaidetza-kanpo-organoetan\/\" \/>\r\n<meta property=\"og:site_name\" content=\"Ayuntamiento Valle de Eg\u00fc\u00e9s | Eguesibarko Udala\" \/>\r\n<meta property=\"article:publisher\" content=\"https:\/\/www.facebook.com\/EguesEguesibar\" \/>\r\n<meta property=\"article:modified_time\" content=\"2026-05-12T13:18:33+00:00\" \/>\r\n<meta name=\"twitter:card\" content=\"summary_large_image\" \/>\r\n<meta name=\"twitter:site\" content=\"@AValledeEgues\" \/>\r\n<meta name=\"twitter:label1\" content=\"Est. reading time\" \/>\n\t<meta name=\"twitter:data1\" content=\"1 minute\" \/>\r\n<script type=\"application\/ld+json\" class=\"yoast-schema-graph\">{\"@context\":\"https:\\\/\\\/schema.org\",\"@graph\":[{\"@type\":\"WebPage\",\"@id\":\"https:\\\/\\\/www.valledeegues.com\\\/eu\\\/udala\\\/antolakuntza-politikoa\\\/partaidetza-kanpo-organoetan\\\/\",\"url\":\"https:\\\/\\\/www.valledeegues.com\\\/eu\\\/udala\\\/antolakuntza-politikoa\\\/partaidetza-kanpo-organoetan\\\/\",\"name\":\"Partaidetza Kanpo Organoetan - Ayuntamiento Valle de Eg\u00fc\u00e9s | Eguesibarko Udala\",\"isPartOf\":{\"@id\":\"https:\\\/\\\/www.valledeegues.com\\\/eu\\\/#website\"},\"datePublished\":\"2018-07-24T10:51:24+00:00\",\"dateModified\":\"2026-05-12T13:18:33+00:00\",\"breadcrumb\":{\"@id\":\"https:\\\/\\\/www.valledeegues.com\\\/eu\\\/udala\\\/antolakuntza-politikoa\\\/partaidetza-kanpo-organoetan\\\/#breadcrumb\"},\"inLanguage\":\"eu-ES\",\"potentialAction\":[{\"@type\":\"ReadAction\",\"target\":[\"https:\\\/\\\/www.valledeegues.com\\\/eu\\\/udala\\\/antolakuntza-politikoa\\\/partaidetza-kanpo-organoetan\\\/\"]}]},{\"@type\":\"BreadcrumbList\",\"@id\":\"https:\\\/\\\/www.valledeegues.com\\\/eu\\\/udala\\\/antolakuntza-politikoa\\\/partaidetza-kanpo-organoetan\\\/#breadcrumb\",\"itemListElement\":[{\"@type\":\"ListItem\",\"position\":1,\"name\":\"Azala\",\"item\":\"https:\\\/\\\/www.valledeegues.com\\\/eu\\\/\"},{\"@type\":\"ListItem\",\"position\":2,\"name\":\"Udala\",\"item\":\"https:\\\/\\\/www.valledeegues.com\\\/eu\\\/udala\\\/\"},{\"@type\":\"ListItem\",\"position\":3,\"name\":\"Antolakuntza Politikoa\",\"item\":\"https:\\\/\\\/www.valledeegues.com\\\/eu\\\/udala\\\/antolakuntza-politikoa\\\/\"},{\"@type\":\"ListItem\",\"position\":4,\"name\":\"Partaidetza Kanpo Organoetan\"}]},{\"@type\":\"WebSite\",\"@id\":\"https:\\\/\\\/www.valledeegues.com\\\/eu\\\/#website\",\"url\":\"https:\\\/\\\/www.valledeegues.com\\\/eu\\\/\",\"name\":\"Ayuntamiento Valle de Eg\u00fc\u00e9s | Eguesibarko Udala\",\"description\":\"Ayuntamiento Valle de Eg\u00fc\u00e9s | Eguesibarko Udala\",\"publisher\":{\"@id\":\"https:\\\/\\\/www.valledeegues.com\\\/eu\\\/#organization\"},\"potentialAction\":[{\"@type\":\"SearchAction\",\"target\":{\"@type\":\"EntryPoint\",\"urlTemplate\":\"https:\\\/\\\/www.valledeegues.com\\\/eu\\\/?s={search_term_string}\"},\"query-input\":{\"@type\":\"PropertyValueSpecification\",\"valueRequired\":true,\"valueName\":\"search_term_string\"}}],\"inLanguage\":\"eu-ES\"},{\"@type\":\"Organization\",\"@id\":\"https:\\\/\\\/www.valledeegues.com\\\/eu\\\/#organization\",\"name\":\"Ayuntamiento Valle de Egues\",\"url\":\"https:\\\/\\\/www.valledeegues.com\\\/eu\\\/\",\"logo\":{\"@type\":\"ImageObject\",\"inLanguage\":\"eu-ES\",\"@id\":\"https:\\\/\\\/www.valledeegues.com\\\/eu\\\/#\\\/schema\\\/logo\\\/image\\\/\",\"url\":\"https:\\\/\\\/www.valledeegues.com\\\/wp-content\\\/uploads\\\/2019\\\/06\\\/logo-egues-escudo.svg\",\"contentUrl\":\"https:\\\/\\\/www.valledeegues.com\\\/wp-content\\\/uploads\\\/2019\\\/06\\\/logo-egues-escudo.svg\",\"width\":529,\"height\":125,\"caption\":\"Ayuntamiento Valle de Egues\"},\"image\":{\"@id\":\"https:\\\/\\\/www.valledeegues.com\\\/eu\\\/#\\\/schema\\\/logo\\\/image\\\/\"},\"sameAs\":[\"https:\\\/\\\/www.facebook.com\\\/EguesEguesibar\",\"https:\\\/\\\/x.com\\\/AValledeEgues\",\"https:\\\/\\\/www.youtube.com\\\/channel\\\/UCUPvmkTy56ZAhGTVrzg4uDQ\"]}]}<\/script>\r\n<!-- \/ Yoast SEO plugin. -->","yoast_head_json":{"title":"Partaidetza Kanpo Organoetan - Ayuntamiento Valle de Eg\u00fc\u00e9s | Eguesibarko Udala","robots":{"index":"index","follow":"follow","max-snippet":"max-snippet:-1","max-image-preview":"max-image-preview:large","max-video-preview":"max-video-preview:-1"},"canonical":"https:\/\/www.valledeegues.com\/eu\/udala\/antolakuntza-politikoa\/partaidetza-kanpo-organoetan\/","og_locale":"eu_ES","og_type":"article","og_title":"Partaidetza Kanpo Organoetan - Ayuntamiento Valle de Eg\u00fc\u00e9s | Eguesibarko Udala","og_description":"Eguesibarko Udalak bere ordezkariak ditu udalaren menpean ez dauden hainbat organotan. Alkatea eta beste zinegotzi batzuk dira udalaren ordezkariak organo horietan. KANPO ORGANOAK &#8211; Iru\u00f1erriko Mankomunitateko Batzar Orokorrean ordezkaritza: Mikel Bezunartea Lacasta jauna. &#8211; Animsako Batzar Nagusian ordezkaritza: Luisa Mateo Zozaya. &#8211; Nafarroako Udal eta Kontzejuen Federazioko ordezkaritza: Javier Marqu\u00ednez Echegoyen jauna. &#8211; Eguesibarko A [&hellip;]","og_url":"https:\/\/www.valledeegues.com\/eu\/udala\/antolakuntza-politikoa\/partaidetza-kanpo-organoetan\/","og_site_name":"Ayuntamiento Valle de Eg\u00fc\u00e9s | Eguesibarko Udala","article_publisher":"https:\/\/www.facebook.com\/EguesEguesibar","article_modified_time":"2026-05-12T13:18:33+00:00","twitter_card":"summary_large_image","twitter_site":"@AValledeEgues","twitter_misc":{"Est. reading time":"1 minute"},"schema":{"@context":"https:\/\/schema.org","@graph":[{"@type":"WebPage","@id":"https:\/\/www.valledeegues.com\/eu\/udala\/antolakuntza-politikoa\/partaidetza-kanpo-organoetan\/","url":"https:\/\/www.valledeegues.com\/eu\/udala\/antolakuntza-politikoa\/partaidetza-kanpo-organoetan\/","name":"Partaidetza Kanpo Organoetan - Ayuntamiento Valle de Eg\u00fc\u00e9s | Eguesibarko Udala","isPartOf":{"@id":"https:\/\/www.valledeegues.com\/eu\/#website"},"datePublished":"2018-07-24T10:51:24+00:00","dateModified":"2026-05-12T13:18:33+00:00","breadcrumb":{"@id":"https:\/\/www.valledeegues.com\/eu\/udala\/antolakuntza-politikoa\/partaidetza-kanpo-organoetan\/#breadcrumb"},"inLanguage":"eu-ES","potentialAction":[{"@type":"ReadAction","target":["https:\/\/www.valledeegues.com\/eu\/udala\/antolakuntza-politikoa\/partaidetza-kanpo-organoetan\/"]}]},{"@type":"BreadcrumbList","@id":"https:\/\/www.valledeegues.com\/eu\/udala\/antolakuntza-politikoa\/partaidetza-kanpo-organoetan\/#breadcrumb","itemListElement":[{"@type":"ListItem","position":1,"name":"Azala","item":"https:\/\/www.valledeegues.com\/eu\/"},{"@type":"ListItem","position":2,"name":"Udala","item":"https:\/\/www.valledeegues.com\/eu\/udala\/"},{"@type":"ListItem","position":3,"name":"Antolakuntza Politikoa","item":"https:\/\/www.valledeegues.com\/eu\/udala\/antolakuntza-politikoa\/"},{"@type":"ListItem","position":4,"name":"Partaidetza Kanpo Organoetan"}]},{"@type":"WebSite","@id":"https:\/\/www.valledeegues.com\/eu\/#website","url":"https:\/\/www.valledeegues.com\/eu\/","name":"Ayuntamiento Valle de Eg\u00fc\u00e9s | Eguesibarko Udala","description":"Ayuntamiento Valle de Eg\u00fc\u00e9s | Eguesibarko Udala","publisher":{"@id":"https:\/\/www.valledeegues.com\/eu\/#organization"},"potentialAction":[{"@type":"SearchAction","target":{"@type":"EntryPoint","urlTemplate":"https:\/\/www.valledeegues.com\/eu\/?s={search_term_string}"},"query-input":{"@type":"PropertyValueSpecification","valueRequired":true,"valueName":"search_term_string"}}],"inLanguage":"eu-ES"},{"@type":"Organization","@id":"https:\/\/www.valledeegues.com\/eu\/#organization","name":"Ayuntamiento Valle de Egues","url":"https:\/\/www.valledeegues.com\/eu\/","logo":{"@type":"ImageObject","inLanguage":"eu-ES","@id":"https:\/\/www.valledeegues.com\/eu\/#\/schema\/logo\/image\/","url":"https:\/\/www.valledeegues.com\/wp-content\/uploads\/2019\/06\/logo-egues-escudo.svg","contentUrl":"https:\/\/www.valledeegues.com\/wp-content\/uploads\/2019\/06\/logo-egues-escudo.svg","width":529,"height":125,"caption":"Ayuntamiento Valle de Egues"},"image":{"@id":"https:\/\/www.valledeegues.com\/eu\/#\/schema\/logo\/image\/"},"sameAs":["https:\/\/www.facebook.com\/EguesEguesibar","https:\/\/x.com\/AValledeEgues","https:\/\/www.youtube.com\/channel\/UCUPvmkTy56ZAhGTVrzg4uDQ"]}]}},"_links":{"self":[{"href":"https:\/\/www.valledeegues.com\/eu\/wp-json\/wp\/v2\/pages\/7152","targetHints":{"allow":["GET"]}}],"collection":[{"href":"https:\/\/www.valledeegues.com\/eu\/wp-json\/wp\/v2\/pages"}],"about":[{"href":"https:\/\/www.valledeegues.com\/eu\/wp-json\/wp\/v2\/types\/page"}],"author":[{"embeddable":true,"href":"https:\/\/www.valledeegues.com\/eu\/wp-json\/wp\/v2\/users\/2"}],"replies":[{"embeddable":true,"href":"https:\/\/www.valledeegues.com\/eu\/wp-json\/wp\/v2\/comments?post=7152"}],"version-history":[{"count":9,"href":"https:\/\/www.valledeegues.com\/eu\/wp-json\/wp\/v2\/pages\/7152\/revisions"}],"predecessor-version":[{"id":47272,"href":"https:\/\/www.valledeegues.com\/eu\/wp-json\/wp\/v2\/pages\/7152\/revisions\/47272"}],"up":[{"embeddable":true,"href":"https:\/\/www.valledeegues.com\/eu\/wp-json\/wp\/v2\/pages\/45118"}],"wp:attachment":[{"href":"https:\/\/www.valledeegues.com\/eu\/wp-json\/wp\/v2\/media?parent=7152"}],"curies":[{"name":"wp","href":"https:\/\/api.w.org\/{rel}","templated":true}]}}