{"id":7148,"date":"2018-07-24T11:47:49","date_gmt":"2018-07-24T09:47:49","guid":{"rendered":"https:\/\/www.valledeegues.com\/?page_id=7148"},"modified":"2026-05-11T22:53:36","modified_gmt":"2026-05-11T20:53:36","slug":"bozeramaileen-batzarra","status":"publish","type":"page","link":"https:\/\/www.valledeegues.com\/eu\/udala\/antolakuntza-politikoa\/bozeramaileen-batzarra\/","title":{"rendered":"Bozeramaileen Batzarra"},"content":{"rendered":"<p>Organismo osagarri eta aholku-emailea da. Osoko bilkura arrunten gai-zerrenda eztabaidatzen du, bai eta osoko bilkura bereziak egitea ere. Era berean, bere jarrera agertzen du edo adierazpen politikoak egiten ditu udal taldeen iritziz premiazko erantzuna eman behar den gertakari garrantzitsuen gainean.<\/p>\n<p>Alkatea da batzarburu, eta udal talde bakoitzeko bozeramaileak dira kide.<\/p>\n<h3><strong>NOR DIRA KIDE EGUESIBARKO EGUNGO BOZERAMAILEEN BATZARREAN?<\/strong><\/h3>\n<p>&nbsp;<\/p>\n<p><strong>UNION DEL PUEBLO NAVARRO<\/strong><\/p>\n<ul>\n<li>Bozeramailea: Maria Mercedes Mu\u00f1oz Salda\u00f1a.<\/li>\n<li>Ordezko bozeramailea: Luisa Mateo Zozaya andrea.<\/li>\n<\/ul>\n<p><strong>EH BILDU EGUESIBAR:<\/strong><\/p>\n<ul>\n<li>Bozeramailea: Ainara Gonzalez Hervas.<\/li>\n<li>Ordezko bozeramaileak: Izaskun Ju\u00e1rez Go\u00f1i andrea, Anne Appriou eta Saioa Alonso Manrique.<\/li>\n<\/ul>\n<p><strong>V!VEG\u00dc\u00c9S-EGUESIBAR B!Z! :<\/strong><\/p>\n<ul>\n<li>Bozeramailea: Noelia Echarri Arana.<\/li>\n<li>Ordezko bozeramaile indiferenteak: Jes\u00fas Mateo Moreno P\u00e1rraga jauna eta Juan Manuel Baquero Alz\u00f3rriz jauna.<\/li>\n<\/ul>\n<p><strong>PSN EGUESIBAR:<\/strong><\/p>\n<ul>\n<li>Bozeramailea: Mikel Bezunartea Lacasta jauna.<\/li>\n<li>Ordezko bozeramaileak: Javier Jim\u00e9nez Alli jauna eta Ana Mart\u00ednez andrea. Maria Angeles Sainz Marqu\u00e9s.<\/li>\n<\/ul>\n<p><strong>GEROA BAI:<\/strong><\/p>\n<ul>\n<li>Bozeramaile indiferenteak: Joseba Ordu\u00f1a Navarro jauna eta Helena Arruabarrena Polite andrea.<\/li>\n<\/ul>\n<p><strong>NAFARROAKO ALDERDI POPULARRA:<\/strong><\/p>\n<ul>\n<li><strong>\u00a0<\/strong>And. Mar\u00eda Inmaculada M\u00fagica Ust\u00e1rroz (kide bakarra).<\/li>\n<\/ul>\n<p><strong>CONTIGO EG\u00dc\u00c9S-EGUESIBAR ZUREKIN:<\/strong><\/p>\n<ul>\n<li><strong>\u00a0<\/strong>And. Ainhoa Aznarez Igarza (kide bakarra).<\/li>\n<\/ul>\n<p><strong>VECINOS POR EL VALLE: <\/strong><\/p>\n<ul>\n<li>And. Fatima Juliana Anchundia Correa (kide bakarra).<\/li>\n<\/ul>\n<p>&nbsp;<\/p>\n","protected":false},"excerpt":{"rendered":"<p>Organismo osagarri eta aholku-emailea da. Osoko bilkura arrunten gai-zerrenda eztabaidatzen du, bai eta osoko bilkura bereziak egitea ere. Era berean, bere jarrera agertzen du edo adierazpen politikoak egiten ditu udal taldeen iritziz premiazko erantzuna eman behar den gertakari garrantzitsuen gainean. Alkatea da batzarburu, eta udal talde bakoitzeko bozeramaileak dira kide. NOR DIRA KIDE EGUESIBARKO EGUNGO [&hellip;]<\/p>\n","protected":false},"author":2,"featured_media":0,"parent":45118,"menu_order":0,"comment_status":"closed","ping_status":"closed","template":"","meta":{"footnotes":""},"class_list":["post-7148","page","type-page","status-publish","hentry"],"yoast_head":"<!-- This site is optimized with the Yoast SEO plugin v27.5 - https:\/\/yoast.com\/product\/yoast-seo-wordpress\/ -->\r\n<title>Bozeramaileen Batzarra - Ayuntamiento Valle de Eg\u00fc\u00e9s | Eguesibarko Udala<\/title>\r\n<meta name=\"robots\" content=\"index, follow, max-snippet:-1, max-image-preview:large, max-video-preview:-1\" \/>\r\n<link rel=\"canonical\" href=\"https:\/\/www.valledeegues.com\/eu\/udala\/antolakuntza-politikoa\/bozeramaileen-batzarra\/\" \/>\r\n<meta property=\"og:locale\" content=\"eu_ES\" \/>\r\n<meta property=\"og:type\" content=\"article\" \/>\r\n<meta property=\"og:title\" content=\"Bozeramaileen Batzarra - Ayuntamiento Valle de Eg\u00fc\u00e9s | Eguesibarko Udala\" \/>\r\n<meta property=\"og:description\" content=\"Organismo osagarri eta aholku-emailea da. Osoko bilkura arrunten gai-zerrenda eztabaidatzen du, bai eta osoko bilkura bereziak egitea ere. Era berean, bere jarrera agertzen du edo adierazpen politikoak egiten ditu udal taldeen iritziz premiazko erantzuna eman behar den gertakari garrantzitsuen gainean. Alkatea da batzarburu, eta udal talde bakoitzeko bozeramaileak dira kide. NOR DIRA KIDE EGUESIBARKO EGUNGO [&hellip;]\" \/>\r\n<meta property=\"og:url\" content=\"https:\/\/www.valledeegues.com\/eu\/udala\/antolakuntza-politikoa\/bozeramaileen-batzarra\/\" \/>\r\n<meta property=\"og:site_name\" content=\"Ayuntamiento Valle de Eg\u00fc\u00e9s | Eguesibarko Udala\" \/>\r\n<meta property=\"article:publisher\" content=\"https:\/\/www.facebook.com\/EguesEguesibar\" \/>\r\n<meta property=\"article:modified_time\" content=\"2026-05-11T20:53:36+00:00\" \/>\r\n<meta name=\"twitter:card\" content=\"summary_large_image\" \/>\r\n<meta name=\"twitter:site\" content=\"@AValledeEgues\" \/>\r\n<meta name=\"twitter:label1\" content=\"Est. reading time\" \/>\n\t<meta name=\"twitter:data1\" content=\"1 minute\" \/>\r\n<script type=\"application\/ld+json\" class=\"yoast-schema-graph\">{\"@context\":\"https:\\\/\\\/schema.org\",\"@graph\":[{\"@type\":\"WebPage\",\"@id\":\"https:\\\/\\\/www.valledeegues.com\\\/eu\\\/udala\\\/antolakuntza-politikoa\\\/bozeramaileen-batzarra\\\/\",\"url\":\"https:\\\/\\\/www.valledeegues.com\\\/eu\\\/udala\\\/antolakuntza-politikoa\\\/bozeramaileen-batzarra\\\/\",\"name\":\"Bozeramaileen Batzarra - Ayuntamiento Valle de Eg\u00fc\u00e9s | Eguesibarko Udala\",\"isPartOf\":{\"@id\":\"https:\\\/\\\/www.valledeegues.com\\\/eu\\\/#website\"},\"datePublished\":\"2018-07-24T09:47:49+00:00\",\"dateModified\":\"2026-05-11T20:53:36+00:00\",\"breadcrumb\":{\"@id\":\"https:\\\/\\\/www.valledeegues.com\\\/eu\\\/udala\\\/antolakuntza-politikoa\\\/bozeramaileen-batzarra\\\/#breadcrumb\"},\"inLanguage\":\"eu-ES\",\"potentialAction\":[{\"@type\":\"ReadAction\",\"target\":[\"https:\\\/\\\/www.valledeegues.com\\\/eu\\\/udala\\\/antolakuntza-politikoa\\\/bozeramaileen-batzarra\\\/\"]}]},{\"@type\":\"BreadcrumbList\",\"@id\":\"https:\\\/\\\/www.valledeegues.com\\\/eu\\\/udala\\\/antolakuntza-politikoa\\\/bozeramaileen-batzarra\\\/#breadcrumb\",\"itemListElement\":[{\"@type\":\"ListItem\",\"position\":1,\"name\":\"Azala\",\"item\":\"https:\\\/\\\/www.valledeegues.com\\\/eu\\\/\"},{\"@type\":\"ListItem\",\"position\":2,\"name\":\"Udala\",\"item\":\"https:\\\/\\\/www.valledeegues.com\\\/eu\\\/udala\\\/\"},{\"@type\":\"ListItem\",\"position\":3,\"name\":\"Antolakuntza Politikoa\",\"item\":\"https:\\\/\\\/www.valledeegues.com\\\/eu\\\/udala\\\/antolakuntza-politikoa\\\/\"},{\"@type\":\"ListItem\",\"position\":4,\"name\":\"Bozeramaileen Batzarra\"}]},{\"@type\":\"WebSite\",\"@id\":\"https:\\\/\\\/www.valledeegues.com\\\/eu\\\/#website\",\"url\":\"https:\\\/\\\/www.valledeegues.com\\\/eu\\\/\",\"name\":\"Ayuntamiento Valle de Eg\u00fc\u00e9s | Eguesibarko Udala\",\"description\":\"Ayuntamiento Valle de Eg\u00fc\u00e9s | Eguesibarko Udala\",\"publisher\":{\"@id\":\"https:\\\/\\\/www.valledeegues.com\\\/eu\\\/#organization\"},\"potentialAction\":[{\"@type\":\"SearchAction\",\"target\":{\"@type\":\"EntryPoint\",\"urlTemplate\":\"https:\\\/\\\/www.valledeegues.com\\\/eu\\\/?s={search_term_string}\"},\"query-input\":{\"@type\":\"PropertyValueSpecification\",\"valueRequired\":true,\"valueName\":\"search_term_string\"}}],\"inLanguage\":\"eu-ES\"},{\"@type\":\"Organization\",\"@id\":\"https:\\\/\\\/www.valledeegues.com\\\/eu\\\/#organization\",\"name\":\"Ayuntamiento Valle de Egues\",\"url\":\"https:\\\/\\\/www.valledeegues.com\\\/eu\\\/\",\"logo\":{\"@type\":\"ImageObject\",\"inLanguage\":\"eu-ES\",\"@id\":\"https:\\\/\\\/www.valledeegues.com\\\/eu\\\/#\\\/schema\\\/logo\\\/image\\\/\",\"url\":\"https:\\\/\\\/www.valledeegues.com\\\/wp-content\\\/uploads\\\/2019\\\/06\\\/logo-egues-escudo.svg\",\"contentUrl\":\"https:\\\/\\\/www.valledeegues.com\\\/wp-content\\\/uploads\\\/2019\\\/06\\\/logo-egues-escudo.svg\",\"width\":529,\"height\":125,\"caption\":\"Ayuntamiento Valle de Egues\"},\"image\":{\"@id\":\"https:\\\/\\\/www.valledeegues.com\\\/eu\\\/#\\\/schema\\\/logo\\\/image\\\/\"},\"sameAs\":[\"https:\\\/\\\/www.facebook.com\\\/EguesEguesibar\",\"https:\\\/\\\/x.com\\\/AValledeEgues\",\"https:\\\/\\\/www.youtube.com\\\/channel\\\/UCUPvmkTy56ZAhGTVrzg4uDQ\"]}]}<\/script>\r\n<!-- \/ Yoast SEO plugin. -->","yoast_head_json":{"title":"Bozeramaileen Batzarra - Ayuntamiento Valle de Eg\u00fc\u00e9s | Eguesibarko Udala","robots":{"index":"index","follow":"follow","max-snippet":"max-snippet:-1","max-image-preview":"max-image-preview:large","max-video-preview":"max-video-preview:-1"},"canonical":"https:\/\/www.valledeegues.com\/eu\/udala\/antolakuntza-politikoa\/bozeramaileen-batzarra\/","og_locale":"eu_ES","og_type":"article","og_title":"Bozeramaileen Batzarra - Ayuntamiento Valle de Eg\u00fc\u00e9s | Eguesibarko Udala","og_description":"Organismo osagarri eta aholku-emailea da. Osoko bilkura arrunten gai-zerrenda eztabaidatzen du, bai eta osoko bilkura bereziak egitea ere. Era berean, bere jarrera agertzen du edo adierazpen politikoak egiten ditu udal taldeen iritziz premiazko erantzuna eman behar den gertakari garrantzitsuen gainean. Alkatea da batzarburu, eta udal talde bakoitzeko bozeramaileak dira kide. NOR DIRA KIDE EGUESIBARKO EGUNGO [&hellip;]","og_url":"https:\/\/www.valledeegues.com\/eu\/udala\/antolakuntza-politikoa\/bozeramaileen-batzarra\/","og_site_name":"Ayuntamiento Valle de Eg\u00fc\u00e9s | Eguesibarko Udala","article_publisher":"https:\/\/www.facebook.com\/EguesEguesibar","article_modified_time":"2026-05-11T20:53:36+00:00","twitter_card":"summary_large_image","twitter_site":"@AValledeEgues","twitter_misc":{"Est. reading time":"1 minute"},"schema":{"@context":"https:\/\/schema.org","@graph":[{"@type":"WebPage","@id":"https:\/\/www.valledeegues.com\/eu\/udala\/antolakuntza-politikoa\/bozeramaileen-batzarra\/","url":"https:\/\/www.valledeegues.com\/eu\/udala\/antolakuntza-politikoa\/bozeramaileen-batzarra\/","name":"Bozeramaileen Batzarra - Ayuntamiento Valle de Eg\u00fc\u00e9s | Eguesibarko Udala","isPartOf":{"@id":"https:\/\/www.valledeegues.com\/eu\/#website"},"datePublished":"2018-07-24T09:47:49+00:00","dateModified":"2026-05-11T20:53:36+00:00","breadcrumb":{"@id":"https:\/\/www.valledeegues.com\/eu\/udala\/antolakuntza-politikoa\/bozeramaileen-batzarra\/#breadcrumb"},"inLanguage":"eu-ES","potentialAction":[{"@type":"ReadAction","target":["https:\/\/www.valledeegues.com\/eu\/udala\/antolakuntza-politikoa\/bozeramaileen-batzarra\/"]}]},{"@type":"BreadcrumbList","@id":"https:\/\/www.valledeegues.com\/eu\/udala\/antolakuntza-politikoa\/bozeramaileen-batzarra\/#breadcrumb","itemListElement":[{"@type":"ListItem","position":1,"name":"Azala","item":"https:\/\/www.valledeegues.com\/eu\/"},{"@type":"ListItem","position":2,"name":"Udala","item":"https:\/\/www.valledeegues.com\/eu\/udala\/"},{"@type":"ListItem","position":3,"name":"Antolakuntza Politikoa","item":"https:\/\/www.valledeegues.com\/eu\/udala\/antolakuntza-politikoa\/"},{"@type":"ListItem","position":4,"name":"Bozeramaileen Batzarra"}]},{"@type":"WebSite","@id":"https:\/\/www.valledeegues.com\/eu\/#website","url":"https:\/\/www.valledeegues.com\/eu\/","name":"Ayuntamiento Valle de Eg\u00fc\u00e9s | Eguesibarko Udala","description":"Ayuntamiento Valle de Eg\u00fc\u00e9s | Eguesibarko Udala","publisher":{"@id":"https:\/\/www.valledeegues.com\/eu\/#organization"},"potentialAction":[{"@type":"SearchAction","target":{"@type":"EntryPoint","urlTemplate":"https:\/\/www.valledeegues.com\/eu\/?s={search_term_string}"},"query-input":{"@type":"PropertyValueSpecification","valueRequired":true,"valueName":"search_term_string"}}],"inLanguage":"eu-ES"},{"@type":"Organization","@id":"https:\/\/www.valledeegues.com\/eu\/#organization","name":"Ayuntamiento Valle de Egues","url":"https:\/\/www.valledeegues.com\/eu\/","logo":{"@type":"ImageObject","inLanguage":"eu-ES","@id":"https:\/\/www.valledeegues.com\/eu\/#\/schema\/logo\/image\/","url":"https:\/\/www.valledeegues.com\/wp-content\/uploads\/2019\/06\/logo-egues-escudo.svg","contentUrl":"https:\/\/www.valledeegues.com\/wp-content\/uploads\/2019\/06\/logo-egues-escudo.svg","width":529,"height":125,"caption":"Ayuntamiento Valle de Egues"},"image":{"@id":"https:\/\/www.valledeegues.com\/eu\/#\/schema\/logo\/image\/"},"sameAs":["https:\/\/www.facebook.com\/EguesEguesibar","https:\/\/x.com\/AValledeEgues","https:\/\/www.youtube.com\/channel\/UCUPvmkTy56ZAhGTVrzg4uDQ"]}]}},"_links":{"self":[{"href":"https:\/\/www.valledeegues.com\/eu\/wp-json\/wp\/v2\/pages\/7148","targetHints":{"allow":["GET"]}}],"collection":[{"href":"https:\/\/www.valledeegues.com\/eu\/wp-json\/wp\/v2\/pages"}],"about":[{"href":"https:\/\/www.valledeegues.com\/eu\/wp-json\/wp\/v2\/types\/page"}],"author":[{"embeddable":true,"href":"https:\/\/www.valledeegues.com\/eu\/wp-json\/wp\/v2\/users\/2"}],"replies":[{"embeddable":true,"href":"https:\/\/www.valledeegues.com\/eu\/wp-json\/wp\/v2\/comments?post=7148"}],"version-history":[{"count":9,"href":"https:\/\/www.valledeegues.com\/eu\/wp-json\/wp\/v2\/pages\/7148\/revisions"}],"predecessor-version":[{"id":47233,"href":"https:\/\/www.valledeegues.com\/eu\/wp-json\/wp\/v2\/pages\/7148\/revisions\/47233"}],"up":[{"embeddable":true,"href":"https:\/\/www.valledeegues.com\/eu\/wp-json\/wp\/v2\/pages\/45118"}],"wp:attachment":[{"href":"https:\/\/www.valledeegues.com\/eu\/wp-json\/wp\/v2\/media?parent=7148"}],"curies":[{"name":"wp","href":"https:\/\/api.w.org\/{rel}","templated":true}]}}