{"id":7144,"date":"2018-07-24T12:23:15","date_gmt":"2018-07-24T10:23:15","guid":{"rendered":"https:\/\/www.valledeegues.com\/?page_id=7144"},"modified":"2026-05-10T16:54:46","modified_gmt":"2026-05-10T14:54:46","slug":"tokiko-gobernu-batzarra","status":"publish","type":"page","link":"https:\/\/www.valledeegues.com\/eu\/udala\/antolakuntza-politikoa\/tokiko-gobernu-batzarra\/","title":{"rendered":"Tokiko Gobernu Batzarra"},"content":{"rendered":"<?xml encoding=\"utf-8\" ?><p>Organismo publiko bat da eta eginkizun beterazleak eta administratiboak ditu osoko bilkuraren egitekoak arintzeko eta Udalaren zuzendaritza politikoan laguntzeko.<\/p><p>Alkatea da batzarburu, eta hainbat zinegotzi dira kide. Zinegotzi kopurua ezin izanen da izan udalbatzak legez duen zinegotzi kopuruaren herena baino handiagoa. Alkatea erabat libre da zinegotzi horiek izendatzeko eta batzarretik kentzeko, osoko bilkurari horren berri emanda.<\/p><p>Tokiko Gobernu Batzarrak bere eskumenen barnean hartzen dituen erabakiek osoko bilkuran hartutako erabakien adinako balioa dute.<\/p><h3><b>NOR DIRA KIDE EGUESIBARKO EGUNGO GOBERNU BATZARREAN?<\/b><\/h3><h4>ALKATE ETA BATZARBURUA:<\/h4><p>Xuri&ntilde;e Pe&ntilde;as L&oacute;pez<\/p><h4>ALKATEORDEAK:<\/h4><p>Javier Villanueva Aldave<\/p><p>Sabi Atipov Keskinev<\/p><h4>ZINEGOTZIAK:<\/h4><p>Jos&eacute; Javier Marquinez Echegoyen<\/p><p>Mar&iacute;a Mercedes Mu&ntilde;oz Salda&ntilde;a<\/p><p>Luisa Mateo Zozaya<\/p><a class=\"idef-doc-button\" href=\"https:\/\/bon.navarra.es\/eu\/iragarkia\/-\/texto\/2025\/204\/30\" target=\"_blank\" rel=\"noopener noreferrer\">Tokiko Gobernu Batzarreko kideen izendapena<\/a>\n","protected":false},"excerpt":{"rendered":"<p>Organismo publiko bat da eta eginkizun beterazleak eta administratiboak ditu osoko bilkuraren egitekoak arintzeko eta Udalaren zuzendaritza politikoan laguntzeko. Alkatea da batzarburu, eta hainbat zinegotzi dira kide. Zinegotzi kopurua ezin izanen da izan udalbatzak legez duen zinegotzi kopuruaren herena baino handiagoa. Alkatea erabat libre da zinegotzi horiek izendatzeko eta batzarretik kentzeko, osoko bilkurari horren berri [&hellip;]<\/p>\n","protected":false},"author":2,"featured_media":0,"parent":45118,"menu_order":0,"comment_status":"closed","ping_status":"closed","template":"","meta":{"footnotes":""},"class_list":["post-7144","page","type-page","status-publish","hentry"],"yoast_head":"<!-- This site is optimized with the Yoast SEO plugin v27.5 - https:\/\/yoast.com\/product\/yoast-seo-wordpress\/ -->\r\n<title>Tokiko Gobernu Batzarra - Ayuntamiento Valle de Eg\u00fc\u00e9s | Eguesibarko Udala<\/title>\r\n<meta name=\"robots\" content=\"index, follow, max-snippet:-1, max-image-preview:large, max-video-preview:-1\" \/>\r\n<link rel=\"canonical\" href=\"https:\/\/www.valledeegues.com\/eu\/udala\/antolakuntza-politikoa\/tokiko-gobernu-batzarra\/\" \/>\r\n<meta property=\"og:locale\" content=\"eu_ES\" \/>\r\n<meta property=\"og:type\" content=\"article\" \/>\r\n<meta property=\"og:title\" content=\"Tokiko Gobernu Batzarra - Ayuntamiento Valle de Eg\u00fc\u00e9s | Eguesibarko Udala\" \/>\r\n<meta property=\"og:description\" content=\"Organismo publiko bat da eta eginkizun beterazleak eta administratiboak ditu osoko bilkuraren egitekoak arintzeko eta Udalaren zuzendaritza politikoan laguntzeko. Alkatea da batzarburu, eta hainbat zinegotzi dira kide. Zinegotzi kopurua ezin izanen da izan udalbatzak legez duen zinegotzi kopuruaren herena baino handiagoa. Alkatea erabat libre da zinegotzi horiek izendatzeko eta batzarretik kentzeko, osoko bilkurari horren berri [&hellip;]\" \/>\r\n<meta property=\"og:url\" content=\"https:\/\/www.valledeegues.com\/eu\/udala\/antolakuntza-politikoa\/tokiko-gobernu-batzarra\/\" \/>\r\n<meta property=\"og:site_name\" content=\"Ayuntamiento Valle de Eg\u00fc\u00e9s | Eguesibarko Udala\" \/>\r\n<meta property=\"article:publisher\" content=\"https:\/\/www.facebook.com\/EguesEguesibar\" \/>\r\n<meta property=\"article:modified_time\" content=\"2026-05-10T14:54:46+00:00\" \/>\r\n<meta name=\"twitter:card\" content=\"summary_large_image\" \/>\r\n<meta name=\"twitter:site\" content=\"@AValledeEgues\" \/>\r\n<meta name=\"twitter:label1\" content=\"Est. reading time\" \/>\n\t<meta name=\"twitter:data1\" content=\"1 minute\" \/>\r\n<script type=\"application\/ld+json\" class=\"yoast-schema-graph\">{\"@context\":\"https:\\\/\\\/schema.org\",\"@graph\":[{\"@type\":\"WebPage\",\"@id\":\"https:\\\/\\\/www.valledeegues.com\\\/eu\\\/udala\\\/antolakuntza-politikoa\\\/tokiko-gobernu-batzarra\\\/\",\"url\":\"https:\\\/\\\/www.valledeegues.com\\\/eu\\\/udala\\\/antolakuntza-politikoa\\\/tokiko-gobernu-batzarra\\\/\",\"name\":\"Tokiko Gobernu Batzarra - Ayuntamiento Valle de Eg\u00fc\u00e9s | Eguesibarko Udala\",\"isPartOf\":{\"@id\":\"https:\\\/\\\/www.valledeegues.com\\\/eu\\\/#website\"},\"datePublished\":\"2018-07-24T10:23:15+00:00\",\"dateModified\":\"2026-05-10T14:54:46+00:00\",\"breadcrumb\":{\"@id\":\"https:\\\/\\\/www.valledeegues.com\\\/eu\\\/udala\\\/antolakuntza-politikoa\\\/tokiko-gobernu-batzarra\\\/#breadcrumb\"},\"inLanguage\":\"eu-ES\",\"potentialAction\":[{\"@type\":\"ReadAction\",\"target\":[\"https:\\\/\\\/www.valledeegues.com\\\/eu\\\/udala\\\/antolakuntza-politikoa\\\/tokiko-gobernu-batzarra\\\/\"]}]},{\"@type\":\"BreadcrumbList\",\"@id\":\"https:\\\/\\\/www.valledeegues.com\\\/eu\\\/udala\\\/antolakuntza-politikoa\\\/tokiko-gobernu-batzarra\\\/#breadcrumb\",\"itemListElement\":[{\"@type\":\"ListItem\",\"position\":1,\"name\":\"Azala\",\"item\":\"https:\\\/\\\/www.valledeegues.com\\\/eu\\\/\"},{\"@type\":\"ListItem\",\"position\":2,\"name\":\"Udala\",\"item\":\"https:\\\/\\\/www.valledeegues.com\\\/eu\\\/udala\\\/\"},{\"@type\":\"ListItem\",\"position\":3,\"name\":\"Antolakuntza Politikoa\",\"item\":\"https:\\\/\\\/www.valledeegues.com\\\/eu\\\/udala\\\/antolakuntza-politikoa\\\/\"},{\"@type\":\"ListItem\",\"position\":4,\"name\":\"Tokiko Gobernu Batzarra\"}]},{\"@type\":\"WebSite\",\"@id\":\"https:\\\/\\\/www.valledeegues.com\\\/eu\\\/#website\",\"url\":\"https:\\\/\\\/www.valledeegues.com\\\/eu\\\/\",\"name\":\"Ayuntamiento Valle de Eg\u00fc\u00e9s | Eguesibarko Udala\",\"description\":\"Ayuntamiento Valle de Eg\u00fc\u00e9s | Eguesibarko Udala\",\"publisher\":{\"@id\":\"https:\\\/\\\/www.valledeegues.com\\\/eu\\\/#organization\"},\"potentialAction\":[{\"@type\":\"SearchAction\",\"target\":{\"@type\":\"EntryPoint\",\"urlTemplate\":\"https:\\\/\\\/www.valledeegues.com\\\/eu\\\/?s={search_term_string}\"},\"query-input\":{\"@type\":\"PropertyValueSpecification\",\"valueRequired\":true,\"valueName\":\"search_term_string\"}}],\"inLanguage\":\"eu-ES\"},{\"@type\":\"Organization\",\"@id\":\"https:\\\/\\\/www.valledeegues.com\\\/eu\\\/#organization\",\"name\":\"Ayuntamiento Valle de Egues\",\"url\":\"https:\\\/\\\/www.valledeegues.com\\\/eu\\\/\",\"logo\":{\"@type\":\"ImageObject\",\"inLanguage\":\"eu-ES\",\"@id\":\"https:\\\/\\\/www.valledeegues.com\\\/eu\\\/#\\\/schema\\\/logo\\\/image\\\/\",\"url\":\"https:\\\/\\\/www.valledeegues.com\\\/wp-content\\\/uploads\\\/2019\\\/06\\\/logo-egues-escudo.svg\",\"contentUrl\":\"https:\\\/\\\/www.valledeegues.com\\\/wp-content\\\/uploads\\\/2019\\\/06\\\/logo-egues-escudo.svg\",\"width\":529,\"height\":125,\"caption\":\"Ayuntamiento Valle de Egues\"},\"image\":{\"@id\":\"https:\\\/\\\/www.valledeegues.com\\\/eu\\\/#\\\/schema\\\/logo\\\/image\\\/\"},\"sameAs\":[\"https:\\\/\\\/www.facebook.com\\\/EguesEguesibar\",\"https:\\\/\\\/x.com\\\/AValledeEgues\",\"https:\\\/\\\/www.youtube.com\\\/channel\\\/UCUPvmkTy56ZAhGTVrzg4uDQ\"]}]}<\/script>\r\n<!-- \/ Yoast SEO plugin. -->","yoast_head_json":{"title":"Tokiko Gobernu Batzarra - Ayuntamiento Valle de Eg\u00fc\u00e9s | Eguesibarko Udala","robots":{"index":"index","follow":"follow","max-snippet":"max-snippet:-1","max-image-preview":"max-image-preview:large","max-video-preview":"max-video-preview:-1"},"canonical":"https:\/\/www.valledeegues.com\/eu\/udala\/antolakuntza-politikoa\/tokiko-gobernu-batzarra\/","og_locale":"eu_ES","og_type":"article","og_title":"Tokiko Gobernu Batzarra - Ayuntamiento Valle de Eg\u00fc\u00e9s | Eguesibarko Udala","og_description":"Organismo publiko bat da eta eginkizun beterazleak eta administratiboak ditu osoko bilkuraren egitekoak arintzeko eta Udalaren zuzendaritza politikoan laguntzeko. Alkatea da batzarburu, eta hainbat zinegotzi dira kide. Zinegotzi kopurua ezin izanen da izan udalbatzak legez duen zinegotzi kopuruaren herena baino handiagoa. Alkatea erabat libre da zinegotzi horiek izendatzeko eta batzarretik kentzeko, osoko bilkurari horren berri [&hellip;]","og_url":"https:\/\/www.valledeegues.com\/eu\/udala\/antolakuntza-politikoa\/tokiko-gobernu-batzarra\/","og_site_name":"Ayuntamiento Valle de Eg\u00fc\u00e9s | Eguesibarko Udala","article_publisher":"https:\/\/www.facebook.com\/EguesEguesibar","article_modified_time":"2026-05-10T14:54:46+00:00","twitter_card":"summary_large_image","twitter_site":"@AValledeEgues","twitter_misc":{"Est. reading time":"1 minute"},"schema":{"@context":"https:\/\/schema.org","@graph":[{"@type":"WebPage","@id":"https:\/\/www.valledeegues.com\/eu\/udala\/antolakuntza-politikoa\/tokiko-gobernu-batzarra\/","url":"https:\/\/www.valledeegues.com\/eu\/udala\/antolakuntza-politikoa\/tokiko-gobernu-batzarra\/","name":"Tokiko Gobernu Batzarra - Ayuntamiento Valle de Eg\u00fc\u00e9s | Eguesibarko Udala","isPartOf":{"@id":"https:\/\/www.valledeegues.com\/eu\/#website"},"datePublished":"2018-07-24T10:23:15+00:00","dateModified":"2026-05-10T14:54:46+00:00","breadcrumb":{"@id":"https:\/\/www.valledeegues.com\/eu\/udala\/antolakuntza-politikoa\/tokiko-gobernu-batzarra\/#breadcrumb"},"inLanguage":"eu-ES","potentialAction":[{"@type":"ReadAction","target":["https:\/\/www.valledeegues.com\/eu\/udala\/antolakuntza-politikoa\/tokiko-gobernu-batzarra\/"]}]},{"@type":"BreadcrumbList","@id":"https:\/\/www.valledeegues.com\/eu\/udala\/antolakuntza-politikoa\/tokiko-gobernu-batzarra\/#breadcrumb","itemListElement":[{"@type":"ListItem","position":1,"name":"Azala","item":"https:\/\/www.valledeegues.com\/eu\/"},{"@type":"ListItem","position":2,"name":"Udala","item":"https:\/\/www.valledeegues.com\/eu\/udala\/"},{"@type":"ListItem","position":3,"name":"Antolakuntza Politikoa","item":"https:\/\/www.valledeegues.com\/eu\/udala\/antolakuntza-politikoa\/"},{"@type":"ListItem","position":4,"name":"Tokiko Gobernu Batzarra"}]},{"@type":"WebSite","@id":"https:\/\/www.valledeegues.com\/eu\/#website","url":"https:\/\/www.valledeegues.com\/eu\/","name":"Ayuntamiento Valle de Eg\u00fc\u00e9s | Eguesibarko Udala","description":"Ayuntamiento Valle de Eg\u00fc\u00e9s | Eguesibarko Udala","publisher":{"@id":"https:\/\/www.valledeegues.com\/eu\/#organization"},"potentialAction":[{"@type":"SearchAction","target":{"@type":"EntryPoint","urlTemplate":"https:\/\/www.valledeegues.com\/eu\/?s={search_term_string}"},"query-input":{"@type":"PropertyValueSpecification","valueRequired":true,"valueName":"search_term_string"}}],"inLanguage":"eu-ES"},{"@type":"Organization","@id":"https:\/\/www.valledeegues.com\/eu\/#organization","name":"Ayuntamiento Valle de Egues","url":"https:\/\/www.valledeegues.com\/eu\/","logo":{"@type":"ImageObject","inLanguage":"eu-ES","@id":"https:\/\/www.valledeegues.com\/eu\/#\/schema\/logo\/image\/","url":"https:\/\/www.valledeegues.com\/wp-content\/uploads\/2019\/06\/logo-egues-escudo.svg","contentUrl":"https:\/\/www.valledeegues.com\/wp-content\/uploads\/2019\/06\/logo-egues-escudo.svg","width":529,"height":125,"caption":"Ayuntamiento Valle de Egues"},"image":{"@id":"https:\/\/www.valledeegues.com\/eu\/#\/schema\/logo\/image\/"},"sameAs":["https:\/\/www.facebook.com\/EguesEguesibar","https:\/\/x.com\/AValledeEgues","https:\/\/www.youtube.com\/channel\/UCUPvmkTy56ZAhGTVrzg4uDQ"]}]}},"_links":{"self":[{"href":"https:\/\/www.valledeegues.com\/eu\/wp-json\/wp\/v2\/pages\/7144","targetHints":{"allow":["GET"]}}],"collection":[{"href":"https:\/\/www.valledeegues.com\/eu\/wp-json\/wp\/v2\/pages"}],"about":[{"href":"https:\/\/www.valledeegues.com\/eu\/wp-json\/wp\/v2\/types\/page"}],"author":[{"embeddable":true,"href":"https:\/\/www.valledeegues.com\/eu\/wp-json\/wp\/v2\/users\/2"}],"replies":[{"embeddable":true,"href":"https:\/\/www.valledeegues.com\/eu\/wp-json\/wp\/v2\/comments?post=7144"}],"version-history":[{"count":12,"href":"https:\/\/www.valledeegues.com\/eu\/wp-json\/wp\/v2\/pages\/7144\/revisions"}],"predecessor-version":[{"id":47200,"href":"https:\/\/www.valledeegues.com\/eu\/wp-json\/wp\/v2\/pages\/7144\/revisions\/47200"}],"up":[{"embeddable":true,"href":"https:\/\/www.valledeegues.com\/eu\/wp-json\/wp\/v2\/pages\/45118"}],"wp:attachment":[{"href":"https:\/\/www.valledeegues.com\/eu\/wp-json\/wp\/v2\/media?parent=7144"}],"curies":[{"name":"wp","href":"https:\/\/api.w.org\/{rel}","templated":true}]}}