{"id":7089,"date":"2018-07-23T12:47:05","date_gmt":"2018-07-23T10:47:05","guid":{"rendered":"https:\/\/www.valledeegues.com\/comisiones\/"},"modified":"2026-05-11T09:35:31","modified_gmt":"2026-05-11T07:35:31","slug":"batzordeak","status":"publish","type":"page","link":"https:\/\/www.valledeegues.com\/eu\/udala\/antolakuntza-politikoa\/batzordeak\/","title":{"rendered":"Batzordeak"},"content":{"rendered":"<?xml encoding=\"utf-8\" ?><p>Osoko bilkuraren erabakipean jarriko diren gaiak aztertu, informatu, prestatu eta nahitaez kontsultatzeko eginkizunak dituzten organoak dira, betiere Osoko bilkurak berak premiazkotzat jotzen dituen gaiak izan ezik. Halaber, Alkatearen, Tokiko Gobernu Batzarraren nahiz zinegotzi delegatuen kudeaketaren jarraipena egiten dute.<\/p><p>Alkatea da buru batzorde guztietan, baina burutza Udalbatzako edozein kiderengan eskuordetu dezake. Udal talde bakoitzeko bozeramaileak dira batzordeetako kide.<\/p><p>Kontzejuetako buruek batzordeetan parte hartzeko eskaera egin dezakete, Kontzejuei eragiten dizkieten gaiak eztabaidatzen direnean.<\/p><h3><strong>ZER BATZORDE DAUDE GAUR EGUN ETA NOR DIRA KIDE?<\/strong><\/h3><div class=\"bloque class-col-xs-12\"><a href=\"#ogasun_batzordea\" class=\"bloque-tab\">Udal egiturako informazio batzordea, Ogasun, Kontu eta Langileria Batzorde berezi gisa ere jardungo duena<\/a><div class=\"contenido-bloque\" id=\"ogasun_batzordea\" style=\"display: none;\">\n<ul>\n<li>UPN: Xuri&ntilde;e Pe&ntilde;as, Javier Villanueva, Sabi Atipov eta Luisa Mateo<\/li>\n<li>EH BILDU: Ainara Gonz&aacute;lez e Izaskun Juarez<\/li>\n<li>V!VEG&Uuml;&Eacute;S: Juan Manuel Baquero y Noelia Echarri<\/li>\n<li>PSN: Mikel Bezunartea y Javier Jim&eacute;nez<\/li>\n<li>GEROA BAI: Helena Arruabarrena<\/li>\n<li>PP: Mar&iacute;a Inmaculada M&uacute;gica<\/li>\n<li>CONTIGO EG&Uuml;&Eacute;S: Ainhoa Azn&aacute;rez<\/li>\n<li>VECINOS POR EL VALLE: Juliana Anchundia<\/li>\n<\/ul>\n<p><\/p><\/div><\/div><div class=\"bloque class-col-xs-12\"><a href=\"#hirigintza_batzordea\" class=\"bloque-tab\">Hirigintza, Ingurumena, Iraunkortasuna, Paisaia Babestuak eta Etxebizitza Batzordea<\/a><div class=\"contenido-bloque\" id=\"hirigintza_batzordea\" style=\"display: none;\">\n<ul>\n<li>UPN: Xuri&ntilde;e Pe&ntilde;as, Sabi Atipov, Mar&iacute;a Mercedes Mu&ntilde;oz eta Luisa Mateo<\/li>\n<li>EH BILDU: Ainara Gonz&aacute;lez y Saioa Alonso<\/li>\n<li>V!VEG&Uuml;&Eacute;S: Juan Manuel Baquero y Noelia Echarri<\/li>\n<li>PSN: Mikel Bezunartea y Javier Jim&eacute;nez<\/li>\n<li>GEROA BAI: Helena Arruabarrena<\/li>\n<li>PP: Mar&iacute;a Inmaculada M&uacute;gica<\/li>\n<li>CONTIGO EG&Uuml;&Eacute;S: Ainhoa Azn&aacute;rez<\/li>\n<li>VECINOS POR EL VALLE: Juliana Anchundia<\/li>\n<\/ul>\n<p><strong>&nbsp;<\/strong><\/p><\/div><\/div><div class=\"bloque class-col-xs-12\"><a href=\"#kultura_batzordea\" class=\"bloque-tab\">Kultura, Euskara eta Ondarearen Informazio Batzordea<\/a><div class=\"contenido-bloque\" id=\"kultura_batzordea\" style=\"display: none;\">\n<ul>\n<li>UPN: Xuri&ntilde;e Pe&ntilde;as, Javier Villanueva, Mar&iacute;a Mercedes Mu&ntilde;oz eta Luisa Mateo<\/li>\n<li>EH BILDU: Saioa Alonso y Anne Appriou<\/li>\n<li>V!VEG&Uuml;&Eacute;S: Juan Manuel Baquero y Jes&uacute;s Mateo Moreno<\/li>\n<li>PSN: Mikel Bezunartea y Javier Jim&eacute;nez<\/li>\n<li>GEROA BAI: Helena Arruabarrena<\/li>\n<li>PP: Mar&iacute;a Inmaculada M&uacute;gica<\/li>\n<li>CONTIGO EG&Uuml;&Eacute;S: Ainhoa Azn&aacute;rez<\/li>\n<li>VECINOS POR EL VALLE: Juliana Anchundia<\/li>\n<\/ul>\n<p><\/p><\/div><\/div><div class=\"bloque class-col-xs-12\"><a href=\"#hiri_garapena_batzordea\" class=\"bloque-tab\">Toki, Hiri eta Landa Garapeneko, Berrikuntzako, Industriako, Merkataritzako, Turismoko, Kontzejuetako eta Erripaga&ntilde;ako informazio batzordea<\/a><div class=\"contenido-bloque\" id=\"hiri_garapena_batzordea\" style=\"display: none;\">\n<ul>\n<li>UPN: Xuri&ntilde;e Pe&ntilde;as, Sabi Atipov, Mar&iacute;a Mercedes Mu&ntilde;oz eta Jos&eacute; Javier Marqu&iacute;nez<\/li>\n<li>EH BILDU: Izaskun Juarez y Anne Appriou<\/li>\n<li>V!VEG&Uuml;&Eacute;S: Juan Manuel Baquero y Noelia Echarri<\/li>\n<li>PSN: M&ordf; &Aacute;ngeles Sainz y Javier Jim&eacute;nez<\/li>\n<li>GEROA BAI: Helena Arruabarrena<\/li>\n<li>PP: Mar&iacute;a Inmaculada M&uacute;gica<\/li>\n<li>CONTIGO EG&Uuml;&Eacute;S: Ainhoa Azn&aacute;rez<\/li>\n<li>VECINOS POR EL VALLE: Juliana Anchundia<\/li>\n<\/ul>\n<p><\/p><\/div><\/div><div class=\"bloque class-col-xs-12\"><a href=\"#berdintasun_batzordea\" class=\"bloque-tab\">Berdintasuna, Ekitatea, Inklusioa, Aniztasuna, LGTBI+, Pertsona Migratuak, Indarkeria Matxista eta Herritarren Babesa informazio batzordea<\/a><div class=\"contenido-bloque\" id=\"berdintasun_batzordea\" style=\"display: none;\">\n<ul>\n<li>UPN: Javier Villanueva, Jos&eacute; Javier Marqu&iacute;nez, Luisa Mateo eta Sabi Atipov<\/li>\n<li>EH BILDU: Anne Appriou y Saioa Alonso<\/li>\n<li>V!VEG&Uuml;&Eacute;S: Juan Manuel Baquero y Jes&uacute;s Mateo Moreno<\/li>\n<li>PSN: M&ordf; &Aacute;ngeles Sainz y Mikel Bezunartea<\/li>\n<li>GEROA BAI: Joseba Ordu&ntilde;a<\/li>\n<li>PP: Mar&iacute;a Inmaculada M&uacute;gica<\/li>\n<li>CONTIGO EG&Uuml;&Eacute;S: Ainhoa Azn&aacute;rez<\/li>\n<li>VECINOS POR EL VALLE: Juliana Anchundia<\/li>\n<\/ul>\n<p><\/p><\/div><\/div><div class=\"bloque class-col-xs-12\"><a href=\"#gizarte_eskubideen_batzordea\" class=\"bloque-tab\">Gizarte Eskubideen, Haurren eta Adinekoen Informazio Batzordea<\/a><div class=\"contenido-bloque\" id=\"gizarte_eskubideen_batzordea\" style=\"display: none;\">\n<ul>\n<li>UPN: Sabi Atipov, Javier Villanueva, Jos&eacute; Javier Marqu&iacute;nez y Luisa Mateo<\/li>\n<li>EH BILDU: Ainara Gonz&aacute;lez y Saioa Alonso<\/li>\n<li>V!VEG&Uuml;&Eacute;S: Juan Manuel Baquero y Jes&uacute;s Mateo Moreno<\/li>\n<li>PSN: M&ordf; &Aacute;ngeles Sainz y Mikel Bezunartea<\/li>\n<li>GEROA BAI: Joseba Ordu&ntilde;a<\/li>\n<li>PP: Mar&iacute;a Inmaculada M&uacute;gica<\/li>\n<li>CONTIGO EG&Uuml;&Eacute;S: Ainhoa Azn&aacute;rez<\/li>\n<li>VECINOS POR EL VALLE: Juliana Anchundia<\/li>\n<\/ul>\n<p><\/p><\/div><\/div><div class=\"bloque class-col-xs-12\"><a href=\"#gazteria_batzordea\" class=\"bloque-tab\">Gazteria, Herritarren Partaidetza, Modernizazioa, Hezkuntza, 0-3, Haur, Lehen eta Bigarren Hezkuntzako Eskolak eta Musika Eskola<\/a><div class=\"contenido-bloque\" id=\"gazteria_batzordea\" style=\"display: none;\">\n<ul>\n<li>UPN: Xuri&ntilde;e Pe&ntilde;as, Javier Villanueva, Jos&eacute; Javier Marqu&iacute;nez y Luisa Mateo<\/li>\n<li>EH BILDU: Ainara Gonz&aacute;lez y Saioa Alonso<\/li>\n<li>V!VEG&Uuml;&Eacute;S: Jes&uacute;s Mateo Moreno y Juan Manuel Baquero<\/li>\n<li>PSN: M&ordf; &Aacute;ngeles Sainz y Javier Jim&eacute;nez<\/li>\n<li>GEROA BAI: Joseba Ordu&ntilde;a<\/li>\n<li>PP: Mar&iacute;a Inmaculada M&uacute;gica<\/li>\n<li>CONTIGO EG&Uuml;&Eacute;S: Ainhoa Azn&aacute;rez<\/li>\n<li>VECINOS POR EL VALLE: Juliana Anchundia<\/li>\n<\/ul>\n<p><\/p><\/div><\/div><div class=\"bloque class-col-xs-12\"><a href=\"#kirol_batzordea\" class=\"bloque-tab\">Kirol eta Osasun Komunitarioko Informazio Batzordea<\/a><div class=\"contenido-bloque\" id=\"kirol_batzordea\" style=\"display: none;\">\n<ul>\n<li>UPN: Javier Villanueva, Mar&iacute;a Mercedes Mu&ntilde;oz, Jos&eacute; Javier Marqu&iacute;nez y Sabi Atipov<\/li>\n<li>EH BILDU: Izaskun Juarez y Anne Appriou<\/li>\n<li>V!VEG&Uuml;&Eacute;S: Jes&uacute;s Mateo Moreno y Noelia Echarri<\/li>\n<li>PSN: M&ordf; &Aacute;ngeles Sainz y Javier Jim&eacute;nez<\/li>\n<li>GEROA BAI: Joseba Ordu&ntilde;a<\/li>\n<li>PP: Mar&iacute;a Inmaculada M&uacute;gica<\/li>\n<li>CONTIGO EG&Uuml;&Eacute;S: Ainhoa Azn&aacute;rez<\/li>\n<li>VECINOS POR EL VALLE: Juliana Anchundia<\/li>\n<\/ul>\n<p><\/p><\/div><\/div>\n","protected":false},"excerpt":{"rendered":"<p>Osoko bilkuraren erabakipean jarriko diren gaiak aztertu, informatu, prestatu eta nahitaez kontsultatzeko eginkizunak dituzten organoak dira, betiere Osoko bilkurak berak premiazkotzat jotzen dituen gaiak izan ezik. Halaber, Alkatearen, Tokiko Gobernu Batzarraren nahiz zinegotzi delegatuen kudeaketaren jarraipena egiten dute. Alkatea da buru batzorde guztietan, baina burutza Udalbatzako edozein kiderengan eskuordetu dezake. Udal talde bakoitzeko bozeramaileak dira [&hellip;]<\/p>\n","protected":false},"author":2,"featured_media":0,"parent":45118,"menu_order":0,"comment_status":"closed","ping_status":"closed","template":"","meta":{"footnotes":""},"class_list":["post-7089","page","type-page","status-publish","hentry"],"yoast_head":"<!-- This site is optimized with the Yoast SEO plugin v27.5 - https:\/\/yoast.com\/product\/yoast-seo-wordpress\/ -->\r\n<title>Batzordeak - Ayuntamiento Valle de Eg\u00fc\u00e9s | Eguesibarko Udala<\/title>\r\n<meta name=\"robots\" content=\"index, follow, max-snippet:-1, max-image-preview:large, max-video-preview:-1\" \/>\r\n<link rel=\"canonical\" href=\"https:\/\/www.valledeegues.com\/eu\/udala\/antolakuntza-politikoa\/batzordeak\/\" \/>\r\n<meta property=\"og:locale\" content=\"eu_ES\" \/>\r\n<meta property=\"og:type\" content=\"article\" \/>\r\n<meta property=\"og:title\" content=\"Batzordeak - Ayuntamiento Valle de Eg\u00fc\u00e9s | Eguesibarko Udala\" \/>\r\n<meta property=\"og:description\" content=\"Osoko bilkuraren erabakipean jarriko diren gaiak aztertu, informatu, prestatu eta nahitaez kontsultatzeko eginkizunak dituzten organoak dira, betiere Osoko bilkurak berak premiazkotzat jotzen dituen gaiak izan ezik. Halaber, Alkatearen, Tokiko Gobernu Batzarraren nahiz zinegotzi delegatuen kudeaketaren jarraipena egiten dute. Alkatea da buru batzorde guztietan, baina burutza Udalbatzako edozein kiderengan eskuordetu dezake. Udal talde bakoitzeko bozeramaileak dira [&hellip;]\" \/>\r\n<meta property=\"og:url\" content=\"https:\/\/www.valledeegues.com\/eu\/udala\/antolakuntza-politikoa\/batzordeak\/\" \/>\r\n<meta property=\"og:site_name\" content=\"Ayuntamiento Valle de Eg\u00fc\u00e9s | Eguesibarko Udala\" \/>\r\n<meta property=\"article:publisher\" content=\"https:\/\/www.facebook.com\/EguesEguesibar\" \/>\r\n<meta property=\"article:modified_time\" content=\"2026-05-11T07:35:31+00:00\" \/>\r\n<meta name=\"twitter:card\" content=\"summary_large_image\" \/>\r\n<meta name=\"twitter:site\" content=\"@AValledeEgues\" \/>\r\n<meta name=\"twitter:label1\" content=\"Est. reading time\" \/>\n\t<meta name=\"twitter:data1\" content=\"3 minutes\" \/>\r\n<script type=\"application\/ld+json\" class=\"yoast-schema-graph\">{\"@context\":\"https:\\\/\\\/schema.org\",\"@graph\":[{\"@type\":\"WebPage\",\"@id\":\"https:\\\/\\\/www.valledeegues.com\\\/eu\\\/udala\\\/antolakuntza-politikoa\\\/batzordeak\\\/\",\"url\":\"https:\\\/\\\/www.valledeegues.com\\\/eu\\\/udala\\\/antolakuntza-politikoa\\\/batzordeak\\\/\",\"name\":\"Batzordeak - Ayuntamiento Valle de Eg\u00fc\u00e9s | Eguesibarko Udala\",\"isPartOf\":{\"@id\":\"https:\\\/\\\/www.valledeegues.com\\\/eu\\\/#website\"},\"datePublished\":\"2018-07-23T10:47:05+00:00\",\"dateModified\":\"2026-05-11T07:35:31+00:00\",\"breadcrumb\":{\"@id\":\"https:\\\/\\\/www.valledeegues.com\\\/eu\\\/udala\\\/antolakuntza-politikoa\\\/batzordeak\\\/#breadcrumb\"},\"inLanguage\":\"eu-ES\",\"potentialAction\":[{\"@type\":\"ReadAction\",\"target\":[\"https:\\\/\\\/www.valledeegues.com\\\/eu\\\/udala\\\/antolakuntza-politikoa\\\/batzordeak\\\/\"]}]},{\"@type\":\"BreadcrumbList\",\"@id\":\"https:\\\/\\\/www.valledeegues.com\\\/eu\\\/udala\\\/antolakuntza-politikoa\\\/batzordeak\\\/#breadcrumb\",\"itemListElement\":[{\"@type\":\"ListItem\",\"position\":1,\"name\":\"Azala\",\"item\":\"https:\\\/\\\/www.valledeegues.com\\\/eu\\\/\"},{\"@type\":\"ListItem\",\"position\":2,\"name\":\"Udala\",\"item\":\"https:\\\/\\\/www.valledeegues.com\\\/eu\\\/udala\\\/\"},{\"@type\":\"ListItem\",\"position\":3,\"name\":\"Antolakuntza Politikoa\",\"item\":\"https:\\\/\\\/www.valledeegues.com\\\/eu\\\/udala\\\/antolakuntza-politikoa\\\/\"},{\"@type\":\"ListItem\",\"position\":4,\"name\":\"Batzordeak\"}]},{\"@type\":\"WebSite\",\"@id\":\"https:\\\/\\\/www.valledeegues.com\\\/eu\\\/#website\",\"url\":\"https:\\\/\\\/www.valledeegues.com\\\/eu\\\/\",\"name\":\"Ayuntamiento Valle de Eg\u00fc\u00e9s | Eguesibarko Udala\",\"description\":\"Ayuntamiento Valle de Eg\u00fc\u00e9s | Eguesibarko Udala\",\"publisher\":{\"@id\":\"https:\\\/\\\/www.valledeegues.com\\\/eu\\\/#organization\"},\"potentialAction\":[{\"@type\":\"SearchAction\",\"target\":{\"@type\":\"EntryPoint\",\"urlTemplate\":\"https:\\\/\\\/www.valledeegues.com\\\/eu\\\/?s={search_term_string}\"},\"query-input\":{\"@type\":\"PropertyValueSpecification\",\"valueRequired\":true,\"valueName\":\"search_term_string\"}}],\"inLanguage\":\"eu-ES\"},{\"@type\":\"Organization\",\"@id\":\"https:\\\/\\\/www.valledeegues.com\\\/eu\\\/#organization\",\"name\":\"Ayuntamiento Valle de Egues\",\"url\":\"https:\\\/\\\/www.valledeegues.com\\\/eu\\\/\",\"logo\":{\"@type\":\"ImageObject\",\"inLanguage\":\"eu-ES\",\"@id\":\"https:\\\/\\\/www.valledeegues.com\\\/eu\\\/#\\\/schema\\\/logo\\\/image\\\/\",\"url\":\"https:\\\/\\\/www.valledeegues.com\\\/wp-content\\\/uploads\\\/2019\\\/06\\\/logo-egues-escudo.svg\",\"contentUrl\":\"https:\\\/\\\/www.valledeegues.com\\\/wp-content\\\/uploads\\\/2019\\\/06\\\/logo-egues-escudo.svg\",\"width\":529,\"height\":125,\"caption\":\"Ayuntamiento Valle de Egues\"},\"image\":{\"@id\":\"https:\\\/\\\/www.valledeegues.com\\\/eu\\\/#\\\/schema\\\/logo\\\/image\\\/\"},\"sameAs\":[\"https:\\\/\\\/www.facebook.com\\\/EguesEguesibar\",\"https:\\\/\\\/x.com\\\/AValledeEgues\",\"https:\\\/\\\/www.youtube.com\\\/channel\\\/UCUPvmkTy56ZAhGTVrzg4uDQ\"]}]}<\/script>\r\n<!-- \/ Yoast SEO plugin. -->","yoast_head_json":{"title":"Batzordeak - Ayuntamiento Valle de Eg\u00fc\u00e9s | Eguesibarko Udala","robots":{"index":"index","follow":"follow","max-snippet":"max-snippet:-1","max-image-preview":"max-image-preview:large","max-video-preview":"max-video-preview:-1"},"canonical":"https:\/\/www.valledeegues.com\/eu\/udala\/antolakuntza-politikoa\/batzordeak\/","og_locale":"eu_ES","og_type":"article","og_title":"Batzordeak - Ayuntamiento Valle de Eg\u00fc\u00e9s | Eguesibarko Udala","og_description":"Osoko bilkuraren erabakipean jarriko diren gaiak aztertu, informatu, prestatu eta nahitaez kontsultatzeko eginkizunak dituzten organoak dira, betiere Osoko bilkurak berak premiazkotzat jotzen dituen gaiak izan ezik. Halaber, Alkatearen, Tokiko Gobernu Batzarraren nahiz zinegotzi delegatuen kudeaketaren jarraipena egiten dute. Alkatea da buru batzorde guztietan, baina burutza Udalbatzako edozein kiderengan eskuordetu dezake. Udal talde bakoitzeko bozeramaileak dira [&hellip;]","og_url":"https:\/\/www.valledeegues.com\/eu\/udala\/antolakuntza-politikoa\/batzordeak\/","og_site_name":"Ayuntamiento Valle de Eg\u00fc\u00e9s | Eguesibarko Udala","article_publisher":"https:\/\/www.facebook.com\/EguesEguesibar","article_modified_time":"2026-05-11T07:35:31+00:00","twitter_card":"summary_large_image","twitter_site":"@AValledeEgues","twitter_misc":{"Est. reading time":"3 minutes"},"schema":{"@context":"https:\/\/schema.org","@graph":[{"@type":"WebPage","@id":"https:\/\/www.valledeegues.com\/eu\/udala\/antolakuntza-politikoa\/batzordeak\/","url":"https:\/\/www.valledeegues.com\/eu\/udala\/antolakuntza-politikoa\/batzordeak\/","name":"Batzordeak - Ayuntamiento Valle de Eg\u00fc\u00e9s | Eguesibarko Udala","isPartOf":{"@id":"https:\/\/www.valledeegues.com\/eu\/#website"},"datePublished":"2018-07-23T10:47:05+00:00","dateModified":"2026-05-11T07:35:31+00:00","breadcrumb":{"@id":"https:\/\/www.valledeegues.com\/eu\/udala\/antolakuntza-politikoa\/batzordeak\/#breadcrumb"},"inLanguage":"eu-ES","potentialAction":[{"@type":"ReadAction","target":["https:\/\/www.valledeegues.com\/eu\/udala\/antolakuntza-politikoa\/batzordeak\/"]}]},{"@type":"BreadcrumbList","@id":"https:\/\/www.valledeegues.com\/eu\/udala\/antolakuntza-politikoa\/batzordeak\/#breadcrumb","itemListElement":[{"@type":"ListItem","position":1,"name":"Azala","item":"https:\/\/www.valledeegues.com\/eu\/"},{"@type":"ListItem","position":2,"name":"Udala","item":"https:\/\/www.valledeegues.com\/eu\/udala\/"},{"@type":"ListItem","position":3,"name":"Antolakuntza Politikoa","item":"https:\/\/www.valledeegues.com\/eu\/udala\/antolakuntza-politikoa\/"},{"@type":"ListItem","position":4,"name":"Batzordeak"}]},{"@type":"WebSite","@id":"https:\/\/www.valledeegues.com\/eu\/#website","url":"https:\/\/www.valledeegues.com\/eu\/","name":"Ayuntamiento Valle de Eg\u00fc\u00e9s | Eguesibarko Udala","description":"Ayuntamiento Valle de Eg\u00fc\u00e9s | Eguesibarko Udala","publisher":{"@id":"https:\/\/www.valledeegues.com\/eu\/#organization"},"potentialAction":[{"@type":"SearchAction","target":{"@type":"EntryPoint","urlTemplate":"https:\/\/www.valledeegues.com\/eu\/?s={search_term_string}"},"query-input":{"@type":"PropertyValueSpecification","valueRequired":true,"valueName":"search_term_string"}}],"inLanguage":"eu-ES"},{"@type":"Organization","@id":"https:\/\/www.valledeegues.com\/eu\/#organization","name":"Ayuntamiento Valle de Egues","url":"https:\/\/www.valledeegues.com\/eu\/","logo":{"@type":"ImageObject","inLanguage":"eu-ES","@id":"https:\/\/www.valledeegues.com\/eu\/#\/schema\/logo\/image\/","url":"https:\/\/www.valledeegues.com\/wp-content\/uploads\/2019\/06\/logo-egues-escudo.svg","contentUrl":"https:\/\/www.valledeegues.com\/wp-content\/uploads\/2019\/06\/logo-egues-escudo.svg","width":529,"height":125,"caption":"Ayuntamiento Valle de Egues"},"image":{"@id":"https:\/\/www.valledeegues.com\/eu\/#\/schema\/logo\/image\/"},"sameAs":["https:\/\/www.facebook.com\/EguesEguesibar","https:\/\/x.com\/AValledeEgues","https:\/\/www.youtube.com\/channel\/UCUPvmkTy56ZAhGTVrzg4uDQ"]}]}},"_links":{"self":[{"href":"https:\/\/www.valledeegues.com\/eu\/wp-json\/wp\/v2\/pages\/7089","targetHints":{"allow":["GET"]}}],"collection":[{"href":"https:\/\/www.valledeegues.com\/eu\/wp-json\/wp\/v2\/pages"}],"about":[{"href":"https:\/\/www.valledeegues.com\/eu\/wp-json\/wp\/v2\/types\/page"}],"author":[{"embeddable":true,"href":"https:\/\/www.valledeegues.com\/eu\/wp-json\/wp\/v2\/users\/2"}],"replies":[{"embeddable":true,"href":"https:\/\/www.valledeegues.com\/eu\/wp-json\/wp\/v2\/comments?post=7089"}],"version-history":[{"count":6,"href":"https:\/\/www.valledeegues.com\/eu\/wp-json\/wp\/v2\/pages\/7089\/revisions"}],"predecessor-version":[{"id":47212,"href":"https:\/\/www.valledeegues.com\/eu\/wp-json\/wp\/v2\/pages\/7089\/revisions\/47212"}],"up":[{"embeddable":true,"href":"https:\/\/www.valledeegues.com\/eu\/wp-json\/wp\/v2\/pages\/45118"}],"wp:attachment":[{"href":"https:\/\/www.valledeegues.com\/eu\/wp-json\/wp\/v2\/media?parent=7089"}],"curies":[{"name":"wp","href":"https:\/\/api.w.org\/{rel}","templated":true}]}}