{"id":6662,"date":"2018-11-30T12:40:40","date_gmt":"2018-11-30T11:40:40","guid":{"rendered":"https:\/\/www.valledeegues.com\/?page_id=6662"},"modified":"2026-04-28T13:31:12","modified_gmt":"2026-04-28T11:31:12","slug":"alkateak-erantzuten-du","status":"publish","type":"page","link":"https:\/\/www.valledeegues.com\/eu\/udal-leihatila\/alkateak-erantzuten-du\/","title":{"rendered":"Alkatetzak erantzuten du"},"content":{"rendered":"<p>Alkateari galdera zehatzik egin nahi badiozu, bete galdetegi hau. Zure galdera eta horri emandako erantzuna orrialde honetan argitaratuko dira.<\/p>\n<p>Alkateak eskertu nahi ditu herritarrek atal honetan egindako ekarpen guztiak.<\/p>\n<h4>Alkatearen oharra:<\/h4>\n<p>Galderak Udalean jasotzen diren dataren arabera argitaratuko dira erantzunak. Dena den, salbuespen dira bai galdera konplexuak, bai dokumentazioa ikusi beharra eragiten dutenak, bai Ibarreko lekuetara ikuskapen bisitak egitea eragiten dutenak, bai kasuan kasuko gaian gaitasuna duten teknikariei edota zinegotzi ordezkariei txostenak eskatu behar zaizkienean.<\/p>\n<p>Alkateak, hala ere, ahalik eta lasterren argitaratu nahi ditu erantzunak. Bestela, arestian aipaturiko arrazoiengatik ezin denean, barkatu atzerapenak eragiten ahal dizkizueten eragozpenak.<\/p>\n<ul>\n<li>Udalak eskubidea izanen du jasotako mezuak argitaratzeko eta laburtzeko, fede gaiztoa, funtsik eza edo zehaztasun falta dagoenean edo hirugarrenen eskubideak kaltetu ditzaketenean.<\/li>\n<li>Edukia udal eskumenetik kanpo badago.<\/li>\n<li>Prozedura judizial irekiei edo udal ekintzen berrikuspenari buruzkoak badira.<\/li>\n<li>Ebazpen judizialaren edo administrazio izapideen zain dauden gaiak badira.<\/li>\n<\/ul>\n","protected":false},"excerpt":{"rendered":"<p>Alkateari galdera zehatzik egin nahi badiozu, bete galdetegi hau. Zure galdera eta horri emandako erantzuna orrialde honetan argitaratuko dira. Alkateak eskertu nahi ditu herritarrek atal honetan egindako ekarpen guztiak. Alkatearen oharra: Galderak Udalean jasotzen diren dataren arabera argitaratuko dira erantzunak. Dena den, salbuespen dira bai galdera konplexuak, bai dokumentazioa ikusi beharra eragiten dutenak, bai Ibarreko [&hellip;]<\/p>\n","protected":false},"author":2,"featured_media":0,"parent":8374,"menu_order":0,"comment_status":"closed","ping_status":"closed","template":"participacion-ciudadana\/formulario-alcalde.php","meta":{"footnotes":""},"class_list":["post-6662","page","type-page","status-publish","hentry"],"yoast_head":"<!-- This site is optimized with the Yoast SEO plugin v27.5 - https:\/\/yoast.com\/product\/yoast-seo-wordpress\/ -->\r\n<title>Alkatetzak erantzuten du - Ayuntamiento Valle de Eg\u00fc\u00e9s | Eguesibarko Udala<\/title>\r\n<meta name=\"robots\" content=\"index, follow, max-snippet:-1, max-image-preview:large, max-video-preview:-1\" \/>\r\n<link rel=\"canonical\" href=\"https:\/\/www.valledeegues.com\/eu\/udal-leihatila\/alkateak-erantzuten-du\/\" \/>\r\n<meta property=\"og:locale\" content=\"eu_ES\" \/>\r\n<meta property=\"og:type\" content=\"article\" \/>\r\n<meta property=\"og:title\" content=\"Alkatetzak erantzuten du - Ayuntamiento Valle de Eg\u00fc\u00e9s | Eguesibarko Udala\" \/>\r\n<meta property=\"og:description\" content=\"Alkateari galdera zehatzik egin nahi badiozu, bete galdetegi hau. Zure galdera eta horri emandako erantzuna orrialde honetan argitaratuko dira. Alkateak eskertu nahi ditu herritarrek atal honetan egindako ekarpen guztiak. Alkatearen oharra: Galderak Udalean jasotzen diren dataren arabera argitaratuko dira erantzunak. Dena den, salbuespen dira bai galdera konplexuak, bai dokumentazioa ikusi beharra eragiten dutenak, bai Ibarreko [&hellip;]\" \/>\r\n<meta property=\"og:url\" content=\"https:\/\/www.valledeegues.com\/eu\/udal-leihatila\/alkateak-erantzuten-du\/\" \/>\r\n<meta property=\"og:site_name\" content=\"Ayuntamiento Valle de Eg\u00fc\u00e9s | Eguesibarko Udala\" \/>\r\n<meta property=\"article:publisher\" content=\"https:\/\/www.facebook.com\/EguesEguesibar\" \/>\r\n<meta property=\"article:modified_time\" content=\"2026-04-28T11:31:12+00:00\" \/>\r\n<meta name=\"twitter:card\" content=\"summary_large_image\" \/>\r\n<meta name=\"twitter:site\" content=\"@AValledeEgues\" \/>\r\n<meta name=\"twitter:label1\" content=\"Est. reading time\" \/>\n\t<meta name=\"twitter:data1\" content=\"1 minute\" \/>\r\n<script type=\"application\/ld+json\" class=\"yoast-schema-graph\">{\"@context\":\"https:\\\/\\\/schema.org\",\"@graph\":[{\"@type\":\"WebPage\",\"@id\":\"https:\\\/\\\/www.valledeegues.com\\\/eu\\\/udal-leihatila\\\/alkateak-erantzuten-du\\\/\",\"url\":\"https:\\\/\\\/www.valledeegues.com\\\/eu\\\/udal-leihatila\\\/alkateak-erantzuten-du\\\/\",\"name\":\"Alkatetzak erantzuten du - Ayuntamiento Valle de Eg\u00fc\u00e9s | Eguesibarko Udala\",\"isPartOf\":{\"@id\":\"https:\\\/\\\/www.valledeegues.com\\\/eu\\\/#website\"},\"datePublished\":\"2018-11-30T11:40:40+00:00\",\"dateModified\":\"2026-04-28T11:31:12+00:00\",\"breadcrumb\":{\"@id\":\"https:\\\/\\\/www.valledeegues.com\\\/eu\\\/udal-leihatila\\\/alkateak-erantzuten-du\\\/#breadcrumb\"},\"inLanguage\":\"eu-ES\",\"potentialAction\":[{\"@type\":\"ReadAction\",\"target\":[\"https:\\\/\\\/www.valledeegues.com\\\/eu\\\/udal-leihatila\\\/alkateak-erantzuten-du\\\/\"]}]},{\"@type\":\"BreadcrumbList\",\"@id\":\"https:\\\/\\\/www.valledeegues.com\\\/eu\\\/udal-leihatila\\\/alkateak-erantzuten-du\\\/#breadcrumb\",\"itemListElement\":[{\"@type\":\"ListItem\",\"position\":1,\"name\":\"Azala\",\"item\":\"https:\\\/\\\/www.valledeegues.com\\\/eu\\\/\"},{\"@type\":\"ListItem\",\"position\":2,\"name\":\"Udal leihatila\",\"item\":\"https:\\\/\\\/www.valledeegues.com\\\/eu\\\/udal-leihatila\\\/\"},{\"@type\":\"ListItem\",\"position\":3,\"name\":\"Alkateak erantzuten du\"}]},{\"@type\":\"WebSite\",\"@id\":\"https:\\\/\\\/www.valledeegues.com\\\/eu\\\/#website\",\"url\":\"https:\\\/\\\/www.valledeegues.com\\\/eu\\\/\",\"name\":\"Ayuntamiento Valle de Eg\u00fc\u00e9s | Eguesibarko Udala\",\"description\":\"Ayuntamiento Valle de Eg\u00fc\u00e9s | Eguesibarko Udala\",\"publisher\":{\"@id\":\"https:\\\/\\\/www.valledeegues.com\\\/eu\\\/#organization\"},\"potentialAction\":[{\"@type\":\"SearchAction\",\"target\":{\"@type\":\"EntryPoint\",\"urlTemplate\":\"https:\\\/\\\/www.valledeegues.com\\\/eu\\\/?s={search_term_string}\"},\"query-input\":{\"@type\":\"PropertyValueSpecification\",\"valueRequired\":true,\"valueName\":\"search_term_string\"}}],\"inLanguage\":\"eu-ES\"},{\"@type\":\"Organization\",\"@id\":\"https:\\\/\\\/www.valledeegues.com\\\/eu\\\/#organization\",\"name\":\"Ayuntamiento Valle de Egues\",\"url\":\"https:\\\/\\\/www.valledeegues.com\\\/eu\\\/\",\"logo\":{\"@type\":\"ImageObject\",\"inLanguage\":\"eu-ES\",\"@id\":\"https:\\\/\\\/www.valledeegues.com\\\/eu\\\/#\\\/schema\\\/logo\\\/image\\\/\",\"url\":\"https:\\\/\\\/www.valledeegues.com\\\/wp-content\\\/uploads\\\/2019\\\/06\\\/logo-egues-escudo.svg\",\"contentUrl\":\"https:\\\/\\\/www.valledeegues.com\\\/wp-content\\\/uploads\\\/2019\\\/06\\\/logo-egues-escudo.svg\",\"width\":529,\"height\":125,\"caption\":\"Ayuntamiento Valle de Egues\"},\"image\":{\"@id\":\"https:\\\/\\\/www.valledeegues.com\\\/eu\\\/#\\\/schema\\\/logo\\\/image\\\/\"},\"sameAs\":[\"https:\\\/\\\/www.facebook.com\\\/EguesEguesibar\",\"https:\\\/\\\/x.com\\\/AValledeEgues\",\"https:\\\/\\\/www.youtube.com\\\/channel\\\/UCUPvmkTy56ZAhGTVrzg4uDQ\"]}]}<\/script>\r\n<!-- \/ Yoast SEO plugin. -->","yoast_head_json":{"title":"Alkatetzak erantzuten du - Ayuntamiento Valle de Eg\u00fc\u00e9s | Eguesibarko Udala","robots":{"index":"index","follow":"follow","max-snippet":"max-snippet:-1","max-image-preview":"max-image-preview:large","max-video-preview":"max-video-preview:-1"},"canonical":"https:\/\/www.valledeegues.com\/eu\/udal-leihatila\/alkateak-erantzuten-du\/","og_locale":"eu_ES","og_type":"article","og_title":"Alkatetzak erantzuten du - Ayuntamiento Valle de Eg\u00fc\u00e9s | Eguesibarko Udala","og_description":"Alkateari galdera zehatzik egin nahi badiozu, bete galdetegi hau. Zure galdera eta horri emandako erantzuna orrialde honetan argitaratuko dira. Alkateak eskertu nahi ditu herritarrek atal honetan egindako ekarpen guztiak. Alkatearen oharra: Galderak Udalean jasotzen diren dataren arabera argitaratuko dira erantzunak. Dena den, salbuespen dira bai galdera konplexuak, bai dokumentazioa ikusi beharra eragiten dutenak, bai Ibarreko [&hellip;]","og_url":"https:\/\/www.valledeegues.com\/eu\/udal-leihatila\/alkateak-erantzuten-du\/","og_site_name":"Ayuntamiento Valle de Eg\u00fc\u00e9s | Eguesibarko Udala","article_publisher":"https:\/\/www.facebook.com\/EguesEguesibar","article_modified_time":"2026-04-28T11:31:12+00:00","twitter_card":"summary_large_image","twitter_site":"@AValledeEgues","twitter_misc":{"Est. reading time":"1 minute"},"schema":{"@context":"https:\/\/schema.org","@graph":[{"@type":"WebPage","@id":"https:\/\/www.valledeegues.com\/eu\/udal-leihatila\/alkateak-erantzuten-du\/","url":"https:\/\/www.valledeegues.com\/eu\/udal-leihatila\/alkateak-erantzuten-du\/","name":"Alkatetzak erantzuten du - Ayuntamiento Valle de Eg\u00fc\u00e9s | Eguesibarko Udala","isPartOf":{"@id":"https:\/\/www.valledeegues.com\/eu\/#website"},"datePublished":"2018-11-30T11:40:40+00:00","dateModified":"2026-04-28T11:31:12+00:00","breadcrumb":{"@id":"https:\/\/www.valledeegues.com\/eu\/udal-leihatila\/alkateak-erantzuten-du\/#breadcrumb"},"inLanguage":"eu-ES","potentialAction":[{"@type":"ReadAction","target":["https:\/\/www.valledeegues.com\/eu\/udal-leihatila\/alkateak-erantzuten-du\/"]}]},{"@type":"BreadcrumbList","@id":"https:\/\/www.valledeegues.com\/eu\/udal-leihatila\/alkateak-erantzuten-du\/#breadcrumb","itemListElement":[{"@type":"ListItem","position":1,"name":"Azala","item":"https:\/\/www.valledeegues.com\/eu\/"},{"@type":"ListItem","position":2,"name":"Udal leihatila","item":"https:\/\/www.valledeegues.com\/eu\/udal-leihatila\/"},{"@type":"ListItem","position":3,"name":"Alkateak erantzuten du"}]},{"@type":"WebSite","@id":"https:\/\/www.valledeegues.com\/eu\/#website","url":"https:\/\/www.valledeegues.com\/eu\/","name":"Ayuntamiento Valle de Eg\u00fc\u00e9s | Eguesibarko Udala","description":"Ayuntamiento Valle de Eg\u00fc\u00e9s | Eguesibarko Udala","publisher":{"@id":"https:\/\/www.valledeegues.com\/eu\/#organization"},"potentialAction":[{"@type":"SearchAction","target":{"@type":"EntryPoint","urlTemplate":"https:\/\/www.valledeegues.com\/eu\/?s={search_term_string}"},"query-input":{"@type":"PropertyValueSpecification","valueRequired":true,"valueName":"search_term_string"}}],"inLanguage":"eu-ES"},{"@type":"Organization","@id":"https:\/\/www.valledeegues.com\/eu\/#organization","name":"Ayuntamiento Valle de Egues","url":"https:\/\/www.valledeegues.com\/eu\/","logo":{"@type":"ImageObject","inLanguage":"eu-ES","@id":"https:\/\/www.valledeegues.com\/eu\/#\/schema\/logo\/image\/","url":"https:\/\/www.valledeegues.com\/wp-content\/uploads\/2019\/06\/logo-egues-escudo.svg","contentUrl":"https:\/\/www.valledeegues.com\/wp-content\/uploads\/2019\/06\/logo-egues-escudo.svg","width":529,"height":125,"caption":"Ayuntamiento Valle de Egues"},"image":{"@id":"https:\/\/www.valledeegues.com\/eu\/#\/schema\/logo\/image\/"},"sameAs":["https:\/\/www.facebook.com\/EguesEguesibar","https:\/\/x.com\/AValledeEgues","https:\/\/www.youtube.com\/channel\/UCUPvmkTy56ZAhGTVrzg4uDQ"]}]}},"_links":{"self":[{"href":"https:\/\/www.valledeegues.com\/eu\/wp-json\/wp\/v2\/pages\/6662","targetHints":{"allow":["GET"]}}],"collection":[{"href":"https:\/\/www.valledeegues.com\/eu\/wp-json\/wp\/v2\/pages"}],"about":[{"href":"https:\/\/www.valledeegues.com\/eu\/wp-json\/wp\/v2\/types\/page"}],"author":[{"embeddable":true,"href":"https:\/\/www.valledeegues.com\/eu\/wp-json\/wp\/v2\/users\/2"}],"replies":[{"embeddable":true,"href":"https:\/\/www.valledeegues.com\/eu\/wp-json\/wp\/v2\/comments?post=6662"}],"version-history":[{"count":15,"href":"https:\/\/www.valledeegues.com\/eu\/wp-json\/wp\/v2\/pages\/6662\/revisions"}],"predecessor-version":[{"id":46487,"href":"https:\/\/www.valledeegues.com\/eu\/wp-json\/wp\/v2\/pages\/6662\/revisions\/46487"}],"up":[{"embeddable":true,"href":"https:\/\/www.valledeegues.com\/eu\/wp-json\/wp\/v2\/pages\/8374"}],"wp:attachment":[{"href":"https:\/\/www.valledeegues.com\/eu\/wp-json\/wp\/v2\/media?parent=6662"}],"curies":[{"name":"wp","href":"https:\/\/api.w.org\/{rel}","templated":true}]}}