{"id":6342,"date":"2018-07-18T14:37:34","date_gmt":"2018-07-18T12:37:34","guid":{"rendered":"https:\/\/www.valledeegues.com\/?page_id=6342"},"modified":"2025-12-22T10:02:30","modified_gmt":"2025-12-22T09:02:30","slug":"udalaren-osoko-bilkura","status":"publish","type":"page","link":"https:\/\/www.valledeegues.com\/eu\/udala\/antolakuntza-politikoa\/udalaren-osoko-bilkura\/","title":{"rendered":"Udalaren Osoko Bilkura"},"content":{"rendered":"<?xml encoding=\"utf-8\" ?><p>[vc_row][vc_column][vc_empty_space height=&rdquo;40px&rdquo;][\/vc_column][\/vc_row][vc_row][vc_column width=&rdquo;1\/2&Prime;][vc_round_chart type=&rdquo;doughnut&rdquo; stroke_width=&rdquo;1&Prime; tooltips=&rdquo;&rdquo; values=&rdquo;%5B%7B%22title%22%3A%22UPN%20(6)%22%2C%22value%22%3A%226%22%2C%22color%22%3A%22blue%22%2C%22custom_color%22%3A%22%23ff9900%22%7D%2C%7B%22title%22%3A%22EH%20BILDU%20(4)%22%2C%22value%22%3A%224%22%2C%22color%22%3A%22green%22%7D%2C%7B%22title%22%3A%22Vive%20Eg%C3%BC%C3%A9s%20Bizi%20(3)%22%2C%22value%22%3A%223%22%2C%22color%22%3A%22sky%22%2C%22custom_color%22%3A%22%236dab3c%22%7D%2C%7B%22title%22%3A%22PSN-PSOE%20(3)%22%2C%22value%22%3A%223%22%2C%22color%22%3A%22juicy-pink%22%2C%22custom_color%22%3A%22%23fe6c61%22%7D%2C%7B%22title%22%3A%22GEROA%20BAI%20(2)%22%2C%22value%22%3A%222%22%2C%22color%22%3A%22chino%22%7D%2C%7B%22title%22%3A%22Vecinos%20por%20el%20Valle%20(1)%22%2C%22value%22%3A%221%22%2C%22color%22%3A%22sandy-brown%22%2C%22custom_color%22%3A%22%23ff9900%22%7D%2C%7B%22title%22%3A%22PP%20(1)%22%2C%22value%22%3A%221%22%2C%22color%22%3A%22peacoc%22%2C%22custom_color%22%3A%22%23cec2ab%22%7D%2C%7B%22title%22%3A%22Contigo%20Zurekin%20Nafarroa%20(1)%22%2C%22value%22%3A%221%22%2C%22color%22%3A%22purple%22%2C%22custom_color%22%3A%22%230088cc%22%7D%5D&rdquo; animation=&rdquo;easeOutQuart&rdquo; css_animation=&rdquo;fadeIn&rdquo;][vc_row_inner][vc_column_inner width=&rdquo;1\/2&Prime; css=&rdquo;.vc_custom_1625057272416{padding-left: 0px !important;}&rdquo;][mk_button dimension=&rdquo;flat&rdquo; size=&rdquo;medium&rdquo; url=&rdquo;https:\/\/www.valledeegues.com\/plenos\/&rdquo; align=&rdquo;center&rdquo; fullwidth=&rdquo;true&rdquo; bg_color=&rdquo;#ea4b50&Prime; btn_hover_bg=&rdquo;#b50600&Prime;]DEIALDIAK ETA AKTAK[\/mk_button][\/vc_column_inner][vc_column_inner width=&rdquo;1\/2&Prime; css=&rdquo;.vc_custom_1625057279583{padding-right: 0px !important;}&rdquo;][mk_button dimension=&rdquo;flat&rdquo; size=&rdquo;medium&rdquo; url=&rdquo;https:\/\/actas.valledeegues.com\/session\/portadaPublica&rdquo; target=&rdquo;_blank&rdquo; align=&rdquo;center&rdquo; fullwidth=&rdquo;true&rdquo; bg_color=&rdquo;#ea4b50&Prime; btn_hover_bg=&rdquo;#b50600&Prime;]OSOKO BILKURAK ZUZENEAN[\/mk_button][\/vc_column_inner][\/vc_row_inner][mk_button dimension=&rdquo;flat&rdquo; size=&rdquo;medium&rdquo; url=&rdquo;https:\/\/valledeeguesparticipa.com\/participa\/pleno-osoko-bilkura\/&rdquo; target=&rdquo;_blank&rdquo; align=&rdquo;center&rdquo; fullwidth=&rdquo;true&rdquo; margin_top=&rdquo;10&Prime; bg_color=&rdquo;#ea4b50&Prime; btn_hover_bg=&rdquo;#b50600&Prime;]OSOKO BILKURAN PARTE HARTZEKO[\/mk_button][vc_empty_space][\/vc_column][vc_column width=&rdquo;1\/4&Prime;][vc_column_text css=&rdquo;.vc_custom_1561015713823{margin-bottom: 0px !important;}&rdquo;]<\/p><h3>UDALAREN OSOKO BILKURA<\/h3><p>Hauteskunde Araubide Orokorra arautzen duen Lege Organikoaren 179.1 artikuluarekin bat, eta 20.000 biztanletik gorako udalerriei dagokien bezala, Eguesibarko Udalaren Osoko Bilkurak 21 zinegotzi ditu, alkatea barne. Alkatea bilkurako burua da.<\/p><p>Hilean behin biltzen da bilkura arruntean, baina osoko bilkura bereziak eta osoko bilkura berezi premiazkoak ere egin ditzake.<\/p><p>Udalaren gobernu-organo guztiak fiskalizatu eta kontrolatu behar ditu, eta era berean, udal taldeek beren mozioak aurkezteko lekua da. Bestelako eginkizunak ere baditu, hala nola gobernu-taldeak aurkezten dituen aurrekontuak onestea, udal zerbitzuen kudeaketa finkatzea, etab.<\/p><p>[\/vc_column_text][\/vc_column][vc_column width=&rdquo;1\/4&Prime;][mk_custom_sidebar sidebar=&rdquo;sidebar-21&Prime;][\/vc_column][\/vc_row][vc_row fullwidth=&rdquo;true&rdquo; fullwidth_content=&rdquo;false&rdquo; css=&rdquo;.vc_custom_1532422587496{background-color: #e8e8e8 !important;}&rdquo;][vc_column][vc_empty_space][vc_column_text css=&rdquo;.vc_custom_1550842019296{margin-bottom: 0px !important;}&rdquo;]<\/p><h3>OSOKO BILKURAKO KIDEAK<\/h3><p>[\/vc_column_text][vc_row_inner][vc_column_inner width=&rdquo;1\/4&Prime;][vc_single_image image=&rdquo;31412&Prime; img_size=&rdquo;full&rdquo; alignment=&rdquo;center&rdquo;][mk_custom_list style=&rdquo;mk-moon-arrow-right-3&Prime;]<\/p><ul>\n<li><a href=\"\/?p=19050\">XURI&Ntilde;E PE&Ntilde;AS<\/a><\/li>\n<li><a href=\"\/?p=926\">JAVIER MARQU&Iacute;NEZ&nbsp;<\/a><\/li>\n<li><a href=\"\/?p=19054\">LUISA MATEO<\/a><\/li>\n<li><a href=\"\/?p=31514\">SABI ATIPOV<\/a><\/li>\n<li><a href=\"\/?p=31558\">MAR&Iacute;A MERCEDES MU&Ntilde;OZ<\/a><\/li>\n<li><a href=\"\/?p=31563\">JAVIER VILLANUEVA<\/a><\/li>\n<\/ul><p>[\/mk_custom_list][\/vc_column_inner][vc_column_inner width=&rdquo;1\/4&Prime;][vc_single_image image=&rdquo;31542&Prime; img_size=&rdquo;full&rdquo; alignment=&rdquo;center&rdquo;][mk_custom_list style=&rdquo;mk-moon-arrow-right-3&Prime;]<\/p><ul>\n<li style=\"list-style-type: none;\">\n<ul>\n<li><a href=\"\/?p=19111\">AINARA GONZ&Aacute;LEZ<\/a><\/li>\n<li><a href=\"\/?p=31662\">IZASKUN JU&Aacute;REZ<\/a><\/li>\n<li><a href=\"\/?p=31665\">RICARDO LASPIDEA<\/a><\/li>\n<li><a href=\"\/?p=43161\">SAIOA ALONSO<\/a><\/li>\n<\/ul>\n<p>[\/mk_custom_list][\/vc_column_inner][vc_column_inner width=&rdquo;1\/4&Prime;][vc_single_image image=&rdquo;31544&Prime; img_size=&rdquo;full&rdquo; alignment=&rdquo;center&rdquo;][mk_custom_list style=&rdquo;mk-moon-arrow-right-3&Prime;]<\/p>\n<ul>\n<li><a href=\"\/?p=31668\">NOELIA ECHARRI<\/a><\/li>\n<li><a href=\"\/?p=31671\">IOSU MORENO<\/a><\/li>\n<li><a href=\"\/?p=31674\">JUAN MANUEL BAQUERO<\/a><\/li>\n<\/ul>\n<p>[\/mk_custom_list][\/vc_column_inner][vc_column_inner width=&rdquo;1\/4&Prime;][vc_single_image image=&rdquo;31551&Prime; img_size=&rdquo;full&rdquo; alignment=&rdquo;center&rdquo;][mk_custom_list style=&rdquo;mk-moon-arrow-right-3&Prime;]<\/p>\n<ul>\n<li><a href=\"\/?p=940\">MIKEL BEZUNARTEA<\/a><\/li>\n<li><a href=\"\/?p=19098\">MARIAN SAINZ<\/a><\/li>\n<li><a href=\"\/?p=19138\">JAVIER JIM&Eacute;NEZ<\/a><\/li>\n<\/ul>\n<p>[\/mk_custom_list][\/vc_column_inner][\/vc_row_inner][vc_row_inner][vc_column_inner width=&rdquo;1\/4&Prime;][vc_single_image image=&rdquo;31420&Prime; img_size=&rdquo;full&rdquo; alignment=&rdquo;center&rdquo;][mk_custom_list style=&rdquo;mk-moon-arrow-right-3&Prime;]<\/p>\n<ul>\n<li><a href=\"\/?p=7138\">JOSEBA ORDU&Ntilde;A<\/a><\/li>\n<li><a href=\"\/?p=7134\">HELENA ARRUABARRENA<\/a><\/li>\n<\/ul>\n<p>[\/mk_custom_list][\/vc_column_inner][vc_column_inner width=&rdquo;1\/4&Prime;][vc_single_image image=&rdquo;31546&Prime; img_size=&rdquo;full&rdquo; alignment=&rdquo;center&rdquo;][mk_custom_list style=&rdquo;mk-moon-arrow-right-3&Prime;]<\/p>\n<ul>\n<li><a href=\"\/?p=7195\">F&Aacute;TIMA YULIANA ANCHUNDIA<\/a><\/li>\n<\/ul>\n<p>[\/mk_custom_list][\/vc_column_inner][vc_column_inner width=&rdquo;1\/4&Prime;][vc_single_image image=&rdquo;31548&Prime; img_size=&rdquo;full&rdquo; alignment=&rdquo;center&rdquo;][mk_custom_list style=&rdquo;mk-moon-arrow-right-3&Prime;]<\/p>\n<ul>\n<li><a href=\"\/?p=19077\">INMACULADA M&Uacute;GICA<\/a><\/li>\n<\/ul>\n<p>[\/mk_custom_list][\/vc_column_inner][vc_column_inner width=&rdquo;1\/4&Prime;][vc_single_image image=&rdquo;31408&Prime; img_size=&rdquo;full&rdquo; alignment=&rdquo;center&rdquo;][mk_custom_list style=&rdquo;mk-moon-arrow-right-3&Prime;]<\/p>\n<ul>\n<li><a href=\"\/?p=31677\">AINHOA AZN&Aacute;REZ<\/a><\/li>\n<\/ul>\n<p>[\/mk_custom_list][\/vc_column_inner][\/vc_row_inner][\/vc_column][\/vc_row]<\/p><\/li>\n<\/ul>\n","protected":false},"excerpt":{"rendered":"<p>[vc_row][vc_column][vc_empty_space height=&rdquo;40px&rdquo;][\/vc_column][\/vc_row][vc_row][vc_column width=&rdquo;1\/2&Prime;][vc_round_chart type=&rdquo;doughnut&rdquo; stroke_width=&rdquo;1&Prime; tooltips=&rdquo;&rdquo; values=&rdquo;%5B%7B%22title%22%3A%22UPN%20(6)%22%2C%22value%22%3A%226%22%2C%22color%22%3A%22blue%22%2C%22custom_color%22%3A%22%23ff9900%22%7D%2C%7B%22title%22%3A%22EH%20BILDU%20(4)%22%2C%22value%22%3A%224%22%2C%22color%22%3A%22green%22%7D%2C%7B%22title%22%3A%22Vive%20Eg%C3%BC%C3%A9s%20Bizi%20(3)%22%2C%22value%22%3A%223%22%2C%22color%22%3A%22sky%22%2C%22custom_color%22%3A%22%236dab3c%22%7D%2C%7B%22title%22%3A%22PSN-PSOE%20(3)%22%2C%22value%22%3A%223%22%2C%22color%22%3A%22juicy-pink%22%2C%22custom_color%22%3A%22%23fe6c61%22%7D%2C%7B%22title%22%3A%22GEROA%20BAI%20(2)%22%2C%22value%22%3A%222%22%2C%22color%22%3A%22chino%22%7D%2C%7B%22title%22%3A%22Vecinos%20por%20el%20Valle%20(1)%22%2C%22value%22%3A%221%22%2C%22color%22%3A%22sandy-brown%22%2C%22custom_color%22%3A%22%23ff9900%22%7D%2C%7B%22title%22%3A%22PP%20(1)%22%2C%22value%22%3A%221%22%2C%22color%22%3A%22peacoc%22%2C%22custom_color%22%3A%22%23cec2ab%22%7D%2C%7B%22title%22%3A%22Contigo%20Zurekin%20Nafarroa%20(1)%22%2C%22value%22%3A%221%22%2C%22color%22%3A%22purple%22%2C%22custom_color%22%3A%22%230088cc%22%7D%5D&rdquo; animation=&rdquo;easeOutQuart&rdquo; css_animation=&rdquo;fadeIn&rdquo;][vc_row_inner][vc_column_inner width=&rdquo;1\/2&Prime; css=&rdquo;.vc_custom_1625057272416{padding-left: 0px !important;}&rdquo;][mk_button dimension=&rdquo;flat&rdquo; size=&rdquo;medium&rdquo; url=&rdquo;https:\/\/www.valledeegues.com\/plenos\/&rdquo; align=&rdquo;center&rdquo; fullwidth=&rdquo;true&rdquo; bg_color=&rdquo;#ea4b50&Prime; btn_hover_bg=&rdquo;#b50600&Prime;]DEIALDIAK ETA AKTAK[\/mk_button][\/vc_column_inner][vc_column_inner width=&rdquo;1\/2&Prime; css=&rdquo;.vc_custom_1625057279583{padding-right: 0px !important;}&rdquo;][mk_button dimension=&rdquo;flat&rdquo; size=&rdquo;medium&rdquo; url=&rdquo;https:\/\/actas.valledeegues.com\/session\/portadaPublica&rdquo; target=&rdquo;_blank&rdquo; align=&rdquo;center&rdquo; fullwidth=&rdquo;true&rdquo; bg_color=&rdquo;#ea4b50&Prime; btn_hover_bg=&rdquo;#b50600&Prime;]OSOKO BILKURAK ZUZENEAN[\/mk_button][\/vc_column_inner][\/vc_row_inner][mk_button dimension=&rdquo;flat&rdquo; size=&rdquo;medium&rdquo; url=&rdquo;https:\/\/valledeeguesparticipa.com\/participa\/pleno-osoko-bilkura\/&rdquo; target=&rdquo;_blank&rdquo; align=&rdquo;center&rdquo; fullwidth=&rdquo;true&rdquo; margin_top=&rdquo;10&Prime; bg_color=&rdquo;#ea4b50&Prime; btn_hover_bg=&rdquo;#b50600&Prime;]OSOKO BILKURAN PARTE HARTZEKO[\/mk_button][vc_empty_space][\/vc_column][vc_column width=&rdquo;1\/4&Prime;][vc_column_text css=&rdquo;.vc_custom_1561015713823{margin-bottom: 0px !important;}&rdquo;]UDALAREN OSOKO BILKURAHauteskunde Araubide [&hellip;]<\/p>\n","protected":false},"author":2,"featured_media":0,"parent":45118,"menu_order":0,"comment_status":"closed","ping_status":"closed","template":"","meta":{"footnotes":""},"class_list":["post-6342","page","type-page","status-publish","hentry"],"yoast_head":"<!-- This site is optimized with the Yoast SEO plugin v27.5 - https:\/\/yoast.com\/product\/yoast-seo-wordpress\/ -->\r\n<title>Udalaren Osoko Bilkura - Ayuntamiento Valle de Eg\u00fc\u00e9s | Eguesibarko Udala<\/title>\r\n<meta name=\"robots\" content=\"index, follow, max-snippet:-1, max-image-preview:large, max-video-preview:-1\" \/>\r\n<link rel=\"canonical\" href=\"https:\/\/www.valledeegues.com\/eu\/udala\/antolakuntza-politikoa\/udalaren-osoko-bilkura\/\" \/>\r\n<meta property=\"og:locale\" content=\"eu_ES\" \/>\r\n<meta property=\"og:type\" content=\"article\" \/>\r\n<meta property=\"og:title\" content=\"Udalaren Osoko Bilkura - Ayuntamiento Valle de Eg\u00fc\u00e9s | Eguesibarko Udala\" \/>\r\n<meta property=\"og:description\" content=\"[vc_row][vc_column][vc_empty_space height=&rdquo;40px&rdquo;][\/vc_column][\/vc_row][vc_row][vc_column width=&rdquo;1\/2&Prime;][vc_round_chart type=&rdquo;doughnut&rdquo; stroke_width=&rdquo;1&Prime; tooltips=&rdquo;&rdquo; values=&rdquo;%5B%7B%22title%22%3A%22UPN%20(6)%22%2C%22value%22%3A%226%22%2C%22color%22%3A%22blue%22%2C%22custom_color%22%3A%22%23ff9900%22%7D%2C%7B%22title%22%3A%22EH%20BILDU%20(4)%22%2C%22value%22%3A%224%22%2C%22color%22%3A%22green%22%7D%2C%7B%22title%22%3A%22Vive%20Eg%C3%BC%C3%A9s%20Bizi%20(3)%22%2C%22value%22%3A%223%22%2C%22color%22%3A%22sky%22%2C%22custom_color%22%3A%22%236dab3c%22%7D%2C%7B%22title%22%3A%22PSN-PSOE%20(3)%22%2C%22value%22%3A%223%22%2C%22color%22%3A%22juicy-pink%22%2C%22custom_color%22%3A%22%23fe6c61%22%7D%2C%7B%22title%22%3A%22GEROA%20BAI%20(2)%22%2C%22value%22%3A%222%22%2C%22color%22%3A%22chino%22%7D%2C%7B%22title%22%3A%22Vecinos%20por%20el%20Valle%20(1)%22%2C%22value%22%3A%221%22%2C%22color%22%3A%22sandy-brown%22%2C%22custom_color%22%3A%22%23ff9900%22%7D%2C%7B%22title%22%3A%22PP%20(1)%22%2C%22value%22%3A%221%22%2C%22color%22%3A%22peacoc%22%2C%22custom_color%22%3A%22%23cec2ab%22%7D%2C%7B%22title%22%3A%22Contigo%20Zurekin%20Nafarroa%20(1)%22%2C%22value%22%3A%221%22%2C%22color%22%3A%22purple%22%2C%22custom_color%22%3A%22%230088cc%22%7D%5D&rdquo; animation=&rdquo;easeOutQuart&rdquo; css_animation=&rdquo;fadeIn&rdquo;][vc_row_inner][vc_column_inner width=&rdquo;1\/2&Prime; css=&rdquo;.vc_custom_1625057272416{padding-left: 0px !important;}&rdquo;][mk_button dimension=&rdquo;flat&rdquo; size=&rdquo;medium&rdquo; url=&rdquo;https:\/\/www.valledeegues.com\/plenos\/&rdquo; align=&rdquo;center&rdquo; fullwidth=&rdquo;true&rdquo; bg_color=&rdquo;#ea4b50&Prime; btn_hover_bg=&rdquo;#b50600&Prime;]DEIALDIAK ETA AKTAK[\/mk_button][\/vc_column_inner][vc_column_inner width=&rdquo;1\/2&Prime; css=&rdquo;.vc_custom_1625057279583{padding-right: 0px !important;}&rdquo;][mk_button dimension=&rdquo;flat&rdquo; size=&rdquo;medium&rdquo; url=&rdquo;https:\/\/actas.valledeegues.com\/session\/portadaPublica&rdquo; target=&rdquo;_blank&rdquo; align=&rdquo;center&rdquo; fullwidth=&rdquo;true&rdquo; bg_color=&rdquo;#ea4b50&Prime; btn_hover_bg=&rdquo;#b50600&Prime;]OSOKO BILKURAK ZUZENEAN[\/mk_button][\/vc_column_inner][\/vc_row_inner][mk_button dimension=&rdquo;flat&rdquo; size=&rdquo;medium&rdquo; url=&rdquo;https:\/\/valledeeguesparticipa.com\/participa\/pleno-osoko-bilkura\/&rdquo; target=&rdquo;_blank&rdquo; align=&rdquo;center&rdquo; fullwidth=&rdquo;true&rdquo; margin_top=&rdquo;10&Prime; bg_color=&rdquo;#ea4b50&Prime; btn_hover_bg=&rdquo;#b50600&Prime;]OSOKO BILKURAN PARTE HARTZEKO[\/mk_button][vc_empty_space][\/vc_column][vc_column width=&rdquo;1\/4&Prime;][vc_column_text css=&rdquo;.vc_custom_1561015713823{margin-bottom: 0px !important;}&rdquo;]UDALAREN OSOKO BILKURAHauteskunde Araubide [&hellip;]\" \/>\r\n<meta property=\"og:url\" content=\"https:\/\/www.valledeegues.com\/eu\/udala\/antolakuntza-politikoa\/udalaren-osoko-bilkura\/\" \/>\r\n<meta property=\"og:site_name\" content=\"Ayuntamiento Valle de Eg\u00fc\u00e9s | Eguesibarko Udala\" \/>\r\n<meta property=\"article:publisher\" content=\"https:\/\/www.facebook.com\/EguesEguesibar\" \/>\r\n<meta property=\"article:modified_time\" content=\"2025-12-22T09:02:30+00:00\" \/>\r\n<meta name=\"twitter:card\" content=\"summary_large_image\" \/>\r\n<meta name=\"twitter:site\" content=\"@AValledeEgues\" \/>\r\n<meta name=\"twitter:label1\" content=\"Est. reading time\" \/>\n\t<meta name=\"twitter:data1\" content=\"2 minutes\" \/>\r\n<script type=\"application\/ld+json\" class=\"yoast-schema-graph\">{\"@context\":\"https:\\\/\\\/schema.org\",\"@graph\":[{\"@type\":\"WebPage\",\"@id\":\"https:\\\/\\\/www.valledeegues.com\\\/eu\\\/udala\\\/antolakuntza-politikoa\\\/udalaren-osoko-bilkura\\\/\",\"url\":\"https:\\\/\\\/www.valledeegues.com\\\/eu\\\/udala\\\/antolakuntza-politikoa\\\/udalaren-osoko-bilkura\\\/\",\"name\":\"Udalaren Osoko Bilkura - Ayuntamiento Valle de Eg\u00fc\u00e9s | Eguesibarko Udala\",\"isPartOf\":{\"@id\":\"https:\\\/\\\/www.valledeegues.com\\\/eu\\\/#website\"},\"datePublished\":\"2018-07-18T12:37:34+00:00\",\"dateModified\":\"2025-12-22T09:02:30+00:00\",\"breadcrumb\":{\"@id\":\"https:\\\/\\\/www.valledeegues.com\\\/eu\\\/udala\\\/antolakuntza-politikoa\\\/udalaren-osoko-bilkura\\\/#breadcrumb\"},\"inLanguage\":\"eu-ES\",\"potentialAction\":[{\"@type\":\"ReadAction\",\"target\":[\"https:\\\/\\\/www.valledeegues.com\\\/eu\\\/udala\\\/antolakuntza-politikoa\\\/udalaren-osoko-bilkura\\\/\"]}]},{\"@type\":\"BreadcrumbList\",\"@id\":\"https:\\\/\\\/www.valledeegues.com\\\/eu\\\/udala\\\/antolakuntza-politikoa\\\/udalaren-osoko-bilkura\\\/#breadcrumb\",\"itemListElement\":[{\"@type\":\"ListItem\",\"position\":1,\"name\":\"Azala\",\"item\":\"https:\\\/\\\/www.valledeegues.com\\\/eu\\\/\"},{\"@type\":\"ListItem\",\"position\":2,\"name\":\"Antolakuntza Politikoa\",\"item\":\"https:\\\/\\\/www.valledeegues.com\\\/eu\\\/antolakuntza-politikoa\\\/\"},{\"@type\":\"ListItem\",\"position\":3,\"name\":\"Udalaren Osoko Bilkura\"}]},{\"@type\":\"WebSite\",\"@id\":\"https:\\\/\\\/www.valledeegues.com\\\/eu\\\/#website\",\"url\":\"https:\\\/\\\/www.valledeegues.com\\\/eu\\\/\",\"name\":\"Ayuntamiento Valle de Eg\u00fc\u00e9s | Eguesibarko Udala\",\"description\":\"Ayuntamiento Valle de Eg\u00fc\u00e9s | Eguesibarko Udala\",\"publisher\":{\"@id\":\"https:\\\/\\\/www.valledeegues.com\\\/eu\\\/#organization\"},\"potentialAction\":[{\"@type\":\"SearchAction\",\"target\":{\"@type\":\"EntryPoint\",\"urlTemplate\":\"https:\\\/\\\/www.valledeegues.com\\\/eu\\\/?s={search_term_string}\"},\"query-input\":{\"@type\":\"PropertyValueSpecification\",\"valueRequired\":true,\"valueName\":\"search_term_string\"}}],\"inLanguage\":\"eu-ES\"},{\"@type\":\"Organization\",\"@id\":\"https:\\\/\\\/www.valledeegues.com\\\/eu\\\/#organization\",\"name\":\"Ayuntamiento Valle de Egues\",\"url\":\"https:\\\/\\\/www.valledeegues.com\\\/eu\\\/\",\"logo\":{\"@type\":\"ImageObject\",\"inLanguage\":\"eu-ES\",\"@id\":\"https:\\\/\\\/www.valledeegues.com\\\/eu\\\/#\\\/schema\\\/logo\\\/image\\\/\",\"url\":\"https:\\\/\\\/www.valledeegues.com\\\/wp-content\\\/uploads\\\/2019\\\/06\\\/logo-egues-escudo.svg\",\"contentUrl\":\"https:\\\/\\\/www.valledeegues.com\\\/wp-content\\\/uploads\\\/2019\\\/06\\\/logo-egues-escudo.svg\",\"width\":529,\"height\":125,\"caption\":\"Ayuntamiento Valle de Egues\"},\"image\":{\"@id\":\"https:\\\/\\\/www.valledeegues.com\\\/eu\\\/#\\\/schema\\\/logo\\\/image\\\/\"},\"sameAs\":[\"https:\\\/\\\/www.facebook.com\\\/EguesEguesibar\",\"https:\\\/\\\/x.com\\\/AValledeEgues\",\"https:\\\/\\\/www.youtube.com\\\/channel\\\/UCUPvmkTy56ZAhGTVrzg4uDQ\"]}]}<\/script>\r\n<!-- \/ Yoast SEO plugin. -->","yoast_head_json":{"title":"Udalaren Osoko Bilkura - Ayuntamiento Valle de Eg\u00fc\u00e9s | Eguesibarko Udala","robots":{"index":"index","follow":"follow","max-snippet":"max-snippet:-1","max-image-preview":"max-image-preview:large","max-video-preview":"max-video-preview:-1"},"canonical":"https:\/\/www.valledeegues.com\/eu\/udala\/antolakuntza-politikoa\/udalaren-osoko-bilkura\/","og_locale":"eu_ES","og_type":"article","og_title":"Udalaren Osoko Bilkura - Ayuntamiento Valle de Eg\u00fc\u00e9s | Eguesibarko Udala","og_description":"[vc_row][vc_column][vc_empty_space height=&rdquo;40px&rdquo;][\/vc_column][\/vc_row][vc_row][vc_column width=&rdquo;1\/2&Prime;][vc_round_chart type=&rdquo;doughnut&rdquo; stroke_width=&rdquo;1&Prime; tooltips=&rdquo;&rdquo; values=&rdquo;%5B%7B%22title%22%3A%22UPN%20(6)%22%2C%22value%22%3A%226%22%2C%22color%22%3A%22blue%22%2C%22custom_color%22%3A%22%23ff9900%22%7D%2C%7B%22title%22%3A%22EH%20BILDU%20(4)%22%2C%22value%22%3A%224%22%2C%22color%22%3A%22green%22%7D%2C%7B%22title%22%3A%22Vive%20Eg%C3%BC%C3%A9s%20Bizi%20(3)%22%2C%22value%22%3A%223%22%2C%22color%22%3A%22sky%22%2C%22custom_color%22%3A%22%236dab3c%22%7D%2C%7B%22title%22%3A%22PSN-PSOE%20(3)%22%2C%22value%22%3A%223%22%2C%22color%22%3A%22juicy-pink%22%2C%22custom_color%22%3A%22%23fe6c61%22%7D%2C%7B%22title%22%3A%22GEROA%20BAI%20(2)%22%2C%22value%22%3A%222%22%2C%22color%22%3A%22chino%22%7D%2C%7B%22title%22%3A%22Vecinos%20por%20el%20Valle%20(1)%22%2C%22value%22%3A%221%22%2C%22color%22%3A%22sandy-brown%22%2C%22custom_color%22%3A%22%23ff9900%22%7D%2C%7B%22title%22%3A%22PP%20(1)%22%2C%22value%22%3A%221%22%2C%22color%22%3A%22peacoc%22%2C%22custom_color%22%3A%22%23cec2ab%22%7D%2C%7B%22title%22%3A%22Contigo%20Zurekin%20Nafarroa%20(1)%22%2C%22value%22%3A%221%22%2C%22color%22%3A%22purple%22%2C%22custom_color%22%3A%22%230088cc%22%7D%5D&rdquo; animation=&rdquo;easeOutQuart&rdquo; css_animation=&rdquo;fadeIn&rdquo;][vc_row_inner][vc_column_inner width=&rdquo;1\/2&Prime; css=&rdquo;.vc_custom_1625057272416{padding-left: 0px !important;}&rdquo;][mk_button dimension=&rdquo;flat&rdquo; size=&rdquo;medium&rdquo; url=&rdquo;https:\/\/www.valledeegues.com\/plenos\/&rdquo; align=&rdquo;center&rdquo; fullwidth=&rdquo;true&rdquo; bg_color=&rdquo;#ea4b50&Prime; btn_hover_bg=&rdquo;#b50600&Prime;]DEIALDIAK ETA AKTAK[\/mk_button][\/vc_column_inner][vc_column_inner width=&rdquo;1\/2&Prime; css=&rdquo;.vc_custom_1625057279583{padding-right: 0px !important;}&rdquo;][mk_button dimension=&rdquo;flat&rdquo; size=&rdquo;medium&rdquo; url=&rdquo;https:\/\/actas.valledeegues.com\/session\/portadaPublica&rdquo; target=&rdquo;_blank&rdquo; align=&rdquo;center&rdquo; fullwidth=&rdquo;true&rdquo; bg_color=&rdquo;#ea4b50&Prime; btn_hover_bg=&rdquo;#b50600&Prime;]OSOKO BILKURAK ZUZENEAN[\/mk_button][\/vc_column_inner][\/vc_row_inner][mk_button dimension=&rdquo;flat&rdquo; size=&rdquo;medium&rdquo; url=&rdquo;https:\/\/valledeeguesparticipa.com\/participa\/pleno-osoko-bilkura\/&rdquo; target=&rdquo;_blank&rdquo; align=&rdquo;center&rdquo; fullwidth=&rdquo;true&rdquo; margin_top=&rdquo;10&Prime; bg_color=&rdquo;#ea4b50&Prime; btn_hover_bg=&rdquo;#b50600&Prime;]OSOKO BILKURAN PARTE HARTZEKO[\/mk_button][vc_empty_space][\/vc_column][vc_column width=&rdquo;1\/4&Prime;][vc_column_text css=&rdquo;.vc_custom_1561015713823{margin-bottom: 0px !important;}&rdquo;]UDALAREN OSOKO BILKURAHauteskunde Araubide [&hellip;]","og_url":"https:\/\/www.valledeegues.com\/eu\/udala\/antolakuntza-politikoa\/udalaren-osoko-bilkura\/","og_site_name":"Ayuntamiento Valle de Eg\u00fc\u00e9s | Eguesibarko Udala","article_publisher":"https:\/\/www.facebook.com\/EguesEguesibar","article_modified_time":"2025-12-22T09:02:30+00:00","twitter_card":"summary_large_image","twitter_site":"@AValledeEgues","twitter_misc":{"Est. reading time":"2 minutes"},"schema":{"@context":"https:\/\/schema.org","@graph":[{"@type":"WebPage","@id":"https:\/\/www.valledeegues.com\/eu\/udala\/antolakuntza-politikoa\/udalaren-osoko-bilkura\/","url":"https:\/\/www.valledeegues.com\/eu\/udala\/antolakuntza-politikoa\/udalaren-osoko-bilkura\/","name":"Udalaren Osoko Bilkura - Ayuntamiento Valle de Eg\u00fc\u00e9s | Eguesibarko Udala","isPartOf":{"@id":"https:\/\/www.valledeegues.com\/eu\/#website"},"datePublished":"2018-07-18T12:37:34+00:00","dateModified":"2025-12-22T09:02:30+00:00","breadcrumb":{"@id":"https:\/\/www.valledeegues.com\/eu\/udala\/antolakuntza-politikoa\/udalaren-osoko-bilkura\/#breadcrumb"},"inLanguage":"eu-ES","potentialAction":[{"@type":"ReadAction","target":["https:\/\/www.valledeegues.com\/eu\/udala\/antolakuntza-politikoa\/udalaren-osoko-bilkura\/"]}]},{"@type":"BreadcrumbList","@id":"https:\/\/www.valledeegues.com\/eu\/udala\/antolakuntza-politikoa\/udalaren-osoko-bilkura\/#breadcrumb","itemListElement":[{"@type":"ListItem","position":1,"name":"Azala","item":"https:\/\/www.valledeegues.com\/eu\/"},{"@type":"ListItem","position":2,"name":"Antolakuntza Politikoa","item":"https:\/\/www.valledeegues.com\/eu\/antolakuntza-politikoa\/"},{"@type":"ListItem","position":3,"name":"Udalaren Osoko Bilkura"}]},{"@type":"WebSite","@id":"https:\/\/www.valledeegues.com\/eu\/#website","url":"https:\/\/www.valledeegues.com\/eu\/","name":"Ayuntamiento Valle de Eg\u00fc\u00e9s | Eguesibarko Udala","description":"Ayuntamiento Valle de Eg\u00fc\u00e9s | Eguesibarko Udala","publisher":{"@id":"https:\/\/www.valledeegues.com\/eu\/#organization"},"potentialAction":[{"@type":"SearchAction","target":{"@type":"EntryPoint","urlTemplate":"https:\/\/www.valledeegues.com\/eu\/?s={search_term_string}"},"query-input":{"@type":"PropertyValueSpecification","valueRequired":true,"valueName":"search_term_string"}}],"inLanguage":"eu-ES"},{"@type":"Organization","@id":"https:\/\/www.valledeegues.com\/eu\/#organization","name":"Ayuntamiento Valle de Egues","url":"https:\/\/www.valledeegues.com\/eu\/","logo":{"@type":"ImageObject","inLanguage":"eu-ES","@id":"https:\/\/www.valledeegues.com\/eu\/#\/schema\/logo\/image\/","url":"https:\/\/www.valledeegues.com\/wp-content\/uploads\/2019\/06\/logo-egues-escudo.svg","contentUrl":"https:\/\/www.valledeegues.com\/wp-content\/uploads\/2019\/06\/logo-egues-escudo.svg","width":529,"height":125,"caption":"Ayuntamiento Valle de Egues"},"image":{"@id":"https:\/\/www.valledeegues.com\/eu\/#\/schema\/logo\/image\/"},"sameAs":["https:\/\/www.facebook.com\/EguesEguesibar","https:\/\/x.com\/AValledeEgues","https:\/\/www.youtube.com\/channel\/UCUPvmkTy56ZAhGTVrzg4uDQ"]}]}},"_links":{"self":[{"href":"https:\/\/www.valledeegues.com\/eu\/wp-json\/wp\/v2\/pages\/6342","targetHints":{"allow":["GET"]}}],"collection":[{"href":"https:\/\/www.valledeegues.com\/eu\/wp-json\/wp\/v2\/pages"}],"about":[{"href":"https:\/\/www.valledeegues.com\/eu\/wp-json\/wp\/v2\/types\/page"}],"author":[{"embeddable":true,"href":"https:\/\/www.valledeegues.com\/eu\/wp-json\/wp\/v2\/users\/2"}],"replies":[{"embeddable":true,"href":"https:\/\/www.valledeegues.com\/eu\/wp-json\/wp\/v2\/comments?post=6342"}],"version-history":[{"count":60,"href":"https:\/\/www.valledeegues.com\/eu\/wp-json\/wp\/v2\/pages\/6342\/revisions"}],"predecessor-version":[{"id":43192,"href":"https:\/\/www.valledeegues.com\/eu\/wp-json\/wp\/v2\/pages\/6342\/revisions\/43192"}],"up":[{"embeddable":true,"href":"https:\/\/www.valledeegues.com\/eu\/wp-json\/wp\/v2\/pages\/45118"}],"wp:attachment":[{"href":"https:\/\/www.valledeegues.com\/eu\/wp-json\/wp\/v2\/media?parent=6342"}],"curies":[{"name":"wp","href":"https:\/\/api.w.org\/{rel}","templated":true}]}}