{"id":6235,"date":"2018-12-13T14:52:48","date_gmt":"2018-12-13T13:52:48","guid":{"rendered":"https:\/\/www.valledeegues.com\/?page_id=6235"},"modified":"2019-02-27T16:22:57","modified_gmt":"2019-02-27T15:22:57","slug":"ibarra","status":"publish","type":"page","link":"https:\/\/www.valledeegues.com\/eu\/ibarra\/","title":{"rendered":"Ibarra"},"content":{"rendered":"<p>[mk_page_section vertical_align=&#8221;top&#8221; bg_image=&#8221;https:\/\/www.valledeegues.com\/wp-content\/uploads\/2018\/08\/valle-egues.jpg&#8221; bg_position=&#8221;center bottom&#8221; bg_repeat=&#8221;no-repeat&#8221; bg_stretch=&#8221;true&#8221; enable_3d=&#8221;true&#8221; min_height=&#8221;205&#8243; full_width=&#8221;true&#8221; padding_top=&#8221;0&#8243; sidebar=&#8221;sidebar-1&#8243;][vc_column][\/vc_column][\/mk_page_section][mk_page_section section_layout=&#8221;right&#8221; sidebar=&#8221;sidebar-22&#8243;][vc_column width=&#8221;1\/2&#8243;][mk_gallery images=&#8221;2733,2735,2737,2739,2682,2014,1257,1442,2670&#8243; style=&#8221;style1&#8243; height=&#8221;300&#8243;][\/vc_column][vc_column width=&#8221;1\/2&#8243;][vc_row_inner][vc_column_inner][vc_column_text css=&#8221;.vc_custom_1547026124515{margin-bottom: 0px !important;}&#8221;]Hona hemen Eguesibarko <strong>herriak<\/strong>: Altzuza, Ardanatz, Azpa, Badostain, Egues, Elkano, Elia, Ibiriku, Olatz eta Sagaseta. Halaber, <strong>populazio-entitate\u00a0<\/strong>hauek ditu: Uztarroz, Gorraitz eta Sarriguren, bai eta Etxalatz, Amokain, Erantsus, Elizmendi eta Egulbati <strong>jaurerriak\u00a0<\/strong>ere.[\/vc_column_text][mk_image src=&#8221;https:\/\/www.valledeegues.com\/wp-content\/uploads\/2018\/12\/mapa-egues-bilingue.jpg&#8221; image_width=&#8221;400&#8243; image_height=&#8221;400&#8243; lightbox=&#8221;true&#8221;][\/vc_column_inner][\/vc_row_inner][\/vc_column][\/mk_page_section][vc_row][vc_column width=&#8221;1\/3&#8243;][vc_empty_space height=&#8221;40px&#8221;][vc_icon icon_fontawesome=&#8221;fa fa-balance-scale&#8221; color=&#8221;white&#8221; background_style=&#8221;rounded&#8221; background_color=&#8221;custom&#8221; size=&#8221;lg&#8221; align=&#8221;center&#8221; css_animation=&#8221;fadeInUp&#8221; custom_background_color=&#8221;#ea4b50&#8243;][vc_column_text css=&#8221;.vc_custom_1547026103027{margin-bottom: 0px !important;}&#8221;]<span lang=\"EU\">Agoizko <b>barruti judizialean\u00a0<\/b>dago, Zangozako <b>merindadean<\/b>, eta <b>geografia-eskualdeari\u00a0<\/b>dagokionez, Iru\u00f1errian. <\/span>[\/vc_column_text][\/vc_column][vc_column width=&#8221;1\/3&#8243;][vc_empty_space height=&#8221;40px&#8221;][vc_icon icon_fontawesome=&#8221;fa fa-map-marker&#8221; color=&#8221;white&#8221; background_style=&#8221;rounded&#8221; background_color=&#8221;custom&#8221; size=&#8221;lg&#8221; align=&#8221;center&#8221; css_animation=&#8221;fadeInUp&#8221; custom_background_color=&#8221;#ea4b50&#8243;][vc_column_text css=&#8221;.vc_custom_1547026113255{margin-bottom: 0px !important;}&#8221;]<span lang=\"EU\">53,57\u00a0Km\u00b2-ko <\/span><b><span lang=\"EU\">azalera\u00a0<\/span><\/b><span lang=\"EU\">dauka. Iparraldean Esteribar du mugakide; mendebaldean, Uharte, Iru\u00f1a eta Burlata; ekialdean, Lizoain, eta hegoaldean, Aranguren. \u00a0<\/span>[\/vc_column_text][\/vc_column][vc_column width=&#8221;1\/3&#8243;][vc_empty_space height=&#8221;40px&#8221;][vc_icon icon_fontawesome=&#8221;fa fa-users&#8221; color=&#8221;white&#8221; background_style=&#8221;rounded&#8221; background_color=&#8221;custom&#8221; size=&#8221;lg&#8221; align=&#8221;center&#8221; css_animation=&#8221;fadeInUp&#8221; custom_background_color=&#8221;#ea4b50&#8243;][vc_column_text css=&#8221;.vc_custom_1547026073090{margin-bottom: 0px !important;}&#8221;]<span lang=\"EU\">2017ko martxoan, ibarreko <\/span><strong><span lang=\"EU\">biztanleria\u00a0<\/span><\/strong><span lang=\"EU\">20.584 pertsonaz osaturik zegoen.<\/span>[\/vc_column_text][\/vc_column][\/vc_row][vc_row][vc_column][vc_column_text css=&#8221;.vc_custom_1535630860540{margin-bottom: 0px !important;}&#8221;][flexiblemap src=&#8221;https:\/\/www.valledeegues.com\/wp-content\/uploads\/2018\/07\/mapa-egues.kmz&#8221; zoom=&#8221;12&#8243; width=&#8221;100%&#8221;][\/vc_column_text][vc_empty_space][\/vc_column][\/vc_row]<\/p>\n","protected":false},"excerpt":{"rendered":"<p>[mk_page_section vertical_align=&#8221;top&#8221; bg_image=&#8221;https:\/\/www.valledeegues.com\/wp-content\/uploads\/2018\/08\/valle-egues.jpg&#8221; bg_position=&#8221;center bottom&#8221; bg_repeat=&#8221;no-repeat&#8221; bg_stretch=&#8221;true&#8221; enable_3d=&#8221;true&#8221; min_height=&#8221;205&#8243; full_width=&#8221;true&#8221; padding_top=&#8221;0&#8243; sidebar=&#8221;sidebar-1&#8243;][vc_column][\/vc_column][\/mk_page_section][mk_page_section section_layout=&#8221;right&#8221; sidebar=&#8221;sidebar-22&#8243;][vc_column width=&#8221;1\/2&#8243;][mk_gallery images=&#8221;2733,2735,2737,2739,2682,2014,1257,1442,2670&#8243; style=&#8221;style1&#8243; height=&#8221;300&#8243;][\/vc_column][vc_column width=&#8221;1\/2&#8243;][vc_row_inner][vc_column_inner][vc_column_text css=&#8221;.vc_custom_1547026124515{margin-bottom: 0px !important;}&#8221;]Hona hemen Eguesibarko herriak: Altzuza, Ardanatz, Azpa, Badostain, Egues, Elkano, Elia, Ibiriku, Olatz eta Sagaseta. Halaber, populazio-entitate\u00a0hauek ditu: Uztarroz, Gorraitz eta Sarriguren, bai eta Etxalatz, Amokain, Erantsus, Elizmendi eta Egulbati jaurerriak\u00a0ere.[\/vc_column_text][mk_image src=&#8221;https:\/\/www.valledeegues.com\/wp-content\/uploads\/2018\/12\/mapa-egues-bilingue.jpg&#8221; image_width=&#8221;400&#8243; image_height=&#8221;400&#8243; [&hellip;]<\/p>\n","protected":false},"author":2,"featured_media":0,"parent":0,"menu_order":0,"comment_status":"closed","ping_status":"closed","template":"","meta":{"footnotes":""},"class_list":["post-6235","page","type-page","status-publish","hentry"],"yoast_head":"<!-- This site is optimized with the Yoast SEO plugin v27.5 - https:\/\/yoast.com\/product\/yoast-seo-wordpress\/ -->\r\n<title>Ibarra - Ayuntamiento Valle de Eg\u00fc\u00e9s | Eguesibarko Udala<\/title>\r\n<meta name=\"robots\" content=\"index, follow, max-snippet:-1, max-image-preview:large, max-video-preview:-1\" \/>\r\n<link rel=\"canonical\" href=\"https:\/\/www.valledeegues.com\/eu\/ibarra\/\" \/>\r\n<meta property=\"og:locale\" content=\"eu_ES\" \/>\r\n<meta property=\"og:type\" content=\"article\" \/>\r\n<meta property=\"og:title\" content=\"Ibarra - Ayuntamiento Valle de Eg\u00fc\u00e9s | Eguesibarko Udala\" \/>\r\n<meta property=\"og:description\" content=\"[mk_page_section vertical_align=&#8221;top&#8221; bg_image=&#8221;https:\/\/www.valledeegues.com\/wp-content\/uploads\/2018\/08\/valle-egues.jpg&#8221; bg_position=&#8221;center bottom&#8221; bg_repeat=&#8221;no-repeat&#8221; bg_stretch=&#8221;true&#8221; enable_3d=&#8221;true&#8221; min_height=&#8221;205&#8243; full_width=&#8221;true&#8221; padding_top=&#8221;0&#8243; sidebar=&#8221;sidebar-1&#8243;][vc_column][\/vc_column][\/mk_page_section][mk_page_section section_layout=&#8221;right&#8221; sidebar=&#8221;sidebar-22&#8243;][vc_column width=&#8221;1\/2&#8243;][mk_gallery images=&#8221;2733,2735,2737,2739,2682,2014,1257,1442,2670&#8243; style=&#8221;style1&#8243; height=&#8221;300&#8243;][\/vc_column][vc_column width=&#8221;1\/2&#8243;][vc_row_inner][vc_column_inner][vc_column_text css=&#8221;.vc_custom_1547026124515{margin-bottom: 0px !important;}&#8221;]Hona hemen Eguesibarko herriak: Altzuza, Ardanatz, Azpa, Badostain, Egues, Elkano, Elia, Ibiriku, Olatz eta Sagaseta. Halaber, populazio-entitate\u00a0hauek ditu: Uztarroz, Gorraitz eta Sarriguren, bai eta Etxalatz, Amokain, Erantsus, Elizmendi eta Egulbati jaurerriak\u00a0ere.[\/vc_column_text][mk_image src=&#8221;https:\/\/www.valledeegues.com\/wp-content\/uploads\/2018\/12\/mapa-egues-bilingue.jpg&#8221; image_width=&#8221;400&#8243; image_height=&#8221;400&#8243; [&hellip;]\" \/>\r\n<meta property=\"og:url\" content=\"https:\/\/www.valledeegues.com\/eu\/ibarra\/\" \/>\r\n<meta property=\"og:site_name\" content=\"Ayuntamiento Valle de Eg\u00fc\u00e9s | Eguesibarko Udala\" \/>\r\n<meta property=\"article:publisher\" content=\"https:\/\/www.facebook.com\/EguesEguesibar\" \/>\r\n<meta property=\"article:modified_time\" content=\"2019-02-27T15:22:57+00:00\" \/>\r\n<meta name=\"twitter:card\" content=\"summary_large_image\" \/>\r\n<meta name=\"twitter:site\" content=\"@AValledeEgues\" \/>\r\n<meta name=\"twitter:label1\" content=\"Est. reading time\" \/>\n\t<meta name=\"twitter:data1\" content=\"2 minutes\" \/>\r\n<script type=\"application\/ld+json\" class=\"yoast-schema-graph\">{\"@context\":\"https:\\\/\\\/schema.org\",\"@graph\":[{\"@type\":\"WebPage\",\"@id\":\"https:\\\/\\\/www.valledeegues.com\\\/eu\\\/ibarra\\\/\",\"url\":\"https:\\\/\\\/www.valledeegues.com\\\/eu\\\/ibarra\\\/\",\"name\":\"Ibarra - Ayuntamiento Valle de Eg\u00fc\u00e9s | Eguesibarko Udala\",\"isPartOf\":{\"@id\":\"https:\\\/\\\/www.valledeegues.com\\\/eu\\\/#website\"},\"datePublished\":\"2018-12-13T13:52:48+00:00\",\"dateModified\":\"2019-02-27T15:22:57+00:00\",\"breadcrumb\":{\"@id\":\"https:\\\/\\\/www.valledeegues.com\\\/eu\\\/ibarra\\\/#breadcrumb\"},\"inLanguage\":\"eu-ES\",\"potentialAction\":[{\"@type\":\"ReadAction\",\"target\":[\"https:\\\/\\\/www.valledeegues.com\\\/eu\\\/ibarra\\\/\"]}]},{\"@type\":\"BreadcrumbList\",\"@id\":\"https:\\\/\\\/www.valledeegues.com\\\/eu\\\/ibarra\\\/#breadcrumb\",\"itemListElement\":[{\"@type\":\"ListItem\",\"position\":1,\"name\":\"Azala\",\"item\":\"https:\\\/\\\/www.valledeegues.com\\\/eu\\\/\"},{\"@type\":\"ListItem\",\"position\":2,\"name\":\"Ibarra\"}]},{\"@type\":\"WebSite\",\"@id\":\"https:\\\/\\\/www.valledeegues.com\\\/eu\\\/#website\",\"url\":\"https:\\\/\\\/www.valledeegues.com\\\/eu\\\/\",\"name\":\"Ayuntamiento Valle de Eg\u00fc\u00e9s | Eguesibarko Udala\",\"description\":\"Ayuntamiento Valle de Eg\u00fc\u00e9s | Eguesibarko Udala\",\"publisher\":{\"@id\":\"https:\\\/\\\/www.valledeegues.com\\\/eu\\\/#organization\"},\"potentialAction\":[{\"@type\":\"SearchAction\",\"target\":{\"@type\":\"EntryPoint\",\"urlTemplate\":\"https:\\\/\\\/www.valledeegues.com\\\/eu\\\/?s={search_term_string}\"},\"query-input\":{\"@type\":\"PropertyValueSpecification\",\"valueRequired\":true,\"valueName\":\"search_term_string\"}}],\"inLanguage\":\"eu-ES\"},{\"@type\":\"Organization\",\"@id\":\"https:\\\/\\\/www.valledeegues.com\\\/eu\\\/#organization\",\"name\":\"Ayuntamiento Valle de Egues\",\"url\":\"https:\\\/\\\/www.valledeegues.com\\\/eu\\\/\",\"logo\":{\"@type\":\"ImageObject\",\"inLanguage\":\"eu-ES\",\"@id\":\"https:\\\/\\\/www.valledeegues.com\\\/eu\\\/#\\\/schema\\\/logo\\\/image\\\/\",\"url\":\"https:\\\/\\\/www.valledeegues.com\\\/wp-content\\\/uploads\\\/2019\\\/06\\\/logo-egues-escudo.svg\",\"contentUrl\":\"https:\\\/\\\/www.valledeegues.com\\\/wp-content\\\/uploads\\\/2019\\\/06\\\/logo-egues-escudo.svg\",\"width\":529,\"height\":125,\"caption\":\"Ayuntamiento Valle de Egues\"},\"image\":{\"@id\":\"https:\\\/\\\/www.valledeegues.com\\\/eu\\\/#\\\/schema\\\/logo\\\/image\\\/\"},\"sameAs\":[\"https:\\\/\\\/www.facebook.com\\\/EguesEguesibar\",\"https:\\\/\\\/x.com\\\/AValledeEgues\",\"https:\\\/\\\/www.youtube.com\\\/channel\\\/UCUPvmkTy56ZAhGTVrzg4uDQ\"]}]}<\/script>\r\n<!-- \/ Yoast SEO plugin. -->","yoast_head_json":{"title":"Ibarra - Ayuntamiento Valle de Eg\u00fc\u00e9s | Eguesibarko Udala","robots":{"index":"index","follow":"follow","max-snippet":"max-snippet:-1","max-image-preview":"max-image-preview:large","max-video-preview":"max-video-preview:-1"},"canonical":"https:\/\/www.valledeegues.com\/eu\/ibarra\/","og_locale":"eu_ES","og_type":"article","og_title":"Ibarra - Ayuntamiento Valle de Eg\u00fc\u00e9s | Eguesibarko Udala","og_description":"[mk_page_section vertical_align=&#8221;top&#8221; bg_image=&#8221;https:\/\/www.valledeegues.com\/wp-content\/uploads\/2018\/08\/valle-egues.jpg&#8221; bg_position=&#8221;center bottom&#8221; bg_repeat=&#8221;no-repeat&#8221; bg_stretch=&#8221;true&#8221; enable_3d=&#8221;true&#8221; min_height=&#8221;205&#8243; full_width=&#8221;true&#8221; padding_top=&#8221;0&#8243; sidebar=&#8221;sidebar-1&#8243;][vc_column][\/vc_column][\/mk_page_section][mk_page_section section_layout=&#8221;right&#8221; sidebar=&#8221;sidebar-22&#8243;][vc_column width=&#8221;1\/2&#8243;][mk_gallery images=&#8221;2733,2735,2737,2739,2682,2014,1257,1442,2670&#8243; style=&#8221;style1&#8243; height=&#8221;300&#8243;][\/vc_column][vc_column width=&#8221;1\/2&#8243;][vc_row_inner][vc_column_inner][vc_column_text css=&#8221;.vc_custom_1547026124515{margin-bottom: 0px !important;}&#8221;]Hona hemen Eguesibarko herriak: Altzuza, Ardanatz, Azpa, Badostain, Egues, Elkano, Elia, Ibiriku, Olatz eta Sagaseta. Halaber, populazio-entitate\u00a0hauek ditu: Uztarroz, Gorraitz eta Sarriguren, bai eta Etxalatz, Amokain, Erantsus, Elizmendi eta Egulbati jaurerriak\u00a0ere.[\/vc_column_text][mk_image src=&#8221;https:\/\/www.valledeegues.com\/wp-content\/uploads\/2018\/12\/mapa-egues-bilingue.jpg&#8221; image_width=&#8221;400&#8243; image_height=&#8221;400&#8243; [&hellip;]","og_url":"https:\/\/www.valledeegues.com\/eu\/ibarra\/","og_site_name":"Ayuntamiento Valle de Eg\u00fc\u00e9s | Eguesibarko Udala","article_publisher":"https:\/\/www.facebook.com\/EguesEguesibar","article_modified_time":"2019-02-27T15:22:57+00:00","twitter_card":"summary_large_image","twitter_site":"@AValledeEgues","twitter_misc":{"Est. reading time":"2 minutes"},"schema":{"@context":"https:\/\/schema.org","@graph":[{"@type":"WebPage","@id":"https:\/\/www.valledeegues.com\/eu\/ibarra\/","url":"https:\/\/www.valledeegues.com\/eu\/ibarra\/","name":"Ibarra - Ayuntamiento Valle de Eg\u00fc\u00e9s | Eguesibarko Udala","isPartOf":{"@id":"https:\/\/www.valledeegues.com\/eu\/#website"},"datePublished":"2018-12-13T13:52:48+00:00","dateModified":"2019-02-27T15:22:57+00:00","breadcrumb":{"@id":"https:\/\/www.valledeegues.com\/eu\/ibarra\/#breadcrumb"},"inLanguage":"eu-ES","potentialAction":[{"@type":"ReadAction","target":["https:\/\/www.valledeegues.com\/eu\/ibarra\/"]}]},{"@type":"BreadcrumbList","@id":"https:\/\/www.valledeegues.com\/eu\/ibarra\/#breadcrumb","itemListElement":[{"@type":"ListItem","position":1,"name":"Azala","item":"https:\/\/www.valledeegues.com\/eu\/"},{"@type":"ListItem","position":2,"name":"Ibarra"}]},{"@type":"WebSite","@id":"https:\/\/www.valledeegues.com\/eu\/#website","url":"https:\/\/www.valledeegues.com\/eu\/","name":"Ayuntamiento Valle de Eg\u00fc\u00e9s | Eguesibarko Udala","description":"Ayuntamiento Valle de Eg\u00fc\u00e9s | Eguesibarko Udala","publisher":{"@id":"https:\/\/www.valledeegues.com\/eu\/#organization"},"potentialAction":[{"@type":"SearchAction","target":{"@type":"EntryPoint","urlTemplate":"https:\/\/www.valledeegues.com\/eu\/?s={search_term_string}"},"query-input":{"@type":"PropertyValueSpecification","valueRequired":true,"valueName":"search_term_string"}}],"inLanguage":"eu-ES"},{"@type":"Organization","@id":"https:\/\/www.valledeegues.com\/eu\/#organization","name":"Ayuntamiento Valle de Egues","url":"https:\/\/www.valledeegues.com\/eu\/","logo":{"@type":"ImageObject","inLanguage":"eu-ES","@id":"https:\/\/www.valledeegues.com\/eu\/#\/schema\/logo\/image\/","url":"https:\/\/www.valledeegues.com\/wp-content\/uploads\/2019\/06\/logo-egues-escudo.svg","contentUrl":"https:\/\/www.valledeegues.com\/wp-content\/uploads\/2019\/06\/logo-egues-escudo.svg","width":529,"height":125,"caption":"Ayuntamiento Valle de Egues"},"image":{"@id":"https:\/\/www.valledeegues.com\/eu\/#\/schema\/logo\/image\/"},"sameAs":["https:\/\/www.facebook.com\/EguesEguesibar","https:\/\/x.com\/AValledeEgues","https:\/\/www.youtube.com\/channel\/UCUPvmkTy56ZAhGTVrzg4uDQ"]}]}},"_links":{"self":[{"href":"https:\/\/www.valledeegues.com\/eu\/wp-json\/wp\/v2\/pages\/6235","targetHints":{"allow":["GET"]}}],"collection":[{"href":"https:\/\/www.valledeegues.com\/eu\/wp-json\/wp\/v2\/pages"}],"about":[{"href":"https:\/\/www.valledeegues.com\/eu\/wp-json\/wp\/v2\/types\/page"}],"author":[{"embeddable":true,"href":"https:\/\/www.valledeegues.com\/eu\/wp-json\/wp\/v2\/users\/2"}],"replies":[{"embeddable":true,"href":"https:\/\/www.valledeegues.com\/eu\/wp-json\/wp\/v2\/comments?post=6235"}],"version-history":[{"count":6,"href":"https:\/\/www.valledeegues.com\/eu\/wp-json\/wp\/v2\/pages\/6235\/revisions"}],"predecessor-version":[{"id":8465,"href":"https:\/\/www.valledeegues.com\/eu\/wp-json\/wp\/v2\/pages\/6235\/revisions\/8465"}],"wp:attachment":[{"href":"https:\/\/www.valledeegues.com\/eu\/wp-json\/wp\/v2\/media?parent=6235"}],"curies":[{"name":"wp","href":"https:\/\/api.w.org\/{rel}","templated":true}]}}