{"id":6220,"date":"2018-09-13T10:10:24","date_gmt":"2018-09-13T08:10:24","guid":{"rendered":"https:\/\/www.valledeegues.com\/?page_id=6220"},"modified":"2026-05-10T17:37:49","modified_gmt":"2026-05-10T15:37:49","slug":"kontaktuak","status":"publish","type":"page","link":"https:\/\/www.valledeegues.com\/eu\/udala\/administrazioaren-antolaketa\/kontaktuak\/","title":{"rendered":"Kontaktuak"},"content":{"rendered":"<?xml encoding=\"utf-8\" ?><table class=\"table\">\n<thead>\n<tr>\n<th>ALORRA<\/th>\n<th>ARDURADUN TEKNIKOA<\/th>\n<th>E-POSTA<\/th>\n<th>TEL.<\/th>\n<\/tr>\n<\/thead>\n<tbody>\n<tr>\n<td>IDAZKARITZA<\/td>\n<td>JES&Uacute;S ERBURU<\/td>\n<td><a href=\"mailto:secretaria-idazkaritza@egues.es\">secretaria-idazkaritza@egues.es<\/a><\/td>\n<td>948 33 16 11<\/td>\n<\/tr>\n<tr>\n<td>GERENTZIA<\/td>\n<td>PABLO GIL<\/td>\n<td><a href=\"mailto:pgil@egues.es\">pgil@egues.es<\/a><\/td>\n<td>948 33 16 11<\/td>\n<\/tr>\n<tr>\n<td>KONTU-HARTZAILETZA<\/td>\n<td>JULIA IRISARRI<\/td>\n<td><a href=\"mailto:jirisarri@egues.es\">jirisarri@egues.es<\/a><\/td>\n<td>948 33 16 11<\/td>\n<\/tr>\n<\/tbody>\n<\/table><p>&nbsp;<\/p><table class=\"table\">\n<thead>\n<tr>\n<th>ZERBITZU OROKORRAK<\/th>\n<th>ARDURADUN TEKNIKOA<\/th>\n<th>E-POSTA<\/th>\n<th>TEL.<\/th>\n<\/tr>\n<\/thead>\n<tbody>\n<tr>\n<td>KONTRATAZIOA<\/td>\n<td>JES&Uacute;S ERUBUR<\/td>\n<td><a href=\"mailto:contratacion-kontratazioa@egues.es\">contratacion-kontratazioa@egues.es<\/a><\/td>\n<td>948 33 16 11<\/td>\n<\/tr>\n<tr>\n<td>HIRIGINTZA<\/td>\n<td>JES&Uacute;S ERBURU<\/td>\n<td><a href=\"mailto:urbanismo-hirigintza@egues.es\">urbanismo-hirigintza@egues.es<\/a><\/td>\n<td>948 33 16 11<\/td>\n<\/tr>\n<tr>\n<td>ZERBITZU ANITZAK<\/td>\n<td>JOSEBA GIL<\/td>\n<td><a href=\"mailto:multiples@egues.es\">multiples@egues.es<\/a><\/td>\n<td>948 80 20 20<\/td>\n<\/tr>\n<tr>\n<td>LOREZAINTZA<\/td>\n<td>JUANTXO YOLDI<\/td>\n<td><a href=\"mailto:jyoldi@egues.es\">jyoldi@egues.es<\/a><\/td>\n<td>948 33 32 12<\/td>\n<\/tr>\n<tr>\n<td>HERRITARREI ARRETA EGITEKO BULEGOA<\/td>\n<td>IDOIA ITURRI<\/td>\n<td><a href=\"mailto:oac@egues.es\">oac@egues.es<\/a><\/td>\n<td>948 33 16 11<\/td>\n<\/tr>\n<\/tbody>\n<\/table><p>&nbsp;<\/p><table class=\"table\">\n<thead>\n<tr>\n<th>UDAL ZERBITZUAK<\/th>\n<th>ARDURADUN TEKNIKOA<\/th>\n<th>E-POSTA<\/th>\n<th>TEL.<\/th>\n<\/tr>\n<\/thead>\n<tbody>\n<tr>\n<td>OLAZKO LIBURUTEGIA<br>\nSARRIGURENGO LIBURUTEGIA<\/td>\n<td>MAITE SANTOS<br>\nMAITE ERECACHO<\/td>\n<td><a href=\"mailto:biblioteca-liburutegiaolaz@egues.es\">biblioteca-liburutegiaolaz@egues.es<\/a><br>\n<a href=\"mailto:biblioteca-liburutegiasarriguren@egues.es\">biblioteca-liburutegiasarriguren@egues.es<\/a><\/td>\n<td>948 33 79 74<br>\n948 78 89 26<\/td>\n<\/tr>\n<tr>\n<td>KULTURA<\/td>\n<td>PATRICIA CIFRIAN<\/td>\n<td><a href=\"mailto:cultura-kultura@egues.es\">cultura-kultura@egues.es<\/a><\/td>\n<td>948 33 16 11<\/td>\n<\/tr>\n<tr>\n<td>KIROLA<\/td>\n<td>NEREA ROMERO<\/td>\n<td><a href=\"mailto:deporte-kirola@egues.es\">deporte-kirola@egues.es<\/a><\/td>\n<td>948 33 16 11<\/td>\n<\/tr>\n<tr>\n<td>ENPLEGUA<\/td>\n<td>AMPARO L&Oacute;PEZ<\/td>\n<td><a href=\"mailto:desarrollolocal.tokigarapena@egues.es\">desarrollolocal.tokigarapena@egues.es<\/a><\/td>\n<td>948 33 16 11<\/td>\n<\/tr>\n<tr>\n<td>MUSIKA ESKOLA<\/td>\n<td>JOSEBA BAZTAN<\/td>\n<td><a href=\"mailto:emusica-musikae@egues.es\">emusica-musikae@egues.es<\/a><\/td>\n<td>948 33 79 76<\/td>\n<\/tr>\n<tr>\n<td>EUSKARA<\/td>\n<td>EDORTA CUESTA<\/td>\n<td><a href=\"mailto:euskera@egues.es\">euskera@egues.es<\/a><\/td>\n<td>948 33 16 11<\/td>\n<\/tr>\n<tr>\n<td>BERDINTASUNA<\/td>\n<td>JAIONE IRAOLA<\/td>\n<td><a href=\"mailto:igualdadberdintasuna@egues.es\">igualdadberdintasuna@egues.es<\/a><\/td>\n<td>948 33 16 50<\/td>\n<\/tr>\n<tr>\n<td>INGURUMEN ALORRA<\/td>\n<td>JUANTXO YOLDI<\/td>\n<td><a href=\"mailto:jyoldi@egues.es\">jyoldi@egues.es<\/a><\/td>\n<td>948 33 32 12<\/td>\n<\/tr>\n<tr>\n<td>UDALTZAINGOA<\/td>\n<td>I&Ntilde;IGO DE CARLOS<\/td>\n<td><a href=\"mailto:pmunicipal@egues.es\">pmunicipal@egues.es<\/a><\/td>\n<td>948 33 08 88<\/td>\n<\/tr>\n<tr>\n<td>OINARRIZKO GIZARTE ZERBITZUA<\/td>\n<td>ITZIAR MARTINEZ<\/td>\n<td><a href=\"mailto:ssb-ogz@egues.es\">ssb-ogz@egues.es<\/a><\/td>\n<td>948 33 21 82<\/td>\n<\/tr>\n<\/tbody>\n<\/table><p>&nbsp;<\/p><table class=\"table\">\n<thead>\n<tr>\n<th>KANPO ZERBITZUAK<\/th>\n<th>ARDURADUN TEKNIKOA<\/th>\n<th>E-POSTA<\/th>\n<th>TEL.<\/th>\n<\/tr>\n<\/thead>\n<tbody>\n<tr>\n<td>FAZ<\/td>\n<td>IDOIA GUTIERREZ<\/td>\n<td><a href=\"mailto:caf-faz@egues.es\">caf-faz@egues.es<\/a><\/td>\n<td>948 16 56 51<\/td>\n<\/tr>\n<tr>\n<td>LAKARRI HAUR ESKOLA<\/td>\n<td>BEGO&Ntilde;A GO&Ntilde;I<\/td>\n<td><a href=\"mailto:lakarri@egues.es\">lakarri@egues.es<\/a><\/td>\n<td>948 35 74 72<\/td>\n<\/tr>\n<tr>\n<td>MALKAITZ HAUR ESKOLA<\/td>\n<td>ISABEL S&Aacute;INZ<\/td>\n<td><a href=\"mailto:malkaitz@egues.es\">malkaitz@egues.es<\/a><\/td>\n<td>948 34 89 23<\/td>\n<\/tr>\n<tr>\n<td>TANGORRI HAUR ESKOLA<\/td>\n<td>SARA ARANGUREN<\/td>\n<td><a href=\"mailto:tangorri@egues.es\">tangorri@egues.es<\/a><\/td>\n<td>948 80 67 89<\/td>\n<\/tr>\n<tr>\n<td>OLAZKO KIROLDEGIA<\/td>\n<td>JAVIER MOSO<\/td>\n<td><a href=\"mailto:egues@gesportsl.es\">egues@gesportsl.es<\/a><\/td>\n<td>948 33 71 55<\/td>\n<\/tr>\n<tr>\n<td>SARRIGURENGO KIROLDEGIA<\/td>\n<td>JUAN ESEVERRI<\/td>\n<td><a href=\"mailto:sarriguren@gesportsl.es\">sarriguren@gesportsl.es<\/a><\/td>\n<td>948 16 54 84<\/td>\n<\/tr>\n<\/tbody>\n<\/table>\n","protected":false},"excerpt":{"rendered":"<p>ALORRA ARDURADUN TEKNIKOA E-POSTA TEL. IDAZKARITZA JES&Uacute;S ERBURU secretaria-idazkaritza@egues.es 948 33 16 11 GERENTZIA PABLO GIL pgil@egues.es 948 33 16 11 KONTU-HARTZAILETZA JULIA IRISARRI jirisarri@egues.es 948 33 16 11 &nbsp; ZERBITZU OROKORRAK ARDURADUN TEKNIKOA E-POSTA TEL. KONTRATAZIOA JES&Uacute;S ERUBUR contratacion-kontratazioa@egues.es 948 33 16 11 HIRIGINTZA JES&Uacute;S ERBURU urbanismo-hirigintza@egues.es 948 33 16 11 ZERBITZU ANITZAK JOSEBA [&hellip;]<\/p>\n","protected":false},"author":2,"featured_media":0,"parent":6219,"menu_order":0,"comment_status":"closed","ping_status":"closed","template":"templates\/PLANTILLA ANCHO COMPLETO.php","meta":{"footnotes":""},"class_list":["post-6220","page","type-page","status-publish","hentry"],"yoast_head":"<!-- This site is optimized with the Yoast SEO plugin v27.5 - https:\/\/yoast.com\/product\/yoast-seo-wordpress\/ -->\r\n<title>Kontaktuak - Ayuntamiento Valle de Eg\u00fc\u00e9s | Eguesibarko Udala<\/title>\r\n<meta name=\"robots\" content=\"index, follow, max-snippet:-1, max-image-preview:large, max-video-preview:-1\" \/>\r\n<link rel=\"canonical\" href=\"https:\/\/www.valledeegues.com\/eu\/udala\/administrazioaren-antolaketa\/kontaktuak\/\" \/>\r\n<meta property=\"og:locale\" content=\"eu_ES\" \/>\r\n<meta property=\"og:type\" content=\"article\" \/>\r\n<meta property=\"og:title\" content=\"Kontaktuak - Ayuntamiento Valle de Eg\u00fc\u00e9s | Eguesibarko Udala\" \/>\r\n<meta property=\"og:description\" content=\"ALORRA ARDURADUN TEKNIKOA E-POSTA TEL. IDAZKARITZA JES&Uacute;S ERBURU secretaria-idazkaritza@egues.es 948 33 16 11 GERENTZIA PABLO GIL pgil@egues.es 948 33 16 11 KONTU-HARTZAILETZA JULIA IRISARRI jirisarri@egues.es 948 33 16 11 &nbsp; ZERBITZU OROKORRAK ARDURADUN TEKNIKOA E-POSTA TEL. KONTRATAZIOA JES&Uacute;S ERUBUR contratacion-kontratazioa@egues.es 948 33 16 11 HIRIGINTZA JES&Uacute;S ERBURU urbanismo-hirigintza@egues.es 948 33 16 11 ZERBITZU ANITZAK JOSEBA [&hellip;]\" \/>\r\n<meta property=\"og:url\" content=\"https:\/\/www.valledeegues.com\/eu\/udala\/administrazioaren-antolaketa\/kontaktuak\/\" \/>\r\n<meta property=\"og:site_name\" content=\"Ayuntamiento Valle de Eg\u00fc\u00e9s | Eguesibarko Udala\" \/>\r\n<meta property=\"article:publisher\" content=\"https:\/\/www.facebook.com\/EguesEguesibar\" \/>\r\n<meta property=\"article:modified_time\" content=\"2026-05-10T15:37:49+00:00\" \/>\r\n<meta name=\"twitter:card\" content=\"summary_large_image\" \/>\r\n<meta name=\"twitter:site\" content=\"@AValledeEgues\" \/>\r\n<meta name=\"twitter:label1\" content=\"Est. reading time\" \/>\n\t<meta name=\"twitter:data1\" content=\"2 minutes\" \/>\r\n<script type=\"application\/ld+json\" class=\"yoast-schema-graph\">{\"@context\":\"https:\\\/\\\/schema.org\",\"@graph\":[{\"@type\":\"WebPage\",\"@id\":\"https:\\\/\\\/www.valledeegues.com\\\/eu\\\/udala\\\/administrazioaren-antolaketa\\\/kontaktuak\\\/\",\"url\":\"https:\\\/\\\/www.valledeegues.com\\\/eu\\\/udala\\\/administrazioaren-antolaketa\\\/kontaktuak\\\/\",\"name\":\"Kontaktuak - Ayuntamiento Valle de Eg\u00fc\u00e9s | Eguesibarko Udala\",\"isPartOf\":{\"@id\":\"https:\\\/\\\/www.valledeegues.com\\\/eu\\\/#website\"},\"datePublished\":\"2018-09-13T08:10:24+00:00\",\"dateModified\":\"2026-05-10T15:37:49+00:00\",\"breadcrumb\":{\"@id\":\"https:\\\/\\\/www.valledeegues.com\\\/eu\\\/udala\\\/administrazioaren-antolaketa\\\/kontaktuak\\\/#breadcrumb\"},\"inLanguage\":\"eu-ES\",\"potentialAction\":[{\"@type\":\"ReadAction\",\"target\":[\"https:\\\/\\\/www.valledeegues.com\\\/eu\\\/udala\\\/administrazioaren-antolaketa\\\/kontaktuak\\\/\"]}]},{\"@type\":\"BreadcrumbList\",\"@id\":\"https:\\\/\\\/www.valledeegues.com\\\/eu\\\/udala\\\/administrazioaren-antolaketa\\\/kontaktuak\\\/#breadcrumb\",\"itemListElement\":[{\"@type\":\"ListItem\",\"position\":1,\"name\":\"Azala\",\"item\":\"https:\\\/\\\/www.valledeegues.com\\\/eu\\\/\"},{\"@type\":\"ListItem\",\"position\":2,\"name\":\"Udala\",\"item\":\"https:\\\/\\\/www.valledeegues.com\\\/eu\\\/udala\\\/\"},{\"@type\":\"ListItem\",\"position\":3,\"name\":\"Administrazioaren antolaketa\",\"item\":\"https:\\\/\\\/www.valledeegues.com\\\/eu\\\/administrazioaren-antolaketa\\\/\"},{\"@type\":\"ListItem\",\"position\":4,\"name\":\"Kontaktuak\"}]},{\"@type\":\"WebSite\",\"@id\":\"https:\\\/\\\/www.valledeegues.com\\\/eu\\\/#website\",\"url\":\"https:\\\/\\\/www.valledeegues.com\\\/eu\\\/\",\"name\":\"Ayuntamiento Valle de Eg\u00fc\u00e9s | Eguesibarko Udala\",\"description\":\"Ayuntamiento Valle de Eg\u00fc\u00e9s | Eguesibarko Udala\",\"publisher\":{\"@id\":\"https:\\\/\\\/www.valledeegues.com\\\/eu\\\/#organization\"},\"potentialAction\":[{\"@type\":\"SearchAction\",\"target\":{\"@type\":\"EntryPoint\",\"urlTemplate\":\"https:\\\/\\\/www.valledeegues.com\\\/eu\\\/?s={search_term_string}\"},\"query-input\":{\"@type\":\"PropertyValueSpecification\",\"valueRequired\":true,\"valueName\":\"search_term_string\"}}],\"inLanguage\":\"eu-ES\"},{\"@type\":\"Organization\",\"@id\":\"https:\\\/\\\/www.valledeegues.com\\\/eu\\\/#organization\",\"name\":\"Ayuntamiento Valle de Egues\",\"url\":\"https:\\\/\\\/www.valledeegues.com\\\/eu\\\/\",\"logo\":{\"@type\":\"ImageObject\",\"inLanguage\":\"eu-ES\",\"@id\":\"https:\\\/\\\/www.valledeegues.com\\\/eu\\\/#\\\/schema\\\/logo\\\/image\\\/\",\"url\":\"https:\\\/\\\/www.valledeegues.com\\\/wp-content\\\/uploads\\\/2019\\\/06\\\/logo-egues-escudo.svg\",\"contentUrl\":\"https:\\\/\\\/www.valledeegues.com\\\/wp-content\\\/uploads\\\/2019\\\/06\\\/logo-egues-escudo.svg\",\"width\":529,\"height\":125,\"caption\":\"Ayuntamiento Valle de Egues\"},\"image\":{\"@id\":\"https:\\\/\\\/www.valledeegues.com\\\/eu\\\/#\\\/schema\\\/logo\\\/image\\\/\"},\"sameAs\":[\"https:\\\/\\\/www.facebook.com\\\/EguesEguesibar\",\"https:\\\/\\\/x.com\\\/AValledeEgues\",\"https:\\\/\\\/www.youtube.com\\\/channel\\\/UCUPvmkTy56ZAhGTVrzg4uDQ\"]}]}<\/script>\r\n<!-- \/ Yoast SEO plugin. -->","yoast_head_json":{"title":"Kontaktuak - Ayuntamiento Valle de Eg\u00fc\u00e9s | Eguesibarko Udala","robots":{"index":"index","follow":"follow","max-snippet":"max-snippet:-1","max-image-preview":"max-image-preview:large","max-video-preview":"max-video-preview:-1"},"canonical":"https:\/\/www.valledeegues.com\/eu\/udala\/administrazioaren-antolaketa\/kontaktuak\/","og_locale":"eu_ES","og_type":"article","og_title":"Kontaktuak - Ayuntamiento Valle de Eg\u00fc\u00e9s | Eguesibarko Udala","og_description":"ALORRA ARDURADUN TEKNIKOA E-POSTA TEL. IDAZKARITZA JES&Uacute;S ERBURU secretaria-idazkaritza@egues.es 948 33 16 11 GERENTZIA PABLO GIL pgil@egues.es 948 33 16 11 KONTU-HARTZAILETZA JULIA IRISARRI jirisarri@egues.es 948 33 16 11 &nbsp; ZERBITZU OROKORRAK ARDURADUN TEKNIKOA E-POSTA TEL. KONTRATAZIOA JES&Uacute;S ERUBUR contratacion-kontratazioa@egues.es 948 33 16 11 HIRIGINTZA JES&Uacute;S ERBURU urbanismo-hirigintza@egues.es 948 33 16 11 ZERBITZU ANITZAK JOSEBA [&hellip;]","og_url":"https:\/\/www.valledeegues.com\/eu\/udala\/administrazioaren-antolaketa\/kontaktuak\/","og_site_name":"Ayuntamiento Valle de Eg\u00fc\u00e9s | Eguesibarko Udala","article_publisher":"https:\/\/www.facebook.com\/EguesEguesibar","article_modified_time":"2026-05-10T15:37:49+00:00","twitter_card":"summary_large_image","twitter_site":"@AValledeEgues","twitter_misc":{"Est. reading time":"2 minutes"},"schema":{"@context":"https:\/\/schema.org","@graph":[{"@type":"WebPage","@id":"https:\/\/www.valledeegues.com\/eu\/udala\/administrazioaren-antolaketa\/kontaktuak\/","url":"https:\/\/www.valledeegues.com\/eu\/udala\/administrazioaren-antolaketa\/kontaktuak\/","name":"Kontaktuak - Ayuntamiento Valle de Eg\u00fc\u00e9s | Eguesibarko Udala","isPartOf":{"@id":"https:\/\/www.valledeegues.com\/eu\/#website"},"datePublished":"2018-09-13T08:10:24+00:00","dateModified":"2026-05-10T15:37:49+00:00","breadcrumb":{"@id":"https:\/\/www.valledeegues.com\/eu\/udala\/administrazioaren-antolaketa\/kontaktuak\/#breadcrumb"},"inLanguage":"eu-ES","potentialAction":[{"@type":"ReadAction","target":["https:\/\/www.valledeegues.com\/eu\/udala\/administrazioaren-antolaketa\/kontaktuak\/"]}]},{"@type":"BreadcrumbList","@id":"https:\/\/www.valledeegues.com\/eu\/udala\/administrazioaren-antolaketa\/kontaktuak\/#breadcrumb","itemListElement":[{"@type":"ListItem","position":1,"name":"Azala","item":"https:\/\/www.valledeegues.com\/eu\/"},{"@type":"ListItem","position":2,"name":"Udala","item":"https:\/\/www.valledeegues.com\/eu\/udala\/"},{"@type":"ListItem","position":3,"name":"Administrazioaren antolaketa","item":"https:\/\/www.valledeegues.com\/eu\/administrazioaren-antolaketa\/"},{"@type":"ListItem","position":4,"name":"Kontaktuak"}]},{"@type":"WebSite","@id":"https:\/\/www.valledeegues.com\/eu\/#website","url":"https:\/\/www.valledeegues.com\/eu\/","name":"Ayuntamiento Valle de Eg\u00fc\u00e9s | Eguesibarko Udala","description":"Ayuntamiento Valle de Eg\u00fc\u00e9s | Eguesibarko Udala","publisher":{"@id":"https:\/\/www.valledeegues.com\/eu\/#organization"},"potentialAction":[{"@type":"SearchAction","target":{"@type":"EntryPoint","urlTemplate":"https:\/\/www.valledeegues.com\/eu\/?s={search_term_string}"},"query-input":{"@type":"PropertyValueSpecification","valueRequired":true,"valueName":"search_term_string"}}],"inLanguage":"eu-ES"},{"@type":"Organization","@id":"https:\/\/www.valledeegues.com\/eu\/#organization","name":"Ayuntamiento Valle de Egues","url":"https:\/\/www.valledeegues.com\/eu\/","logo":{"@type":"ImageObject","inLanguage":"eu-ES","@id":"https:\/\/www.valledeegues.com\/eu\/#\/schema\/logo\/image\/","url":"https:\/\/www.valledeegues.com\/wp-content\/uploads\/2019\/06\/logo-egues-escudo.svg","contentUrl":"https:\/\/www.valledeegues.com\/wp-content\/uploads\/2019\/06\/logo-egues-escudo.svg","width":529,"height":125,"caption":"Ayuntamiento Valle de Egues"},"image":{"@id":"https:\/\/www.valledeegues.com\/eu\/#\/schema\/logo\/image\/"},"sameAs":["https:\/\/www.facebook.com\/EguesEguesibar","https:\/\/x.com\/AValledeEgues","https:\/\/www.youtube.com\/channel\/UCUPvmkTy56ZAhGTVrzg4uDQ"]}]}},"_links":{"self":[{"href":"https:\/\/www.valledeegues.com\/eu\/wp-json\/wp\/v2\/pages\/6220","targetHints":{"allow":["GET"]}}],"collection":[{"href":"https:\/\/www.valledeegues.com\/eu\/wp-json\/wp\/v2\/pages"}],"about":[{"href":"https:\/\/www.valledeegues.com\/eu\/wp-json\/wp\/v2\/types\/page"}],"author":[{"embeddable":true,"href":"https:\/\/www.valledeegues.com\/eu\/wp-json\/wp\/v2\/users\/2"}],"replies":[{"embeddable":true,"href":"https:\/\/www.valledeegues.com\/eu\/wp-json\/wp\/v2\/comments?post=6220"}],"version-history":[{"count":9,"href":"https:\/\/www.valledeegues.com\/eu\/wp-json\/wp\/v2\/pages\/6220\/revisions"}],"predecessor-version":[{"id":47203,"href":"https:\/\/www.valledeegues.com\/eu\/wp-json\/wp\/v2\/pages\/6220\/revisions\/47203"}],"up":[{"embeddable":true,"href":"https:\/\/www.valledeegues.com\/eu\/wp-json\/wp\/v2\/pages\/6219"}],"wp:attachment":[{"href":"https:\/\/www.valledeegues.com\/eu\/wp-json\/wp\/v2\/media?parent=6220"}],"curies":[{"name":"wp","href":"https:\/\/api.w.org\/{rel}","templated":true}]}}