{"id":6219,"date":"2018-08-28T13:52:49","date_gmt":"2018-08-28T11:52:49","guid":{"rendered":"https:\/\/www.valledeegues.com\/?page_id=6219"},"modified":"2019-06-27T13:31:30","modified_gmt":"2019-06-27T11:31:30","slug":"administrazioaren-antolaketa","status":"publish","type":"page","link":"https:\/\/www.valledeegues.com\/eu\/udala\/administrazioaren-antolaketa\/","title":{"rendered":"Administrazioaren antolaketa"},"content":{"rendered":"<?xml encoding=\"utf-8\" ?><p>[vc_row][vc_column width=&rdquo;3\/4&Prime;][vc_empty_space height=&rdquo;40px&rdquo;][vc_row_inner][vc_column_inner][vc_column_text css=&rdquo;.vc_custom_1550831854935{margin-bottom: 0px !important;}&rdquo;]<\/p><h3><span lang=\"EU\">ANTOLAKETA ALORREZ ALOR<\/span><\/h3><p><span lang=\"EU\">Udalaren administrazioa alor tematikoetan antolatua dago. Alorren arduradunak Gobernu taldeko zinegotziak&nbsp;dira.<\/span><\/p><p><span lang=\"EU\">Alor bakoitzak udal zerbitzu batzuen gaineko ardura dauka: Kultura, Kirolak, Hirigintza, Ingurumena&hellip;<\/span>[\/vc_column_text][\/vc_column_inner][\/vc_row_inner][vc_empty_space][\/vc_column][vc_column width=&rdquo;1\/4&Prime;][vc_empty_space height=&rdquo;40px&rdquo;][mk_custom_sidebar sidebar=&rdquo;sidebar-29&Prime;][\/vc_column][\/vc_row][vc_row fullwidth=&rdquo;true&rdquo; fullwidth_content=&rdquo;false&rdquo; disable_element=&rdquo;yes&rdquo; css=&rdquo;.vc_custom_1561635082409{background-color: #e8e8e8 !important;}&rdquo;][vc_column][vc_empty_space][vc_row_inner][vc_column_inner width=&rdquo;1\/4&Prime;][vc_column_text css=&rdquo;.vc_custom_1541495685203{margin-bottom: 0px !important;}&rdquo;]<\/p><h4 style=\"text-align: left;\"><strong>OGASUNA ETA KONTUAK<\/strong><\/h4><p>[\/vc_column_text][vc_column_text css=&rdquo;.vc_custom_1541495887559{margin-bottom: 0px !important;}&rdquo;]<\/p><h6 style=\"text-align: left;\"><a href=\"\/?p=609\">Alfonso Etxeberria Go&ntilde;i<\/a><\/h6><p>[\/vc_column_text][mk_custom_list]<\/p><ul>\n<li><a href=\"#\">Ogasuna eta Kontuak<\/a><\/li>\n<\/ul><p>[\/mk_custom_list][\/vc_column_inner][vc_column_inner width=&rdquo;1\/4&Prime;][vc_column_text css=&rdquo;.vc_custom_1541495699210{margin-bottom: 0px !important;}&rdquo;]<\/p><h4 style=\"text-align: left;\"><strong>ADMINISTRAZIOAREN KOORDINATZEA ETA MODERNIZAZIOA<\/strong><\/h4><p>[\/vc_column_text][vc_column_text css=&rdquo;.vc_custom_1541495894894{margin-bottom: 0px !important;}&rdquo;]<\/p><h6><a href=\"\/?p=908\">Helena Arruabarrena Polite<\/a><\/h6><p>[\/vc_column_text][mk_custom_list]<\/p><ul>\n<li><a href=\"\/?page_id=7456\">Administrazioaren Modernizazioa eta Eraldakuntza Digitala<\/a><\/li>\n<li><a href=\"\/?page_id=7350\">Herritarrei Arreta egiteko Bulegoa<\/a><\/li>\n<\/ul><p>[\/mk_custom_list][\/vc_column_inner][vc_column_inner width=&rdquo;1\/4&Prime;][vc_column_text css=&rdquo;.vc_custom_1541495936542{margin-bottom: 0px !important;}&rdquo;]<\/p><h4 style=\"text-align: left;\"><strong><span lang=\"ES\">ENPLEGUA ETA TOKI-GARAPENA<\/span><\/strong><\/h4><p>[\/vc_column_text][vc_column_text css=&rdquo;.vc_custom_1541495943753{margin-bottom: 0px !important;}&rdquo;]<\/p><h6><a href=\"\/?p=609\">Alfonso Etxeberria Go&ntilde;i<\/a><\/h6><p>[\/vc_column_text][mk_custom_list]<\/p><ul>\n<li><a href=\"\/?page_id=8068\">Toki-garapena eta Enplegua<\/a><\/li>\n<\/ul><p>[\/mk_custom_list][\/vc_column_inner][vc_column_inner width=&rdquo;1\/4&Prime;][vc_column_text css=&rdquo;.vc_custom_1541495716277{margin-bottom: 0px !important;}&rdquo;]<\/p><h4 style=\"text-align: left;\"><strong>GARDENTASUNA ETA HERRITARREN PARTE-HARTZEA<\/strong><\/h4><p>[\/vc_column_text][vc_column_text css=&rdquo;.vc_custom_1541495958941{margin-bottom: 0px !important;}&rdquo;]<\/p><h6><a href=\"\/?p=913\">Amaia Etxarte Iturralde<\/a><\/h6><p>[\/vc_column_text][mk_custom_list]<\/p><ul>\n<li><a href=\"https:\/\/www.valledeegues.com\/eu\/transparencia-y-participacion-ciudadana-eus\/\"><span lang=\"ES\">Gardentasuna eta Herritarren Parte-hartzea<\/span><\/a><\/li>\n<\/ul><p>[\/mk_custom_list][\/vc_column_inner][\/vc_row_inner][vc_row_inner][vc_column_inner width=&rdquo;1\/4&Prime;][vc_column_text css=&rdquo;.vc_custom_1541495724815{margin-bottom: 0px !important;}&rdquo;]<\/p><h4 style=\"text-align: left;\"><strong>HERRITARREN SEGURTASUNA<\/strong><\/h4><p>[\/vc_column_text][vc_column_text css=&rdquo;.vc_custom_1541495969325{margin-bottom: 0px !important;}&rdquo;]<\/p><h6><a href=\"\/?p=908\">Helena Arruabarrena Polite<\/a><\/h6><p>[\/vc_column_text][mk_custom_list]<\/p><ul>\n<li><a href=\"\/?page_id=7451\"><span lang=\"ES\">Mugikortasuna eta Herritarren Segurtasuna<\/span><\/a><\/li>\n<\/ul><p>[\/mk_custom_list][\/vc_column_inner][vc_column_inner width=&rdquo;1\/4&Prime;][vc_column_text css=&rdquo;.vc_custom_1541495733050{margin-bottom: 0px !important;}&rdquo;]<\/p><h4 style=\"text-align: left;\"><strong>KONTZEJUAK<\/strong><\/h4><p>[\/vc_column_text][vc_column_text css=&rdquo;.vc_custom_1541495978572{margin-bottom: 0px !important;}&rdquo;]<\/p><h6><a href=\"\/?p=913\">Amaia Etxarte Iturralde<\/a><\/h6><p>[\/vc_column_text][mk_custom_list]<\/p><ul>\n<li><a href=\"\/?page_id=6313\">Kontzejuak<\/a><\/li>\n<\/ul><p>[\/mk_custom_list][\/vc_column_inner][vc_column_inner width=&rdquo;1\/4&Prime;][vc_column_text css=&rdquo;.vc_custom_1541495997597{margin-bottom: 0px !important;}&rdquo;]<\/p><h4 style=\"text-align: left;\"><strong><span lang=\"ES\">GIZARTE ZERBITZUAK, HAURTZAROA, GAZTERIA ETA HELDUAROA<\/span><\/strong><\/h4><p>[\/vc_column_text][vc_column_text css=&rdquo;.vc_custom_1541495987943{margin-bottom: 0px !important;}&rdquo;]<\/p><h6><a href=\"\/?p=911\">Joseba Ordu&ntilde;a Navarro<\/a><\/h6><p>[\/vc_column_text][mk_custom_list]<\/p><ul>\n<li><a href=\"\/?page_id=7358\">Oinarrizko Gizarte Zerbitzua<\/a><\/li>\n<li><a href=\"\/?page_id=7212\">FAZ<\/a><\/li>\n<li><a href=\"\/?page_id=7346\">Gazteria<\/a><\/li>\n<\/ul><p>[\/mk_custom_list][\/vc_column_inner][vc_column_inner width=&rdquo;1\/4&Prime;][vc_column_text css=&rdquo;.vc_custom_1541495748193{margin-bottom: 0px !important;}&rdquo;]<\/p><h4 style=\"text-align: left;\"><strong>GENERO BERDINTASUNA<\/strong><\/h4><p>[\/vc_column_text][vc_column_text css=&rdquo;.vc_custom_1541496006473{margin-bottom: 0px !important;}&rdquo;]<\/p><h6><a href=\"\/?p=911\">Joseba Ordu&ntilde;a Navarro<\/a><\/h6><p>[\/vc_column_text][mk_custom_list]<\/p><ul>\n<li><a href=\"\/?page_id=7323\">Berdintasuna<\/a><\/li>\n<\/ul><p>[\/mk_custom_list][\/vc_column_inner][\/vc_row_inner][vc_row_inner el_class=&rdquo;five-columns&rdquo;][vc_column_inner width=&rdquo;1\/6&Prime;][vc_column_text css=&rdquo;.vc_custom_1541495757384{margin-bottom: 0px !important;}&rdquo;]<\/p><h4 style=\"text-align: left;\"><strong>KULTURA, KIROLA ETA HEZKUNTZA<\/strong><\/h4><p>[\/vc_column_text][vc_column_text css=&rdquo;.vc_custom_1541496060395{margin-bottom: 0px !important;}&rdquo;]<\/p><h6><a href=\"\/?p=911\">Joseba Ordu&ntilde;a Navarro<\/a><\/h6><p>[\/vc_column_text][mk_custom_list]<\/p><ul>\n<li><a href=\"\/?page_id=7248\">Kultura<\/a><\/li>\n<li><a href=\"\/?page_id=7267\">Kirola<\/a><\/li>\n<li><a href=\"\/?page_id=7282\">Hezkuntza<\/a><\/li>\n<\/ul><p>[\/mk_custom_list][\/vc_column_inner][vc_column_inner width=&rdquo;1\/6&Prime;][vc_column_text css=&rdquo;.vc_custom_1541495763977{margin-bottom: 0px !important;}&rdquo;]<\/p><h4 style=\"text-align: left;\"><strong>EUSKARA<\/strong><\/h4><p>[\/vc_column_text][vc_column_text css=&rdquo;.vc_custom_1541496068011{margin-bottom: 0px !important;}&rdquo;]<\/p><h6><a href=\"\/?p=913\">Amaia Etxarte Iturralde<\/a><\/h6><p>[\/vc_column_text][mk_custom_list]<\/p><ul>\n<li><a href=\"\/?page_id=7302\">Euskara<\/a><\/li>\n<\/ul><p>[\/mk_custom_list][\/vc_column_inner][vc_column_inner width=&rdquo;1\/6&Prime;][vc_column_text css=&rdquo;.vc_custom_1541495771291{margin-bottom: 0px !important;}&rdquo;]<\/p><h4 style=\"text-align: left;\"><strong>HIRIGINTZA<\/strong><\/h4><p>[\/vc_column_text][vc_column_text css=&rdquo;.vc_custom_1541496076584{margin-bottom: 0px !important;}&rdquo;]<\/p><h6><a href=\"\/?p=609\">Alfonso Etxeberria Go&ntilde;i<\/a><\/h6><p>[\/vc_column_text][mk_custom_list]<\/p><ul>\n<li><a href=\"#\">Hirigintza<\/a><\/li>\n<\/ul><p>[\/mk_custom_list][\/vc_column_inner][vc_column_inner width=&rdquo;1\/6&Prime;][vc_column_text css=&rdquo;.vc_custom_1544706992126{margin-bottom: 0px !important;}&rdquo;]<\/p><h4 style=\"text-align: left;\"><strong>INGURUMENA<\/strong><\/h4><p>[\/vc_column_text][vc_column_text css=&rdquo;.vc_custom_1541496087631{margin-bottom: 0px !important;}&rdquo;]<\/p><h6><a href=\"\/?p=928\">Mikel Etxarte Azkarate<\/a><\/h6><h6><\/h6><p>[\/vc_column_text][mk_custom_list]<\/p><ul>\n<li><a href=\"\/?page_id=7380\">Ingurumena<\/a><\/li>\n<\/ul><p>[\/mk_custom_list][\/vc_column_inner][vc_column_inner width=&rdquo;1\/6&Prime;][vc_column_text css=&rdquo;.vc_custom_1541495788468{margin-bottom: 0px !important;}&rdquo;]<\/p><h4 style=\"text-align: left;\"><strong>OSASUNA<\/strong><\/h4><p>[\/vc_column_text][vc_column_text css=&rdquo;.vc_custom_1541496098174{margin-bottom: 0px !important;}&rdquo;]<\/p><h6><a href=\"\/?p=913\">Amaia Etxarte Iturralde<\/a><\/h6><p>[\/vc_column_text][mk_custom_list]<\/p><ul>\n<li>Osasuna<\/li>\n<\/ul><p>[\/mk_custom_list][\/vc_column_inner][vc_column_inner width=&rdquo;1\/6&Prime;][\/vc_column_inner][\/vc_row_inner][\/vc_column][\/vc_row]<\/p>\n","protected":false},"excerpt":{"rendered":"<p>[vc_row][vc_column width=&rdquo;3\/4&Prime;][vc_empty_space height=&rdquo;40px&rdquo;][vc_row_inner][vc_column_inner][vc_column_text css=&rdquo;.vc_custom_1550831854935{margin-bottom: 0px !important;}&rdquo;]ANTOLAKETA ALORREZ ALORUdalaren administrazioa alor tematikoetan antolatua dago. Alorren arduradunak Gobernu taldeko zinegotziak&nbsp;dira.Alor bakoitzak udal zerbitzu batzuen gaineko ardura dauka: Kultura, Kirolak, Hirigintza, Ingurumena&hellip;[\/vc_column_text][\/vc_column_inner][\/vc_row_inner][vc_empty_space][\/vc_column][vc_column width=&rdquo;1\/4&Prime;][vc_empty_space height=&rdquo;40px&rdquo;][mk_custom_sidebar sidebar=&rdquo;sidebar-29&Prime;][\/vc_column][\/vc_row][vc_row fullwidth=&rdquo;true&rdquo; fullwidth_content=&rdquo;false&rdquo; disable_element=&rdquo;yes&rdquo; css=&rdquo;.vc_custom_1561635082409{background-color: #e8e8e8 !important;}&rdquo;][vc_column][vc_empty_space][vc_row_inner][vc_column_inner width=&rdquo;1\/4&Prime;][vc_column_text css=&rdquo;.vc_custom_1541495685203{margin-bottom: 0px !important;}&rdquo;]OGASUNA ETA KONTUAK[\/vc_column_text][vc_column_text css=&rdquo;.vc_custom_1541495887559{margin-bottom: 0px !important;}&rdquo;]Alfonso Etxeberria Go&ntilde;i[\/vc_column_text][mk_custom_list] Ogasuna eta Kontuak [\/mk_custom_list][\/vc_column_inner][vc_column_inner width=&rdquo;1\/4&Prime;][vc_column_text css=&rdquo;.vc_custom_1541495699210{margin-bottom: [&hellip;]<\/p>\n","protected":false},"author":2,"featured_media":0,"parent":45114,"menu_order":0,"comment_status":"closed","ping_status":"closed","template":"","meta":{"footnotes":""},"class_list":["post-6219","page","type-page","status-publish","hentry"],"yoast_head":"<!-- This site is optimized with the Yoast SEO plugin v27.5 - https:\/\/yoast.com\/product\/yoast-seo-wordpress\/ -->\r\n<title>Administrazioaren antolaketa - Ayuntamiento Valle de Eg\u00fc\u00e9s | Eguesibarko Udala<\/title>\r\n<meta name=\"robots\" content=\"index, follow, max-snippet:-1, max-image-preview:large, max-video-preview:-1\" \/>\r\n<link rel=\"canonical\" href=\"https:\/\/www.valledeegues.com\/eu\/udala\/administrazioaren-antolaketa\/\" \/>\r\n<meta property=\"og:locale\" content=\"eu_ES\" \/>\r\n<meta property=\"og:type\" content=\"article\" \/>\r\n<meta property=\"og:title\" content=\"Administrazioaren antolaketa - Ayuntamiento Valle de Eg\u00fc\u00e9s | Eguesibarko Udala\" \/>\r\n<meta property=\"og:description\" content=\"[vc_row][vc_column width=&rdquo;3\/4&Prime;][vc_empty_space height=&rdquo;40px&rdquo;][vc_row_inner][vc_column_inner][vc_column_text css=&rdquo;.vc_custom_1550831854935{margin-bottom: 0px !important;}&rdquo;]ANTOLAKETA ALORREZ ALORUdalaren administrazioa alor tematikoetan antolatua dago. Alorren arduradunak Gobernu taldeko zinegotziak&nbsp;dira.Alor bakoitzak udal zerbitzu batzuen gaineko ardura dauka: Kultura, Kirolak, Hirigintza, Ingurumena&hellip;[\/vc_column_text][\/vc_column_inner][\/vc_row_inner][vc_empty_space][\/vc_column][vc_column width=&rdquo;1\/4&Prime;][vc_empty_space height=&rdquo;40px&rdquo;][mk_custom_sidebar sidebar=&rdquo;sidebar-29&Prime;][\/vc_column][\/vc_row][vc_row fullwidth=&rdquo;true&rdquo; fullwidth_content=&rdquo;false&rdquo; disable_element=&rdquo;yes&rdquo; css=&rdquo;.vc_custom_1561635082409{background-color: #e8e8e8 !important;}&rdquo;][vc_column][vc_empty_space][vc_row_inner][vc_column_inner width=&rdquo;1\/4&Prime;][vc_column_text css=&rdquo;.vc_custom_1541495685203{margin-bottom: 0px !important;}&rdquo;]OGASUNA ETA KONTUAK[\/vc_column_text][vc_column_text css=&rdquo;.vc_custom_1541495887559{margin-bottom: 0px !important;}&rdquo;]Alfonso Etxeberria Go&ntilde;i[\/vc_column_text][mk_custom_list] Ogasuna eta Kontuak [\/mk_custom_list][\/vc_column_inner][vc_column_inner width=&rdquo;1\/4&Prime;][vc_column_text css=&rdquo;.vc_custom_1541495699210{margin-bottom: [&hellip;]\" \/>\r\n<meta property=\"og:url\" content=\"https:\/\/www.valledeegues.com\/eu\/udala\/administrazioaren-antolaketa\/\" \/>\r\n<meta property=\"og:site_name\" content=\"Ayuntamiento Valle de Eg\u00fc\u00e9s | Eguesibarko Udala\" \/>\r\n<meta property=\"article:publisher\" content=\"https:\/\/www.facebook.com\/EguesEguesibar\" \/>\r\n<meta property=\"article:modified_time\" content=\"2019-06-27T11:31:30+00:00\" \/>\r\n<meta name=\"twitter:card\" content=\"summary_large_image\" \/>\r\n<meta name=\"twitter:site\" content=\"@AValledeEgues\" \/>\r\n<meta name=\"twitter:label1\" content=\"Est. reading time\" \/>\n\t<meta name=\"twitter:data1\" content=\"4 minutes\" \/>\r\n<script type=\"application\/ld+json\" class=\"yoast-schema-graph\">{\"@context\":\"https:\\\/\\\/schema.org\",\"@graph\":[{\"@type\":\"WebPage\",\"@id\":\"https:\\\/\\\/www.valledeegues.com\\\/eu\\\/udala\\\/administrazioaren-antolaketa\\\/\",\"url\":\"https:\\\/\\\/www.valledeegues.com\\\/eu\\\/udala\\\/administrazioaren-antolaketa\\\/\",\"name\":\"Administrazioaren antolaketa - Ayuntamiento Valle de Eg\u00fc\u00e9s | Eguesibarko Udala\",\"isPartOf\":{\"@id\":\"https:\\\/\\\/www.valledeegues.com\\\/eu\\\/#website\"},\"datePublished\":\"2018-08-28T11:52:49+00:00\",\"dateModified\":\"2019-06-27T11:31:30+00:00\",\"breadcrumb\":{\"@id\":\"https:\\\/\\\/www.valledeegues.com\\\/eu\\\/udala\\\/administrazioaren-antolaketa\\\/#breadcrumb\"},\"inLanguage\":\"eu-ES\",\"potentialAction\":[{\"@type\":\"ReadAction\",\"target\":[\"https:\\\/\\\/www.valledeegues.com\\\/eu\\\/udala\\\/administrazioaren-antolaketa\\\/\"]}]},{\"@type\":\"BreadcrumbList\",\"@id\":\"https:\\\/\\\/www.valledeegues.com\\\/eu\\\/udala\\\/administrazioaren-antolaketa\\\/#breadcrumb\",\"itemListElement\":[{\"@type\":\"ListItem\",\"position\":1,\"name\":\"Azala\",\"item\":\"https:\\\/\\\/www.valledeegues.com\\\/eu\\\/\"},{\"@type\":\"ListItem\",\"position\":2,\"name\":\"Administrazioaren antolaketa\"}]},{\"@type\":\"WebSite\",\"@id\":\"https:\\\/\\\/www.valledeegues.com\\\/eu\\\/#website\",\"url\":\"https:\\\/\\\/www.valledeegues.com\\\/eu\\\/\",\"name\":\"Ayuntamiento Valle de Eg\u00fc\u00e9s | Eguesibarko Udala\",\"description\":\"Ayuntamiento Valle de Eg\u00fc\u00e9s | Eguesibarko Udala\",\"publisher\":{\"@id\":\"https:\\\/\\\/www.valledeegues.com\\\/eu\\\/#organization\"},\"potentialAction\":[{\"@type\":\"SearchAction\",\"target\":{\"@type\":\"EntryPoint\",\"urlTemplate\":\"https:\\\/\\\/www.valledeegues.com\\\/eu\\\/?s={search_term_string}\"},\"query-input\":{\"@type\":\"PropertyValueSpecification\",\"valueRequired\":true,\"valueName\":\"search_term_string\"}}],\"inLanguage\":\"eu-ES\"},{\"@type\":\"Organization\",\"@id\":\"https:\\\/\\\/www.valledeegues.com\\\/eu\\\/#organization\",\"name\":\"Ayuntamiento Valle de Egues\",\"url\":\"https:\\\/\\\/www.valledeegues.com\\\/eu\\\/\",\"logo\":{\"@type\":\"ImageObject\",\"inLanguage\":\"eu-ES\",\"@id\":\"https:\\\/\\\/www.valledeegues.com\\\/eu\\\/#\\\/schema\\\/logo\\\/image\\\/\",\"url\":\"https:\\\/\\\/www.valledeegues.com\\\/wp-content\\\/uploads\\\/2019\\\/06\\\/logo-egues-escudo.svg\",\"contentUrl\":\"https:\\\/\\\/www.valledeegues.com\\\/wp-content\\\/uploads\\\/2019\\\/06\\\/logo-egues-escudo.svg\",\"width\":529,\"height\":125,\"caption\":\"Ayuntamiento Valle de Egues\"},\"image\":{\"@id\":\"https:\\\/\\\/www.valledeegues.com\\\/eu\\\/#\\\/schema\\\/logo\\\/image\\\/\"},\"sameAs\":[\"https:\\\/\\\/www.facebook.com\\\/EguesEguesibar\",\"https:\\\/\\\/x.com\\\/AValledeEgues\",\"https:\\\/\\\/www.youtube.com\\\/channel\\\/UCUPvmkTy56ZAhGTVrzg4uDQ\"]}]}<\/script>\r\n<!-- \/ Yoast SEO plugin. -->","yoast_head_json":{"title":"Administrazioaren antolaketa - Ayuntamiento Valle de Eg\u00fc\u00e9s | Eguesibarko Udala","robots":{"index":"index","follow":"follow","max-snippet":"max-snippet:-1","max-image-preview":"max-image-preview:large","max-video-preview":"max-video-preview:-1"},"canonical":"https:\/\/www.valledeegues.com\/eu\/udala\/administrazioaren-antolaketa\/","og_locale":"eu_ES","og_type":"article","og_title":"Administrazioaren antolaketa - Ayuntamiento Valle de Eg\u00fc\u00e9s | Eguesibarko Udala","og_description":"[vc_row][vc_column width=&rdquo;3\/4&Prime;][vc_empty_space height=&rdquo;40px&rdquo;][vc_row_inner][vc_column_inner][vc_column_text css=&rdquo;.vc_custom_1550831854935{margin-bottom: 0px !important;}&rdquo;]ANTOLAKETA ALORREZ ALORUdalaren administrazioa alor tematikoetan antolatua dago. Alorren arduradunak Gobernu taldeko zinegotziak&nbsp;dira.Alor bakoitzak udal zerbitzu batzuen gaineko ardura dauka: Kultura, Kirolak, Hirigintza, Ingurumena&hellip;[\/vc_column_text][\/vc_column_inner][\/vc_row_inner][vc_empty_space][\/vc_column][vc_column width=&rdquo;1\/4&Prime;][vc_empty_space height=&rdquo;40px&rdquo;][mk_custom_sidebar sidebar=&rdquo;sidebar-29&Prime;][\/vc_column][\/vc_row][vc_row fullwidth=&rdquo;true&rdquo; fullwidth_content=&rdquo;false&rdquo; disable_element=&rdquo;yes&rdquo; css=&rdquo;.vc_custom_1561635082409{background-color: #e8e8e8 !important;}&rdquo;][vc_column][vc_empty_space][vc_row_inner][vc_column_inner width=&rdquo;1\/4&Prime;][vc_column_text css=&rdquo;.vc_custom_1541495685203{margin-bottom: 0px !important;}&rdquo;]OGASUNA ETA KONTUAK[\/vc_column_text][vc_column_text css=&rdquo;.vc_custom_1541495887559{margin-bottom: 0px !important;}&rdquo;]Alfonso Etxeberria Go&ntilde;i[\/vc_column_text][mk_custom_list] Ogasuna eta Kontuak [\/mk_custom_list][\/vc_column_inner][vc_column_inner width=&rdquo;1\/4&Prime;][vc_column_text css=&rdquo;.vc_custom_1541495699210{margin-bottom: [&hellip;]","og_url":"https:\/\/www.valledeegues.com\/eu\/udala\/administrazioaren-antolaketa\/","og_site_name":"Ayuntamiento Valle de Eg\u00fc\u00e9s | Eguesibarko Udala","article_publisher":"https:\/\/www.facebook.com\/EguesEguesibar","article_modified_time":"2019-06-27T11:31:30+00:00","twitter_card":"summary_large_image","twitter_site":"@AValledeEgues","twitter_misc":{"Est. reading time":"4 minutes"},"schema":{"@context":"https:\/\/schema.org","@graph":[{"@type":"WebPage","@id":"https:\/\/www.valledeegues.com\/eu\/udala\/administrazioaren-antolaketa\/","url":"https:\/\/www.valledeegues.com\/eu\/udala\/administrazioaren-antolaketa\/","name":"Administrazioaren antolaketa - Ayuntamiento Valle de Eg\u00fc\u00e9s | Eguesibarko Udala","isPartOf":{"@id":"https:\/\/www.valledeegues.com\/eu\/#website"},"datePublished":"2018-08-28T11:52:49+00:00","dateModified":"2019-06-27T11:31:30+00:00","breadcrumb":{"@id":"https:\/\/www.valledeegues.com\/eu\/udala\/administrazioaren-antolaketa\/#breadcrumb"},"inLanguage":"eu-ES","potentialAction":[{"@type":"ReadAction","target":["https:\/\/www.valledeegues.com\/eu\/udala\/administrazioaren-antolaketa\/"]}]},{"@type":"BreadcrumbList","@id":"https:\/\/www.valledeegues.com\/eu\/udala\/administrazioaren-antolaketa\/#breadcrumb","itemListElement":[{"@type":"ListItem","position":1,"name":"Azala","item":"https:\/\/www.valledeegues.com\/eu\/"},{"@type":"ListItem","position":2,"name":"Administrazioaren antolaketa"}]},{"@type":"WebSite","@id":"https:\/\/www.valledeegues.com\/eu\/#website","url":"https:\/\/www.valledeegues.com\/eu\/","name":"Ayuntamiento Valle de Eg\u00fc\u00e9s | Eguesibarko Udala","description":"Ayuntamiento Valle de Eg\u00fc\u00e9s | Eguesibarko Udala","publisher":{"@id":"https:\/\/www.valledeegues.com\/eu\/#organization"},"potentialAction":[{"@type":"SearchAction","target":{"@type":"EntryPoint","urlTemplate":"https:\/\/www.valledeegues.com\/eu\/?s={search_term_string}"},"query-input":{"@type":"PropertyValueSpecification","valueRequired":true,"valueName":"search_term_string"}}],"inLanguage":"eu-ES"},{"@type":"Organization","@id":"https:\/\/www.valledeegues.com\/eu\/#organization","name":"Ayuntamiento Valle de Egues","url":"https:\/\/www.valledeegues.com\/eu\/","logo":{"@type":"ImageObject","inLanguage":"eu-ES","@id":"https:\/\/www.valledeegues.com\/eu\/#\/schema\/logo\/image\/","url":"https:\/\/www.valledeegues.com\/wp-content\/uploads\/2019\/06\/logo-egues-escudo.svg","contentUrl":"https:\/\/www.valledeegues.com\/wp-content\/uploads\/2019\/06\/logo-egues-escudo.svg","width":529,"height":125,"caption":"Ayuntamiento Valle de Egues"},"image":{"@id":"https:\/\/www.valledeegues.com\/eu\/#\/schema\/logo\/image\/"},"sameAs":["https:\/\/www.facebook.com\/EguesEguesibar","https:\/\/x.com\/AValledeEgues","https:\/\/www.youtube.com\/channel\/UCUPvmkTy56ZAhGTVrzg4uDQ"]}]}},"_links":{"self":[{"href":"https:\/\/www.valledeegues.com\/eu\/wp-json\/wp\/v2\/pages\/6219","targetHints":{"allow":["GET"]}}],"collection":[{"href":"https:\/\/www.valledeegues.com\/eu\/wp-json\/wp\/v2\/pages"}],"about":[{"href":"https:\/\/www.valledeegues.com\/eu\/wp-json\/wp\/v2\/types\/page"}],"author":[{"embeddable":true,"href":"https:\/\/www.valledeegues.com\/eu\/wp-json\/wp\/v2\/users\/2"}],"replies":[{"embeddable":true,"href":"https:\/\/www.valledeegues.com\/eu\/wp-json\/wp\/v2\/comments?post=6219"}],"version-history":[{"count":35,"href":"https:\/\/www.valledeegues.com\/eu\/wp-json\/wp\/v2\/pages\/6219\/revisions"}],"predecessor-version":[{"id":14505,"href":"https:\/\/www.valledeegues.com\/eu\/wp-json\/wp\/v2\/pages\/6219\/revisions\/14505"}],"up":[{"embeddable":true,"href":"https:\/\/www.valledeegues.com\/eu\/wp-json\/wp\/v2\/pages\/45114"}],"wp:attachment":[{"href":"https:\/\/www.valledeegues.com\/eu\/wp-json\/wp\/v2\/media?parent=6219"}],"curies":[{"name":"wp","href":"https:\/\/api.w.org\/{rel}","templated":true}]}}