{"id":46585,"date":"2026-04-30T14:43:57","date_gmt":"2026-04-30T12:43:57","guid":{"rendered":"http:\/\/w3.valledeegues.com\/?page_id=46585"},"modified":"2026-04-30T14:45:19","modified_gmt":"2026-04-30T12:45:19","slug":"informazio-eskaera","status":"publish","type":"page","link":"https:\/\/www.valledeegues.com\/eu\/udala\/gobernu-irekia\/gardentasun-ataria\/informazio-eskaera\/","title":{"rendered":"Informazio eskaera"},"content":{"rendered":"<?xml encoding=\"utf-8\" ?><div class=\"wpcf7 no-js\" id=\"wpcf7-f8958-o1\" lang=\"es-ES\" dir=\"ltr\" data-wpcf7-id=\"8958\">\n<div class=\"screen-reader-response\"><p role=\"status\" aria-live=\"polite\" aria-atomic=\"true\"><\/p> <ul><\/ul><\/div>\n<form action=\"\/eu\/wp-json\/wp\/v2\/pages\/46585#wpcf7-f8958-o1\" method=\"post\" class=\"wpcf7-form init\" aria-label=\"Contact form\" novalidate=\"novalidate\" data-status=\"init\">\n<fieldset class=\"hidden-fields-container\"><input type=\"hidden\" name=\"_wpcf7\" value=\"8958\"><input type=\"hidden\" name=\"_wpcf7_version\" value=\"6.1.5\"><input type=\"hidden\" name=\"_wpcf7_locale\" value=\"es_ES\"><input type=\"hidden\" name=\"_wpcf7_unit_tag\" value=\"wpcf7-f8958-o1\"><input type=\"hidden\" name=\"_wpcf7_container_post\" value=\"0\"><input type=\"hidden\" name=\"_wpcf7_posted_data_hash\" value=\"\"><input type=\"hidden\" name=\"_wpcf7_recaptcha_response\" value=\"\">\n<\/fieldset>\n<p><label> Izen-Abizenak*<br>\n<span class=\"wpcf7-form-control-wrap\" data-name=\"your-name\"><input size=\"40\" maxlength=\"400\" class=\"wpcf7-form-control wpcf7-text wpcf7-validates-as-required\" aria-required=\"true\" aria-invalid=\"false\" value=\"\" type=\"text\" name=\"your-name\"><\/span> <\/label>\n<\/p>\n<p><label> Posta elektronikoa*<br>\n<span class=\"wpcf7-form-control-wrap\" data-name=\"your-email\"><input size=\"40\" maxlength=\"400\" class=\"wpcf7-form-control wpcf7-email wpcf7-validates-as-required wpcf7-text wpcf7-validates-as-email\" aria-required=\"true\" aria-invalid=\"false\" value=\"\" type=\"email\" name=\"your-email\"><\/span> <\/label>\n<\/p>\n<p><label> Eskaeraren arrazoia*<br>\n<span class=\"wpcf7-form-control-wrap\" data-name=\"your-message\"><textarea cols=\"40\" rows=\"4\" maxlength=\"2000\" class=\"wpcf7-form-control wpcf7-textarea\" aria-invalid=\"false\" name=\"your-message\"><\/textarea><\/span> <\/label>\n<\/p>\n<ol>\n\t<li>\n\t\t<p><span style=\"font-size: 10pt;\">Arduraduna: Eguesibarko Udala<\/span>\n\t\t<\/p>\n\t<\/li>\n\t<li>\n\t\t<p><span style=\"font-size: 10pt;\">Xedea: Herritarrei informazioa eskuratzeko eskubidea erraztea, betiere Gardentasunari eta Gobernu Onari buruzko araudiak xedatzen duenarekin bat.<\/span>\n\t\t<\/p>\n\t<\/li>\n\t<li>\n\t\t<p><span style=\"font-size: 10pt;\">Legitimazioa: Herritarrei informazioa eskuratzeko eskubidea erraztea, betiere Gardentasunari eta Gobernu Onari buruzko araudiak xedatzen duenarekin bat. - Gardentasunari eta Gobernu Onari buruzko 5\/2018 Foru Legea, maiatzaren 17koa.<\/span>\n\t\t<\/p>\n\t<\/li>\n\t<li>\n\t\t<p><span style=\"font-size: 10pt;\">Hartzaileak: Ez zaio beste inori daturik ere emanen, legezko betebehar batengatik ez bada edo datu horiek xedea betetzeko eman behar badira.<\/span>\n\t\t<\/p>\n\t<\/li>\n\t<li>\n\t\t<p><span style=\"font-size: 10pt;\">Eskubideak: Datuak eskuratu, zuzendu eta ezabatzeko eskubidea izateaz gain, beste eskubide batzuk ere badituzu, informazio gehigarrian adierazten den bezala.<\/span>\n\t\t<\/p>\n\t<\/li>\n\t<li>\n\t\t<p><span style=\"font-size: 10pt;\">Informazio osagarria: Esteka honetan datuak babesteari buruzko informazio osagarria eta pribatutasun politika ikusten ahal dituzu: <a href=\"https:\/\/www.valledeegues.com\/eu\/pribatutasun-politika\/\" target=\"_blank\" rel=\"noopener\">Pribatutasun politika<\/a><\/span>\n\t\t<\/p>\n\t<\/li>\n<\/ol>\n<p>[wpgdprc \"Al usar este formulario accedes al almacenamiento y gesti&oacute;n de tus datos por parte de esta web.\"]\n<\/p>\n<p><input class=\"wpcf7-form-control wpcf7-submit has-spinner\" type=\"submit\" value=\"Bidali\">\n<\/p><div class=\"wpcf7-response-output\" aria-hidden=\"true\"><\/div>\n<\/form>\n<\/div>\n","protected":false},"excerpt":{"rendered":"","protected":false},"author":9,"featured_media":0,"parent":8207,"menu_order":0,"comment_status":"closed","ping_status":"closed","template":"","meta":{"footnotes":""},"class_list":["post-46585","page","type-page","status-publish","hentry"],"yoast_head":"<!-- This site is optimized with the Yoast SEO plugin v27.5 - https:\/\/yoast.com\/product\/yoast-seo-wordpress\/ -->\r\n<title>Informazio eskaera - Ayuntamiento Valle de Eg\u00fc\u00e9s | Eguesibarko Udala<\/title>\r\n<meta name=\"robots\" content=\"index, follow, max-snippet:-1, max-image-preview:large, max-video-preview:-1\" \/>\r\n<link rel=\"canonical\" href=\"https:\/\/www.valledeegues.com\/eu\/udala\/gobernu-irekia\/gardentasun-ataria\/informazio-eskaera\/\" \/>\r\n<meta property=\"og:locale\" content=\"eu_ES\" \/>\r\n<meta property=\"og:type\" content=\"article\" \/>\r\n<meta property=\"og:title\" content=\"Informazio eskaera - Ayuntamiento Valle de Eg\u00fc\u00e9s | Eguesibarko Udala\" \/>\r\n<meta property=\"og:url\" content=\"https:\/\/www.valledeegues.com\/eu\/udala\/gobernu-irekia\/gardentasun-ataria\/informazio-eskaera\/\" \/>\r\n<meta property=\"og:site_name\" content=\"Ayuntamiento Valle de Eg\u00fc\u00e9s | Eguesibarko Udala\" \/>\r\n<meta property=\"article:publisher\" content=\"https:\/\/www.facebook.com\/EguesEguesibar\" \/>\r\n<meta property=\"article:modified_time\" content=\"2026-04-30T12:45:19+00:00\" \/>\r\n<meta name=\"twitter:card\" content=\"summary_large_image\" \/>\r\n<meta name=\"twitter:site\" content=\"@AValledeEgues\" \/>\r\n<script type=\"application\/ld+json\" class=\"yoast-schema-graph\">{\"@context\":\"https:\\\/\\\/schema.org\",\"@graph\":[{\"@type\":\"WebPage\",\"@id\":\"https:\\\/\\\/www.valledeegues.com\\\/eu\\\/udala\\\/gobernu-irekia\\\/gardentasun-ataria\\\/informazio-eskaera\\\/\",\"url\":\"https:\\\/\\\/www.valledeegues.com\\\/eu\\\/udala\\\/gobernu-irekia\\\/gardentasun-ataria\\\/informazio-eskaera\\\/\",\"name\":\"Informazio eskaera - Ayuntamiento Valle de Eg\u00fc\u00e9s | Eguesibarko Udala\",\"isPartOf\":{\"@id\":\"https:\\\/\\\/www.valledeegues.com\\\/eu\\\/#website\"},\"datePublished\":\"2026-04-30T12:43:57+00:00\",\"dateModified\":\"2026-04-30T12:45:19+00:00\",\"breadcrumb\":{\"@id\":\"https:\\\/\\\/www.valledeegues.com\\\/eu\\\/udala\\\/gobernu-irekia\\\/gardentasun-ataria\\\/informazio-eskaera\\\/#breadcrumb\"},\"inLanguage\":\"eu-ES\",\"potentialAction\":[{\"@type\":\"ReadAction\",\"target\":[\"https:\\\/\\\/www.valledeegues.com\\\/eu\\\/udala\\\/gobernu-irekia\\\/gardentasun-ataria\\\/informazio-eskaera\\\/\"]}]},{\"@type\":\"BreadcrumbList\",\"@id\":\"https:\\\/\\\/www.valledeegues.com\\\/eu\\\/udala\\\/gobernu-irekia\\\/gardentasun-ataria\\\/informazio-eskaera\\\/#breadcrumb\",\"itemListElement\":[{\"@type\":\"ListItem\",\"position\":1,\"name\":\"Azala\",\"item\":\"https:\\\/\\\/www.valledeegues.com\\\/eu\\\/\"},{\"@type\":\"ListItem\",\"position\":2,\"name\":\"Udala\",\"item\":\"https:\\\/\\\/www.valledeegues.com\\\/eu\\\/udala\\\/\"},{\"@type\":\"ListItem\",\"position\":3,\"name\":\"Gobernu Irekia\",\"item\":\"https:\\\/\\\/www.valledeegues.com\\\/eu\\\/udala\\\/gobernu-irekia\\\/\"},{\"@type\":\"ListItem\",\"position\":4,\"name\":\"Gardentasun-Ataria\",\"item\":\"https:\\\/\\\/www.valledeegues.com\\\/eu\\\/gardentasun-ataria\\\/\"},{\"@type\":\"ListItem\",\"position\":5,\"name\":\"Informazio eskaera\"}]},{\"@type\":\"WebSite\",\"@id\":\"https:\\\/\\\/www.valledeegues.com\\\/eu\\\/#website\",\"url\":\"https:\\\/\\\/www.valledeegues.com\\\/eu\\\/\",\"name\":\"Ayuntamiento Valle de Eg\u00fc\u00e9s | Eguesibarko Udala\",\"description\":\"Ayuntamiento Valle de Eg\u00fc\u00e9s | Eguesibarko Udala\",\"publisher\":{\"@id\":\"https:\\\/\\\/www.valledeegues.com\\\/eu\\\/#organization\"},\"potentialAction\":[{\"@type\":\"SearchAction\",\"target\":{\"@type\":\"EntryPoint\",\"urlTemplate\":\"https:\\\/\\\/www.valledeegues.com\\\/eu\\\/?s={search_term_string}\"},\"query-input\":{\"@type\":\"PropertyValueSpecification\",\"valueRequired\":true,\"valueName\":\"search_term_string\"}}],\"inLanguage\":\"eu-ES\"},{\"@type\":\"Organization\",\"@id\":\"https:\\\/\\\/www.valledeegues.com\\\/eu\\\/#organization\",\"name\":\"Ayuntamiento Valle de Egues\",\"url\":\"https:\\\/\\\/www.valledeegues.com\\\/eu\\\/\",\"logo\":{\"@type\":\"ImageObject\",\"inLanguage\":\"eu-ES\",\"@id\":\"https:\\\/\\\/www.valledeegues.com\\\/eu\\\/#\\\/schema\\\/logo\\\/image\\\/\",\"url\":\"https:\\\/\\\/www.valledeegues.com\\\/wp-content\\\/uploads\\\/2019\\\/06\\\/logo-egues-escudo.svg\",\"contentUrl\":\"https:\\\/\\\/www.valledeegues.com\\\/wp-content\\\/uploads\\\/2019\\\/06\\\/logo-egues-escudo.svg\",\"width\":529,\"height\":125,\"caption\":\"Ayuntamiento Valle de Egues\"},\"image\":{\"@id\":\"https:\\\/\\\/www.valledeegues.com\\\/eu\\\/#\\\/schema\\\/logo\\\/image\\\/\"},\"sameAs\":[\"https:\\\/\\\/www.facebook.com\\\/EguesEguesibar\",\"https:\\\/\\\/x.com\\\/AValledeEgues\",\"https:\\\/\\\/www.youtube.com\\\/channel\\\/UCUPvmkTy56ZAhGTVrzg4uDQ\"]}]}<\/script>\r\n<!-- \/ Yoast SEO plugin. -->","yoast_head_json":{"title":"Informazio eskaera - Ayuntamiento Valle de Eg\u00fc\u00e9s | Eguesibarko Udala","robots":{"index":"index","follow":"follow","max-snippet":"max-snippet:-1","max-image-preview":"max-image-preview:large","max-video-preview":"max-video-preview:-1"},"canonical":"https:\/\/www.valledeegues.com\/eu\/udala\/gobernu-irekia\/gardentasun-ataria\/informazio-eskaera\/","og_locale":"eu_ES","og_type":"article","og_title":"Informazio eskaera - Ayuntamiento Valle de Eg\u00fc\u00e9s | Eguesibarko Udala","og_url":"https:\/\/www.valledeegues.com\/eu\/udala\/gobernu-irekia\/gardentasun-ataria\/informazio-eskaera\/","og_site_name":"Ayuntamiento Valle de Eg\u00fc\u00e9s | Eguesibarko Udala","article_publisher":"https:\/\/www.facebook.com\/EguesEguesibar","article_modified_time":"2026-04-30T12:45:19+00:00","twitter_card":"summary_large_image","twitter_site":"@AValledeEgues","schema":{"@context":"https:\/\/schema.org","@graph":[{"@type":"WebPage","@id":"https:\/\/www.valledeegues.com\/eu\/udala\/gobernu-irekia\/gardentasun-ataria\/informazio-eskaera\/","url":"https:\/\/www.valledeegues.com\/eu\/udala\/gobernu-irekia\/gardentasun-ataria\/informazio-eskaera\/","name":"Informazio eskaera - Ayuntamiento Valle de Eg\u00fc\u00e9s | Eguesibarko Udala","isPartOf":{"@id":"https:\/\/www.valledeegues.com\/eu\/#website"},"datePublished":"2026-04-30T12:43:57+00:00","dateModified":"2026-04-30T12:45:19+00:00","breadcrumb":{"@id":"https:\/\/www.valledeegues.com\/eu\/udala\/gobernu-irekia\/gardentasun-ataria\/informazio-eskaera\/#breadcrumb"},"inLanguage":"eu-ES","potentialAction":[{"@type":"ReadAction","target":["https:\/\/www.valledeegues.com\/eu\/udala\/gobernu-irekia\/gardentasun-ataria\/informazio-eskaera\/"]}]},{"@type":"BreadcrumbList","@id":"https:\/\/www.valledeegues.com\/eu\/udala\/gobernu-irekia\/gardentasun-ataria\/informazio-eskaera\/#breadcrumb","itemListElement":[{"@type":"ListItem","position":1,"name":"Azala","item":"https:\/\/www.valledeegues.com\/eu\/"},{"@type":"ListItem","position":2,"name":"Udala","item":"https:\/\/www.valledeegues.com\/eu\/udala\/"},{"@type":"ListItem","position":3,"name":"Gobernu Irekia","item":"https:\/\/www.valledeegues.com\/eu\/udala\/gobernu-irekia\/"},{"@type":"ListItem","position":4,"name":"Gardentasun-Ataria","item":"https:\/\/www.valledeegues.com\/eu\/gardentasun-ataria\/"},{"@type":"ListItem","position":5,"name":"Informazio eskaera"}]},{"@type":"WebSite","@id":"https:\/\/www.valledeegues.com\/eu\/#website","url":"https:\/\/www.valledeegues.com\/eu\/","name":"Ayuntamiento Valle de Eg\u00fc\u00e9s | Eguesibarko Udala","description":"Ayuntamiento Valle de Eg\u00fc\u00e9s | Eguesibarko Udala","publisher":{"@id":"https:\/\/www.valledeegues.com\/eu\/#organization"},"potentialAction":[{"@type":"SearchAction","target":{"@type":"EntryPoint","urlTemplate":"https:\/\/www.valledeegues.com\/eu\/?s={search_term_string}"},"query-input":{"@type":"PropertyValueSpecification","valueRequired":true,"valueName":"search_term_string"}}],"inLanguage":"eu-ES"},{"@type":"Organization","@id":"https:\/\/www.valledeegues.com\/eu\/#organization","name":"Ayuntamiento Valle de Egues","url":"https:\/\/www.valledeegues.com\/eu\/","logo":{"@type":"ImageObject","inLanguage":"eu-ES","@id":"https:\/\/www.valledeegues.com\/eu\/#\/schema\/logo\/image\/","url":"https:\/\/www.valledeegues.com\/wp-content\/uploads\/2019\/06\/logo-egues-escudo.svg","contentUrl":"https:\/\/www.valledeegues.com\/wp-content\/uploads\/2019\/06\/logo-egues-escudo.svg","width":529,"height":125,"caption":"Ayuntamiento Valle de Egues"},"image":{"@id":"https:\/\/www.valledeegues.com\/eu\/#\/schema\/logo\/image\/"},"sameAs":["https:\/\/www.facebook.com\/EguesEguesibar","https:\/\/x.com\/AValledeEgues","https:\/\/www.youtube.com\/channel\/UCUPvmkTy56ZAhGTVrzg4uDQ"]}]}},"_links":{"self":[{"href":"https:\/\/www.valledeegues.com\/eu\/wp-json\/wp\/v2\/pages\/46585","targetHints":{"allow":["GET"]}}],"collection":[{"href":"https:\/\/www.valledeegues.com\/eu\/wp-json\/wp\/v2\/pages"}],"about":[{"href":"https:\/\/www.valledeegues.com\/eu\/wp-json\/wp\/v2\/types\/page"}],"author":[{"embeddable":true,"href":"https:\/\/www.valledeegues.com\/eu\/wp-json\/wp\/v2\/users\/9"}],"replies":[{"embeddable":true,"href":"https:\/\/www.valledeegues.com\/eu\/wp-json\/wp\/v2\/comments?post=46585"}],"version-history":[{"count":1,"href":"https:\/\/www.valledeegues.com\/eu\/wp-json\/wp\/v2\/pages\/46585\/revisions"}],"predecessor-version":[{"id":46586,"href":"https:\/\/www.valledeegues.com\/eu\/wp-json\/wp\/v2\/pages\/46585\/revisions\/46586"}],"up":[{"embeddable":true,"href":"https:\/\/www.valledeegues.com\/eu\/wp-json\/wp\/v2\/pages\/8207"}],"wp:attachment":[{"href":"https:\/\/www.valledeegues.com\/eu\/wp-json\/wp\/v2\/media?parent=46585"}],"curies":[{"name":"wp","href":"https:\/\/api.w.org\/{rel}","templated":true}]}}