{"id":46501,"date":"2026-04-29T13:30:24","date_gmt":"2026-04-29T11:30:24","guid":{"rendered":"http:\/\/w3.valledeegues.com\/?page_id=46501"},"modified":"2026-04-29T13:39:41","modified_gmt":"2026-04-29T11:39:41","slug":"gardentasun-informazio-instituzionala-hautetsiak-eta-udal-langileak-tratamendu-jarduera-erregistroa","status":"publish","type":"page","link":"https:\/\/www.valledeegues.com\/eu\/gardentasun-informazio-instituzionala-hautetsiak-eta-udal-langileak-tratamendu-jarduera-erregistroa\/","title":{"rendered":"Tratamendu Jarduera Erregistroa"},"content":{"rendered":"<?xml encoding=\"utf-8\" ?><p>Europar Parlamentuaren eta Europako Kontseiluaren 2018ko maiatzaren 25eko Datuen Babesaren Arautegi Orokorrari (2016\/679) eta 3\/2018 Datuen Babesen eta Eskubide Digitalen Bermearen Lege Organikoak aldatzen duen 19\/2013 Gardentasunaren, Informazio Publikoa eskuratzeko bideen eta Gobernu Onaren Legeari jarraituz, Eguesibarko Udaletxearen trataera eskatzen duten Jarduera Erregistroa publikatzen da, aipatutako Lege Organikoaren 31. artikuluan oinarrituz.<\/p><table class=\"table\">\n<tbody>\n<tr>\n<td style=\"text-align: left;\" colspan=\"2\" width=\"447\"><strong>Registro de actividades<\/strong><\/td>\n<\/tr>\n<tr style=\"border-left-width: 1px;\">\n<td width=\"227\"><a href=\"https:\/\/www.valledeegues.com\/wp-content\/uploads\/2019\/08\/actividades-y-cursos.pdf\" class=\"doc-link doc-pdf doc-group-pdf\">Actividades y cursos<\/a><\/td>\n<td width=\"220\"><a href=\"https:\/\/www.valledeegues.com\/wp-content\/uploads\/2019\/08\/huertos-urbanos.pdf\" class=\"doc-link doc-pdf doc-group-pdf\">Huertos urbanos<\/a><\/td>\n<\/tr>\n<tr style=\"border-left-width: 1px;\">\n<td width=\"227\"><a href=\"https:\/\/www.valledeegues.com\/wp-content\/uploads\/2019\/08\/alumnado-de-la-escuela-de-msica.pdf\" class=\"doc-link doc-pdf doc-group-pdf\">Alumnado de la escuela de m&uacute;sica<\/a><\/td>\n<td width=\"220\"><a href=\"https:\/\/www.valledeegues.com\/wp-content\/uploads\/2019\/08\/licencias-municipales.pdf\" class=\"doc-link doc-pdf doc-group-pdf\">Licencias municipales<\/a><\/td>\n<\/tr>\n<tr style=\"border-left-width: 1px;\">\n<td width=\"227\"><a href=\"https:\/\/www.valledeegues.com\/wp-content\/uploads\/2019\/08\/asesora-jurdica.pdf\" class=\"doc-link doc-pdf doc-group-pdf\">Asesor&iacute;a jur&iacute;dica<\/a><\/td>\n<td width=\"220\"><a href=\"https:\/\/www.valledeegues.com\/wp-content\/uploads\/2019\/08\/menores.pdf\" class=\"doc-link doc-pdf doc-group-pdf\">Menores<\/a><\/td>\n<\/tr>\n<tr style=\"border-left-width: 1px;\">\n<td width=\"227\"><a href=\"https:\/\/www.valledeegues.com\/wp-content\/uploads\/2019\/08\/atencin-a-menores-en-las-escuelas-infantiles.pdf\" class=\"doc-link doc-pdf doc-group-pdf\">Atenci&oacute;n a menores en escuelas infantiles<\/a><\/td>\n<td width=\"220\"><a href=\"https:\/\/www.valledeegues.com\/wp-content\/uploads\/2019\/08\/rganos-de-comisiones-municipales.pdf\" class=\"doc-link doc-pdf doc-group-pdf\">&Oacute;rganos y comisiones municipales<\/a><\/td>\n<\/tr>\n<tr style=\"border-left-width: 1px;\">\n<td width=\"227\"><a href=\"https:\/\/www.valledeegues.com\/wp-content\/uploads\/2019\/08\/avisos-quejas-sugerencias-y-citas.pdf\" class=\"doc-link doc-pdf doc-group-pdf\">Avisos, quejas, sugerencias y citas<\/a><\/td>\n<td width=\"220\"><a href=\"https:\/\/www.valledeegues.com\/wp-content\/uploads\/2019\/08\/padrn-municipal-de-habitantes.pdf\" class=\"doc-link doc-pdf doc-group-pdf\">Padr&oacute;n municipal de habitantes<\/a><\/td>\n<\/tr>\n<tr style=\"border-left-width: 1px;\">\n<td width=\"227\"><a href=\"https:\/\/www.valledeegues.com\/wp-content\/uploads\/2019\/08\/censo-electoral.pdf\" class=\"doc-link doc-pdf doc-group-pdf\">Censo electoral<\/a><\/td>\n<td width=\"220\"><a href=\"https:\/\/www.valledeegues.com\/wp-content\/uploads\/2019\/08\/participacin-ciudadana.pdf\" class=\"doc-link doc-pdf doc-group-pdf\">Participaci&oacute;n ciudadana<\/a><\/td>\n<\/tr>\n<tr style=\"border-left-width: 1px;\">\n<td width=\"227\"><a href=\"https:\/\/www.valledeegues.com\/wp-content\/uploads\/2019\/08\/control-de-accesos.pdf\" class=\"doc-link doc-pdf doc-group-pdf\">Control de acceso<\/a><\/td>\n<td width=\"220\"><a href=\"https:\/\/www.valledeegues.com\/wp-content\/uploads\/2019\/08\/participacin-en-compostaje.pdf\" class=\"doc-link doc-pdf doc-group-pdf\">Participaci&oacute;n en compostaje<\/a><\/td>\n<\/tr>\n<tr style=\"border-left-width: 1px;\">\n<td width=\"227\"><a href=\"https:\/\/www.valledeegues.com\/wp-content\/uploads\/2019\/08\/convocatoria-de-empleo-pblico.pdf\" class=\"doc-link doc-pdf doc-group-pdf\">Convocatoria de empleo p&uacute;blico<\/a><\/td>\n<td width=\"220\"><a href=\"https:\/\/www.valledeegues.com\/wp-content\/uploads\/2019\/08\/personas-en-prcticas-de-estudios.pdf\" class=\"doc-link doc-pdf doc-group-pdf\">Personas en pr&aacute;cticas de estudios<\/a><\/td>\n<\/tr>\n<tr style=\"border-left-width: 1px;\">\n<td width=\"227\"><a href=\"https:\/\/www.valledeegues.com\/wp-content\/uploads\/2019\/08\/deportes.pdf\" class=\"doc-link doc-pdf doc-group-pdf\">Deporte<\/a><\/td>\n<td width=\"220\"><a href=\"https:\/\/www.valledeegues.com\/wp-content\/uploads\/2019\/08\/personas-voluntarias.pdf\" class=\"doc-link doc-pdf doc-group-pdf\">Personas voluntarias<\/a><\/td>\n<\/tr>\n<tr style=\"border-left-width: 1px;\">\n<td width=\"227\"><a href=\"https:\/\/www.valledeegues.com\/wp-content\/uploads\/2019\/08\/desarrollo-local.pdf\" class=\"doc-link doc-pdf doc-group-pdf\">Desarrollo local<\/a><\/td>\n<td width=\"220\"><a href=\"https:\/\/www.valledeegues.com\/wp-content\/uploads\/2019\/08\/prestaciones-ayudas.pdf\" class=\"doc-link doc-pdf doc-group-pdf\">Prestaciones\/ayudas<\/a><\/td>\n<\/tr>\n<tr style=\"border-left-width: 1px;\">\n<td width=\"227\"><a href=\"https:\/\/www.valledeegues.com\/wp-content\/uploads\/2019\/08\/enlaces-civiles.pdf\" class=\"doc-link doc-pdf doc-group-pdf\">Enlaces civiles<\/a><\/td>\n<td width=\"220\"><a href=\"https:\/\/www.valledeegues.com\/wp-content\/uploads\/2019\/08\/registro-de-asociaciones.pdf\" class=\"doc-link doc-pdf doc-group-pdf\">Registro de asociaciones<\/a><\/td>\n<\/tr>\n<tr style=\"border-left-width: 1px;\">\n<td width=\"227\"><a href=\"https:\/\/www.valledeegues.com\/wp-content\/uploads\/2019\/08\/euskera.pdf\" class=\"doc-link doc-pdf doc-group-pdf\">Euskera<\/a><\/td>\n<td width=\"220\"><a href=\"https:\/\/www.valledeegues.com\/wp-content\/uploads\/2019\/08\/registro-de-entradas-y-salidas.pdf\" class=\"doc-link doc-pdf doc-group-pdf\">Registro de entradas y salidas<\/a><\/td>\n<\/tr>\n<tr style=\"border-left-width: 1px;\">\n<td width=\"227\"><a href=\"https:\/\/www.valledeegues.com\/wp-content\/uploads\/2019\/08\/gestin-administrativa-de-polica.pdf\" class=\"doc-link doc-pdf doc-group-pdf\">Gesti&oacute;n administrativa de polic&iacute;a<\/a><\/td>\n<td width=\"220\"><a href=\"https:\/\/www.valledeegues.com\/wp-content\/uploads\/2019\/08\/registro-de-personas-intereses-e-incompatibilidades.pdf\" class=\"doc-link doc-pdf doc-group-pdf\">Registro de personas, intereses e incompatibilidades<\/a><\/td>\n<\/tr>\n<tr style=\"border-left-width: 1px;\">\n<td width=\"227\"><a href=\"https:\/\/www.valledeegues.com\/wp-content\/uploads\/2019\/08\/gestin-administrativa-de-las-escuelas-infantiles.pdf\" class=\"doc-link doc-pdf doc-group-pdf\">Gesti&oacute;n administrativa escuelas infantiles<\/a><\/td>\n<td width=\"220\"><a href=\"https:\/\/www.valledeegues.com\/wp-content\/uploads\/2019\/08\/responsabilidad-patrimonial.pdf\" class=\"doc-link doc-pdf doc-group-pdf\">Responsabilidad patrimonial<\/a><\/td>\n<\/tr>\n<tr style=\"border-left-width: 1px;\">\n<td width=\"227\"><a href=\"https:\/\/www.valledeegues.com\/wp-content\/uploads\/2019\/08\/gestin-de-catastro.pdf\" class=\"doc-link doc-pdf doc-group-pdf\">Gesti&oacute;n de catastro<\/a><\/td>\n<td width=\"220\"><a href=\"https:\/\/www.valledeegues.com\/wp-content\/uploads\/2019\/08\/sad.pdf\" class=\"doc-link doc-pdf doc-group-pdf\">Servicio atenci&oacute;n domiciliaria<\/a><\/td>\n<\/tr>\n<tr style=\"border-left-width: 1px;\">\n<td width=\"227\"><a href=\"https:\/\/www.valledeegues.com\/wp-content\/uploads\/2019\/08\/expedientes.pdf\" class=\"doc-link doc-pdf doc-group-pdf\">Gesti&oacute;n de expedientes<\/a><\/td>\n<td width=\"220\"><a href=\"https:\/\/www.valledeegues.com\/wp-content\/uploads\/2019\/08\/ssb.pdf\" class=\"doc-link doc-pdf doc-group-pdf\">Servicio social de base<\/a><\/td>\n<\/tr>\n<tr style=\"border-left-width: 1px;\">\n<td width=\"227\"><a href=\"https:\/\/www.valledeegues.com\/wp-content\/uploads\/2019\/08\/gestin-recaudaciones.pdf\" class=\"doc-link doc-pdf doc-group-pdf\">Gesti&oacute;n de impuestos y recaudaciones<\/a><\/td>\n<td width=\"220\"><a href=\"https:\/\/www.valledeegues.com\/wp-content\/uploads\/2019\/08\/servicios-espcializados-caf.pdf\" class=\"doc-link doc-pdf doc-group-pdf\">Servicios especializados CAF<\/a><\/td>\n<\/tr>\n<tr style=\"border-left-width: 1px;\">\n<td width=\"227\"><a href=\"https:\/\/www.valledeegues.com\/wp-content\/uploads\/2019\/08\/empleados-municipales.pdf\" class=\"doc-link doc-pdf doc-group-pdf\">Gesti&oacute;n de personas\/Empleados municipales<\/a><\/td>\n<td width=\"220\"><a href=\"https:\/\/www.valledeegues.com\/wp-content\/uploads\/2019\/08\/subvenciones.pdf\" class=\"doc-link doc-pdf doc-group-pdf\">Subvenciones<\/a><\/td>\n<\/tr>\n<tr style=\"border-left-width: 1px;\">\n<td width=\"227\"><a href=\"https:\/\/www.valledeegues.com\/wp-content\/uploads\/2019\/08\/gestin-de-preinscripcin-y-matriculacin-en-la-escuela-de-msica.pdf\" class=\"doc-link doc-pdf doc-group-pdf\">Gesti&oacute;n de preinscripci&oacute;n y matriculaci&oacute;n escuela de m&uacute;sica<\/a><\/td>\n<td width=\"220\"><a href=\"https:\/\/www.valledeegues.com\/wp-content\/uploads\/2019\/08\/tarifas-bonificadas.pdf\" class=\"doc-link doc-pdf doc-group-pdf\">Tarifas bonificadas<\/a><\/td>\n<\/tr>\n<tr style=\"border-left-width: 1px;\">\n<td width=\"227\"><a href=\"https:\/\/www.valledeegues.com\/wp-content\/uploads\/2019\/08\/gestin-econmico-contables.pdf\" class=\"doc-link doc-pdf doc-group-pdf\">Gesti&oacute;n econ&oacute;mico contable<\/a><\/td>\n<td width=\"220\"><a href=\"https:\/\/www.valledeegues.com\/wp-content\/uploads\/2019\/08\/videovigilancia.pdf\" class=\"doc-link doc-pdf doc-group-pdf\">Videovigilancia<\/a><\/td>\n<\/tr>\n<tr style=\"border-left-width: 1px;\">\n<td width=\"227\"><a href=\"https:\/\/www.valledeegues.com\/wp-content\/uploads\/2019\/08\/grabaciones-de-plenos.pdf\" class=\"doc-link doc-pdf doc-group-pdf\">Grabaciones de plenos<\/a><\/td>\n<td width=\"220\"><a href=\"https:\/\/www.valledeegues.com\/wp-content\/uploads\/2019\/08\/violencia-de-gnero.pdf\" class=\"doc-link doc-pdf doc-group-pdf\">Violencia de g&eacute;nero<\/a><\/td>\n<\/tr>\n<tr style=\"border-left-width: 1px;\">\n<td width=\"227\">Atestados policiales<\/td>\n<td width=\"220\">Servicio BONO TAXI<\/td>\n<\/tr>\n<tr style=\"border-left-width: 1px;\">\n<td width=\"227\"><span lang=\"ES\">Actas y dictamenes municipales<\/span><\/td>\n<td width=\"220\"><span lang=\"ES\">Cooperaci&oacute;n al desarrollo<\/span><\/td>\n<\/tr>\n<tr style=\"border-left-width: 1px;\">\n<td width=\"227\">Tarjetas de aparcamiento minusv&aacute;lidos<\/td>\n<td width=\"220\"><strong><em>&nbsp;<\/em><\/strong><\/td>\n<\/tr>\n<\/tbody>\n<\/table>\n","protected":false},"excerpt":{"rendered":"<p>Europar Parlamentuaren eta Europako Kontseiluaren 2018ko maiatzaren 25eko Datuen Babesaren Arautegi Orokorrari (2016\/679) eta 3\/2018 Datuen Babesen eta Eskubide Digitalen Bermearen Lege Organikoak aldatzen duen 19\/2013 Gardentasunaren, Informazio Publikoa eskuratzeko bideen eta Gobernu Onaren Legeari jarraituz, Eguesibarko Udaletxearen trataera eskatzen duten Jarduera Erregistroa publikatzen da, aipatutako Lege Organikoaren 31. artikuluan oinarrituz. Registro de actividades Actividades [&hellip;]<\/p>\n","protected":false},"author":9,"featured_media":0,"parent":0,"menu_order":0,"comment_status":"closed","ping_status":"closed","template":"","meta":{"footnotes":""},"class_list":["post-46501","page","type-page","status-publish","hentry"],"yoast_head":"<!-- This site is optimized with the Yoast SEO plugin v27.5 - https:\/\/yoast.com\/product\/yoast-seo-wordpress\/ -->\r\n<title>Tratamendu Jarduera Erregistroa - Ayuntamiento Valle de Eg\u00fc\u00e9s | Eguesibarko Udala<\/title>\r\n<meta name=\"robots\" content=\"index, follow, max-snippet:-1, max-image-preview:large, max-video-preview:-1\" \/>\r\n<link rel=\"canonical\" href=\"https:\/\/www.valledeegues.com\/eu\/gardentasun-informazio-instituzionala-hautetsiak-eta-udal-langileak-tratamendu-jarduera-erregistroa\/\" \/>\r\n<meta property=\"og:locale\" content=\"eu_ES\" \/>\r\n<meta property=\"og:type\" content=\"article\" \/>\r\n<meta property=\"og:title\" content=\"Tratamendu Jarduera Erregistroa - Ayuntamiento Valle de Eg\u00fc\u00e9s | Eguesibarko Udala\" \/>\r\n<meta property=\"og:description\" content=\"Europar Parlamentuaren eta Europako Kontseiluaren 2018ko maiatzaren 25eko Datuen Babesaren Arautegi Orokorrari (2016\/679) eta 3\/2018 Datuen Babesen eta Eskubide Digitalen Bermearen Lege Organikoak aldatzen duen 19\/2013 Gardentasunaren, Informazio Publikoa eskuratzeko bideen eta Gobernu Onaren Legeari jarraituz, Eguesibarko Udaletxearen trataera eskatzen duten Jarduera Erregistroa publikatzen da, aipatutako Lege Organikoaren 31. artikuluan oinarrituz. Registro de actividades Actividades [&hellip;]\" \/>\r\n<meta property=\"og:url\" content=\"https:\/\/www.valledeegues.com\/eu\/gardentasun-informazio-instituzionala-hautetsiak-eta-udal-langileak-tratamendu-jarduera-erregistroa\/\" \/>\r\n<meta property=\"og:site_name\" content=\"Ayuntamiento Valle de Eg\u00fc\u00e9s | Eguesibarko Udala\" \/>\r\n<meta property=\"article:publisher\" content=\"https:\/\/www.facebook.com\/EguesEguesibar\" \/>\r\n<meta property=\"article:modified_time\" content=\"2026-04-29T11:39:41+00:00\" \/>\r\n<meta name=\"twitter:card\" content=\"summary_large_image\" \/>\r\n<meta name=\"twitter:site\" content=\"@AValledeEgues\" \/>\r\n<meta name=\"twitter:label1\" content=\"Est. reading time\" \/>\n\t<meta name=\"twitter:data1\" content=\"1 minute\" \/>\r\n<script type=\"application\/ld+json\" class=\"yoast-schema-graph\">{\"@context\":\"https:\\\/\\\/schema.org\",\"@graph\":[{\"@type\":\"WebPage\",\"@id\":\"https:\\\/\\\/www.valledeegues.com\\\/eu\\\/gardentasun-informazio-instituzionala-hautetsiak-eta-udal-langileak-tratamendu-jarduera-erregistroa\\\/\",\"url\":\"https:\\\/\\\/www.valledeegues.com\\\/eu\\\/gardentasun-informazio-instituzionala-hautetsiak-eta-udal-langileak-tratamendu-jarduera-erregistroa\\\/\",\"name\":\"Tratamendu Jarduera Erregistroa - Ayuntamiento Valle de Eg\u00fc\u00e9s | Eguesibarko Udala\",\"isPartOf\":{\"@id\":\"https:\\\/\\\/www.valledeegues.com\\\/eu\\\/#website\"},\"datePublished\":\"2026-04-29T11:30:24+00:00\",\"dateModified\":\"2026-04-29T11:39:41+00:00\",\"breadcrumb\":{\"@id\":\"https:\\\/\\\/www.valledeegues.com\\\/eu\\\/gardentasun-informazio-instituzionala-hautetsiak-eta-udal-langileak-tratamendu-jarduera-erregistroa\\\/#breadcrumb\"},\"inLanguage\":\"eu-ES\",\"potentialAction\":[{\"@type\":\"ReadAction\",\"target\":[\"https:\\\/\\\/www.valledeegues.com\\\/eu\\\/gardentasun-informazio-instituzionala-hautetsiak-eta-udal-langileak-tratamendu-jarduera-erregistroa\\\/\"]}]},{\"@type\":\"BreadcrumbList\",\"@id\":\"https:\\\/\\\/www.valledeegues.com\\\/eu\\\/gardentasun-informazio-instituzionala-hautetsiak-eta-udal-langileak-tratamendu-jarduera-erregistroa\\\/#breadcrumb\",\"itemListElement\":[{\"@type\":\"ListItem\",\"position\":1,\"name\":\"Azala\",\"item\":\"https:\\\/\\\/www.valledeegues.com\\\/eu\\\/\"},{\"@type\":\"ListItem\",\"position\":2,\"name\":\"Tratamendu Jarduera Erregistroa\"}]},{\"@type\":\"WebSite\",\"@id\":\"https:\\\/\\\/www.valledeegues.com\\\/eu\\\/#website\",\"url\":\"https:\\\/\\\/www.valledeegues.com\\\/eu\\\/\",\"name\":\"Ayuntamiento Valle de Eg\u00fc\u00e9s | Eguesibarko Udala\",\"description\":\"Ayuntamiento Valle de Eg\u00fc\u00e9s | Eguesibarko Udala\",\"publisher\":{\"@id\":\"https:\\\/\\\/www.valledeegues.com\\\/eu\\\/#organization\"},\"potentialAction\":[{\"@type\":\"SearchAction\",\"target\":{\"@type\":\"EntryPoint\",\"urlTemplate\":\"https:\\\/\\\/www.valledeegues.com\\\/eu\\\/?s={search_term_string}\"},\"query-input\":{\"@type\":\"PropertyValueSpecification\",\"valueRequired\":true,\"valueName\":\"search_term_string\"}}],\"inLanguage\":\"eu-ES\"},{\"@type\":\"Organization\",\"@id\":\"https:\\\/\\\/www.valledeegues.com\\\/eu\\\/#organization\",\"name\":\"Ayuntamiento Valle de Egues\",\"url\":\"https:\\\/\\\/www.valledeegues.com\\\/eu\\\/\",\"logo\":{\"@type\":\"ImageObject\",\"inLanguage\":\"eu-ES\",\"@id\":\"https:\\\/\\\/www.valledeegues.com\\\/eu\\\/#\\\/schema\\\/logo\\\/image\\\/\",\"url\":\"https:\\\/\\\/www.valledeegues.com\\\/wp-content\\\/uploads\\\/2019\\\/06\\\/logo-egues-escudo.svg\",\"contentUrl\":\"https:\\\/\\\/www.valledeegues.com\\\/wp-content\\\/uploads\\\/2019\\\/06\\\/logo-egues-escudo.svg\",\"width\":529,\"height\":125,\"caption\":\"Ayuntamiento Valle de Egues\"},\"image\":{\"@id\":\"https:\\\/\\\/www.valledeegues.com\\\/eu\\\/#\\\/schema\\\/logo\\\/image\\\/\"},\"sameAs\":[\"https:\\\/\\\/www.facebook.com\\\/EguesEguesibar\",\"https:\\\/\\\/x.com\\\/AValledeEgues\",\"https:\\\/\\\/www.youtube.com\\\/channel\\\/UCUPvmkTy56ZAhGTVrzg4uDQ\"]}]}<\/script>\r\n<!-- \/ Yoast SEO plugin. -->","yoast_head_json":{"title":"Tratamendu Jarduera Erregistroa - Ayuntamiento Valle de Eg\u00fc\u00e9s | Eguesibarko Udala","robots":{"index":"index","follow":"follow","max-snippet":"max-snippet:-1","max-image-preview":"max-image-preview:large","max-video-preview":"max-video-preview:-1"},"canonical":"https:\/\/www.valledeegues.com\/eu\/gardentasun-informazio-instituzionala-hautetsiak-eta-udal-langileak-tratamendu-jarduera-erregistroa\/","og_locale":"eu_ES","og_type":"article","og_title":"Tratamendu Jarduera Erregistroa - Ayuntamiento Valle de Eg\u00fc\u00e9s | Eguesibarko Udala","og_description":"Europar Parlamentuaren eta Europako Kontseiluaren 2018ko maiatzaren 25eko Datuen Babesaren Arautegi Orokorrari (2016\/679) eta 3\/2018 Datuen Babesen eta Eskubide Digitalen Bermearen Lege Organikoak aldatzen duen 19\/2013 Gardentasunaren, Informazio Publikoa eskuratzeko bideen eta Gobernu Onaren Legeari jarraituz, Eguesibarko Udaletxearen trataera eskatzen duten Jarduera Erregistroa publikatzen da, aipatutako Lege Organikoaren 31. artikuluan oinarrituz. Registro de actividades Actividades [&hellip;]","og_url":"https:\/\/www.valledeegues.com\/eu\/gardentasun-informazio-instituzionala-hautetsiak-eta-udal-langileak-tratamendu-jarduera-erregistroa\/","og_site_name":"Ayuntamiento Valle de Eg\u00fc\u00e9s | Eguesibarko Udala","article_publisher":"https:\/\/www.facebook.com\/EguesEguesibar","article_modified_time":"2026-04-29T11:39:41+00:00","twitter_card":"summary_large_image","twitter_site":"@AValledeEgues","twitter_misc":{"Est. reading time":"1 minute"},"schema":{"@context":"https:\/\/schema.org","@graph":[{"@type":"WebPage","@id":"https:\/\/www.valledeegues.com\/eu\/gardentasun-informazio-instituzionala-hautetsiak-eta-udal-langileak-tratamendu-jarduera-erregistroa\/","url":"https:\/\/www.valledeegues.com\/eu\/gardentasun-informazio-instituzionala-hautetsiak-eta-udal-langileak-tratamendu-jarduera-erregistroa\/","name":"Tratamendu Jarduera Erregistroa - Ayuntamiento Valle de Eg\u00fc\u00e9s | Eguesibarko Udala","isPartOf":{"@id":"https:\/\/www.valledeegues.com\/eu\/#website"},"datePublished":"2026-04-29T11:30:24+00:00","dateModified":"2026-04-29T11:39:41+00:00","breadcrumb":{"@id":"https:\/\/www.valledeegues.com\/eu\/gardentasun-informazio-instituzionala-hautetsiak-eta-udal-langileak-tratamendu-jarduera-erregistroa\/#breadcrumb"},"inLanguage":"eu-ES","potentialAction":[{"@type":"ReadAction","target":["https:\/\/www.valledeegues.com\/eu\/gardentasun-informazio-instituzionala-hautetsiak-eta-udal-langileak-tratamendu-jarduera-erregistroa\/"]}]},{"@type":"BreadcrumbList","@id":"https:\/\/www.valledeegues.com\/eu\/gardentasun-informazio-instituzionala-hautetsiak-eta-udal-langileak-tratamendu-jarduera-erregistroa\/#breadcrumb","itemListElement":[{"@type":"ListItem","position":1,"name":"Azala","item":"https:\/\/www.valledeegues.com\/eu\/"},{"@type":"ListItem","position":2,"name":"Tratamendu Jarduera Erregistroa"}]},{"@type":"WebSite","@id":"https:\/\/www.valledeegues.com\/eu\/#website","url":"https:\/\/www.valledeegues.com\/eu\/","name":"Ayuntamiento Valle de Eg\u00fc\u00e9s | Eguesibarko Udala","description":"Ayuntamiento Valle de Eg\u00fc\u00e9s | Eguesibarko Udala","publisher":{"@id":"https:\/\/www.valledeegues.com\/eu\/#organization"},"potentialAction":[{"@type":"SearchAction","target":{"@type":"EntryPoint","urlTemplate":"https:\/\/www.valledeegues.com\/eu\/?s={search_term_string}"},"query-input":{"@type":"PropertyValueSpecification","valueRequired":true,"valueName":"search_term_string"}}],"inLanguage":"eu-ES"},{"@type":"Organization","@id":"https:\/\/www.valledeegues.com\/eu\/#organization","name":"Ayuntamiento Valle de Egues","url":"https:\/\/www.valledeegues.com\/eu\/","logo":{"@type":"ImageObject","inLanguage":"eu-ES","@id":"https:\/\/www.valledeegues.com\/eu\/#\/schema\/logo\/image\/","url":"https:\/\/www.valledeegues.com\/wp-content\/uploads\/2019\/06\/logo-egues-escudo.svg","contentUrl":"https:\/\/www.valledeegues.com\/wp-content\/uploads\/2019\/06\/logo-egues-escudo.svg","width":529,"height":125,"caption":"Ayuntamiento Valle de Egues"},"image":{"@id":"https:\/\/www.valledeegues.com\/eu\/#\/schema\/logo\/image\/"},"sameAs":["https:\/\/www.facebook.com\/EguesEguesibar","https:\/\/x.com\/AValledeEgues","https:\/\/www.youtube.com\/channel\/UCUPvmkTy56ZAhGTVrzg4uDQ"]}]}},"_links":{"self":[{"href":"https:\/\/www.valledeegues.com\/eu\/wp-json\/wp\/v2\/pages\/46501","targetHints":{"allow":["GET"]}}],"collection":[{"href":"https:\/\/www.valledeegues.com\/eu\/wp-json\/wp\/v2\/pages"}],"about":[{"href":"https:\/\/www.valledeegues.com\/eu\/wp-json\/wp\/v2\/types\/page"}],"author":[{"embeddable":true,"href":"https:\/\/www.valledeegues.com\/eu\/wp-json\/wp\/v2\/users\/9"}],"replies":[{"embeddable":true,"href":"https:\/\/www.valledeegues.com\/eu\/wp-json\/wp\/v2\/comments?post=46501"}],"version-history":[{"count":1,"href":"https:\/\/www.valledeegues.com\/eu\/wp-json\/wp\/v2\/pages\/46501\/revisions"}],"predecessor-version":[{"id":46504,"href":"https:\/\/www.valledeegues.com\/eu\/wp-json\/wp\/v2\/pages\/46501\/revisions\/46504"}],"wp:attachment":[{"href":"https:\/\/www.valledeegues.com\/eu\/wp-json\/wp\/v2\/media?parent=46501"}],"curies":[{"name":"wp","href":"https:\/\/api.w.org\/{rel}","templated":true}]}}