{"id":45859,"date":"2026-04-15T09:04:05","date_gmt":"2026-04-15T07:04:05","guid":{"rendered":"http:\/\/portales.localhost:8000\/?page_id=45859"},"modified":"2026-04-15T09:05:51","modified_gmt":"2026-04-15T07:05:51","slug":"familia-aholkularitza-eta-etxebizitza-eta-kontsumo-aholkularitza","status":"publish","type":"page","link":"https:\/\/www.valledeegues.com\/eu\/faz-familien-arretarako-zentroa\/familia-aholkularitza-eta-etxebizitza-eta-kontsumo-aholkularitza\/","title":{"rendered":"Familia Aholkularitza eta Etxebizitza eta Kontsumo Aholkularitza"},"content":{"rendered":"<?xml encoding=\"utf-8\" ?><p><a href=\"wp-content\/uploads\/2026\/01\/asesoria.png\" class=\"doc-link doc-png doc-group-image\"><img loading=\"lazy\" decoding=\"async\" class=\"aligncenter size-full wp-image-43588\" src=\"wp-content\/uploads\/2026\/01\/asesoria.png\" alt=\"\" width=\"800\" height=\"385\" srcset=\"https:\/\/www.valledeegues.com\/wp-content\/uploads\/2026\/01\/asesoria.png 800w, https:\/\/www.valledeegues.com\/wp-content\/uploads\/2026\/01\/asesoria-300x144.png 300w, https:\/\/www.valledeegues.com\/wp-content\/uploads\/2026\/01\/asesoria-768x370.png 768w\" sizes=\"auto, (max-width: 800px) 100vw, 800px\"><\/a><\/p><p>&nbsp;<\/p><p>Udalak herritarrei jakinarazten die Etxebizitza eta <strong>Kontsumo Aholkularitzako eta Familia Aholkularitza<\/strong>ko zerbitzu berri bat abian jarri duela, auzotarrei eguneroko bizitzarako funtsezkoak diren eremuetan orientazioa, informazioa eta laguntza eskaintzeko.<\/p><h3><strong>ETXEBIZITZA ETA KONTSUMO AHOLKULARITZA<\/strong><\/h3><p>Zerbitzua <strong>hilabete bakoitzeko lehen asteazkenean<\/strong> emango da, hurrengo ordutegi hauetan:<\/p><p>&#128340; <strong>11:00etatik 13:00etara<\/strong><br>\n&#128340; <strong>17:00etatik 19:00etara<\/strong><\/p><h3><strong>FAMILIA AHOLKULARITZA<\/strong><\/h3><p>&#128312; <strong>Goizeko txanda<\/strong><br>\n&#128197; Ostirala<br>\n&#128340; <strong>09:30etik 13:30era<\/strong><\/p><p>&#128312; <strong>Arratsaldeko txanda<\/strong><br>\n&#128197; Asteazkena<br>\n&#128340; <strong>15:30etik 19:30era<\/strong><\/p><h3><strong>ZERBITZUAREN HASIERA-DATA<\/strong><\/h3><p>&#9989; <strong>Urtarrilak 14, asteazkena:<\/strong> Etxebizitza eta Kontsumo Aholkularitzaren hasiera (goizez eta arratsaldez).<br>\n&#9989; <strong>Urtarrilak 21, asteazkena:<\/strong> Familia Aholkularitza, arratsaldeko ordutegian.<br>\n&#9989; <strong>Urtarrilak 30, ostirala:<\/strong> Familia Aholkularitza goizeko ordutegian.<\/p><h3><strong>HERRITARRENTZAKO HITZALDI INFORMATIBOA<\/strong><\/h3><p>Zerbitzu berri hau ezagutarazteko, <strong>informazio hitzaldi bat egingo da, herritar guztientzat.<\/strong><br>\n&#128197; Otsailak 9<br>\n&#128340; <strong>17:00etan<\/strong><\/p><p>&#127970; <strong>Non<\/strong>: Familien Arretarako Zentroa (FAZ).<\/p><h3><strong>INFORMAZIO PRAKTIKOA<\/strong><\/h3><p>&#127970; <strong>Arreta emateko lekua:<\/strong> Familien Arretarako Zentroa (FAZ).<\/p><p>&#128222; <strong>Aurretiko hitzordua eskatzeko:<\/strong><\/p><ul>\n<li>Aurrez aurre FAZn.<\/li>\n<li><strong>948 165 651 telefonoaren bidez<\/strong><\/li>\n<li><a href=\"https:\/\/valledeeguesparticipa.com\/participa\/asesoria_juridica\/\" target=\"_blank\" rel=\"noopener\">aldez aurreko hitzorduaren formularioaren bidez<\/a>.<\/li>\n<\/ul><p>Udalak herritar guztiak animatu nahi ditu zerbitzu hauek erabiltzera, udalerriko pertsonen ongizatea, informaziorako sarbidea eta laguntza ematea hobetzeko.<\/p>\n","protected":false},"excerpt":{"rendered":"<p>&nbsp;Udalak herritarrei jakinarazten die Etxebizitza eta Kontsumo Aholkularitzako eta Familia Aholkularitzako zerbitzu berri bat abian jarri duela, auzotarrei eguneroko bizitzarako funtsezkoak diren eremuetan orientazioa, informazioa eta laguntza eskaintzeko.ETXEBIZITZA ETA KONTSUMO AHOLKULARITZAZerbitzua hilabete bakoitzeko lehen asteazkenean emango da, hurrengo ordutegi hauetan:&#128340; 11:00etatik 13:00etara &#128340; 17:00etatik 19:00etaraFAMILIA AHOLKULARITZA&#128312; Goizeko txanda &#128197; Ostirala &#128340; 09:30etik 13:30era&#128312; Arratsaldeko txanda [&hellip;]<\/p>\n","protected":false},"author":9,"featured_media":0,"parent":7212,"menu_order":0,"comment_status":"closed","ping_status":"closed","template":"templates\/PLANTILLA ANCHO COMPLETO.php","meta":{"footnotes":""},"class_list":["post-45859","page","type-page","status-publish","hentry"],"yoast_head":"<!-- This site is optimized with the Yoast SEO plugin v27.5 - https:\/\/yoast.com\/product\/yoast-seo-wordpress\/ -->\r\n<title>Familia Aholkularitza eta Etxebizitza eta Kontsumo Aholkularitza - Ayuntamiento Valle de Eg\u00fc\u00e9s | Eguesibarko Udala<\/title>\r\n<meta name=\"robots\" content=\"index, follow, max-snippet:-1, max-image-preview:large, max-video-preview:-1\" \/>\r\n<link rel=\"canonical\" href=\"https:\/\/www.valledeegues.com\/eu\/faz-familien-arretarako-zentroa\/familia-aholkularitza-eta-etxebizitza-eta-kontsumo-aholkularitza\/\" \/>\r\n<meta property=\"og:locale\" content=\"eu_ES\" \/>\r\n<meta property=\"og:type\" content=\"article\" \/>\r\n<meta property=\"og:title\" content=\"Familia Aholkularitza eta Etxebizitza eta Kontsumo Aholkularitza - Ayuntamiento Valle de Eg\u00fc\u00e9s | Eguesibarko Udala\" \/>\r\n<meta property=\"og:description\" content=\"&nbsp;Udalak herritarrei jakinarazten die Etxebizitza eta Kontsumo Aholkularitzako eta Familia Aholkularitzako zerbitzu berri bat abian jarri duela, auzotarrei eguneroko bizitzarako funtsezkoak diren eremuetan orientazioa, informazioa eta laguntza eskaintzeko.ETXEBIZITZA ETA KONTSUMO AHOLKULARITZAZerbitzua hilabete bakoitzeko lehen asteazkenean emango da, hurrengo ordutegi hauetan:&#128340; 11:00etatik 13:00etara &#128340; 17:00etatik 19:00etaraFAMILIA AHOLKULARITZA&#128312; Goizeko txanda &#128197; Ostirala &#128340; 09:30etik 13:30era&#128312; Arratsaldeko txanda [&hellip;]\" \/>\r\n<meta property=\"og:url\" content=\"https:\/\/www.valledeegues.com\/eu\/faz-familien-arretarako-zentroa\/familia-aholkularitza-eta-etxebizitza-eta-kontsumo-aholkularitza\/\" \/>\r\n<meta property=\"og:site_name\" content=\"Ayuntamiento Valle de Eg\u00fc\u00e9s | Eguesibarko Udala\" \/>\r\n<meta property=\"article:publisher\" content=\"https:\/\/www.facebook.com\/EguesEguesibar\" \/>\r\n<meta property=\"article:modified_time\" content=\"2026-04-15T07:05:51+00:00\" \/>\r\n<meta name=\"twitter:card\" content=\"summary_large_image\" \/>\r\n<meta name=\"twitter:site\" content=\"@AValledeEgues\" \/>\r\n<meta name=\"twitter:label1\" content=\"Est. reading time\" \/>\n\t<meta name=\"twitter:data1\" content=\"1 minute\" \/>\r\n<script type=\"application\/ld+json\" class=\"yoast-schema-graph\">{\"@context\":\"https:\\\/\\\/schema.org\",\"@graph\":[{\"@type\":\"WebPage\",\"@id\":\"https:\\\/\\\/www.valledeegues.com\\\/eu\\\/faz-familien-arretarako-zentroa\\\/familia-aholkularitza-eta-etxebizitza-eta-kontsumo-aholkularitza\\\/\",\"url\":\"https:\\\/\\\/www.valledeegues.com\\\/eu\\\/faz-familien-arretarako-zentroa\\\/familia-aholkularitza-eta-etxebizitza-eta-kontsumo-aholkularitza\\\/\",\"name\":\"Familia Aholkularitza eta Etxebizitza eta Kontsumo Aholkularitza - Ayuntamiento Valle de Eg\u00fc\u00e9s | Eguesibarko Udala\",\"isPartOf\":{\"@id\":\"https:\\\/\\\/www.valledeegues.com\\\/eu\\\/#website\"},\"datePublished\":\"2026-04-15T07:04:05+00:00\",\"dateModified\":\"2026-04-15T07:05:51+00:00\",\"breadcrumb\":{\"@id\":\"https:\\\/\\\/www.valledeegues.com\\\/eu\\\/faz-familien-arretarako-zentroa\\\/familia-aholkularitza-eta-etxebizitza-eta-kontsumo-aholkularitza\\\/#breadcrumb\"},\"inLanguage\":\"eu-ES\",\"potentialAction\":[{\"@type\":\"ReadAction\",\"target\":[\"https:\\\/\\\/www.valledeegues.com\\\/eu\\\/faz-familien-arretarako-zentroa\\\/familia-aholkularitza-eta-etxebizitza-eta-kontsumo-aholkularitza\\\/\"]}]},{\"@type\":\"BreadcrumbList\",\"@id\":\"https:\\\/\\\/www.valledeegues.com\\\/eu\\\/faz-familien-arretarako-zentroa\\\/familia-aholkularitza-eta-etxebizitza-eta-kontsumo-aholkularitza\\\/#breadcrumb\",\"itemListElement\":[{\"@type\":\"ListItem\",\"position\":1,\"name\":\"Azala\",\"item\":\"https:\\\/\\\/www.valledeegues.com\\\/eu\\\/\"},{\"@type\":\"ListItem\",\"position\":2,\"name\":\"FAZ: Familien Arretarako Zentroa\",\"item\":\"https:\\\/\\\/www.valledeegues.com\\\/eu\\\/faz-familien-arretarako-zentroa\\\/\"},{\"@type\":\"ListItem\",\"position\":3,\"name\":\"Familia Aholkularitza eta Etxebizitza eta Kontsumo Aholkularitza\"}]},{\"@type\":\"WebSite\",\"@id\":\"https:\\\/\\\/www.valledeegues.com\\\/eu\\\/#website\",\"url\":\"https:\\\/\\\/www.valledeegues.com\\\/eu\\\/\",\"name\":\"Ayuntamiento Valle de Eg\u00fc\u00e9s | Eguesibarko Udala\",\"description\":\"Ayuntamiento Valle de Eg\u00fc\u00e9s | Eguesibarko Udala\",\"publisher\":{\"@id\":\"https:\\\/\\\/www.valledeegues.com\\\/eu\\\/#organization\"},\"potentialAction\":[{\"@type\":\"SearchAction\",\"target\":{\"@type\":\"EntryPoint\",\"urlTemplate\":\"https:\\\/\\\/www.valledeegues.com\\\/eu\\\/?s={search_term_string}\"},\"query-input\":{\"@type\":\"PropertyValueSpecification\",\"valueRequired\":true,\"valueName\":\"search_term_string\"}}],\"inLanguage\":\"eu-ES\"},{\"@type\":\"Organization\",\"@id\":\"https:\\\/\\\/www.valledeegues.com\\\/eu\\\/#organization\",\"name\":\"Ayuntamiento Valle de Egues\",\"url\":\"https:\\\/\\\/www.valledeegues.com\\\/eu\\\/\",\"logo\":{\"@type\":\"ImageObject\",\"inLanguage\":\"eu-ES\",\"@id\":\"https:\\\/\\\/www.valledeegues.com\\\/eu\\\/#\\\/schema\\\/logo\\\/image\\\/\",\"url\":\"https:\\\/\\\/www.valledeegues.com\\\/wp-content\\\/uploads\\\/2019\\\/06\\\/logo-egues-escudo.svg\",\"contentUrl\":\"https:\\\/\\\/www.valledeegues.com\\\/wp-content\\\/uploads\\\/2019\\\/06\\\/logo-egues-escudo.svg\",\"width\":529,\"height\":125,\"caption\":\"Ayuntamiento Valle de Egues\"},\"image\":{\"@id\":\"https:\\\/\\\/www.valledeegues.com\\\/eu\\\/#\\\/schema\\\/logo\\\/image\\\/\"},\"sameAs\":[\"https:\\\/\\\/www.facebook.com\\\/EguesEguesibar\",\"https:\\\/\\\/x.com\\\/AValledeEgues\",\"https:\\\/\\\/www.youtube.com\\\/channel\\\/UCUPvmkTy56ZAhGTVrzg4uDQ\"]}]}<\/script>\r\n<!-- \/ Yoast SEO plugin. -->","yoast_head_json":{"title":"Familia Aholkularitza eta Etxebizitza eta Kontsumo Aholkularitza - Ayuntamiento Valle de Eg\u00fc\u00e9s | Eguesibarko Udala","robots":{"index":"index","follow":"follow","max-snippet":"max-snippet:-1","max-image-preview":"max-image-preview:large","max-video-preview":"max-video-preview:-1"},"canonical":"https:\/\/www.valledeegues.com\/eu\/faz-familien-arretarako-zentroa\/familia-aholkularitza-eta-etxebizitza-eta-kontsumo-aholkularitza\/","og_locale":"eu_ES","og_type":"article","og_title":"Familia Aholkularitza eta Etxebizitza eta Kontsumo Aholkularitza - Ayuntamiento Valle de Eg\u00fc\u00e9s | Eguesibarko Udala","og_description":"&nbsp;Udalak herritarrei jakinarazten die Etxebizitza eta Kontsumo Aholkularitzako eta Familia Aholkularitzako zerbitzu berri bat abian jarri duela, auzotarrei eguneroko bizitzarako funtsezkoak diren eremuetan orientazioa, informazioa eta laguntza eskaintzeko.ETXEBIZITZA ETA KONTSUMO AHOLKULARITZAZerbitzua hilabete bakoitzeko lehen asteazkenean emango da, hurrengo ordutegi hauetan:&#128340; 11:00etatik 13:00etara &#128340; 17:00etatik 19:00etaraFAMILIA AHOLKULARITZA&#128312; Goizeko txanda &#128197; Ostirala &#128340; 09:30etik 13:30era&#128312; Arratsaldeko txanda [&hellip;]","og_url":"https:\/\/www.valledeegues.com\/eu\/faz-familien-arretarako-zentroa\/familia-aholkularitza-eta-etxebizitza-eta-kontsumo-aholkularitza\/","og_site_name":"Ayuntamiento Valle de Eg\u00fc\u00e9s | Eguesibarko Udala","article_publisher":"https:\/\/www.facebook.com\/EguesEguesibar","article_modified_time":"2026-04-15T07:05:51+00:00","twitter_card":"summary_large_image","twitter_site":"@AValledeEgues","twitter_misc":{"Est. reading time":"1 minute"},"schema":{"@context":"https:\/\/schema.org","@graph":[{"@type":"WebPage","@id":"https:\/\/www.valledeegues.com\/eu\/faz-familien-arretarako-zentroa\/familia-aholkularitza-eta-etxebizitza-eta-kontsumo-aholkularitza\/","url":"https:\/\/www.valledeegues.com\/eu\/faz-familien-arretarako-zentroa\/familia-aholkularitza-eta-etxebizitza-eta-kontsumo-aholkularitza\/","name":"Familia Aholkularitza eta Etxebizitza eta Kontsumo Aholkularitza - Ayuntamiento Valle de Eg\u00fc\u00e9s | Eguesibarko Udala","isPartOf":{"@id":"https:\/\/www.valledeegues.com\/eu\/#website"},"datePublished":"2026-04-15T07:04:05+00:00","dateModified":"2026-04-15T07:05:51+00:00","breadcrumb":{"@id":"https:\/\/www.valledeegues.com\/eu\/faz-familien-arretarako-zentroa\/familia-aholkularitza-eta-etxebizitza-eta-kontsumo-aholkularitza\/#breadcrumb"},"inLanguage":"eu-ES","potentialAction":[{"@type":"ReadAction","target":["https:\/\/www.valledeegues.com\/eu\/faz-familien-arretarako-zentroa\/familia-aholkularitza-eta-etxebizitza-eta-kontsumo-aholkularitza\/"]}]},{"@type":"BreadcrumbList","@id":"https:\/\/www.valledeegues.com\/eu\/faz-familien-arretarako-zentroa\/familia-aholkularitza-eta-etxebizitza-eta-kontsumo-aholkularitza\/#breadcrumb","itemListElement":[{"@type":"ListItem","position":1,"name":"Azala","item":"https:\/\/www.valledeegues.com\/eu\/"},{"@type":"ListItem","position":2,"name":"FAZ: Familien Arretarako Zentroa","item":"https:\/\/www.valledeegues.com\/eu\/faz-familien-arretarako-zentroa\/"},{"@type":"ListItem","position":3,"name":"Familia Aholkularitza eta Etxebizitza eta Kontsumo Aholkularitza"}]},{"@type":"WebSite","@id":"https:\/\/www.valledeegues.com\/eu\/#website","url":"https:\/\/www.valledeegues.com\/eu\/","name":"Ayuntamiento Valle de Eg\u00fc\u00e9s | Eguesibarko Udala","description":"Ayuntamiento Valle de Eg\u00fc\u00e9s | Eguesibarko Udala","publisher":{"@id":"https:\/\/www.valledeegues.com\/eu\/#organization"},"potentialAction":[{"@type":"SearchAction","target":{"@type":"EntryPoint","urlTemplate":"https:\/\/www.valledeegues.com\/eu\/?s={search_term_string}"},"query-input":{"@type":"PropertyValueSpecification","valueRequired":true,"valueName":"search_term_string"}}],"inLanguage":"eu-ES"},{"@type":"Organization","@id":"https:\/\/www.valledeegues.com\/eu\/#organization","name":"Ayuntamiento Valle de Egues","url":"https:\/\/www.valledeegues.com\/eu\/","logo":{"@type":"ImageObject","inLanguage":"eu-ES","@id":"https:\/\/www.valledeegues.com\/eu\/#\/schema\/logo\/image\/","url":"https:\/\/www.valledeegues.com\/wp-content\/uploads\/2019\/06\/logo-egues-escudo.svg","contentUrl":"https:\/\/www.valledeegues.com\/wp-content\/uploads\/2019\/06\/logo-egues-escudo.svg","width":529,"height":125,"caption":"Ayuntamiento Valle de Egues"},"image":{"@id":"https:\/\/www.valledeegues.com\/eu\/#\/schema\/logo\/image\/"},"sameAs":["https:\/\/www.facebook.com\/EguesEguesibar","https:\/\/x.com\/AValledeEgues","https:\/\/www.youtube.com\/channel\/UCUPvmkTy56ZAhGTVrzg4uDQ"]}]}},"_links":{"self":[{"href":"https:\/\/www.valledeegues.com\/eu\/wp-json\/wp\/v2\/pages\/45859","targetHints":{"allow":["GET"]}}],"collection":[{"href":"https:\/\/www.valledeegues.com\/eu\/wp-json\/wp\/v2\/pages"}],"about":[{"href":"https:\/\/www.valledeegues.com\/eu\/wp-json\/wp\/v2\/types\/page"}],"author":[{"embeddable":true,"href":"https:\/\/www.valledeegues.com\/eu\/wp-json\/wp\/v2\/users\/9"}],"replies":[{"embeddable":true,"href":"https:\/\/www.valledeegues.com\/eu\/wp-json\/wp\/v2\/comments?post=45859"}],"version-history":[{"count":2,"href":"https:\/\/www.valledeegues.com\/eu\/wp-json\/wp\/v2\/pages\/45859\/revisions"}],"predecessor-version":[{"id":45862,"href":"https:\/\/www.valledeegues.com\/eu\/wp-json\/wp\/v2\/pages\/45859\/revisions\/45862"}],"up":[{"embeddable":true,"href":"https:\/\/www.valledeegues.com\/eu\/wp-json\/wp\/v2\/pages\/7212"}],"wp:attachment":[{"href":"https:\/\/www.valledeegues.com\/eu\/wp-json\/wp\/v2\/media?parent=45859"}],"curies":[{"name":"wp","href":"https:\/\/api.w.org\/{rel}","templated":true}]}}