{"id":34172,"date":"2023-12-20T10:49:33","date_gmt":"2023-12-20T09:49:33","guid":{"rendered":"https:\/\/www.valledeegues.com\/?page_id=34172"},"modified":"2023-12-20T17:12:05","modified_gmt":"2023-12-20T16:12:05","slug":"eguesibarko-gabonetako-programa-23","status":"publish","type":"page","link":"https:\/\/www.valledeegues.com\/eu\/eguesibarko-gabonetako-programa-23\/","title":{"rendered":"EGUESIBARKO GABONETAKO PROGRAMA 2023 \/ 2024"},"content":{"rendered":"<p>[vc_row][vc_column][vc_single_image image=&#8221;34087&#8243; img_size=&#8221;full&#8221; alignment=&#8221;center&#8221;][\/vc_column][\/vc_row][vc_row css=&#8221;.vc_custom_1702891325039{margin-top: 20px !important;margin-bottom: 20px !important;}&#8221;][vc_column][vc_column_text title=&#8221;EGUBERRIAK EGUESIBARRERA IRITSI DIRA&#8221; align=&#8221;center&#8221; margin_bottom=&#8221;39&#8243; css=&#8221;.vc_custom_1703088584533{margin-bottom: 0px !important;}&#8221;]<\/p>\n<div data-block-id=\"block-dfccb23e-06c4-4769-b8b6-96860729197a\">\n<div data-block-id=\"block-dfccb23e-06c4-4769-b8b6-96860729197a\">&#8220;EGUES, IBAR MAGIKOA, EGUBERRIETAN&#8221; hemen dago!<\/div>\n<div class=\"ql-block ql-align-justify\" data-block-id=\"block-dfccb23e-06c4-4769-b8b6-96860729197a\">\n<p>Magia trikimailuren bat ikasi nahi duzu? Ikuskizun zoragarriak ikusi? Harrituko zaituzten jarduerez gozatzea?<\/p>\n<p>Bada, Eguberri honetan, magia Eguesibarrera iritsiko da kaleak bete eta sorpresaz beteriko programazioa eskaintzeko: mentalismoa, kalejirak, tailerrak, ipuin kontalariak, itzal txinatarrak eta beste hainbat jarduera zure zain daude.<br \/>\nEta, jakina, egun hauetan, kontziliazio-zerbitzuen aukera zabala eskaintzen dizugu.<\/p>\n<\/div>\n<\/div>\n<p>[\/vc_column_text][\/vc_column][\/vc_row][vc_row css=&#8221;.vc_custom_1702891353390{margin-top: 30px !important;margin-bottom: 30px !important;}&#8221;][vc_column width=&#8221;1\/2&#8243;][vc_text_separator title=&#8221;GABONETAKO PROGRAMA 23 \/ 24&#8243; title_align=&#8221;separator_align_left&#8221;][mk_button dimension=&#8221;two&#8221; icon=&#8221;mk-icon-arrow-circle-down&#8221; url=&#8221;https:\/\/www.valledeegues.com\/wp-content\/uploads\/2023\/11\/navidad-program-23-24-online_compressed.pdf&#8221; target=&#8221;_blank&#8221; align=&#8221;center&#8221; fullwidth=&#8221;true&#8221;]DESKARGATU EGUBERRIETAKO PROGRAMA 23 \/24[\/mk_button][\/vc_column][vc_column width=&#8221;1\/2&#8243;][vc_text_separator title=&#8221;IZEN-EMATEAK&#8221; title_align=&#8221;separator_align_left&#8221;][mk_button dimension=&#8221;two&#8221; icon=&#8221;mk-icon-user&#8221; url=&#8221;https:\/\/www.valledeegues.com\/?p=33950&#8243; target=&#8221;_blank&#8221; align=&#8221;center&#8221; fullwidth=&#8221;true&#8221;]IZENA-EMAN EKINTZETAN[\/mk_button][\/vc_column][\/vc_row][vc_row css=&#8221;.vc_custom_1702891379853{margin-top: 20px !important;}&#8221;][vc_column width=&#8221;2\/3&#8243;][vc_text_separator title=&#8221;AGENDA&#8221; title_align=&#8221;separator_align_left&#8221;][vc_column_text css=&#8221;.vc_custom_1702462631926{margin-bottom: 0px !important;}&#8221;][tribe_events view=&#8221;photo&#8221; events_per_page=&#8221;9&#8243;][\/vc_column_text][\/vc_column][vc_column width=&#8221;1\/3&#8243;][vc_text_separator title=&#8221;ERLAZIONATUTAKO BERRIAK&#8221; title_align=&#8221;separator_align_left&#8221;][vc_basic_grid post_type=&#8221;post&#8221; max_items=&#8221;4&#8243; style=&#8221;load-more&#8221; element_width=&#8221;12&#8243; item=&#8221;mediaGrid_Default&#8221; grid_id=&#8221;vc_gid:1703088631974-01036c6e-6169-8&#8243; taxonomies=&#8221;643&#8243;][\/vc_column][\/vc_row]<\/p>\n","protected":false},"excerpt":{"rendered":"<p>[vc_row][vc_column][vc_single_image image=&#8221;34087&#8243; img_size=&#8221;full&#8221; alignment=&#8221;center&#8221;][\/vc_column][\/vc_row][vc_row css=&#8221;.vc_custom_1702891325039{margin-top: 20px !important;margin-bottom: 20px !important;}&#8221;][vc_column][vc_column_text title=&#8221;EGUBERRIAK EGUESIBARRERA IRITSI DIRA&#8221; align=&#8221;center&#8221; margin_bottom=&#8221;39&#8243; css=&#8221;.vc_custom_1703088584533{margin-bottom: 0px !important;}&#8221;] &#8220;EGUES, IBAR MAGIKOA, EGUBERRIETAN&#8221; hemen dago! Magia trikimailuren bat ikasi nahi duzu? Ikuskizun zoragarriak ikusi? Harrituko zaituzten jarduerez gozatzea? Bada, Eguberri honetan, magia Eguesibarrera iritsiko da kaleak bete eta sorpresaz beteriko programazioa eskaintzeko: mentalismoa, kalejirak, tailerrak, ipuin [&hellip;]<\/p>\n","protected":false},"author":2,"featured_media":0,"parent":0,"menu_order":0,"comment_status":"closed","ping_status":"closed","template":"","meta":{"footnotes":""},"class_list":["post-34172","page","type-page","status-publish","hentry"],"yoast_head":"<!-- This site is optimized with the Yoast SEO plugin v27.5 - https:\/\/yoast.com\/product\/yoast-seo-wordpress\/ -->\r\n<title>EGUESIBARKO GABONETAKO PROGRAMA 2023 \/ 2024 - Ayuntamiento Valle de Eg\u00fc\u00e9s | Eguesibarko Udala<\/title>\r\n<meta name=\"robots\" content=\"index, follow, max-snippet:-1, max-image-preview:large, max-video-preview:-1\" \/>\r\n<link rel=\"canonical\" href=\"https:\/\/www.valledeegues.com\/eu\/eguesibarko-gabonetako-programa-23\/\" \/>\r\n<meta property=\"og:locale\" content=\"eu_ES\" \/>\r\n<meta property=\"og:type\" content=\"article\" \/>\r\n<meta property=\"og:title\" content=\"EGUESIBARKO GABONETAKO PROGRAMA 2023 \/ 2024 - Ayuntamiento Valle de Eg\u00fc\u00e9s | Eguesibarko Udala\" \/>\r\n<meta property=\"og:description\" content=\"[vc_row][vc_column][vc_single_image image=&#8221;34087&#8243; img_size=&#8221;full&#8221; alignment=&#8221;center&#8221;][\/vc_column][\/vc_row][vc_row css=&#8221;.vc_custom_1702891325039{margin-top: 20px !important;margin-bottom: 20px !important;}&#8221;][vc_column][vc_column_text title=&#8221;EGUBERRIAK EGUESIBARRERA IRITSI DIRA&#8221; align=&#8221;center&#8221; margin_bottom=&#8221;39&#8243; css=&#8221;.vc_custom_1703088584533{margin-bottom: 0px !important;}&#8221;] &#8220;EGUES, IBAR MAGIKOA, EGUBERRIETAN&#8221; hemen dago! Magia trikimailuren bat ikasi nahi duzu? Ikuskizun zoragarriak ikusi? Harrituko zaituzten jarduerez gozatzea? Bada, Eguberri honetan, magia Eguesibarrera iritsiko da kaleak bete eta sorpresaz beteriko programazioa eskaintzeko: mentalismoa, kalejirak, tailerrak, ipuin [&hellip;]\" \/>\r\n<meta property=\"og:url\" content=\"https:\/\/www.valledeegues.com\/eu\/eguesibarko-gabonetako-programa-23\/\" \/>\r\n<meta property=\"og:site_name\" content=\"Ayuntamiento Valle de Eg\u00fc\u00e9s | Eguesibarko Udala\" \/>\r\n<meta property=\"article:publisher\" content=\"https:\/\/www.facebook.com\/EguesEguesibar\" \/>\r\n<meta property=\"article:modified_time\" content=\"2023-12-20T16:12:05+00:00\" \/>\r\n<meta name=\"twitter:card\" content=\"summary_large_image\" \/>\r\n<meta name=\"twitter:site\" content=\"@AValledeEgues\" \/>\r\n<meta name=\"twitter:label1\" content=\"Est. reading time\" \/>\n\t<meta name=\"twitter:data1\" content=\"1 minute\" \/>\r\n<script type=\"application\/ld+json\" class=\"yoast-schema-graph\">{\"@context\":\"https:\\\/\\\/schema.org\",\"@graph\":[{\"@type\":\"WebPage\",\"@id\":\"https:\\\/\\\/www.valledeegues.com\\\/eu\\\/eguesibarko-gabonetako-programa-23\\\/\",\"url\":\"https:\\\/\\\/www.valledeegues.com\\\/eu\\\/eguesibarko-gabonetako-programa-23\\\/\",\"name\":\"EGUESIBARKO GABONETAKO PROGRAMA 2023 \\\/ 2024 - Ayuntamiento Valle de Eg\u00fc\u00e9s | Eguesibarko Udala\",\"isPartOf\":{\"@id\":\"https:\\\/\\\/www.valledeegues.com\\\/eu\\\/#website\"},\"datePublished\":\"2023-12-20T09:49:33+00:00\",\"dateModified\":\"2023-12-20T16:12:05+00:00\",\"breadcrumb\":{\"@id\":\"https:\\\/\\\/www.valledeegues.com\\\/eu\\\/eguesibarko-gabonetako-programa-23\\\/#breadcrumb\"},\"inLanguage\":\"eu-ES\",\"potentialAction\":[{\"@type\":\"ReadAction\",\"target\":[\"https:\\\/\\\/www.valledeegues.com\\\/eu\\\/eguesibarko-gabonetako-programa-23\\\/\"]}]},{\"@type\":\"BreadcrumbList\",\"@id\":\"https:\\\/\\\/www.valledeegues.com\\\/eu\\\/eguesibarko-gabonetako-programa-23\\\/#breadcrumb\",\"itemListElement\":[{\"@type\":\"ListItem\",\"position\":1,\"name\":\"Azala\",\"item\":\"https:\\\/\\\/www.valledeegues.com\\\/eu\\\/\"},{\"@type\":\"ListItem\",\"position\":2,\"name\":\"EGUESIBARKO GABONETAKO PROGRAMA 2023 \\\/ 2024\"}]},{\"@type\":\"WebSite\",\"@id\":\"https:\\\/\\\/www.valledeegues.com\\\/eu\\\/#website\",\"url\":\"https:\\\/\\\/www.valledeegues.com\\\/eu\\\/\",\"name\":\"Ayuntamiento Valle de Eg\u00fc\u00e9s | Eguesibarko Udala\",\"description\":\"Ayuntamiento Valle de Eg\u00fc\u00e9s | Eguesibarko Udala\",\"publisher\":{\"@id\":\"https:\\\/\\\/www.valledeegues.com\\\/eu\\\/#organization\"},\"potentialAction\":[{\"@type\":\"SearchAction\",\"target\":{\"@type\":\"EntryPoint\",\"urlTemplate\":\"https:\\\/\\\/www.valledeegues.com\\\/eu\\\/?s={search_term_string}\"},\"query-input\":{\"@type\":\"PropertyValueSpecification\",\"valueRequired\":true,\"valueName\":\"search_term_string\"}}],\"inLanguage\":\"eu-ES\"},{\"@type\":\"Organization\",\"@id\":\"https:\\\/\\\/www.valledeegues.com\\\/eu\\\/#organization\",\"name\":\"Ayuntamiento Valle de Egues\",\"url\":\"https:\\\/\\\/www.valledeegues.com\\\/eu\\\/\",\"logo\":{\"@type\":\"ImageObject\",\"inLanguage\":\"eu-ES\",\"@id\":\"https:\\\/\\\/www.valledeegues.com\\\/eu\\\/#\\\/schema\\\/logo\\\/image\\\/\",\"url\":\"https:\\\/\\\/www.valledeegues.com\\\/wp-content\\\/uploads\\\/2019\\\/06\\\/logo-egues-escudo.svg\",\"contentUrl\":\"https:\\\/\\\/www.valledeegues.com\\\/wp-content\\\/uploads\\\/2019\\\/06\\\/logo-egues-escudo.svg\",\"width\":529,\"height\":125,\"caption\":\"Ayuntamiento Valle de Egues\"},\"image\":{\"@id\":\"https:\\\/\\\/www.valledeegues.com\\\/eu\\\/#\\\/schema\\\/logo\\\/image\\\/\"},\"sameAs\":[\"https:\\\/\\\/www.facebook.com\\\/EguesEguesibar\",\"https:\\\/\\\/x.com\\\/AValledeEgues\",\"https:\\\/\\\/www.youtube.com\\\/channel\\\/UCUPvmkTy56ZAhGTVrzg4uDQ\"]}]}<\/script>\r\n<!-- \/ Yoast SEO plugin. -->","yoast_head_json":{"title":"EGUESIBARKO GABONETAKO PROGRAMA 2023 \/ 2024 - Ayuntamiento Valle de Eg\u00fc\u00e9s | Eguesibarko Udala","robots":{"index":"index","follow":"follow","max-snippet":"max-snippet:-1","max-image-preview":"max-image-preview:large","max-video-preview":"max-video-preview:-1"},"canonical":"https:\/\/www.valledeegues.com\/eu\/eguesibarko-gabonetako-programa-23\/","og_locale":"eu_ES","og_type":"article","og_title":"EGUESIBARKO GABONETAKO PROGRAMA 2023 \/ 2024 - Ayuntamiento Valle de Eg\u00fc\u00e9s | Eguesibarko Udala","og_description":"[vc_row][vc_column][vc_single_image image=&#8221;34087&#8243; img_size=&#8221;full&#8221; alignment=&#8221;center&#8221;][\/vc_column][\/vc_row][vc_row css=&#8221;.vc_custom_1702891325039{margin-top: 20px !important;margin-bottom: 20px !important;}&#8221;][vc_column][vc_column_text title=&#8221;EGUBERRIAK EGUESIBARRERA IRITSI DIRA&#8221; align=&#8221;center&#8221; margin_bottom=&#8221;39&#8243; css=&#8221;.vc_custom_1703088584533{margin-bottom: 0px !important;}&#8221;] &#8220;EGUES, IBAR MAGIKOA, EGUBERRIETAN&#8221; hemen dago! Magia trikimailuren bat ikasi nahi duzu? Ikuskizun zoragarriak ikusi? Harrituko zaituzten jarduerez gozatzea? Bada, Eguberri honetan, magia Eguesibarrera iritsiko da kaleak bete eta sorpresaz beteriko programazioa eskaintzeko: mentalismoa, kalejirak, tailerrak, ipuin [&hellip;]","og_url":"https:\/\/www.valledeegues.com\/eu\/eguesibarko-gabonetako-programa-23\/","og_site_name":"Ayuntamiento Valle de Eg\u00fc\u00e9s | Eguesibarko Udala","article_publisher":"https:\/\/www.facebook.com\/EguesEguesibar","article_modified_time":"2023-12-20T16:12:05+00:00","twitter_card":"summary_large_image","twitter_site":"@AValledeEgues","twitter_misc":{"Est. reading time":"1 minute"},"schema":{"@context":"https:\/\/schema.org","@graph":[{"@type":"WebPage","@id":"https:\/\/www.valledeegues.com\/eu\/eguesibarko-gabonetako-programa-23\/","url":"https:\/\/www.valledeegues.com\/eu\/eguesibarko-gabonetako-programa-23\/","name":"EGUESIBARKO GABONETAKO PROGRAMA 2023 \/ 2024 - Ayuntamiento Valle de Eg\u00fc\u00e9s | Eguesibarko Udala","isPartOf":{"@id":"https:\/\/www.valledeegues.com\/eu\/#website"},"datePublished":"2023-12-20T09:49:33+00:00","dateModified":"2023-12-20T16:12:05+00:00","breadcrumb":{"@id":"https:\/\/www.valledeegues.com\/eu\/eguesibarko-gabonetako-programa-23\/#breadcrumb"},"inLanguage":"eu-ES","potentialAction":[{"@type":"ReadAction","target":["https:\/\/www.valledeegues.com\/eu\/eguesibarko-gabonetako-programa-23\/"]}]},{"@type":"BreadcrumbList","@id":"https:\/\/www.valledeegues.com\/eu\/eguesibarko-gabonetako-programa-23\/#breadcrumb","itemListElement":[{"@type":"ListItem","position":1,"name":"Azala","item":"https:\/\/www.valledeegues.com\/eu\/"},{"@type":"ListItem","position":2,"name":"EGUESIBARKO GABONETAKO PROGRAMA 2023 \/ 2024"}]},{"@type":"WebSite","@id":"https:\/\/www.valledeegues.com\/eu\/#website","url":"https:\/\/www.valledeegues.com\/eu\/","name":"Ayuntamiento Valle de Eg\u00fc\u00e9s | Eguesibarko Udala","description":"Ayuntamiento Valle de Eg\u00fc\u00e9s | Eguesibarko Udala","publisher":{"@id":"https:\/\/www.valledeegues.com\/eu\/#organization"},"potentialAction":[{"@type":"SearchAction","target":{"@type":"EntryPoint","urlTemplate":"https:\/\/www.valledeegues.com\/eu\/?s={search_term_string}"},"query-input":{"@type":"PropertyValueSpecification","valueRequired":true,"valueName":"search_term_string"}}],"inLanguage":"eu-ES"},{"@type":"Organization","@id":"https:\/\/www.valledeegues.com\/eu\/#organization","name":"Ayuntamiento Valle de Egues","url":"https:\/\/www.valledeegues.com\/eu\/","logo":{"@type":"ImageObject","inLanguage":"eu-ES","@id":"https:\/\/www.valledeegues.com\/eu\/#\/schema\/logo\/image\/","url":"https:\/\/www.valledeegues.com\/wp-content\/uploads\/2019\/06\/logo-egues-escudo.svg","contentUrl":"https:\/\/www.valledeegues.com\/wp-content\/uploads\/2019\/06\/logo-egues-escudo.svg","width":529,"height":125,"caption":"Ayuntamiento Valle de Egues"},"image":{"@id":"https:\/\/www.valledeegues.com\/eu\/#\/schema\/logo\/image\/"},"sameAs":["https:\/\/www.facebook.com\/EguesEguesibar","https:\/\/x.com\/AValledeEgues","https:\/\/www.youtube.com\/channel\/UCUPvmkTy56ZAhGTVrzg4uDQ"]}]}},"_links":{"self":[{"href":"https:\/\/www.valledeegues.com\/eu\/wp-json\/wp\/v2\/pages\/34172","targetHints":{"allow":["GET"]}}],"collection":[{"href":"https:\/\/www.valledeegues.com\/eu\/wp-json\/wp\/v2\/pages"}],"about":[{"href":"https:\/\/www.valledeegues.com\/eu\/wp-json\/wp\/v2\/types\/page"}],"author":[{"embeddable":true,"href":"https:\/\/www.valledeegues.com\/eu\/wp-json\/wp\/v2\/users\/2"}],"replies":[{"embeddable":true,"href":"https:\/\/www.valledeegues.com\/eu\/wp-json\/wp\/v2\/comments?post=34172"}],"version-history":[{"count":6,"href":"https:\/\/www.valledeegues.com\/eu\/wp-json\/wp\/v2\/pages\/34172\/revisions"}],"predecessor-version":[{"id":34184,"href":"https:\/\/www.valledeegues.com\/eu\/wp-json\/wp\/v2\/pages\/34172\/revisions\/34184"}],"wp:attachment":[{"href":"https:\/\/www.valledeegues.com\/eu\/wp-json\/wp\/v2\/media?parent=34172"}],"curies":[{"name":"wp","href":"https:\/\/api.w.org\/{rel}","templated":true}]}}