{"id":18934,"date":"2020-07-20T11:21:46","date_gmt":"2020-07-20T09:21:46","guid":{"rendered":"https:\/\/www.valledeegues.com\/cita-previa\/"},"modified":"2026-03-24T09:11:56","modified_gmt":"2026-03-24T08:11:56","slug":"aldez-aurreko-hitzordua","status":"publish","type":"page","link":"https:\/\/www.valledeegues.com\/eu\/udal-zerbitzuak\/herritarrei-arreta-egiteko-bulegoa-hab\/aldez-aurreko-hitzordua\/","title":{"rendered":"Aldez Aurreko Hitzordua"},"content":{"rendered":"<?xml encoding=\"utf-8\" ?><p><a href=\"wp-content\/uploads\/2020\/05\/guia-comercial-egues.jpg\" class=\"doc-link doc-jpg doc-group-image\"><img loading=\"lazy\" decoding=\"async\" class=\"aligncenter size-full wp-image-18195\" src=\"wp-content\/uploads\/2020\/05\/guia-comercial-egues.jpg\" alt=\"Guia Comercial Egues\" width=\"900\" height=\"600\" srcset=\"https:\/\/www.valledeegues.com\/wp-content\/uploads\/2020\/05\/guia-comercial-egues.jpg 900w, https:\/\/www.valledeegues.com\/wp-content\/uploads\/2020\/05\/guia-comercial-egues-300x200.jpg 300w, https:\/\/www.valledeegues.com\/wp-content\/uploads\/2020\/05\/guia-comercial-egues-768x512.jpg 768w\" sizes=\"auto, (max-width: 900px) 100vw, 900px\"><\/a><\/p><p>COVID19 dela eta, gestioa bitarteko elektronikoen bidez ebaztea ezinezkoa den kasuetan, aurrez aurreko hitzordua emango da eskatzen duten pertsonei.<\/p><p>Aurretiko hitzordua eskatzeko, horretarako prestatutako inprimakia bete behar duzu, eta ahalik eta gehien zehaztu zure kontsultaren arrazoia.<\/p><p style=\"text-align: center;\"><a class=\"idef-doc-button\" href=\"https:\/\/app.bookitit.com\/eu\/hosteds\/widgetdefault\/2a307bba997be67adc04c0c97d3b55b0a\" target=\"_self\" rel=\"\">HITZORDUA ESKATU<\/a><\/p>\n","protected":false},"excerpt":{"rendered":"<p>COVID19 dela eta, gestioa bitarteko elektronikoen bidez ebaztea ezinezkoa den kasuetan, aurrez aurreko hitzordua emango da eskatzen duten pertsonei.Aurretiko hitzordua eskatzeko, horretarako prestatutako inprimakia bete behar duzu, eta ahalik eta gehien zehaztu zure kontsultaren arrazoia.<\/p>\n","protected":false},"author":2,"featured_media":0,"parent":7350,"menu_order":0,"comment_status":"closed","ping_status":"closed","template":"","meta":{"footnotes":""},"class_list":["post-18934","page","type-page","status-publish","hentry"],"yoast_head":"<!-- This site is optimized with the Yoast SEO plugin v27.5 - https:\/\/yoast.com\/product\/yoast-seo-wordpress\/ -->\r\n<title>Aldez Aurreko Hitzordua - Ayuntamiento Valle de Eg\u00fc\u00e9s | Eguesibarko Udala<\/title>\r\n<meta name=\"robots\" content=\"index, follow, max-snippet:-1, max-image-preview:large, max-video-preview:-1\" \/>\r\n<link rel=\"canonical\" href=\"https:\/\/www.valledeegues.com\/eu\/udal-zerbitzuak\/herritarrei-arreta-egiteko-bulegoa-hab\/aldez-aurreko-hitzordua\/\" \/>\r\n<meta property=\"og:locale\" content=\"eu_ES\" \/>\r\n<meta property=\"og:type\" content=\"article\" \/>\r\n<meta property=\"og:title\" content=\"Aldez Aurreko Hitzordua - Ayuntamiento Valle de Eg\u00fc\u00e9s | Eguesibarko Udala\" \/>\r\n<meta property=\"og:description\" content=\"COVID19 dela eta, gestioa bitarteko elektronikoen bidez ebaztea ezinezkoa den kasuetan, aurrez aurreko hitzordua emango da eskatzen duten pertsonei.Aurretiko hitzordua eskatzeko, horretarako prestatutako inprimakia bete behar duzu, eta ahalik eta gehien zehaztu zure kontsultaren arrazoia.\" \/>\r\n<meta property=\"og:url\" content=\"https:\/\/www.valledeegues.com\/eu\/udal-zerbitzuak\/herritarrei-arreta-egiteko-bulegoa-hab\/aldez-aurreko-hitzordua\/\" \/>\r\n<meta property=\"og:site_name\" content=\"Ayuntamiento Valle de Eg\u00fc\u00e9s | Eguesibarko Udala\" \/>\r\n<meta property=\"article:publisher\" content=\"https:\/\/www.facebook.com\/EguesEguesibar\" \/>\r\n<meta property=\"article:modified_time\" content=\"2026-03-24T08:11:56+00:00\" \/>\r\n<meta name=\"twitter:card\" content=\"summary_large_image\" \/>\r\n<meta name=\"twitter:site\" content=\"@AValledeEgues\" \/>\r\n<meta name=\"twitter:label1\" content=\"Est. reading time\" \/>\n\t<meta name=\"twitter:data1\" content=\"1 minute\" \/>\r\n<script type=\"application\/ld+json\" class=\"yoast-schema-graph\">{\"@context\":\"https:\\\/\\\/schema.org\",\"@graph\":[{\"@type\":\"WebPage\",\"@id\":\"https:\\\/\\\/www.valledeegues.com\\\/eu\\\/udal-zerbitzuak\\\/herritarrei-arreta-egiteko-bulegoa-hab\\\/aldez-aurreko-hitzordua\\\/\",\"url\":\"https:\\\/\\\/www.valledeegues.com\\\/eu\\\/udal-zerbitzuak\\\/herritarrei-arreta-egiteko-bulegoa-hab\\\/aldez-aurreko-hitzordua\\\/\",\"name\":\"Aldez Aurreko Hitzordua - Ayuntamiento Valle de Eg\u00fc\u00e9s | Eguesibarko Udala\",\"isPartOf\":{\"@id\":\"https:\\\/\\\/www.valledeegues.com\\\/eu\\\/#website\"},\"datePublished\":\"2020-07-20T09:21:46+00:00\",\"dateModified\":\"2026-03-24T08:11:56+00:00\",\"breadcrumb\":{\"@id\":\"https:\\\/\\\/www.valledeegues.com\\\/eu\\\/udal-zerbitzuak\\\/herritarrei-arreta-egiteko-bulegoa-hab\\\/aldez-aurreko-hitzordua\\\/#breadcrumb\"},\"inLanguage\":\"eu-ES\",\"potentialAction\":[{\"@type\":\"ReadAction\",\"target\":[\"https:\\\/\\\/www.valledeegues.com\\\/eu\\\/udal-zerbitzuak\\\/herritarrei-arreta-egiteko-bulegoa-hab\\\/aldez-aurreko-hitzordua\\\/\"]}]},{\"@type\":\"BreadcrumbList\",\"@id\":\"https:\\\/\\\/www.valledeegues.com\\\/eu\\\/udal-zerbitzuak\\\/herritarrei-arreta-egiteko-bulegoa-hab\\\/aldez-aurreko-hitzordua\\\/#breadcrumb\",\"itemListElement\":[{\"@type\":\"ListItem\",\"position\":1,\"name\":\"Azala\",\"item\":\"https:\\\/\\\/www.valledeegues.com\\\/eu\\\/\"},{\"@type\":\"ListItem\",\"position\":2,\"name\":\"Aldez Aurreko Hitzordua\"}]},{\"@type\":\"WebSite\",\"@id\":\"https:\\\/\\\/www.valledeegues.com\\\/eu\\\/#website\",\"url\":\"https:\\\/\\\/www.valledeegues.com\\\/eu\\\/\",\"name\":\"Ayuntamiento Valle de Eg\u00fc\u00e9s | Eguesibarko Udala\",\"description\":\"Ayuntamiento Valle de Eg\u00fc\u00e9s | Eguesibarko Udala\",\"publisher\":{\"@id\":\"https:\\\/\\\/www.valledeegues.com\\\/eu\\\/#organization\"},\"potentialAction\":[{\"@type\":\"SearchAction\",\"target\":{\"@type\":\"EntryPoint\",\"urlTemplate\":\"https:\\\/\\\/www.valledeegues.com\\\/eu\\\/?s={search_term_string}\"},\"query-input\":{\"@type\":\"PropertyValueSpecification\",\"valueRequired\":true,\"valueName\":\"search_term_string\"}}],\"inLanguage\":\"eu-ES\"},{\"@type\":\"Organization\",\"@id\":\"https:\\\/\\\/www.valledeegues.com\\\/eu\\\/#organization\",\"name\":\"Ayuntamiento Valle de Egues\",\"url\":\"https:\\\/\\\/www.valledeegues.com\\\/eu\\\/\",\"logo\":{\"@type\":\"ImageObject\",\"inLanguage\":\"eu-ES\",\"@id\":\"https:\\\/\\\/www.valledeegues.com\\\/eu\\\/#\\\/schema\\\/logo\\\/image\\\/\",\"url\":\"https:\\\/\\\/www.valledeegues.com\\\/wp-content\\\/uploads\\\/2019\\\/06\\\/logo-egues-escudo.svg\",\"contentUrl\":\"https:\\\/\\\/www.valledeegues.com\\\/wp-content\\\/uploads\\\/2019\\\/06\\\/logo-egues-escudo.svg\",\"width\":529,\"height\":125,\"caption\":\"Ayuntamiento Valle de Egues\"},\"image\":{\"@id\":\"https:\\\/\\\/www.valledeegues.com\\\/eu\\\/#\\\/schema\\\/logo\\\/image\\\/\"},\"sameAs\":[\"https:\\\/\\\/www.facebook.com\\\/EguesEguesibar\",\"https:\\\/\\\/x.com\\\/AValledeEgues\",\"https:\\\/\\\/www.youtube.com\\\/channel\\\/UCUPvmkTy56ZAhGTVrzg4uDQ\"]}]}<\/script>\r\n<!-- \/ Yoast SEO plugin. -->","yoast_head_json":{"title":"Aldez Aurreko Hitzordua - Ayuntamiento Valle de Eg\u00fc\u00e9s | Eguesibarko Udala","robots":{"index":"index","follow":"follow","max-snippet":"max-snippet:-1","max-image-preview":"max-image-preview:large","max-video-preview":"max-video-preview:-1"},"canonical":"https:\/\/www.valledeegues.com\/eu\/udal-zerbitzuak\/herritarrei-arreta-egiteko-bulegoa-hab\/aldez-aurreko-hitzordua\/","og_locale":"eu_ES","og_type":"article","og_title":"Aldez Aurreko Hitzordua - Ayuntamiento Valle de Eg\u00fc\u00e9s | Eguesibarko Udala","og_description":"COVID19 dela eta, gestioa bitarteko elektronikoen bidez ebaztea ezinezkoa den kasuetan, aurrez aurreko hitzordua emango da eskatzen duten pertsonei.Aurretiko hitzordua eskatzeko, horretarako prestatutako inprimakia bete behar duzu, eta ahalik eta gehien zehaztu zure kontsultaren arrazoia.","og_url":"https:\/\/www.valledeegues.com\/eu\/udal-zerbitzuak\/herritarrei-arreta-egiteko-bulegoa-hab\/aldez-aurreko-hitzordua\/","og_site_name":"Ayuntamiento Valle de Eg\u00fc\u00e9s | Eguesibarko Udala","article_publisher":"https:\/\/www.facebook.com\/EguesEguesibar","article_modified_time":"2026-03-24T08:11:56+00:00","twitter_card":"summary_large_image","twitter_site":"@AValledeEgues","twitter_misc":{"Est. reading time":"1 minute"},"schema":{"@context":"https:\/\/schema.org","@graph":[{"@type":"WebPage","@id":"https:\/\/www.valledeegues.com\/eu\/udal-zerbitzuak\/herritarrei-arreta-egiteko-bulegoa-hab\/aldez-aurreko-hitzordua\/","url":"https:\/\/www.valledeegues.com\/eu\/udal-zerbitzuak\/herritarrei-arreta-egiteko-bulegoa-hab\/aldez-aurreko-hitzordua\/","name":"Aldez Aurreko Hitzordua - Ayuntamiento Valle de Eg\u00fc\u00e9s | Eguesibarko Udala","isPartOf":{"@id":"https:\/\/www.valledeegues.com\/eu\/#website"},"datePublished":"2020-07-20T09:21:46+00:00","dateModified":"2026-03-24T08:11:56+00:00","breadcrumb":{"@id":"https:\/\/www.valledeegues.com\/eu\/udal-zerbitzuak\/herritarrei-arreta-egiteko-bulegoa-hab\/aldez-aurreko-hitzordua\/#breadcrumb"},"inLanguage":"eu-ES","potentialAction":[{"@type":"ReadAction","target":["https:\/\/www.valledeegues.com\/eu\/udal-zerbitzuak\/herritarrei-arreta-egiteko-bulegoa-hab\/aldez-aurreko-hitzordua\/"]}]},{"@type":"BreadcrumbList","@id":"https:\/\/www.valledeegues.com\/eu\/udal-zerbitzuak\/herritarrei-arreta-egiteko-bulegoa-hab\/aldez-aurreko-hitzordua\/#breadcrumb","itemListElement":[{"@type":"ListItem","position":1,"name":"Azala","item":"https:\/\/www.valledeegues.com\/eu\/"},{"@type":"ListItem","position":2,"name":"Aldez Aurreko Hitzordua"}]},{"@type":"WebSite","@id":"https:\/\/www.valledeegues.com\/eu\/#website","url":"https:\/\/www.valledeegues.com\/eu\/","name":"Ayuntamiento Valle de Eg\u00fc\u00e9s | Eguesibarko Udala","description":"Ayuntamiento Valle de Eg\u00fc\u00e9s | Eguesibarko Udala","publisher":{"@id":"https:\/\/www.valledeegues.com\/eu\/#organization"},"potentialAction":[{"@type":"SearchAction","target":{"@type":"EntryPoint","urlTemplate":"https:\/\/www.valledeegues.com\/eu\/?s={search_term_string}"},"query-input":{"@type":"PropertyValueSpecification","valueRequired":true,"valueName":"search_term_string"}}],"inLanguage":"eu-ES"},{"@type":"Organization","@id":"https:\/\/www.valledeegues.com\/eu\/#organization","name":"Ayuntamiento Valle de Egues","url":"https:\/\/www.valledeegues.com\/eu\/","logo":{"@type":"ImageObject","inLanguage":"eu-ES","@id":"https:\/\/www.valledeegues.com\/eu\/#\/schema\/logo\/image\/","url":"https:\/\/www.valledeegues.com\/wp-content\/uploads\/2019\/06\/logo-egues-escudo.svg","contentUrl":"https:\/\/www.valledeegues.com\/wp-content\/uploads\/2019\/06\/logo-egues-escudo.svg","width":529,"height":125,"caption":"Ayuntamiento Valle de Egues"},"image":{"@id":"https:\/\/www.valledeegues.com\/eu\/#\/schema\/logo\/image\/"},"sameAs":["https:\/\/www.facebook.com\/EguesEguesibar","https:\/\/x.com\/AValledeEgues","https:\/\/www.youtube.com\/channel\/UCUPvmkTy56ZAhGTVrzg4uDQ"]}]}},"_links":{"self":[{"href":"https:\/\/www.valledeegues.com\/eu\/wp-json\/wp\/v2\/pages\/18934","targetHints":{"allow":["GET"]}}],"collection":[{"href":"https:\/\/www.valledeegues.com\/eu\/wp-json\/wp\/v2\/pages"}],"about":[{"href":"https:\/\/www.valledeegues.com\/eu\/wp-json\/wp\/v2\/types\/page"}],"author":[{"embeddable":true,"href":"https:\/\/www.valledeegues.com\/eu\/wp-json\/wp\/v2\/users\/2"}],"replies":[{"embeddable":true,"href":"https:\/\/www.valledeegues.com\/eu\/wp-json\/wp\/v2\/comments?post=18934"}],"version-history":[{"count":14,"href":"https:\/\/www.valledeegues.com\/eu\/wp-json\/wp\/v2\/pages\/18934\/revisions"}],"predecessor-version":[{"id":45523,"href":"https:\/\/www.valledeegues.com\/eu\/wp-json\/wp\/v2\/pages\/18934\/revisions\/45523"}],"up":[{"embeddable":true,"href":"https:\/\/www.valledeegues.com\/eu\/wp-json\/wp\/v2\/pages\/7350"}],"wp:attachment":[{"href":"https:\/\/www.valledeegues.com\/eu\/wp-json\/wp\/v2\/media?parent=18934"}],"curies":[{"name":"wp","href":"https:\/\/api.w.org\/{rel}","templated":true}]}}