{"id":17428,"date":"2020-02-27T15:06:11","date_gmt":"2020-02-27T14:06:11","guid":{"rendered":"https:\/\/www.valledeegues.com\/?page_id=17428"},"modified":"2020-02-27T15:06:11","modified_gmt":"2020-02-27T14:06:11","slug":"pruebas-blog-y-agenda-eusk","status":"publish","type":"page","link":"https:\/\/www.valledeegues.com\/eu\/pruebas-blog-y-agenda-eusk\/","title":{"rendered":"pruebas blog y agenda eusk"},"content":{"rendered":"<p>[vc_row][vc_column][mk_blog style=&#8221;thumbnail&#8221; grid_image_height=&#8221;250&#8243; post_count=&#8221;8&#8243; disable_lazyload=&#8221;true&#8221;][vc_basic_grid post_type=&#8221;tribe_events&#8221; max_items=&#8221;3&#8243; orderby=&#8221;meta_value_num&#8221; order=&#8221;ASC&#8221; item=&#8221;9806&#8243; grid_id=&#8221;vc_gid:1582811945201-79af9b88-0752-7&#8243; meta_key=&#8221;_EventStartDate&#8221;][vc_column_text css=&#8221;.vc_custom_1582812305085{margin-bottom: 0px !important;}&#8221;][tribe_mini_calendar][\/vc_column_text][\/vc_column][\/vc_row]<\/p>\n","protected":false},"excerpt":{"rendered":"<p>[vc_row][vc_column][mk_blog style=&#8221;thumbnail&#8221; grid_image_height=&#8221;250&#8243; post_count=&#8221;8&#8243; disable_lazyload=&#8221;true&#8221;][vc_basic_grid post_type=&#8221;tribe_events&#8221; max_items=&#8221;3&#8243; orderby=&#8221;meta_value_num&#8221; order=&#8221;ASC&#8221; item=&#8221;9806&#8243; grid_id=&#8221;vc_gid:1582811945201-79af9b88-0752-7&#8243; meta_key=&#8221;_EventStartDate&#8221;][vc_column_text css=&#8221;.vc_custom_1582812305085{margin-bottom: 0px !important;}&#8221;][tribe_mini_calendar][\/vc_column_text][\/vc_column][\/vc_row]<\/p>\n","protected":false},"author":2,"featured_media":0,"parent":0,"menu_order":0,"comment_status":"closed","ping_status":"closed","template":"","meta":{"footnotes":""},"class_list":["post-17428","page","type-page","status-publish","hentry"],"yoast_head":"<!-- This site is optimized with the Yoast SEO plugin v27.5 - https:\/\/yoast.com\/product\/yoast-seo-wordpress\/ -->\r\n<title>pruebas blog y agenda eusk - Ayuntamiento Valle de Eg\u00fc\u00e9s | Eguesibarko Udala<\/title>\r\n<meta name=\"robots\" content=\"index, follow, max-snippet:-1, max-image-preview:large, max-video-preview:-1\" \/>\r\n<link rel=\"canonical\" href=\"https:\/\/www.valledeegues.com\/eu\/pruebas-blog-y-agenda-eusk\/\" \/>\r\n<meta property=\"og:locale\" content=\"eu_ES\" \/>\r\n<meta property=\"og:type\" content=\"article\" \/>\r\n<meta property=\"og:title\" content=\"pruebas blog y agenda eusk - Ayuntamiento Valle de Eg\u00fc\u00e9s | Eguesibarko Udala\" \/>\r\n<meta property=\"og:description\" content=\"[vc_row][vc_column][mk_blog style=&#8221;thumbnail&#8221; grid_image_height=&#8221;250&#8243; post_count=&#8221;8&#8243; disable_lazyload=&#8221;true&#8221;][vc_basic_grid post_type=&#8221;tribe_events&#8221; max_items=&#8221;3&#8243; orderby=&#8221;meta_value_num&#8221; order=&#8221;ASC&#8221; item=&#8221;9806&#8243; grid_id=&#8221;vc_gid:1582811945201-79af9b88-0752-7&#8243; meta_key=&#8221;_EventStartDate&#8221;][vc_column_text css=&#8221;.vc_custom_1582812305085{margin-bottom: 0px !important;}&#8221;][tribe_mini_calendar][\/vc_column_text][\/vc_column][\/vc_row]\" \/>\r\n<meta property=\"og:url\" content=\"https:\/\/www.valledeegues.com\/eu\/pruebas-blog-y-agenda-eusk\/\" \/>\r\n<meta property=\"og:site_name\" content=\"Ayuntamiento Valle de Eg\u00fc\u00e9s | Eguesibarko Udala\" \/>\r\n<meta property=\"article:publisher\" content=\"https:\/\/www.facebook.com\/EguesEguesibar\" \/>\r\n<meta name=\"twitter:card\" content=\"summary_large_image\" \/>\r\n<meta name=\"twitter:site\" content=\"@AValledeEgues\" \/>\r\n<script type=\"application\/ld+json\" class=\"yoast-schema-graph\">{\"@context\":\"https:\\\/\\\/schema.org\",\"@graph\":[{\"@type\":\"WebPage\",\"@id\":\"https:\\\/\\\/www.valledeegues.com\\\/eu\\\/pruebas-blog-y-agenda-eusk\\\/\",\"url\":\"https:\\\/\\\/www.valledeegues.com\\\/eu\\\/pruebas-blog-y-agenda-eusk\\\/\",\"name\":\"pruebas blog y agenda eusk - Ayuntamiento Valle de Eg\u00fc\u00e9s | Eguesibarko Udala\",\"isPartOf\":{\"@id\":\"https:\\\/\\\/www.valledeegues.com\\\/eu\\\/#website\"},\"datePublished\":\"2020-02-27T14:06:11+00:00\",\"breadcrumb\":{\"@id\":\"https:\\\/\\\/www.valledeegues.com\\\/eu\\\/pruebas-blog-y-agenda-eusk\\\/#breadcrumb\"},\"inLanguage\":\"eu-ES\",\"potentialAction\":[{\"@type\":\"ReadAction\",\"target\":[\"https:\\\/\\\/www.valledeegues.com\\\/eu\\\/pruebas-blog-y-agenda-eusk\\\/\"]}]},{\"@type\":\"BreadcrumbList\",\"@id\":\"https:\\\/\\\/www.valledeegues.com\\\/eu\\\/pruebas-blog-y-agenda-eusk\\\/#breadcrumb\",\"itemListElement\":[{\"@type\":\"ListItem\",\"position\":1,\"name\":\"Azala\",\"item\":\"https:\\\/\\\/www.valledeegues.com\\\/eu\\\/\"},{\"@type\":\"ListItem\",\"position\":2,\"name\":\"pruebas blog y agenda eusk\"}]},{\"@type\":\"WebSite\",\"@id\":\"https:\\\/\\\/www.valledeegues.com\\\/eu\\\/#website\",\"url\":\"https:\\\/\\\/www.valledeegues.com\\\/eu\\\/\",\"name\":\"Ayuntamiento Valle de Eg\u00fc\u00e9s | Eguesibarko Udala\",\"description\":\"Ayuntamiento Valle de Eg\u00fc\u00e9s | Eguesibarko Udala\",\"publisher\":{\"@id\":\"https:\\\/\\\/www.valledeegues.com\\\/eu\\\/#organization\"},\"potentialAction\":[{\"@type\":\"SearchAction\",\"target\":{\"@type\":\"EntryPoint\",\"urlTemplate\":\"https:\\\/\\\/www.valledeegues.com\\\/eu\\\/?s={search_term_string}\"},\"query-input\":{\"@type\":\"PropertyValueSpecification\",\"valueRequired\":true,\"valueName\":\"search_term_string\"}}],\"inLanguage\":\"eu-ES\"},{\"@type\":\"Organization\",\"@id\":\"https:\\\/\\\/www.valledeegues.com\\\/eu\\\/#organization\",\"name\":\"Ayuntamiento Valle de Egues\",\"url\":\"https:\\\/\\\/www.valledeegues.com\\\/eu\\\/\",\"logo\":{\"@type\":\"ImageObject\",\"inLanguage\":\"eu-ES\",\"@id\":\"https:\\\/\\\/www.valledeegues.com\\\/eu\\\/#\\\/schema\\\/logo\\\/image\\\/\",\"url\":\"https:\\\/\\\/www.valledeegues.com\\\/wp-content\\\/uploads\\\/2019\\\/06\\\/logo-egues-escudo.svg\",\"contentUrl\":\"https:\\\/\\\/www.valledeegues.com\\\/wp-content\\\/uploads\\\/2019\\\/06\\\/logo-egues-escudo.svg\",\"width\":529,\"height\":125,\"caption\":\"Ayuntamiento Valle de Egues\"},\"image\":{\"@id\":\"https:\\\/\\\/www.valledeegues.com\\\/eu\\\/#\\\/schema\\\/logo\\\/image\\\/\"},\"sameAs\":[\"https:\\\/\\\/www.facebook.com\\\/EguesEguesibar\",\"https:\\\/\\\/x.com\\\/AValledeEgues\",\"https:\\\/\\\/www.youtube.com\\\/channel\\\/UCUPvmkTy56ZAhGTVrzg4uDQ\"]}]}<\/script>\r\n<!-- \/ Yoast SEO plugin. -->","yoast_head_json":{"title":"pruebas blog y agenda eusk - Ayuntamiento Valle de Eg\u00fc\u00e9s | Eguesibarko Udala","robots":{"index":"index","follow":"follow","max-snippet":"max-snippet:-1","max-image-preview":"max-image-preview:large","max-video-preview":"max-video-preview:-1"},"canonical":"https:\/\/www.valledeegues.com\/eu\/pruebas-blog-y-agenda-eusk\/","og_locale":"eu_ES","og_type":"article","og_title":"pruebas blog y agenda eusk - Ayuntamiento Valle de Eg\u00fc\u00e9s | Eguesibarko Udala","og_description":"[vc_row][vc_column][mk_blog style=&#8221;thumbnail&#8221; grid_image_height=&#8221;250&#8243; post_count=&#8221;8&#8243; disable_lazyload=&#8221;true&#8221;][vc_basic_grid post_type=&#8221;tribe_events&#8221; max_items=&#8221;3&#8243; orderby=&#8221;meta_value_num&#8221; order=&#8221;ASC&#8221; item=&#8221;9806&#8243; grid_id=&#8221;vc_gid:1582811945201-79af9b88-0752-7&#8243; meta_key=&#8221;_EventStartDate&#8221;][vc_column_text css=&#8221;.vc_custom_1582812305085{margin-bottom: 0px !important;}&#8221;][tribe_mini_calendar][\/vc_column_text][\/vc_column][\/vc_row]","og_url":"https:\/\/www.valledeegues.com\/eu\/pruebas-blog-y-agenda-eusk\/","og_site_name":"Ayuntamiento Valle de Eg\u00fc\u00e9s | Eguesibarko Udala","article_publisher":"https:\/\/www.facebook.com\/EguesEguesibar","twitter_card":"summary_large_image","twitter_site":"@AValledeEgues","schema":{"@context":"https:\/\/schema.org","@graph":[{"@type":"WebPage","@id":"https:\/\/www.valledeegues.com\/eu\/pruebas-blog-y-agenda-eusk\/","url":"https:\/\/www.valledeegues.com\/eu\/pruebas-blog-y-agenda-eusk\/","name":"pruebas blog y agenda eusk - Ayuntamiento Valle de Eg\u00fc\u00e9s | Eguesibarko Udala","isPartOf":{"@id":"https:\/\/www.valledeegues.com\/eu\/#website"},"datePublished":"2020-02-27T14:06:11+00:00","breadcrumb":{"@id":"https:\/\/www.valledeegues.com\/eu\/pruebas-blog-y-agenda-eusk\/#breadcrumb"},"inLanguage":"eu-ES","potentialAction":[{"@type":"ReadAction","target":["https:\/\/www.valledeegues.com\/eu\/pruebas-blog-y-agenda-eusk\/"]}]},{"@type":"BreadcrumbList","@id":"https:\/\/www.valledeegues.com\/eu\/pruebas-blog-y-agenda-eusk\/#breadcrumb","itemListElement":[{"@type":"ListItem","position":1,"name":"Azala","item":"https:\/\/www.valledeegues.com\/eu\/"},{"@type":"ListItem","position":2,"name":"pruebas blog y agenda eusk"}]},{"@type":"WebSite","@id":"https:\/\/www.valledeegues.com\/eu\/#website","url":"https:\/\/www.valledeegues.com\/eu\/","name":"Ayuntamiento Valle de Eg\u00fc\u00e9s | Eguesibarko Udala","description":"Ayuntamiento Valle de Eg\u00fc\u00e9s | Eguesibarko Udala","publisher":{"@id":"https:\/\/www.valledeegues.com\/eu\/#organization"},"potentialAction":[{"@type":"SearchAction","target":{"@type":"EntryPoint","urlTemplate":"https:\/\/www.valledeegues.com\/eu\/?s={search_term_string}"},"query-input":{"@type":"PropertyValueSpecification","valueRequired":true,"valueName":"search_term_string"}}],"inLanguage":"eu-ES"},{"@type":"Organization","@id":"https:\/\/www.valledeegues.com\/eu\/#organization","name":"Ayuntamiento Valle de Egues","url":"https:\/\/www.valledeegues.com\/eu\/","logo":{"@type":"ImageObject","inLanguage":"eu-ES","@id":"https:\/\/www.valledeegues.com\/eu\/#\/schema\/logo\/image\/","url":"https:\/\/www.valledeegues.com\/wp-content\/uploads\/2019\/06\/logo-egues-escudo.svg","contentUrl":"https:\/\/www.valledeegues.com\/wp-content\/uploads\/2019\/06\/logo-egues-escudo.svg","width":529,"height":125,"caption":"Ayuntamiento Valle de Egues"},"image":{"@id":"https:\/\/www.valledeegues.com\/eu\/#\/schema\/logo\/image\/"},"sameAs":["https:\/\/www.facebook.com\/EguesEguesibar","https:\/\/x.com\/AValledeEgues","https:\/\/www.youtube.com\/channel\/UCUPvmkTy56ZAhGTVrzg4uDQ"]}]}},"_links":{"self":[{"href":"https:\/\/www.valledeegues.com\/eu\/wp-json\/wp\/v2\/pages\/17428","targetHints":{"allow":["GET"]}}],"collection":[{"href":"https:\/\/www.valledeegues.com\/eu\/wp-json\/wp\/v2\/pages"}],"about":[{"href":"https:\/\/www.valledeegues.com\/eu\/wp-json\/wp\/v2\/types\/page"}],"author":[{"embeddable":true,"href":"https:\/\/www.valledeegues.com\/eu\/wp-json\/wp\/v2\/users\/2"}],"replies":[{"embeddable":true,"href":"https:\/\/www.valledeegues.com\/eu\/wp-json\/wp\/v2\/comments?post=17428"}],"version-history":[{"count":2,"href":"https:\/\/www.valledeegues.com\/eu\/wp-json\/wp\/v2\/pages\/17428\/revisions"}],"predecessor-version":[{"id":17431,"href":"https:\/\/www.valledeegues.com\/eu\/wp-json\/wp\/v2\/pages\/17428\/revisions\/17431"}],"wp:attachment":[{"href":"https:\/\/www.valledeegues.com\/eu\/wp-json\/wp\/v2\/media?parent=17428"}],"curies":[{"name":"wp","href":"https:\/\/api.w.org\/{rel}","templated":true}]}}