{"id":17409,"date":"2019-08-28T17:02:06","date_gmt":"2019-08-28T15:02:06","guid":{"rendered":"https:\/\/www.valledeegues.com\/antolakuntza-politikoa\/saludo-de-la-alcaldesa\/"},"modified":"2026-03-13T14:23:20","modified_gmt":"2026-03-13T13:23:20","slug":"alkatearen-agurra","status":"publish","type":"page","link":"https:\/\/www.valledeegues.com\/eu\/udala\/antolakuntza-politikoa\/alkatearen-agurra\/","title":{"rendered":"Alkatearen agurra"},"content":{"rendered":"<?xml encoding=\"utf-8\" ?><p><a href=\"wp-content\/uploads\/2023\/06\/xurine-penas-scaled.jpg\" class=\"doc-link doc-jpg doc-group-image\"><img loading=\"lazy\" decoding=\"async\" class=\"wp-image-31391 alignright\" src=\"wp-content\/uploads\/2023\/06\/xurine-penas-scaled-1024x786.jpg\" alt=\"Xurine Penas\" width=\"500\" height=\"384\" srcset=\"https:\/\/www.valledeegues.com\/wp-content\/uploads\/2023\/06\/xurine-penas-scaled-1024x786.jpg 1024w, https:\/\/www.valledeegues.com\/wp-content\/uploads\/2023\/06\/xurine-penas-scaled-300x230.jpg 300w, https:\/\/www.valledeegues.com\/wp-content\/uploads\/2023\/06\/xurine-penas-768x590.jpg 768w, https:\/\/www.valledeegues.com\/wp-content\/uploads\/2023\/06\/xurine-penas-1536x1179.jpg 1536w, https:\/\/www.valledeegues.com\/wp-content\/uploads\/2023\/06\/xurine-penas-2048x1573.jpg 2048w, https:\/\/www.valledeegues.com\/wp-content\/uploads\/2023\/06\/xurine-penas-scaled-1320x1014.jpg 1320w\" sizes=\"auto, (max-width: 500px) 100vw, 500px\"><\/a>Lerro hauen bidez, Eguesibarko auzotar guztiak agurtu nahi ditut, ohore handiz alkate naizen aldetik. Era berean, ongietorria ematen diet lehen aldiz bisitatzen gaituzten pertsonei.<\/p><p>Udalbatzak interes orokorraren alde jardun nahi du, udalerriko biztanleen bizi-baldintzak hobetzeko konpromiso serio eta erabakikorrarekin, gure herritarren bizi-kalitatearen hobekuntza iraunkorra bermatuko duten beharrezko zerbitzu, azpiegitura eta zuzkidura publikoak sortuz.<\/p><p>Kontuan izanik informazioaren eta teknologia berrien gizartean murgilduta gaudela, administrazio publikoa garen aldetik, gure eginbeharra da bizilagunei udalarekin arin, erraz eta eraginkortasunez komunikatzeko beharrezko tresnak ematea, aldi berean, interes publikoko udal-kudeaketarekin zerikusia duen guztiaren berri izan dezaten.<\/p><p>Beraz, webgune hau gure udalerria ezagutu nahi duen, edozein izapide, deialdi edo udal-jardueratan interesa duen edonorentzat erabilgarria izango dela sinetsita, web-orrian nabigatzera animatzen zaituztet, bai eta komunikazio-tresna honen bidez udal-bizitzan parte hartzera ere. Horri esker, zuen kezkak, kexak, iradokizunak eta hobekuntza-eskaerak lehen eskutik jakin ahal izango ditugu, eta horiek guztiak gure egingo ditugu konponbide azkarrak bilatzeko.<\/p><p>Laburbilduz, gure asmoa zerbitzu publikoen hobekuntza sustatzea eta Eguesibarko herritarrak Udalaren funtzionamenduarekin benetan pozik egotea da.<\/p><p>Azkenik, atal honetatik, eskerrak eman nahi dizkiet webgune honen erabiltzaile guztiei, Udalaren eta nire izenean.<\/p><p>Zuen esanetara naukazue legealdi berri honetan, proposatutako helburuak ilusioz lan eginez lortzeko.<\/p><p><strong><em><span lang=\"ES\">Xuri&ntilde;e Pe&ntilde;as, Eguesibarko Udaleko alkatea<\/span><\/em><\/strong><\/p><p style=\"text-align: center;\"><a class=\"enlace_but\" href=\"\/eu\/udal-leihatila\/alkateak-erantzuten-du\/\">ALKATEAK ERANTZUTEN DU<\/a><\/p>\n","protected":false},"excerpt":{"rendered":"<p>Lerro hauen bidez, Eguesibarko auzotar guztiak agurtu nahi ditut, ohore handiz alkate naizen aldetik. Era berean, ongietorria ematen diet lehen aldiz bisitatzen gaituzten pertsonei.Udalbatzak interes orokorraren alde jardun nahi du, udalerriko biztanleen bizi-baldintzak hobetzeko konpromiso serio eta erabakikorrarekin, gure herritarren bizi-kalitatearen hobekuntza iraunkorra bermatuko duten beharrezko zerbitzu, azpiegitura eta zuzkidura publikoak sortuz.Kontuan izanik informazioaren eta [&hellip;]<\/p>\n","protected":false},"author":2,"featured_media":0,"parent":45118,"menu_order":0,"comment_status":"closed","ping_status":"closed","template":"templates\/PLANTILLA ANCHO COMPLETO.php","meta":{"footnotes":""},"class_list":["post-17409","page","type-page","status-publish","hentry"],"yoast_head":"<!-- This site is optimized with the Yoast SEO plugin v27.5 - https:\/\/yoast.com\/product\/yoast-seo-wordpress\/ -->\r\n<title>Alkatearen agurra - Ayuntamiento Valle de Eg\u00fc\u00e9s | Eguesibarko Udala<\/title>\r\n<meta name=\"robots\" content=\"index, follow, max-snippet:-1, max-image-preview:large, max-video-preview:-1\" \/>\r\n<link rel=\"canonical\" href=\"https:\/\/www.valledeegues.com\/eu\/udala\/antolakuntza-politikoa\/alkatearen-agurra\/\" \/>\r\n<meta property=\"og:locale\" content=\"eu_ES\" \/>\r\n<meta property=\"og:type\" content=\"article\" \/>\r\n<meta property=\"og:title\" content=\"Alkatearen agurra - Ayuntamiento Valle de Eg\u00fc\u00e9s | Eguesibarko Udala\" \/>\r\n<meta property=\"og:description\" content=\"Lerro hauen bidez, Eguesibarko auzotar guztiak agurtu nahi ditut, ohore handiz alkate naizen aldetik. Era berean, ongietorria ematen diet lehen aldiz bisitatzen gaituzten pertsonei.Udalbatzak interes orokorraren alde jardun nahi du, udalerriko biztanleen bizi-baldintzak hobetzeko konpromiso serio eta erabakikorrarekin, gure herritarren bizi-kalitatearen hobekuntza iraunkorra bermatuko duten beharrezko zerbitzu, azpiegitura eta zuzkidura publikoak sortuz.Kontuan izanik informazioaren eta [&hellip;]\" \/>\r\n<meta property=\"og:url\" content=\"https:\/\/www.valledeegues.com\/eu\/udala\/antolakuntza-politikoa\/alkatearen-agurra\/\" \/>\r\n<meta property=\"og:site_name\" content=\"Ayuntamiento Valle de Eg\u00fc\u00e9s | Eguesibarko Udala\" \/>\r\n<meta property=\"article:publisher\" content=\"https:\/\/www.facebook.com\/EguesEguesibar\" \/>\r\n<meta property=\"article:modified_time\" content=\"2026-03-13T13:23:20+00:00\" \/>\r\n<meta name=\"twitter:card\" content=\"summary_large_image\" \/>\r\n<meta name=\"twitter:site\" content=\"@AValledeEgues\" \/>\r\n<meta name=\"twitter:label1\" content=\"Est. reading time\" \/>\n\t<meta name=\"twitter:data1\" content=\"2 minutes\" \/>\r\n<script type=\"application\/ld+json\" class=\"yoast-schema-graph\">{\"@context\":\"https:\\\/\\\/schema.org\",\"@graph\":[{\"@type\":\"WebPage\",\"@id\":\"https:\\\/\\\/www.valledeegues.com\\\/eu\\\/udala\\\/antolakuntza-politikoa\\\/alkatearen-agurra\\\/\",\"url\":\"https:\\\/\\\/www.valledeegues.com\\\/eu\\\/udala\\\/antolakuntza-politikoa\\\/alkatearen-agurra\\\/\",\"name\":\"Alkatearen agurra - Ayuntamiento Valle de Eg\u00fc\u00e9s | Eguesibarko Udala\",\"isPartOf\":{\"@id\":\"https:\\\/\\\/www.valledeegues.com\\\/eu\\\/#website\"},\"datePublished\":\"2019-08-28T15:02:06+00:00\",\"dateModified\":\"2026-03-13T13:23:20+00:00\",\"breadcrumb\":{\"@id\":\"https:\\\/\\\/www.valledeegues.com\\\/eu\\\/udala\\\/antolakuntza-politikoa\\\/alkatearen-agurra\\\/#breadcrumb\"},\"inLanguage\":\"eu-ES\",\"potentialAction\":[{\"@type\":\"ReadAction\",\"target\":[\"https:\\\/\\\/www.valledeegues.com\\\/eu\\\/udala\\\/antolakuntza-politikoa\\\/alkatearen-agurra\\\/\"]}]},{\"@type\":\"BreadcrumbList\",\"@id\":\"https:\\\/\\\/www.valledeegues.com\\\/eu\\\/udala\\\/antolakuntza-politikoa\\\/alkatearen-agurra\\\/#breadcrumb\",\"itemListElement\":[{\"@type\":\"ListItem\",\"position\":1,\"name\":\"Azala\",\"item\":\"https:\\\/\\\/www.valledeegues.com\\\/eu\\\/\"},{\"@type\":\"ListItem\",\"position\":2,\"name\":\"Antolakuntza Politikoa\",\"item\":\"https:\\\/\\\/www.valledeegues.com\\\/eu\\\/antolakuntza-politikoa\\\/\"},{\"@type\":\"ListItem\",\"position\":3,\"name\":\"Alkatearen agurra\"}]},{\"@type\":\"WebSite\",\"@id\":\"https:\\\/\\\/www.valledeegues.com\\\/eu\\\/#website\",\"url\":\"https:\\\/\\\/www.valledeegues.com\\\/eu\\\/\",\"name\":\"Ayuntamiento Valle de Eg\u00fc\u00e9s | Eguesibarko Udala\",\"description\":\"Ayuntamiento Valle de Eg\u00fc\u00e9s | Eguesibarko Udala\",\"publisher\":{\"@id\":\"https:\\\/\\\/www.valledeegues.com\\\/eu\\\/#organization\"},\"potentialAction\":[{\"@type\":\"SearchAction\",\"target\":{\"@type\":\"EntryPoint\",\"urlTemplate\":\"https:\\\/\\\/www.valledeegues.com\\\/eu\\\/?s={search_term_string}\"},\"query-input\":{\"@type\":\"PropertyValueSpecification\",\"valueRequired\":true,\"valueName\":\"search_term_string\"}}],\"inLanguage\":\"eu-ES\"},{\"@type\":\"Organization\",\"@id\":\"https:\\\/\\\/www.valledeegues.com\\\/eu\\\/#organization\",\"name\":\"Ayuntamiento Valle de Egues\",\"url\":\"https:\\\/\\\/www.valledeegues.com\\\/eu\\\/\",\"logo\":{\"@type\":\"ImageObject\",\"inLanguage\":\"eu-ES\",\"@id\":\"https:\\\/\\\/www.valledeegues.com\\\/eu\\\/#\\\/schema\\\/logo\\\/image\\\/\",\"url\":\"https:\\\/\\\/www.valledeegues.com\\\/wp-content\\\/uploads\\\/2019\\\/06\\\/logo-egues-escudo.svg\",\"contentUrl\":\"https:\\\/\\\/www.valledeegues.com\\\/wp-content\\\/uploads\\\/2019\\\/06\\\/logo-egues-escudo.svg\",\"width\":529,\"height\":125,\"caption\":\"Ayuntamiento Valle de Egues\"},\"image\":{\"@id\":\"https:\\\/\\\/www.valledeegues.com\\\/eu\\\/#\\\/schema\\\/logo\\\/image\\\/\"},\"sameAs\":[\"https:\\\/\\\/www.facebook.com\\\/EguesEguesibar\",\"https:\\\/\\\/x.com\\\/AValledeEgues\",\"https:\\\/\\\/www.youtube.com\\\/channel\\\/UCUPvmkTy56ZAhGTVrzg4uDQ\"]}]}<\/script>\r\n<!-- \/ Yoast SEO plugin. -->","yoast_head_json":{"title":"Alkatearen agurra - Ayuntamiento Valle de Eg\u00fc\u00e9s | Eguesibarko Udala","robots":{"index":"index","follow":"follow","max-snippet":"max-snippet:-1","max-image-preview":"max-image-preview:large","max-video-preview":"max-video-preview:-1"},"canonical":"https:\/\/www.valledeegues.com\/eu\/udala\/antolakuntza-politikoa\/alkatearen-agurra\/","og_locale":"eu_ES","og_type":"article","og_title":"Alkatearen agurra - Ayuntamiento Valle de Eg\u00fc\u00e9s | Eguesibarko Udala","og_description":"Lerro hauen bidez, Eguesibarko auzotar guztiak agurtu nahi ditut, ohore handiz alkate naizen aldetik. Era berean, ongietorria ematen diet lehen aldiz bisitatzen gaituzten pertsonei.Udalbatzak interes orokorraren alde jardun nahi du, udalerriko biztanleen bizi-baldintzak hobetzeko konpromiso serio eta erabakikorrarekin, gure herritarren bizi-kalitatearen hobekuntza iraunkorra bermatuko duten beharrezko zerbitzu, azpiegitura eta zuzkidura publikoak sortuz.Kontuan izanik informazioaren eta [&hellip;]","og_url":"https:\/\/www.valledeegues.com\/eu\/udala\/antolakuntza-politikoa\/alkatearen-agurra\/","og_site_name":"Ayuntamiento Valle de Eg\u00fc\u00e9s | Eguesibarko Udala","article_publisher":"https:\/\/www.facebook.com\/EguesEguesibar","article_modified_time":"2026-03-13T13:23:20+00:00","twitter_card":"summary_large_image","twitter_site":"@AValledeEgues","twitter_misc":{"Est. reading time":"2 minutes"},"schema":{"@context":"https:\/\/schema.org","@graph":[{"@type":"WebPage","@id":"https:\/\/www.valledeegues.com\/eu\/udala\/antolakuntza-politikoa\/alkatearen-agurra\/","url":"https:\/\/www.valledeegues.com\/eu\/udala\/antolakuntza-politikoa\/alkatearen-agurra\/","name":"Alkatearen agurra - Ayuntamiento Valle de Eg\u00fc\u00e9s | Eguesibarko Udala","isPartOf":{"@id":"https:\/\/www.valledeegues.com\/eu\/#website"},"datePublished":"2019-08-28T15:02:06+00:00","dateModified":"2026-03-13T13:23:20+00:00","breadcrumb":{"@id":"https:\/\/www.valledeegues.com\/eu\/udala\/antolakuntza-politikoa\/alkatearen-agurra\/#breadcrumb"},"inLanguage":"eu-ES","potentialAction":[{"@type":"ReadAction","target":["https:\/\/www.valledeegues.com\/eu\/udala\/antolakuntza-politikoa\/alkatearen-agurra\/"]}]},{"@type":"BreadcrumbList","@id":"https:\/\/www.valledeegues.com\/eu\/udala\/antolakuntza-politikoa\/alkatearen-agurra\/#breadcrumb","itemListElement":[{"@type":"ListItem","position":1,"name":"Azala","item":"https:\/\/www.valledeegues.com\/eu\/"},{"@type":"ListItem","position":2,"name":"Antolakuntza Politikoa","item":"https:\/\/www.valledeegues.com\/eu\/antolakuntza-politikoa\/"},{"@type":"ListItem","position":3,"name":"Alkatearen agurra"}]},{"@type":"WebSite","@id":"https:\/\/www.valledeegues.com\/eu\/#website","url":"https:\/\/www.valledeegues.com\/eu\/","name":"Ayuntamiento Valle de Eg\u00fc\u00e9s | Eguesibarko Udala","description":"Ayuntamiento Valle de Eg\u00fc\u00e9s | Eguesibarko Udala","publisher":{"@id":"https:\/\/www.valledeegues.com\/eu\/#organization"},"potentialAction":[{"@type":"SearchAction","target":{"@type":"EntryPoint","urlTemplate":"https:\/\/www.valledeegues.com\/eu\/?s={search_term_string}"},"query-input":{"@type":"PropertyValueSpecification","valueRequired":true,"valueName":"search_term_string"}}],"inLanguage":"eu-ES"},{"@type":"Organization","@id":"https:\/\/www.valledeegues.com\/eu\/#organization","name":"Ayuntamiento Valle de Egues","url":"https:\/\/www.valledeegues.com\/eu\/","logo":{"@type":"ImageObject","inLanguage":"eu-ES","@id":"https:\/\/www.valledeegues.com\/eu\/#\/schema\/logo\/image\/","url":"https:\/\/www.valledeegues.com\/wp-content\/uploads\/2019\/06\/logo-egues-escudo.svg","contentUrl":"https:\/\/www.valledeegues.com\/wp-content\/uploads\/2019\/06\/logo-egues-escudo.svg","width":529,"height":125,"caption":"Ayuntamiento Valle de Egues"},"image":{"@id":"https:\/\/www.valledeegues.com\/eu\/#\/schema\/logo\/image\/"},"sameAs":["https:\/\/www.facebook.com\/EguesEguesibar","https:\/\/x.com\/AValledeEgues","https:\/\/www.youtube.com\/channel\/UCUPvmkTy56ZAhGTVrzg4uDQ"]}]}},"_links":{"self":[{"href":"https:\/\/www.valledeegues.com\/eu\/wp-json\/wp\/v2\/pages\/17409","targetHints":{"allow":["GET"]}}],"collection":[{"href":"https:\/\/www.valledeegues.com\/eu\/wp-json\/wp\/v2\/pages"}],"about":[{"href":"https:\/\/www.valledeegues.com\/eu\/wp-json\/wp\/v2\/types\/page"}],"author":[{"embeddable":true,"href":"https:\/\/www.valledeegues.com\/eu\/wp-json\/wp\/v2\/users\/2"}],"replies":[{"embeddable":true,"href":"https:\/\/www.valledeegues.com\/eu\/wp-json\/wp\/v2\/comments?post=17409"}],"version-history":[{"count":9,"href":"https:\/\/www.valledeegues.com\/eu\/wp-json\/wp\/v2\/pages\/17409\/revisions"}],"predecessor-version":[{"id":45103,"href":"https:\/\/www.valledeegues.com\/eu\/wp-json\/wp\/v2\/pages\/17409\/revisions\/45103"}],"up":[{"embeddable":true,"href":"https:\/\/www.valledeegues.com\/eu\/wp-json\/wp\/v2\/pages\/45118"}],"wp:attachment":[{"href":"https:\/\/www.valledeegues.com\/eu\/wp-json\/wp\/v2\/media?parent=17409"}],"curies":[{"name":"wp","href":"https:\/\/api.w.org\/{rel}","templated":true}]}}