{"id":10041,"date":"2018-09-25T12:33:21","date_gmt":"2018-09-25T10:33:21","guid":{"rendered":"https:\/\/www.valledeegues.com\/recurso_turistico_cp\/itinerario-11-conexion-con-el-parque-fluvial-del-arga\/"},"modified":"2026-04-22T00:27:53","modified_gmt":"2026-04-21T22:27:53","slug":"11-ibilbidea-lotura-argaren-ibai-parkearekin","status":"publish","type":"page","link":"https:\/\/www.valledeegues.com\/eu\/11-ibilbidea-lotura-argaren-ibai-parkearekin\/","title":{"rendered":"11. IBILBIDEA: LOTURA ARGAREN IBAI PARKEAREKIN"},"content":{"rendered":"<?xml encoding=\"utf-8\" ?><p><a href=\"wp-content\/uploads\/2018\/09\/itinerario-11-egues.jpg\" class=\"doc-link doc-jpg doc-group-image\"><img loading=\"lazy\" decoding=\"async\" class=\"aligncenter size-full wp-image-4258\" src=\"wp-content\/uploads\/2018\/09\/itinerario-11-egues.jpg\" alt=\"itinerario-11-egues\" width=\"900\" height=\"900\" srcset=\"https:\/\/www.valledeegues.com\/wp-content\/uploads\/2018\/09\/itinerario-11-egues.jpg 900w, https:\/\/www.valledeegues.com\/wp-content\/uploads\/2018\/09\/itinerario-11-egues-300x300.jpg 300w, https:\/\/www.valledeegues.com\/wp-content\/uploads\/2018\/09\/itinerario-11-egues-768x768.jpg 768w, https:\/\/www.valledeegues.com\/wp-content\/uploads\/2018\/09\/itinerario-11-egues-1024x1024.jpg 1024w, https:\/\/www.valledeegues.com\/wp-content\/uploads\/2018\/09\/itinerario-11-egues-1320x1320.jpg 1320w\" sizes=\"auto, (max-width: 900px) 100vw, 900px\"><\/a><\/p><ul>\n<li><strong>Luzera:<\/strong> 0,9 kilometro.<\/li>\n<li><strong>Desnibela:<\/strong> 20 metro.<\/li>\n<li><strong>Denbora:<\/strong> 0,5 ordu.<\/li>\n<li><strong>Zailtasuna:<\/strong> Erraza.<\/li>\n<li><strong>Elementu interesgarriak:<\/strong> Olazko San Pedro eliza.<\/li>\n<\/ul><p>Olaz herritik abiatu eta Ibai Parkera iristen da, Uharten.<\/p><p>Ibilbidean zehar, Argaren ibai-ekosistema ezagutzeko aukera dago, baita hari lotutako erabilera tradizionalak ere, hala nola baratzeak, gehienak autokontsumorako.<\/p><p>Olaztik bertatik, San Pedroko aldapatik jaisten da El Sotoko baratzeetara. Iparralderantz jarraituz, lurrezko bide batetik ibaira hurbiltzen da, eta pixka bat ekialderantz eta ondoren iparralderantz eginez (El Chopar parajean barna), ibaiaren ibilgura iristen da.<\/p>\n","protected":false},"excerpt":{"rendered":"<p>Luzera: 0,9 kilometro. Desnibela: 20 metro. Denbora: 0,5 ordu. Zailtasuna: Erraza. Elementu interesgarriak: Olazko San Pedro eliza. Olaz herritik abiatu eta Ibai Parkera iristen da, Uharten.Ibilbidean zehar, Argaren ibai-ekosistema ezagutzeko aukera dago, baita hari lotutako erabilera tradizionalak ere, hala nola baratzeak, gehienak autokontsumorako.Olaztik bertatik, San Pedroko aldapatik jaisten da El Sotoko baratzeetara. Iparralderantz jarraituz, lurrezko [&hellip;]<\/p>\n","protected":false},"author":2,"featured_media":0,"parent":0,"menu_order":0,"comment_status":"closed","ping_status":"closed","template":"","meta":{"footnotes":""},"class_list":["post-10041","page","type-page","status-publish","hentry"],"yoast_head":"<!-- This site is optimized with the Yoast SEO plugin v27.5 - https:\/\/yoast.com\/product\/yoast-seo-wordpress\/ -->\r\n<title>11. IBILBIDEA: LOTURA ARGAREN IBAI PARKEAREKIN - Ayuntamiento Valle de Eg\u00fc\u00e9s | Eguesibarko Udala<\/title>\r\n<meta name=\"robots\" content=\"index, follow, max-snippet:-1, max-image-preview:large, max-video-preview:-1\" \/>\r\n<link rel=\"canonical\" href=\"https:\/\/www.valledeegues.com\/eu\/11-ibilbidea-lotura-argaren-ibai-parkearekin\/\" \/>\r\n<meta property=\"og:locale\" content=\"eu_ES\" \/>\r\n<meta property=\"og:type\" content=\"article\" \/>\r\n<meta property=\"og:title\" content=\"11. IBILBIDEA: LOTURA ARGAREN IBAI PARKEAREKIN - Ayuntamiento Valle de Eg\u00fc\u00e9s | Eguesibarko Udala\" \/>\r\n<meta property=\"og:description\" content=\"Luzera: 0,9 kilometro. Desnibela: 20 metro. Denbora: 0,5 ordu. Zailtasuna: Erraza. Elementu interesgarriak: Olazko San Pedro eliza. Olaz herritik abiatu eta Ibai Parkera iristen da, Uharten.Ibilbidean zehar, Argaren ibai-ekosistema ezagutzeko aukera dago, baita hari lotutako erabilera tradizionalak ere, hala nola baratzeak, gehienak autokontsumorako.Olaztik bertatik, San Pedroko aldapatik jaisten da El Sotoko baratzeetara. Iparralderantz jarraituz, lurrezko [&hellip;]\" \/>\r\n<meta property=\"og:url\" content=\"https:\/\/www.valledeegues.com\/eu\/11-ibilbidea-lotura-argaren-ibai-parkearekin\/\" \/>\r\n<meta property=\"og:site_name\" content=\"Ayuntamiento Valle de Eg\u00fc\u00e9s | Eguesibarko Udala\" \/>\r\n<meta property=\"article:publisher\" content=\"https:\/\/www.facebook.com\/EguesEguesibar\" \/>\r\n<meta property=\"article:modified_time\" content=\"2026-04-21T22:27:53+00:00\" \/>\r\n<meta name=\"twitter:card\" content=\"summary_large_image\" \/>\r\n<meta name=\"twitter:site\" content=\"@AValledeEgues\" \/>\r\n<script type=\"application\/ld+json\" class=\"yoast-schema-graph\">{\"@context\":\"https:\\\/\\\/schema.org\",\"@graph\":[{\"@type\":\"WebPage\",\"@id\":\"https:\\\/\\\/www.valledeegues.com\\\/eu\\\/11-ibilbidea-lotura-argaren-ibai-parkearekin\\\/\",\"url\":\"https:\\\/\\\/www.valledeegues.com\\\/eu\\\/11-ibilbidea-lotura-argaren-ibai-parkearekin\\\/\",\"name\":\"11. IBILBIDEA: LOTURA ARGAREN IBAI PARKEAREKIN - Ayuntamiento Valle de Eg\u00fc\u00e9s | Eguesibarko Udala\",\"isPartOf\":{\"@id\":\"https:\\\/\\\/www.valledeegues.com\\\/eu\\\/#website\"},\"datePublished\":\"2018-09-25T10:33:21+00:00\",\"dateModified\":\"2026-04-21T22:27:53+00:00\",\"breadcrumb\":{\"@id\":\"https:\\\/\\\/www.valledeegues.com\\\/eu\\\/11-ibilbidea-lotura-argaren-ibai-parkearekin\\\/#breadcrumb\"},\"inLanguage\":\"eu-ES\",\"potentialAction\":[{\"@type\":\"ReadAction\",\"target\":[\"https:\\\/\\\/www.valledeegues.com\\\/eu\\\/11-ibilbidea-lotura-argaren-ibai-parkearekin\\\/\"]}]},{\"@type\":\"BreadcrumbList\",\"@id\":\"https:\\\/\\\/www.valledeegues.com\\\/eu\\\/11-ibilbidea-lotura-argaren-ibai-parkearekin\\\/#breadcrumb\",\"itemListElement\":[{\"@type\":\"ListItem\",\"position\":1,\"name\":\"Azala\",\"item\":\"https:\\\/\\\/www.valledeegues.com\\\/eu\\\/\"},{\"@type\":\"ListItem\",\"position\":2,\"name\":\"11. IBILBIDEA: LOTURA ARGAREN IBAI PARKEAREKIN\"}]},{\"@type\":\"WebSite\",\"@id\":\"https:\\\/\\\/www.valledeegues.com\\\/eu\\\/#website\",\"url\":\"https:\\\/\\\/www.valledeegues.com\\\/eu\\\/\",\"name\":\"Ayuntamiento Valle de Eg\u00fc\u00e9s | Eguesibarko Udala\",\"description\":\"Ayuntamiento Valle de Eg\u00fc\u00e9s | Eguesibarko Udala\",\"publisher\":{\"@id\":\"https:\\\/\\\/www.valledeegues.com\\\/eu\\\/#organization\"},\"potentialAction\":[{\"@type\":\"SearchAction\",\"target\":{\"@type\":\"EntryPoint\",\"urlTemplate\":\"https:\\\/\\\/www.valledeegues.com\\\/eu\\\/?s={search_term_string}\"},\"query-input\":{\"@type\":\"PropertyValueSpecification\",\"valueRequired\":true,\"valueName\":\"search_term_string\"}}],\"inLanguage\":\"eu-ES\"},{\"@type\":\"Organization\",\"@id\":\"https:\\\/\\\/www.valledeegues.com\\\/eu\\\/#organization\",\"name\":\"Ayuntamiento Valle de Egues\",\"url\":\"https:\\\/\\\/www.valledeegues.com\\\/eu\\\/\",\"logo\":{\"@type\":\"ImageObject\",\"inLanguage\":\"eu-ES\",\"@id\":\"https:\\\/\\\/www.valledeegues.com\\\/eu\\\/#\\\/schema\\\/logo\\\/image\\\/\",\"url\":\"https:\\\/\\\/www.valledeegues.com\\\/wp-content\\\/uploads\\\/2019\\\/06\\\/logo-egues-escudo.svg\",\"contentUrl\":\"https:\\\/\\\/www.valledeegues.com\\\/wp-content\\\/uploads\\\/2019\\\/06\\\/logo-egues-escudo.svg\",\"width\":529,\"height\":125,\"caption\":\"Ayuntamiento Valle de Egues\"},\"image\":{\"@id\":\"https:\\\/\\\/www.valledeegues.com\\\/eu\\\/#\\\/schema\\\/logo\\\/image\\\/\"},\"sameAs\":[\"https:\\\/\\\/www.facebook.com\\\/EguesEguesibar\",\"https:\\\/\\\/x.com\\\/AValledeEgues\",\"https:\\\/\\\/www.youtube.com\\\/channel\\\/UCUPvmkTy56ZAhGTVrzg4uDQ\"]}]}<\/script>\r\n<!-- \/ Yoast SEO plugin. -->","yoast_head_json":{"title":"11. IBILBIDEA: LOTURA ARGAREN IBAI PARKEAREKIN - Ayuntamiento Valle de Eg\u00fc\u00e9s | Eguesibarko Udala","robots":{"index":"index","follow":"follow","max-snippet":"max-snippet:-1","max-image-preview":"max-image-preview:large","max-video-preview":"max-video-preview:-1"},"canonical":"https:\/\/www.valledeegues.com\/eu\/11-ibilbidea-lotura-argaren-ibai-parkearekin\/","og_locale":"eu_ES","og_type":"article","og_title":"11. IBILBIDEA: LOTURA ARGAREN IBAI PARKEAREKIN - Ayuntamiento Valle de Eg\u00fc\u00e9s | Eguesibarko Udala","og_description":"Luzera: 0,9 kilometro. Desnibela: 20 metro. Denbora: 0,5 ordu. Zailtasuna: Erraza. Elementu interesgarriak: Olazko San Pedro eliza. Olaz herritik abiatu eta Ibai Parkera iristen da, Uharten.Ibilbidean zehar, Argaren ibai-ekosistema ezagutzeko aukera dago, baita hari lotutako erabilera tradizionalak ere, hala nola baratzeak, gehienak autokontsumorako.Olaztik bertatik, San Pedroko aldapatik jaisten da El Sotoko baratzeetara. Iparralderantz jarraituz, lurrezko [&hellip;]","og_url":"https:\/\/www.valledeegues.com\/eu\/11-ibilbidea-lotura-argaren-ibai-parkearekin\/","og_site_name":"Ayuntamiento Valle de Eg\u00fc\u00e9s | Eguesibarko Udala","article_publisher":"https:\/\/www.facebook.com\/EguesEguesibar","article_modified_time":"2026-04-21T22:27:53+00:00","twitter_card":"summary_large_image","twitter_site":"@AValledeEgues","schema":{"@context":"https:\/\/schema.org","@graph":[{"@type":"WebPage","@id":"https:\/\/www.valledeegues.com\/eu\/11-ibilbidea-lotura-argaren-ibai-parkearekin\/","url":"https:\/\/www.valledeegues.com\/eu\/11-ibilbidea-lotura-argaren-ibai-parkearekin\/","name":"11. IBILBIDEA: LOTURA ARGAREN IBAI PARKEAREKIN - Ayuntamiento Valle de Eg\u00fc\u00e9s | Eguesibarko Udala","isPartOf":{"@id":"https:\/\/www.valledeegues.com\/eu\/#website"},"datePublished":"2018-09-25T10:33:21+00:00","dateModified":"2026-04-21T22:27:53+00:00","breadcrumb":{"@id":"https:\/\/www.valledeegues.com\/eu\/11-ibilbidea-lotura-argaren-ibai-parkearekin\/#breadcrumb"},"inLanguage":"eu-ES","potentialAction":[{"@type":"ReadAction","target":["https:\/\/www.valledeegues.com\/eu\/11-ibilbidea-lotura-argaren-ibai-parkearekin\/"]}]},{"@type":"BreadcrumbList","@id":"https:\/\/www.valledeegues.com\/eu\/11-ibilbidea-lotura-argaren-ibai-parkearekin\/#breadcrumb","itemListElement":[{"@type":"ListItem","position":1,"name":"Azala","item":"https:\/\/www.valledeegues.com\/eu\/"},{"@type":"ListItem","position":2,"name":"11. IBILBIDEA: LOTURA ARGAREN IBAI PARKEAREKIN"}]},{"@type":"WebSite","@id":"https:\/\/www.valledeegues.com\/eu\/#website","url":"https:\/\/www.valledeegues.com\/eu\/","name":"Ayuntamiento Valle de Eg\u00fc\u00e9s | Eguesibarko Udala","description":"Ayuntamiento Valle de Eg\u00fc\u00e9s | Eguesibarko Udala","publisher":{"@id":"https:\/\/www.valledeegues.com\/eu\/#organization"},"potentialAction":[{"@type":"SearchAction","target":{"@type":"EntryPoint","urlTemplate":"https:\/\/www.valledeegues.com\/eu\/?s={search_term_string}"},"query-input":{"@type":"PropertyValueSpecification","valueRequired":true,"valueName":"search_term_string"}}],"inLanguage":"eu-ES"},{"@type":"Organization","@id":"https:\/\/www.valledeegues.com\/eu\/#organization","name":"Ayuntamiento Valle de Egues","url":"https:\/\/www.valledeegues.com\/eu\/","logo":{"@type":"ImageObject","inLanguage":"eu-ES","@id":"https:\/\/www.valledeegues.com\/eu\/#\/schema\/logo\/image\/","url":"https:\/\/www.valledeegues.com\/wp-content\/uploads\/2019\/06\/logo-egues-escudo.svg","contentUrl":"https:\/\/www.valledeegues.com\/wp-content\/uploads\/2019\/06\/logo-egues-escudo.svg","width":529,"height":125,"caption":"Ayuntamiento Valle de Egues"},"image":{"@id":"https:\/\/www.valledeegues.com\/eu\/#\/schema\/logo\/image\/"},"sameAs":["https:\/\/www.facebook.com\/EguesEguesibar","https:\/\/x.com\/AValledeEgues","https:\/\/www.youtube.com\/channel\/UCUPvmkTy56ZAhGTVrzg4uDQ"]}]}},"_links":{"self":[{"href":"https:\/\/www.valledeegues.com\/eu\/wp-json\/wp\/v2\/pages\/10041","targetHints":{"allow":["GET"]}}],"collection":[{"href":"https:\/\/www.valledeegues.com\/eu\/wp-json\/wp\/v2\/pages"}],"about":[{"href":"https:\/\/www.valledeegues.com\/eu\/wp-json\/wp\/v2\/types\/page"}],"author":[{"embeddable":true,"href":"https:\/\/www.valledeegues.com\/eu\/wp-json\/wp\/v2\/users\/2"}],"replies":[{"embeddable":true,"href":"https:\/\/www.valledeegues.com\/eu\/wp-json\/wp\/v2\/comments?post=10041"}],"version-history":[{"count":2,"href":"https:\/\/www.valledeegues.com\/eu\/wp-json\/wp\/v2\/pages\/10041\/revisions"}],"predecessor-version":[{"id":46034,"href":"https:\/\/www.valledeegues.com\/eu\/wp-json\/wp\/v2\/pages\/10041\/revisions\/46034"}],"wp:attachment":[{"href":"https:\/\/www.valledeegues.com\/eu\/wp-json\/wp\/v2\/media?parent=10041"}],"curies":[{"name":"wp","href":"https:\/\/api.w.org\/{rel}","templated":true}]}}