{"id":10037,"date":"2018-09-25T12:29:35","date_gmt":"2018-09-25T10:29:35","guid":{"rendered":"https:\/\/www.valledeegues.com\/recurso_turistico_cp\/itinerario-09-badostain-sarriguren-olaz-badostain\/"},"modified":"2026-04-22T00:26:01","modified_gmt":"2026-04-21T22:26:01","slug":"09-ibilbidea-badostain-sarriguren-olatz-badostain","status":"publish","type":"page","link":"https:\/\/www.valledeegues.com\/eu\/09-ibilbidea-badostain-sarriguren-olatz-badostain\/","title":{"rendered":"09. IBILBIDEA: BADOSTAIN \u2013 SARRIGUREN \u2013 OLATZ \u2013 BADOSTAIN"},"content":{"rendered":"<?xml encoding=\"utf-8\" ?><p><a href=\"wp-content\/uploads\/2018\/09\/itinerario-09-egues.jpg\" class=\"doc-link doc-jpg doc-group-image\"><img loading=\"lazy\" decoding=\"async\" class=\"aligncenter size-full wp-image-4242\" src=\"wp-content\/uploads\/2018\/09\/itinerario-09-egues.jpg\" alt=\"itinerario-09-egues\" width=\"900\" height=\"900\" srcset=\"https:\/\/www.valledeegues.com\/wp-content\/uploads\/2018\/09\/itinerario-09-egues.jpg 900w, https:\/\/www.valledeegues.com\/wp-content\/uploads\/2018\/09\/itinerario-09-egues-300x300.jpg 300w, https:\/\/www.valledeegues.com\/wp-content\/uploads\/2018\/09\/itinerario-09-egues-768x768.jpg 768w, https:\/\/www.valledeegues.com\/wp-content\/uploads\/2018\/09\/itinerario-09-egues-1024x1024.jpg 1024w, https:\/\/www.valledeegues.com\/wp-content\/uploads\/2018\/09\/itinerario-09-egues-1320x1320.jpg 1320w\" sizes=\"auto, (max-width: 900px) 100vw, 900px\"><\/a><\/p><ul>\n<li><strong>Luzera:<\/strong> 7 kilometro.<\/li>\n<li><strong>Desnibela:<\/strong> 40 metro.<\/li>\n<li><strong>Denbora:<\/strong> 2 ordu.<\/li>\n<li><strong>Zailtasuna:<\/strong> Erraza.<\/li>\n<li><strong>Elementu interesgarriak:<\/strong> Badostaingo San Migel eliza eta Bideko Ama Birjinaren ermita, Sarrigurengo Santa Engrazia eliza, Olazko San Pedro eliza.<\/li>\n<\/ul><p>Ibilbideak ez du desnibel nabarmenik eta ibilaldi atsegina da. Ia bere osoan zereal alorrez inguraturik eginen dugu.<\/p><p>Ibilbidea Badostainen hasten da. Zehazki, Eztondo alderditik aterako gara herritik, Sarrigurengo bidea hartuta. Zagorrezko pista da, 4 metro zabalerakoa, batez beste, eta ederki ibil daiteke. Zereal alorren artean aitzina eginez, Sarrigurengo dermioan sartu, eta handik gutxira, Karrobideko erreka gurutzatuko dugu.<\/p><p>Iparrerantz ibiliz, Sarrigurengo alde berrira iritsiko gara; alderik alde zeharkatuko dugu Ardanazko errekaraino. Handik gutxira, Aranguren Ibarreko NA-2310 errepidera iritsiko gara. 210 metroan errepide bazterretik joan beharko dugu, ezkerretik abiatzen den bidea aurkitu arte. Bideak Olaz hiriguneraino eramanen gaitu.<\/p><p>Ondotik, hegoaldera joko dugu, 4 metroko zabalera duen zagorrezko pista batean barna; Labianoko bidean barna, hain zuzen. Bidea lurrezko pista bihurtuko da, zabaleran 3,5 metro dituena.<\/p><p>Beti hegoalderantz eginez, NA-2310 errepidera iritsi, hari bazterretik 220 metroan jarraitu, eta behin Ardanazko lurretan sarturik, Eguesko bidera ailegatuko gara. Toki horretatik aise joanen gara Badostainera.<\/p>\n","protected":false},"excerpt":{"rendered":"<p>Luzera: 7 kilometro. Desnibela: 40 metro. Denbora: 2 ordu. Zailtasuna: Erraza. Elementu interesgarriak: Badostaingo San Migel eliza eta Bideko Ama Birjinaren ermita, Sarrigurengo Santa Engrazia eliza, Olazko San Pedro eliza. Ibilbideak ez du desnibel nabarmenik eta ibilaldi atsegina da. Ia bere osoan zereal alorrez inguraturik eginen dugu.Ibilbidea Badostainen hasten da. Zehazki, Eztondo alderditik aterako gara [&hellip;]<\/p>\n","protected":false},"author":2,"featured_media":0,"parent":0,"menu_order":0,"comment_status":"closed","ping_status":"closed","template":"templates\/PLANTILLA ANCHO COMPLETO.php","meta":{"footnotes":""},"class_list":["post-10037","page","type-page","status-publish","hentry"],"yoast_head":"<!-- This site is optimized with the Yoast SEO plugin v27.5 - https:\/\/yoast.com\/product\/yoast-seo-wordpress\/ -->\r\n<title>09. IBILBIDEA: BADOSTAIN \u2013 SARRIGUREN \u2013 OLATZ \u2013 BADOSTAIN - Ayuntamiento Valle de Eg\u00fc\u00e9s | Eguesibarko Udala<\/title>\r\n<meta name=\"robots\" content=\"index, follow, max-snippet:-1, max-image-preview:large, max-video-preview:-1\" \/>\r\n<link rel=\"canonical\" href=\"https:\/\/www.valledeegues.com\/eu\/09-ibilbidea-badostain-sarriguren-olatz-badostain\/\" \/>\r\n<meta property=\"og:locale\" content=\"eu_ES\" \/>\r\n<meta property=\"og:type\" content=\"article\" \/>\r\n<meta property=\"og:title\" content=\"09. IBILBIDEA: BADOSTAIN \u2013 SARRIGUREN \u2013 OLATZ \u2013 BADOSTAIN - Ayuntamiento Valle de Eg\u00fc\u00e9s | Eguesibarko Udala\" \/>\r\n<meta property=\"og:description\" content=\"Luzera: 7 kilometro. Desnibela: 40 metro. Denbora: 2 ordu. Zailtasuna: Erraza. Elementu interesgarriak: Badostaingo San Migel eliza eta Bideko Ama Birjinaren ermita, Sarrigurengo Santa Engrazia eliza, Olazko San Pedro eliza. Ibilbideak ez du desnibel nabarmenik eta ibilaldi atsegina da. Ia bere osoan zereal alorrez inguraturik eginen dugu.Ibilbidea Badostainen hasten da. Zehazki, Eztondo alderditik aterako gara [&hellip;]\" \/>\r\n<meta property=\"og:url\" content=\"https:\/\/www.valledeegues.com\/eu\/09-ibilbidea-badostain-sarriguren-olatz-badostain\/\" \/>\r\n<meta property=\"og:site_name\" content=\"Ayuntamiento Valle de Eg\u00fc\u00e9s | Eguesibarko Udala\" \/>\r\n<meta property=\"article:publisher\" content=\"https:\/\/www.facebook.com\/EguesEguesibar\" \/>\r\n<meta property=\"article:modified_time\" content=\"2026-04-21T22:26:01+00:00\" \/>\r\n<meta name=\"twitter:card\" content=\"summary_large_image\" \/>\r\n<meta name=\"twitter:site\" content=\"@AValledeEgues\" \/>\r\n<meta name=\"twitter:label1\" content=\"Est. reading time\" \/>\n\t<meta name=\"twitter:data1\" content=\"1 minute\" \/>\r\n<script type=\"application\/ld+json\" class=\"yoast-schema-graph\">{\"@context\":\"https:\\\/\\\/schema.org\",\"@graph\":[{\"@type\":\"WebPage\",\"@id\":\"https:\\\/\\\/www.valledeegues.com\\\/eu\\\/09-ibilbidea-badostain-sarriguren-olatz-badostain\\\/\",\"url\":\"https:\\\/\\\/www.valledeegues.com\\\/eu\\\/09-ibilbidea-badostain-sarriguren-olatz-badostain\\\/\",\"name\":\"09. IBILBIDEA: BADOSTAIN \u2013 SARRIGUREN \u2013 OLATZ \u2013 BADOSTAIN - Ayuntamiento Valle de Eg\u00fc\u00e9s | Eguesibarko Udala\",\"isPartOf\":{\"@id\":\"https:\\\/\\\/www.valledeegues.com\\\/eu\\\/#website\"},\"datePublished\":\"2018-09-25T10:29:35+00:00\",\"dateModified\":\"2026-04-21T22:26:01+00:00\",\"breadcrumb\":{\"@id\":\"https:\\\/\\\/www.valledeegues.com\\\/eu\\\/09-ibilbidea-badostain-sarriguren-olatz-badostain\\\/#breadcrumb\"},\"inLanguage\":\"eu-ES\",\"potentialAction\":[{\"@type\":\"ReadAction\",\"target\":[\"https:\\\/\\\/www.valledeegues.com\\\/eu\\\/09-ibilbidea-badostain-sarriguren-olatz-badostain\\\/\"]}]},{\"@type\":\"BreadcrumbList\",\"@id\":\"https:\\\/\\\/www.valledeegues.com\\\/eu\\\/09-ibilbidea-badostain-sarriguren-olatz-badostain\\\/#breadcrumb\",\"itemListElement\":[{\"@type\":\"ListItem\",\"position\":1,\"name\":\"Azala\",\"item\":\"https:\\\/\\\/www.valledeegues.com\\\/eu\\\/\"},{\"@type\":\"ListItem\",\"position\":2,\"name\":\"09. IBILBIDEA: BADOSTAIN \u2013 SARRIGUREN \u2013 OLATZ \u2013 BADOSTAIN\"}]},{\"@type\":\"WebSite\",\"@id\":\"https:\\\/\\\/www.valledeegues.com\\\/eu\\\/#website\",\"url\":\"https:\\\/\\\/www.valledeegues.com\\\/eu\\\/\",\"name\":\"Ayuntamiento Valle de Eg\u00fc\u00e9s | Eguesibarko Udala\",\"description\":\"Ayuntamiento Valle de Eg\u00fc\u00e9s | Eguesibarko Udala\",\"publisher\":{\"@id\":\"https:\\\/\\\/www.valledeegues.com\\\/eu\\\/#organization\"},\"potentialAction\":[{\"@type\":\"SearchAction\",\"target\":{\"@type\":\"EntryPoint\",\"urlTemplate\":\"https:\\\/\\\/www.valledeegues.com\\\/eu\\\/?s={search_term_string}\"},\"query-input\":{\"@type\":\"PropertyValueSpecification\",\"valueRequired\":true,\"valueName\":\"search_term_string\"}}],\"inLanguage\":\"eu-ES\"},{\"@type\":\"Organization\",\"@id\":\"https:\\\/\\\/www.valledeegues.com\\\/eu\\\/#organization\",\"name\":\"Ayuntamiento Valle de Egues\",\"url\":\"https:\\\/\\\/www.valledeegues.com\\\/eu\\\/\",\"logo\":{\"@type\":\"ImageObject\",\"inLanguage\":\"eu-ES\",\"@id\":\"https:\\\/\\\/www.valledeegues.com\\\/eu\\\/#\\\/schema\\\/logo\\\/image\\\/\",\"url\":\"https:\\\/\\\/www.valledeegues.com\\\/wp-content\\\/uploads\\\/2019\\\/06\\\/logo-egues-escudo.svg\",\"contentUrl\":\"https:\\\/\\\/www.valledeegues.com\\\/wp-content\\\/uploads\\\/2019\\\/06\\\/logo-egues-escudo.svg\",\"width\":529,\"height\":125,\"caption\":\"Ayuntamiento Valle de Egues\"},\"image\":{\"@id\":\"https:\\\/\\\/www.valledeegues.com\\\/eu\\\/#\\\/schema\\\/logo\\\/image\\\/\"},\"sameAs\":[\"https:\\\/\\\/www.facebook.com\\\/EguesEguesibar\",\"https:\\\/\\\/x.com\\\/AValledeEgues\",\"https:\\\/\\\/www.youtube.com\\\/channel\\\/UCUPvmkTy56ZAhGTVrzg4uDQ\"]}]}<\/script>\r\n<!-- \/ Yoast SEO plugin. -->","yoast_head_json":{"title":"09. IBILBIDEA: BADOSTAIN \u2013 SARRIGUREN \u2013 OLATZ \u2013 BADOSTAIN - Ayuntamiento Valle de Eg\u00fc\u00e9s | Eguesibarko Udala","robots":{"index":"index","follow":"follow","max-snippet":"max-snippet:-1","max-image-preview":"max-image-preview:large","max-video-preview":"max-video-preview:-1"},"canonical":"https:\/\/www.valledeegues.com\/eu\/09-ibilbidea-badostain-sarriguren-olatz-badostain\/","og_locale":"eu_ES","og_type":"article","og_title":"09. IBILBIDEA: BADOSTAIN \u2013 SARRIGUREN \u2013 OLATZ \u2013 BADOSTAIN - Ayuntamiento Valle de Eg\u00fc\u00e9s | Eguesibarko Udala","og_description":"Luzera: 7 kilometro. Desnibela: 40 metro. Denbora: 2 ordu. Zailtasuna: Erraza. Elementu interesgarriak: Badostaingo San Migel eliza eta Bideko Ama Birjinaren ermita, Sarrigurengo Santa Engrazia eliza, Olazko San Pedro eliza. Ibilbideak ez du desnibel nabarmenik eta ibilaldi atsegina da. Ia bere osoan zereal alorrez inguraturik eginen dugu.Ibilbidea Badostainen hasten da. Zehazki, Eztondo alderditik aterako gara [&hellip;]","og_url":"https:\/\/www.valledeegues.com\/eu\/09-ibilbidea-badostain-sarriguren-olatz-badostain\/","og_site_name":"Ayuntamiento Valle de Eg\u00fc\u00e9s | Eguesibarko Udala","article_publisher":"https:\/\/www.facebook.com\/EguesEguesibar","article_modified_time":"2026-04-21T22:26:01+00:00","twitter_card":"summary_large_image","twitter_site":"@AValledeEgues","twitter_misc":{"Est. reading time":"1 minute"},"schema":{"@context":"https:\/\/schema.org","@graph":[{"@type":"WebPage","@id":"https:\/\/www.valledeegues.com\/eu\/09-ibilbidea-badostain-sarriguren-olatz-badostain\/","url":"https:\/\/www.valledeegues.com\/eu\/09-ibilbidea-badostain-sarriguren-olatz-badostain\/","name":"09. IBILBIDEA: BADOSTAIN \u2013 SARRIGUREN \u2013 OLATZ \u2013 BADOSTAIN - Ayuntamiento Valle de Eg\u00fc\u00e9s | Eguesibarko Udala","isPartOf":{"@id":"https:\/\/www.valledeegues.com\/eu\/#website"},"datePublished":"2018-09-25T10:29:35+00:00","dateModified":"2026-04-21T22:26:01+00:00","breadcrumb":{"@id":"https:\/\/www.valledeegues.com\/eu\/09-ibilbidea-badostain-sarriguren-olatz-badostain\/#breadcrumb"},"inLanguage":"eu-ES","potentialAction":[{"@type":"ReadAction","target":["https:\/\/www.valledeegues.com\/eu\/09-ibilbidea-badostain-sarriguren-olatz-badostain\/"]}]},{"@type":"BreadcrumbList","@id":"https:\/\/www.valledeegues.com\/eu\/09-ibilbidea-badostain-sarriguren-olatz-badostain\/#breadcrumb","itemListElement":[{"@type":"ListItem","position":1,"name":"Azala","item":"https:\/\/www.valledeegues.com\/eu\/"},{"@type":"ListItem","position":2,"name":"09. IBILBIDEA: BADOSTAIN \u2013 SARRIGUREN \u2013 OLATZ \u2013 BADOSTAIN"}]},{"@type":"WebSite","@id":"https:\/\/www.valledeegues.com\/eu\/#website","url":"https:\/\/www.valledeegues.com\/eu\/","name":"Ayuntamiento Valle de Eg\u00fc\u00e9s | Eguesibarko Udala","description":"Ayuntamiento Valle de Eg\u00fc\u00e9s | Eguesibarko Udala","publisher":{"@id":"https:\/\/www.valledeegues.com\/eu\/#organization"},"potentialAction":[{"@type":"SearchAction","target":{"@type":"EntryPoint","urlTemplate":"https:\/\/www.valledeegues.com\/eu\/?s={search_term_string}"},"query-input":{"@type":"PropertyValueSpecification","valueRequired":true,"valueName":"search_term_string"}}],"inLanguage":"eu-ES"},{"@type":"Organization","@id":"https:\/\/www.valledeegues.com\/eu\/#organization","name":"Ayuntamiento Valle de Egues","url":"https:\/\/www.valledeegues.com\/eu\/","logo":{"@type":"ImageObject","inLanguage":"eu-ES","@id":"https:\/\/www.valledeegues.com\/eu\/#\/schema\/logo\/image\/","url":"https:\/\/www.valledeegues.com\/wp-content\/uploads\/2019\/06\/logo-egues-escudo.svg","contentUrl":"https:\/\/www.valledeegues.com\/wp-content\/uploads\/2019\/06\/logo-egues-escudo.svg","width":529,"height":125,"caption":"Ayuntamiento Valle de Egues"},"image":{"@id":"https:\/\/www.valledeegues.com\/eu\/#\/schema\/logo\/image\/"},"sameAs":["https:\/\/www.facebook.com\/EguesEguesibar","https:\/\/x.com\/AValledeEgues","https:\/\/www.youtube.com\/channel\/UCUPvmkTy56ZAhGTVrzg4uDQ"]}]}},"_links":{"self":[{"href":"https:\/\/www.valledeegues.com\/eu\/wp-json\/wp\/v2\/pages\/10037","targetHints":{"allow":["GET"]}}],"collection":[{"href":"https:\/\/www.valledeegues.com\/eu\/wp-json\/wp\/v2\/pages"}],"about":[{"href":"https:\/\/www.valledeegues.com\/eu\/wp-json\/wp\/v2\/types\/page"}],"author":[{"embeddable":true,"href":"https:\/\/www.valledeegues.com\/eu\/wp-json\/wp\/v2\/users\/2"}],"replies":[{"embeddable":true,"href":"https:\/\/www.valledeegues.com\/eu\/wp-json\/wp\/v2\/comments?post=10037"}],"version-history":[{"count":4,"href":"https:\/\/www.valledeegues.com\/eu\/wp-json\/wp\/v2\/pages\/10037\/revisions"}],"predecessor-version":[{"id":46032,"href":"https:\/\/www.valledeegues.com\/eu\/wp-json\/wp\/v2\/pages\/10037\/revisions\/46032"}],"wp:attachment":[{"href":"https:\/\/www.valledeegues.com\/eu\/wp-json\/wp\/v2\/media?parent=10037"}],"curies":[{"name":"wp","href":"https:\/\/api.w.org\/{rel}","templated":true}]}}