{"id":10033,"date":"2018-09-25T12:26:37","date_gmt":"2018-09-25T10:26:37","guid":{"rendered":"https:\/\/www.valledeegues.com\/recurso_turistico_cp\/itinerario-07-azpa-ardanaz-gorraiz-egues-azpa\/"},"modified":"2026-04-21T10:49:19","modified_gmt":"2026-04-21T08:49:19","slug":"07-ibilbidea-azpa-ardanatz-gorraitz-egues-azpa","status":"publish","type":"page","link":"https:\/\/www.valledeegues.com\/eu\/07-ibilbidea-azpa-ardanatz-gorraitz-egues-azpa\/","title":{"rendered":"07. IBILBIDEA: AZPA \u2013 ARDANATZ \u2013 GORRAITZ \u2013 EGUES \u2013 AZPA"},"content":{"rendered":"<?xml encoding=\"utf-8\" ?><p><a href=\"wp-content\/uploads\/2018\/09\/itinerario-07-egues.jpg\" class=\"doc-link doc-jpg doc-group-image\"><img loading=\"lazy\" decoding=\"async\" class=\"aligncenter size-full wp-image-4246\" src=\"wp-content\/uploads\/2018\/09\/itinerario-07-egues.jpg\" alt=\"itinerario-07-egues\" width=\"900\" height=\"540\" srcset=\"https:\/\/www.valledeegues.com\/wp-content\/uploads\/2018\/09\/itinerario-07-egues.jpg 900w, https:\/\/www.valledeegues.com\/wp-content\/uploads\/2018\/09\/itinerario-07-egues-768x460.jpg 768w, https:\/\/www.valledeegues.com\/wp-content\/uploads\/2018\/09\/itinerario-07-egues-1320x792.jpg 1320w\" sizes=\"auto, (max-width: 900px) 100vw, 900px\"><\/a><\/p><ul>\n<li><strong>Luzera:<\/strong> 13 kilometro.<\/li>\n<li><strong>Desnibela:<\/strong> 360 metro.<\/li>\n<li><strong>Denbora:<\/strong> 4,5 ordu.<\/li>\n<li><strong>Zailtasuna:<\/strong> ertaina.<\/li>\n<li><strong>Elementu interesgarriak:<\/strong> Azpako Bizkondearen jauregia eta Santa Iturri, Ardanazko San Bizente eliza, Gorraizko gaztelua, Eguesko San Martin eliza, larizio pinuko eta pinu gorriko pinudiak, zereal alorrak.<\/li>\n<\/ul><p>Ibilbideak Azpa, Ardanatz, Gorraitz eta Egues lotzen ditu.<\/p><p>Gure ibilian, pinu gorriko pinudi ederki kontserbatuak, belaiak eta zereal alorrak gurutzatuko ditugu. Alderik garaienean (836 metrotan), Aranguren Ibarreko Ezkorizko aintziraren ikuspegi ona agertuko zaigu, bai eta Iru&ntilde;erriaren hego-ekialdea ere.<\/p><p>Ibilbidea Azpako hegoaldean hasten da, hego-ekialderantz. Alorren artean ibili ondoren, pinu gorriko basoaren mugetara iritsiko gara. Baso mota hori nagusia da ibilbide-tarte aunitzetan.<\/p><p>Pista maldan gora doa; tarteka, aldapa latza da, mendiaren goialderaino. Gero, uraren banalerroan ibiliko gara. Banalerroa muga da Aranguren Ibarrarekin. Tarte honetako hainbat tokitatik, ikuspegi ederrak daude Ezkorizko aintzira alderantz (Zolinako aintzira), bai eta Iru&ntilde;erriaren mendebalderantz ere.<\/p><p>Ondoren, Ardantzeraino jaisten hasiko gara; poliki-poliki, basotik atera eta belaien artean eginen dugu behera.<\/p><p>Behin Ardanatz zeharkatutakoan, errepidez tarte labur bat egin, eta azken etxeak igaro baino lehen, ibilbideak eskuinerantz biratu eta zereal alorren artean segitzen du beherantz Gorraizko golf-zelaiaren inguruetaraino. Zehazki, barruti horretako zerbitzu-atera iritsiko gara. Ibilbideak eskuinerantz egiten du Egueserantz, eta herri horretara iritsiko gara, Urbi ibaia eta errepidea zeharkatu ondoren.<\/p><p>Azken tarte hori alorren artean egin dugu. Eguestik, berriz ere Urbi ibaira iritsi, eta aurrera eginen dugu 5. ibilbidearekin elkartu arte, Azpara bitarteko azken zatia egiteko.<\/p>\n","protected":false},"excerpt":{"rendered":"<p>Luzera: 13 kilometro. Desnibela: 360 metro. Denbora: 4,5 ordu. Zailtasuna: ertaina. Elementu interesgarriak: Azpako Bizkondearen jauregia eta Santa Iturri, Ardanazko San Bizente eliza, Gorraizko gaztelua, Eguesko San Martin eliza, larizio pinuko eta pinu gorriko pinudiak, zereal alorrak. Ibilbideak Azpa, Ardanatz, Gorraitz eta Egues lotzen ditu.Gure ibilian, pinu gorriko pinudi ederki kontserbatuak, belaiak eta zereal alorrak [&hellip;]<\/p>\n","protected":false},"author":2,"featured_media":0,"parent":0,"menu_order":0,"comment_status":"closed","ping_status":"closed","template":"templates\/PLANTILLA ANCHO COMPLETO.php","meta":{"footnotes":""},"class_list":["post-10033","page","type-page","status-publish","hentry"],"yoast_head":"<!-- This site is optimized with the Yoast SEO plugin v27.5 - https:\/\/yoast.com\/product\/yoast-seo-wordpress\/ -->\r\n<title>07. IBILBIDEA: AZPA \u2013 ARDANATZ \u2013 GORRAITZ \u2013 EGUES \u2013 AZPA - Ayuntamiento Valle de Eg\u00fc\u00e9s | Eguesibarko Udala<\/title>\r\n<meta name=\"robots\" content=\"index, follow, max-snippet:-1, max-image-preview:large, max-video-preview:-1\" \/>\r\n<link rel=\"canonical\" href=\"https:\/\/www.valledeegues.com\/eu\/07-ibilbidea-azpa-ardanatz-gorraitz-egues-azpa\/\" \/>\r\n<meta property=\"og:locale\" content=\"eu_ES\" \/>\r\n<meta property=\"og:type\" content=\"article\" \/>\r\n<meta property=\"og:title\" content=\"07. IBILBIDEA: AZPA \u2013 ARDANATZ \u2013 GORRAITZ \u2013 EGUES \u2013 AZPA - Ayuntamiento Valle de Eg\u00fc\u00e9s | Eguesibarko Udala\" \/>\r\n<meta property=\"og:description\" content=\"Luzera: 13 kilometro. Desnibela: 360 metro. Denbora: 4,5 ordu. Zailtasuna: ertaina. Elementu interesgarriak: Azpako Bizkondearen jauregia eta Santa Iturri, Ardanazko San Bizente eliza, Gorraizko gaztelua, Eguesko San Martin eliza, larizio pinuko eta pinu gorriko pinudiak, zereal alorrak. Ibilbideak Azpa, Ardanatz, Gorraitz eta Egues lotzen ditu.Gure ibilian, pinu gorriko pinudi ederki kontserbatuak, belaiak eta zereal alorrak [&hellip;]\" \/>\r\n<meta property=\"og:url\" content=\"https:\/\/www.valledeegues.com\/eu\/07-ibilbidea-azpa-ardanatz-gorraitz-egues-azpa\/\" \/>\r\n<meta property=\"og:site_name\" content=\"Ayuntamiento Valle de Eg\u00fc\u00e9s | Eguesibarko Udala\" \/>\r\n<meta property=\"article:publisher\" content=\"https:\/\/www.facebook.com\/EguesEguesibar\" \/>\r\n<meta property=\"article:modified_time\" content=\"2026-04-21T08:49:19+00:00\" \/>\r\n<meta name=\"twitter:card\" content=\"summary_large_image\" \/>\r\n<meta name=\"twitter:site\" content=\"@AValledeEgues\" \/>\r\n<meta name=\"twitter:label1\" content=\"Est. reading time\" \/>\n\t<meta name=\"twitter:data1\" content=\"1 minute\" \/>\r\n<script type=\"application\/ld+json\" class=\"yoast-schema-graph\">{\"@context\":\"https:\\\/\\\/schema.org\",\"@graph\":[{\"@type\":\"WebPage\",\"@id\":\"https:\\\/\\\/www.valledeegues.com\\\/eu\\\/07-ibilbidea-azpa-ardanatz-gorraitz-egues-azpa\\\/\",\"url\":\"https:\\\/\\\/www.valledeegues.com\\\/eu\\\/07-ibilbidea-azpa-ardanatz-gorraitz-egues-azpa\\\/\",\"name\":\"07. IBILBIDEA: AZPA \u2013 ARDANATZ \u2013 GORRAITZ \u2013 EGUES \u2013 AZPA - Ayuntamiento Valle de Eg\u00fc\u00e9s | Eguesibarko Udala\",\"isPartOf\":{\"@id\":\"https:\\\/\\\/www.valledeegues.com\\\/eu\\\/#website\"},\"datePublished\":\"2018-09-25T10:26:37+00:00\",\"dateModified\":\"2026-04-21T08:49:19+00:00\",\"breadcrumb\":{\"@id\":\"https:\\\/\\\/www.valledeegues.com\\\/eu\\\/07-ibilbidea-azpa-ardanatz-gorraitz-egues-azpa\\\/#breadcrumb\"},\"inLanguage\":\"eu-ES\",\"potentialAction\":[{\"@type\":\"ReadAction\",\"target\":[\"https:\\\/\\\/www.valledeegues.com\\\/eu\\\/07-ibilbidea-azpa-ardanatz-gorraitz-egues-azpa\\\/\"]}]},{\"@type\":\"BreadcrumbList\",\"@id\":\"https:\\\/\\\/www.valledeegues.com\\\/eu\\\/07-ibilbidea-azpa-ardanatz-gorraitz-egues-azpa\\\/#breadcrumb\",\"itemListElement\":[{\"@type\":\"ListItem\",\"position\":1,\"name\":\"Azala\",\"item\":\"https:\\\/\\\/www.valledeegues.com\\\/eu\\\/\"},{\"@type\":\"ListItem\",\"position\":2,\"name\":\"07. IBILBIDEA: AZPA \u2013 ARDANATZ \u2013 GORRAITZ \u2013 EGUES \u2013 AZPA\"}]},{\"@type\":\"WebSite\",\"@id\":\"https:\\\/\\\/www.valledeegues.com\\\/eu\\\/#website\",\"url\":\"https:\\\/\\\/www.valledeegues.com\\\/eu\\\/\",\"name\":\"Ayuntamiento Valle de Eg\u00fc\u00e9s | Eguesibarko Udala\",\"description\":\"Ayuntamiento Valle de Eg\u00fc\u00e9s | Eguesibarko Udala\",\"publisher\":{\"@id\":\"https:\\\/\\\/www.valledeegues.com\\\/eu\\\/#organization\"},\"potentialAction\":[{\"@type\":\"SearchAction\",\"target\":{\"@type\":\"EntryPoint\",\"urlTemplate\":\"https:\\\/\\\/www.valledeegues.com\\\/eu\\\/?s={search_term_string}\"},\"query-input\":{\"@type\":\"PropertyValueSpecification\",\"valueRequired\":true,\"valueName\":\"search_term_string\"}}],\"inLanguage\":\"eu-ES\"},{\"@type\":\"Organization\",\"@id\":\"https:\\\/\\\/www.valledeegues.com\\\/eu\\\/#organization\",\"name\":\"Ayuntamiento Valle de Egues\",\"url\":\"https:\\\/\\\/www.valledeegues.com\\\/eu\\\/\",\"logo\":{\"@type\":\"ImageObject\",\"inLanguage\":\"eu-ES\",\"@id\":\"https:\\\/\\\/www.valledeegues.com\\\/eu\\\/#\\\/schema\\\/logo\\\/image\\\/\",\"url\":\"https:\\\/\\\/www.valledeegues.com\\\/wp-content\\\/uploads\\\/2019\\\/06\\\/logo-egues-escudo.svg\",\"contentUrl\":\"https:\\\/\\\/www.valledeegues.com\\\/wp-content\\\/uploads\\\/2019\\\/06\\\/logo-egues-escudo.svg\",\"width\":529,\"height\":125,\"caption\":\"Ayuntamiento Valle de Egues\"},\"image\":{\"@id\":\"https:\\\/\\\/www.valledeegues.com\\\/eu\\\/#\\\/schema\\\/logo\\\/image\\\/\"},\"sameAs\":[\"https:\\\/\\\/www.facebook.com\\\/EguesEguesibar\",\"https:\\\/\\\/x.com\\\/AValledeEgues\",\"https:\\\/\\\/www.youtube.com\\\/channel\\\/UCUPvmkTy56ZAhGTVrzg4uDQ\"]}]}<\/script>\r\n<!-- \/ Yoast SEO plugin. -->","yoast_head_json":{"title":"07. IBILBIDEA: AZPA \u2013 ARDANATZ \u2013 GORRAITZ \u2013 EGUES \u2013 AZPA - Ayuntamiento Valle de Eg\u00fc\u00e9s | Eguesibarko Udala","robots":{"index":"index","follow":"follow","max-snippet":"max-snippet:-1","max-image-preview":"max-image-preview:large","max-video-preview":"max-video-preview:-1"},"canonical":"https:\/\/www.valledeegues.com\/eu\/07-ibilbidea-azpa-ardanatz-gorraitz-egues-azpa\/","og_locale":"eu_ES","og_type":"article","og_title":"07. IBILBIDEA: AZPA \u2013 ARDANATZ \u2013 GORRAITZ \u2013 EGUES \u2013 AZPA - Ayuntamiento Valle de Eg\u00fc\u00e9s | Eguesibarko Udala","og_description":"Luzera: 13 kilometro. Desnibela: 360 metro. Denbora: 4,5 ordu. Zailtasuna: ertaina. Elementu interesgarriak: Azpako Bizkondearen jauregia eta Santa Iturri, Ardanazko San Bizente eliza, Gorraizko gaztelua, Eguesko San Martin eliza, larizio pinuko eta pinu gorriko pinudiak, zereal alorrak. Ibilbideak Azpa, Ardanatz, Gorraitz eta Egues lotzen ditu.Gure ibilian, pinu gorriko pinudi ederki kontserbatuak, belaiak eta zereal alorrak [&hellip;]","og_url":"https:\/\/www.valledeegues.com\/eu\/07-ibilbidea-azpa-ardanatz-gorraitz-egues-azpa\/","og_site_name":"Ayuntamiento Valle de Eg\u00fc\u00e9s | Eguesibarko Udala","article_publisher":"https:\/\/www.facebook.com\/EguesEguesibar","article_modified_time":"2026-04-21T08:49:19+00:00","twitter_card":"summary_large_image","twitter_site":"@AValledeEgues","twitter_misc":{"Est. reading time":"1 minute"},"schema":{"@context":"https:\/\/schema.org","@graph":[{"@type":"WebPage","@id":"https:\/\/www.valledeegues.com\/eu\/07-ibilbidea-azpa-ardanatz-gorraitz-egues-azpa\/","url":"https:\/\/www.valledeegues.com\/eu\/07-ibilbidea-azpa-ardanatz-gorraitz-egues-azpa\/","name":"07. IBILBIDEA: AZPA \u2013 ARDANATZ \u2013 GORRAITZ \u2013 EGUES \u2013 AZPA - Ayuntamiento Valle de Eg\u00fc\u00e9s | Eguesibarko Udala","isPartOf":{"@id":"https:\/\/www.valledeegues.com\/eu\/#website"},"datePublished":"2018-09-25T10:26:37+00:00","dateModified":"2026-04-21T08:49:19+00:00","breadcrumb":{"@id":"https:\/\/www.valledeegues.com\/eu\/07-ibilbidea-azpa-ardanatz-gorraitz-egues-azpa\/#breadcrumb"},"inLanguage":"eu-ES","potentialAction":[{"@type":"ReadAction","target":["https:\/\/www.valledeegues.com\/eu\/07-ibilbidea-azpa-ardanatz-gorraitz-egues-azpa\/"]}]},{"@type":"BreadcrumbList","@id":"https:\/\/www.valledeegues.com\/eu\/07-ibilbidea-azpa-ardanatz-gorraitz-egues-azpa\/#breadcrumb","itemListElement":[{"@type":"ListItem","position":1,"name":"Azala","item":"https:\/\/www.valledeegues.com\/eu\/"},{"@type":"ListItem","position":2,"name":"07. IBILBIDEA: AZPA \u2013 ARDANATZ \u2013 GORRAITZ \u2013 EGUES \u2013 AZPA"}]},{"@type":"WebSite","@id":"https:\/\/www.valledeegues.com\/eu\/#website","url":"https:\/\/www.valledeegues.com\/eu\/","name":"Ayuntamiento Valle de Eg\u00fc\u00e9s | Eguesibarko Udala","description":"Ayuntamiento Valle de Eg\u00fc\u00e9s | Eguesibarko Udala","publisher":{"@id":"https:\/\/www.valledeegues.com\/eu\/#organization"},"potentialAction":[{"@type":"SearchAction","target":{"@type":"EntryPoint","urlTemplate":"https:\/\/www.valledeegues.com\/eu\/?s={search_term_string}"},"query-input":{"@type":"PropertyValueSpecification","valueRequired":true,"valueName":"search_term_string"}}],"inLanguage":"eu-ES"},{"@type":"Organization","@id":"https:\/\/www.valledeegues.com\/eu\/#organization","name":"Ayuntamiento Valle de Egues","url":"https:\/\/www.valledeegues.com\/eu\/","logo":{"@type":"ImageObject","inLanguage":"eu-ES","@id":"https:\/\/www.valledeegues.com\/eu\/#\/schema\/logo\/image\/","url":"https:\/\/www.valledeegues.com\/wp-content\/uploads\/2019\/06\/logo-egues-escudo.svg","contentUrl":"https:\/\/www.valledeegues.com\/wp-content\/uploads\/2019\/06\/logo-egues-escudo.svg","width":529,"height":125,"caption":"Ayuntamiento Valle de Egues"},"image":{"@id":"https:\/\/www.valledeegues.com\/eu\/#\/schema\/logo\/image\/"},"sameAs":["https:\/\/www.facebook.com\/EguesEguesibar","https:\/\/x.com\/AValledeEgues","https:\/\/www.youtube.com\/channel\/UCUPvmkTy56ZAhGTVrzg4uDQ"]}]}},"_links":{"self":[{"href":"https:\/\/www.valledeegues.com\/eu\/wp-json\/wp\/v2\/pages\/10033","targetHints":{"allow":["GET"]}}],"collection":[{"href":"https:\/\/www.valledeegues.com\/eu\/wp-json\/wp\/v2\/pages"}],"about":[{"href":"https:\/\/www.valledeegues.com\/eu\/wp-json\/wp\/v2\/types\/page"}],"author":[{"embeddable":true,"href":"https:\/\/www.valledeegues.com\/eu\/wp-json\/wp\/v2\/users\/2"}],"replies":[{"embeddable":true,"href":"https:\/\/www.valledeegues.com\/eu\/wp-json\/wp\/v2\/comments?post=10033"}],"version-history":[{"count":3,"href":"https:\/\/www.valledeegues.com\/eu\/wp-json\/wp\/v2\/pages\/10033\/revisions"}],"predecessor-version":[{"id":45967,"href":"https:\/\/www.valledeegues.com\/eu\/wp-json\/wp\/v2\/pages\/10033\/revisions\/45967"}],"wp:attachment":[{"href":"https:\/\/www.valledeegues.com\/eu\/wp-json\/wp\/v2\/media?parent=10033"}],"curies":[{"name":"wp","href":"https:\/\/api.w.org\/{rel}","templated":true}]}}