{"id":10031,"date":"2018-09-25T12:24:46","date_gmt":"2018-09-25T10:24:46","guid":{"rendered":"https:\/\/www.valledeegues.com\/recurso_turistico_cp\/itinerario-06-egues-elcano-ibiricu-egues\/"},"modified":"2026-04-22T00:38:18","modified_gmt":"2026-04-21T22:38:18","slug":"06-ibilbidea-egues-elkano-ibiriku-egues","status":"publish","type":"page","link":"https:\/\/www.valledeegues.com\/eu\/06-ibilbidea-egues-elkano-ibiriku-egues\/","title":{"rendered":"06. IBILBIDEA: EGUES \u2013 ELKANO \u2013 IBIRIKU \u2013 EGUES"},"content":{"rendered":"<?xml encoding=\"utf-8\" ?><p><a href=\"wp-content\/uploads\/2018\/09\/itinerario-06-egues.jpg\" class=\"doc-link doc-jpg doc-group-image\"><img loading=\"lazy\" decoding=\"async\" class=\"aligncenter size-full wp-image-4248\" src=\"wp-content\/uploads\/2018\/09\/itinerario-06-egues.jpg\" alt=\"itinerario-06-egues\" width=\"900\" height=\"719\" srcset=\"https:\/\/www.valledeegues.com\/wp-content\/uploads\/2018\/09\/itinerario-06-egues.jpg 900w, https:\/\/www.valledeegues.com\/wp-content\/uploads\/2018\/09\/itinerario-06-egues-768x613.jpg 768w, https:\/\/www.valledeegues.com\/wp-content\/uploads\/2018\/09\/itinerario-06-egues-1320x1054.jpg 1320w\" sizes=\"auto, (max-width: 900px) 100vw, 900px\"><\/a><\/p><ul>\n<li><strong>Luzera:<\/strong> 5,4 kilometro.<\/li>\n<li><strong>Desnibela:<\/strong> 45 metro.<\/li>\n<li><strong>Denbora:<\/strong> Ordubetea.<\/li>\n<li><strong>Zailtasuna:<\/strong> Erraza.<\/li>\n<li><strong>Elementu interesgarriak:<\/strong> Eguesko San Martin eliza, Elkanoko eliza eta Ibirikuko San Joan Bataiatzailearen eliza.<\/li>\n<\/ul><p>Ibilbide hau ibarreko ibilbide sarearen erdigunean dago, eta beste hainbat ibilbide seinaleztatuekin lotzeko aukera ematen du.<\/p><p>Gainera, Urbi ibaiko eta El Soto errekako ibaiertzeko landaretza behatzeko aukera eskaintzen du.<\/p><p>Ibilbidea Eguesen hasten da, udaletxearen ezkerraldetik jaisten den pista hartuta. Errepidea gurutzatu ondoren, zagorrezko pista batetik aurrera egiten da Urbi ibairaino.<\/p><p>Zereal alorren artean jarraitzen da Azpako bidearen bidegurutzea aurkitu arte.<\/p><p>Ezkerreko desbideratzea hartuta, tarte zuzen batean aurrera egiten da eta errepidea berriro zeharkatzen da azpitik, Ibirikuko hirigunera sartuz.<\/p><p>Herria zeharkatu ondoren, Elkanorantz jarraitzen da, Ubarmin klinikara doan errepidea hartuta. Klinikaren instalazioak hego-ekialdetik inguratzen dira eta tarte asfaltatu bat egin ondoren, klinikaren sarreraren parean ezkerrera biratzen da.<\/p><p>Errepidean aurrera eginez, errotonda batera iristen da, eta handik Eguesera itzultzen da.<\/p>\n","protected":false},"excerpt":{"rendered":"<p>Luzera: 5,4 kilometro. Desnibela: 45 metro. Denbora: Ordubetea. Zailtasuna: Erraza. Elementu interesgarriak: Eguesko San Martin eliza, Elkanoko eliza eta Ibirikuko San Joan Bataiatzailearen eliza. Ibilbide hau ibarreko ibilbide sarearen erdigunean dago, eta beste hainbat ibilbide seinaleztatuekin lotzeko aukera ematen du.Gainera, Urbi ibaiko eta El Soto errekako ibaiertzeko landaretza behatzeko aukera eskaintzen du.Ibilbidea Eguesen hasten da, [&hellip;]<\/p>\n","protected":false},"author":2,"featured_media":0,"parent":0,"menu_order":0,"comment_status":"closed","ping_status":"closed","template":"","meta":{"footnotes":""},"class_list":["post-10031","page","type-page","status-publish","hentry"],"yoast_head":"<!-- This site is optimized with the Yoast SEO plugin v27.5 - https:\/\/yoast.com\/product\/yoast-seo-wordpress\/ -->\r\n<title>06. IBILBIDEA: EGUES \u2013 ELKANO \u2013 IBIRIKU \u2013 EGUES - Ayuntamiento Valle de Eg\u00fc\u00e9s | Eguesibarko Udala<\/title>\r\n<meta name=\"robots\" content=\"index, follow, max-snippet:-1, max-image-preview:large, max-video-preview:-1\" \/>\r\n<link rel=\"canonical\" href=\"https:\/\/www.valledeegues.com\/eu\/06-ibilbidea-egues-elkano-ibiriku-egues\/\" \/>\r\n<meta property=\"og:locale\" content=\"eu_ES\" \/>\r\n<meta property=\"og:type\" content=\"article\" \/>\r\n<meta property=\"og:title\" content=\"06. IBILBIDEA: EGUES \u2013 ELKANO \u2013 IBIRIKU \u2013 EGUES - Ayuntamiento Valle de Eg\u00fc\u00e9s | Eguesibarko Udala\" \/>\r\n<meta property=\"og:description\" content=\"Luzera: 5,4 kilometro. Desnibela: 45 metro. Denbora: Ordubetea. Zailtasuna: Erraza. Elementu interesgarriak: Eguesko San Martin eliza, Elkanoko eliza eta Ibirikuko San Joan Bataiatzailearen eliza. Ibilbide hau ibarreko ibilbide sarearen erdigunean dago, eta beste hainbat ibilbide seinaleztatuekin lotzeko aukera ematen du.Gainera, Urbi ibaiko eta El Soto errekako ibaiertzeko landaretza behatzeko aukera eskaintzen du.Ibilbidea Eguesen hasten da, [&hellip;]\" \/>\r\n<meta property=\"og:url\" content=\"https:\/\/www.valledeegues.com\/eu\/06-ibilbidea-egues-elkano-ibiriku-egues\/\" \/>\r\n<meta property=\"og:site_name\" content=\"Ayuntamiento Valle de Eg\u00fc\u00e9s | Eguesibarko Udala\" \/>\r\n<meta property=\"article:publisher\" content=\"https:\/\/www.facebook.com\/EguesEguesibar\" \/>\r\n<meta property=\"article:modified_time\" content=\"2026-04-21T22:38:18+00:00\" \/>\r\n<meta name=\"twitter:card\" content=\"summary_large_image\" \/>\r\n<meta name=\"twitter:site\" content=\"@AValledeEgues\" \/>\r\n<meta name=\"twitter:label1\" content=\"Est. reading time\" \/>\n\t<meta name=\"twitter:data1\" content=\"1 minute\" \/>\r\n<script type=\"application\/ld+json\" class=\"yoast-schema-graph\">{\"@context\":\"https:\\\/\\\/schema.org\",\"@graph\":[{\"@type\":\"WebPage\",\"@id\":\"https:\\\/\\\/www.valledeegues.com\\\/eu\\\/06-ibilbidea-egues-elkano-ibiriku-egues\\\/\",\"url\":\"https:\\\/\\\/www.valledeegues.com\\\/eu\\\/06-ibilbidea-egues-elkano-ibiriku-egues\\\/\",\"name\":\"06. IBILBIDEA: EGUES \u2013 ELKANO \u2013 IBIRIKU \u2013 EGUES - Ayuntamiento Valle de Eg\u00fc\u00e9s | Eguesibarko Udala\",\"isPartOf\":{\"@id\":\"https:\\\/\\\/www.valledeegues.com\\\/eu\\\/#website\"},\"datePublished\":\"2018-09-25T10:24:46+00:00\",\"dateModified\":\"2026-04-21T22:38:18+00:00\",\"breadcrumb\":{\"@id\":\"https:\\\/\\\/www.valledeegues.com\\\/eu\\\/06-ibilbidea-egues-elkano-ibiriku-egues\\\/#breadcrumb\"},\"inLanguage\":\"eu-ES\",\"potentialAction\":[{\"@type\":\"ReadAction\",\"target\":[\"https:\\\/\\\/www.valledeegues.com\\\/eu\\\/06-ibilbidea-egues-elkano-ibiriku-egues\\\/\"]}]},{\"@type\":\"BreadcrumbList\",\"@id\":\"https:\\\/\\\/www.valledeegues.com\\\/eu\\\/06-ibilbidea-egues-elkano-ibiriku-egues\\\/#breadcrumb\",\"itemListElement\":[{\"@type\":\"ListItem\",\"position\":1,\"name\":\"Azala\",\"item\":\"https:\\\/\\\/www.valledeegues.com\\\/eu\\\/\"},{\"@type\":\"ListItem\",\"position\":2,\"name\":\"06. IBILBIDEA: EGUES \u2013 ELKANO \u2013 IBIRIKU \u2013 EGUES\"}]},{\"@type\":\"WebSite\",\"@id\":\"https:\\\/\\\/www.valledeegues.com\\\/eu\\\/#website\",\"url\":\"https:\\\/\\\/www.valledeegues.com\\\/eu\\\/\",\"name\":\"Ayuntamiento Valle de Eg\u00fc\u00e9s | Eguesibarko Udala\",\"description\":\"Ayuntamiento Valle de Eg\u00fc\u00e9s | Eguesibarko Udala\",\"publisher\":{\"@id\":\"https:\\\/\\\/www.valledeegues.com\\\/eu\\\/#organization\"},\"potentialAction\":[{\"@type\":\"SearchAction\",\"target\":{\"@type\":\"EntryPoint\",\"urlTemplate\":\"https:\\\/\\\/www.valledeegues.com\\\/eu\\\/?s={search_term_string}\"},\"query-input\":{\"@type\":\"PropertyValueSpecification\",\"valueRequired\":true,\"valueName\":\"search_term_string\"}}],\"inLanguage\":\"eu-ES\"},{\"@type\":\"Organization\",\"@id\":\"https:\\\/\\\/www.valledeegues.com\\\/eu\\\/#organization\",\"name\":\"Ayuntamiento Valle de Egues\",\"url\":\"https:\\\/\\\/www.valledeegues.com\\\/eu\\\/\",\"logo\":{\"@type\":\"ImageObject\",\"inLanguage\":\"eu-ES\",\"@id\":\"https:\\\/\\\/www.valledeegues.com\\\/eu\\\/#\\\/schema\\\/logo\\\/image\\\/\",\"url\":\"https:\\\/\\\/www.valledeegues.com\\\/wp-content\\\/uploads\\\/2019\\\/06\\\/logo-egues-escudo.svg\",\"contentUrl\":\"https:\\\/\\\/www.valledeegues.com\\\/wp-content\\\/uploads\\\/2019\\\/06\\\/logo-egues-escudo.svg\",\"width\":529,\"height\":125,\"caption\":\"Ayuntamiento Valle de Egues\"},\"image\":{\"@id\":\"https:\\\/\\\/www.valledeegues.com\\\/eu\\\/#\\\/schema\\\/logo\\\/image\\\/\"},\"sameAs\":[\"https:\\\/\\\/www.facebook.com\\\/EguesEguesibar\",\"https:\\\/\\\/x.com\\\/AValledeEgues\",\"https:\\\/\\\/www.youtube.com\\\/channel\\\/UCUPvmkTy56ZAhGTVrzg4uDQ\"]}]}<\/script>\r\n<!-- \/ Yoast SEO plugin. -->","yoast_head_json":{"title":"06. IBILBIDEA: EGUES \u2013 ELKANO \u2013 IBIRIKU \u2013 EGUES - Ayuntamiento Valle de Eg\u00fc\u00e9s | Eguesibarko Udala","robots":{"index":"index","follow":"follow","max-snippet":"max-snippet:-1","max-image-preview":"max-image-preview:large","max-video-preview":"max-video-preview:-1"},"canonical":"https:\/\/www.valledeegues.com\/eu\/06-ibilbidea-egues-elkano-ibiriku-egues\/","og_locale":"eu_ES","og_type":"article","og_title":"06. IBILBIDEA: EGUES \u2013 ELKANO \u2013 IBIRIKU \u2013 EGUES - Ayuntamiento Valle de Eg\u00fc\u00e9s | Eguesibarko Udala","og_description":"Luzera: 5,4 kilometro. Desnibela: 45 metro. Denbora: Ordubetea. Zailtasuna: Erraza. Elementu interesgarriak: Eguesko San Martin eliza, Elkanoko eliza eta Ibirikuko San Joan Bataiatzailearen eliza. Ibilbide hau ibarreko ibilbide sarearen erdigunean dago, eta beste hainbat ibilbide seinaleztatuekin lotzeko aukera ematen du.Gainera, Urbi ibaiko eta El Soto errekako ibaiertzeko landaretza behatzeko aukera eskaintzen du.Ibilbidea Eguesen hasten da, [&hellip;]","og_url":"https:\/\/www.valledeegues.com\/eu\/06-ibilbidea-egues-elkano-ibiriku-egues\/","og_site_name":"Ayuntamiento Valle de Eg\u00fc\u00e9s | Eguesibarko Udala","article_publisher":"https:\/\/www.facebook.com\/EguesEguesibar","article_modified_time":"2026-04-21T22:38:18+00:00","twitter_card":"summary_large_image","twitter_site":"@AValledeEgues","twitter_misc":{"Est. reading time":"1 minute"},"schema":{"@context":"https:\/\/schema.org","@graph":[{"@type":"WebPage","@id":"https:\/\/www.valledeegues.com\/eu\/06-ibilbidea-egues-elkano-ibiriku-egues\/","url":"https:\/\/www.valledeegues.com\/eu\/06-ibilbidea-egues-elkano-ibiriku-egues\/","name":"06. IBILBIDEA: EGUES \u2013 ELKANO \u2013 IBIRIKU \u2013 EGUES - Ayuntamiento Valle de Eg\u00fc\u00e9s | Eguesibarko Udala","isPartOf":{"@id":"https:\/\/www.valledeegues.com\/eu\/#website"},"datePublished":"2018-09-25T10:24:46+00:00","dateModified":"2026-04-21T22:38:18+00:00","breadcrumb":{"@id":"https:\/\/www.valledeegues.com\/eu\/06-ibilbidea-egues-elkano-ibiriku-egues\/#breadcrumb"},"inLanguage":"eu-ES","potentialAction":[{"@type":"ReadAction","target":["https:\/\/www.valledeegues.com\/eu\/06-ibilbidea-egues-elkano-ibiriku-egues\/"]}]},{"@type":"BreadcrumbList","@id":"https:\/\/www.valledeegues.com\/eu\/06-ibilbidea-egues-elkano-ibiriku-egues\/#breadcrumb","itemListElement":[{"@type":"ListItem","position":1,"name":"Azala","item":"https:\/\/www.valledeegues.com\/eu\/"},{"@type":"ListItem","position":2,"name":"06. IBILBIDEA: EGUES \u2013 ELKANO \u2013 IBIRIKU \u2013 EGUES"}]},{"@type":"WebSite","@id":"https:\/\/www.valledeegues.com\/eu\/#website","url":"https:\/\/www.valledeegues.com\/eu\/","name":"Ayuntamiento Valle de Eg\u00fc\u00e9s | Eguesibarko Udala","description":"Ayuntamiento Valle de Eg\u00fc\u00e9s | Eguesibarko Udala","publisher":{"@id":"https:\/\/www.valledeegues.com\/eu\/#organization"},"potentialAction":[{"@type":"SearchAction","target":{"@type":"EntryPoint","urlTemplate":"https:\/\/www.valledeegues.com\/eu\/?s={search_term_string}"},"query-input":{"@type":"PropertyValueSpecification","valueRequired":true,"valueName":"search_term_string"}}],"inLanguage":"eu-ES"},{"@type":"Organization","@id":"https:\/\/www.valledeegues.com\/eu\/#organization","name":"Ayuntamiento Valle de Egues","url":"https:\/\/www.valledeegues.com\/eu\/","logo":{"@type":"ImageObject","inLanguage":"eu-ES","@id":"https:\/\/www.valledeegues.com\/eu\/#\/schema\/logo\/image\/","url":"https:\/\/www.valledeegues.com\/wp-content\/uploads\/2019\/06\/logo-egues-escudo.svg","contentUrl":"https:\/\/www.valledeegues.com\/wp-content\/uploads\/2019\/06\/logo-egues-escudo.svg","width":529,"height":125,"caption":"Ayuntamiento Valle de Egues"},"image":{"@id":"https:\/\/www.valledeegues.com\/eu\/#\/schema\/logo\/image\/"},"sameAs":["https:\/\/www.facebook.com\/EguesEguesibar","https:\/\/x.com\/AValledeEgues","https:\/\/www.youtube.com\/channel\/UCUPvmkTy56ZAhGTVrzg4uDQ"]}]}},"_links":{"self":[{"href":"https:\/\/www.valledeegues.com\/eu\/wp-json\/wp\/v2\/pages\/10031","targetHints":{"allow":["GET"]}}],"collection":[{"href":"https:\/\/www.valledeegues.com\/eu\/wp-json\/wp\/v2\/pages"}],"about":[{"href":"https:\/\/www.valledeegues.com\/eu\/wp-json\/wp\/v2\/types\/page"}],"author":[{"embeddable":true,"href":"https:\/\/www.valledeegues.com\/eu\/wp-json\/wp\/v2\/users\/2"}],"replies":[{"embeddable":true,"href":"https:\/\/www.valledeegues.com\/eu\/wp-json\/wp\/v2\/comments?post=10031"}],"version-history":[{"count":4,"href":"https:\/\/www.valledeegues.com\/eu\/wp-json\/wp\/v2\/pages\/10031\/revisions"}],"predecessor-version":[{"id":46050,"href":"https:\/\/www.valledeegues.com\/eu\/wp-json\/wp\/v2\/pages\/10031\/revisions\/46050"}],"wp:attachment":[{"href":"https:\/\/www.valledeegues.com\/eu\/wp-json\/wp\/v2\/media?parent=10031"}],"curies":[{"name":"wp","href":"https:\/\/api.w.org\/{rel}","templated":true}]}}