{"id":10029,"date":"2018-09-25T12:23:18","date_gmt":"2018-09-25T10:23:18","guid":{"rendered":"https:\/\/www.valledeegues.com\/recurso_turistico_cp\/itinerario-05-azpa-ibiricu-azpa\/"},"modified":"2026-04-21T12:03:24","modified_gmt":"2026-04-21T10:03:24","slug":"05-ibilbidea-azpa-ibiriku-azpa","status":"publish","type":"page","link":"https:\/\/www.valledeegues.com\/eu\/05-ibilbidea-azpa-ibiriku-azpa\/","title":{"rendered":"05. IBILBIDEA: AZPA \u2013 IBIRIKU \u2013 AZPA"},"content":{"rendered":"<?xml encoding=\"utf-8\" ?><p><a href=\"wp-content\/uploads\/2018\/09\/itinerario-05-egues.jpg\" class=\"doc-link doc-jpg doc-group-image\"><img loading=\"lazy\" decoding=\"async\" class=\"aligncenter size-full wp-image-4250\" src=\"wp-content\/uploads\/2018\/09\/itinerario-05-egues.jpg\" alt=\"itinerario-05-egues\" width=\"900\" height=\"900\" srcset=\"https:\/\/www.valledeegues.com\/wp-content\/uploads\/2018\/09\/itinerario-05-egues.jpg 900w, https:\/\/www.valledeegues.com\/wp-content\/uploads\/2018\/09\/itinerario-05-egues-300x300.jpg 300w, https:\/\/www.valledeegues.com\/wp-content\/uploads\/2018\/09\/itinerario-05-egues-768x768.jpg 768w, https:\/\/www.valledeegues.com\/wp-content\/uploads\/2018\/09\/itinerario-05-egues-1024x1024.jpg 1024w, https:\/\/www.valledeegues.com\/wp-content\/uploads\/2018\/09\/itinerario-05-egues-1320x1320.jpg 1320w\" sizes=\"auto, (max-width: 900px) 100vw, 900px\"><\/a><\/p><ul>\n<li><strong>Luzera:<\/strong> 7,8 kilometro.<\/li>\n<li><strong>Desnibela:<\/strong> 105 metro.<\/li>\n<li><strong>Denbora:<\/strong> 2 ordu.<\/li>\n<li><strong>Zailtasuna:<\/strong> erraza.<\/li>\n<li><strong>Elementu interesgarriak: <\/strong>San Martin eliza, Azpako Bizkondearen jauregia eta Azpako Santa Iturri. Erreka bazterreko landaretza eta zereal alorrak.<\/li>\n<\/ul><p>Ibilbidea zereal alorren artean doa. Gainera, El Sotoko erreka bazterreko landaretza ikusiko dugu, bai eta bi muino txikitan dauden pinudiak ere: Eurri mendia eta Monte Chiquito.<\/p><p>Azpatik abiatu, 200 bat metrotan NA-2321 errepideari jarraitu eta, berehala, zagorrezko pista bat hartuko dugu gure ezkerrean. 4 metroko zabalera dauka. Pistari Iru&ntilde;eko Bidea esaten zaio. 70 metrora, pisten bidegurutze bat dago. Guk ezkerrekoa hartu eta, zereal alorren artean, poliki-poliki igoko gara Eurri mendiaren eta Monte Chiquitoren arteko mendi-lepora iritsi arte.<\/p><p>Gero, El Sotoko erreka ondotik (Soto bidea) jaitsiko gara. Mendebalderantz dagoen Zalduko bidera ailegatu arte.<\/p><p>Ondotik, bide hori hegoalderantz egin, eta Azpako bidearen bidegurutzera iritsiko gara, Eurri mendia inguratu ondoren. Iru&ntilde;eko bidea hartu eta Azpara itzuliko gara.<\/p><h4>Irati trenbide zaharrarekiko lotura<\/h4><p>Azpatik hurbil, 5. ibilbidearen hasieratik gertu, pista bat hartu eta Uztarrotzera iritsiko gara.<\/p><p>Herri horretatik atera, errepidean behera joan, eta Irati trenbide zaharrak Eguesibarren egiten zuen ibilbideari lotuko gatzaizkio.<\/p>\n","protected":false},"excerpt":{"rendered":"<p>Luzera: 7,8 kilometro. Desnibela: 105 metro. Denbora: 2 ordu. Zailtasuna: erraza. Elementu interesgarriak: San Martin eliza, Azpako Bizkondearen jauregia eta Azpako Santa Iturri. Erreka bazterreko landaretza eta zereal alorrak. Ibilbidea zereal alorren artean doa. Gainera, El Sotoko erreka bazterreko landaretza ikusiko dugu, bai eta bi muino txikitan dauden pinudiak ere: Eurri mendia eta Monte Chiquito.Azpatik [&hellip;]<\/p>\n","protected":false},"author":2,"featured_media":0,"parent":0,"menu_order":0,"comment_status":"closed","ping_status":"closed","template":"","meta":{"footnotes":""},"class_list":["post-10029","page","type-page","status-publish","hentry"],"yoast_head":"<!-- This site is optimized with the Yoast SEO plugin v27.5 - https:\/\/yoast.com\/product\/yoast-seo-wordpress\/ -->\r\n<title>05. IBILBIDEA: AZPA \u2013 IBIRIKU \u2013 AZPA - Ayuntamiento Valle de Eg\u00fc\u00e9s | Eguesibarko Udala<\/title>\r\n<meta name=\"robots\" content=\"index, follow, max-snippet:-1, max-image-preview:large, max-video-preview:-1\" \/>\r\n<link rel=\"canonical\" href=\"https:\/\/www.valledeegues.com\/eu\/05-ibilbidea-azpa-ibiriku-azpa\/\" \/>\r\n<meta property=\"og:locale\" content=\"eu_ES\" \/>\r\n<meta property=\"og:type\" content=\"article\" \/>\r\n<meta property=\"og:title\" content=\"05. IBILBIDEA: AZPA \u2013 IBIRIKU \u2013 AZPA - Ayuntamiento Valle de Eg\u00fc\u00e9s | Eguesibarko Udala\" \/>\r\n<meta property=\"og:description\" content=\"Luzera: 7,8 kilometro. Desnibela: 105 metro. Denbora: 2 ordu. Zailtasuna: erraza. Elementu interesgarriak: San Martin eliza, Azpako Bizkondearen jauregia eta Azpako Santa Iturri. Erreka bazterreko landaretza eta zereal alorrak. Ibilbidea zereal alorren artean doa. Gainera, El Sotoko erreka bazterreko landaretza ikusiko dugu, bai eta bi muino txikitan dauden pinudiak ere: Eurri mendia eta Monte Chiquito.Azpatik [&hellip;]\" \/>\r\n<meta property=\"og:url\" content=\"https:\/\/www.valledeegues.com\/eu\/05-ibilbidea-azpa-ibiriku-azpa\/\" \/>\r\n<meta property=\"og:site_name\" content=\"Ayuntamiento Valle de Eg\u00fc\u00e9s | Eguesibarko Udala\" \/>\r\n<meta property=\"article:publisher\" content=\"https:\/\/www.facebook.com\/EguesEguesibar\" \/>\r\n<meta property=\"article:modified_time\" content=\"2026-04-21T10:03:24+00:00\" \/>\r\n<meta name=\"twitter:card\" content=\"summary_large_image\" \/>\r\n<meta name=\"twitter:site\" content=\"@AValledeEgues\" \/>\r\n<meta name=\"twitter:label1\" content=\"Est. reading time\" \/>\n\t<meta name=\"twitter:data1\" content=\"1 minute\" \/>\r\n<script type=\"application\/ld+json\" class=\"yoast-schema-graph\">{\"@context\":\"https:\\\/\\\/schema.org\",\"@graph\":[{\"@type\":\"WebPage\",\"@id\":\"https:\\\/\\\/www.valledeegues.com\\\/eu\\\/05-ibilbidea-azpa-ibiriku-azpa\\\/\",\"url\":\"https:\\\/\\\/www.valledeegues.com\\\/eu\\\/05-ibilbidea-azpa-ibiriku-azpa\\\/\",\"name\":\"05. IBILBIDEA: AZPA \u2013 IBIRIKU \u2013 AZPA - Ayuntamiento Valle de Eg\u00fc\u00e9s | Eguesibarko Udala\",\"isPartOf\":{\"@id\":\"https:\\\/\\\/www.valledeegues.com\\\/eu\\\/#website\"},\"datePublished\":\"2018-09-25T10:23:18+00:00\",\"dateModified\":\"2026-04-21T10:03:24+00:00\",\"breadcrumb\":{\"@id\":\"https:\\\/\\\/www.valledeegues.com\\\/eu\\\/05-ibilbidea-azpa-ibiriku-azpa\\\/#breadcrumb\"},\"inLanguage\":\"eu-ES\",\"potentialAction\":[{\"@type\":\"ReadAction\",\"target\":[\"https:\\\/\\\/www.valledeegues.com\\\/eu\\\/05-ibilbidea-azpa-ibiriku-azpa\\\/\"]}]},{\"@type\":\"BreadcrumbList\",\"@id\":\"https:\\\/\\\/www.valledeegues.com\\\/eu\\\/05-ibilbidea-azpa-ibiriku-azpa\\\/#breadcrumb\",\"itemListElement\":[{\"@type\":\"ListItem\",\"position\":1,\"name\":\"Azala\",\"item\":\"https:\\\/\\\/www.valledeegues.com\\\/eu\\\/\"},{\"@type\":\"ListItem\",\"position\":2,\"name\":\"05. IBILBIDEA: AZPA \u2013 IBIRIKU \u2013 AZPA\"}]},{\"@type\":\"WebSite\",\"@id\":\"https:\\\/\\\/www.valledeegues.com\\\/eu\\\/#website\",\"url\":\"https:\\\/\\\/www.valledeegues.com\\\/eu\\\/\",\"name\":\"Ayuntamiento Valle de Eg\u00fc\u00e9s | Eguesibarko Udala\",\"description\":\"Ayuntamiento Valle de Eg\u00fc\u00e9s | Eguesibarko Udala\",\"publisher\":{\"@id\":\"https:\\\/\\\/www.valledeegues.com\\\/eu\\\/#organization\"},\"potentialAction\":[{\"@type\":\"SearchAction\",\"target\":{\"@type\":\"EntryPoint\",\"urlTemplate\":\"https:\\\/\\\/www.valledeegues.com\\\/eu\\\/?s={search_term_string}\"},\"query-input\":{\"@type\":\"PropertyValueSpecification\",\"valueRequired\":true,\"valueName\":\"search_term_string\"}}],\"inLanguage\":\"eu-ES\"},{\"@type\":\"Organization\",\"@id\":\"https:\\\/\\\/www.valledeegues.com\\\/eu\\\/#organization\",\"name\":\"Ayuntamiento Valle de Egues\",\"url\":\"https:\\\/\\\/www.valledeegues.com\\\/eu\\\/\",\"logo\":{\"@type\":\"ImageObject\",\"inLanguage\":\"eu-ES\",\"@id\":\"https:\\\/\\\/www.valledeegues.com\\\/eu\\\/#\\\/schema\\\/logo\\\/image\\\/\",\"url\":\"https:\\\/\\\/www.valledeegues.com\\\/wp-content\\\/uploads\\\/2019\\\/06\\\/logo-egues-escudo.svg\",\"contentUrl\":\"https:\\\/\\\/www.valledeegues.com\\\/wp-content\\\/uploads\\\/2019\\\/06\\\/logo-egues-escudo.svg\",\"width\":529,\"height\":125,\"caption\":\"Ayuntamiento Valle de Egues\"},\"image\":{\"@id\":\"https:\\\/\\\/www.valledeegues.com\\\/eu\\\/#\\\/schema\\\/logo\\\/image\\\/\"},\"sameAs\":[\"https:\\\/\\\/www.facebook.com\\\/EguesEguesibar\",\"https:\\\/\\\/x.com\\\/AValledeEgues\",\"https:\\\/\\\/www.youtube.com\\\/channel\\\/UCUPvmkTy56ZAhGTVrzg4uDQ\"]}]}<\/script>\r\n<!-- \/ Yoast SEO plugin. -->","yoast_head_json":{"title":"05. IBILBIDEA: AZPA \u2013 IBIRIKU \u2013 AZPA - Ayuntamiento Valle de Eg\u00fc\u00e9s | Eguesibarko Udala","robots":{"index":"index","follow":"follow","max-snippet":"max-snippet:-1","max-image-preview":"max-image-preview:large","max-video-preview":"max-video-preview:-1"},"canonical":"https:\/\/www.valledeegues.com\/eu\/05-ibilbidea-azpa-ibiriku-azpa\/","og_locale":"eu_ES","og_type":"article","og_title":"05. IBILBIDEA: AZPA \u2013 IBIRIKU \u2013 AZPA - Ayuntamiento Valle de Eg\u00fc\u00e9s | Eguesibarko Udala","og_description":"Luzera: 7,8 kilometro. Desnibela: 105 metro. Denbora: 2 ordu. Zailtasuna: erraza. Elementu interesgarriak: San Martin eliza, Azpako Bizkondearen jauregia eta Azpako Santa Iturri. Erreka bazterreko landaretza eta zereal alorrak. Ibilbidea zereal alorren artean doa. Gainera, El Sotoko erreka bazterreko landaretza ikusiko dugu, bai eta bi muino txikitan dauden pinudiak ere: Eurri mendia eta Monte Chiquito.Azpatik [&hellip;]","og_url":"https:\/\/www.valledeegues.com\/eu\/05-ibilbidea-azpa-ibiriku-azpa\/","og_site_name":"Ayuntamiento Valle de Eg\u00fc\u00e9s | Eguesibarko Udala","article_publisher":"https:\/\/www.facebook.com\/EguesEguesibar","article_modified_time":"2026-04-21T10:03:24+00:00","twitter_card":"summary_large_image","twitter_site":"@AValledeEgues","twitter_misc":{"Est. reading time":"1 minute"},"schema":{"@context":"https:\/\/schema.org","@graph":[{"@type":"WebPage","@id":"https:\/\/www.valledeegues.com\/eu\/05-ibilbidea-azpa-ibiriku-azpa\/","url":"https:\/\/www.valledeegues.com\/eu\/05-ibilbidea-azpa-ibiriku-azpa\/","name":"05. IBILBIDEA: AZPA \u2013 IBIRIKU \u2013 AZPA - Ayuntamiento Valle de Eg\u00fc\u00e9s | Eguesibarko Udala","isPartOf":{"@id":"https:\/\/www.valledeegues.com\/eu\/#website"},"datePublished":"2018-09-25T10:23:18+00:00","dateModified":"2026-04-21T10:03:24+00:00","breadcrumb":{"@id":"https:\/\/www.valledeegues.com\/eu\/05-ibilbidea-azpa-ibiriku-azpa\/#breadcrumb"},"inLanguage":"eu-ES","potentialAction":[{"@type":"ReadAction","target":["https:\/\/www.valledeegues.com\/eu\/05-ibilbidea-azpa-ibiriku-azpa\/"]}]},{"@type":"BreadcrumbList","@id":"https:\/\/www.valledeegues.com\/eu\/05-ibilbidea-azpa-ibiriku-azpa\/#breadcrumb","itemListElement":[{"@type":"ListItem","position":1,"name":"Azala","item":"https:\/\/www.valledeegues.com\/eu\/"},{"@type":"ListItem","position":2,"name":"05. IBILBIDEA: AZPA \u2013 IBIRIKU \u2013 AZPA"}]},{"@type":"WebSite","@id":"https:\/\/www.valledeegues.com\/eu\/#website","url":"https:\/\/www.valledeegues.com\/eu\/","name":"Ayuntamiento Valle de Eg\u00fc\u00e9s | Eguesibarko Udala","description":"Ayuntamiento Valle de Eg\u00fc\u00e9s | Eguesibarko Udala","publisher":{"@id":"https:\/\/www.valledeegues.com\/eu\/#organization"},"potentialAction":[{"@type":"SearchAction","target":{"@type":"EntryPoint","urlTemplate":"https:\/\/www.valledeegues.com\/eu\/?s={search_term_string}"},"query-input":{"@type":"PropertyValueSpecification","valueRequired":true,"valueName":"search_term_string"}}],"inLanguage":"eu-ES"},{"@type":"Organization","@id":"https:\/\/www.valledeegues.com\/eu\/#organization","name":"Ayuntamiento Valle de Egues","url":"https:\/\/www.valledeegues.com\/eu\/","logo":{"@type":"ImageObject","inLanguage":"eu-ES","@id":"https:\/\/www.valledeegues.com\/eu\/#\/schema\/logo\/image\/","url":"https:\/\/www.valledeegues.com\/wp-content\/uploads\/2019\/06\/logo-egues-escudo.svg","contentUrl":"https:\/\/www.valledeegues.com\/wp-content\/uploads\/2019\/06\/logo-egues-escudo.svg","width":529,"height":125,"caption":"Ayuntamiento Valle de Egues"},"image":{"@id":"https:\/\/www.valledeegues.com\/eu\/#\/schema\/logo\/image\/"},"sameAs":["https:\/\/www.facebook.com\/EguesEguesibar","https:\/\/x.com\/AValledeEgues","https:\/\/www.youtube.com\/channel\/UCUPvmkTy56ZAhGTVrzg4uDQ"]}]}},"_links":{"self":[{"href":"https:\/\/www.valledeegues.com\/eu\/wp-json\/wp\/v2\/pages\/10029","targetHints":{"allow":["GET"]}}],"collection":[{"href":"https:\/\/www.valledeegues.com\/eu\/wp-json\/wp\/v2\/pages"}],"about":[{"href":"https:\/\/www.valledeegues.com\/eu\/wp-json\/wp\/v2\/types\/page"}],"author":[{"embeddable":true,"href":"https:\/\/www.valledeegues.com\/eu\/wp-json\/wp\/v2\/users\/2"}],"replies":[{"embeddable":true,"href":"https:\/\/www.valledeegues.com\/eu\/wp-json\/wp\/v2\/comments?post=10029"}],"version-history":[{"count":5,"href":"https:\/\/www.valledeegues.com\/eu\/wp-json\/wp\/v2\/pages\/10029\/revisions"}],"predecessor-version":[{"id":45984,"href":"https:\/\/www.valledeegues.com\/eu\/wp-json\/wp\/v2\/pages\/10029\/revisions\/45984"}],"wp:attachment":[{"href":"https:\/\/www.valledeegues.com\/eu\/wp-json\/wp\/v2\/media?parent=10029"}],"curies":[{"name":"wp","href":"https:\/\/api.w.org\/{rel}","templated":true}]}}