{"id":10026,"date":"2018-09-25T12:21:38","date_gmt":"2018-09-25T10:21:38","guid":{"rendered":"https:\/\/www.valledeegues.com\/recurso_turistico_cp\/itinerario-04-ibiricu-etxalaz-elia-ibiricu\/"},"modified":"2026-04-22T00:36:01","modified_gmt":"2026-04-21T22:36:01","slug":"04-ibilbidea-ibiriku-etxalatz-elia-ibiriku","status":"publish","type":"page","link":"https:\/\/www.valledeegues.com\/eu\/04-ibilbidea-ibiriku-etxalatz-elia-ibiriku\/","title":{"rendered":"04. IBILBIDEA: IBIRIKU \u2013 ETXALATZ \u2013 ELIA \u2013 IBIRIKU"},"content":{"rendered":"<?xml encoding=\"utf-8\" ?><p><a href=\"wp-content\/uploads\/2018\/09\/itinerario-04-egues.jpg\" class=\"doc-link doc-jpg doc-group-image\"><img loading=\"lazy\" decoding=\"async\" class=\"aligncenter size-full wp-image-4253\" src=\"wp-content\/uploads\/2018\/09\/itinerario-04-egues.jpg\" alt=\"itinerario-04-egues\" width=\"900\" height=\"900\" srcset=\"https:\/\/www.valledeegues.com\/wp-content\/uploads\/2018\/09\/itinerario-04-egues.jpg 900w, https:\/\/www.valledeegues.com\/wp-content\/uploads\/2018\/09\/itinerario-04-egues-150x150.jpg 150w, https:\/\/www.valledeegues.com\/wp-content\/uploads\/2018\/09\/itinerario-04-egues-300x300.jpg 300w, https:\/\/www.valledeegues.com\/wp-content\/uploads\/2018\/09\/itinerario-04-egues-768x768.jpg 768w\" sizes=\"auto, (max-width: 900px) 100vw, 900px\"><\/a><\/p><ul>\n<li><strong>Luzera:<\/strong> 9,7 kilometro.<\/li>\n<li><strong>Desnibela:<\/strong> 370 metro.<\/li>\n<li><strong>Denbora:<\/strong> 3,5 ordu.<\/li>\n<li><strong>Zailtasuna:<\/strong> Ertaina.<\/li>\n<li><strong>Elementu interesgarriak:<\/strong> Ibirikuko San Joan Bataiatzailearen eliza, Etxalazko Jaurerriko jauregia, Eliako Jasokunde eliza, erreka bazterretako landaretza, pinudiak (larizio pinua eta pinu gorria).<\/li>\n<\/ul><p>Ibilbidearen zatirik garaienean Eguesibarraren ikuspegi zabalak daude, eta egun argietan Pirinioak ere ikus daitezke.<\/p><p>Ibilbidean zehar aipatutako herriguneak, bazkalekuak, Urbi ibaiaren bazterretako landaretza eta pinudi landatuak zeharkatzen dira (larizio pinua eta pinu gorria), paisaia eta ingurumen aldetik aberastasun handia eskainiz.<\/p><p>Ibilbidea Ibirikun hasten da, 520 metroko altueran, eta NA-2375 errepidetik Etxalazera iristen da. Han, Etxalazko Jaurerriaren inguruan, errepidea utzi, Urbi erreka pasarela batetik gurutzatu eta bazkalekuetan barrena ibaiaren ondotik aurrera egiten da, pixkanaka altuera hartuz pinudi landatu baten mugara iritsi arte. Lurrezko bide honek Elia herrira eramaten du.<\/p><p>Elian, herrigunea zeharkatu ondoren, Amokaingo bidea hartzen da; 4 metro inguruko zabalerako pista finkatua da, Amokainera daramana. Bertan pista utzi eta ezkerretik abiatzen den lurrezko bidexka estu bat hartzen da, hegal erditik igotzen dena pinudi batean sartuz. Bidea sasiz betetako bidexka bihurtzen da. Puntu honetaraino 130 metroko desnibela gainditu da.<\/p><p>Bidexka horretatik gora jarraituz, pinudien artean igotzen da 892 metroko altuerara arte; hau da ibilbideko punturik altuena eta beste ibilbide batekin lotzen den tokia.<\/p><p>Puntu horretatik ikuspegi bikainak daude inguruko mendi eta haranetara, baita ekialdera Pirinioetara ere. Guztira 372 metroko desnibela gainditzen da.<\/p><p>Ondoren, etengabeko jaitsiera hasten da pinudien artean, 3,5 metro inguruko zabalerako lurrezko pista batetik. Basotik irten ondoren ere beherantz jarraitzen da Akarregiko bidera iritsi arte, eta handik Ibirikura heltzen da.<\/p>\n","protected":false},"excerpt":{"rendered":"<p>Luzera: 9,7 kilometro. Desnibela: 370 metro. Denbora: 3,5 ordu. Zailtasuna: Ertaina. Elementu interesgarriak: Ibirikuko San Joan Bataiatzailearen eliza, Etxalazko Jaurerriko jauregia, Eliako Jasokunde eliza, erreka bazterretako landaretza, pinudiak (larizio pinua eta pinu gorria). Ibilbidearen zatirik garaienean Eguesibarraren ikuspegi zabalak daude, eta egun argietan Pirinioak ere ikus daitezke.Ibilbidean zehar aipatutako herriguneak, bazkalekuak, Urbi ibaiaren bazterretako landaretza [&hellip;]<\/p>\n","protected":false},"author":2,"featured_media":0,"parent":0,"menu_order":0,"comment_status":"closed","ping_status":"closed","template":"","meta":{"footnotes":""},"class_list":["post-10026","page","type-page","status-publish","hentry"],"yoast_head":"<!-- This site is optimized with the Yoast SEO plugin v27.5 - https:\/\/yoast.com\/product\/yoast-seo-wordpress\/ -->\r\n<title>04. IBILBIDEA: IBIRIKU \u2013 ETXALATZ \u2013 ELIA \u2013 IBIRIKU - Ayuntamiento Valle de Eg\u00fc\u00e9s | Eguesibarko Udala<\/title>\r\n<meta name=\"robots\" content=\"index, follow, max-snippet:-1, max-image-preview:large, max-video-preview:-1\" \/>\r\n<link rel=\"canonical\" href=\"https:\/\/www.valledeegues.com\/eu\/04-ibilbidea-ibiriku-etxalatz-elia-ibiriku\/\" \/>\r\n<meta property=\"og:locale\" content=\"eu_ES\" \/>\r\n<meta property=\"og:type\" content=\"article\" \/>\r\n<meta property=\"og:title\" content=\"04. IBILBIDEA: IBIRIKU \u2013 ETXALATZ \u2013 ELIA \u2013 IBIRIKU - Ayuntamiento Valle de Eg\u00fc\u00e9s | Eguesibarko Udala\" \/>\r\n<meta property=\"og:description\" content=\"Luzera: 9,7 kilometro. Desnibela: 370 metro. Denbora: 3,5 ordu. Zailtasuna: Ertaina. Elementu interesgarriak: Ibirikuko San Joan Bataiatzailearen eliza, Etxalazko Jaurerriko jauregia, Eliako Jasokunde eliza, erreka bazterretako landaretza, pinudiak (larizio pinua eta pinu gorria). Ibilbidearen zatirik garaienean Eguesibarraren ikuspegi zabalak daude, eta egun argietan Pirinioak ere ikus daitezke.Ibilbidean zehar aipatutako herriguneak, bazkalekuak, Urbi ibaiaren bazterretako landaretza [&hellip;]\" \/>\r\n<meta property=\"og:url\" content=\"https:\/\/www.valledeegues.com\/eu\/04-ibilbidea-ibiriku-etxalatz-elia-ibiriku\/\" \/>\r\n<meta property=\"og:site_name\" content=\"Ayuntamiento Valle de Eg\u00fc\u00e9s | Eguesibarko Udala\" \/>\r\n<meta property=\"article:publisher\" content=\"https:\/\/www.facebook.com\/EguesEguesibar\" \/>\r\n<meta property=\"article:modified_time\" content=\"2026-04-21T22:36:01+00:00\" \/>\r\n<meta name=\"twitter:card\" content=\"summary_large_image\" \/>\r\n<meta name=\"twitter:site\" content=\"@AValledeEgues\" \/>\r\n<meta name=\"twitter:label1\" content=\"Est. reading time\" \/>\n\t<meta name=\"twitter:data1\" content=\"1 minute\" \/>\r\n<script type=\"application\/ld+json\" class=\"yoast-schema-graph\">{\"@context\":\"https:\\\/\\\/schema.org\",\"@graph\":[{\"@type\":\"WebPage\",\"@id\":\"https:\\\/\\\/www.valledeegues.com\\\/eu\\\/04-ibilbidea-ibiriku-etxalatz-elia-ibiriku\\\/\",\"url\":\"https:\\\/\\\/www.valledeegues.com\\\/eu\\\/04-ibilbidea-ibiriku-etxalatz-elia-ibiriku\\\/\",\"name\":\"04. IBILBIDEA: IBIRIKU \u2013 ETXALATZ \u2013 ELIA \u2013 IBIRIKU - Ayuntamiento Valle de Eg\u00fc\u00e9s | Eguesibarko Udala\",\"isPartOf\":{\"@id\":\"https:\\\/\\\/www.valledeegues.com\\\/eu\\\/#website\"},\"datePublished\":\"2018-09-25T10:21:38+00:00\",\"dateModified\":\"2026-04-21T22:36:01+00:00\",\"breadcrumb\":{\"@id\":\"https:\\\/\\\/www.valledeegues.com\\\/eu\\\/04-ibilbidea-ibiriku-etxalatz-elia-ibiriku\\\/#breadcrumb\"},\"inLanguage\":\"eu-ES\",\"potentialAction\":[{\"@type\":\"ReadAction\",\"target\":[\"https:\\\/\\\/www.valledeegues.com\\\/eu\\\/04-ibilbidea-ibiriku-etxalatz-elia-ibiriku\\\/\"]}]},{\"@type\":\"BreadcrumbList\",\"@id\":\"https:\\\/\\\/www.valledeegues.com\\\/eu\\\/04-ibilbidea-ibiriku-etxalatz-elia-ibiriku\\\/#breadcrumb\",\"itemListElement\":[{\"@type\":\"ListItem\",\"position\":1,\"name\":\"Azala\",\"item\":\"https:\\\/\\\/www.valledeegues.com\\\/eu\\\/\"},{\"@type\":\"ListItem\",\"position\":2,\"name\":\"04. IBILBIDEA: IBIRIKU \u2013 ETXALATZ \u2013 ELIA \u2013 IBIRIKU\"}]},{\"@type\":\"WebSite\",\"@id\":\"https:\\\/\\\/www.valledeegues.com\\\/eu\\\/#website\",\"url\":\"https:\\\/\\\/www.valledeegues.com\\\/eu\\\/\",\"name\":\"Ayuntamiento Valle de Eg\u00fc\u00e9s | Eguesibarko Udala\",\"description\":\"Ayuntamiento Valle de Eg\u00fc\u00e9s | Eguesibarko Udala\",\"publisher\":{\"@id\":\"https:\\\/\\\/www.valledeegues.com\\\/eu\\\/#organization\"},\"potentialAction\":[{\"@type\":\"SearchAction\",\"target\":{\"@type\":\"EntryPoint\",\"urlTemplate\":\"https:\\\/\\\/www.valledeegues.com\\\/eu\\\/?s={search_term_string}\"},\"query-input\":{\"@type\":\"PropertyValueSpecification\",\"valueRequired\":true,\"valueName\":\"search_term_string\"}}],\"inLanguage\":\"eu-ES\"},{\"@type\":\"Organization\",\"@id\":\"https:\\\/\\\/www.valledeegues.com\\\/eu\\\/#organization\",\"name\":\"Ayuntamiento Valle de Egues\",\"url\":\"https:\\\/\\\/www.valledeegues.com\\\/eu\\\/\",\"logo\":{\"@type\":\"ImageObject\",\"inLanguage\":\"eu-ES\",\"@id\":\"https:\\\/\\\/www.valledeegues.com\\\/eu\\\/#\\\/schema\\\/logo\\\/image\\\/\",\"url\":\"https:\\\/\\\/www.valledeegues.com\\\/wp-content\\\/uploads\\\/2019\\\/06\\\/logo-egues-escudo.svg\",\"contentUrl\":\"https:\\\/\\\/www.valledeegues.com\\\/wp-content\\\/uploads\\\/2019\\\/06\\\/logo-egues-escudo.svg\",\"width\":529,\"height\":125,\"caption\":\"Ayuntamiento Valle de Egues\"},\"image\":{\"@id\":\"https:\\\/\\\/www.valledeegues.com\\\/eu\\\/#\\\/schema\\\/logo\\\/image\\\/\"},\"sameAs\":[\"https:\\\/\\\/www.facebook.com\\\/EguesEguesibar\",\"https:\\\/\\\/x.com\\\/AValledeEgues\",\"https:\\\/\\\/www.youtube.com\\\/channel\\\/UCUPvmkTy56ZAhGTVrzg4uDQ\"]}]}<\/script>\r\n<!-- \/ Yoast SEO plugin. -->","yoast_head_json":{"title":"04. IBILBIDEA: IBIRIKU \u2013 ETXALATZ \u2013 ELIA \u2013 IBIRIKU - Ayuntamiento Valle de Eg\u00fc\u00e9s | Eguesibarko Udala","robots":{"index":"index","follow":"follow","max-snippet":"max-snippet:-1","max-image-preview":"max-image-preview:large","max-video-preview":"max-video-preview:-1"},"canonical":"https:\/\/www.valledeegues.com\/eu\/04-ibilbidea-ibiriku-etxalatz-elia-ibiriku\/","og_locale":"eu_ES","og_type":"article","og_title":"04. IBILBIDEA: IBIRIKU \u2013 ETXALATZ \u2013 ELIA \u2013 IBIRIKU - Ayuntamiento Valle de Eg\u00fc\u00e9s | Eguesibarko Udala","og_description":"Luzera: 9,7 kilometro. Desnibela: 370 metro. Denbora: 3,5 ordu. Zailtasuna: Ertaina. Elementu interesgarriak: Ibirikuko San Joan Bataiatzailearen eliza, Etxalazko Jaurerriko jauregia, Eliako Jasokunde eliza, erreka bazterretako landaretza, pinudiak (larizio pinua eta pinu gorria). Ibilbidearen zatirik garaienean Eguesibarraren ikuspegi zabalak daude, eta egun argietan Pirinioak ere ikus daitezke.Ibilbidean zehar aipatutako herriguneak, bazkalekuak, Urbi ibaiaren bazterretako landaretza [&hellip;]","og_url":"https:\/\/www.valledeegues.com\/eu\/04-ibilbidea-ibiriku-etxalatz-elia-ibiriku\/","og_site_name":"Ayuntamiento Valle de Eg\u00fc\u00e9s | Eguesibarko Udala","article_publisher":"https:\/\/www.facebook.com\/EguesEguesibar","article_modified_time":"2026-04-21T22:36:01+00:00","twitter_card":"summary_large_image","twitter_site":"@AValledeEgues","twitter_misc":{"Est. reading time":"1 minute"},"schema":{"@context":"https:\/\/schema.org","@graph":[{"@type":"WebPage","@id":"https:\/\/www.valledeegues.com\/eu\/04-ibilbidea-ibiriku-etxalatz-elia-ibiriku\/","url":"https:\/\/www.valledeegues.com\/eu\/04-ibilbidea-ibiriku-etxalatz-elia-ibiriku\/","name":"04. IBILBIDEA: IBIRIKU \u2013 ETXALATZ \u2013 ELIA \u2013 IBIRIKU - Ayuntamiento Valle de Eg\u00fc\u00e9s | Eguesibarko Udala","isPartOf":{"@id":"https:\/\/www.valledeegues.com\/eu\/#website"},"datePublished":"2018-09-25T10:21:38+00:00","dateModified":"2026-04-21T22:36:01+00:00","breadcrumb":{"@id":"https:\/\/www.valledeegues.com\/eu\/04-ibilbidea-ibiriku-etxalatz-elia-ibiriku\/#breadcrumb"},"inLanguage":"eu-ES","potentialAction":[{"@type":"ReadAction","target":["https:\/\/www.valledeegues.com\/eu\/04-ibilbidea-ibiriku-etxalatz-elia-ibiriku\/"]}]},{"@type":"BreadcrumbList","@id":"https:\/\/www.valledeegues.com\/eu\/04-ibilbidea-ibiriku-etxalatz-elia-ibiriku\/#breadcrumb","itemListElement":[{"@type":"ListItem","position":1,"name":"Azala","item":"https:\/\/www.valledeegues.com\/eu\/"},{"@type":"ListItem","position":2,"name":"04. IBILBIDEA: IBIRIKU \u2013 ETXALATZ \u2013 ELIA \u2013 IBIRIKU"}]},{"@type":"WebSite","@id":"https:\/\/www.valledeegues.com\/eu\/#website","url":"https:\/\/www.valledeegues.com\/eu\/","name":"Ayuntamiento Valle de Eg\u00fc\u00e9s | Eguesibarko Udala","description":"Ayuntamiento Valle de Eg\u00fc\u00e9s | Eguesibarko Udala","publisher":{"@id":"https:\/\/www.valledeegues.com\/eu\/#organization"},"potentialAction":[{"@type":"SearchAction","target":{"@type":"EntryPoint","urlTemplate":"https:\/\/www.valledeegues.com\/eu\/?s={search_term_string}"},"query-input":{"@type":"PropertyValueSpecification","valueRequired":true,"valueName":"search_term_string"}}],"inLanguage":"eu-ES"},{"@type":"Organization","@id":"https:\/\/www.valledeegues.com\/eu\/#organization","name":"Ayuntamiento Valle de Egues","url":"https:\/\/www.valledeegues.com\/eu\/","logo":{"@type":"ImageObject","inLanguage":"eu-ES","@id":"https:\/\/www.valledeegues.com\/eu\/#\/schema\/logo\/image\/","url":"https:\/\/www.valledeegues.com\/wp-content\/uploads\/2019\/06\/logo-egues-escudo.svg","contentUrl":"https:\/\/www.valledeegues.com\/wp-content\/uploads\/2019\/06\/logo-egues-escudo.svg","width":529,"height":125,"caption":"Ayuntamiento Valle de Egues"},"image":{"@id":"https:\/\/www.valledeegues.com\/eu\/#\/schema\/logo\/image\/"},"sameAs":["https:\/\/www.facebook.com\/EguesEguesibar","https:\/\/x.com\/AValledeEgues","https:\/\/www.youtube.com\/channel\/UCUPvmkTy56ZAhGTVrzg4uDQ"]}]}},"_links":{"self":[{"href":"https:\/\/www.valledeegues.com\/eu\/wp-json\/wp\/v2\/pages\/10026","targetHints":{"allow":["GET"]}}],"collection":[{"href":"https:\/\/www.valledeegues.com\/eu\/wp-json\/wp\/v2\/pages"}],"about":[{"href":"https:\/\/www.valledeegues.com\/eu\/wp-json\/wp\/v2\/types\/page"}],"author":[{"embeddable":true,"href":"https:\/\/www.valledeegues.com\/eu\/wp-json\/wp\/v2\/users\/2"}],"replies":[{"embeddable":true,"href":"https:\/\/www.valledeegues.com\/eu\/wp-json\/wp\/v2\/comments?post=10026"}],"version-history":[{"count":3,"href":"https:\/\/www.valledeegues.com\/eu\/wp-json\/wp\/v2\/pages\/10026\/revisions"}],"predecessor-version":[{"id":46047,"href":"https:\/\/www.valledeegues.com\/eu\/wp-json\/wp\/v2\/pages\/10026\/revisions\/46047"}],"wp:attachment":[{"href":"https:\/\/www.valledeegues.com\/eu\/wp-json\/wp\/v2\/media?parent=10026"}],"curies":[{"name":"wp","href":"https:\/\/api.w.org\/{rel}","templated":true}]}}