{"id":10023,"date":"2018-09-25T12:20:10","date_gmt":"2018-09-25T10:20:10","guid":{"rendered":"https:\/\/www.valledeegues.com\/recurso_turistico_cp\/itinerario-03-elcano-sagaseta-ibiricu-egues\/"},"modified":"2026-04-22T00:34:24","modified_gmt":"2026-04-21T22:34:24","slug":"03-ibilbidea-elkano-sagaseta-ibiriku-egues","status":"publish","type":"page","link":"https:\/\/www.valledeegues.com\/eu\/03-ibilbidea-elkano-sagaseta-ibiriku-egues\/","title":{"rendered":"03. IBILBIDEA: ELKANO \u2013 SAGASETA \u2013 IBIRIKU \u2013 EGUES"},"content":{"rendered":"<?xml encoding=\"utf-8\" ?><p><a href=\"wp-content\/uploads\/2018\/09\/itinerario-03-egues.jpg\" class=\"doc-link doc-jpg doc-group-image\"><img loading=\"lazy\" decoding=\"async\" class=\"aligncenter size-full wp-image-4254\" src=\"wp-content\/uploads\/2018\/09\/itinerario-03-egues.jpg\" alt=\"itinerario-03-egues\" width=\"900\" height=\"900\" srcset=\"https:\/\/www.valledeegues.com\/wp-content\/uploads\/2018\/09\/itinerario-03-egues.jpg 900w, https:\/\/www.valledeegues.com\/wp-content\/uploads\/2018\/09\/itinerario-03-egues-300x300.jpg 300w, https:\/\/www.valledeegues.com\/wp-content\/uploads\/2018\/09\/itinerario-03-egues-768x768.jpg 768w, https:\/\/www.valledeegues.com\/wp-content\/uploads\/2018\/09\/itinerario-03-egues-1024x1024.jpg 1024w, https:\/\/www.valledeegues.com\/wp-content\/uploads\/2018\/09\/itinerario-03-egues-1320x1320.jpg 1320w\" sizes=\"auto, (max-width: 900px) 100vw, 900px\"><\/a><\/p><ul>\n<li><strong>Luzera:<\/strong> 13 kilometro.<\/li>\n<li><strong>Desnibela:<\/strong> 410 metro.<\/li>\n<li><strong>Denbora:<\/strong> 4,5 ordu.<\/li>\n<li><strong>Zailtasuna:<\/strong> Ertaina.<\/li>\n<li><strong>Elementu interesgarriak:<\/strong> Elkanoko eliza, Sagasetako eliza, Ibirikuko San Joan Bataiatzailearen eliza, Egulbatiko Jaurerria, pinu gorriko eta pinu larizioko pinudiak.<\/li>\n<\/ul><p>Ibilbideak ikuspegi bikainak eskaintzen ditu, bai hegoaldera (Eguesibar aldera) bai iparraldera (Esteribar aldera). Egun garbietan, Pirinioetako ikuspegi ikusgarria ere agertzen da.<\/p><p>Paisaia eta ingurumen aldetik oso aberatsa da, eta ibilbidean zehar alorrak, larreak eta bazkalekuak ikus daitezke, baita larizio pinuz eta pinu gorriz osatutako pinudiak ere, bereziki Egulbatiko Jaurerrian, oso egoera onean kontserbatuak.<\/p><p>Ibilbidea Elkanotik hasten da, NA-2374 errepidetik Sagasetara iritsiz. Bertan, Erbaluz mendiko magaletatik igotzen den hormigoizko pista hartzen da, larre eta bazkalekuen artean, 728,5 metroko altueran dagoen bidegurutzeraino.<\/p><p>Puntu horretan eskuineko pista hartzen da iparrerantz, Egulbatiko pinudietan sartuz. Pinudietatik irtetean, hegoalderako ikuspegi zabalak agertzen dira, eta handik gutxira berriro basoan sartuta, pixkanaka igotzen da 855 metroko lepo txiki batera, Eguesibar eta Esteribar aldetako ikuspegi bikainak eskainiz.<\/p><p>Ondoren, pixkanaka igotzen jarraitzen da 915 metroko garaierara iritsi arte, ekialderantz eta gero hegoalderantz eginez. Uren banalerroan dauden soilguneetara iristean, Pirinioetarako ikuspegi zabala agertzen da.<\/p><p>Ibilbideak aurrera jarraitzen du bidegurutze batera iritsi arte, eta han hego-mendebaldera doan pista hartzen da (Eliako pinudien artean), pixkanaka igotzen jarraituz 925 metroko altuerara.<\/p><p>Hemendik aurrera etengabeko jaitsiera hasten da pinudien artean, Ibirikuko lurretan basotik irten arte. Ondoren, beherantz jarraitzen da Akarregiko bidera iritsi arte, eta hortik Ibirikura heltzen da. Azkenik, Ibirikutik Elkanora itzultzen da NA-2374 errepidetik.<\/p>\n","protected":false},"excerpt":{"rendered":"<p>Luzera: 13 kilometro. Desnibela: 410 metro. Denbora: 4,5 ordu. Zailtasuna: Ertaina. Elementu interesgarriak: Elkanoko eliza, Sagasetako eliza, Ibirikuko San Joan Bataiatzailearen eliza, Egulbatiko Jaurerria, pinu gorriko eta pinu larizioko pinudiak. Ibilbideak ikuspegi bikainak eskaintzen ditu, bai hegoaldera (Eguesibar aldera) bai iparraldera (Esteribar aldera). Egun garbietan, Pirinioetako ikuspegi ikusgarria ere agertzen da.Paisaia eta ingurumen aldetik oso [&hellip;]<\/p>\n","protected":false},"author":2,"featured_media":0,"parent":0,"menu_order":0,"comment_status":"closed","ping_status":"closed","template":"","meta":{"footnotes":""},"class_list":["post-10023","page","type-page","status-publish","hentry"],"yoast_head":"<!-- This site is optimized with the Yoast SEO plugin v27.5 - https:\/\/yoast.com\/product\/yoast-seo-wordpress\/ -->\r\n<title>03. IBILBIDEA: ELKANO \u2013 SAGASETA \u2013 IBIRIKU \u2013 EGUES - Ayuntamiento Valle de Eg\u00fc\u00e9s | Eguesibarko Udala<\/title>\r\n<meta name=\"robots\" content=\"index, follow, max-snippet:-1, max-image-preview:large, max-video-preview:-1\" \/>\r\n<link rel=\"canonical\" href=\"https:\/\/www.valledeegues.com\/eu\/03-ibilbidea-elkano-sagaseta-ibiriku-egues\/\" \/>\r\n<meta property=\"og:locale\" content=\"eu_ES\" \/>\r\n<meta property=\"og:type\" content=\"article\" \/>\r\n<meta property=\"og:title\" content=\"03. IBILBIDEA: ELKANO \u2013 SAGASETA \u2013 IBIRIKU \u2013 EGUES - Ayuntamiento Valle de Eg\u00fc\u00e9s | Eguesibarko Udala\" \/>\r\n<meta property=\"og:description\" content=\"Luzera: 13 kilometro. Desnibela: 410 metro. Denbora: 4,5 ordu. Zailtasuna: Ertaina. Elementu interesgarriak: Elkanoko eliza, Sagasetako eliza, Ibirikuko San Joan Bataiatzailearen eliza, Egulbatiko Jaurerria, pinu gorriko eta pinu larizioko pinudiak. Ibilbideak ikuspegi bikainak eskaintzen ditu, bai hegoaldera (Eguesibar aldera) bai iparraldera (Esteribar aldera). Egun garbietan, Pirinioetako ikuspegi ikusgarria ere agertzen da.Paisaia eta ingurumen aldetik oso [&hellip;]\" \/>\r\n<meta property=\"og:url\" content=\"https:\/\/www.valledeegues.com\/eu\/03-ibilbidea-elkano-sagaseta-ibiriku-egues\/\" \/>\r\n<meta property=\"og:site_name\" content=\"Ayuntamiento Valle de Eg\u00fc\u00e9s | Eguesibarko Udala\" \/>\r\n<meta property=\"article:publisher\" content=\"https:\/\/www.facebook.com\/EguesEguesibar\" \/>\r\n<meta property=\"article:modified_time\" content=\"2026-04-21T22:34:24+00:00\" \/>\r\n<meta name=\"twitter:card\" content=\"summary_large_image\" \/>\r\n<meta name=\"twitter:site\" content=\"@AValledeEgues\" \/>\r\n<meta name=\"twitter:label1\" content=\"Est. reading time\" \/>\n\t<meta name=\"twitter:data1\" content=\"1 minute\" \/>\r\n<script type=\"application\/ld+json\" class=\"yoast-schema-graph\">{\"@context\":\"https:\\\/\\\/schema.org\",\"@graph\":[{\"@type\":\"WebPage\",\"@id\":\"https:\\\/\\\/www.valledeegues.com\\\/eu\\\/03-ibilbidea-elkano-sagaseta-ibiriku-egues\\\/\",\"url\":\"https:\\\/\\\/www.valledeegues.com\\\/eu\\\/03-ibilbidea-elkano-sagaseta-ibiriku-egues\\\/\",\"name\":\"03. IBILBIDEA: ELKANO \u2013 SAGASETA \u2013 IBIRIKU \u2013 EGUES - Ayuntamiento Valle de Eg\u00fc\u00e9s | Eguesibarko Udala\",\"isPartOf\":{\"@id\":\"https:\\\/\\\/www.valledeegues.com\\\/eu\\\/#website\"},\"datePublished\":\"2018-09-25T10:20:10+00:00\",\"dateModified\":\"2026-04-21T22:34:24+00:00\",\"breadcrumb\":{\"@id\":\"https:\\\/\\\/www.valledeegues.com\\\/eu\\\/03-ibilbidea-elkano-sagaseta-ibiriku-egues\\\/#breadcrumb\"},\"inLanguage\":\"eu-ES\",\"potentialAction\":[{\"@type\":\"ReadAction\",\"target\":[\"https:\\\/\\\/www.valledeegues.com\\\/eu\\\/03-ibilbidea-elkano-sagaseta-ibiriku-egues\\\/\"]}]},{\"@type\":\"BreadcrumbList\",\"@id\":\"https:\\\/\\\/www.valledeegues.com\\\/eu\\\/03-ibilbidea-elkano-sagaseta-ibiriku-egues\\\/#breadcrumb\",\"itemListElement\":[{\"@type\":\"ListItem\",\"position\":1,\"name\":\"Azala\",\"item\":\"https:\\\/\\\/www.valledeegues.com\\\/eu\\\/\"},{\"@type\":\"ListItem\",\"position\":2,\"name\":\"03. IBILBIDEA: ELKANO \u2013 SAGASETA \u2013 IBIRIKU \u2013 EGUES\"}]},{\"@type\":\"WebSite\",\"@id\":\"https:\\\/\\\/www.valledeegues.com\\\/eu\\\/#website\",\"url\":\"https:\\\/\\\/www.valledeegues.com\\\/eu\\\/\",\"name\":\"Ayuntamiento Valle de Eg\u00fc\u00e9s | Eguesibarko Udala\",\"description\":\"Ayuntamiento Valle de Eg\u00fc\u00e9s | Eguesibarko Udala\",\"publisher\":{\"@id\":\"https:\\\/\\\/www.valledeegues.com\\\/eu\\\/#organization\"},\"potentialAction\":[{\"@type\":\"SearchAction\",\"target\":{\"@type\":\"EntryPoint\",\"urlTemplate\":\"https:\\\/\\\/www.valledeegues.com\\\/eu\\\/?s={search_term_string}\"},\"query-input\":{\"@type\":\"PropertyValueSpecification\",\"valueRequired\":true,\"valueName\":\"search_term_string\"}}],\"inLanguage\":\"eu-ES\"},{\"@type\":\"Organization\",\"@id\":\"https:\\\/\\\/www.valledeegues.com\\\/eu\\\/#organization\",\"name\":\"Ayuntamiento Valle de Egues\",\"url\":\"https:\\\/\\\/www.valledeegues.com\\\/eu\\\/\",\"logo\":{\"@type\":\"ImageObject\",\"inLanguage\":\"eu-ES\",\"@id\":\"https:\\\/\\\/www.valledeegues.com\\\/eu\\\/#\\\/schema\\\/logo\\\/image\\\/\",\"url\":\"https:\\\/\\\/www.valledeegues.com\\\/wp-content\\\/uploads\\\/2019\\\/06\\\/logo-egues-escudo.svg\",\"contentUrl\":\"https:\\\/\\\/www.valledeegues.com\\\/wp-content\\\/uploads\\\/2019\\\/06\\\/logo-egues-escudo.svg\",\"width\":529,\"height\":125,\"caption\":\"Ayuntamiento Valle de Egues\"},\"image\":{\"@id\":\"https:\\\/\\\/www.valledeegues.com\\\/eu\\\/#\\\/schema\\\/logo\\\/image\\\/\"},\"sameAs\":[\"https:\\\/\\\/www.facebook.com\\\/EguesEguesibar\",\"https:\\\/\\\/x.com\\\/AValledeEgues\",\"https:\\\/\\\/www.youtube.com\\\/channel\\\/UCUPvmkTy56ZAhGTVrzg4uDQ\"]}]}<\/script>\r\n<!-- \/ Yoast SEO plugin. -->","yoast_head_json":{"title":"03. IBILBIDEA: ELKANO \u2013 SAGASETA \u2013 IBIRIKU \u2013 EGUES - Ayuntamiento Valle de Eg\u00fc\u00e9s | Eguesibarko Udala","robots":{"index":"index","follow":"follow","max-snippet":"max-snippet:-1","max-image-preview":"max-image-preview:large","max-video-preview":"max-video-preview:-1"},"canonical":"https:\/\/www.valledeegues.com\/eu\/03-ibilbidea-elkano-sagaseta-ibiriku-egues\/","og_locale":"eu_ES","og_type":"article","og_title":"03. IBILBIDEA: ELKANO \u2013 SAGASETA \u2013 IBIRIKU \u2013 EGUES - Ayuntamiento Valle de Eg\u00fc\u00e9s | Eguesibarko Udala","og_description":"Luzera: 13 kilometro. Desnibela: 410 metro. Denbora: 4,5 ordu. Zailtasuna: Ertaina. Elementu interesgarriak: Elkanoko eliza, Sagasetako eliza, Ibirikuko San Joan Bataiatzailearen eliza, Egulbatiko Jaurerria, pinu gorriko eta pinu larizioko pinudiak. Ibilbideak ikuspegi bikainak eskaintzen ditu, bai hegoaldera (Eguesibar aldera) bai iparraldera (Esteribar aldera). Egun garbietan, Pirinioetako ikuspegi ikusgarria ere agertzen da.Paisaia eta ingurumen aldetik oso [&hellip;]","og_url":"https:\/\/www.valledeegues.com\/eu\/03-ibilbidea-elkano-sagaseta-ibiriku-egues\/","og_site_name":"Ayuntamiento Valle de Eg\u00fc\u00e9s | Eguesibarko Udala","article_publisher":"https:\/\/www.facebook.com\/EguesEguesibar","article_modified_time":"2026-04-21T22:34:24+00:00","twitter_card":"summary_large_image","twitter_site":"@AValledeEgues","twitter_misc":{"Est. reading time":"1 minute"},"schema":{"@context":"https:\/\/schema.org","@graph":[{"@type":"WebPage","@id":"https:\/\/www.valledeegues.com\/eu\/03-ibilbidea-elkano-sagaseta-ibiriku-egues\/","url":"https:\/\/www.valledeegues.com\/eu\/03-ibilbidea-elkano-sagaseta-ibiriku-egues\/","name":"03. IBILBIDEA: ELKANO \u2013 SAGASETA \u2013 IBIRIKU \u2013 EGUES - Ayuntamiento Valle de Eg\u00fc\u00e9s | Eguesibarko Udala","isPartOf":{"@id":"https:\/\/www.valledeegues.com\/eu\/#website"},"datePublished":"2018-09-25T10:20:10+00:00","dateModified":"2026-04-21T22:34:24+00:00","breadcrumb":{"@id":"https:\/\/www.valledeegues.com\/eu\/03-ibilbidea-elkano-sagaseta-ibiriku-egues\/#breadcrumb"},"inLanguage":"eu-ES","potentialAction":[{"@type":"ReadAction","target":["https:\/\/www.valledeegues.com\/eu\/03-ibilbidea-elkano-sagaseta-ibiriku-egues\/"]}]},{"@type":"BreadcrumbList","@id":"https:\/\/www.valledeegues.com\/eu\/03-ibilbidea-elkano-sagaseta-ibiriku-egues\/#breadcrumb","itemListElement":[{"@type":"ListItem","position":1,"name":"Azala","item":"https:\/\/www.valledeegues.com\/eu\/"},{"@type":"ListItem","position":2,"name":"03. IBILBIDEA: ELKANO \u2013 SAGASETA \u2013 IBIRIKU \u2013 EGUES"}]},{"@type":"WebSite","@id":"https:\/\/www.valledeegues.com\/eu\/#website","url":"https:\/\/www.valledeegues.com\/eu\/","name":"Ayuntamiento Valle de Eg\u00fc\u00e9s | Eguesibarko Udala","description":"Ayuntamiento Valle de Eg\u00fc\u00e9s | Eguesibarko Udala","publisher":{"@id":"https:\/\/www.valledeegues.com\/eu\/#organization"},"potentialAction":[{"@type":"SearchAction","target":{"@type":"EntryPoint","urlTemplate":"https:\/\/www.valledeegues.com\/eu\/?s={search_term_string}"},"query-input":{"@type":"PropertyValueSpecification","valueRequired":true,"valueName":"search_term_string"}}],"inLanguage":"eu-ES"},{"@type":"Organization","@id":"https:\/\/www.valledeegues.com\/eu\/#organization","name":"Ayuntamiento Valle de Egues","url":"https:\/\/www.valledeegues.com\/eu\/","logo":{"@type":"ImageObject","inLanguage":"eu-ES","@id":"https:\/\/www.valledeegues.com\/eu\/#\/schema\/logo\/image\/","url":"https:\/\/www.valledeegues.com\/wp-content\/uploads\/2019\/06\/logo-egues-escudo.svg","contentUrl":"https:\/\/www.valledeegues.com\/wp-content\/uploads\/2019\/06\/logo-egues-escudo.svg","width":529,"height":125,"caption":"Ayuntamiento Valle de Egues"},"image":{"@id":"https:\/\/www.valledeegues.com\/eu\/#\/schema\/logo\/image\/"},"sameAs":["https:\/\/www.facebook.com\/EguesEguesibar","https:\/\/x.com\/AValledeEgues","https:\/\/www.youtube.com\/channel\/UCUPvmkTy56ZAhGTVrzg4uDQ"]}]}},"_links":{"self":[{"href":"https:\/\/www.valledeegues.com\/eu\/wp-json\/wp\/v2\/pages\/10023","targetHints":{"allow":["GET"]}}],"collection":[{"href":"https:\/\/www.valledeegues.com\/eu\/wp-json\/wp\/v2\/pages"}],"about":[{"href":"https:\/\/www.valledeegues.com\/eu\/wp-json\/wp\/v2\/types\/page"}],"author":[{"embeddable":true,"href":"https:\/\/www.valledeegues.com\/eu\/wp-json\/wp\/v2\/users\/2"}],"replies":[{"embeddable":true,"href":"https:\/\/www.valledeegues.com\/eu\/wp-json\/wp\/v2\/comments?post=10023"}],"version-history":[{"count":3,"href":"https:\/\/www.valledeegues.com\/eu\/wp-json\/wp\/v2\/pages\/10023\/revisions"}],"predecessor-version":[{"id":46044,"href":"https:\/\/www.valledeegues.com\/eu\/wp-json\/wp\/v2\/pages\/10023\/revisions\/46044"}],"wp:attachment":[{"href":"https:\/\/www.valledeegues.com\/eu\/wp-json\/wp\/v2\/media?parent=10023"}],"curies":[{"name":"wp","href":"https:\/\/api.w.org\/{rel}","templated":true}]}}