{"id":10017,"date":"2018-09-25T12:13:56","date_gmt":"2018-09-25T10:13:56","guid":{"rendered":"https:\/\/www.valledeegues.com\/recurso_turistico_cp\/itinerario-01-elcano-alzuza-egues-elcano\/"},"modified":"2026-04-22T00:30:06","modified_gmt":"2026-04-21T22:30:06","slug":"01-ibilbidea-elkano-altzuza-egues-elkano","status":"publish","type":"page","link":"https:\/\/www.valledeegues.com\/eu\/01-ibilbidea-elkano-altzuza-egues-elkano\/","title":{"rendered":"01. ibilbidea: ELKANO \u2013 ALTZUZA \u2013 EGUES \u2013 ELKANO"},"content":{"rendered":"<?xml encoding=\"utf-8\" ?><p><a href=\"wp-content\/uploads\/2018\/09\/itinerario-01-egues.jpg\" class=\"doc-link doc-jpg doc-group-image\"><img loading=\"lazy\" decoding=\"async\" class=\"aligncenter size-full wp-image-4260\" src=\"wp-content\/uploads\/2018\/09\/itinerario-01-egues.jpg\" alt=\"itinerario-01-egues\" width=\"900\" height=\"554\" srcset=\"https:\/\/www.valledeegues.com\/wp-content\/uploads\/2018\/09\/itinerario-01-egues.jpg 900w, https:\/\/www.valledeegues.com\/wp-content\/uploads\/2018\/09\/itinerario-01-egues-768x472.jpg 768w, https:\/\/www.valledeegues.com\/wp-content\/uploads\/2018\/09\/itinerario-01-egues-1320x812.jpg 1320w\" sizes=\"auto, (max-width: 900px) 100vw, 900px\"><\/a><\/p><ul>\n<li><strong>Luzera:<\/strong> 4 kilometro.<\/li>\n<li><strong>Desnibela:<\/strong> 45 metro.<\/li>\n<li><strong>Denbora:<\/strong> Ordubetea.<\/li>\n<li><strong>Zailtasuna:<\/strong> Erraza.<\/li>\n<li><strong>Elementu interesgarriak:<\/strong> Elkanoko Santa Eufemia baseliza, Altzuzako San Esteban eliza eta Jorge Oteiza Museoa. Naturari begira, zereal alorrak eta Azketako erreka bazterreko landaretza Altzuzan.<\/li>\n<li><strong>Zuhaitzak:<\/strong> makal beltza, zumarra eta zume zuria.<\/li>\n<\/ul><p>Oro har, ibilbidean hiri tarteak (Altzuzako eta Elkanoko urbanizazioak) eta nekazaritza-lurrak (batez ere zereal alorrak) tartekatzen dira.<\/p><p>Ibilbidea Elkanotik hasten da, iparraldean Ubarmin Klinikarekin mugakide den bidean barna. Tarte horretan bidea guztiz laua da.<\/p><p>Elkanoko Kontzejuaren lurrak utzi eta Altzuzara sartu aurretik, pista lurrezko eta harrizko bidexka bihurtzen da; erreka zeharkatu eta ur-ponpaketa estazioraino iristen da, eta handik Altzuzako errepidera.<\/p><p>Errepidean tarte labur bat egin ondoren, Altzuzako urbanizazioaren ekialdetik doan lurrezko bidexka estu bat hartzen da, Landazelaiako bidera iristeko. Ondoren, Besaleko bidetik Eguesera heltzen da. Azkenik, Eguesko hirigunearen iparraldeko mugatik, barneko errepidetik, abiapuntura itzultzen da.<\/p>\n","protected":false},"excerpt":{"rendered":"<p>Luzera: 4 kilometro. Desnibela: 45 metro. Denbora: Ordubetea. Zailtasuna: Erraza. Elementu interesgarriak: Elkanoko Santa Eufemia baseliza, Altzuzako San Esteban eliza eta Jorge Oteiza Museoa. Naturari begira, zereal alorrak eta Azketako erreka bazterreko landaretza Altzuzan. Zuhaitzak: makal beltza, zumarra eta zume zuria. Oro har, ibilbidean hiri tarteak (Altzuzako eta Elkanoko urbanizazioak) eta nekazaritza-lurrak (batez ere zereal [&hellip;]<\/p>\n","protected":false},"author":2,"featured_media":0,"parent":0,"menu_order":0,"comment_status":"closed","ping_status":"closed","template":"","meta":{"footnotes":""},"class_list":["post-10017","page","type-page","status-publish","hentry"],"yoast_head":"<!-- This site is optimized with the Yoast SEO plugin v27.5 - https:\/\/yoast.com\/product\/yoast-seo-wordpress\/ -->\r\n<title>01. ibilbidea: ELKANO \u2013 ALTZUZA \u2013 EGUES \u2013 ELKANO - Ayuntamiento Valle de Eg\u00fc\u00e9s | Eguesibarko Udala<\/title>\r\n<meta name=\"robots\" content=\"index, follow, max-snippet:-1, max-image-preview:large, max-video-preview:-1\" \/>\r\n<link rel=\"canonical\" href=\"https:\/\/www.valledeegues.com\/eu\/01-ibilbidea-elkano-altzuza-egues-elkano\/\" \/>\r\n<meta property=\"og:locale\" content=\"eu_ES\" \/>\r\n<meta property=\"og:type\" content=\"article\" \/>\r\n<meta property=\"og:title\" content=\"01. ibilbidea: ELKANO \u2013 ALTZUZA \u2013 EGUES \u2013 ELKANO - Ayuntamiento Valle de Eg\u00fc\u00e9s | Eguesibarko Udala\" \/>\r\n<meta property=\"og:description\" content=\"Luzera: 4 kilometro. Desnibela: 45 metro. Denbora: Ordubetea. Zailtasuna: Erraza. Elementu interesgarriak: Elkanoko Santa Eufemia baseliza, Altzuzako San Esteban eliza eta Jorge Oteiza Museoa. Naturari begira, zereal alorrak eta Azketako erreka bazterreko landaretza Altzuzan. Zuhaitzak: makal beltza, zumarra eta zume zuria. Oro har, ibilbidean hiri tarteak (Altzuzako eta Elkanoko urbanizazioak) eta nekazaritza-lurrak (batez ere zereal [&hellip;]\" \/>\r\n<meta property=\"og:url\" content=\"https:\/\/www.valledeegues.com\/eu\/01-ibilbidea-elkano-altzuza-egues-elkano\/\" \/>\r\n<meta property=\"og:site_name\" content=\"Ayuntamiento Valle de Eg\u00fc\u00e9s | Eguesibarko Udala\" \/>\r\n<meta property=\"article:publisher\" content=\"https:\/\/www.facebook.com\/EguesEguesibar\" \/>\r\n<meta property=\"article:modified_time\" content=\"2026-04-21T22:30:06+00:00\" \/>\r\n<meta name=\"twitter:card\" content=\"summary_large_image\" \/>\r\n<meta name=\"twitter:site\" content=\"@AValledeEgues\" \/>\r\n<meta name=\"twitter:label1\" content=\"Est. reading time\" \/>\n\t<meta name=\"twitter:data1\" content=\"1 minute\" \/>\r\n<script type=\"application\/ld+json\" class=\"yoast-schema-graph\">{\"@context\":\"https:\\\/\\\/schema.org\",\"@graph\":[{\"@type\":\"WebPage\",\"@id\":\"https:\\\/\\\/www.valledeegues.com\\\/eu\\\/01-ibilbidea-elkano-altzuza-egues-elkano\\\/\",\"url\":\"https:\\\/\\\/www.valledeegues.com\\\/eu\\\/01-ibilbidea-elkano-altzuza-egues-elkano\\\/\",\"name\":\"01. ibilbidea: ELKANO \u2013 ALTZUZA \u2013 EGUES \u2013 ELKANO - Ayuntamiento Valle de Eg\u00fc\u00e9s | Eguesibarko Udala\",\"isPartOf\":{\"@id\":\"https:\\\/\\\/www.valledeegues.com\\\/eu\\\/#website\"},\"datePublished\":\"2018-09-25T10:13:56+00:00\",\"dateModified\":\"2026-04-21T22:30:06+00:00\",\"breadcrumb\":{\"@id\":\"https:\\\/\\\/www.valledeegues.com\\\/eu\\\/01-ibilbidea-elkano-altzuza-egues-elkano\\\/#breadcrumb\"},\"inLanguage\":\"eu-ES\",\"potentialAction\":[{\"@type\":\"ReadAction\",\"target\":[\"https:\\\/\\\/www.valledeegues.com\\\/eu\\\/01-ibilbidea-elkano-altzuza-egues-elkano\\\/\"]}]},{\"@type\":\"BreadcrumbList\",\"@id\":\"https:\\\/\\\/www.valledeegues.com\\\/eu\\\/01-ibilbidea-elkano-altzuza-egues-elkano\\\/#breadcrumb\",\"itemListElement\":[{\"@type\":\"ListItem\",\"position\":1,\"name\":\"Azala\",\"item\":\"https:\\\/\\\/www.valledeegues.com\\\/eu\\\/\"},{\"@type\":\"ListItem\",\"position\":2,\"name\":\"01. ibilbidea: ELKANO \u2013 ALTZUZA \u2013 EGUES \u2013 ELKANO\"}]},{\"@type\":\"WebSite\",\"@id\":\"https:\\\/\\\/www.valledeegues.com\\\/eu\\\/#website\",\"url\":\"https:\\\/\\\/www.valledeegues.com\\\/eu\\\/\",\"name\":\"Ayuntamiento Valle de Eg\u00fc\u00e9s | Eguesibarko Udala\",\"description\":\"Ayuntamiento Valle de Eg\u00fc\u00e9s | Eguesibarko Udala\",\"publisher\":{\"@id\":\"https:\\\/\\\/www.valledeegues.com\\\/eu\\\/#organization\"},\"potentialAction\":[{\"@type\":\"SearchAction\",\"target\":{\"@type\":\"EntryPoint\",\"urlTemplate\":\"https:\\\/\\\/www.valledeegues.com\\\/eu\\\/?s={search_term_string}\"},\"query-input\":{\"@type\":\"PropertyValueSpecification\",\"valueRequired\":true,\"valueName\":\"search_term_string\"}}],\"inLanguage\":\"eu-ES\"},{\"@type\":\"Organization\",\"@id\":\"https:\\\/\\\/www.valledeegues.com\\\/eu\\\/#organization\",\"name\":\"Ayuntamiento Valle de Egues\",\"url\":\"https:\\\/\\\/www.valledeegues.com\\\/eu\\\/\",\"logo\":{\"@type\":\"ImageObject\",\"inLanguage\":\"eu-ES\",\"@id\":\"https:\\\/\\\/www.valledeegues.com\\\/eu\\\/#\\\/schema\\\/logo\\\/image\\\/\",\"url\":\"https:\\\/\\\/www.valledeegues.com\\\/wp-content\\\/uploads\\\/2019\\\/06\\\/logo-egues-escudo.svg\",\"contentUrl\":\"https:\\\/\\\/www.valledeegues.com\\\/wp-content\\\/uploads\\\/2019\\\/06\\\/logo-egues-escudo.svg\",\"width\":529,\"height\":125,\"caption\":\"Ayuntamiento Valle de Egues\"},\"image\":{\"@id\":\"https:\\\/\\\/www.valledeegues.com\\\/eu\\\/#\\\/schema\\\/logo\\\/image\\\/\"},\"sameAs\":[\"https:\\\/\\\/www.facebook.com\\\/EguesEguesibar\",\"https:\\\/\\\/x.com\\\/AValledeEgues\",\"https:\\\/\\\/www.youtube.com\\\/channel\\\/UCUPvmkTy56ZAhGTVrzg4uDQ\"]}]}<\/script>\r\n<!-- \/ Yoast SEO plugin. -->","yoast_head_json":{"title":"01. ibilbidea: ELKANO \u2013 ALTZUZA \u2013 EGUES \u2013 ELKANO - Ayuntamiento Valle de Eg\u00fc\u00e9s | Eguesibarko Udala","robots":{"index":"index","follow":"follow","max-snippet":"max-snippet:-1","max-image-preview":"max-image-preview:large","max-video-preview":"max-video-preview:-1"},"canonical":"https:\/\/www.valledeegues.com\/eu\/01-ibilbidea-elkano-altzuza-egues-elkano\/","og_locale":"eu_ES","og_type":"article","og_title":"01. ibilbidea: ELKANO \u2013 ALTZUZA \u2013 EGUES \u2013 ELKANO - Ayuntamiento Valle de Eg\u00fc\u00e9s | Eguesibarko Udala","og_description":"Luzera: 4 kilometro. Desnibela: 45 metro. Denbora: Ordubetea. Zailtasuna: Erraza. Elementu interesgarriak: Elkanoko Santa Eufemia baseliza, Altzuzako San Esteban eliza eta Jorge Oteiza Museoa. Naturari begira, zereal alorrak eta Azketako erreka bazterreko landaretza Altzuzan. Zuhaitzak: makal beltza, zumarra eta zume zuria. Oro har, ibilbidean hiri tarteak (Altzuzako eta Elkanoko urbanizazioak) eta nekazaritza-lurrak (batez ere zereal [&hellip;]","og_url":"https:\/\/www.valledeegues.com\/eu\/01-ibilbidea-elkano-altzuza-egues-elkano\/","og_site_name":"Ayuntamiento Valle de Eg\u00fc\u00e9s | Eguesibarko Udala","article_publisher":"https:\/\/www.facebook.com\/EguesEguesibar","article_modified_time":"2026-04-21T22:30:06+00:00","twitter_card":"summary_large_image","twitter_site":"@AValledeEgues","twitter_misc":{"Est. reading time":"1 minute"},"schema":{"@context":"https:\/\/schema.org","@graph":[{"@type":"WebPage","@id":"https:\/\/www.valledeegues.com\/eu\/01-ibilbidea-elkano-altzuza-egues-elkano\/","url":"https:\/\/www.valledeegues.com\/eu\/01-ibilbidea-elkano-altzuza-egues-elkano\/","name":"01. ibilbidea: ELKANO \u2013 ALTZUZA \u2013 EGUES \u2013 ELKANO - Ayuntamiento Valle de Eg\u00fc\u00e9s | Eguesibarko Udala","isPartOf":{"@id":"https:\/\/www.valledeegues.com\/eu\/#website"},"datePublished":"2018-09-25T10:13:56+00:00","dateModified":"2026-04-21T22:30:06+00:00","breadcrumb":{"@id":"https:\/\/www.valledeegues.com\/eu\/01-ibilbidea-elkano-altzuza-egues-elkano\/#breadcrumb"},"inLanguage":"eu-ES","potentialAction":[{"@type":"ReadAction","target":["https:\/\/www.valledeegues.com\/eu\/01-ibilbidea-elkano-altzuza-egues-elkano\/"]}]},{"@type":"BreadcrumbList","@id":"https:\/\/www.valledeegues.com\/eu\/01-ibilbidea-elkano-altzuza-egues-elkano\/#breadcrumb","itemListElement":[{"@type":"ListItem","position":1,"name":"Azala","item":"https:\/\/www.valledeegues.com\/eu\/"},{"@type":"ListItem","position":2,"name":"01. ibilbidea: ELKANO \u2013 ALTZUZA \u2013 EGUES \u2013 ELKANO"}]},{"@type":"WebSite","@id":"https:\/\/www.valledeegues.com\/eu\/#website","url":"https:\/\/www.valledeegues.com\/eu\/","name":"Ayuntamiento Valle de Eg\u00fc\u00e9s | Eguesibarko Udala","description":"Ayuntamiento Valle de Eg\u00fc\u00e9s | Eguesibarko Udala","publisher":{"@id":"https:\/\/www.valledeegues.com\/eu\/#organization"},"potentialAction":[{"@type":"SearchAction","target":{"@type":"EntryPoint","urlTemplate":"https:\/\/www.valledeegues.com\/eu\/?s={search_term_string}"},"query-input":{"@type":"PropertyValueSpecification","valueRequired":true,"valueName":"search_term_string"}}],"inLanguage":"eu-ES"},{"@type":"Organization","@id":"https:\/\/www.valledeegues.com\/eu\/#organization","name":"Ayuntamiento Valle de Egues","url":"https:\/\/www.valledeegues.com\/eu\/","logo":{"@type":"ImageObject","inLanguage":"eu-ES","@id":"https:\/\/www.valledeegues.com\/eu\/#\/schema\/logo\/image\/","url":"https:\/\/www.valledeegues.com\/wp-content\/uploads\/2019\/06\/logo-egues-escudo.svg","contentUrl":"https:\/\/www.valledeegues.com\/wp-content\/uploads\/2019\/06\/logo-egues-escudo.svg","width":529,"height":125,"caption":"Ayuntamiento Valle de Egues"},"image":{"@id":"https:\/\/www.valledeegues.com\/eu\/#\/schema\/logo\/image\/"},"sameAs":["https:\/\/www.facebook.com\/EguesEguesibar","https:\/\/x.com\/AValledeEgues","https:\/\/www.youtube.com\/channel\/UCUPvmkTy56ZAhGTVrzg4uDQ"]}]}},"_links":{"self":[{"href":"https:\/\/www.valledeegues.com\/eu\/wp-json\/wp\/v2\/pages\/10017","targetHints":{"allow":["GET"]}}],"collection":[{"href":"https:\/\/www.valledeegues.com\/eu\/wp-json\/wp\/v2\/pages"}],"about":[{"href":"https:\/\/www.valledeegues.com\/eu\/wp-json\/wp\/v2\/types\/page"}],"author":[{"embeddable":true,"href":"https:\/\/www.valledeegues.com\/eu\/wp-json\/wp\/v2\/users\/2"}],"replies":[{"embeddable":true,"href":"https:\/\/www.valledeegues.com\/eu\/wp-json\/wp\/v2\/comments?post=10017"}],"version-history":[{"count":3,"href":"https:\/\/www.valledeegues.com\/eu\/wp-json\/wp\/v2\/pages\/10017\/revisions"}],"predecessor-version":[{"id":46037,"href":"https:\/\/www.valledeegues.com\/eu\/wp-json\/wp\/v2\/pages\/10017\/revisions\/46037"}],"wp:attachment":[{"href":"https:\/\/www.valledeegues.com\/eu\/wp-json\/wp\/v2\/media?parent=10017"}],"curies":[{"name":"wp","href":"https:\/\/api.w.org\/{rel}","templated":true}]}}